{"id":9190,"date":"2025-06-18T20:21:17","date_gmt":"2025-06-18T12:21:17","guid":{"rendered":"https:\/\/www.hsymachinery.com\/?post_type=product&#038;p=9190"},"modified":"2025-06-28T22:36:18","modified_gmt":"2025-06-28T14:36:18","slug":"kaveleva-lastauslasta-pth-c60-90","status":"publish","type":"product","link":"https:\/\/www.hsymachinery.com\/fi\/tuote\/kaveleva-lastauslasta-pth-c60-90\/","title":{"rendered":"K\u00e4velytoiminen lastauslasta PTH-C60\/90"},"content":{"rendered":"<h2 data-start=\"138\" data-end=\"181\">K\u00e4velytoiminen lastauslasta PTH-C60\/90<\/h2>\n<h3 data-start=\"182\" data-end=\"288\">PTH-C60\/90 Dieselmoottorinen betonilapio | Kompakti ja tehokas viimeistely polttoaineherkille ty\u00f6maille.<\/h3>\n<h3 data-start=\"295\" data-end=\"386\">Tuotekuvaus - Kompakti dieselmoottorinen lastauslasta monipuoliseen betonin viimeistelyyn<a href=\"https:\/\/www.hsymachinery.com\/fi\/tuotteet\/kulkemaan-lastauslastan-takana\/\" target=\"_blank\" rel=\"noopener\"><img fetchpriority=\"high\" decoding=\"async\" class=\"wp-image-9191 alignright\" src=\"https:\/\/www.hsymachinery.com\/wp-content\/uploads\/2025\/06\/Walk-Behind-Power-Trowel-PTH-C60-244x300.jpg\" alt=\"\" width=\"451\" height=\"555\" srcset=\"https:\/\/www.hsymachinery.com\/wp-content\/uploads\/2025\/06\/Walk-Behind-Power-Trowel-PTH-C60-244x300.jpg 244w, https:\/\/www.hsymachinery.com\/wp-content\/uploads\/2025\/06\/Walk-Behind-Power-Trowel-PTH-C60.jpg 600w\" sizes=\"(max-width: 451px) 100vw, 451px\" \/><\/a><\/h3>\n<p data-start=\"388\" data-end=\"756\">The <strong data-start=\"392\" data-end=\"431\">PTH-C60\/90 K\u00e4velykelpoinen lastauslasta<\/strong> tarjoaa erinomaista betonipintojen viimeistelytehoa kompaktissa rungossa, jonka voimanl\u00e4hteen\u00e4 on luotettava dieselmoottori. T\u00e4m\u00e4 malli on suunniteltu ammattilaisille, jotka ty\u00f6skentelev\u00e4t alueilla, joilla bensiinin k\u00e4ytt\u00f6 on rajoitettua tai mahdotonta, ja siin\u00e4 yhdistyv\u00e4t polttoaineen joustavuus, v\u00e4\u00e4nt\u00f6momentin vakaus ja helppok\u00e4ytt\u00f6isyys yhdess\u00e4 tehokkaassa paketissa.<\/p>\n<p data-start=\"758\" data-end=\"1116\">PTH-C60\/90 on 60\/90 cm:n l\u00e4pimittainen, joten se on ketter\u00e4 ahtaissa paikoissa ja peitt\u00e4\u00e4 keskikokoisia laattoja, joten se soveltuu erinomaisesti monenlaisiin rakennusymp\u00e4rist\u00f6ihin. S\u00e4\u00e4dett\u00e4v\u00e4n ter\u00e4v\u00e4linjauksen ansiosta k\u00e4ytt\u00e4j\u00e4t voivat siirty\u00e4 sujuvasti kellutus- ja viimeistelyt\u00f6iden v\u00e4lill\u00e4, mik\u00e4 takaa tasaisen pintatuloksen.<\/p>\n<p data-start=\"1118\" data-end=\"1457\">Vankka vaihdelaatikko, vahvistettu turvarengas ja kest\u00e4v\u00e4t h\u00e4m\u00e4h\u00e4kkivarret takaavat koneen pitk\u00e4n k\u00e4ytt\u00f6i\u00e4n vaativassakin k\u00e4yt\u00f6ss\u00e4. Ergonominen, kokoontaitettava kahva minimoi kuljettajan v\u00e4symyst\u00e4 ja helpottaa kuljetusta, ja dieselmoottori takaa erinomaisen polttoainetalouden ja v\u00e4h\u00e4iset huoltotarpeet.<\/p>\n<h3 data-start=\"1464\" data-end=\"1526\">PTH-C60\/90 Diesel betonitehostelulaikan t\u00e4rkeimm\u00e4t ominaisuudet<\/h3>\n<ul data-start=\"1528\" data-end=\"1895\">\n<li data-start=\"1528\" data-end=\"1594\">\n<p data-start=\"1530\" data-end=\"1594\">Dieselmoottori, joka tuottaa suuren v\u00e4\u00e4nt\u00f6momentin ja pienen polttoaineenkulutuksen.<\/p>\n<\/li>\n<li data-start=\"1595\" data-end=\"1662\">\n<p data-start=\"1597\" data-end=\"1662\">60-90 cm:n lastan halkaisija sopii pieniin ja keskisuuriin laattat\u00f6ihin.<\/p>\n<\/li>\n<li data-start=\"1663\" data-end=\"1721\">\n<p data-start=\"1665\" data-end=\"1721\">S\u00e4\u00e4dett\u00e4v\u00e4 ter\u00e4v\u00e4litys monipuoliseen pintak\u00e4sittelyyn<\/p>\n<\/li>\n<li data-start=\"1722\" data-end=\"1774\">\n<p data-start=\"1724\" data-end=\"1774\">Kest\u00e4v\u00e4 vaihdelaatikko ja ter\u00e4varret pitk\u00e4aikaiseen k\u00e4ytt\u00f6\u00f6n<\/p>\n<\/li>\n<li data-start=\"1775\" data-end=\"1831\">\n<p data-start=\"1777\" data-end=\"1831\">Kokoontaitettava, t\u00e4rin\u00e4\u00e4 ehk\u00e4isev\u00e4 kahva k\u00e4ytt\u00f6mukavuutta lis\u00e4\u00e4v\u00e4 kahva<\/p>\n<\/li>\n<li data-start=\"1832\" data-end=\"1895\">\n<p data-start=\"1834\" data-end=\"1895\">Turvallinen ja tehokas ty\u00f6mailla, joilla on bensiinirajoituksia<\/p>\n<\/li>\n<\/ul>\n<h3 data-start=\"1902\" data-end=\"1988\">K\u00e4ytt\u00f6kohteet - Ihanteellinen asuinprojekteihin, sis\u00e4tiloihin tai polttoaines\u00e4\u00e4nneltyihin kohteisiin.<\/h3>\n<p data-start=\"1990\" data-end=\"2273\">PTH-C60\/90 toimii poikkeuksellisen hyvin asuinkohteissa, betonilattioilla sis\u00e4tiloissa ja paikoissa, joissa vaaditaan ainoastaan dieselpolttoaineen k\u00e4ytt\u00f6\u00e4. Sen kompaktin koon ja tehokkaan tehon ansiosta se sopii erinomaisesti autotallien tyynyihin, kuistin laattoihin, k\u00e4yt\u00e4viin ja korjaamoiden lattioihin.<\/p>\n<p data-start=\"2275\" data-end=\"2430\">Urakoitsijat arvostavat sen alhaisia polttoainekustannuksia, vakautta kuormitettuna ja kyky\u00e4 tehd\u00e4 ammattimaista pintak\u00e4sittely\u00e4 erilaisille betonipinnoille.<\/p>\n<p><iframe title=\"lastauslasta, k\u00e4sity\u00f6nt\u00f6voima lastauslasta, lastauslasta, betoni #lastauslasta #powertrowe#concrete\" width=\"720\" height=\"405\" src=\"https:\/\/www.youtube.com\/embed\/pa6AuNhMrwI?feature=oembed\" frameborder=\"0\" allow=\"accelerometer; autoplay; clipboard-write; encrypted-media; gyroscope; picture-in-picture; web-share\" referrerpolicy=\"strict-origin-when-cross-origin\" allowfullscreen><\/iframe><\/p>","protected":false},"excerpt":{"rendered":"<p>PTH-C60\/90 dieselmoottorilla varustettu k\u00e4velev\u00e4 lastauslaippa tarjoaa luotettavan ja polttoainetehokkaan pintak\u00e4sittelyn, joka on ihanteellinen pienille tai keskisuurille laatoille ja ty\u00f6maille, joilla on rajoitettu polttoaineenkulutus.<\/p>","protected":false},"featured_media":9191,"template":"","meta":{"_kad_post_transparent":"default","_kad_post_title":"","_kad_post_layout":"default","_kad_post_sidebar_id":"","_kad_post_content_style":"default","_kad_post_vertical_padding":"default","_kad_post_feature":"","_kad_post_feature_position":"","_kad_post_header":false,"_kad_post_footer":false},"product_brand":[],"product_cat":[55],"product_tag":[1084,1083,1087,1081,1086,1085,1089,1088,1090,1082],"class_list":{"0":"post-9190","1":"product","2":"type-product","3":"status-publish","4":"has-post-thumbnail","6":"product_cat-walk-behind-power-trowel","7":"product_tag-cement-power-trowel","8":"product_tag-concrete-finishing-trowel","9":"product_tag-concrete-floor-finishing-machine","10":"product_tag-concrete-power-trowel","11":"product_tag-electric-walk-behind-trowel","12":"product_tag-gasoline-power-trowel","13":"product_tag-hand-operated-power-trowel","14":"product_tag-manual-power-trowel","15":"product_tag-walk-behind-concrete-finishing-machine","16":"product_tag-walk-behind-trowel-machine","18":"first","19":"instock","20":"shipping-taxable","21":"product-type-simple","22":"entry","23":"content-bg","24":"loop-entry"},"yoast_head":"<!-- This site is optimized with the Yoast SEO plugin v25.3.1 - https:\/\/yoast.com\/wordpress\/plugins\/seo\/ -->\n<title>Walk-Behind Power Trowel PTH-C60\/90 - HSY Construction Machinery<\/title>\n<meta name=\"description\" content=\"Walk-Behind Power Trowel PTH-C60\/90 delivers efficient, precise slab finishing for fuel-restricted and indoor job sites. Compact, durable, and fuel-saving.\" \/>\n<meta name=\"robots\" content=\"index, follow, max-snippet:-1, max-image-preview:large, max-video-preview:-1\" \/>\n<link rel=\"canonical\" href=\"https:\/\/www.hsymachinery.com\/fi\/tuote\/kaveleva-lastauslasta-pth-c60-90\/\" \/>\n<meta property=\"og:locale\" content=\"fi_FI\" \/>\n<meta property=\"og:type\" content=\"article\" \/>\n<meta property=\"og:title\" content=\"Walk-Behind Power Trowel PTH-C60\/90 - HSY Construction Machinery\" \/>\n<meta property=\"og:description\" content=\"Walk-Behind Power Trowel PTH-C60\/90 delivers efficient, precise slab finishing for fuel-restricted and indoor job sites. Compact, durable, and fuel-saving.\" \/>\n<meta property=\"og:url\" content=\"https:\/\/www.hsymachinery.com\/fi\/tuote\/kaveleva-lastauslasta-pth-c60-90\/\" \/>\n<meta property=\"og:site_name\" content=\"HSY Construction Machinery\" \/>\n<meta property=\"article:modified_time\" content=\"2025-06-28T14:36:18+00:00\" \/>\n<meta property=\"og:image\" content=\"https:\/\/www.hsymachinery.com\/wp-content\/uploads\/2025\/06\/Walk-Behind-Power-Trowel-PTH-C60.jpg\" \/>\n\t<meta property=\"og:image:width\" content=\"600\" \/>\n\t<meta property=\"og:image:height\" content=\"738\" \/>\n\t<meta property=\"og:image:type\" content=\"image\/jpeg\" \/>\n<meta name=\"twitter:card\" content=\"summary_large_image\" \/>\n<meta name=\"twitter:label1\" content=\"Arvioitu lukuaika\" \/>\n\t<meta name=\"twitter:data1\" content=\"2 minuuttia\" \/>\n<script type=\"application\/ld+json\" class=\"yoast-schema-graph\">{\"@context\":\"https:\/\/schema.org\",\"@graph\":[{\"@type\":\"WebPage\",\"@id\":\"https:\/\/www.hsymachinery.com\/product\/walk-behind-power-trowel-pth-c60-90\/\",\"url\":\"https:\/\/www.hsymachinery.com\/product\/walk-behind-power-trowel-pth-c60-90\/\",\"name\":\"Walk-Behind Power Trowel PTH-C60\/90 - HSY Construction Machinery\",\"isPartOf\":{\"@id\":\"https:\/\/www.hsymachinery.com\/#website\"},\"primaryImageOfPage\":{\"@id\":\"https:\/\/www.hsymachinery.com\/product\/walk-behind-power-trowel-pth-c60-90\/#primaryimage\"},\"image\":{\"@id\":\"https:\/\/www.hsymachinery.com\/product\/walk-behind-power-trowel-pth-c60-90\/#primaryimage\"},\"thumbnailUrl\":\"https:\/\/www.hsymachinery.com\/wp-content\/uploads\/2025\/06\/Walk-Behind-Power-Trowel-PTH-C60.jpg\",\"datePublished\":\"2025-06-18T12:21:17+00:00\",\"dateModified\":\"2025-06-28T14:36:18+00:00\",\"description\":\"Walk-Behind Power Trowel PTH-C60\/90 delivers efficient, precise slab finishing for fuel-restricted and indoor job sites. Compact, durable, and fuel-saving.\",\"breadcrumb\":{\"@id\":\"https:\/\/www.hsymachinery.com\/product\/walk-behind-power-trowel-pth-c60-90\/#breadcrumb\"},\"inLanguage\":\"fi\",\"potentialAction\":[{\"@type\":\"ReadAction\",\"target\":[\"https:\/\/www.hsymachinery.com\/product\/walk-behind-power-trowel-pth-c60-90\/\"]}]},{\"@type\":\"ImageObject\",\"inLanguage\":\"fi\",\"@id\":\"https:\/\/www.hsymachinery.com\/product\/walk-behind-power-trowel-pth-c60-90\/#primaryimage\",\"url\":\"https:\/\/www.hsymachinery.com\/wp-content\/uploads\/2025\/06\/Walk-Behind-Power-Trowel-PTH-C60.jpg\",\"contentUrl\":\"https:\/\/www.hsymachinery.com\/wp-content\/uploads\/2025\/06\/Walk-Behind-Power-Trowel-PTH-C60.jpg\",\"width\":600,\"height\":738},{\"@type\":\"BreadcrumbList\",\"@id\":\"https:\/\/www.hsymachinery.com\/product\/walk-behind-power-trowel-pth-c60-90\/#breadcrumb\",\"itemListElement\":[{\"@type\":\"ListItem\",\"position\":1,\"name\":\"home\",\"item\":\"https:\/\/www.hsymachinery.com\/\"},{\"@type\":\"ListItem\",\"position\":2,\"name\":\"products\",\"item\":\"https:\/\/www.hsymachinery.com\/products\/\"},{\"@type\":\"ListItem\",\"position\":3,\"name\":\"Walk-Behind Power Trowel PTH-C60\/90\"}]},{\"@type\":\"WebSite\",\"@id\":\"https:\/\/www.hsymachinery.com\/#website\",\"url\":\"https:\/\/www.hsymachinery.com\/\",\"name\":\"HSY Construction Machinery\",\"description\":\"HSY Machinery \u2013 A leading China construction machinery supplier, offering a wide range of light construction equipment. Our main products include Rebar Cutting Machine, Rebar Bending Machine, Rebar Stirrup Bending Machine, Rebar Arc Bending Machine, Rebar Straightening Machine, Five-Head Rebar Stirrup Bending Machine, Tamping Rammer, Plate Compactor, Concrete Cutter, Power Trowel, and other construction machinery. We are equipped with advanced CNC machines, and we enforce strict quality inspection standards along with comprehensive after-sales service. If you are interested in our products or services, we warmly welcome your inquiries via message.\",\"publisher\":{\"@id\":\"https:\/\/www.hsymachinery.com\/#organization\"},\"potentialAction\":[{\"@type\":\"SearchAction\",\"target\":{\"@type\":\"EntryPoint\",\"urlTemplate\":\"https:\/\/www.hsymachinery.com\/?s={search_term_string}\"},\"query-input\":{\"@type\":\"PropertyValueSpecification\",\"valueRequired\":true,\"valueName\":\"search_term_string\"}}],\"inLanguage\":\"fi\"},{\"@type\":\"Organization\",\"@id\":\"https:\/\/www.hsymachinery.com\/#organization\",\"name\":\"HSY Construction Machinery\",\"url\":\"https:\/\/www.hsymachinery.com\/\",\"logo\":{\"@type\":\"ImageObject\",\"inLanguage\":\"fi\",\"@id\":\"https:\/\/www.hsymachinery.com\/#\/schema\/logo\/image\/\",\"url\":\"https:\/\/www.hsymachinery.com\/wp-content\/uploads\/2025\/06\/cropped-HSY-machinery.png\",\"contentUrl\":\"https:\/\/www.hsymachinery.com\/wp-content\/uploads\/2025\/06\/cropped-HSY-machinery.png\",\"width\":600,\"height\":240,\"caption\":\"HSY Construction Machinery\"},\"image\":{\"@id\":\"https:\/\/www.hsymachinery.com\/#\/schema\/logo\/image\/\"}}]}<\/script>\n<!-- \/ Yoast SEO plugin. -->","yoast_head_json":{"title":"K\u00e4velytasoitin PTH-C60\/90 - HSY Rakennuskoneet ja -laitteet","description":"PTH-C60\/90 -m\u00f6nkij\u00e4laippa tarjoaa tehokkaan ja tarkan laatan viimeistelyn polttoaineen suhteen rajoitetuilla ja sis\u00e4tiloissa sijaitsevilla ty\u00f6mailla. Kompakti, kest\u00e4v\u00e4 ja polttoainetta s\u00e4\u00e4st\u00e4v\u00e4.","robots":{"index":"index","follow":"follow","max-snippet":"max-snippet:-1","max-image-preview":"max-image-preview:large","max-video-preview":"max-video-preview:-1"},"canonical":"https:\/\/www.hsymachinery.com\/fi\/tuote\/kaveleva-lastauslasta-pth-c60-90\/","og_locale":"fi_FI","og_type":"article","og_title":"Walk-Behind Power Trowel PTH-C60\/90 - HSY Construction Machinery","og_description":"Walk-Behind Power Trowel PTH-C60\/90 delivers efficient, precise slab finishing for fuel-restricted and indoor job sites. Compact, durable, and fuel-saving.","og_url":"https:\/\/www.hsymachinery.com\/fi\/tuote\/kaveleva-lastauslasta-pth-c60-90\/","og_site_name":"HSY Construction Machinery","article_modified_time":"2025-06-28T14:36:18+00:00","og_image":[{"width":600,"height":738,"url":"https:\/\/www.hsymachinery.com\/wp-content\/uploads\/2025\/06\/Walk-Behind-Power-Trowel-PTH-C60.jpg","type":"image\/jpeg"}],"twitter_card":"summary_large_image","twitter_misc":{"Arvioitu lukuaika":"2 minuuttia"},"schema":{"@context":"https:\/\/schema.org","@graph":[{"@type":"WebPage","@id":"https:\/\/www.hsymachinery.com\/product\/walk-behind-power-trowel-pth-c60-90\/","url":"https:\/\/www.hsymachinery.com\/product\/walk-behind-power-trowel-pth-c60-90\/","name":"K\u00e4velytasoitin PTH-C60\/90 - HSY Rakennuskoneet ja -laitteet","isPartOf":{"@id":"https:\/\/www.hsymachinery.com\/#website"},"primaryImageOfPage":{"@id":"https:\/\/www.hsymachinery.com\/product\/walk-behind-power-trowel-pth-c60-90\/#primaryimage"},"image":{"@id":"https:\/\/www.hsymachinery.com\/product\/walk-behind-power-trowel-pth-c60-90\/#primaryimage"},"thumbnailUrl":"https:\/\/www.hsymachinery.com\/wp-content\/uploads\/2025\/06\/Walk-Behind-Power-Trowel-PTH-C60.jpg","datePublished":"2025-06-18T12:21:17+00:00","dateModified":"2025-06-28T14:36:18+00:00","description":"PTH-C60\/90 -m\u00f6nkij\u00e4laippa tarjoaa tehokkaan ja tarkan laatan viimeistelyn polttoaineen suhteen rajoitetuilla ja sis\u00e4tiloissa sijaitsevilla ty\u00f6mailla. Kompakti, kest\u00e4v\u00e4 ja polttoainetta s\u00e4\u00e4st\u00e4v\u00e4.","breadcrumb":{"@id":"https:\/\/www.hsymachinery.com\/product\/walk-behind-power-trowel-pth-c60-90\/#breadcrumb"},"inLanguage":"fi","potentialAction":[{"@type":"ReadAction","target":["https:\/\/www.hsymachinery.com\/product\/walk-behind-power-trowel-pth-c60-90\/"]}]},{"@type":"ImageObject","inLanguage":"fi","@id":"https:\/\/www.hsymachinery.com\/product\/walk-behind-power-trowel-pth-c60-90\/#primaryimage","url":"https:\/\/www.hsymachinery.com\/wp-content\/uploads\/2025\/06\/Walk-Behind-Power-Trowel-PTH-C60.jpg","contentUrl":"https:\/\/www.hsymachinery.com\/wp-content\/uploads\/2025\/06\/Walk-Behind-Power-Trowel-PTH-C60.jpg","width":600,"height":738},{"@type":"BreadcrumbList","@id":"https:\/\/www.hsymachinery.com\/product\/walk-behind-power-trowel-pth-c60-90\/#breadcrumb","itemListElement":[{"@type":"ListItem","position":1,"name":"home","item":"https:\/\/www.hsymachinery.com\/"},{"@type":"ListItem","position":2,"name":"products","item":"https:\/\/www.hsymachinery.com\/products\/"},{"@type":"ListItem","position":3,"name":"Walk-Behind Power Trowel PTH-C60\/90"}]},{"@type":"WebSite","@id":"https:\/\/www.hsymachinery.com\/#website","url":"https:\/\/www.hsymachinery.com\/","name":"HSY Construction Machinery","description":"HSY Machinery - Kiinan johtava rakennuskoneiden toimittaja, joka tarjoaa laajan valikoiman kevyit\u00e4 rakennuskoneita. P\u00e4\u00e4tuotteitamme ovat Rebar Cutting Machine, Rebar Bending Machine, Rebar Stirrup Bending Machine, Rebar Arc Bending Machine, Rebar Straighting Machine, Five-Head Rebar Stirrup Bending Machine, Tamping Rammer, Plate Compactor, Concrete Cutter, Power Trowel ja muut rakennuskoneet. Olemme varustettu kehittyneill\u00e4 CNC-koneilla, ja noudatamme tiukkoja laadunvalvontastandardeja sek\u00e4 kattavaa huoltopalvelua. Jos olet kiinnostunut tuotteistamme tai palveluistamme, toivotamme l\u00e4mpim\u00e4sti tervetulleeksi tiedustelusi viestill\u00e4.","publisher":{"@id":"https:\/\/www.hsymachinery.com\/#organization"},"potentialAction":[{"@type":"SearchAction","target":{"@type":"EntryPoint","urlTemplate":"https:\/\/www.hsymachinery.com\/?s={search_term_string}"},"query-input":{"@type":"PropertyValueSpecification","valueRequired":true,"valueName":"search_term_string"}}],"inLanguage":"fi"},{"@type":"Organization","@id":"https:\/\/www.hsymachinery.com\/#organization","name":"HSY Construction Machinery","url":"https:\/\/www.hsymachinery.com\/","logo":{"@type":"ImageObject","inLanguage":"fi","@id":"https:\/\/www.hsymachinery.com\/#\/schema\/logo\/image\/","url":"https:\/\/www.hsymachinery.com\/wp-content\/uploads\/2025\/06\/cropped-HSY-machinery.png","contentUrl":"https:\/\/www.hsymachinery.com\/wp-content\/uploads\/2025\/06\/cropped-HSY-machinery.png","width":600,"height":240,"caption":"HSY Construction Machinery"},"image":{"@id":"https:\/\/www.hsymachinery.com\/#\/schema\/logo\/image\/"}}]}},"_links":{"self":[{"href":"https:\/\/www.hsymachinery.com\/fi\/wp-json\/wp\/v2\/product\/9190","targetHints":{"allow":["GET"]}}],"collection":[{"href":"https:\/\/www.hsymachinery.com\/fi\/wp-json\/wp\/v2\/product"}],"about":[{"href":"https:\/\/www.hsymachinery.com\/fi\/wp-json\/wp\/v2\/types\/product"}],"version-history":[{"count":4,"href":"https:\/\/www.hsymachinery.com\/fi\/wp-json\/wp\/v2\/product\/9190\/revisions"}],"predecessor-version":[{"id":9592,"href":"https:\/\/www.hsymachinery.com\/fi\/wp-json\/wp\/v2\/product\/9190\/revisions\/9592"}],"wp:featuredmedia":[{"embeddable":true,"href":"https:\/\/www.hsymachinery.com\/fi\/wp-json\/wp\/v2\/media\/9191"}],"wp:attachment":[{"href":"https:\/\/www.hsymachinery.com\/fi\/wp-json\/wp\/v2\/media?parent=9190"}],"wp:term":[{"taxonomy":"product_brand","embeddable":true,"href":"https:\/\/www.hsymachinery.com\/fi\/wp-json\/wp\/v2\/product_brand?post=9190"},{"taxonomy":"product_cat","embeddable":true,"href":"https:\/\/www.hsymachinery.com\/fi\/wp-json\/wp\/v2\/product_cat?post=9190"},{"taxonomy":"product_tag","embeddable":true,"href":"https:\/\/www.hsymachinery.com\/fi\/wp-json\/wp\/v2\/product_tag?post=9190"}],"curies":[{"name":"wp","href":"https:\/\/api.w.org\/{rel}","templated":true}]}}