{"id":9184,"date":"2025-06-18T18:33:35","date_gmt":"2025-06-18T10:33:35","guid":{"rendered":"https:\/\/www.hsymachinery.com\/?post_type=product&#038;p=9184"},"modified":"2025-06-28T22:25:50","modified_gmt":"2025-06-28T14:25:50","slug":"kaveleva-lastauslasta-pth-h100","status":"publish","type":"product","link":"https:\/\/www.hsymachinery.com\/fi\/tuote\/kaveleva-lastauslasta-pth-h100\/","title":{"rendered":"K\u00e4velytasoitin PTH-H100"},"content":{"rendered":"<h2 data-start=\"123\" data-end=\"164\">K\u00e4velytasoitin PTH-H100<\/h2>\n<h3 data-start=\"165\" data-end=\"272\">PTH-H100 Honda-moottorinen betonilapio | Suuren halkaisijan viimeistelij\u00e4 teollisuusluokan betonin tasoitukseen.<\/h3>\n<h3 data-start=\"279\" data-end=\"375\">Tuotekuvaus - Raskaan kalvotuksen Honda-luotettavuus ja eritt\u00e4in laaja peittoalue<a href=\"https:\/\/www.hsymachinery.com\/fi\/tuotteet\/kulkemaan-lastauslastan-takana\/\" target=\"_blank\" rel=\"noopener\"><img fetchpriority=\"high\" decoding=\"async\" class=\"wp-image-9185 alignright\" src=\"https:\/\/www.hsymachinery.com\/wp-content\/uploads\/2025\/06\/Walk-Behind-Power-Trowel-PTH-H100-244x300.jpg\" alt=\"\" width=\"452\" height=\"556\" srcset=\"https:\/\/www.hsymachinery.com\/wp-content\/uploads\/2025\/06\/Walk-Behind-Power-Trowel-PTH-H100-244x300.jpg 244w, https:\/\/www.hsymachinery.com\/wp-content\/uploads\/2025\/06\/Walk-Behind-Power-Trowel-PTH-H100.jpg 600w\" sizes=\"(max-width: 452px) 100vw, 452px\" \/><\/a><\/h3>\n<p data-start=\"377\" data-end=\"749\">The <strong data-start=\"381\" data-end=\"418\">PTH-H100 Walk-Behind-lastauslasta<\/strong> on suunniteltu vaativiin, suuripintaisiin betonin viimeistelyteht\u00e4viin, joissa teho, kest\u00e4vyys ja tarkkuus ovat v\u00e4ltt\u00e4m\u00e4tt\u00f6mi\u00e4. Vankan Honda-bensiinimoottorin k\u00e4ytt\u00e4m\u00e4 malli tarjoaa poikkeuksellisen v\u00e4\u00e4nt\u00f6momentin, nopean k\u00e4ynnistymisen ja pitk\u00e4aikaisen suorituskyvyn my\u00f6s pitk\u00e4kestoisessa k\u00e4yt\u00f6ss\u00e4 haastavilla ty\u00f6mailla.<\/p>\n<p data-start=\"751\" data-end=\"1126\">PTH-H100:n halkaisija on 100 cm, joten se peitt\u00e4\u00e4 tehokkaasti suuria alueita ja auttaa urakoitsijoita s\u00e4\u00e4st\u00e4m\u00e4\u00e4n aikaa tinkim\u00e4tt\u00e4 lopullisen pinnan tasaisuudesta ja tasaisuudesta. Ter\u00e4n kulman s\u00e4\u00e4t\u00f6j\u00e4rjestelm\u00e4n avulla k\u00e4ytt\u00e4j\u00e4 voi helposti s\u00e4\u00e4t\u00e4\u00e4 kulmaa karkeaa tasoitusta tai hienoa kiillotusta varten, mik\u00e4 takaa ammattimaisen lopputuloksen sekoituksesta tai olosuhteista riippumatta.<\/p>\n<p data-start=\"1128\" data-end=\"1495\">Lis\u00e4ksi vahvistettu vaihdelaatikko, kest\u00e4v\u00e4t ter\u00e4varret ja tarkkaan tasapainotettu roottori takaavat, ett\u00e4 t\u00e4m\u00e4 kone kest\u00e4\u00e4 p\u00e4ivitt\u00e4ist\u00e4 k\u00e4ytt\u00f6\u00e4 varastoissa, parkkihalleissa, logistiikka-alueilla ja kaupallisissa tiloissa. Ergonomisessa kahvassa on t\u00e4rin\u00e4nestokahvat, ja se on t\u00e4ysin kokoontaitettava, mik\u00e4 tekee kuljetuksesta ja asennuksesta paikan p\u00e4\u00e4ll\u00e4 nopeaa ja yksinkertaista.<\/p>\n<p data-start=\"1497\" data-end=\"1659\">Sen polttoainetehokas moottori auttaa alentamaan k\u00e4ytt\u00f6kustannuksia, kun taas turvarengas tuo lis\u00e4suojaa kuljettajalle ja ymp\u00e4r\u00f6iville pinnoille.<\/p>\n<h3 data-start=\"1666\" data-end=\"1719\">PTH-H100 betonitehostelulaikan t\u00e4rkeimm\u00e4t ominaisuudet<\/h3>\n<ul data-start=\"1721\" data-end=\"2107\">\n<li data-start=\"1721\" data-end=\"1786\">\n<p data-start=\"1723\" data-end=\"1786\">Tehokas ja kest\u00e4v\u00e4 Honda-bensiinimoottori raskaaseen k\u00e4ytt\u00f6\u00f6n.<\/p>\n<\/li>\n<li data-start=\"1787\" data-end=\"1852\">\n<p data-start=\"1789\" data-end=\"1852\">Leve\u00e4 100 cm:n lastuamishalkaisija lis\u00e4\u00e4 pinnan peitt\u00e4vyytt\u00e4.<\/p>\n<\/li>\n<li data-start=\"1853\" data-end=\"1909\">\n<p data-start=\"1855\" data-end=\"1909\">S\u00e4\u00e4dett\u00e4v\u00e4 ter\u00e4vyys karkeaa tai sile\u00e4\u00e4 viimeistely\u00e4 varten<\/p>\n<\/li>\n<li data-start=\"1910\" data-end=\"1977\">\n<p data-start=\"1912\" data-end=\"1977\">Vahvistettu vaihdelaatikko ja h\u00e4m\u00e4h\u00e4kkivarret takaavat pitk\u00e4ik\u00e4isyyden ja kest\u00e4vyyden.<\/p>\n<\/li>\n<li data-start=\"1978\" data-end=\"2039\">\n<p data-start=\"1980\" data-end=\"2039\">Ergonominen, kokoontaitettava kahva, jossa on t\u00e4rin\u00e4\u00e4 vaimentavat kahvat.<\/p>\n<\/li>\n<li data-start=\"2040\" data-end=\"2107\">\n<p data-start=\"2042\" data-end=\"2107\">Ihanteellinen ammattimaisille urakoitsijoille, jotka k\u00e4sittelev\u00e4t suuria laattaprojekteja.<\/p>\n<\/li>\n<\/ul>\n<h3 data-start=\"2114\" data-end=\"2197\">K\u00e4ytt\u00f6kohteet - Parhaiten varastoihin, autotalleihin, pys\u00e4k\u00f6intialueille ja teollisuusalueille.<\/h3>\n<p data-start=\"2199\" data-end=\"2470\">PTH-H100 on ihanteellinen suurille betonilaatoille tehtaissa, jakelukeskuksissa, kaupallisissa autotalleissa ja lentokenttien lattioissa. Laajan ty\u00f6s\u00e4teen ja vankan rungon ansiosta se selviytyy pitkist\u00e4 ty\u00f6vuoroista ja laajoista lattiapinta-aloista kuljettajan v\u00e4sym\u00e4tt\u00e4.<\/p>\n<p data-start=\"2472\" data-end=\"2651\">Ammattilaiset valitsevat t\u00e4m\u00e4n mallin, kun he tarvitsevat luotettavan, polttoainetta s\u00e4\u00e4st\u00e4v\u00e4n ja suuritehoisen betonin viimeistelylaitteen, joka takaa tasaiset, tihe\u00e4t pinnat mahdollisimman v\u00e4h\u00e4ll\u00e4 vaivalla.<\/p>\n<p><iframe title=\"lastauslasta, k\u00e4sity\u00f6nt\u00f6voima lastauslasta, lastauslasta, betoni #lastauslasta #powertrowe#concrete\" width=\"720\" height=\"405\" src=\"https:\/\/www.youtube.com\/embed\/pa6AuNhMrwI?feature=oembed\" frameborder=\"0\" allow=\"accelerometer; autoplay; clipboard-write; encrypted-media; gyroscope; picture-in-picture; web-share\" referrerpolicy=\"strict-origin-when-cross-origin\" allowfullscreen><\/iframe><\/p>","protected":false},"excerpt":{"rendered":"<p>Honda-moottorilla varustettu PTH-H100-k\u00e4sitelt\u00e4v\u00e4 betonilapio tarjoaa tehokkaan, laaja-alaisen pintak\u00e4sittelyn suurille laatoille ja takaa sile\u00e4t ja kest\u00e4v\u00e4t betonipinnat.<\/p>","protected":false},"featured_media":9185,"template":"","meta":{"_kad_post_transparent":"default","_kad_post_title":"","_kad_post_layout":"default","_kad_post_sidebar_id":"","_kad_post_content_style":"default","_kad_post_vertical_padding":"default","_kad_post_feature":"","_kad_post_feature_position":"","_kad_post_header":false,"_kad_post_footer":false},"product_brand":[],"product_cat":[55],"product_tag":[1084,1083,1087,1081,1086,1085,1089,1088,1090,1082],"class_list":{"0":"post-9184","1":"product","2":"type-product","3":"status-publish","4":"has-post-thumbnail","6":"product_cat-walk-behind-power-trowel","7":"product_tag-cement-power-trowel","8":"product_tag-concrete-finishing-trowel","9":"product_tag-concrete-floor-finishing-machine","10":"product_tag-concrete-power-trowel","11":"product_tag-electric-walk-behind-trowel","12":"product_tag-gasoline-power-trowel","13":"product_tag-hand-operated-power-trowel","14":"product_tag-manual-power-trowel","15":"product_tag-walk-behind-concrete-finishing-machine","16":"product_tag-walk-behind-trowel-machine","18":"first","19":"instock","20":"featured","21":"shipping-taxable","22":"product-type-simple","23":"entry","24":"content-bg","25":"loop-entry"},"yoast_head":"<!-- This site is optimized with the Yoast SEO plugin v25.3.1 - https:\/\/yoast.com\/wordpress\/plugins\/seo\/ -->\n<title>Walk-Behind Power Trowel PTH-H100 - HSY Construction Machinery<\/title>\n<meta name=\"description\" content=\"Walk-Behind Power Trowel PTH-H100 with Honda engine delivers smooth, wide-area concrete finishing for industrial slabs and garage floors. Reliable, durable, and efficient.\" \/>\n<meta name=\"robots\" content=\"index, follow, max-snippet:-1, max-image-preview:large, max-video-preview:-1\" \/>\n<link rel=\"canonical\" href=\"https:\/\/www.hsymachinery.com\/fi\/tuote\/kaveleva-lastauslasta-pth-h100\/\" \/>\n<meta property=\"og:locale\" content=\"fi_FI\" \/>\n<meta property=\"og:type\" content=\"article\" \/>\n<meta property=\"og:title\" content=\"Walk-Behind Power Trowel PTH-H100 - HSY Construction Machinery\" \/>\n<meta property=\"og:description\" content=\"Walk-Behind Power Trowel PTH-H100 with Honda engine delivers smooth, wide-area concrete finishing for industrial slabs and garage floors. Reliable, durable, and efficient.\" \/>\n<meta property=\"og:url\" content=\"https:\/\/www.hsymachinery.com\/fi\/tuote\/kaveleva-lastauslasta-pth-h100\/\" \/>\n<meta property=\"og:site_name\" content=\"HSY Construction Machinery\" \/>\n<meta property=\"article:modified_time\" content=\"2025-06-28T14:25:50+00:00\" \/>\n<meta property=\"og:image\" content=\"https:\/\/www.hsymachinery.com\/wp-content\/uploads\/2025\/06\/Walk-Behind-Power-Trowel-PTH-H100.jpg\" \/>\n\t<meta property=\"og:image:width\" content=\"600\" \/>\n\t<meta property=\"og:image:height\" content=\"738\" \/>\n\t<meta property=\"og:image:type\" content=\"image\/jpeg\" \/>\n<meta name=\"twitter:card\" content=\"summary_large_image\" \/>\n<meta name=\"twitter:label1\" content=\"Arvioitu lukuaika\" \/>\n\t<meta name=\"twitter:data1\" content=\"2 minuuttia\" \/>\n<script type=\"application\/ld+json\" class=\"yoast-schema-graph\">{\"@context\":\"https:\/\/schema.org\",\"@graph\":[{\"@type\":\"WebPage\",\"@id\":\"https:\/\/www.hsymachinery.com\/product\/walk-behind-power-trowel-pth-h100\/\",\"url\":\"https:\/\/www.hsymachinery.com\/product\/walk-behind-power-trowel-pth-h100\/\",\"name\":\"Walk-Behind Power Trowel PTH-H100 - HSY Construction Machinery\",\"isPartOf\":{\"@id\":\"https:\/\/www.hsymachinery.com\/#website\"},\"primaryImageOfPage\":{\"@id\":\"https:\/\/www.hsymachinery.com\/product\/walk-behind-power-trowel-pth-h100\/#primaryimage\"},\"image\":{\"@id\":\"https:\/\/www.hsymachinery.com\/product\/walk-behind-power-trowel-pth-h100\/#primaryimage\"},\"thumbnailUrl\":\"https:\/\/www.hsymachinery.com\/wp-content\/uploads\/2025\/06\/Walk-Behind-Power-Trowel-PTH-H100.jpg\",\"datePublished\":\"2025-06-18T10:33:35+00:00\",\"dateModified\":\"2025-06-28T14:25:50+00:00\",\"description\":\"Walk-Behind Power Trowel PTH-H100 with Honda engine delivers smooth, wide-area concrete finishing for industrial slabs and garage floors. Reliable, durable, and efficient.\",\"breadcrumb\":{\"@id\":\"https:\/\/www.hsymachinery.com\/product\/walk-behind-power-trowel-pth-h100\/#breadcrumb\"},\"inLanguage\":\"fi\",\"potentialAction\":[{\"@type\":\"ReadAction\",\"target\":[\"https:\/\/www.hsymachinery.com\/product\/walk-behind-power-trowel-pth-h100\/\"]}]},{\"@type\":\"ImageObject\",\"inLanguage\":\"fi\",\"@id\":\"https:\/\/www.hsymachinery.com\/product\/walk-behind-power-trowel-pth-h100\/#primaryimage\",\"url\":\"https:\/\/www.hsymachinery.com\/wp-content\/uploads\/2025\/06\/Walk-Behind-Power-Trowel-PTH-H100.jpg\",\"contentUrl\":\"https:\/\/www.hsymachinery.com\/wp-content\/uploads\/2025\/06\/Walk-Behind-Power-Trowel-PTH-H100.jpg\",\"width\":600,\"height\":738},{\"@type\":\"BreadcrumbList\",\"@id\":\"https:\/\/www.hsymachinery.com\/product\/walk-behind-power-trowel-pth-h100\/#breadcrumb\",\"itemListElement\":[{\"@type\":\"ListItem\",\"position\":1,\"name\":\"home\",\"item\":\"https:\/\/www.hsymachinery.com\/\"},{\"@type\":\"ListItem\",\"position\":2,\"name\":\"products\",\"item\":\"https:\/\/www.hsymachinery.com\/products\/\"},{\"@type\":\"ListItem\",\"position\":3,\"name\":\"Walk-Behind Power Trowel PTH-H100\"}]},{\"@type\":\"WebSite\",\"@id\":\"https:\/\/www.hsymachinery.com\/#website\",\"url\":\"https:\/\/www.hsymachinery.com\/\",\"name\":\"HSY Construction Machinery\",\"description\":\"HSY Machinery \u2013 A leading China construction machinery supplier, offering a wide range of light construction equipment. Our main products include Rebar Cutting Machine, Rebar Bending Machine, Rebar Stirrup Bending Machine, Rebar Arc Bending Machine, Rebar Straightening Machine, Five-Head Rebar Stirrup Bending Machine, Tamping Rammer, Plate Compactor, Concrete Cutter, Power Trowel, and other construction machinery. We are equipped with advanced CNC machines, and we enforce strict quality inspection standards along with comprehensive after-sales service. If you are interested in our products or services, we warmly welcome your inquiries via message.\",\"publisher\":{\"@id\":\"https:\/\/www.hsymachinery.com\/#organization\"},\"potentialAction\":[{\"@type\":\"SearchAction\",\"target\":{\"@type\":\"EntryPoint\",\"urlTemplate\":\"https:\/\/www.hsymachinery.com\/?s={search_term_string}\"},\"query-input\":{\"@type\":\"PropertyValueSpecification\",\"valueRequired\":true,\"valueName\":\"search_term_string\"}}],\"inLanguage\":\"fi\"},{\"@type\":\"Organization\",\"@id\":\"https:\/\/www.hsymachinery.com\/#organization\",\"name\":\"HSY Construction Machinery\",\"url\":\"https:\/\/www.hsymachinery.com\/\",\"logo\":{\"@type\":\"ImageObject\",\"inLanguage\":\"fi\",\"@id\":\"https:\/\/www.hsymachinery.com\/#\/schema\/logo\/image\/\",\"url\":\"https:\/\/www.hsymachinery.com\/wp-content\/uploads\/2025\/06\/cropped-HSY-machinery.png\",\"contentUrl\":\"https:\/\/www.hsymachinery.com\/wp-content\/uploads\/2025\/06\/cropped-HSY-machinery.png\",\"width\":600,\"height\":240,\"caption\":\"HSY Construction Machinery\"},\"image\":{\"@id\":\"https:\/\/www.hsymachinery.com\/#\/schema\/logo\/image\/\"}}]}<\/script>\n<!-- \/ Yoast SEO plugin. -->","yoast_head_json":{"title":"K\u00e4velytasoitin PTH-H100 - HSY Rakennuskoneet - HSY Construction Machinery","description":"Honda-moottorilla varustettu PTH-H100-k\u00e4velytasoitin tuottaa tasaisen, laajojen alueiden betonin viimeistely\u00e4 teollisuuslaatoille ja autotallien lattioille. Luotettava, kest\u00e4v\u00e4 ja tehokas.","robots":{"index":"index","follow":"follow","max-snippet":"max-snippet:-1","max-image-preview":"max-image-preview:large","max-video-preview":"max-video-preview:-1"},"canonical":"https:\/\/www.hsymachinery.com\/fi\/tuote\/kaveleva-lastauslasta-pth-h100\/","og_locale":"fi_FI","og_type":"article","og_title":"Walk-Behind Power Trowel PTH-H100 - HSY Construction Machinery","og_description":"Walk-Behind Power Trowel PTH-H100 with Honda engine delivers smooth, wide-area concrete finishing for industrial slabs and garage floors. Reliable, durable, and efficient.","og_url":"https:\/\/www.hsymachinery.com\/fi\/tuote\/kaveleva-lastauslasta-pth-h100\/","og_site_name":"HSY Construction Machinery","article_modified_time":"2025-06-28T14:25:50+00:00","og_image":[{"width":600,"height":738,"url":"https:\/\/www.hsymachinery.com\/wp-content\/uploads\/2025\/06\/Walk-Behind-Power-Trowel-PTH-H100.jpg","type":"image\/jpeg"}],"twitter_card":"summary_large_image","twitter_misc":{"Arvioitu lukuaika":"2 minuuttia"},"schema":{"@context":"https:\/\/schema.org","@graph":[{"@type":"WebPage","@id":"https:\/\/www.hsymachinery.com\/product\/walk-behind-power-trowel-pth-h100\/","url":"https:\/\/www.hsymachinery.com\/product\/walk-behind-power-trowel-pth-h100\/","name":"K\u00e4velytasoitin PTH-H100 - HSY Rakennuskoneet - HSY Construction Machinery","isPartOf":{"@id":"https:\/\/www.hsymachinery.com\/#website"},"primaryImageOfPage":{"@id":"https:\/\/www.hsymachinery.com\/product\/walk-behind-power-trowel-pth-h100\/#primaryimage"},"image":{"@id":"https:\/\/www.hsymachinery.com\/product\/walk-behind-power-trowel-pth-h100\/#primaryimage"},"thumbnailUrl":"https:\/\/www.hsymachinery.com\/wp-content\/uploads\/2025\/06\/Walk-Behind-Power-Trowel-PTH-H100.jpg","datePublished":"2025-06-18T10:33:35+00:00","dateModified":"2025-06-28T14:25:50+00:00","description":"Honda-moottorilla varustettu PTH-H100-k\u00e4velytasoitin tuottaa tasaisen, laajojen alueiden betonin viimeistely\u00e4 teollisuuslaatoille ja autotallien lattioille. Luotettava, kest\u00e4v\u00e4 ja tehokas.","breadcrumb":{"@id":"https:\/\/www.hsymachinery.com\/product\/walk-behind-power-trowel-pth-h100\/#breadcrumb"},"inLanguage":"fi","potentialAction":[{"@type":"ReadAction","target":["https:\/\/www.hsymachinery.com\/product\/walk-behind-power-trowel-pth-h100\/"]}]},{"@type":"ImageObject","inLanguage":"fi","@id":"https:\/\/www.hsymachinery.com\/product\/walk-behind-power-trowel-pth-h100\/#primaryimage","url":"https:\/\/www.hsymachinery.com\/wp-content\/uploads\/2025\/06\/Walk-Behind-Power-Trowel-PTH-H100.jpg","contentUrl":"https:\/\/www.hsymachinery.com\/wp-content\/uploads\/2025\/06\/Walk-Behind-Power-Trowel-PTH-H100.jpg","width":600,"height":738},{"@type":"BreadcrumbList","@id":"https:\/\/www.hsymachinery.com\/product\/walk-behind-power-trowel-pth-h100\/#breadcrumb","itemListElement":[{"@type":"ListItem","position":1,"name":"home","item":"https:\/\/www.hsymachinery.com\/"},{"@type":"ListItem","position":2,"name":"products","item":"https:\/\/www.hsymachinery.com\/products\/"},{"@type":"ListItem","position":3,"name":"Walk-Behind Power Trowel PTH-H100"}]},{"@type":"WebSite","@id":"https:\/\/www.hsymachinery.com\/#website","url":"https:\/\/www.hsymachinery.com\/","name":"HSY Construction Machinery","description":"HSY Machinery - Kiinan johtava rakennuskoneiden toimittaja, joka tarjoaa laajan valikoiman kevyit\u00e4 rakennuskoneita. P\u00e4\u00e4tuotteitamme ovat Rebar Cutting Machine, Rebar Bending Machine, Rebar Stirrup Bending Machine, Rebar Arc Bending Machine, Rebar Straighting Machine, Five-Head Rebar Stirrup Bending Machine, Tamping Rammer, Plate Compactor, Concrete Cutter, Power Trowel ja muut rakennuskoneet. Olemme varustettu kehittyneill\u00e4 CNC-koneilla, ja noudatamme tiukkoja laadunvalvontastandardeja sek\u00e4 kattavaa huoltopalvelua. Jos olet kiinnostunut tuotteistamme tai palveluistamme, toivotamme l\u00e4mpim\u00e4sti tervetulleeksi tiedustelusi viestill\u00e4.","publisher":{"@id":"https:\/\/www.hsymachinery.com\/#organization"},"potentialAction":[{"@type":"SearchAction","target":{"@type":"EntryPoint","urlTemplate":"https:\/\/www.hsymachinery.com\/?s={search_term_string}"},"query-input":{"@type":"PropertyValueSpecification","valueRequired":true,"valueName":"search_term_string"}}],"inLanguage":"fi"},{"@type":"Organization","@id":"https:\/\/www.hsymachinery.com\/#organization","name":"HSY Construction Machinery","url":"https:\/\/www.hsymachinery.com\/","logo":{"@type":"ImageObject","inLanguage":"fi","@id":"https:\/\/www.hsymachinery.com\/#\/schema\/logo\/image\/","url":"https:\/\/www.hsymachinery.com\/wp-content\/uploads\/2025\/06\/cropped-HSY-machinery.png","contentUrl":"https:\/\/www.hsymachinery.com\/wp-content\/uploads\/2025\/06\/cropped-HSY-machinery.png","width":600,"height":240,"caption":"HSY Construction Machinery"},"image":{"@id":"https:\/\/www.hsymachinery.com\/#\/schema\/logo\/image\/"}}]}},"_links":{"self":[{"href":"https:\/\/www.hsymachinery.com\/fi\/wp-json\/wp\/v2\/product\/9184","targetHints":{"allow":["GET"]}}],"collection":[{"href":"https:\/\/www.hsymachinery.com\/fi\/wp-json\/wp\/v2\/product"}],"about":[{"href":"https:\/\/www.hsymachinery.com\/fi\/wp-json\/wp\/v2\/types\/product"}],"version-history":[{"count":3,"href":"https:\/\/www.hsymachinery.com\/fi\/wp-json\/wp\/v2\/product\/9184\/revisions"}],"predecessor-version":[{"id":9587,"href":"https:\/\/www.hsymachinery.com\/fi\/wp-json\/wp\/v2\/product\/9184\/revisions\/9587"}],"wp:featuredmedia":[{"embeddable":true,"href":"https:\/\/www.hsymachinery.com\/fi\/wp-json\/wp\/v2\/media\/9185"}],"wp:attachment":[{"href":"https:\/\/www.hsymachinery.com\/fi\/wp-json\/wp\/v2\/media?parent=9184"}],"wp:term":[{"taxonomy":"product_brand","embeddable":true,"href":"https:\/\/www.hsymachinery.com\/fi\/wp-json\/wp\/v2\/product_brand?post=9184"},{"taxonomy":"product_cat","embeddable":true,"href":"https:\/\/www.hsymachinery.com\/fi\/wp-json\/wp\/v2\/product_cat?post=9184"},{"taxonomy":"product_tag","embeddable":true,"href":"https:\/\/www.hsymachinery.com\/fi\/wp-json\/wp\/v2\/product_tag?post=9184"}],"curies":[{"name":"wp","href":"https:\/\/api.w.org\/{rel}","templated":true}]}}