{"id":9172,"date":"2025-06-18T18:29:14","date_gmt":"2025-06-18T10:29:14","guid":{"rendered":"https:\/\/www.hsymachinery.com\/?post_type=product&#038;p=9172"},"modified":"2025-06-28T22:05:02","modified_gmt":"2025-06-28T14:05:02","slug":"kaveleva-lastauslasta-pth-l100","status":"publish","type":"product","link":"https:\/\/www.hsymachinery.com\/fi\/tuote\/kaveleva-lastauslasta-pth-l100\/","title":{"rendered":"K\u00e4velytasoitin PTH-L100"},"content":{"rendered":"<h2 data-start=\"119\" data-end=\"160\">K\u00e4velytasoitin PTH-L100<\/h2>\n<h3 data-start=\"161\" data-end=\"265\">PTH-L100 Longxin-moottorinen betonilapio | Laaja peittoalue tasoituslaastilla suuriin betonilattioiden viimeistelyyn<\/h3>\n<h3 data-start=\"272\" data-end=\"370\">Tuotekuvaus - Ammattimainen tasoitusratkaisu laajamittaisiin betonisovelluksiin<a href=\"https:\/\/www.hsymachinery.com\/fi\/tuotteet\/kulkemaan-lastauslastan-takana\/\" target=\"_blank\" rel=\"noopener\"><img fetchpriority=\"high\" decoding=\"async\" class=\"wp-image-9173 alignright\" src=\"https:\/\/www.hsymachinery.com\/wp-content\/uploads\/2025\/06\/Walk-Behind-Power-Trowel-PTH-L100-244x300.jpg\" alt=\"\" width=\"453\" height=\"557\" srcset=\"https:\/\/www.hsymachinery.com\/wp-content\/uploads\/2025\/06\/Walk-Behind-Power-Trowel-PTH-L100-244x300.jpg 244w, https:\/\/www.hsymachinery.com\/wp-content\/uploads\/2025\/06\/Walk-Behind-Power-Trowel-PTH-L100.jpg 600w\" sizes=\"(max-width: 453px) 100vw, 453px\" \/><\/a><\/h3>\n<p data-start=\"372\" data-end=\"739\">The <strong data-start=\"376\" data-end=\"413\">PTH-L100 kulkeva lastauslasta<\/strong> on raskas betonin viimeistelykone, joka on rakennettu k\u00e4sittelem\u00e4\u00e4n suuria laatta-alueita helposti ja tarkasti. Kest\u00e4v\u00e4ll\u00e4 Longxin-bensiinimoottorilla varustettu malli tarjoaa urakoitsijoiden vaatiman suorituskyvyn ja hallinnan vaativilla ty\u00f6mailla, kuten varastoissa, teollisuuslattioilla ja suurilla rakennusty\u00f6mailla.<\/p>\n<p data-start=\"741\" data-end=\"1054\">100 cm:n lastan halkaisijan ansiosta PTH-L100 peitt\u00e4\u00e4 suuremman pinta-alan yhdell\u00e4 kerroksella, mik\u00e4 lis\u00e4\u00e4 ty\u00f6n tehokkuutta tasaisuudesta tinkim\u00e4tt\u00e4. Sen ter\u00e4v\u00e4linjaa voidaan s\u00e4\u00e4t\u00e4\u00e4 helposti, jolloin k\u00e4ytt\u00e4j\u00e4 voi hienos\u00e4\u00e4t\u00e4\u00e4 viimeistely\u00e4 karkeasta kiillotettuun ja varmistaa tasaisen lopputuloksen koko betonipinnalla.<\/p>\n<p data-start=\"1056\" data-end=\"1233\">Koneessa on tukeva vaihdelaatikko, lujat spider-varret ja t\u00e4rin\u00e4\u00e4 v\u00e4hent\u00e4v\u00e4 kahva, jotka takaavat tasaisen toiminnan, paremman turvallisuuden ja pitk\u00e4n k\u00e4ytt\u00f6i\u00e4n.<\/p>\n<h3 data-start=\"1240\" data-end=\"1293\">\u00a0PTH-L100 betonitehostelulaikan t\u00e4rkeimm\u00e4t ominaisuudet<\/h3>\n<ul data-start=\"1295\" data-end=\"1661\">\n<li data-start=\"1295\" data-end=\"1360\">\n<p data-start=\"1297\" data-end=\"1360\">Longxin-bensiinimoottori tarjoaa luotettavan ja tehokkaan tuoton<\/p>\n<\/li>\n<li data-start=\"1361\" data-end=\"1424\">\n<p data-start=\"1363\" data-end=\"1424\">Leve\u00e4 100 cm:n lastuamishalkaisija nopeuttaa pinnan viimeistely\u00e4.<\/p>\n<\/li>\n<li data-start=\"1425\" data-end=\"1479\">\n<p data-start=\"1427\" data-end=\"1479\">S\u00e4\u00e4dett\u00e4v\u00e4 ter\u00e4vyys vaihtelevaa viimeistelyn laatua varten<\/p>\n<\/li>\n<li data-start=\"1480\" data-end=\"1542\">\n<p data-start=\"1482\" data-end=\"1542\">Vahvistettu turvarengas ja raskas vaihteistorakenne<\/p>\n<\/li>\n<li data-start=\"1543\" data-end=\"1603\">\n<p data-start=\"1545\" data-end=\"1603\">Kokoontaitettava kahva, jossa ergonominen ote k\u00e4ytt\u00f6mukavuutta varten<\/p>\n<\/li>\n<li data-start=\"1604\" data-end=\"1661\">\n<p data-start=\"1606\" data-end=\"1661\">V\u00e4h\u00e4n huoltoa vaativa ja polttoainetehokas pitkiin ty\u00f6tunteihin.<\/p>\n<\/li>\n<\/ul>\n<h3 data-start=\"1668\" data-end=\"1750\">Sovellukset - T\u00e4ydellinen varastoihin, suuriin laattoihin ja teollisuusprojekteihin<\/h3>\n<p data-start=\"1752\" data-end=\"2056\">PTH-L100 on suunniteltu tehokkaaseen pintak\u00e4sittelyyn suurilla rakennusalueilla, kuten tehtaissa, logistiikkakeskuksissa, pys\u00e4k\u00f6intikellareissa ja betonilavoilla. Sen laaja ty\u00f6skentelyalue ja vakaa rakenne auttavat tiimej\u00e4 s\u00e4\u00e4st\u00e4m\u00e4\u00e4n aikaa ja saamaan aikaan tasaisen, sile\u00e4n pinnan.<\/p>\n<p data-start=\"2058\" data-end=\"2209\">Rakennusalan ammattilaiset luottavat t\u00e4h\u00e4n malliin sen kest\u00e4v\u00e4n rakenteen, pitk\u00e4n k\u00e4ytt\u00f6ajan ja kyvyn kest\u00e4\u00e4 jatkuvaa k\u00e4ytt\u00f6\u00e4 vaativissa ymp\u00e4rist\u00f6iss\u00e4.<\/p>\n<p><iframe title=\"lastauslasta,ajettava lastauslasta,k\u00e4sik\u00e4ytt\u00f6inen lastauslasta,lastauslasta,betoni #trowel#powertrowel\" width=\"720\" height=\"405\" src=\"https:\/\/www.youtube.com\/embed\/VGFIPDTiUYI?feature=oembed\" frameborder=\"0\" allow=\"accelerometer; autoplay; clipboard-write; encrypted-media; gyroscope; picture-in-picture; web-share\" referrerpolicy=\"strict-origin-when-cross-origin\" allowfullscreen><\/iframe><\/p>","protected":false},"excerpt":{"rendered":"<p>Longxin-moottorilla varustettu PTH-L100-k\u00e4velev\u00e4 betonilapio on ihanteellinen suurten laattojen viimeistelyyn, sill\u00e4 se tarjoaa laajan peittoalueen ja s\u00e4\u00e4dett\u00e4v\u00e4n ter\u00e4n ohjauksen t\u00e4ydellisen pinnan aikaansaamiseksi.<\/p>","protected":false},"featured_media":9173,"template":"","meta":{"_kad_post_transparent":"default","_kad_post_title":"","_kad_post_layout":"default","_kad_post_sidebar_id":"","_kad_post_content_style":"default","_kad_post_vertical_padding":"default","_kad_post_feature":"","_kad_post_feature_position":"","_kad_post_header":false,"_kad_post_footer":false},"product_brand":[],"product_cat":[55],"product_tag":[1084,1083,1087,1081,1086,1085,1089,1088,1090,1082],"class_list":{"0":"post-9172","1":"product","2":"type-product","3":"status-publish","4":"has-post-thumbnail","6":"product_cat-walk-behind-power-trowel","7":"product_tag-cement-power-trowel","8":"product_tag-concrete-finishing-trowel","9":"product_tag-concrete-floor-finishing-machine","10":"product_tag-concrete-power-trowel","11":"product_tag-electric-walk-behind-trowel","12":"product_tag-gasoline-power-trowel","13":"product_tag-hand-operated-power-trowel","14":"product_tag-manual-power-trowel","15":"product_tag-walk-behind-concrete-finishing-machine","16":"product_tag-walk-behind-trowel-machine","18":"first","19":"instock","20":"shipping-taxable","21":"product-type-simple","22":"entry","23":"content-bg","24":"loop-entry"},"yoast_head":"<!-- This site is optimized with the Yoast SEO plugin v25.3.1 - https:\/\/yoast.com\/wordpress\/plugins\/seo\/ -->\n<title>Walk-Behind Power Trowel PTH-L100 - HSY Construction Machinery<\/title>\n<meta name=\"description\" content=\"PTH-L100 walk-behind concrete power trowel with Loncin engine ensures efficient wide-area finishing for industrial floors and slabs. Rugged, powerful, and operator-friendly.\" \/>\n<meta name=\"robots\" content=\"index, follow, max-snippet:-1, max-image-preview:large, max-video-preview:-1\" \/>\n<link rel=\"canonical\" href=\"https:\/\/www.hsymachinery.com\/fi\/tuote\/kaveleva-lastauslasta-pth-l100\/\" \/>\n<meta property=\"og:locale\" content=\"fi_FI\" \/>\n<meta property=\"og:type\" content=\"article\" \/>\n<meta property=\"og:title\" content=\"Walk-Behind Power Trowel PTH-L100 - HSY Construction Machinery\" \/>\n<meta property=\"og:description\" content=\"PTH-L100 walk-behind concrete power trowel with Loncin engine ensures efficient wide-area finishing for industrial floors and slabs. Rugged, powerful, and operator-friendly.\" \/>\n<meta property=\"og:url\" content=\"https:\/\/www.hsymachinery.com\/fi\/tuote\/kaveleva-lastauslasta-pth-l100\/\" \/>\n<meta property=\"og:site_name\" content=\"HSY Construction Machinery\" \/>\n<meta property=\"article:modified_time\" content=\"2025-06-28T14:05:02+00:00\" \/>\n<meta property=\"og:image\" content=\"https:\/\/www.hsymachinery.com\/wp-content\/uploads\/2025\/06\/Walk-Behind-Power-Trowel-PTH-L100.jpg\" \/>\n\t<meta property=\"og:image:width\" content=\"600\" \/>\n\t<meta property=\"og:image:height\" content=\"738\" \/>\n\t<meta property=\"og:image:type\" content=\"image\/jpeg\" \/>\n<meta name=\"twitter:card\" content=\"summary_large_image\" \/>\n<meta name=\"twitter:label1\" content=\"Arvioitu lukuaika\" \/>\n\t<meta name=\"twitter:data1\" content=\"2 minuuttia\" \/>\n<script type=\"application\/ld+json\" class=\"yoast-schema-graph\">{\"@context\":\"https:\/\/schema.org\",\"@graph\":[{\"@type\":\"WebPage\",\"@id\":\"https:\/\/www.hsymachinery.com\/product\/walk-behind-power-trowel-pth-l100\/\",\"url\":\"https:\/\/www.hsymachinery.com\/product\/walk-behind-power-trowel-pth-l100\/\",\"name\":\"Walk-Behind Power Trowel PTH-L100 - HSY Construction Machinery\",\"isPartOf\":{\"@id\":\"https:\/\/www.hsymachinery.com\/#website\"},\"primaryImageOfPage\":{\"@id\":\"https:\/\/www.hsymachinery.com\/product\/walk-behind-power-trowel-pth-l100\/#primaryimage\"},\"image\":{\"@id\":\"https:\/\/www.hsymachinery.com\/product\/walk-behind-power-trowel-pth-l100\/#primaryimage\"},\"thumbnailUrl\":\"https:\/\/www.hsymachinery.com\/wp-content\/uploads\/2025\/06\/Walk-Behind-Power-Trowel-PTH-L100.jpg\",\"datePublished\":\"2025-06-18T10:29:14+00:00\",\"dateModified\":\"2025-06-28T14:05:02+00:00\",\"description\":\"PTH-L100 walk-behind concrete power trowel with Loncin engine ensures efficient wide-area finishing for industrial floors and slabs. Rugged, powerful, and operator-friendly.\",\"breadcrumb\":{\"@id\":\"https:\/\/www.hsymachinery.com\/product\/walk-behind-power-trowel-pth-l100\/#breadcrumb\"},\"inLanguage\":\"fi\",\"potentialAction\":[{\"@type\":\"ReadAction\",\"target\":[\"https:\/\/www.hsymachinery.com\/product\/walk-behind-power-trowel-pth-l100\/\"]}]},{\"@type\":\"ImageObject\",\"inLanguage\":\"fi\",\"@id\":\"https:\/\/www.hsymachinery.com\/product\/walk-behind-power-trowel-pth-l100\/#primaryimage\",\"url\":\"https:\/\/www.hsymachinery.com\/wp-content\/uploads\/2025\/06\/Walk-Behind-Power-Trowel-PTH-L100.jpg\",\"contentUrl\":\"https:\/\/www.hsymachinery.com\/wp-content\/uploads\/2025\/06\/Walk-Behind-Power-Trowel-PTH-L100.jpg\",\"width\":600,\"height\":738},{\"@type\":\"BreadcrumbList\",\"@id\":\"https:\/\/www.hsymachinery.com\/product\/walk-behind-power-trowel-pth-l100\/#breadcrumb\",\"itemListElement\":[{\"@type\":\"ListItem\",\"position\":1,\"name\":\"home\",\"item\":\"https:\/\/www.hsymachinery.com\/\"},{\"@type\":\"ListItem\",\"position\":2,\"name\":\"products\",\"item\":\"https:\/\/www.hsymachinery.com\/products\/\"},{\"@type\":\"ListItem\",\"position\":3,\"name\":\"Walk-Behind Power Trowel PTH-L100\"}]},{\"@type\":\"WebSite\",\"@id\":\"https:\/\/www.hsymachinery.com\/#website\",\"url\":\"https:\/\/www.hsymachinery.com\/\",\"name\":\"HSY Construction Machinery\",\"description\":\"HSY Machinery \u2013 A leading China construction machinery supplier, offering a wide range of light construction equipment. Our main products include Rebar Cutting Machine, Rebar Bending Machine, Rebar Stirrup Bending Machine, Rebar Arc Bending Machine, Rebar Straightening Machine, Five-Head Rebar Stirrup Bending Machine, Tamping Rammer, Plate Compactor, Concrete Cutter, Power Trowel, and other construction machinery. We are equipped with advanced CNC machines, and we enforce strict quality inspection standards along with comprehensive after-sales service. If you are interested in our products or services, we warmly welcome your inquiries via message.\",\"publisher\":{\"@id\":\"https:\/\/www.hsymachinery.com\/#organization\"},\"potentialAction\":[{\"@type\":\"SearchAction\",\"target\":{\"@type\":\"EntryPoint\",\"urlTemplate\":\"https:\/\/www.hsymachinery.com\/?s={search_term_string}\"},\"query-input\":{\"@type\":\"PropertyValueSpecification\",\"valueRequired\":true,\"valueName\":\"search_term_string\"}}],\"inLanguage\":\"fi\"},{\"@type\":\"Organization\",\"@id\":\"https:\/\/www.hsymachinery.com\/#organization\",\"name\":\"HSY Construction Machinery\",\"url\":\"https:\/\/www.hsymachinery.com\/\",\"logo\":{\"@type\":\"ImageObject\",\"inLanguage\":\"fi\",\"@id\":\"https:\/\/www.hsymachinery.com\/#\/schema\/logo\/image\/\",\"url\":\"https:\/\/www.hsymachinery.com\/wp-content\/uploads\/2025\/06\/cropped-HSY-machinery.png\",\"contentUrl\":\"https:\/\/www.hsymachinery.com\/wp-content\/uploads\/2025\/06\/cropped-HSY-machinery.png\",\"width\":600,\"height\":240,\"caption\":\"HSY Construction Machinery\"},\"image\":{\"@id\":\"https:\/\/www.hsymachinery.com\/#\/schema\/logo\/image\/\"}}]}<\/script>\n<!-- \/ Yoast SEO plugin. -->","yoast_head_json":{"title":"K\u00e4velytasoitin PTH-L100 - HSY Rakennuskoneet - HSY Construction Machinery","description":"Loncin-moottorilla varustettu PTH-L100-k\u00e4velev\u00e4 betonilapiointilaikka takaa tehokkaan laajojen alueiden viimeistelyn teollisuuslattioille ja -laatoille. Kest\u00e4v\u00e4, tehokas ja k\u00e4ytt\u00e4j\u00e4yst\u00e4v\u00e4llinen.","robots":{"index":"index","follow":"follow","max-snippet":"max-snippet:-1","max-image-preview":"max-image-preview:large","max-video-preview":"max-video-preview:-1"},"canonical":"https:\/\/www.hsymachinery.com\/fi\/tuote\/kaveleva-lastauslasta-pth-l100\/","og_locale":"fi_FI","og_type":"article","og_title":"Walk-Behind Power Trowel PTH-L100 - HSY Construction Machinery","og_description":"PTH-L100 walk-behind concrete power trowel with Loncin engine ensures efficient wide-area finishing for industrial floors and slabs. Rugged, powerful, and operator-friendly.","og_url":"https:\/\/www.hsymachinery.com\/fi\/tuote\/kaveleva-lastauslasta-pth-l100\/","og_site_name":"HSY Construction Machinery","article_modified_time":"2025-06-28T14:05:02+00:00","og_image":[{"width":600,"height":738,"url":"https:\/\/www.hsymachinery.com\/wp-content\/uploads\/2025\/06\/Walk-Behind-Power-Trowel-PTH-L100.jpg","type":"image\/jpeg"}],"twitter_card":"summary_large_image","twitter_misc":{"Arvioitu lukuaika":"2 minuuttia"},"schema":{"@context":"https:\/\/schema.org","@graph":[{"@type":"WebPage","@id":"https:\/\/www.hsymachinery.com\/product\/walk-behind-power-trowel-pth-l100\/","url":"https:\/\/www.hsymachinery.com\/product\/walk-behind-power-trowel-pth-l100\/","name":"K\u00e4velytasoitin PTH-L100 - HSY Rakennuskoneet - HSY Construction Machinery","isPartOf":{"@id":"https:\/\/www.hsymachinery.com\/#website"},"primaryImageOfPage":{"@id":"https:\/\/www.hsymachinery.com\/product\/walk-behind-power-trowel-pth-l100\/#primaryimage"},"image":{"@id":"https:\/\/www.hsymachinery.com\/product\/walk-behind-power-trowel-pth-l100\/#primaryimage"},"thumbnailUrl":"https:\/\/www.hsymachinery.com\/wp-content\/uploads\/2025\/06\/Walk-Behind-Power-Trowel-PTH-L100.jpg","datePublished":"2025-06-18T10:29:14+00:00","dateModified":"2025-06-28T14:05:02+00:00","description":"Loncin-moottorilla varustettu PTH-L100-k\u00e4velev\u00e4 betonilapiointilaikka takaa tehokkaan laajojen alueiden viimeistelyn teollisuuslattioille ja -laatoille. Kest\u00e4v\u00e4, tehokas ja k\u00e4ytt\u00e4j\u00e4yst\u00e4v\u00e4llinen.","breadcrumb":{"@id":"https:\/\/www.hsymachinery.com\/product\/walk-behind-power-trowel-pth-l100\/#breadcrumb"},"inLanguage":"fi","potentialAction":[{"@type":"ReadAction","target":["https:\/\/www.hsymachinery.com\/product\/walk-behind-power-trowel-pth-l100\/"]}]},{"@type":"ImageObject","inLanguage":"fi","@id":"https:\/\/www.hsymachinery.com\/product\/walk-behind-power-trowel-pth-l100\/#primaryimage","url":"https:\/\/www.hsymachinery.com\/wp-content\/uploads\/2025\/06\/Walk-Behind-Power-Trowel-PTH-L100.jpg","contentUrl":"https:\/\/www.hsymachinery.com\/wp-content\/uploads\/2025\/06\/Walk-Behind-Power-Trowel-PTH-L100.jpg","width":600,"height":738},{"@type":"BreadcrumbList","@id":"https:\/\/www.hsymachinery.com\/product\/walk-behind-power-trowel-pth-l100\/#breadcrumb","itemListElement":[{"@type":"ListItem","position":1,"name":"home","item":"https:\/\/www.hsymachinery.com\/"},{"@type":"ListItem","position":2,"name":"products","item":"https:\/\/www.hsymachinery.com\/products\/"},{"@type":"ListItem","position":3,"name":"Walk-Behind Power Trowel PTH-L100"}]},{"@type":"WebSite","@id":"https:\/\/www.hsymachinery.com\/#website","url":"https:\/\/www.hsymachinery.com\/","name":"HSY Construction Machinery","description":"HSY Machinery - Kiinan johtava rakennuskoneiden toimittaja, joka tarjoaa laajan valikoiman kevyit\u00e4 rakennuskoneita. P\u00e4\u00e4tuotteitamme ovat Rebar Cutting Machine, Rebar Bending Machine, Rebar Stirrup Bending Machine, Rebar Arc Bending Machine, Rebar Straighting Machine, Five-Head Rebar Stirrup Bending Machine, Tamping Rammer, Plate Compactor, Concrete Cutter, Power Trowel ja muut rakennuskoneet. Olemme varustettu kehittyneill\u00e4 CNC-koneilla, ja noudatamme tiukkoja laadunvalvontastandardeja sek\u00e4 kattavaa huoltopalvelua. Jos olet kiinnostunut tuotteistamme tai palveluistamme, toivotamme l\u00e4mpim\u00e4sti tervetulleeksi tiedustelusi viestill\u00e4.","publisher":{"@id":"https:\/\/www.hsymachinery.com\/#organization"},"potentialAction":[{"@type":"SearchAction","target":{"@type":"EntryPoint","urlTemplate":"https:\/\/www.hsymachinery.com\/?s={search_term_string}"},"query-input":{"@type":"PropertyValueSpecification","valueRequired":true,"valueName":"search_term_string"}}],"inLanguage":"fi"},{"@type":"Organization","@id":"https:\/\/www.hsymachinery.com\/#organization","name":"HSY Construction Machinery","url":"https:\/\/www.hsymachinery.com\/","logo":{"@type":"ImageObject","inLanguage":"fi","@id":"https:\/\/www.hsymachinery.com\/#\/schema\/logo\/image\/","url":"https:\/\/www.hsymachinery.com\/wp-content\/uploads\/2025\/06\/cropped-HSY-machinery.png","contentUrl":"https:\/\/www.hsymachinery.com\/wp-content\/uploads\/2025\/06\/cropped-HSY-machinery.png","width":600,"height":240,"caption":"HSY Construction Machinery"},"image":{"@id":"https:\/\/www.hsymachinery.com\/#\/schema\/logo\/image\/"}}]}},"_links":{"self":[{"href":"https:\/\/www.hsymachinery.com\/fi\/wp-json\/wp\/v2\/product\/9172","targetHints":{"allow":["GET"]}}],"collection":[{"href":"https:\/\/www.hsymachinery.com\/fi\/wp-json\/wp\/v2\/product"}],"about":[{"href":"https:\/\/www.hsymachinery.com\/fi\/wp-json\/wp\/v2\/types\/product"}],"version-history":[{"count":3,"href":"https:\/\/www.hsymachinery.com\/fi\/wp-json\/wp\/v2\/product\/9172\/revisions"}],"predecessor-version":[{"id":9579,"href":"https:\/\/www.hsymachinery.com\/fi\/wp-json\/wp\/v2\/product\/9172\/revisions\/9579"}],"wp:featuredmedia":[{"embeddable":true,"href":"https:\/\/www.hsymachinery.com\/fi\/wp-json\/wp\/v2\/media\/9173"}],"wp:attachment":[{"href":"https:\/\/www.hsymachinery.com\/fi\/wp-json\/wp\/v2\/media?parent=9172"}],"wp:term":[{"taxonomy":"product_brand","embeddable":true,"href":"https:\/\/www.hsymachinery.com\/fi\/wp-json\/wp\/v2\/product_brand?post=9172"},{"taxonomy":"product_cat","embeddable":true,"href":"https:\/\/www.hsymachinery.com\/fi\/wp-json\/wp\/v2\/product_cat?post=9172"},{"taxonomy":"product_tag","embeddable":true,"href":"https:\/\/www.hsymachinery.com\/fi\/wp-json\/wp\/v2\/product_tag?post=9172"}],"curies":[{"name":"wp","href":"https:\/\/api.w.org\/{rel}","templated":true}]}}