{"id":9148,"date":"2025-06-18T18:04:34","date_gmt":"2025-06-18T10:04:34","guid":{"rendered":"https:\/\/www.hsymachinery.com\/?post_type=product&#038;p=9148"},"modified":"2025-06-28T21:07:27","modified_gmt":"2025-06-28T13:07:27","slug":"betonileikkuri-hq-d400","status":"publish","type":"product","link":"https:\/\/www.hsymachinery.com\/fi\/tuote\/betonileikkuri-hq-d400\/","title":{"rendered":"Betonileikkuri HQ-D400"},"content":{"rendered":"<h2 data-start=\"122\" data-end=\"153\">Betonileikkuri HQ-D400<\/h2>\n<h3 data-start=\"154\" data-end=\"266\">HQ-D400 S\u00e4hk\u00f6inen betonileikkuri | Hiljainen, p\u00e4\u00e4st\u00f6t\u00f6n betonisaha sis\u00e4tiloihin ja kaupunkirakennusty\u00f6maille<\/h3>\n<h3 data-start=\"273\" data-end=\"367\">Tuotekuvaus - Ymp\u00e4rist\u00f6yst\u00e4v\u00e4llinen s\u00e4hk\u00f6leikkuri hiljaiseen ja tarkkaan betonity\u00f6h\u00f6n.<a href=\"https:\/\/www.hsymachinery.com\/fi\/tuotteet\/betonileikkuri\/\" target=\"_blank\" rel=\"noopener\"><img fetchpriority=\"high\" decoding=\"async\" class=\"wp-image-9547 alignright\" src=\"https:\/\/www.hsymachinery.com\/wp-content\/uploads\/2025\/06\/Electric-Concrete-Cutter-147x300.jpg\" alt=\"\" width=\"454\" height=\"926\" \/><\/a><\/h3>\n<p data-start=\"369\" data-end=\"776\">The <strong data-start=\"373\" data-end=\"400\">HQ-D400 betonileikkuri<\/strong> on varustettu eritt\u00e4in tehokkaalla s\u00e4hk\u00f6moottorilla, joka tarjoaa hiljaisen ja p\u00e4\u00e4st\u00f6tt\u00f6m\u00e4n ratkaisun betonin leikkaamiseen kaupunki-, asuin- ja sis\u00e4tiloissa. T\u00e4m\u00e4 malli on ihanteellinen projekteihin, joissa vaaditaan puhdasta toimintaa, pient\u00e4 t\u00e4rin\u00e4\u00e4 ja tarkkaa leikkaustehoa ilman bensiini- tai dieselk\u00e4ytt\u00f6isiin koneisiin liittyvi\u00e4 polttoainekaasuja tai melua.<\/p>\n<p data-start=\"778\" data-end=\"1100\">Ammattimaisille urakoitsijoille suunniteltu HQ-D400 k\u00e4sittelee erilaisia materiaaleja, kuten betonilaattoja, jalkak\u00e4yt\u00e4vi\u00e4, laattoja ja asfalttilaastareita. Sen s\u00e4\u00e4dett\u00e4v\u00e4n leikkuusyvyyden mekanismin ja vakaan ter\u00e4srungon ansiosta k\u00e4ytt\u00e4j\u00e4 voi tehd\u00e4 puhtaita, hallittuja leikkauksia my\u00f6s ahtaissa tai suljetuissa tiloissa.<\/p>\n<p data-start=\"1102\" data-end=\"1270\">Lis\u00e4ksi sis\u00e4\u00e4nrakennettu vesis\u00e4ili\u00f6 auttaa minimoimaan p\u00f6lyn muodostumisen leikkauksen aikana ja pident\u00e4m\u00e4\u00e4n ter\u00e4n k\u00e4ytt\u00f6ik\u00e4\u00e4, mik\u00e4 tekee HQ-D400:sta sek\u00e4 tehokkaan ett\u00e4 ymp\u00e4rist\u00f6yst\u00e4v\u00e4llisen.<\/p>\n<h3 data-start=\"1277\" data-end=\"1332\">HQ-D400 s\u00e4hk\u00f6isen betonileikkurin t\u00e4rkeimm\u00e4t ominaisuudet<\/h3>\n<ul data-start=\"1334\" data-end=\"1695\">\n<li data-start=\"1334\" data-end=\"1387\">\n<p data-start=\"1336\" data-end=\"1387\">Kest\u00e4v\u00e4 ja tehokas s\u00e4hk\u00f6moottori<\/p>\n<\/li>\n<li data-start=\"1388\" data-end=\"1459\">\n<p data-start=\"1390\" data-end=\"1459\">Ihanteellinen meluherkille alueille, sis\u00e4tiloissa teht\u00e4viin t\u00f6ihin ja asuinalueille.<\/p>\n<\/li>\n<li data-start=\"1460\" data-end=\"1514\">\n<p data-start=\"1462\" data-end=\"1514\">S\u00e4\u00e4dett\u00e4v\u00e4 leikkuusyvyys mahdollistaa monipuolisen k\u00e4yt\u00f6n ty\u00f6maalla.<\/p>\n<\/li>\n<li data-start=\"1515\" data-end=\"1568\">\n<p data-start=\"1517\" data-end=\"1568\">Tasainen, vakaa suorituskyky ja minimaalinen t\u00e4rin\u00e4<\/p>\n<\/li>\n<li data-start=\"1569\" data-end=\"1633\">\n<p data-start=\"1571\" data-end=\"1633\">Integroitu vesis\u00e4ili\u00f6 ter\u00e4n j\u00e4\u00e4hdytyst\u00e4 ja p\u00f6lynpoistoa varten<\/p>\n<\/li>\n<li data-start=\"1634\" data-end=\"1695\">\n<p data-start=\"1636\" data-end=\"1695\">Helppo huoltaa, polttoainetta ei tarvita ja kustannustehokas pitk\u00e4ll\u00e4 aikav\u00e4lill\u00e4.<\/p>\n<\/li>\n<\/ul>\n<h3 data-start=\"1702\" data-end=\"1780\">K\u00e4ytt\u00f6kohteet - Paras valinta sis\u00e4tilojen laatanleikkaukseen ja kaupunkien teiden korjauksiin.<\/h3>\n<p data-start=\"1782\" data-end=\"2087\">HQ-D400:a k\u00e4ytet\u00e4\u00e4n laajalti sis\u00e4tilojen kunnostuksessa, asuntojen kellarit\u00f6iss\u00e4, parkkihalleissa, jalkak\u00e4yt\u00e4vien kunnossapidossa ja viherrakennushankkeissa. Sen p\u00e4\u00e4st\u00f6t\u00f6n toiminta tekee siit\u00e4 nykyaikaisten rakennusm\u00e4\u00e4r\u00e4ysten mukaisen kaupungeissa, joissa polttomoottorik\u00e4ytt\u00f6iset ty\u00f6kalut ovat rajoitettuja.<\/p>\n<p data-start=\"2089\" data-end=\"2288\">T\u00e4m\u00e4 malli sopii erityisesti urakoitsijoille, rakentajille ja kunnallisille tiimeille, jotka tarvitsevat luotettavan leikkausratkaisun, joka t\u00e4ytt\u00e4\u00e4 sek\u00e4 ymp\u00e4rist\u00f6- ett\u00e4 suorituskykyvaatimukset.<\/p>\n<p><iframe title=\"betonileikkuri,betonin leikkaus,moottorileikkuri,betoni\" width=\"720\" height=\"405\" src=\"https:\/\/www.youtube.com\/embed\/egJcI18gCcg?feature=oembed\" frameborder=\"0\" allow=\"accelerometer; autoplay; clipboard-write; encrypted-media; gyroscope; picture-in-picture; web-share\" referrerpolicy=\"strict-origin-when-cross-origin\" allowfullscreen><\/iframe><\/p>","protected":false},"excerpt":{"rendered":"<p>HQ-D400-s\u00e4hk\u00f6betonileikkuri tarjoaa puhdasta ja hiljaista leikkaamista sis\u00e4- ja kaupunkit\u00f6ihin. Nollap\u00e4\u00e4st\u00f6inen toiminta, tarkka syvyyden s\u00e4\u00e4t\u00f6 ja p\u00f6lynpoisto.<\/p>","protected":false},"featured_media":9149,"template":"","meta":{"_kad_post_transparent":"default","_kad_post_title":"","_kad_post_layout":"default","_kad_post_sidebar_id":"","_kad_post_content_style":"default","_kad_post_vertical_padding":"default","_kad_post_feature":"","_kad_post_feature_position":"","_kad_post_header":false,"_kad_post_footer":false},"product_brand":[],"product_cat":[57],"product_tag":[1073,1071,1080,1076,1078,1074,1077,1079,1072,1075],"class_list":{"0":"post-9148","1":"product","2":"type-product","3":"status-publish","4":"has-post-thumbnail","6":"product_cat-concrete-cutter","7":"product_tag-asphalt-cutter","8":"product_tag-concrete-cutting-machine","9":"product_tag-concrete-groove-cutting-machine","10":"product_tag-diesel-concrete-cutter","11":"product_tag-electric-concrete-cutter","12":"product_tag-floor-saw-machine","13":"product_tag-gasoline-concrete-cutter","14":"product_tag-pavement-cutter-machine","15":"product_tag-road-cutting-machine","16":"product_tag-walk-behind-concrete-cutter","18":"first","19":"instock","20":"shipping-taxable","21":"product-type-simple","22":"entry","23":"content-bg","24":"loop-entry"},"yoast_head":"<!-- This site is optimized with the Yoast SEO plugin v25.3.1 - https:\/\/yoast.com\/wordpress\/plugins\/seo\/ -->\n<title>Concrete Cutter HQ-D400 - HSY Construction Machinery<\/title>\n<meta name=\"description\" content=\"HQ-D400 electric concrete cutter offers quiet, emission-free concrete and asphalt cutting for indoor and urban construction sites. Precise, clean, and operator-friendly.\" \/>\n<meta name=\"robots\" content=\"index, follow, max-snippet:-1, max-image-preview:large, max-video-preview:-1\" \/>\n<link rel=\"canonical\" href=\"https:\/\/www.hsymachinery.com\/fi\/tuote\/betonileikkuri-hq-d400\/\" \/>\n<meta property=\"og:locale\" content=\"fi_FI\" \/>\n<meta property=\"og:type\" content=\"article\" \/>\n<meta property=\"og:title\" content=\"Concrete Cutter HQ-D400 - HSY Construction Machinery\" \/>\n<meta property=\"og:description\" content=\"HQ-D400 electric concrete cutter offers quiet, emission-free concrete and asphalt cutting for indoor and urban construction sites. Precise, clean, and operator-friendly.\" \/>\n<meta property=\"og:url\" content=\"https:\/\/www.hsymachinery.com\/fi\/tuote\/betonileikkuri-hq-d400\/\" \/>\n<meta property=\"og:site_name\" content=\"HSY Construction Machinery\" \/>\n<meta property=\"article:modified_time\" content=\"2025-06-28T13:07:27+00:00\" \/>\n<meta property=\"og:image\" content=\"https:\/\/www.hsymachinery.com\/wp-content\/uploads\/2025\/06\/Concrete-Cutter-HQ-D400.jpg\" \/>\n\t<meta property=\"og:image:width\" content=\"600\" \/>\n\t<meta property=\"og:image:height\" content=\"600\" \/>\n\t<meta property=\"og:image:type\" content=\"image\/jpeg\" \/>\n<meta name=\"twitter:card\" content=\"summary_large_image\" \/>\n<meta name=\"twitter:label1\" content=\"Arvioitu lukuaika\" \/>\n\t<meta name=\"twitter:data1\" content=\"2 minuuttia\" \/>\n<script type=\"application\/ld+json\" class=\"yoast-schema-graph\">{\"@context\":\"https:\/\/schema.org\",\"@graph\":[{\"@type\":\"WebPage\",\"@id\":\"https:\/\/www.hsymachinery.com\/product\/concrete-cutter-hq-d400\/\",\"url\":\"https:\/\/www.hsymachinery.com\/product\/concrete-cutter-hq-d400\/\",\"name\":\"Concrete Cutter HQ-D400 - HSY Construction Machinery\",\"isPartOf\":{\"@id\":\"https:\/\/www.hsymachinery.com\/#website\"},\"primaryImageOfPage\":{\"@id\":\"https:\/\/www.hsymachinery.com\/product\/concrete-cutter-hq-d400\/#primaryimage\"},\"image\":{\"@id\":\"https:\/\/www.hsymachinery.com\/product\/concrete-cutter-hq-d400\/#primaryimage\"},\"thumbnailUrl\":\"https:\/\/www.hsymachinery.com\/wp-content\/uploads\/2025\/06\/Concrete-Cutter-HQ-D400.jpg\",\"datePublished\":\"2025-06-18T10:04:34+00:00\",\"dateModified\":\"2025-06-28T13:07:27+00:00\",\"description\":\"HQ-D400 electric concrete cutter offers quiet, emission-free concrete and asphalt cutting for indoor and urban construction sites. Precise, clean, and operator-friendly.\",\"breadcrumb\":{\"@id\":\"https:\/\/www.hsymachinery.com\/product\/concrete-cutter-hq-d400\/#breadcrumb\"},\"inLanguage\":\"fi\",\"potentialAction\":[{\"@type\":\"ReadAction\",\"target\":[\"https:\/\/www.hsymachinery.com\/product\/concrete-cutter-hq-d400\/\"]}]},{\"@type\":\"ImageObject\",\"inLanguage\":\"fi\",\"@id\":\"https:\/\/www.hsymachinery.com\/product\/concrete-cutter-hq-d400\/#primaryimage\",\"url\":\"https:\/\/www.hsymachinery.com\/wp-content\/uploads\/2025\/06\/Concrete-Cutter-HQ-D400.jpg\",\"contentUrl\":\"https:\/\/www.hsymachinery.com\/wp-content\/uploads\/2025\/06\/Concrete-Cutter-HQ-D400.jpg\",\"width\":600,\"height\":600},{\"@type\":\"BreadcrumbList\",\"@id\":\"https:\/\/www.hsymachinery.com\/product\/concrete-cutter-hq-d400\/#breadcrumb\",\"itemListElement\":[{\"@type\":\"ListItem\",\"position\":1,\"name\":\"home\",\"item\":\"https:\/\/www.hsymachinery.com\/\"},{\"@type\":\"ListItem\",\"position\":2,\"name\":\"products\",\"item\":\"https:\/\/www.hsymachinery.com\/products\/\"},{\"@type\":\"ListItem\",\"position\":3,\"name\":\"Concrete Cutter HQ-D400\"}]},{\"@type\":\"WebSite\",\"@id\":\"https:\/\/www.hsymachinery.com\/#website\",\"url\":\"https:\/\/www.hsymachinery.com\/\",\"name\":\"HSY Construction Machinery\",\"description\":\"HSY Machinery \u2013 A leading China construction machinery supplier, offering a wide range of light construction equipment. Our main products include Rebar Cutting Machine, Rebar Bending Machine, Rebar Stirrup Bending Machine, Rebar Arc Bending Machine, Rebar Straightening Machine, Five-Head Rebar Stirrup Bending Machine, Tamping Rammer, Plate Compactor, Concrete Cutter, Power Trowel, and other construction machinery. We are equipped with advanced CNC machines, and we enforce strict quality inspection standards along with comprehensive after-sales service. If you are interested in our products or services, we warmly welcome your inquiries via message.\",\"publisher\":{\"@id\":\"https:\/\/www.hsymachinery.com\/#organization\"},\"potentialAction\":[{\"@type\":\"SearchAction\",\"target\":{\"@type\":\"EntryPoint\",\"urlTemplate\":\"https:\/\/www.hsymachinery.com\/?s={search_term_string}\"},\"query-input\":{\"@type\":\"PropertyValueSpecification\",\"valueRequired\":true,\"valueName\":\"search_term_string\"}}],\"inLanguage\":\"fi\"},{\"@type\":\"Organization\",\"@id\":\"https:\/\/www.hsymachinery.com\/#organization\",\"name\":\"HSY Construction Machinery\",\"url\":\"https:\/\/www.hsymachinery.com\/\",\"logo\":{\"@type\":\"ImageObject\",\"inLanguage\":\"fi\",\"@id\":\"https:\/\/www.hsymachinery.com\/#\/schema\/logo\/image\/\",\"url\":\"https:\/\/www.hsymachinery.com\/wp-content\/uploads\/2025\/06\/cropped-HSY-machinery.png\",\"contentUrl\":\"https:\/\/www.hsymachinery.com\/wp-content\/uploads\/2025\/06\/cropped-HSY-machinery.png\",\"width\":600,\"height\":240,\"caption\":\"HSY Construction Machinery\"},\"image\":{\"@id\":\"https:\/\/www.hsymachinery.com\/#\/schema\/logo\/image\/\"}}]}<\/script>\n<!-- \/ Yoast SEO plugin. -->","yoast_head_json":{"title":"Betonileikkuri HQ-D400 - HSY Rakennuskoneet ja -laitteet","description":"HQ-D400-s\u00e4hk\u00f6betonileikkuri tarjoaa hiljaisen ja p\u00e4\u00e4st\u00f6tt\u00f6m\u00e4n betonin ja asfaltin leikkauksen sis\u00e4- ja kaupunkirakennusty\u00f6maille. Tarkka, puhdas ja k\u00e4ytt\u00e4j\u00e4yst\u00e4v\u00e4llinen.","robots":{"index":"index","follow":"follow","max-snippet":"max-snippet:-1","max-image-preview":"max-image-preview:large","max-video-preview":"max-video-preview:-1"},"canonical":"https:\/\/www.hsymachinery.com\/fi\/tuote\/betonileikkuri-hq-d400\/","og_locale":"fi_FI","og_type":"article","og_title":"Concrete Cutter HQ-D400 - HSY Construction Machinery","og_description":"HQ-D400 electric concrete cutter offers quiet, emission-free concrete and asphalt cutting for indoor and urban construction sites. Precise, clean, and operator-friendly.","og_url":"https:\/\/www.hsymachinery.com\/fi\/tuote\/betonileikkuri-hq-d400\/","og_site_name":"HSY Construction Machinery","article_modified_time":"2025-06-28T13:07:27+00:00","og_image":[{"width":600,"height":600,"url":"https:\/\/www.hsymachinery.com\/wp-content\/uploads\/2025\/06\/Concrete-Cutter-HQ-D400.jpg","type":"image\/jpeg"}],"twitter_card":"summary_large_image","twitter_misc":{"Arvioitu lukuaika":"2 minuuttia"},"schema":{"@context":"https:\/\/schema.org","@graph":[{"@type":"WebPage","@id":"https:\/\/www.hsymachinery.com\/product\/concrete-cutter-hq-d400\/","url":"https:\/\/www.hsymachinery.com\/product\/concrete-cutter-hq-d400\/","name":"Betonileikkuri HQ-D400 - HSY Rakennuskoneet ja -laitteet","isPartOf":{"@id":"https:\/\/www.hsymachinery.com\/#website"},"primaryImageOfPage":{"@id":"https:\/\/www.hsymachinery.com\/product\/concrete-cutter-hq-d400\/#primaryimage"},"image":{"@id":"https:\/\/www.hsymachinery.com\/product\/concrete-cutter-hq-d400\/#primaryimage"},"thumbnailUrl":"https:\/\/www.hsymachinery.com\/wp-content\/uploads\/2025\/06\/Concrete-Cutter-HQ-D400.jpg","datePublished":"2025-06-18T10:04:34+00:00","dateModified":"2025-06-28T13:07:27+00:00","description":"HQ-D400-s\u00e4hk\u00f6betonileikkuri tarjoaa hiljaisen ja p\u00e4\u00e4st\u00f6tt\u00f6m\u00e4n betonin ja asfaltin leikkauksen sis\u00e4- ja kaupunkirakennusty\u00f6maille. Tarkka, puhdas ja k\u00e4ytt\u00e4j\u00e4yst\u00e4v\u00e4llinen.","breadcrumb":{"@id":"https:\/\/www.hsymachinery.com\/product\/concrete-cutter-hq-d400\/#breadcrumb"},"inLanguage":"fi","potentialAction":[{"@type":"ReadAction","target":["https:\/\/www.hsymachinery.com\/product\/concrete-cutter-hq-d400\/"]}]},{"@type":"ImageObject","inLanguage":"fi","@id":"https:\/\/www.hsymachinery.com\/product\/concrete-cutter-hq-d400\/#primaryimage","url":"https:\/\/www.hsymachinery.com\/wp-content\/uploads\/2025\/06\/Concrete-Cutter-HQ-D400.jpg","contentUrl":"https:\/\/www.hsymachinery.com\/wp-content\/uploads\/2025\/06\/Concrete-Cutter-HQ-D400.jpg","width":600,"height":600},{"@type":"BreadcrumbList","@id":"https:\/\/www.hsymachinery.com\/product\/concrete-cutter-hq-d400\/#breadcrumb","itemListElement":[{"@type":"ListItem","position":1,"name":"home","item":"https:\/\/www.hsymachinery.com\/"},{"@type":"ListItem","position":2,"name":"products","item":"https:\/\/www.hsymachinery.com\/products\/"},{"@type":"ListItem","position":3,"name":"Concrete Cutter HQ-D400"}]},{"@type":"WebSite","@id":"https:\/\/www.hsymachinery.com\/#website","url":"https:\/\/www.hsymachinery.com\/","name":"HSY Construction Machinery","description":"HSY Machinery - Kiinan johtava rakennuskoneiden toimittaja, joka tarjoaa laajan valikoiman kevyit\u00e4 rakennuskoneita. P\u00e4\u00e4tuotteitamme ovat Rebar Cutting Machine, Rebar Bending Machine, Rebar Stirrup Bending Machine, Rebar Arc Bending Machine, Rebar Straighting Machine, Five-Head Rebar Stirrup Bending Machine, Tamping Rammer, Plate Compactor, Concrete Cutter, Power Trowel ja muut rakennuskoneet. Olemme varustettu kehittyneill\u00e4 CNC-koneilla, ja noudatamme tiukkoja laadunvalvontastandardeja sek\u00e4 kattavaa huoltopalvelua. Jos olet kiinnostunut tuotteistamme tai palveluistamme, toivotamme l\u00e4mpim\u00e4sti tervetulleeksi tiedustelusi viestill\u00e4.","publisher":{"@id":"https:\/\/www.hsymachinery.com\/#organization"},"potentialAction":[{"@type":"SearchAction","target":{"@type":"EntryPoint","urlTemplate":"https:\/\/www.hsymachinery.com\/?s={search_term_string}"},"query-input":{"@type":"PropertyValueSpecification","valueRequired":true,"valueName":"search_term_string"}}],"inLanguage":"fi"},{"@type":"Organization","@id":"https:\/\/www.hsymachinery.com\/#organization","name":"HSY Construction Machinery","url":"https:\/\/www.hsymachinery.com\/","logo":{"@type":"ImageObject","inLanguage":"fi","@id":"https:\/\/www.hsymachinery.com\/#\/schema\/logo\/image\/","url":"https:\/\/www.hsymachinery.com\/wp-content\/uploads\/2025\/06\/cropped-HSY-machinery.png","contentUrl":"https:\/\/www.hsymachinery.com\/wp-content\/uploads\/2025\/06\/cropped-HSY-machinery.png","width":600,"height":240,"caption":"HSY Construction Machinery"},"image":{"@id":"https:\/\/www.hsymachinery.com\/#\/schema\/logo\/image\/"}}]}},"_links":{"self":[{"href":"https:\/\/www.hsymachinery.com\/fi\/wp-json\/wp\/v2\/product\/9148","targetHints":{"allow":["GET"]}}],"collection":[{"href":"https:\/\/www.hsymachinery.com\/fi\/wp-json\/wp\/v2\/product"}],"about":[{"href":"https:\/\/www.hsymachinery.com\/fi\/wp-json\/wp\/v2\/types\/product"}],"version-history":[{"count":3,"href":"https:\/\/www.hsymachinery.com\/fi\/wp-json\/wp\/v2\/product\/9148\/revisions"}],"predecessor-version":[{"id":9563,"href":"https:\/\/www.hsymachinery.com\/fi\/wp-json\/wp\/v2\/product\/9148\/revisions\/9563"}],"wp:featuredmedia":[{"embeddable":true,"href":"https:\/\/www.hsymachinery.com\/fi\/wp-json\/wp\/v2\/media\/9149"}],"wp:attachment":[{"href":"https:\/\/www.hsymachinery.com\/fi\/wp-json\/wp\/v2\/media?parent=9148"}],"wp:term":[{"taxonomy":"product_brand","embeddable":true,"href":"https:\/\/www.hsymachinery.com\/fi\/wp-json\/wp\/v2\/product_brand?post=9148"},{"taxonomy":"product_cat","embeddable":true,"href":"https:\/\/www.hsymachinery.com\/fi\/wp-json\/wp\/v2\/product_cat?post=9148"},{"taxonomy":"product_tag","embeddable":true,"href":"https:\/\/www.hsymachinery.com\/fi\/wp-json\/wp\/v2\/product_tag?post=9148"}],"curies":[{"name":"wp","href":"https:\/\/api.w.org\/{rel}","templated":true}]}}