{"id":9124,"date":"2025-06-18T17:06:54","date_gmt":"2025-06-18T09:06:54","guid":{"rendered":"https:\/\/www.hsymachinery.com\/?post_type=product&#038;p=9124"},"modified":"2025-06-28T20:07:30","modified_gmt":"2025-06-28T12:07:30","slug":"lautastiivistin-ph-h250a","status":"publish","type":"product","link":"https:\/\/www.hsymachinery.com\/fi\/tuote\/lautastiivistin-ph-h250a\/","title":{"rendered":"Levynpuristin PH-H250A"},"content":{"rendered":"<h2 data-start=\"107\" data-end=\"139\">Levynpuristin PH-H250A<\/h2>\n<h3 data-start=\"140\" data-end=\"264\">PH-H250A Honda bensiinik\u00e4ytt\u00f6inen lautasmurskain | Korkean hy\u00f6tysuhteen ja leve\u00e4n alustan omaava tiivistysmurskain teille, asfaltille ja perustusty\u00f6maille.<\/h3>\n<h3 data-start=\"271\" data-end=\"347\">Tuotteen yleiskatsaus - Hondan teho leve\u00e4mm\u00e4ss\u00e4 ja vahvemmassa tiivistemallissa<a href=\"https:\/\/www.hsymachinery.com\/fi\/tuotteet\/lautaspuristin\/\" target=\"_blank\" rel=\"noopener\"><img fetchpriority=\"high\" decoding=\"async\" class=\"wp-image-9125 alignright\" src=\"https:\/\/www.hsymachinery.com\/wp-content\/uploads\/2025\/06\/Plate-Compactor-PH-H250A-300x300.jpg\" alt=\"\" width=\"461\" height=\"461\" srcset=\"https:\/\/www.hsymachinery.com\/wp-content\/uploads\/2025\/06\/Plate-Compactor-PH-H250A-300x300.jpg 300w, https:\/\/www.hsymachinery.com\/wp-content\/uploads\/2025\/06\/Plate-Compactor-PH-H250A-150x150.jpg 150w, https:\/\/www.hsymachinery.com\/wp-content\/uploads\/2025\/06\/Plate-Compactor-PH-H250A-100x100.jpg 100w, https:\/\/www.hsymachinery.com\/wp-content\/uploads\/2025\/06\/Plate-Compactor-PH-H250A.jpg 600w\" sizes=\"(max-width: 461px) 100vw, 461px\" \/><\/a><\/h3>\n<p data-start=\"349\" data-end=\"706\">The <strong data-start=\"353\" data-end=\"381\">PH-H250A laattaty\u00f6st\u00f6laite<\/strong> on parannettu, suorituskykyinen malli, jossa on Honda GX160 -nelitahtinen bensiinimoottori ja leve\u00e4mpi, vahvistettu ter\u00e4ksinen pohjalevy. Se on suunniteltu ammattilaisille, jotka tarvitsevat vakaata, tehokasta ja tehokasta maaper\u00e4n tiivist\u00e4mist\u00e4 p\u00e4\u00e4llysteiden korjauksessa, perustusten tiivist\u00e4misess\u00e4 ja keskikokoisissa tiehankkeissa.<\/p>\n<p data-start=\"708\" data-end=\"834\">T\u00e4m\u00e4n p\u00e4ivitetyn levyn avulla kuljettajat voivat peitt\u00e4\u00e4 suuremman pinta-alan yhdell\u00e4 ajokerralla ja saada tasaisen ja tasaisen tuloksen kaikilla maalajeilla.<\/p>\n<h3 data-start=\"841\" data-end=\"903\">Sujuva k\u00e4ytt\u00f6, luotettava moottori ja k\u00e4ytt\u00f6mukavuus<\/h3>\n<p data-start=\"905\" data-end=\"1283\">Maailmankuulun Honda GX160 -moottorin voimanl\u00e4hteen\u00e4 PH-H250A takaa hiljaisen, v\u00e4h\u00e4p\u00e4\u00e4st\u00f6isen ja pitk\u00e4aikaisen suorituskyvyn. Laajennettu levy tarjoaa laajemman peiton, mik\u00e4 v\u00e4hent\u00e4\u00e4 ty\u00f6maalla tarvittavien l\u00e4pivientien m\u00e4\u00e4r\u00e4\u00e4. Matalat\u00e4rin\u00e4inen kahvaj\u00e4rjestelm\u00e4 auttaa minimoimaan v\u00e4symyksen, ja suojaava moottorih\u00e4kki takaa luotettavuuden my\u00f6s vaikeissa ty\u00f6olosuhteissa.<\/p>\n<p data-start=\"1285\" data-end=\"1384\">Helppo huolto ja maailmanlaajuisesti saatavilla olevat Hondan huolto-osat tekev\u00e4t t\u00e4st\u00e4 laitteesta huolettoman investoinnin.<\/p>\n<h3 data-start=\"1391\" data-end=\"1455\">Erinomainen asfaltin, pohjarakenteen ja ty\u00f6maan tuottavuuden kannalta.<\/h3>\n<p data-start=\"1457\" data-end=\"1719\">Olipa kyseess\u00e4 kuuman asfaltin, soran tai saven tiivist\u00e4minen, PH-H250A toimii tasaisesti ja lujasti. Se sopii erinomaisesti kaupunkien kunnossapitoryhmille, tieurakoitsijoille ja rakennuttajille, jotka etsiv\u00e4t kest\u00e4v\u00e4\u00e4 ja ajallisesti tehokasta tiivistint\u00e4.<\/p>\n<p data-start=\"1721\" data-end=\"1835\">Levyn leveys ja iskutasapaino mahdollistavat nopeamman projektin loppuunsaattamisen syvyydest\u00e4 tai tasaisuudesta tinkim\u00e4tt\u00e4.<\/p>\n<h3 data-start=\"1842\" data-end=\"1888\">PH-H250A -levytiivistimen t\u00e4rkeimm\u00e4t ominaisuudet<\/h3>\n<ul data-start=\"1890\" data-end=\"2211\">\n<li data-start=\"1890\" data-end=\"1945\">\n<p data-start=\"1892\" data-end=\"1945\">Honda GX160 -moottori takaa hiljaisen ja luotettavan toiminnan<\/p>\n<\/li>\n<li data-start=\"1946\" data-end=\"2010\">\n<p data-start=\"1948\" data-end=\"2010\">Eritt\u00e4in leve\u00e4 tiivistyslevy parantaa ty\u00f6maan tehokkuutta<\/p>\n<\/li>\n<li data-start=\"2011\" data-end=\"2081\">\n<p data-start=\"2013\" data-end=\"2081\">Ihanteellinen asfaltin paikkaamiseen, pohjarakenteiden ja tienpohjan valmisteluun.<\/p>\n<\/li>\n<li data-start=\"2082\" data-end=\"2141\">\n<p data-start=\"2084\" data-end=\"2141\">Iskuja vaimentava kahva lis\u00e4\u00e4 k\u00e4ytt\u00f6mukavuutta ja hallintaa.<\/p>\n<\/li>\n<li data-start=\"2142\" data-end=\"2211\">\n<p data-start=\"2144\" data-end=\"2211\">Pitk\u00e4kestoinen suorituskyky, maailmanlaajuinen tuki ja helppo huolto<\/p>\n<\/li>\n<\/ul>\n<p><iframe title=\"kompakti, tamppausvasara, tampperi, levynpuristin, rakennust\u00e4rin\u00e4, tiivistys machine.#tamping\" width=\"720\" height=\"405\" src=\"https:\/\/www.youtube.com\/embed\/kHw7Cpv12Zs?feature=oembed\" frameborder=\"0\" allow=\"accelerometer; autoplay; clipboard-write; encrypted-media; gyroscope; picture-in-picture; web-share\" referrerpolicy=\"strict-origin-when-cross-origin\" allowfullscreen><\/iframe><\/p>","protected":false},"excerpt":{"rendered":"<p>Honda GX160 -moottorilla ja leve\u00e4mm\u00e4ll\u00e4 lautasella varustettu PH-H250A -laatantiivistin tarjoaa tehokasta ja hiljaista tiivist\u00e4mist\u00e4 asfaltti-, maa- ja pohjarakennushankkeissa. Rakennettu kest\u00e4m\u00e4\u00e4n ja kattamaan enemm\u00e4n maata.<\/p>","protected":false},"featured_media":9125,"template":"","meta":{"_kad_post_transparent":"default","_kad_post_title":"","_kad_post_layout":"default","_kad_post_sidebar_id":"","_kad_post_content_style":"default","_kad_post_vertical_padding":"default","_kad_post_feature":"","_kad_post_feature_position":"","_kad_post_header":false,"_kad_post_footer":false},"product_brand":[],"product_cat":[59],"product_tag":[1066,1062,1065,1070,1069,1063,1067,1064,1061,1068],"class_list":{"0":"post-9124","1":"product","2":"type-product","3":"status-publish","4":"has-post-thumbnail","6":"product_cat-plate-compactor","7":"product_tag-diesel-plate-compactor","8":"product_tag-forward-plate-compactor","9":"product_tag-gasoline-plate-compactor","10":"product_tag-heavy-duty-plate-compactor","11":"product_tag-plate-compactor-for-asphalt","12":"product_tag-reversible-plate-compactor","13":"product_tag-road-construction-compactor","14":"product_tag-soil-plate-compactor","15":"product_tag-vibratory-plate-compactor","16":"product_tag-walk-behind-plate-compactor","18":"first","19":"instock","20":"shipping-taxable","21":"product-type-simple","22":"entry","23":"content-bg","24":"loop-entry"},"yoast_head":"<!-- This site is optimized with the Yoast SEO plugin v25.3.1 - https:\/\/yoast.com\/wordpress\/plugins\/seo\/ -->\n<title>Plate Compactor PH-H250A - HSY Construction Machinery<\/title>\n<meta name=\"description\" content=\"PH-H250A Honda Plate Compactor offers reliable, efficient compaction with a wider plate for roads, asphalt repairs, and foundations. High-performance soil compactor.\" \/>\n<meta name=\"robots\" content=\"index, follow, max-snippet:-1, max-image-preview:large, max-video-preview:-1\" \/>\n<link rel=\"canonical\" href=\"https:\/\/www.hsymachinery.com\/fi\/tuote\/lautastiivistin-ph-h250a\/\" \/>\n<meta property=\"og:locale\" content=\"fi_FI\" \/>\n<meta property=\"og:type\" content=\"article\" \/>\n<meta property=\"og:title\" content=\"Plate Compactor PH-H250A - HSY Construction Machinery\" \/>\n<meta property=\"og:description\" content=\"PH-H250A Honda Plate Compactor offers reliable, efficient compaction with a wider plate for roads, asphalt repairs, and foundations. High-performance soil compactor.\" \/>\n<meta property=\"og:url\" content=\"https:\/\/www.hsymachinery.com\/fi\/tuote\/lautastiivistin-ph-h250a\/\" \/>\n<meta property=\"og:site_name\" content=\"HSY Construction Machinery\" \/>\n<meta property=\"article:modified_time\" content=\"2025-06-28T12:07:30+00:00\" \/>\n<meta property=\"og:image\" content=\"https:\/\/www.hsymachinery.com\/wp-content\/uploads\/2025\/06\/Plate-Compactor-PH-H250A.jpg\" \/>\n\t<meta property=\"og:image:width\" content=\"600\" \/>\n\t<meta property=\"og:image:height\" content=\"600\" \/>\n\t<meta property=\"og:image:type\" content=\"image\/jpeg\" \/>\n<meta name=\"twitter:card\" content=\"summary_large_image\" \/>\n<meta name=\"twitter:label1\" content=\"Arvioitu lukuaika\" \/>\n\t<meta name=\"twitter:data1\" content=\"2 minuuttia\" \/>\n<script type=\"application\/ld+json\" class=\"yoast-schema-graph\">{\"@context\":\"https:\/\/schema.org\",\"@graph\":[{\"@type\":\"WebPage\",\"@id\":\"https:\/\/www.hsymachinery.com\/product\/plate-compactor-ph-h250a\/\",\"url\":\"https:\/\/www.hsymachinery.com\/product\/plate-compactor-ph-h250a\/\",\"name\":\"Plate Compactor PH-H250A - HSY Construction Machinery\",\"isPartOf\":{\"@id\":\"https:\/\/www.hsymachinery.com\/#website\"},\"primaryImageOfPage\":{\"@id\":\"https:\/\/www.hsymachinery.com\/product\/plate-compactor-ph-h250a\/#primaryimage\"},\"image\":{\"@id\":\"https:\/\/www.hsymachinery.com\/product\/plate-compactor-ph-h250a\/#primaryimage\"},\"thumbnailUrl\":\"https:\/\/www.hsymachinery.com\/wp-content\/uploads\/2025\/06\/Plate-Compactor-PH-H250A.jpg\",\"datePublished\":\"2025-06-18T09:06:54+00:00\",\"dateModified\":\"2025-06-28T12:07:30+00:00\",\"description\":\"PH-H250A Honda Plate Compactor offers reliable, efficient compaction with a wider plate for roads, asphalt repairs, and foundations. High-performance soil compactor.\",\"breadcrumb\":{\"@id\":\"https:\/\/www.hsymachinery.com\/product\/plate-compactor-ph-h250a\/#breadcrumb\"},\"inLanguage\":\"fi\",\"potentialAction\":[{\"@type\":\"ReadAction\",\"target\":[\"https:\/\/www.hsymachinery.com\/product\/plate-compactor-ph-h250a\/\"]}]},{\"@type\":\"ImageObject\",\"inLanguage\":\"fi\",\"@id\":\"https:\/\/www.hsymachinery.com\/product\/plate-compactor-ph-h250a\/#primaryimage\",\"url\":\"https:\/\/www.hsymachinery.com\/wp-content\/uploads\/2025\/06\/Plate-Compactor-PH-H250A.jpg\",\"contentUrl\":\"https:\/\/www.hsymachinery.com\/wp-content\/uploads\/2025\/06\/Plate-Compactor-PH-H250A.jpg\",\"width\":600,\"height\":600},{\"@type\":\"BreadcrumbList\",\"@id\":\"https:\/\/www.hsymachinery.com\/product\/plate-compactor-ph-h250a\/#breadcrumb\",\"itemListElement\":[{\"@type\":\"ListItem\",\"position\":1,\"name\":\"home\",\"item\":\"https:\/\/www.hsymachinery.com\/\"},{\"@type\":\"ListItem\",\"position\":2,\"name\":\"products\",\"item\":\"https:\/\/www.hsymachinery.com\/products\/\"},{\"@type\":\"ListItem\",\"position\":3,\"name\":\"Plate Compactor PH-H250A\"}]},{\"@type\":\"WebSite\",\"@id\":\"https:\/\/www.hsymachinery.com\/#website\",\"url\":\"https:\/\/www.hsymachinery.com\/\",\"name\":\"HSY Construction Machinery\",\"description\":\"HSY Machinery \u2013 A leading China construction machinery supplier, offering a wide range of light construction equipment. Our main products include Rebar Cutting Machine, Rebar Bending Machine, Rebar Stirrup Bending Machine, Rebar Arc Bending Machine, Rebar Straightening Machine, Five-Head Rebar Stirrup Bending Machine, Tamping Rammer, Plate Compactor, Concrete Cutter, Power Trowel, and other construction machinery. We are equipped with advanced CNC machines, and we enforce strict quality inspection standards along with comprehensive after-sales service. If you are interested in our products or services, we warmly welcome your inquiries via message.\",\"publisher\":{\"@id\":\"https:\/\/www.hsymachinery.com\/#organization\"},\"potentialAction\":[{\"@type\":\"SearchAction\",\"target\":{\"@type\":\"EntryPoint\",\"urlTemplate\":\"https:\/\/www.hsymachinery.com\/?s={search_term_string}\"},\"query-input\":{\"@type\":\"PropertyValueSpecification\",\"valueRequired\":true,\"valueName\":\"search_term_string\"}}],\"inLanguage\":\"fi\"},{\"@type\":\"Organization\",\"@id\":\"https:\/\/www.hsymachinery.com\/#organization\",\"name\":\"HSY Construction Machinery\",\"url\":\"https:\/\/www.hsymachinery.com\/\",\"logo\":{\"@type\":\"ImageObject\",\"inLanguage\":\"fi\",\"@id\":\"https:\/\/www.hsymachinery.com\/#\/schema\/logo\/image\/\",\"url\":\"https:\/\/www.hsymachinery.com\/wp-content\/uploads\/2025\/06\/cropped-HSY-machinery.png\",\"contentUrl\":\"https:\/\/www.hsymachinery.com\/wp-content\/uploads\/2025\/06\/cropped-HSY-machinery.png\",\"width\":600,\"height\":240,\"caption\":\"HSY Construction Machinery\"},\"image\":{\"@id\":\"https:\/\/www.hsymachinery.com\/#\/schema\/logo\/image\/\"}}]}<\/script>\n<!-- \/ Yoast SEO plugin. -->","yoast_head_json":{"title":"Levytiivistin PH-H250A - HSY Rakennuskoneet ja -laitteet","description":"PH-H250A Honda Plate Compactor tarjoaa luotettavaa ja tehokasta tiivist\u00e4mist\u00e4 leve\u00e4mm\u00e4ll\u00e4 lautasella teiden, asfaltin korjaukseen ja perustuksiin. Tehokas maantiivist\u00e4j\u00e4.","robots":{"index":"index","follow":"follow","max-snippet":"max-snippet:-1","max-image-preview":"max-image-preview:large","max-video-preview":"max-video-preview:-1"},"canonical":"https:\/\/www.hsymachinery.com\/fi\/tuote\/lautastiivistin-ph-h250a\/","og_locale":"fi_FI","og_type":"article","og_title":"Plate Compactor PH-H250A - HSY Construction Machinery","og_description":"PH-H250A Honda Plate Compactor offers reliable, efficient compaction with a wider plate for roads, asphalt repairs, and foundations. High-performance soil compactor.","og_url":"https:\/\/www.hsymachinery.com\/fi\/tuote\/lautastiivistin-ph-h250a\/","og_site_name":"HSY Construction Machinery","article_modified_time":"2025-06-28T12:07:30+00:00","og_image":[{"width":600,"height":600,"url":"https:\/\/www.hsymachinery.com\/wp-content\/uploads\/2025\/06\/Plate-Compactor-PH-H250A.jpg","type":"image\/jpeg"}],"twitter_card":"summary_large_image","twitter_misc":{"Arvioitu lukuaika":"2 minuuttia"},"schema":{"@context":"https:\/\/schema.org","@graph":[{"@type":"WebPage","@id":"https:\/\/www.hsymachinery.com\/product\/plate-compactor-ph-h250a\/","url":"https:\/\/www.hsymachinery.com\/product\/plate-compactor-ph-h250a\/","name":"Levytiivistin PH-H250A - HSY Rakennuskoneet ja -laitteet","isPartOf":{"@id":"https:\/\/www.hsymachinery.com\/#website"},"primaryImageOfPage":{"@id":"https:\/\/www.hsymachinery.com\/product\/plate-compactor-ph-h250a\/#primaryimage"},"image":{"@id":"https:\/\/www.hsymachinery.com\/product\/plate-compactor-ph-h250a\/#primaryimage"},"thumbnailUrl":"https:\/\/www.hsymachinery.com\/wp-content\/uploads\/2025\/06\/Plate-Compactor-PH-H250A.jpg","datePublished":"2025-06-18T09:06:54+00:00","dateModified":"2025-06-28T12:07:30+00:00","description":"PH-H250A Honda Plate Compactor tarjoaa luotettavaa ja tehokasta tiivist\u00e4mist\u00e4 leve\u00e4mm\u00e4ll\u00e4 lautasella teiden, asfaltin korjaukseen ja perustuksiin. Tehokas maantiivist\u00e4j\u00e4.","breadcrumb":{"@id":"https:\/\/www.hsymachinery.com\/product\/plate-compactor-ph-h250a\/#breadcrumb"},"inLanguage":"fi","potentialAction":[{"@type":"ReadAction","target":["https:\/\/www.hsymachinery.com\/product\/plate-compactor-ph-h250a\/"]}]},{"@type":"ImageObject","inLanguage":"fi","@id":"https:\/\/www.hsymachinery.com\/product\/plate-compactor-ph-h250a\/#primaryimage","url":"https:\/\/www.hsymachinery.com\/wp-content\/uploads\/2025\/06\/Plate-Compactor-PH-H250A.jpg","contentUrl":"https:\/\/www.hsymachinery.com\/wp-content\/uploads\/2025\/06\/Plate-Compactor-PH-H250A.jpg","width":600,"height":600},{"@type":"BreadcrumbList","@id":"https:\/\/www.hsymachinery.com\/product\/plate-compactor-ph-h250a\/#breadcrumb","itemListElement":[{"@type":"ListItem","position":1,"name":"home","item":"https:\/\/www.hsymachinery.com\/"},{"@type":"ListItem","position":2,"name":"products","item":"https:\/\/www.hsymachinery.com\/products\/"},{"@type":"ListItem","position":3,"name":"Plate Compactor PH-H250A"}]},{"@type":"WebSite","@id":"https:\/\/www.hsymachinery.com\/#website","url":"https:\/\/www.hsymachinery.com\/","name":"HSY Construction Machinery","description":"HSY Machinery - Kiinan johtava rakennuskoneiden toimittaja, joka tarjoaa laajan valikoiman kevyit\u00e4 rakennuskoneita. P\u00e4\u00e4tuotteitamme ovat Rebar Cutting Machine, Rebar Bending Machine, Rebar Stirrup Bending Machine, Rebar Arc Bending Machine, Rebar Straighting Machine, Five-Head Rebar Stirrup Bending Machine, Tamping Rammer, Plate Compactor, Concrete Cutter, Power Trowel ja muut rakennuskoneet. Olemme varustettu kehittyneill\u00e4 CNC-koneilla, ja noudatamme tiukkoja laadunvalvontastandardeja sek\u00e4 kattavaa huoltopalvelua. Jos olet kiinnostunut tuotteistamme tai palveluistamme, toivotamme l\u00e4mpim\u00e4sti tervetulleeksi tiedustelusi viestill\u00e4.","publisher":{"@id":"https:\/\/www.hsymachinery.com\/#organization"},"potentialAction":[{"@type":"SearchAction","target":{"@type":"EntryPoint","urlTemplate":"https:\/\/www.hsymachinery.com\/?s={search_term_string}"},"query-input":{"@type":"PropertyValueSpecification","valueRequired":true,"valueName":"search_term_string"}}],"inLanguage":"fi"},{"@type":"Organization","@id":"https:\/\/www.hsymachinery.com\/#organization","name":"HSY Construction Machinery","url":"https:\/\/www.hsymachinery.com\/","logo":{"@type":"ImageObject","inLanguage":"fi","@id":"https:\/\/www.hsymachinery.com\/#\/schema\/logo\/image\/","url":"https:\/\/www.hsymachinery.com\/wp-content\/uploads\/2025\/06\/cropped-HSY-machinery.png","contentUrl":"https:\/\/www.hsymachinery.com\/wp-content\/uploads\/2025\/06\/cropped-HSY-machinery.png","width":600,"height":240,"caption":"HSY Construction Machinery"},"image":{"@id":"https:\/\/www.hsymachinery.com\/#\/schema\/logo\/image\/"}}]}},"_links":{"self":[{"href":"https:\/\/www.hsymachinery.com\/fi\/wp-json\/wp\/v2\/product\/9124","targetHints":{"allow":["GET"]}}],"collection":[{"href":"https:\/\/www.hsymachinery.com\/fi\/wp-json\/wp\/v2\/product"}],"about":[{"href":"https:\/\/www.hsymachinery.com\/fi\/wp-json\/wp\/v2\/types\/product"}],"version-history":[{"count":3,"href":"https:\/\/www.hsymachinery.com\/fi\/wp-json\/wp\/v2\/product\/9124\/revisions"}],"predecessor-version":[{"id":9539,"href":"https:\/\/www.hsymachinery.com\/fi\/wp-json\/wp\/v2\/product\/9124\/revisions\/9539"}],"wp:featuredmedia":[{"embeddable":true,"href":"https:\/\/www.hsymachinery.com\/fi\/wp-json\/wp\/v2\/media\/9125"}],"wp:attachment":[{"href":"https:\/\/www.hsymachinery.com\/fi\/wp-json\/wp\/v2\/media?parent=9124"}],"wp:term":[{"taxonomy":"product_brand","embeddable":true,"href":"https:\/\/www.hsymachinery.com\/fi\/wp-json\/wp\/v2\/product_brand?post=9124"},{"taxonomy":"product_cat","embeddable":true,"href":"https:\/\/www.hsymachinery.com\/fi\/wp-json\/wp\/v2\/product_cat?post=9124"},{"taxonomy":"product_tag","embeddable":true,"href":"https:\/\/www.hsymachinery.com\/fi\/wp-json\/wp\/v2\/product_tag?post=9124"}],"curies":[{"name":"wp","href":"https:\/\/api.w.org\/{rel}","templated":true}]}}