{"id":9118,"date":"2025-06-18T17:04:38","date_gmt":"2025-06-18T09:04:38","guid":{"rendered":"https:\/\/www.hsymachinery.com\/?post_type=product&#038;p=9118"},"modified":"2025-06-28T19:56:08","modified_gmt":"2025-06-28T11:56:08","slug":"lautaspuristin-ph-c250","status":"publish","type":"product","link":"https:\/\/www.hsymachinery.com\/fi\/tuote\/lautaspuristin-ph-c250\/","title":{"rendered":"Levytiivistin PH-C250"},"content":{"rendered":"<h2 data-start=\"101\" data-end=\"132\">Levytiivistin PH-C250<\/h2>\n<h3 data-start=\"133\" data-end=\"250\">PH-C250 Diesel Plate Compactor | Suuren v\u00e4\u00e4nt\u00f6momentin maantiivist\u00e4j\u00e4 perustuksiin, tiet\u00f6ihin ja soran pinnan valmisteluun.<\/h3>\n<h3 data-start=\"257\" data-end=\"331\">Tuotteen yleiskatsaus - Dieselk\u00e4ytt\u00f6inen tiivistys vaativille ty\u00f6maille<a href=\"https:\/\/www.hsymachinery.com\/fi\/tuotteet\/lautaspuristin\/\" target=\"_blank\" rel=\"noopener\"><img fetchpriority=\"high\" decoding=\"async\" class=\"wp-image-9119 alignright\" src=\"https:\/\/www.hsymachinery.com\/wp-content\/uploads\/2025\/06\/Plate-Compactor-PH-C250-300x300.jpg\" alt=\"\" width=\"458\" height=\"458\" srcset=\"https:\/\/www.hsymachinery.com\/wp-content\/uploads\/2025\/06\/Plate-Compactor-PH-C250-300x300.jpg 300w, https:\/\/www.hsymachinery.com\/wp-content\/uploads\/2025\/06\/Plate-Compactor-PH-C250-150x150.jpg 150w, https:\/\/www.hsymachinery.com\/wp-content\/uploads\/2025\/06\/Plate-Compactor-PH-C250-100x100.jpg 100w, https:\/\/www.hsymachinery.com\/wp-content\/uploads\/2025\/06\/Plate-Compactor-PH-C250.jpg 600w\" sizes=\"(max-width: 458px) 100vw, 458px\" \/><\/a><\/h3>\n<p data-start=\"333\" data-end=\"661\">The <strong data-start=\"337\" data-end=\"364\">PH-C250 Levytiivistin<\/strong> on dieselmoottorilla toimiva keskikokoinen laattaty\u00f6maa, joka on suunniteltu vaativiin ty\u00f6maaolosuhteisiin, joissa tasainen voima ja polttoainetaloudellisuus ovat kriittisi\u00e4. Sit\u00e4 k\u00e4ytet\u00e4\u00e4n laajalti perustusten pohjan valmisteluun, soran tiivist\u00e4miseen, teiden paikkaamiseen ja asfaltin korjaamiseen sek\u00e4 kaupungeissa ett\u00e4 syrj\u00e4isill\u00e4 alueilla.<\/p>\n<p data-start=\"663\" data-end=\"827\">V\u00e4\u00e4nt\u00f6momentiltaan suuren dieselmoottorinsa ansiosta PH-C250 toimii tehokkaasti erilaisilla materiaaleilla ja vakauttaa maaper\u00e4n syv\u00e4lle ja tasaisesti jokaisella kerralla.<\/p>\n<h3 data-start=\"834\" data-end=\"893\">Tehokas, kest\u00e4v\u00e4 ja suunniteltu pitkiin ty\u00f6tunteihin.<\/h3>\n<p data-start=\"895\" data-end=\"1247\">Polttoainetehokkaalla dieselmoottorilla varustettu PH-C250 kulkee yhdell\u00e4 tankilla pidemp\u00e4\u00e4n kuin vastaavat bensiinik\u00e4ytt\u00f6iset yksik\u00f6t. Sen vahvistettu ter\u00e4ksinen pohjalevy tuottaa korkeataajuista t\u00e4rin\u00e4\u00e4 sek\u00e4 tiiviiden ett\u00e4 l\u00f6yhien maiden tiivist\u00e4miseen. Iskuja vaimentava kahvaj\u00e4rjestelm\u00e4 takaa paremman hallinnan ja v\u00e4hent\u00e4\u00e4 kuljettajan v\u00e4symist\u00e4 jatkuvassa k\u00e4yt\u00f6ss\u00e4.<\/p>\n<p data-start=\"1249\" data-end=\"1352\">Lis\u00e4ksi tiivistetty hihnasuoja ja avoin p\u00e4\u00e4sy mahdollistavat helpon huollon ty\u00f6mailla.<\/p>\n<h3 data-start=\"1359\" data-end=\"1425\">Ihanteellinen kentt\u00e4rakentamiseen ja energiatehokkaaseen toimintaan<\/h3>\n<p data-start=\"1427\" data-end=\"1759\">Dieselmoottorit toimivat parhaiten pitk\u00e4kestoisessa k\u00e4yt\u00f6ss\u00e4 ja suurella kuormituksella, joten PH-C250 on \u00e4lyk\u00e4s valinta infrastruktuurihankkeisiin, maaseututy\u00f6maille ja alueille, joilla bensiinin saanti on rajoitettua. Sen tehokas tiivistysteho tukee luotettavia tuloksia sorapohjissa, hiekkapohjissa ja teiden perustuksissa.<\/p>\n<p data-start=\"1761\" data-end=\"1842\">Raskasrakenteisen rakenteensa ansiosta se kest\u00e4\u00e4 helposti ankarat ulkoilmaolosuhteet.<\/p>\n<h3 data-start=\"1849\" data-end=\"1901\">PH-C250 dieselk\u00e4ytt\u00f6isen levynpuristimen t\u00e4rkeimm\u00e4t ominaisuudet<\/h3>\n<ul data-start=\"1903\" data-end=\"2219\">\n<li data-start=\"1903\" data-end=\"1966\">\n<p data-start=\"1905\" data-end=\"1966\">Suuren v\u00e4\u00e4nt\u00f6momentin dieselmoottori takaa vahvan ja tasaisen tiivistymisen.<\/p>\n<\/li>\n<li data-start=\"1967\" data-end=\"2035\">\n<p data-start=\"1969\" data-end=\"2035\">Keskikokoinen levy sopii erinomaisesti teiden, perustusten ja pys\u00e4k\u00f6intialueiden rakentamiseen.<\/p>\n<\/li>\n<li data-start=\"2036\" data-end=\"2099\">\n<p data-start=\"2038\" data-end=\"2099\">Pidempi k\u00e4ytt\u00f6aika ja polttoaines\u00e4\u00e4st\u00f6t bensiinimalleihin verrattuna.<\/p>\n<\/li>\n<li data-start=\"2100\" data-end=\"2161\">\n<p data-start=\"2102\" data-end=\"2161\">Vahva ter\u00e4spohja, jossa tasainen t\u00e4rin\u00e4 sileille pinnoille.<\/p>\n<\/li>\n<li data-start=\"2162\" data-end=\"2219\">\n<p data-start=\"2164\" data-end=\"2219\">Moottorin kansi ja avoin runkorakenne helpottavat huoltoa<\/p>\n<\/li>\n<\/ul>\n<p><iframe title=\"kompakti, tamppausvasara, tampperi, levynpuristin, rakennust\u00e4rin\u00e4, tiivistys machine.#tamping\" width=\"720\" height=\"405\" src=\"https:\/\/www.youtube.com\/embed\/kHw7Cpv12Zs?feature=oembed\" frameborder=\"0\" allow=\"accelerometer; autoplay; clipboard-write; encrypted-media; gyroscope; picture-in-picture; web-share\" referrerpolicy=\"strict-origin-when-cross-origin\" allowfullscreen><\/iframe><\/p>","protected":false},"excerpt":{"rendered":"<p>PH-C250-dieselmoottorilla varustettu lautasmurskain mahdollistaa tehokkaan, suuren v\u00e4\u00e4nt\u00f6momentin omaavan maan tiivist\u00e4misen tienrakennust\u00f6iss\u00e4, sora- ja perustust\u00f6iss\u00e4. Rakennettu jatkuvaan suorituskykyyn ja kest\u00e4vyyteen.<\/p>","protected":false},"featured_media":9119,"template":"","meta":{"_kad_post_transparent":"default","_kad_post_title":"","_kad_post_layout":"default","_kad_post_sidebar_id":"","_kad_post_content_style":"default","_kad_post_vertical_padding":"default","_kad_post_feature":"","_kad_post_feature_position":"","_kad_post_header":false,"_kad_post_footer":false},"product_brand":[],"product_cat":[59],"product_tag":[1066,1062,1065,1070,1069,1063,1067,1064,1061,1068],"class_list":{"0":"post-9118","1":"product","2":"type-product","3":"status-publish","4":"has-post-thumbnail","6":"product_cat-plate-compactor","7":"product_tag-diesel-plate-compactor","8":"product_tag-forward-plate-compactor","9":"product_tag-gasoline-plate-compactor","10":"product_tag-heavy-duty-plate-compactor","11":"product_tag-plate-compactor-for-asphalt","12":"product_tag-reversible-plate-compactor","13":"product_tag-road-construction-compactor","14":"product_tag-soil-plate-compactor","15":"product_tag-vibratory-plate-compactor","16":"product_tag-walk-behind-plate-compactor","18":"first","19":"instock","20":"shipping-taxable","21":"product-type-simple","22":"entry","23":"content-bg","24":"loop-entry"},"yoast_head":"<!-- This site is optimized with the Yoast SEO plugin v25.3.1 - https:\/\/yoast.com\/wordpress\/plugins\/seo\/ -->\n<title>Plate Compactor PH-C250 - HSY Construction Machinery<\/title>\n<meta name=\"description\" content=\"PH-C250 Diesel Plate Compactor delivers fuel-efficient, high-impact compaction for road, gravel, and foundation work. Ideal for demanding and remote job sites.\" \/>\n<meta name=\"robots\" content=\"index, follow, max-snippet:-1, max-image-preview:large, max-video-preview:-1\" \/>\n<link rel=\"canonical\" href=\"https:\/\/www.hsymachinery.com\/fi\/tuote\/lautaspuristin-ph-c250\/\" \/>\n<meta property=\"og:locale\" content=\"fi_FI\" \/>\n<meta property=\"og:type\" content=\"article\" \/>\n<meta property=\"og:title\" content=\"Plate Compactor PH-C250 - HSY Construction Machinery\" \/>\n<meta property=\"og:description\" content=\"PH-C250 Diesel Plate Compactor delivers fuel-efficient, high-impact compaction for road, gravel, and foundation work. Ideal for demanding and remote job sites.\" \/>\n<meta property=\"og:url\" content=\"https:\/\/www.hsymachinery.com\/fi\/tuote\/lautaspuristin-ph-c250\/\" \/>\n<meta property=\"og:site_name\" content=\"HSY Construction Machinery\" \/>\n<meta property=\"article:modified_time\" content=\"2025-06-28T11:56:08+00:00\" \/>\n<meta property=\"og:image\" content=\"https:\/\/www.hsymachinery.com\/wp-content\/uploads\/2025\/06\/Plate-Compactor-PH-C250.jpg\" \/>\n\t<meta property=\"og:image:width\" content=\"600\" \/>\n\t<meta property=\"og:image:height\" content=\"600\" \/>\n\t<meta property=\"og:image:type\" content=\"image\/jpeg\" \/>\n<meta name=\"twitter:card\" content=\"summary_large_image\" \/>\n<meta name=\"twitter:label1\" content=\"Arvioitu lukuaika\" \/>\n\t<meta name=\"twitter:data1\" content=\"2 minuuttia\" \/>\n<script type=\"application\/ld+json\" class=\"yoast-schema-graph\">{\"@context\":\"https:\/\/schema.org\",\"@graph\":[{\"@type\":\"WebPage\",\"@id\":\"https:\/\/www.hsymachinery.com\/product\/plate-compactor-ph-c250\/\",\"url\":\"https:\/\/www.hsymachinery.com\/product\/plate-compactor-ph-c250\/\",\"name\":\"Plate Compactor PH-C250 - HSY Construction Machinery\",\"isPartOf\":{\"@id\":\"https:\/\/www.hsymachinery.com\/#website\"},\"primaryImageOfPage\":{\"@id\":\"https:\/\/www.hsymachinery.com\/product\/plate-compactor-ph-c250\/#primaryimage\"},\"image\":{\"@id\":\"https:\/\/www.hsymachinery.com\/product\/plate-compactor-ph-c250\/#primaryimage\"},\"thumbnailUrl\":\"https:\/\/www.hsymachinery.com\/wp-content\/uploads\/2025\/06\/Plate-Compactor-PH-C250.jpg\",\"datePublished\":\"2025-06-18T09:04:38+00:00\",\"dateModified\":\"2025-06-28T11:56:08+00:00\",\"description\":\"PH-C250 Diesel Plate Compactor delivers fuel-efficient, high-impact compaction for road, gravel, and foundation work. Ideal for demanding and remote job sites.\",\"breadcrumb\":{\"@id\":\"https:\/\/www.hsymachinery.com\/product\/plate-compactor-ph-c250\/#breadcrumb\"},\"inLanguage\":\"fi\",\"potentialAction\":[{\"@type\":\"ReadAction\",\"target\":[\"https:\/\/www.hsymachinery.com\/product\/plate-compactor-ph-c250\/\"]}]},{\"@type\":\"ImageObject\",\"inLanguage\":\"fi\",\"@id\":\"https:\/\/www.hsymachinery.com\/product\/plate-compactor-ph-c250\/#primaryimage\",\"url\":\"https:\/\/www.hsymachinery.com\/wp-content\/uploads\/2025\/06\/Plate-Compactor-PH-C250.jpg\",\"contentUrl\":\"https:\/\/www.hsymachinery.com\/wp-content\/uploads\/2025\/06\/Plate-Compactor-PH-C250.jpg\",\"width\":600,\"height\":600},{\"@type\":\"BreadcrumbList\",\"@id\":\"https:\/\/www.hsymachinery.com\/product\/plate-compactor-ph-c250\/#breadcrumb\",\"itemListElement\":[{\"@type\":\"ListItem\",\"position\":1,\"name\":\"home\",\"item\":\"https:\/\/www.hsymachinery.com\/\"},{\"@type\":\"ListItem\",\"position\":2,\"name\":\"products\",\"item\":\"https:\/\/www.hsymachinery.com\/products\/\"},{\"@type\":\"ListItem\",\"position\":3,\"name\":\"Plate Compactor PH-C250\"}]},{\"@type\":\"WebSite\",\"@id\":\"https:\/\/www.hsymachinery.com\/#website\",\"url\":\"https:\/\/www.hsymachinery.com\/\",\"name\":\"HSY Construction Machinery\",\"description\":\"HSY Machinery \u2013 A leading China construction machinery supplier, offering a wide range of light construction equipment. Our main products include Rebar Cutting Machine, Rebar Bending Machine, Rebar Stirrup Bending Machine, Rebar Arc Bending Machine, Rebar Straightening Machine, Five-Head Rebar Stirrup Bending Machine, Tamping Rammer, Plate Compactor, Concrete Cutter, Power Trowel, and other construction machinery. We are equipped with advanced CNC machines, and we enforce strict quality inspection standards along with comprehensive after-sales service. If you are interested in our products or services, we warmly welcome your inquiries via message.\",\"publisher\":{\"@id\":\"https:\/\/www.hsymachinery.com\/#organization\"},\"potentialAction\":[{\"@type\":\"SearchAction\",\"target\":{\"@type\":\"EntryPoint\",\"urlTemplate\":\"https:\/\/www.hsymachinery.com\/?s={search_term_string}\"},\"query-input\":{\"@type\":\"PropertyValueSpecification\",\"valueRequired\":true,\"valueName\":\"search_term_string\"}}],\"inLanguage\":\"fi\"},{\"@type\":\"Organization\",\"@id\":\"https:\/\/www.hsymachinery.com\/#organization\",\"name\":\"HSY Construction Machinery\",\"url\":\"https:\/\/www.hsymachinery.com\/\",\"logo\":{\"@type\":\"ImageObject\",\"inLanguage\":\"fi\",\"@id\":\"https:\/\/www.hsymachinery.com\/#\/schema\/logo\/image\/\",\"url\":\"https:\/\/www.hsymachinery.com\/wp-content\/uploads\/2025\/06\/cropped-HSY-machinery.png\",\"contentUrl\":\"https:\/\/www.hsymachinery.com\/wp-content\/uploads\/2025\/06\/cropped-HSY-machinery.png\",\"width\":600,\"height\":240,\"caption\":\"HSY Construction Machinery\"},\"image\":{\"@id\":\"https:\/\/www.hsymachinery.com\/#\/schema\/logo\/image\/\"}}]}<\/script>\n<!-- \/ Yoast SEO plugin. -->","yoast_head_json":{"title":"Levytiivistin PH-C250 - HSY Rakennuskoneet ja -laitteet","description":"PH-C250 Diesel Plate Compactor tarjoaa polttoainetehokkaan, tehokkaan tiivistyksen tie-, sora- ja perustust\u00f6ihin. Ihanteellinen vaativille ja syrj\u00e4isille ty\u00f6maille.","robots":{"index":"index","follow":"follow","max-snippet":"max-snippet:-1","max-image-preview":"max-image-preview:large","max-video-preview":"max-video-preview:-1"},"canonical":"https:\/\/www.hsymachinery.com\/fi\/tuote\/lautaspuristin-ph-c250\/","og_locale":"fi_FI","og_type":"article","og_title":"Plate Compactor PH-C250 - HSY Construction Machinery","og_description":"PH-C250 Diesel Plate Compactor delivers fuel-efficient, high-impact compaction for road, gravel, and foundation work. Ideal for demanding and remote job sites.","og_url":"https:\/\/www.hsymachinery.com\/fi\/tuote\/lautaspuristin-ph-c250\/","og_site_name":"HSY Construction Machinery","article_modified_time":"2025-06-28T11:56:08+00:00","og_image":[{"width":600,"height":600,"url":"https:\/\/www.hsymachinery.com\/wp-content\/uploads\/2025\/06\/Plate-Compactor-PH-C250.jpg","type":"image\/jpeg"}],"twitter_card":"summary_large_image","twitter_misc":{"Arvioitu lukuaika":"2 minuuttia"},"schema":{"@context":"https:\/\/schema.org","@graph":[{"@type":"WebPage","@id":"https:\/\/www.hsymachinery.com\/product\/plate-compactor-ph-c250\/","url":"https:\/\/www.hsymachinery.com\/product\/plate-compactor-ph-c250\/","name":"Levytiivistin PH-C250 - HSY Rakennuskoneet ja -laitteet","isPartOf":{"@id":"https:\/\/www.hsymachinery.com\/#website"},"primaryImageOfPage":{"@id":"https:\/\/www.hsymachinery.com\/product\/plate-compactor-ph-c250\/#primaryimage"},"image":{"@id":"https:\/\/www.hsymachinery.com\/product\/plate-compactor-ph-c250\/#primaryimage"},"thumbnailUrl":"https:\/\/www.hsymachinery.com\/wp-content\/uploads\/2025\/06\/Plate-Compactor-PH-C250.jpg","datePublished":"2025-06-18T09:04:38+00:00","dateModified":"2025-06-28T11:56:08+00:00","description":"PH-C250 Diesel Plate Compactor tarjoaa polttoainetehokkaan, tehokkaan tiivistyksen tie-, sora- ja perustust\u00f6ihin. Ihanteellinen vaativille ja syrj\u00e4isille ty\u00f6maille.","breadcrumb":{"@id":"https:\/\/www.hsymachinery.com\/product\/plate-compactor-ph-c250\/#breadcrumb"},"inLanguage":"fi","potentialAction":[{"@type":"ReadAction","target":["https:\/\/www.hsymachinery.com\/product\/plate-compactor-ph-c250\/"]}]},{"@type":"ImageObject","inLanguage":"fi","@id":"https:\/\/www.hsymachinery.com\/product\/plate-compactor-ph-c250\/#primaryimage","url":"https:\/\/www.hsymachinery.com\/wp-content\/uploads\/2025\/06\/Plate-Compactor-PH-C250.jpg","contentUrl":"https:\/\/www.hsymachinery.com\/wp-content\/uploads\/2025\/06\/Plate-Compactor-PH-C250.jpg","width":600,"height":600},{"@type":"BreadcrumbList","@id":"https:\/\/www.hsymachinery.com\/product\/plate-compactor-ph-c250\/#breadcrumb","itemListElement":[{"@type":"ListItem","position":1,"name":"home","item":"https:\/\/www.hsymachinery.com\/"},{"@type":"ListItem","position":2,"name":"products","item":"https:\/\/www.hsymachinery.com\/products\/"},{"@type":"ListItem","position":3,"name":"Plate Compactor PH-C250"}]},{"@type":"WebSite","@id":"https:\/\/www.hsymachinery.com\/#website","url":"https:\/\/www.hsymachinery.com\/","name":"HSY Construction Machinery","description":"HSY Machinery - Kiinan johtava rakennuskoneiden toimittaja, joka tarjoaa laajan valikoiman kevyit\u00e4 rakennuskoneita. P\u00e4\u00e4tuotteitamme ovat Rebar Cutting Machine, Rebar Bending Machine, Rebar Stirrup Bending Machine, Rebar Arc Bending Machine, Rebar Straighting Machine, Five-Head Rebar Stirrup Bending Machine, Tamping Rammer, Plate Compactor, Concrete Cutter, Power Trowel ja muut rakennuskoneet. Olemme varustettu kehittyneill\u00e4 CNC-koneilla, ja noudatamme tiukkoja laadunvalvontastandardeja sek\u00e4 kattavaa huoltopalvelua. Jos olet kiinnostunut tuotteistamme tai palveluistamme, toivotamme l\u00e4mpim\u00e4sti tervetulleeksi tiedustelusi viestill\u00e4.","publisher":{"@id":"https:\/\/www.hsymachinery.com\/#organization"},"potentialAction":[{"@type":"SearchAction","target":{"@type":"EntryPoint","urlTemplate":"https:\/\/www.hsymachinery.com\/?s={search_term_string}"},"query-input":{"@type":"PropertyValueSpecification","valueRequired":true,"valueName":"search_term_string"}}],"inLanguage":"fi"},{"@type":"Organization","@id":"https:\/\/www.hsymachinery.com\/#organization","name":"HSY Construction Machinery","url":"https:\/\/www.hsymachinery.com\/","logo":{"@type":"ImageObject","inLanguage":"fi","@id":"https:\/\/www.hsymachinery.com\/#\/schema\/logo\/image\/","url":"https:\/\/www.hsymachinery.com\/wp-content\/uploads\/2025\/06\/cropped-HSY-machinery.png","contentUrl":"https:\/\/www.hsymachinery.com\/wp-content\/uploads\/2025\/06\/cropped-HSY-machinery.png","width":600,"height":240,"caption":"HSY Construction Machinery"},"image":{"@id":"https:\/\/www.hsymachinery.com\/#\/schema\/logo\/image\/"}}]}},"_links":{"self":[{"href":"https:\/\/www.hsymachinery.com\/fi\/wp-json\/wp\/v2\/product\/9118","targetHints":{"allow":["GET"]}}],"collection":[{"href":"https:\/\/www.hsymachinery.com\/fi\/wp-json\/wp\/v2\/product"}],"about":[{"href":"https:\/\/www.hsymachinery.com\/fi\/wp-json\/wp\/v2\/types\/product"}],"version-history":[{"count":3,"href":"https:\/\/www.hsymachinery.com\/fi\/wp-json\/wp\/v2\/product\/9118\/revisions"}],"predecessor-version":[{"id":9535,"href":"https:\/\/www.hsymachinery.com\/fi\/wp-json\/wp\/v2\/product\/9118\/revisions\/9535"}],"wp:featuredmedia":[{"embeddable":true,"href":"https:\/\/www.hsymachinery.com\/fi\/wp-json\/wp\/v2\/media\/9119"}],"wp:attachment":[{"href":"https:\/\/www.hsymachinery.com\/fi\/wp-json\/wp\/v2\/media?parent=9118"}],"wp:term":[{"taxonomy":"product_brand","embeddable":true,"href":"https:\/\/www.hsymachinery.com\/fi\/wp-json\/wp\/v2\/product_brand?post=9118"},{"taxonomy":"product_cat","embeddable":true,"href":"https:\/\/www.hsymachinery.com\/fi\/wp-json\/wp\/v2\/product_cat?post=9118"},{"taxonomy":"product_tag","embeddable":true,"href":"https:\/\/www.hsymachinery.com\/fi\/wp-json\/wp\/v2\/product_tag?post=9118"}],"curies":[{"name":"wp","href":"https:\/\/api.w.org\/{rel}","templated":true}]}}