{"id":9106,"date":"2025-06-18T16:51:52","date_gmt":"2025-06-18T08:51:52","guid":{"rendered":"https:\/\/www.hsymachinery.com\/?post_type=product&#038;p=9106"},"modified":"2025-06-28T19:43:49","modified_gmt":"2025-06-28T11:43:49","slug":"lautaspuristin-ph-c90","status":"publish","type":"product","link":"https:\/\/www.hsymachinery.com\/fi\/tuote\/lautaspuristin-ph-c90\/","title":{"rendered":"Levytiivistin PH-C90"},"content":{"rendered":"<h2 data-start=\"95\" data-end=\"125\">Levytiivistin PH-C90<\/h2>\n<h3 data-start=\"126\" data-end=\"239\">PH-C90 Diesel Plate Compactor | Polttoainetehokas maantiivist\u00e4j\u00e4 p\u00e4\u00e4llysteisiin, perustuksiin ja ahtaisiin ty\u00f6alueisiin.<\/h3>\n<h3 data-start=\"246\" data-end=\"321\">Tuotekatsaus - Suuren v\u00e4\u00e4nt\u00f6momentin dieselsuorituskyky kompaktissa rungossa<a href=\"https:\/\/www.hsymachinery.com\/fi\/tuotteet\/lautaspuristin\/\" target=\"_blank\" rel=\"noopener\"><img fetchpriority=\"high\" decoding=\"async\" class=\"wp-image-9111 alignright\" src=\"https:\/\/www.hsymachinery.com\/wp-content\/uploads\/2025\/06\/Plate-Compactor-PH-C90-e1750237307839-300x300.jpg\" alt=\"\" width=\"459\" height=\"459\" srcset=\"https:\/\/www.hsymachinery.com\/wp-content\/uploads\/2025\/06\/Plate-Compactor-PH-C90-e1750237307839-300x300.jpg 300w, https:\/\/www.hsymachinery.com\/wp-content\/uploads\/2025\/06\/Plate-Compactor-PH-C90-e1750237307839-150x150.jpg 150w, https:\/\/www.hsymachinery.com\/wp-content\/uploads\/2025\/06\/Plate-Compactor-PH-C90-e1750237307839-100x100.jpg 100w, https:\/\/www.hsymachinery.com\/wp-content\/uploads\/2025\/06\/Plate-Compactor-PH-C90-e1750237307839.jpg 600w\" sizes=\"(max-width: 459px) 100vw, 459px\" \/><\/a><\/h3>\n<p data-start=\"323\" data-end=\"610\">The <strong data-start=\"327\" data-end=\"353\">PH-C90 Levytiivistin<\/strong> voimanl\u00e4hteen\u00e4 on vankka dieselmoottori, joka tuottaa vahvan tiivist\u00e4misvoiman ja erinomaisen polttoainetehokkuuden. Se soveltuu erinomaisesti esimerkiksi ajoteiden valmisteluun, jalkak\u00e4yt\u00e4vien korjaamiseen, p\u00e4\u00e4llysteiden tasaamiseen ja perustusten tiivist\u00e4miseen.<\/p>\n<p data-start=\"612\" data-end=\"828\">T\u00e4m\u00e4 malli on suunniteltu urakoitsijoille, jotka tarvitsevat luotettavan, v\u00e4h\u00e4n huoltoa vaativan ratkaisun alueilla, joilla bensiini voi olla kallista tai rajoitettua, ja se erottuu edukseen k\u00e4ytt\u00f6tehokkuudellaan ja kovalla suorituskyvyll\u00e4\u00e4n karkealla maaper\u00e4ll\u00e4.<\/p>\n<h3 data-start=\"835\" data-end=\"898\">Luotettava toiminta, pitk\u00e4 k\u00e4ytt\u00f6aika ja alhaiset k\u00e4ytt\u00f6kustannukset<\/h3>\n<p data-start=\"900\" data-end=\"1176\">Dieselmoottorivoimansiirron ansiosta PH-C90:n v\u00e4\u00e4nt\u00f6momentti on vakaa my\u00f6s silloin, kun ty\u00f6skennell\u00e4\u00e4n tihe\u00e4ll\u00e4 tai kostealla maalla. Sen paksu ter\u00e4ksinen tiivistyslevy takaa tasaisen viimeistelyn, ja iskuja vaimentava kahva lis\u00e4\u00e4 k\u00e4ytt\u00f6mukavuutta pidemm\u00e4nkin k\u00e4yt\u00f6n aikana.<\/p>\n<p data-start=\"1178\" data-end=\"1311\">PH-C90 v\u00e4hent\u00e4\u00e4 seisokkiaikoja ja tukee pitki\u00e4 ty\u00f6p\u00e4ivi\u00e4 kentt\u00e4olosuhteissa, koska sen polttoaineen kulutus on pienempi ja k\u00e4ytt\u00f6aika suurempi per t\u00e4ytt\u00f6.<\/p>\n<h3 data-start=\"1318\" data-end=\"1371\">Rakennettu syrj\u00e4isi\u00e4 hankkeita ja raskaita maaper\u00e4tyyppej\u00e4 varten<\/h3>\n<p data-start=\"1373\" data-end=\"1712\">Ty\u00f6skenteletp\u00e4 sitten maaseutupoluilla, kovilla maaper\u00e4alueilla tai projekteissa alueilla, joille ei ole helppoa p\u00e4\u00e4sy\u00e4 bensiinill\u00e4, PH-C90 toimii ilman kompromisseja. Sen vankka rakenne, t\u00e4rin\u00e4nkest\u00e4v\u00e4 rakenne ja minimaaliset huoltovaatimukset tekev\u00e4t siit\u00e4 ihanteellisen apuv\u00e4lineen rakennusryhmille, jotka ty\u00f6skentelev\u00e4t syrj\u00e4isill\u00e4 tai karuilla alueilla.<\/p>\n<h3 data-start=\"1719\" data-end=\"1770\">PH-C90 dieselk\u00e4ytt\u00f6isen levynpuristimen t\u00e4rkeimm\u00e4t ominaisuudet<\/h3>\n<ul data-start=\"1772\" data-end=\"2084\">\n<li data-start=\"1772\" data-end=\"1837\">\n<p data-start=\"1774\" data-end=\"1837\">Polttoainetta s\u00e4\u00e4st\u00e4v\u00e4ll\u00e4 dieselmoottorilla varustettu laite, joka mahdollistaa pidemm\u00e4n k\u00e4ytt\u00f6i\u00e4n<\/p>\n<\/li>\n<li data-start=\"1838\" data-end=\"1902\">\n<p data-start=\"1840\" data-end=\"1902\">Tehokas tiivist\u00e4minen kapeilla ja keskikokoisilla ty\u00f6alueilla<\/p>\n<\/li>\n<li data-start=\"1903\" data-end=\"1972\">\n<p data-start=\"1905\" data-end=\"1972\">Ihanteellinen pohjan tiivist\u00e4miseen, p\u00e4\u00e4llysteiden korjaamiseen ja ulkoty\u00f6mailla ty\u00f6skentelyyn.<\/p>\n<\/li>\n<li data-start=\"1973\" data-end=\"2034\">\n<p data-start=\"1975\" data-end=\"2034\">Raskas ter\u00e4slevy takaa tasaisen pinnanlaadun<\/p>\n<\/li>\n<li data-start=\"2035\" data-end=\"2084\">\n<p data-start=\"2037\" data-end=\"2084\">Luotettava suorituskyky ja alhaiset p\u00e4ivitt\u00e4iset polttoainekustannukset<\/p>\n<\/li>\n<\/ul>\n<p><iframe title=\"kompakti, tamppausvasara, tampperi, levynpuristin, rakennust\u00e4rin\u00e4, tiivistys machine.#tamping\" width=\"720\" height=\"405\" src=\"https:\/\/www.youtube.com\/embed\/kHw7Cpv12Zs?feature=oembed\" frameborder=\"0\" allow=\"accelerometer; autoplay; clipboard-write; encrypted-media; gyroscope; picture-in-picture; web-share\" referrerpolicy=\"strict-origin-when-cross-origin\" allowfullscreen><\/iframe><\/p>","protected":false},"excerpt":{"rendered":"<p>PH-C90-dieselk\u00e4ytt\u00f6inen lautasmurskain tuottaa vahvaa ja polttoainetaloudellista maantiivistyst\u00e4 jalkak\u00e4yt\u00e4ville, jalkak\u00e4yt\u00e4ville ja perustuksille. Rakennettu raskaaseen maaper\u00e4\u00e4n ja pitkiin ty\u00f6tunteihin.<\/p>","protected":false},"featured_media":9111,"template":"","meta":{"_kad_post_transparent":"default","_kad_post_title":"","_kad_post_layout":"default","_kad_post_sidebar_id":"","_kad_post_content_style":"default","_kad_post_vertical_padding":"default","_kad_post_feature":"","_kad_post_feature_position":"","_kad_post_header":false,"_kad_post_footer":false},"product_brand":[],"product_cat":[59],"product_tag":[1066,1062,1065,1070,1069,1063,1067,1064,1061,1068],"class_list":{"0":"post-9106","1":"product","2":"type-product","3":"status-publish","4":"has-post-thumbnail","6":"product_cat-plate-compactor","7":"product_tag-diesel-plate-compactor","8":"product_tag-forward-plate-compactor","9":"product_tag-gasoline-plate-compactor","10":"product_tag-heavy-duty-plate-compactor","11":"product_tag-plate-compactor-for-asphalt","12":"product_tag-reversible-plate-compactor","13":"product_tag-road-construction-compactor","14":"product_tag-soil-plate-compactor","15":"product_tag-vibratory-plate-compactor","16":"product_tag-walk-behind-plate-compactor","18":"first","19":"instock","20":"shipping-taxable","21":"product-type-simple","22":"entry","23":"content-bg","24":"loop-entry"},"yoast_head":"<!-- This site is optimized with the Yoast SEO plugin v25.3.1 - https:\/\/yoast.com\/wordpress\/plugins\/seo\/ -->\n<title>Plate Compactor PH-C90 - HSY Construction Machinery<\/title>\n<meta name=\"description\" content=\"PH-C90 Diesel Plate Compactor offers high-impact, low-cost soil compaction for construction, pavement repair, and hard soil preparation. Built for long runtime.\" \/>\n<meta name=\"robots\" content=\"index, follow, max-snippet:-1, max-image-preview:large, max-video-preview:-1\" \/>\n<link rel=\"canonical\" href=\"https:\/\/www.hsymachinery.com\/fi\/tuote\/lautaspuristin-ph-c90\/\" \/>\n<meta property=\"og:locale\" content=\"fi_FI\" \/>\n<meta property=\"og:type\" content=\"article\" \/>\n<meta property=\"og:title\" content=\"Plate Compactor PH-C90 - HSY Construction Machinery\" \/>\n<meta property=\"og:description\" content=\"PH-C90 Diesel Plate Compactor offers high-impact, low-cost soil compaction for construction, pavement repair, and hard soil preparation. Built for long runtime.\" \/>\n<meta property=\"og:url\" content=\"https:\/\/www.hsymachinery.com\/fi\/tuote\/lautaspuristin-ph-c90\/\" \/>\n<meta property=\"og:site_name\" content=\"HSY Construction Machinery\" \/>\n<meta property=\"article:modified_time\" content=\"2025-06-28T11:43:49+00:00\" \/>\n<meta property=\"og:image\" content=\"https:\/\/www.hsymachinery.com\/wp-content\/uploads\/2025\/06\/Plate-Compactor-PH-C90-e1750237307839.jpg\" \/>\n\t<meta property=\"og:image:width\" content=\"600\" \/>\n\t<meta property=\"og:image:height\" content=\"600\" \/>\n\t<meta property=\"og:image:type\" content=\"image\/jpeg\" \/>\n<meta name=\"twitter:card\" content=\"summary_large_image\" \/>\n<meta name=\"twitter:label1\" content=\"Arvioitu lukuaika\" \/>\n\t<meta name=\"twitter:data1\" content=\"2 minuuttia\" \/>\n<script type=\"application\/ld+json\" class=\"yoast-schema-graph\">{\"@context\":\"https:\/\/schema.org\",\"@graph\":[{\"@type\":\"WebPage\",\"@id\":\"https:\/\/www.hsymachinery.com\/product\/plate-compactor-ph-c90\/\",\"url\":\"https:\/\/www.hsymachinery.com\/product\/plate-compactor-ph-c90\/\",\"name\":\"Plate Compactor PH-C90 - HSY Construction Machinery\",\"isPartOf\":{\"@id\":\"https:\/\/www.hsymachinery.com\/#website\"},\"primaryImageOfPage\":{\"@id\":\"https:\/\/www.hsymachinery.com\/product\/plate-compactor-ph-c90\/#primaryimage\"},\"image\":{\"@id\":\"https:\/\/www.hsymachinery.com\/product\/plate-compactor-ph-c90\/#primaryimage\"},\"thumbnailUrl\":\"https:\/\/www.hsymachinery.com\/wp-content\/uploads\/2025\/06\/Plate-Compactor-PH-C90-e1750237307839.jpg\",\"datePublished\":\"2025-06-18T08:51:52+00:00\",\"dateModified\":\"2025-06-28T11:43:49+00:00\",\"description\":\"PH-C90 Diesel Plate Compactor offers high-impact, low-cost soil compaction for construction, pavement repair, and hard soil preparation. Built for long runtime.\",\"breadcrumb\":{\"@id\":\"https:\/\/www.hsymachinery.com\/product\/plate-compactor-ph-c90\/#breadcrumb\"},\"inLanguage\":\"fi\",\"potentialAction\":[{\"@type\":\"ReadAction\",\"target\":[\"https:\/\/www.hsymachinery.com\/product\/plate-compactor-ph-c90\/\"]}]},{\"@type\":\"ImageObject\",\"inLanguage\":\"fi\",\"@id\":\"https:\/\/www.hsymachinery.com\/product\/plate-compactor-ph-c90\/#primaryimage\",\"url\":\"https:\/\/www.hsymachinery.com\/wp-content\/uploads\/2025\/06\/Plate-Compactor-PH-C90-e1750237307839.jpg\",\"contentUrl\":\"https:\/\/www.hsymachinery.com\/wp-content\/uploads\/2025\/06\/Plate-Compactor-PH-C90-e1750237307839.jpg\",\"width\":600,\"height\":600},{\"@type\":\"BreadcrumbList\",\"@id\":\"https:\/\/www.hsymachinery.com\/product\/plate-compactor-ph-c90\/#breadcrumb\",\"itemListElement\":[{\"@type\":\"ListItem\",\"position\":1,\"name\":\"home\",\"item\":\"https:\/\/www.hsymachinery.com\/\"},{\"@type\":\"ListItem\",\"position\":2,\"name\":\"products\",\"item\":\"https:\/\/www.hsymachinery.com\/products\/\"},{\"@type\":\"ListItem\",\"position\":3,\"name\":\"Plate Compactor PH-C90\"}]},{\"@type\":\"WebSite\",\"@id\":\"https:\/\/www.hsymachinery.com\/#website\",\"url\":\"https:\/\/www.hsymachinery.com\/\",\"name\":\"HSY Construction Machinery\",\"description\":\"HSY Machinery \u2013 A leading China construction machinery supplier, offering a wide range of light construction equipment. Our main products include Rebar Cutting Machine, Rebar Bending Machine, Rebar Stirrup Bending Machine, Rebar Arc Bending Machine, Rebar Straightening Machine, Five-Head Rebar Stirrup Bending Machine, Tamping Rammer, Plate Compactor, Concrete Cutter, Power Trowel, and other construction machinery. We are equipped with advanced CNC machines, and we enforce strict quality inspection standards along with comprehensive after-sales service. If you are interested in our products or services, we warmly welcome your inquiries via message.\",\"publisher\":{\"@id\":\"https:\/\/www.hsymachinery.com\/#organization\"},\"potentialAction\":[{\"@type\":\"SearchAction\",\"target\":{\"@type\":\"EntryPoint\",\"urlTemplate\":\"https:\/\/www.hsymachinery.com\/?s={search_term_string}\"},\"query-input\":{\"@type\":\"PropertyValueSpecification\",\"valueRequired\":true,\"valueName\":\"search_term_string\"}}],\"inLanguage\":\"fi\"},{\"@type\":\"Organization\",\"@id\":\"https:\/\/www.hsymachinery.com\/#organization\",\"name\":\"HSY Construction Machinery\",\"url\":\"https:\/\/www.hsymachinery.com\/\",\"logo\":{\"@type\":\"ImageObject\",\"inLanguage\":\"fi\",\"@id\":\"https:\/\/www.hsymachinery.com\/#\/schema\/logo\/image\/\",\"url\":\"https:\/\/www.hsymachinery.com\/wp-content\/uploads\/2025\/06\/cropped-HSY-machinery.png\",\"contentUrl\":\"https:\/\/www.hsymachinery.com\/wp-content\/uploads\/2025\/06\/cropped-HSY-machinery.png\",\"width\":600,\"height\":240,\"caption\":\"HSY Construction Machinery\"},\"image\":{\"@id\":\"https:\/\/www.hsymachinery.com\/#\/schema\/logo\/image\/\"}}]}<\/script>\n<!-- \/ Yoast SEO plugin. -->","yoast_head_json":{"title":"Levytiivistin PH-C90 - HSY Rakennuskoneet ja -laitteet","description":"PH-C90 Diesel Plate Compactor tarjoaa tehokkaan ja kustannustehokkaan maantiivistyksen rakentamiseen, p\u00e4\u00e4llysteiden korjaamiseen ja kovan maan valmisteluun. Rakennettu pitk\u00e4\u00e4 k\u00e4ytt\u00f6aikaa varten.","robots":{"index":"index","follow":"follow","max-snippet":"max-snippet:-1","max-image-preview":"max-image-preview:large","max-video-preview":"max-video-preview:-1"},"canonical":"https:\/\/www.hsymachinery.com\/fi\/tuote\/lautaspuristin-ph-c90\/","og_locale":"fi_FI","og_type":"article","og_title":"Plate Compactor PH-C90 - HSY Construction Machinery","og_description":"PH-C90 Diesel Plate Compactor offers high-impact, low-cost soil compaction for construction, pavement repair, and hard soil preparation. Built for long runtime.","og_url":"https:\/\/www.hsymachinery.com\/fi\/tuote\/lautaspuristin-ph-c90\/","og_site_name":"HSY Construction Machinery","article_modified_time":"2025-06-28T11:43:49+00:00","og_image":[{"width":600,"height":600,"url":"https:\/\/www.hsymachinery.com\/wp-content\/uploads\/2025\/06\/Plate-Compactor-PH-C90-e1750237307839.jpg","type":"image\/jpeg"}],"twitter_card":"summary_large_image","twitter_misc":{"Arvioitu lukuaika":"2 minuuttia"},"schema":{"@context":"https:\/\/schema.org","@graph":[{"@type":"WebPage","@id":"https:\/\/www.hsymachinery.com\/product\/plate-compactor-ph-c90\/","url":"https:\/\/www.hsymachinery.com\/product\/plate-compactor-ph-c90\/","name":"Levytiivistin PH-C90 - HSY Rakennuskoneet ja -laitteet","isPartOf":{"@id":"https:\/\/www.hsymachinery.com\/#website"},"primaryImageOfPage":{"@id":"https:\/\/www.hsymachinery.com\/product\/plate-compactor-ph-c90\/#primaryimage"},"image":{"@id":"https:\/\/www.hsymachinery.com\/product\/plate-compactor-ph-c90\/#primaryimage"},"thumbnailUrl":"https:\/\/www.hsymachinery.com\/wp-content\/uploads\/2025\/06\/Plate-Compactor-PH-C90-e1750237307839.jpg","datePublished":"2025-06-18T08:51:52+00:00","dateModified":"2025-06-28T11:43:49+00:00","description":"PH-C90 Diesel Plate Compactor tarjoaa tehokkaan ja kustannustehokkaan maantiivistyksen rakentamiseen, p\u00e4\u00e4llysteiden korjaamiseen ja kovan maan valmisteluun. Rakennettu pitk\u00e4\u00e4 k\u00e4ytt\u00f6aikaa varten.","breadcrumb":{"@id":"https:\/\/www.hsymachinery.com\/product\/plate-compactor-ph-c90\/#breadcrumb"},"inLanguage":"fi","potentialAction":[{"@type":"ReadAction","target":["https:\/\/www.hsymachinery.com\/product\/plate-compactor-ph-c90\/"]}]},{"@type":"ImageObject","inLanguage":"fi","@id":"https:\/\/www.hsymachinery.com\/product\/plate-compactor-ph-c90\/#primaryimage","url":"https:\/\/www.hsymachinery.com\/wp-content\/uploads\/2025\/06\/Plate-Compactor-PH-C90-e1750237307839.jpg","contentUrl":"https:\/\/www.hsymachinery.com\/wp-content\/uploads\/2025\/06\/Plate-Compactor-PH-C90-e1750237307839.jpg","width":600,"height":600},{"@type":"BreadcrumbList","@id":"https:\/\/www.hsymachinery.com\/product\/plate-compactor-ph-c90\/#breadcrumb","itemListElement":[{"@type":"ListItem","position":1,"name":"home","item":"https:\/\/www.hsymachinery.com\/"},{"@type":"ListItem","position":2,"name":"products","item":"https:\/\/www.hsymachinery.com\/products\/"},{"@type":"ListItem","position":3,"name":"Plate Compactor PH-C90"}]},{"@type":"WebSite","@id":"https:\/\/www.hsymachinery.com\/#website","url":"https:\/\/www.hsymachinery.com\/","name":"HSY Construction Machinery","description":"HSY Machinery - Kiinan johtava rakennuskoneiden toimittaja, joka tarjoaa laajan valikoiman kevyit\u00e4 rakennuskoneita. P\u00e4\u00e4tuotteitamme ovat Rebar Cutting Machine, Rebar Bending Machine, Rebar Stirrup Bending Machine, Rebar Arc Bending Machine, Rebar Straighting Machine, Five-Head Rebar Stirrup Bending Machine, Tamping Rammer, Plate Compactor, Concrete Cutter, Power Trowel ja muut rakennuskoneet. Olemme varustettu kehittyneill\u00e4 CNC-koneilla, ja noudatamme tiukkoja laadunvalvontastandardeja sek\u00e4 kattavaa huoltopalvelua. Jos olet kiinnostunut tuotteistamme tai palveluistamme, toivotamme l\u00e4mpim\u00e4sti tervetulleeksi tiedustelusi viestill\u00e4.","publisher":{"@id":"https:\/\/www.hsymachinery.com\/#organization"},"potentialAction":[{"@type":"SearchAction","target":{"@type":"EntryPoint","urlTemplate":"https:\/\/www.hsymachinery.com\/?s={search_term_string}"},"query-input":{"@type":"PropertyValueSpecification","valueRequired":true,"valueName":"search_term_string"}}],"inLanguage":"fi"},{"@type":"Organization","@id":"https:\/\/www.hsymachinery.com\/#organization","name":"HSY Construction Machinery","url":"https:\/\/www.hsymachinery.com\/","logo":{"@type":"ImageObject","inLanguage":"fi","@id":"https:\/\/www.hsymachinery.com\/#\/schema\/logo\/image\/","url":"https:\/\/www.hsymachinery.com\/wp-content\/uploads\/2025\/06\/cropped-HSY-machinery.png","contentUrl":"https:\/\/www.hsymachinery.com\/wp-content\/uploads\/2025\/06\/cropped-HSY-machinery.png","width":600,"height":240,"caption":"HSY Construction Machinery"},"image":{"@id":"https:\/\/www.hsymachinery.com\/#\/schema\/logo\/image\/"}}]}},"_links":{"self":[{"href":"https:\/\/www.hsymachinery.com\/fi\/wp-json\/wp\/v2\/product\/9106","targetHints":{"allow":["GET"]}}],"collection":[{"href":"https:\/\/www.hsymachinery.com\/fi\/wp-json\/wp\/v2\/product"}],"about":[{"href":"https:\/\/www.hsymachinery.com\/fi\/wp-json\/wp\/v2\/types\/product"}],"version-history":[{"count":3,"href":"https:\/\/www.hsymachinery.com\/fi\/wp-json\/wp\/v2\/product\/9106\/revisions"}],"predecessor-version":[{"id":9529,"href":"https:\/\/www.hsymachinery.com\/fi\/wp-json\/wp\/v2\/product\/9106\/revisions\/9529"}],"wp:featuredmedia":[{"embeddable":true,"href":"https:\/\/www.hsymachinery.com\/fi\/wp-json\/wp\/v2\/media\/9111"}],"wp:attachment":[{"href":"https:\/\/www.hsymachinery.com\/fi\/wp-json\/wp\/v2\/media?parent=9106"}],"wp:term":[{"taxonomy":"product_brand","embeddable":true,"href":"https:\/\/www.hsymachinery.com\/fi\/wp-json\/wp\/v2\/product_brand?post=9106"},{"taxonomy":"product_cat","embeddable":true,"href":"https:\/\/www.hsymachinery.com\/fi\/wp-json\/wp\/v2\/product_cat?post=9106"},{"taxonomy":"product_tag","embeddable":true,"href":"https:\/\/www.hsymachinery.com\/fi\/wp-json\/wp\/v2\/product_tag?post=9106"}],"curies":[{"name":"wp","href":"https:\/\/api.w.org\/{rel}","templated":true}]}}