{"id":9076,"date":"2025-06-18T16:25:13","date_gmt":"2025-06-18T08:25:13","guid":{"rendered":"https:\/\/www.hsymachinery.com\/?post_type=product&#038;p=9076"},"modified":"2025-06-28T15:27:47","modified_gmt":"2025-06-28T07:27:47","slug":"tamppausvasara-ch-c100","status":"publish","type":"product","link":"https:\/\/www.hsymachinery.com\/fi\/tuote\/tamppausvasara-ch-c100\/","title":{"rendered":"Tampausrammeri CH-C100"},"content":{"rendered":"<h2 data-start=\"124\" data-end=\"154\">Tampausrammeri CH-C100<\/h2>\n<h3 data-start=\"155\" data-end=\"261\">CH-C100 Dieselmoottorilla toimiva tamppausrammeri | Raskaan kaluston maantiivist\u00e4j\u00e4 karuihin rakennusty\u00f6maaymp\u00e4rist\u00f6ihin<\/h3>\n<h3 data-start=\"268\" data-end=\"352\">Tuotekatsaus - Suuren v\u00e4\u00e4nt\u00f6momentin dieselvoima vaativiin tiivist\u00e4mishankkeisiin<img fetchpriority=\"high\" decoding=\"async\" class=\"wp-image-9077 alignright\" src=\"https:\/\/www.hsymachinery.com\/wp-content\/uploads\/2025\/06\/Tamping-Rammer-CH-C100-300x300.jpg\" alt=\"\" width=\"470\" height=\"470\" srcset=\"https:\/\/www.hsymachinery.com\/wp-content\/uploads\/2025\/06\/Tamping-Rammer-CH-C100-300x300.jpg 300w, https:\/\/www.hsymachinery.com\/wp-content\/uploads\/2025\/06\/Tamping-Rammer-CH-C100-150x150.jpg 150w, https:\/\/www.hsymachinery.com\/wp-content\/uploads\/2025\/06\/Tamping-Rammer-CH-C100-768x768.jpg 768w, https:\/\/www.hsymachinery.com\/wp-content\/uploads\/2025\/06\/Tamping-Rammer-CH-C100-600x600.jpg 600w, https:\/\/www.hsymachinery.com\/wp-content\/uploads\/2025\/06\/Tamping-Rammer-CH-C100-100x100.jpg 100w, https:\/\/www.hsymachinery.com\/wp-content\/uploads\/2025\/06\/Tamping-Rammer-CH-C100.jpg 800w\" sizes=\"(max-width: 470px) 100vw, 470px\" \/><\/h3>\n<p data-start=\"354\" data-end=\"697\">The <strong data-start=\"358\" data-end=\"384\">CH-C100 tamppausvasara<\/strong> toimii vankalla dieselmoottorilla, joka tarjoaa poikkeuksellisen suuren ty\u00f6nt\u00f6voiman ja suuren v\u00e4\u00e4nt\u00f6momentin my\u00f6s kuormitettuna. Se on suunniteltu erityisesti k\u00e4ytett\u00e4v\u00e4ksi syrj\u00e4isill\u00e4 rakennusty\u00f6mailla, putkistojen t\u00e4yt\u00f6ss\u00e4, tienpohjan valmistelussa ja perustust\u00f6iss\u00e4, joissa polttoainetaloudellisuus ja tehon vakaus ovat kriittisi\u00e4.<\/p>\n<p data-start=\"699\" data-end=\"858\">T\u00e4m\u00e4 malli tarjoaa vertaansa vailla olevan tehokkuuden pitkiss\u00e4 ty\u00f6jaksoissa ja toimii hyvin tiiviin maaper\u00e4n, kuten saven ja soran, k\u00e4sittelyss\u00e4, jossa kevyemm\u00e4t jyr\u00e4t saattavat j\u00e4\u00e4d\u00e4 j\u00e4lkeen.<\/p>\n<h3 data-start=\"865\" data-end=\"918\">Kest\u00e4v\u00e4 suorituskyky, luotettava dieselmoottorivoimansiirtoj\u00e4rjestelm\u00e4<\/h3>\n<p data-start=\"920\" data-end=\"1209\">Polttoainetehokkaalla dieselmoottorilla varustettu CH-C100 takaa alhaisemmat k\u00e4ytt\u00f6kustannukset ja erinomaisen kest\u00e4vyyden pitk\u00e4ll\u00e4 aikav\u00e4lill\u00e4. Ter\u00e4svahvisteinen tiivistyskenk\u00e4, vankka runko ja monivaiheinen iskunvaimennusj\u00e4rjestelm\u00e4 takaavat vahvan tiivistyksen ja minimoivat kuljettajan v\u00e4symisen.<\/p>\n<p data-start=\"1211\" data-end=\"1354\">Sen yksinkertaistettu mekaaninen rakenne mahdollistaa helpon huollon, joten se sopii erinomaisesti haastaviin ty\u00f6olosuhteisiin, joissa on rajoitettu p\u00e4\u00e4sy tukeen.<\/p>\n<h3 data-start=\"1361\" data-end=\"1404\">Rakennettu koviin ty\u00f6maaymp\u00e4rist\u00f6ihin<\/h3>\n<p data-start=\"1406\" data-end=\"1729\">Dieselmoottorinsa ansiosta CH-C100 on v\u00e4hemm\u00e4n herkk\u00e4 polttoaineen laadulle, ja se voi toimia luotettavasti p\u00f6lyisiss\u00e4, kosteissa tai korkeissa ymp\u00e4rist\u00f6iss\u00e4. T\u00e4m\u00e4n vuoksi se on ensisijainen valinta urakoitsijoille, jotka ty\u00f6skentelev\u00e4t kehitysalueilla, kaivosinfrastruktuurissa tai syrj\u00e4isill\u00e4 alueilla, joilla s\u00e4hk\u00f6n ja polttoaineen saanti vaihtelee.<\/p>\n<p data-start=\"1731\" data-end=\"1859\">Sen vakaus, siirrett\u00e4vyys ja tasainen suorituskyky vaikeissa olosuhteissa tekev\u00e4t siit\u00e4 todellisen ty\u00f6juhdan mill\u00e4 tahansa ty\u00f6maalla.<\/p>\n<h3 data-start=\"1866\" data-end=\"1917\">\u00a0CH-C100 Diesel-ty\u00f6nt\u00f6aisan t\u00e4rkeimm\u00e4t ominaisuudet<\/h3>\n<ul data-start=\"1919\" data-end=\"2261\">\n<li data-start=\"1919\" data-end=\"1983\">\n<p data-start=\"1921\" data-end=\"1983\">Dieselk\u00e4ytt\u00f6inen moottori tarjoaa maksimaalisen v\u00e4\u00e4nt\u00f6momentin ja pidemm\u00e4n k\u00e4ytt\u00f6ajan.<\/p>\n<\/li>\n<li data-start=\"1984\" data-end=\"2052\">\n<p data-start=\"1986\" data-end=\"2052\">Ihanteellinen saven, soran, kaivantojen t\u00e4ytt\u00e4miseen ja pohjamaan tiivist\u00e4miseen.<\/p>\n<\/li>\n<li data-start=\"2053\" data-end=\"2119\">\n<p data-start=\"2055\" data-end=\"2119\">Kest\u00e4v\u00e4 rakenne, jossa on t\u00e4rin\u00e4nvaimennusj\u00e4rjestelm\u00e4 k\u00e4ytt\u00f6mukavuutta varten.<\/p>\n<\/li>\n<li data-start=\"2120\" data-end=\"2189\">\n<p data-start=\"2122\" data-end=\"2189\">Polttoainetehokas ja luotettava kaukana sijaitsevissa tai v\u00e4h\u00e4n huoltoa vaativissa ymp\u00e4rist\u00f6iss\u00e4.<\/p>\n<\/li>\n<li data-start=\"2190\" data-end=\"2261\">\n<p data-start=\"2192\" data-end=\"2261\">Moottori ja komponentit on rakennettu kest\u00e4m\u00e4\u00e4n kovaa ymp\u00e4rist\u00f6kuormitusta.<\/p>\n<\/li>\n<\/ul>","protected":false},"excerpt":{"rendered":"<p>CH-C100-dieselk\u00e4ytt\u00f6inen tamppausvasara tuottaa voimakasta maan tiivist\u00e4mist\u00e4 suurella v\u00e4\u00e4nt\u00f6momentilla ja polttoainetehokkuudella. Kest\u00e4v\u00e4 rakenne kest\u00e4\u00e4 vaativia ymp\u00e4rist\u00f6j\u00e4 ja tihe\u00e4\u00e4 maata.<\/p>","protected":false},"featured_media":9077,"template":"","meta":{"_kad_post_transparent":"default","_kad_post_title":"","_kad_post_layout":"default","_kad_post_sidebar_id":"","_kad_post_content_style":"default","_kad_post_vertical_padding":"default","_kad_post_feature":"","_kad_post_feature_position":"","_kad_post_header":false,"_kad_post_footer":false},"product_brand":[],"product_cat":[83],"product_tag":[1060,1057,1058,1059,1051,1052,1056,1053,1055,1054],"class_list":{"0":"post-9076","1":"product","2":"type-product","3":"status-publish","4":"has-post-thumbnail","6":"product_cat-tamping-rammer","7":"product_tag-backfill-compactor-machine","8":"product_tag-diesel-tamping-rammer","9":"product_tag-earth-tamping-machine","10":"product_tag-handheld-tamping-rammer","11":"product_tag-impact-rammer","12":"product_tag-jumping-jack-compactor","13":"product_tag-petrol-tamping-rammer","14":"product_tag-plate-tamping-rammer","15":"product_tag-soil-compaction-rammer","16":"product_tag-vibratory-tamping-rammer","18":"first","19":"instock","20":"shipping-taxable","21":"product-type-simple","22":"entry","23":"content-bg","24":"loop-entry"},"yoast_head":"<!-- This site is optimized with the Yoast SEO plugin v25.3.1 - https:\/\/yoast.com\/wordpress\/plugins\/seo\/ -->\n<title>Tamping Rammer CH-C100 - HSY Construction Machinery<\/title>\n<meta name=\"description\" content=\"CH-C100 Diesel Tamping Rammer provides high-impact compaction for heavy soils. Built for durability, remote job sites, and tough environmental conditions.\" \/>\n<meta name=\"robots\" content=\"index, follow, max-snippet:-1, max-image-preview:large, max-video-preview:-1\" \/>\n<link rel=\"canonical\" href=\"https:\/\/www.hsymachinery.com\/fi\/tuote\/tamppausvasara-ch-c100\/\" \/>\n<meta property=\"og:locale\" content=\"fi_FI\" \/>\n<meta property=\"og:type\" content=\"article\" \/>\n<meta property=\"og:title\" content=\"Tamping Rammer CH-C100 - HSY Construction Machinery\" \/>\n<meta property=\"og:description\" content=\"CH-C100 Diesel Tamping Rammer provides high-impact compaction for heavy soils. Built for durability, remote job sites, and tough environmental conditions.\" \/>\n<meta property=\"og:url\" content=\"https:\/\/www.hsymachinery.com\/fi\/tuote\/tamppausvasara-ch-c100\/\" \/>\n<meta property=\"og:site_name\" content=\"HSY Construction Machinery\" \/>\n<meta property=\"article:modified_time\" content=\"2025-06-28T07:27:47+00:00\" \/>\n<meta property=\"og:image\" content=\"https:\/\/www.hsymachinery.com\/wp-content\/uploads\/2025\/06\/Tamping-Rammer-CH-C100.jpg\" \/>\n\t<meta property=\"og:image:width\" content=\"800\" \/>\n\t<meta property=\"og:image:height\" content=\"800\" \/>\n\t<meta property=\"og:image:type\" content=\"image\/jpeg\" \/>\n<meta name=\"twitter:card\" content=\"summary_large_image\" \/>\n<meta name=\"twitter:label1\" content=\"Arvioitu lukuaika\" \/>\n\t<meta name=\"twitter:data1\" content=\"2 minuuttia\" \/>\n<script type=\"application\/ld+json\" class=\"yoast-schema-graph\">{\"@context\":\"https:\/\/schema.org\",\"@graph\":[{\"@type\":\"WebPage\",\"@id\":\"https:\/\/www.hsymachinery.com\/product\/tamping-rammer-ch-c100\/\",\"url\":\"https:\/\/www.hsymachinery.com\/product\/tamping-rammer-ch-c100\/\",\"name\":\"Tamping Rammer CH-C100 - HSY Construction Machinery\",\"isPartOf\":{\"@id\":\"https:\/\/www.hsymachinery.com\/#website\"},\"primaryImageOfPage\":{\"@id\":\"https:\/\/www.hsymachinery.com\/product\/tamping-rammer-ch-c100\/#primaryimage\"},\"image\":{\"@id\":\"https:\/\/www.hsymachinery.com\/product\/tamping-rammer-ch-c100\/#primaryimage\"},\"thumbnailUrl\":\"https:\/\/www.hsymachinery.com\/wp-content\/uploads\/2025\/06\/Tamping-Rammer-CH-C100.jpg\",\"datePublished\":\"2025-06-18T08:25:13+00:00\",\"dateModified\":\"2025-06-28T07:27:47+00:00\",\"description\":\"CH-C100 Diesel Tamping Rammer provides high-impact compaction for heavy soils. Built for durability, remote job sites, and tough environmental conditions.\",\"breadcrumb\":{\"@id\":\"https:\/\/www.hsymachinery.com\/product\/tamping-rammer-ch-c100\/#breadcrumb\"},\"inLanguage\":\"fi\",\"potentialAction\":[{\"@type\":\"ReadAction\",\"target\":[\"https:\/\/www.hsymachinery.com\/product\/tamping-rammer-ch-c100\/\"]}]},{\"@type\":\"ImageObject\",\"inLanguage\":\"fi\",\"@id\":\"https:\/\/www.hsymachinery.com\/product\/tamping-rammer-ch-c100\/#primaryimage\",\"url\":\"https:\/\/www.hsymachinery.com\/wp-content\/uploads\/2025\/06\/Tamping-Rammer-CH-C100.jpg\",\"contentUrl\":\"https:\/\/www.hsymachinery.com\/wp-content\/uploads\/2025\/06\/Tamping-Rammer-CH-C100.jpg\",\"width\":800,\"height\":800},{\"@type\":\"BreadcrumbList\",\"@id\":\"https:\/\/www.hsymachinery.com\/product\/tamping-rammer-ch-c100\/#breadcrumb\",\"itemListElement\":[{\"@type\":\"ListItem\",\"position\":1,\"name\":\"home\",\"item\":\"https:\/\/www.hsymachinery.com\/\"},{\"@type\":\"ListItem\",\"position\":2,\"name\":\"products\",\"item\":\"https:\/\/www.hsymachinery.com\/products\/\"},{\"@type\":\"ListItem\",\"position\":3,\"name\":\"Tamping Rammer CH-C100\"}]},{\"@type\":\"WebSite\",\"@id\":\"https:\/\/www.hsymachinery.com\/#website\",\"url\":\"https:\/\/www.hsymachinery.com\/\",\"name\":\"HSY Construction Machinery\",\"description\":\"HSY Machinery \u2013 A leading China construction machinery supplier, offering a wide range of light construction equipment. Our main products include Rebar Cutting Machine, Rebar Bending Machine, Rebar Stirrup Bending Machine, Rebar Arc Bending Machine, Rebar Straightening Machine, Five-Head Rebar Stirrup Bending Machine, Tamping Rammer, Plate Compactor, Concrete Cutter, Power Trowel, and other construction machinery. We are equipped with advanced CNC machines, and we enforce strict quality inspection standards along with comprehensive after-sales service. If you are interested in our products or services, we warmly welcome your inquiries via message.\",\"publisher\":{\"@id\":\"https:\/\/www.hsymachinery.com\/#organization\"},\"potentialAction\":[{\"@type\":\"SearchAction\",\"target\":{\"@type\":\"EntryPoint\",\"urlTemplate\":\"https:\/\/www.hsymachinery.com\/?s={search_term_string}\"},\"query-input\":{\"@type\":\"PropertyValueSpecification\",\"valueRequired\":true,\"valueName\":\"search_term_string\"}}],\"inLanguage\":\"fi\"},{\"@type\":\"Organization\",\"@id\":\"https:\/\/www.hsymachinery.com\/#organization\",\"name\":\"HSY Construction Machinery\",\"url\":\"https:\/\/www.hsymachinery.com\/\",\"logo\":{\"@type\":\"ImageObject\",\"inLanguage\":\"fi\",\"@id\":\"https:\/\/www.hsymachinery.com\/#\/schema\/logo\/image\/\",\"url\":\"https:\/\/www.hsymachinery.com\/wp-content\/uploads\/2025\/06\/cropped-HSY-machinery.png\",\"contentUrl\":\"https:\/\/www.hsymachinery.com\/wp-content\/uploads\/2025\/06\/cropped-HSY-machinery.png\",\"width\":600,\"height\":240,\"caption\":\"HSY Construction Machinery\"},\"image\":{\"@id\":\"https:\/\/www.hsymachinery.com\/#\/schema\/logo\/image\/\"}}]}<\/script>\n<!-- \/ Yoast SEO plugin. -->","yoast_head_json":{"title":"Tampausrammeri CH-C100 - HSY Rakennuskoneet ja -laitteet","description":"CH-C100 Diesel-ty\u00f6nt\u00f6vasara tarjoaa voimakkaan tiivistyksen raskaille maille. Rakennettu kest\u00e4vyytt\u00e4, syrj\u00e4isi\u00e4 ty\u00f6maita ja vaativia ymp\u00e4rist\u00f6olosuhteita varten.","robots":{"index":"index","follow":"follow","max-snippet":"max-snippet:-1","max-image-preview":"max-image-preview:large","max-video-preview":"max-video-preview:-1"},"canonical":"https:\/\/www.hsymachinery.com\/fi\/tuote\/tamppausvasara-ch-c100\/","og_locale":"fi_FI","og_type":"article","og_title":"Tamping Rammer CH-C100 - HSY Construction Machinery","og_description":"CH-C100 Diesel Tamping Rammer provides high-impact compaction for heavy soils. Built for durability, remote job sites, and tough environmental conditions.","og_url":"https:\/\/www.hsymachinery.com\/fi\/tuote\/tamppausvasara-ch-c100\/","og_site_name":"HSY Construction Machinery","article_modified_time":"2025-06-28T07:27:47+00:00","og_image":[{"width":800,"height":800,"url":"https:\/\/www.hsymachinery.com\/wp-content\/uploads\/2025\/06\/Tamping-Rammer-CH-C100.jpg","type":"image\/jpeg"}],"twitter_card":"summary_large_image","twitter_misc":{"Arvioitu lukuaika":"2 minuuttia"},"schema":{"@context":"https:\/\/schema.org","@graph":[{"@type":"WebPage","@id":"https:\/\/www.hsymachinery.com\/product\/tamping-rammer-ch-c100\/","url":"https:\/\/www.hsymachinery.com\/product\/tamping-rammer-ch-c100\/","name":"Tampausrammeri CH-C100 - HSY Rakennuskoneet ja -laitteet","isPartOf":{"@id":"https:\/\/www.hsymachinery.com\/#website"},"primaryImageOfPage":{"@id":"https:\/\/www.hsymachinery.com\/product\/tamping-rammer-ch-c100\/#primaryimage"},"image":{"@id":"https:\/\/www.hsymachinery.com\/product\/tamping-rammer-ch-c100\/#primaryimage"},"thumbnailUrl":"https:\/\/www.hsymachinery.com\/wp-content\/uploads\/2025\/06\/Tamping-Rammer-CH-C100.jpg","datePublished":"2025-06-18T08:25:13+00:00","dateModified":"2025-06-28T07:27:47+00:00","description":"CH-C100 Diesel-ty\u00f6nt\u00f6vasara tarjoaa voimakkaan tiivistyksen raskaille maille. Rakennettu kest\u00e4vyytt\u00e4, syrj\u00e4isi\u00e4 ty\u00f6maita ja vaativia ymp\u00e4rist\u00f6olosuhteita varten.","breadcrumb":{"@id":"https:\/\/www.hsymachinery.com\/product\/tamping-rammer-ch-c100\/#breadcrumb"},"inLanguage":"fi","potentialAction":[{"@type":"ReadAction","target":["https:\/\/www.hsymachinery.com\/product\/tamping-rammer-ch-c100\/"]}]},{"@type":"ImageObject","inLanguage":"fi","@id":"https:\/\/www.hsymachinery.com\/product\/tamping-rammer-ch-c100\/#primaryimage","url":"https:\/\/www.hsymachinery.com\/wp-content\/uploads\/2025\/06\/Tamping-Rammer-CH-C100.jpg","contentUrl":"https:\/\/www.hsymachinery.com\/wp-content\/uploads\/2025\/06\/Tamping-Rammer-CH-C100.jpg","width":800,"height":800},{"@type":"BreadcrumbList","@id":"https:\/\/www.hsymachinery.com\/product\/tamping-rammer-ch-c100\/#breadcrumb","itemListElement":[{"@type":"ListItem","position":1,"name":"home","item":"https:\/\/www.hsymachinery.com\/"},{"@type":"ListItem","position":2,"name":"products","item":"https:\/\/www.hsymachinery.com\/products\/"},{"@type":"ListItem","position":3,"name":"Tamping Rammer CH-C100"}]},{"@type":"WebSite","@id":"https:\/\/www.hsymachinery.com\/#website","url":"https:\/\/www.hsymachinery.com\/","name":"HSY Construction Machinery","description":"HSY Machinery - Kiinan johtava rakennuskoneiden toimittaja, joka tarjoaa laajan valikoiman kevyit\u00e4 rakennuskoneita. P\u00e4\u00e4tuotteitamme ovat Rebar Cutting Machine, Rebar Bending Machine, Rebar Stirrup Bending Machine, Rebar Arc Bending Machine, Rebar Straighting Machine, Five-Head Rebar Stirrup Bending Machine, Tamping Rammer, Plate Compactor, Concrete Cutter, Power Trowel ja muut rakennuskoneet. Olemme varustettu kehittyneill\u00e4 CNC-koneilla, ja noudatamme tiukkoja laadunvalvontastandardeja sek\u00e4 kattavaa huoltopalvelua. Jos olet kiinnostunut tuotteistamme tai palveluistamme, toivotamme l\u00e4mpim\u00e4sti tervetulleeksi tiedustelusi viestill\u00e4.","publisher":{"@id":"https:\/\/www.hsymachinery.com\/#organization"},"potentialAction":[{"@type":"SearchAction","target":{"@type":"EntryPoint","urlTemplate":"https:\/\/www.hsymachinery.com\/?s={search_term_string}"},"query-input":{"@type":"PropertyValueSpecification","valueRequired":true,"valueName":"search_term_string"}}],"inLanguage":"fi"},{"@type":"Organization","@id":"https:\/\/www.hsymachinery.com\/#organization","name":"HSY Construction Machinery","url":"https:\/\/www.hsymachinery.com\/","logo":{"@type":"ImageObject","inLanguage":"fi","@id":"https:\/\/www.hsymachinery.com\/#\/schema\/logo\/image\/","url":"https:\/\/www.hsymachinery.com\/wp-content\/uploads\/2025\/06\/cropped-HSY-machinery.png","contentUrl":"https:\/\/www.hsymachinery.com\/wp-content\/uploads\/2025\/06\/cropped-HSY-machinery.png","width":600,"height":240,"caption":"HSY Construction Machinery"},"image":{"@id":"https:\/\/www.hsymachinery.com\/#\/schema\/logo\/image\/"}}]}},"_links":{"self":[{"href":"https:\/\/www.hsymachinery.com\/fi\/wp-json\/wp\/v2\/product\/9076","targetHints":{"allow":["GET"]}}],"collection":[{"href":"https:\/\/www.hsymachinery.com\/fi\/wp-json\/wp\/v2\/product"}],"about":[{"href":"https:\/\/www.hsymachinery.com\/fi\/wp-json\/wp\/v2\/types\/product"}],"version-history":[{"count":3,"href":"https:\/\/www.hsymachinery.com\/fi\/wp-json\/wp\/v2\/product\/9076\/revisions"}],"predecessor-version":[{"id":9502,"href":"https:\/\/www.hsymachinery.com\/fi\/wp-json\/wp\/v2\/product\/9076\/revisions\/9502"}],"wp:featuredmedia":[{"embeddable":true,"href":"https:\/\/www.hsymachinery.com\/fi\/wp-json\/wp\/v2\/media\/9077"}],"wp:attachment":[{"href":"https:\/\/www.hsymachinery.com\/fi\/wp-json\/wp\/v2\/media?parent=9076"}],"wp:term":[{"taxonomy":"product_brand","embeddable":true,"href":"https:\/\/www.hsymachinery.com\/fi\/wp-json\/wp\/v2\/product_brand?post=9076"},{"taxonomy":"product_cat","embeddable":true,"href":"https:\/\/www.hsymachinery.com\/fi\/wp-json\/wp\/v2\/product_cat?post=9076"},{"taxonomy":"product_tag","embeddable":true,"href":"https:\/\/www.hsymachinery.com\/fi\/wp-json\/wp\/v2\/product_tag?post=9076"}],"curies":[{"name":"wp","href":"https:\/\/api.w.org\/{rel}","templated":true}]}}