{"id":9070,"date":"2025-06-18T16:21:44","date_gmt":"2025-06-18T08:21:44","guid":{"rendered":"https:\/\/www.hsymachinery.com\/?post_type=product&#038;p=9070"},"modified":"2025-06-28T15:15:50","modified_gmt":"2025-06-28T07:15:50","slug":"tamppausvasara-ch-l100","status":"publish","type":"product","link":"https:\/\/www.hsymachinery.com\/fi\/tuote\/tamppausvasara-ch-l100\/","title":{"rendered":"Tampausrammeri CH-L100"},"content":{"rendered":"<h3 data-start=\"148\" data-end=\"250\">CH-L100 Loncin Bensiini Tamping Rammer | Kest\u00e4v\u00e4 ja kannettava maantiivist\u00e4j\u00e4 rakennusty\u00f6maille<\/h3>\n<h3 data-start=\"257\" data-end=\"333\">Tuotteen yleiskatsaus - Kompakti bensiinik\u00e4ytt\u00f6inen jyrsin jokap\u00e4iv\u00e4isiin ty\u00f6maan tarpeisiin<a href=\"https:\/\/www.hsymachinery.com\/fi\/tuotteet\/tamppausvasara\/\" target=\"_blank\" rel=\"noopener\"><img fetchpriority=\"high\" decoding=\"async\" class=\"wp-image-9071 alignright\" src=\"https:\/\/www.hsymachinery.com\/wp-content\/uploads\/2025\/06\/Tamping-Rammer-CH-L100-300x300.jpg\" alt=\"\" width=\"470\" height=\"470\" srcset=\"https:\/\/www.hsymachinery.com\/wp-content\/uploads\/2025\/06\/Tamping-Rammer-CH-L100-300x300.jpg 300w, https:\/\/www.hsymachinery.com\/wp-content\/uploads\/2025\/06\/Tamping-Rammer-CH-L100-150x150.jpg 150w, https:\/\/www.hsymachinery.com\/wp-content\/uploads\/2025\/06\/Tamping-Rammer-CH-L100-768x768.jpg 768w, https:\/\/www.hsymachinery.com\/wp-content\/uploads\/2025\/06\/Tamping-Rammer-CH-L100-600x600.jpg 600w, https:\/\/www.hsymachinery.com\/wp-content\/uploads\/2025\/06\/Tamping-Rammer-CH-L100-100x100.jpg 100w, https:\/\/www.hsymachinery.com\/wp-content\/uploads\/2025\/06\/Tamping-Rammer-CH-L100.jpg 800w\" sizes=\"(max-width: 470px) 100vw, 470px\" \/><\/a><\/h3>\n<p data-start=\"335\" data-end=\"674\">The <strong data-start=\"339\" data-end=\"365\">CH-L100 tamppausvasara<\/strong> voimanl\u00e4hteen\u00e4 on luotettava Loncin 4-tahtibensiinimoottori, joka tarjoaa vahvan tiivist\u00e4misvoiman ja erinomaisen siirrett\u00e4vyyden. T\u00e4m\u00e4 pieniin ja keskisuuriin rakennushankkeisiin suunniteltu malli sopii erinomaisesti kaivantot\u00f6ihin, perustusten valmisteluun ja teiden paikkaamiseen erityisesti alueilla, joihin ei ole s\u00e4hk\u00f6liit\u00e4nt\u00e4\u00e4.<\/p>\n<p data-start=\"676\" data-end=\"816\">Sen kevyt runko ja tasapainotettu ramppausj\u00e4rjestelm\u00e4 tekev\u00e4t siit\u00e4 helppok\u00e4ytt\u00f6isen, mutta se tuottaa silti riitt\u00e4v\u00e4sti voimaa saven, maaper\u00e4n tai hiekan tiivist\u00e4miseen.<\/p>\n<h3 data-start=\"823\" data-end=\"878\">Polttoainetehokas suorituskyky ja yksinkertainen k\u00e4ytt\u00f6<\/h3>\n<p data-start=\"880\" data-end=\"1107\">Ilmaj\u00e4\u00e4hdytteisen Loncin-moottorin ansiosta CH-L100 k\u00e4ynnistyy nopeasti ja toimii tasaisesti my\u00f6s p\u00f6lyisiss\u00e4 tai kosteissa olosuhteissa. Se kuluttaa vain v\u00e4h\u00e4n polttoainetta tunnissa samalla kun se tuottaa tasaisen iskuvoiman useille pinnoille.<\/p>\n<p data-start=\"1109\" data-end=\"1252\">Keng\u00e4nlevy on kulutusta kest\u00e4v\u00e4, ja kaksoisjousij\u00e4rjestelm\u00e4 takaa vakaan tiivistyksen ja v\u00e4hent\u00e4\u00e4 t\u00e4rin\u00e4\u00e4 k\u00e4ytt\u00e4j\u00e4n suojelemiseksi.<\/p>\n<h3 data-start=\"1259\" data-end=\"1305\">Valmis ulkot\u00f6ihin ja syrj\u00e4isiin kohteisiin<\/h3>\n<p data-start=\"1307\" data-end=\"1557\">Ty\u00f6skentelitp\u00e4 sitten syrj\u00e4isell\u00e4 tienvarrella, asuinalueella tai kunnallistekniikan kaivannossa, CH-L100 hoitaa ty\u00f6n. Itsen\u00e4isen polttoainej\u00e4rjestelm\u00e4n ansiosta ulkoista virtal\u00e4hdett\u00e4 ei tarvita, mik\u00e4 antaa sinulle t\u00e4yden joustavuuden kent\u00e4ll\u00e4.<\/p>\n<p data-start=\"1559\" data-end=\"1662\">Huolto on yksinkertaista ja helposti saatavilla, ja Loncinin moottoreiden varaosia on saatavilla laajalti maailmanlaajuisesti.<\/p>\n<h3 data-start=\"1669\" data-end=\"1722\">CH-L100 bensiinik\u00e4ytt\u00f6isen tamppausrammerin t\u00e4rkeimm\u00e4t ominaisuudet<\/h3>\n<ul data-start=\"1724\" data-end=\"2011\">\n<li data-start=\"1724\" data-end=\"1772\">\n<p data-start=\"1726\" data-end=\"1772\">K\u00e4ytt\u00f6voimana 4-tahtinen Loncin-bensiinimoottori.<\/p>\n<\/li>\n<li data-start=\"1773\" data-end=\"1842\">\n<p data-start=\"1775\" data-end=\"1842\">Suuri siirrett\u00e4vyys ja mukautuvuus verkon ulkopuolisilla rakennusty\u00f6mailla.<\/p>\n<\/li>\n<li data-start=\"1843\" data-end=\"1915\">\n<p data-start=\"1845\" data-end=\"1915\">Tehokas tiivist\u00e4minen kaivantojen, perustusten ja paikkaust\u00f6iden yhteydess\u00e4.<\/p>\n<\/li>\n<li data-start=\"1916\" data-end=\"1969\">\n<p data-start=\"1918\" data-end=\"1969\">Alhainen polttoaineenkulutus ja v\u00e4h\u00e4inen k\u00e4ytt\u00f6melu<\/p>\n<\/li>\n<li data-start=\"1970\" data-end=\"2011\">\n<p data-start=\"1972\" data-end=\"2011\">Kest\u00e4v\u00e4 rakenne pitk\u00e4\u00e4n p\u00e4ivitt\u00e4iseen k\u00e4ytt\u00f6\u00f6n<\/p>\n<\/li>\n<\/ul>\n<p><iframe title=\"kompakti, tamppausvasara, tampperi, levynpuristin, rakennust\u00e4rin\u00e4, tiivistys machine.#tamping\" width=\"720\" height=\"540\" src=\"https:\/\/www.youtube.com\/embed\/j8Nod6Mcz9w?feature=oembed\" frameborder=\"0\" allow=\"accelerometer; autoplay; clipboard-write; encrypted-media; gyroscope; picture-in-picture; web-share\" referrerpolicy=\"strict-origin-when-cross-origin\" allowfullscreen><\/iframe><\/p>","protected":false},"excerpt":{"rendered":"<p>CH-L100 bensiinik\u00e4ytt\u00f6inen tamppausvasara k\u00e4ytt\u00e4\u00e4 Loncin-moottoria maan tehokkaaseen tiivist\u00e4miseen ulkoty\u00f6mailla. Kannettava, kest\u00e4v\u00e4 ja t\u00e4ydellinen kaivanto- ja perustust\u00f6ihin.<\/p>","protected":false},"featured_media":9071,"template":"","meta":{"_kad_post_transparent":"default","_kad_post_title":"","_kad_post_layout":"default","_kad_post_sidebar_id":"","_kad_post_content_style":"default","_kad_post_vertical_padding":"default","_kad_post_feature":"","_kad_post_feature_position":"","_kad_post_header":false,"_kad_post_footer":false},"product_brand":[],"product_cat":[83],"product_tag":[1060,1057,1058,1059,1051,1052,1056,1053,1055,1054],"class_list":{"0":"post-9070","1":"product","2":"type-product","3":"status-publish","4":"has-post-thumbnail","6":"product_cat-tamping-rammer","7":"product_tag-backfill-compactor-machine","8":"product_tag-diesel-tamping-rammer","9":"product_tag-earth-tamping-machine","10":"product_tag-handheld-tamping-rammer","11":"product_tag-impact-rammer","12":"product_tag-jumping-jack-compactor","13":"product_tag-petrol-tamping-rammer","14":"product_tag-plate-tamping-rammer","15":"product_tag-soil-compaction-rammer","16":"product_tag-vibratory-tamping-rammer","18":"first","19":"instock","20":"shipping-taxable","21":"product-type-simple","22":"entry","23":"content-bg","24":"loop-entry"},"yoast_head":"<!-- This site is optimized with the Yoast SEO plugin v25.3.1 - https:\/\/yoast.com\/wordpress\/plugins\/seo\/ -->\n<title>Tamping Rammer CH-L100 - HSY Construction Machinery<\/title>\n<meta name=\"description\" content=\"CH-L100 Tamping Rammer runs on a Loncin gasoline engine for soil compaction. Ideal for trench, foundation, and roadwork in off-grid construction areas.\" \/>\n<meta name=\"robots\" content=\"index, follow, max-snippet:-1, max-image-preview:large, max-video-preview:-1\" \/>\n<link rel=\"canonical\" href=\"https:\/\/www.hsymachinery.com\/fi\/tuote\/tamppausvasara-ch-l100\/\" \/>\n<meta property=\"og:locale\" content=\"fi_FI\" \/>\n<meta property=\"og:type\" content=\"article\" \/>\n<meta property=\"og:title\" content=\"Tamping Rammer CH-L100 - HSY Construction Machinery\" \/>\n<meta property=\"og:description\" content=\"CH-L100 Tamping Rammer runs on a Loncin gasoline engine for soil compaction. Ideal for trench, foundation, and roadwork in off-grid construction areas.\" \/>\n<meta property=\"og:url\" content=\"https:\/\/www.hsymachinery.com\/fi\/tuote\/tamppausvasara-ch-l100\/\" \/>\n<meta property=\"og:site_name\" content=\"HSY Construction Machinery\" \/>\n<meta property=\"article:modified_time\" content=\"2025-06-28T07:15:50+00:00\" \/>\n<meta property=\"og:image\" content=\"https:\/\/www.hsymachinery.com\/wp-content\/uploads\/2025\/06\/Tamping-Rammer-CH-L100.jpg\" \/>\n\t<meta property=\"og:image:width\" content=\"800\" \/>\n\t<meta property=\"og:image:height\" content=\"800\" \/>\n\t<meta property=\"og:image:type\" content=\"image\/jpeg\" \/>\n<meta name=\"twitter:card\" content=\"summary_large_image\" \/>\n<meta name=\"twitter:label1\" content=\"Arvioitu lukuaika\" \/>\n\t<meta name=\"twitter:data1\" content=\"2 minuuttia\" \/>\n<script type=\"application\/ld+json\" class=\"yoast-schema-graph\">{\"@context\":\"https:\/\/schema.org\",\"@graph\":[{\"@type\":\"WebPage\",\"@id\":\"https:\/\/www.hsymachinery.com\/product\/tamping-rammer-ch-l100\/\",\"url\":\"https:\/\/www.hsymachinery.com\/product\/tamping-rammer-ch-l100\/\",\"name\":\"Tamping Rammer CH-L100 - HSY Construction Machinery\",\"isPartOf\":{\"@id\":\"https:\/\/www.hsymachinery.com\/#website\"},\"primaryImageOfPage\":{\"@id\":\"https:\/\/www.hsymachinery.com\/product\/tamping-rammer-ch-l100\/#primaryimage\"},\"image\":{\"@id\":\"https:\/\/www.hsymachinery.com\/product\/tamping-rammer-ch-l100\/#primaryimage\"},\"thumbnailUrl\":\"https:\/\/www.hsymachinery.com\/wp-content\/uploads\/2025\/06\/Tamping-Rammer-CH-L100.jpg\",\"datePublished\":\"2025-06-18T08:21:44+00:00\",\"dateModified\":\"2025-06-28T07:15:50+00:00\",\"description\":\"CH-L100 Tamping Rammer runs on a Loncin gasoline engine for soil compaction. Ideal for trench, foundation, and roadwork in off-grid construction areas.\",\"breadcrumb\":{\"@id\":\"https:\/\/www.hsymachinery.com\/product\/tamping-rammer-ch-l100\/#breadcrumb\"},\"inLanguage\":\"fi\",\"potentialAction\":[{\"@type\":\"ReadAction\",\"target\":[\"https:\/\/www.hsymachinery.com\/product\/tamping-rammer-ch-l100\/\"]}]},{\"@type\":\"ImageObject\",\"inLanguage\":\"fi\",\"@id\":\"https:\/\/www.hsymachinery.com\/product\/tamping-rammer-ch-l100\/#primaryimage\",\"url\":\"https:\/\/www.hsymachinery.com\/wp-content\/uploads\/2025\/06\/Tamping-Rammer-CH-L100.jpg\",\"contentUrl\":\"https:\/\/www.hsymachinery.com\/wp-content\/uploads\/2025\/06\/Tamping-Rammer-CH-L100.jpg\",\"width\":800,\"height\":800},{\"@type\":\"BreadcrumbList\",\"@id\":\"https:\/\/www.hsymachinery.com\/product\/tamping-rammer-ch-l100\/#breadcrumb\",\"itemListElement\":[{\"@type\":\"ListItem\",\"position\":1,\"name\":\"home\",\"item\":\"https:\/\/www.hsymachinery.com\/\"},{\"@type\":\"ListItem\",\"position\":2,\"name\":\"products\",\"item\":\"https:\/\/www.hsymachinery.com\/products\/\"},{\"@type\":\"ListItem\",\"position\":3,\"name\":\"Tamping Rammer CH-L100\"}]},{\"@type\":\"WebSite\",\"@id\":\"https:\/\/www.hsymachinery.com\/#website\",\"url\":\"https:\/\/www.hsymachinery.com\/\",\"name\":\"HSY Construction Machinery\",\"description\":\"HSY Machinery \u2013 A leading China construction machinery supplier, offering a wide range of light construction equipment. Our main products include Rebar Cutting Machine, Rebar Bending Machine, Rebar Stirrup Bending Machine, Rebar Arc Bending Machine, Rebar Straightening Machine, Five-Head Rebar Stirrup Bending Machine, Tamping Rammer, Plate Compactor, Concrete Cutter, Power Trowel, and other construction machinery. We are equipped with advanced CNC machines, and we enforce strict quality inspection standards along with comprehensive after-sales service. If you are interested in our products or services, we warmly welcome your inquiries via message.\",\"publisher\":{\"@id\":\"https:\/\/www.hsymachinery.com\/#organization\"},\"potentialAction\":[{\"@type\":\"SearchAction\",\"target\":{\"@type\":\"EntryPoint\",\"urlTemplate\":\"https:\/\/www.hsymachinery.com\/?s={search_term_string}\"},\"query-input\":{\"@type\":\"PropertyValueSpecification\",\"valueRequired\":true,\"valueName\":\"search_term_string\"}}],\"inLanguage\":\"fi\"},{\"@type\":\"Organization\",\"@id\":\"https:\/\/www.hsymachinery.com\/#organization\",\"name\":\"HSY Construction Machinery\",\"url\":\"https:\/\/www.hsymachinery.com\/\",\"logo\":{\"@type\":\"ImageObject\",\"inLanguage\":\"fi\",\"@id\":\"https:\/\/www.hsymachinery.com\/#\/schema\/logo\/image\/\",\"url\":\"https:\/\/www.hsymachinery.com\/wp-content\/uploads\/2025\/06\/cropped-HSY-machinery.png\",\"contentUrl\":\"https:\/\/www.hsymachinery.com\/wp-content\/uploads\/2025\/06\/cropped-HSY-machinery.png\",\"width\":600,\"height\":240,\"caption\":\"HSY Construction Machinery\"},\"image\":{\"@id\":\"https:\/\/www.hsymachinery.com\/#\/schema\/logo\/image\/\"}}]}<\/script>\n<!-- \/ Yoast SEO plugin. -->","yoast_head_json":{"title":"Tampausrammeri CH-L100 - HSY Rakennuskoneet ja -laitteet","description":"CH-L100 Tamping Rammer toimii Loncin-bensiinimoottorilla maaper\u00e4n tiivist\u00e4miseen. Ihanteellinen kaivantoihin, perustuksiin ja tiet\u00f6ihin rakentamisen ulkopuolisilla alueilla.","robots":{"index":"index","follow":"follow","max-snippet":"max-snippet:-1","max-image-preview":"max-image-preview:large","max-video-preview":"max-video-preview:-1"},"canonical":"https:\/\/www.hsymachinery.com\/fi\/tuote\/tamppausvasara-ch-l100\/","og_locale":"fi_FI","og_type":"article","og_title":"Tamping Rammer CH-L100 - HSY Construction Machinery","og_description":"CH-L100 Tamping Rammer runs on a Loncin gasoline engine for soil compaction. Ideal for trench, foundation, and roadwork in off-grid construction areas.","og_url":"https:\/\/www.hsymachinery.com\/fi\/tuote\/tamppausvasara-ch-l100\/","og_site_name":"HSY Construction Machinery","article_modified_time":"2025-06-28T07:15:50+00:00","og_image":[{"width":800,"height":800,"url":"https:\/\/www.hsymachinery.com\/wp-content\/uploads\/2025\/06\/Tamping-Rammer-CH-L100.jpg","type":"image\/jpeg"}],"twitter_card":"summary_large_image","twitter_misc":{"Arvioitu lukuaika":"2 minuuttia"},"schema":{"@context":"https:\/\/schema.org","@graph":[{"@type":"WebPage","@id":"https:\/\/www.hsymachinery.com\/product\/tamping-rammer-ch-l100\/","url":"https:\/\/www.hsymachinery.com\/product\/tamping-rammer-ch-l100\/","name":"Tampausrammeri CH-L100 - HSY Rakennuskoneet ja -laitteet","isPartOf":{"@id":"https:\/\/www.hsymachinery.com\/#website"},"primaryImageOfPage":{"@id":"https:\/\/www.hsymachinery.com\/product\/tamping-rammer-ch-l100\/#primaryimage"},"image":{"@id":"https:\/\/www.hsymachinery.com\/product\/tamping-rammer-ch-l100\/#primaryimage"},"thumbnailUrl":"https:\/\/www.hsymachinery.com\/wp-content\/uploads\/2025\/06\/Tamping-Rammer-CH-L100.jpg","datePublished":"2025-06-18T08:21:44+00:00","dateModified":"2025-06-28T07:15:50+00:00","description":"CH-L100 Tamping Rammer toimii Loncin-bensiinimoottorilla maaper\u00e4n tiivist\u00e4miseen. Ihanteellinen kaivantoihin, perustuksiin ja tiet\u00f6ihin rakentamisen ulkopuolisilla alueilla.","breadcrumb":{"@id":"https:\/\/www.hsymachinery.com\/product\/tamping-rammer-ch-l100\/#breadcrumb"},"inLanguage":"fi","potentialAction":[{"@type":"ReadAction","target":["https:\/\/www.hsymachinery.com\/product\/tamping-rammer-ch-l100\/"]}]},{"@type":"ImageObject","inLanguage":"fi","@id":"https:\/\/www.hsymachinery.com\/product\/tamping-rammer-ch-l100\/#primaryimage","url":"https:\/\/www.hsymachinery.com\/wp-content\/uploads\/2025\/06\/Tamping-Rammer-CH-L100.jpg","contentUrl":"https:\/\/www.hsymachinery.com\/wp-content\/uploads\/2025\/06\/Tamping-Rammer-CH-L100.jpg","width":800,"height":800},{"@type":"BreadcrumbList","@id":"https:\/\/www.hsymachinery.com\/product\/tamping-rammer-ch-l100\/#breadcrumb","itemListElement":[{"@type":"ListItem","position":1,"name":"home","item":"https:\/\/www.hsymachinery.com\/"},{"@type":"ListItem","position":2,"name":"products","item":"https:\/\/www.hsymachinery.com\/products\/"},{"@type":"ListItem","position":3,"name":"Tamping Rammer CH-L100"}]},{"@type":"WebSite","@id":"https:\/\/www.hsymachinery.com\/#website","url":"https:\/\/www.hsymachinery.com\/","name":"HSY Construction Machinery","description":"HSY Machinery - Kiinan johtava rakennuskoneiden toimittaja, joka tarjoaa laajan valikoiman kevyit\u00e4 rakennuskoneita. P\u00e4\u00e4tuotteitamme ovat Rebar Cutting Machine, Rebar Bending Machine, Rebar Stirrup Bending Machine, Rebar Arc Bending Machine, Rebar Straighting Machine, Five-Head Rebar Stirrup Bending Machine, Tamping Rammer, Plate Compactor, Concrete Cutter, Power Trowel ja muut rakennuskoneet. Olemme varustettu kehittyneill\u00e4 CNC-koneilla, ja noudatamme tiukkoja laadunvalvontastandardeja sek\u00e4 kattavaa huoltopalvelua. Jos olet kiinnostunut tuotteistamme tai palveluistamme, toivotamme l\u00e4mpim\u00e4sti tervetulleeksi tiedustelusi viestill\u00e4.","publisher":{"@id":"https:\/\/www.hsymachinery.com\/#organization"},"potentialAction":[{"@type":"SearchAction","target":{"@type":"EntryPoint","urlTemplate":"https:\/\/www.hsymachinery.com\/?s={search_term_string}"},"query-input":{"@type":"PropertyValueSpecification","valueRequired":true,"valueName":"search_term_string"}}],"inLanguage":"fi"},{"@type":"Organization","@id":"https:\/\/www.hsymachinery.com\/#organization","name":"HSY Construction Machinery","url":"https:\/\/www.hsymachinery.com\/","logo":{"@type":"ImageObject","inLanguage":"fi","@id":"https:\/\/www.hsymachinery.com\/#\/schema\/logo\/image\/","url":"https:\/\/www.hsymachinery.com\/wp-content\/uploads\/2025\/06\/cropped-HSY-machinery.png","contentUrl":"https:\/\/www.hsymachinery.com\/wp-content\/uploads\/2025\/06\/cropped-HSY-machinery.png","width":600,"height":240,"caption":"HSY Construction Machinery"},"image":{"@id":"https:\/\/www.hsymachinery.com\/#\/schema\/logo\/image\/"}}]}},"_links":{"self":[{"href":"https:\/\/www.hsymachinery.com\/fi\/wp-json\/wp\/v2\/product\/9070","targetHints":{"allow":["GET"]}}],"collection":[{"href":"https:\/\/www.hsymachinery.com\/fi\/wp-json\/wp\/v2\/product"}],"about":[{"href":"https:\/\/www.hsymachinery.com\/fi\/wp-json\/wp\/v2\/types\/product"}],"version-history":[{"count":3,"href":"https:\/\/www.hsymachinery.com\/fi\/wp-json\/wp\/v2\/product\/9070\/revisions"}],"predecessor-version":[{"id":9497,"href":"https:\/\/www.hsymachinery.com\/fi\/wp-json\/wp\/v2\/product\/9070\/revisions\/9497"}],"wp:featuredmedia":[{"embeddable":true,"href":"https:\/\/www.hsymachinery.com\/fi\/wp-json\/wp\/v2\/media\/9071"}],"wp:attachment":[{"href":"https:\/\/www.hsymachinery.com\/fi\/wp-json\/wp\/v2\/media?parent=9070"}],"wp:term":[{"taxonomy":"product_brand","embeddable":true,"href":"https:\/\/www.hsymachinery.com\/fi\/wp-json\/wp\/v2\/product_brand?post=9070"},{"taxonomy":"product_cat","embeddable":true,"href":"https:\/\/www.hsymachinery.com\/fi\/wp-json\/wp\/v2\/product_cat?post=9070"},{"taxonomy":"product_tag","embeddable":true,"href":"https:\/\/www.hsymachinery.com\/fi\/wp-json\/wp\/v2\/product_tag?post=9070"}],"curies":[{"name":"wp","href":"https:\/\/api.w.org\/{rel}","templated":true}]}}