{"id":9042,"date":"2025-06-18T15:30:53","date_gmt":"2025-06-18T07:30:53","guid":{"rendered":"https:\/\/www.hsymachinery.com\/?post_type=product&#038;p=9042"},"modified":"2025-06-28T13:28:00","modified_gmt":"2025-06-28T05:28:00","slug":"automaattinen-jalustimen-taivutuskone-stwq4-12a","status":"publish","type":"product","link":"https:\/\/www.hsymachinery.com\/fi\/tuote\/automaattinen-jalustimen-taivutuskone-stwq4-12a\/","title":{"rendered":"Automaattinen seiv\u00e4shyllyjen taivutuskone STWQ4-12A"},"content":{"rendered":"<h2 data-start=\"110\" data-end=\"161\">Automaattinen seiv\u00e4shyllyjen taivutuskone STWQ4-12A<\/h2>\n<h3 data-start=\"162\" data-end=\"265\">STWQ4-12A CNC-automaattinen Rebar Stirrup Bender | Kela-tyyppinen ter\u00e4spalkin taivutuskone 4-10mm Rebarille<\/h3>\n<h3 data-start=\"272\" data-end=\"361\">Tuotekatsaus - Tehokas kelan raudoituksen taivutus rakennus- ja elementtitehtaille<a href=\"https:\/\/www.hsymachinery.com\/fi\/tuotteet\/automaattinen-jalustin-taivutuskone\/\" target=\"_blank\" rel=\"noopener\"><img fetchpriority=\"high\" decoding=\"async\" class=\"wp-image-9043 alignright\" src=\"https:\/\/www.hsymachinery.com\/wp-content\/uploads\/2025\/06\/Automatic-Stirrup-Bending-Machine-STWQ4-12A-parameter-300x300.jpg\" alt=\"\" width=\"491\" height=\"491\" srcset=\"https:\/\/www.hsymachinery.com\/wp-content\/uploads\/2025\/06\/Automatic-Stirrup-Bending-Machine-STWQ4-12A-parameter-300x300.jpg 300w, https:\/\/www.hsymachinery.com\/wp-content\/uploads\/2025\/06\/Automatic-Stirrup-Bending-Machine-STWQ4-12A-parameter-150x150.jpg 150w, https:\/\/www.hsymachinery.com\/wp-content\/uploads\/2025\/06\/Automatic-Stirrup-Bending-Machine-STWQ4-12A-parameter-100x100.jpg 100w, https:\/\/www.hsymachinery.com\/wp-content\/uploads\/2025\/06\/Automatic-Stirrup-Bending-Machine-STWQ4-12A-parameter.jpg 600w\" sizes=\"(max-width: 491px) 100vw, 491px\" \/><\/a><\/h3>\n<p data-start=\"363\" data-end=\"801\">The <strong data-start=\"367\" data-end=\"414\">Automaattinen seiv\u00e4shyllyjen taivutuskone STWQ4-12A<\/strong> tarjoaa luotettavan ratkaisun 4-10 mm:n kelattujen raudoitustankojen k\u00e4sittelyyn tarkkoihin j\u00e4ykisteiden muotoihin. CNC-automaatiolla ja kaksoisservomoottoreilla suunniteltu kone takaa korkean tuotantonopeuden, tarkat taivutuskulmat ja tasaisen tuotoksen, joten se on suosittu valinta tehdasvalmisteisissa komponenttitehtaissa, ter\u00e4stankojen k\u00e4sittelylaitoksissa ja kaupunkirakennushankkeissa.<\/p>\n<p data-start=\"803\" data-end=\"920\">Sen kompakti rakenne ja automaattinen sy\u00f6tt\u00f6j\u00e4rjestelm\u00e4 v\u00e4hent\u00e4v\u00e4t manuaalista k\u00e4sittely\u00e4 ja lis\u00e4\u00e4v\u00e4t taivutuksen kokonaistehokkuutta.<\/p>\n<h3 data-start=\"927\" data-end=\"974\">\u00c4lyk\u00e4s ohjaus ja tarkka muotoiluj\u00e4rjestelm\u00e4<\/h3>\n<p data-start=\"976\" data-end=\"1287\">STWQ4-12A:ssa on tietokoneistettu ohjausj\u00e4rjestelm\u00e4, jossa on kosketusn\u00e4ytt\u00f6liittym\u00e4, jonka avulla k\u00e4ytt\u00e4j\u00e4t voivat helposti ohjelmoida useita kiinnityskorvakkeiden muotoja ja kulmia. Kone vet\u00e4\u00e4 automaattisesti kelattua ter\u00e4st\u00e4, suoristaa sen, leikkaa sen pituuteen ja taivuttaa sen m\u00e4\u00e4ritettyyn muotoon - kaikki yhdess\u00e4 jatkuvassa sykliss\u00e4.<\/p>\n<p data-start=\"1289\" data-end=\"1444\">Servo-ohjattu taivutusp\u00e4\u00e4 takaa puhtaat, tasaiset kulmat ja nopean taivutuksen, kun taas rullamuotoinen oikaisuj\u00e4rjestelm\u00e4 minimoi muodonmuutokset.<\/p>\n<h3 data-start=\"1451\" data-end=\"1499\">Pienikokoinen ja kest\u00e4v\u00e4, suunniteltu vientik\u00e4ytt\u00f6\u00f6n<\/h3>\n<p data-start=\"1501\" data-end=\"1791\">STWQ4-12A on valmistettu lujasta ter\u00e4ksest\u00e4 ja suunniteltu t\u00e4rin\u00e4nkest\u00e4vyytt\u00e4 silm\u00e4ll\u00e4 pit\u00e4en, joten se on sek\u00e4 kest\u00e4v\u00e4 ett\u00e4 tilatehokas. Se sis\u00e4lt\u00e4\u00e4 vianilmaisuj\u00e4rjestelm\u00e4n, keskusvoitelun ja tukee 380 V\/50 Hz:n standarditeollisuusvirtaa (muokattavissa vienti\u00e4 varten).<\/p>\n<p data-start=\"1793\" data-end=\"1936\">Sen automatisoitu ty\u00f6nkulku ja vakaa suorituskyky tekev\u00e4t siit\u00e4 ihanteellisen koneen suurten m\u00e4\u00e4rien raudoitustankojen valmistukseen maailmanlaajuisilla rakennusmarkkinoilla.<\/p>\n<h3 data-start=\"1943\" data-end=\"1998\">STWQ4-12A-jousen taivutuskoneen t\u00e4rkeimm\u00e4t ominaisuudet<\/h3>\n<ul data-start=\"2000\" data-end=\"2305\">\n<li data-start=\"2000\" data-end=\"2066\">\n<p data-start=\"2002\" data-end=\"2066\">Suoristaa, leikkaa ja taivuttaa automaattisesti 4-10 mm:n kelattua raudoitustankoa.<\/p>\n<\/li>\n<li data-start=\"2067\" data-end=\"2125\">\n<p data-start=\"2069\" data-end=\"2125\">CNC-kosketusohjausj\u00e4rjestelm\u00e4, jossa on muotomuistiohjelmointi<\/p>\n<\/li>\n<li data-start=\"2126\" data-end=\"2183\">\n<p data-start=\"2128\" data-end=\"2183\">Nopeat servomoottorit nopeaan ja tarkkaan muotoiluun<\/p>\n<\/li>\n<li data-start=\"2184\" data-end=\"2247\">\n<p data-start=\"2186\" data-end=\"2247\">Kompakti muotoilu, joka soveltuu asennettavaksi tehtaalla tai paikan p\u00e4\u00e4ll\u00e4.<\/p>\n<\/li>\n<li data-start=\"2248\" data-end=\"2305\">\n<p data-start=\"2250\" data-end=\"2305\">Vientiyst\u00e4v\u00e4llinen j\u00e4nnite ja kest\u00e4v\u00e4 teollinen rakenne<\/p>\n<\/li>\n<\/ul>\n<p><iframe title=\"Rautatangon taivutuskone, cnc raudan taivutuskone, raudan kone, raudan raudan taivutuskone, ter\u00e4spalkin taivutuskone.\" width=\"720\" height=\"405\" src=\"https:\/\/www.youtube.com\/embed\/20OwGP6WX-M?feature=oembed\" frameborder=\"0\" allow=\"accelerometer; autoplay; clipboard-write; encrypted-media; gyroscope; picture-in-picture; web-share\" referrerpolicy=\"strict-origin-when-cross-origin\" allowfullscreen><\/iframe><\/p>","protected":false},"excerpt":{"rendered":"<p>STWQ4-12A taivuttaa 4-10 mm:n kelan raudoitustankoa automaattisesti CNC-ohjauksella. Nopea, tarkka ja ihanteellinen esivalmistus- ja ter\u00e4ksenjalostusprojekteihin.<\/p>","protected":false},"featured_media":9044,"template":"","meta":{"_kad_post_transparent":"default","_kad_post_title":"","_kad_post_layout":"default","_kad_post_sidebar_id":"","_kad_post_content_style":"default","_kad_post_vertical_padding":"default","_kad_post_feature":"","_kad_post_feature_position":"","_kad_post_header":false,"_kad_post_footer":false},"product_brand":[],"product_cat":[61],"product_tag":[998,1043,1042,1044,1046,1048,1045,1050,1047,1049],"class_list":{"0":"post-9042","1":"product","2":"type-product","3":"status-publish","4":"has-post-thumbnail","6":"product_cat-automatic-stirrup-bending-machine","7":"product_tag-automatic-rebar-bending-machine","8":"product_tag-automatic-rebar-stirrup-bending-and-cutting-machine","9":"product_tag-cnc-automatic-stirrup-bending-and-cutting-machine","10":"product_tag-cnc-stirrup-bending-machine","11":"product_tag-rebar-stirrup-making-machine","12":"product_tag-reinforcement-bar-stirrup-bender","13":"product_tag-steel-bar-stirrup-bender","14":"product_tag-stirrup-bender-for-construction-steel","15":"product_tag-stirrup-forming-machine","16":"product_tag-wire-stirrup-bending-equipment","18":"first","19":"instock","20":"shipping-taxable","21":"product-type-simple","22":"entry","23":"content-bg","24":"loop-entry"},"yoast_head":"<!-- This site is optimized with the Yoast SEO plugin v25.3.1 - https:\/\/yoast.com\/wordpress\/plugins\/seo\/ -->\n<title>Automatic Stirrup Bending Machine STWQ4-12A - HSY Construction Machinery<\/title>\n<meta name=\"description\" content=\"Automatic Stirrup Bending Machine STWQ4-12A processes 4\u201310mm coiled rebar into stirrups. CNC-controlled, compact, and built for high-efficiency production lines.\" \/>\n<meta name=\"robots\" content=\"index, follow, max-snippet:-1, max-image-preview:large, max-video-preview:-1\" \/>\n<link rel=\"canonical\" href=\"https:\/\/www.hsymachinery.com\/fi\/tuote\/automaattinen-jalustimen-taivutuskone-stwq4-12a\/\" \/>\n<meta property=\"og:locale\" content=\"fi_FI\" \/>\n<meta property=\"og:type\" content=\"article\" \/>\n<meta property=\"og:title\" content=\"Automatic Stirrup Bending Machine STWQ4-12A - HSY Construction Machinery\" \/>\n<meta property=\"og:description\" content=\"Automatic Stirrup Bending Machine STWQ4-12A processes 4\u201310mm coiled rebar into stirrups. CNC-controlled, compact, and built for high-efficiency production lines.\" \/>\n<meta property=\"og:url\" content=\"https:\/\/www.hsymachinery.com\/fi\/tuote\/automaattinen-jalustimen-taivutuskone-stwq4-12a\/\" \/>\n<meta property=\"og:site_name\" content=\"HSY Construction Machinery\" \/>\n<meta property=\"article:modified_time\" content=\"2025-06-28T05:28:00+00:00\" \/>\n<meta property=\"og:image\" content=\"https:\/\/www.hsymachinery.com\/wp-content\/uploads\/2025\/06\/Automatic-Stirrup-Bending-Machine-STWQ4-12A.jpg\" \/>\n\t<meta property=\"og:image:width\" content=\"600\" \/>\n\t<meta property=\"og:image:height\" content=\"600\" \/>\n\t<meta property=\"og:image:type\" content=\"image\/jpeg\" \/>\n<meta name=\"twitter:card\" content=\"summary_large_image\" \/>\n<meta name=\"twitter:label1\" content=\"Arvioitu lukuaika\" \/>\n\t<meta name=\"twitter:data1\" content=\"2 minuuttia\" \/>\n<script type=\"application\/ld+json\" class=\"yoast-schema-graph\">{\"@context\":\"https:\/\/schema.org\",\"@graph\":[{\"@type\":\"WebPage\",\"@id\":\"https:\/\/www.hsymachinery.com\/product\/automatic-stirrup-bending-machine-stwq4-12a\/\",\"url\":\"https:\/\/www.hsymachinery.com\/product\/automatic-stirrup-bending-machine-stwq4-12a\/\",\"name\":\"Automatic Stirrup Bending Machine STWQ4-12A - HSY Construction Machinery\",\"isPartOf\":{\"@id\":\"https:\/\/www.hsymachinery.com\/#website\"},\"primaryImageOfPage\":{\"@id\":\"https:\/\/www.hsymachinery.com\/product\/automatic-stirrup-bending-machine-stwq4-12a\/#primaryimage\"},\"image\":{\"@id\":\"https:\/\/www.hsymachinery.com\/product\/automatic-stirrup-bending-machine-stwq4-12a\/#primaryimage\"},\"thumbnailUrl\":\"https:\/\/www.hsymachinery.com\/wp-content\/uploads\/2025\/06\/Automatic-Stirrup-Bending-Machine-STWQ4-12A.jpg\",\"datePublished\":\"2025-06-18T07:30:53+00:00\",\"dateModified\":\"2025-06-28T05:28:00+00:00\",\"description\":\"Automatic Stirrup Bending Machine STWQ4-12A processes 4\u201310mm coiled rebar into stirrups. CNC-controlled, compact, and built for high-efficiency production lines.\",\"breadcrumb\":{\"@id\":\"https:\/\/www.hsymachinery.com\/product\/automatic-stirrup-bending-machine-stwq4-12a\/#breadcrumb\"},\"inLanguage\":\"fi\",\"potentialAction\":[{\"@type\":\"ReadAction\",\"target\":[\"https:\/\/www.hsymachinery.com\/product\/automatic-stirrup-bending-machine-stwq4-12a\/\"]}]},{\"@type\":\"ImageObject\",\"inLanguage\":\"fi\",\"@id\":\"https:\/\/www.hsymachinery.com\/product\/automatic-stirrup-bending-machine-stwq4-12a\/#primaryimage\",\"url\":\"https:\/\/www.hsymachinery.com\/wp-content\/uploads\/2025\/06\/Automatic-Stirrup-Bending-Machine-STWQ4-12A.jpg\",\"contentUrl\":\"https:\/\/www.hsymachinery.com\/wp-content\/uploads\/2025\/06\/Automatic-Stirrup-Bending-Machine-STWQ4-12A.jpg\",\"width\":600,\"height\":600},{\"@type\":\"BreadcrumbList\",\"@id\":\"https:\/\/www.hsymachinery.com\/product\/automatic-stirrup-bending-machine-stwq4-12a\/#breadcrumb\",\"itemListElement\":[{\"@type\":\"ListItem\",\"position\":1,\"name\":\"home\",\"item\":\"https:\/\/www.hsymachinery.com\/\"},{\"@type\":\"ListItem\",\"position\":2,\"name\":\"products\",\"item\":\"https:\/\/www.hsymachinery.com\/products\/\"},{\"@type\":\"ListItem\",\"position\":3,\"name\":\"Automatic Stirrup Bending Machine STWQ4-12A\"}]},{\"@type\":\"WebSite\",\"@id\":\"https:\/\/www.hsymachinery.com\/#website\",\"url\":\"https:\/\/www.hsymachinery.com\/\",\"name\":\"HSY Construction Machinery\",\"description\":\"HSY Machinery \u2013 A leading China construction machinery supplier, offering a wide range of light construction equipment. Our main products include Rebar Cutting Machine, Rebar Bending Machine, Rebar Stirrup Bending Machine, Rebar Arc Bending Machine, Rebar Straightening Machine, Five-Head Rebar Stirrup Bending Machine, Tamping Rammer, Plate Compactor, Concrete Cutter, Power Trowel, and other construction machinery. We are equipped with advanced CNC machines, and we enforce strict quality inspection standards along with comprehensive after-sales service. If you are interested in our products or services, we warmly welcome your inquiries via message.\",\"publisher\":{\"@id\":\"https:\/\/www.hsymachinery.com\/#organization\"},\"potentialAction\":[{\"@type\":\"SearchAction\",\"target\":{\"@type\":\"EntryPoint\",\"urlTemplate\":\"https:\/\/www.hsymachinery.com\/?s={search_term_string}\"},\"query-input\":{\"@type\":\"PropertyValueSpecification\",\"valueRequired\":true,\"valueName\":\"search_term_string\"}}],\"inLanguage\":\"fi\"},{\"@type\":\"Organization\",\"@id\":\"https:\/\/www.hsymachinery.com\/#organization\",\"name\":\"HSY Construction Machinery\",\"url\":\"https:\/\/www.hsymachinery.com\/\",\"logo\":{\"@type\":\"ImageObject\",\"inLanguage\":\"fi\",\"@id\":\"https:\/\/www.hsymachinery.com\/#\/schema\/logo\/image\/\",\"url\":\"https:\/\/www.hsymachinery.com\/wp-content\/uploads\/2025\/06\/cropped-HSY-machinery.png\",\"contentUrl\":\"https:\/\/www.hsymachinery.com\/wp-content\/uploads\/2025\/06\/cropped-HSY-machinery.png\",\"width\":600,\"height\":240,\"caption\":\"HSY Construction Machinery\"},\"image\":{\"@id\":\"https:\/\/www.hsymachinery.com\/#\/schema\/logo\/image\/\"}}]}<\/script>\n<!-- \/ Yoast SEO plugin. -->","yoast_head_json":{"title":"Automaattinen seipien taivutuskone STWQ4-12A - HSY Construction Machinery","description":"STWQ4-12A-automaatti STWQ4-12A k\u00e4sittelee 4-10 mm:n kelattua raudoitustankoa raudoituskappaleiksi. CNC-ohjattu, pienikokoinen ja rakennettu tehokkaisiin tuotantolinjoihin.","robots":{"index":"index","follow":"follow","max-snippet":"max-snippet:-1","max-image-preview":"max-image-preview:large","max-video-preview":"max-video-preview:-1"},"canonical":"https:\/\/www.hsymachinery.com\/fi\/tuote\/automaattinen-jalustimen-taivutuskone-stwq4-12a\/","og_locale":"fi_FI","og_type":"article","og_title":"Automatic Stirrup Bending Machine STWQ4-12A - HSY Construction Machinery","og_description":"Automatic Stirrup Bending Machine STWQ4-12A processes 4\u201310mm coiled rebar into stirrups. CNC-controlled, compact, and built for high-efficiency production lines.","og_url":"https:\/\/www.hsymachinery.com\/fi\/tuote\/automaattinen-jalustimen-taivutuskone-stwq4-12a\/","og_site_name":"HSY Construction Machinery","article_modified_time":"2025-06-28T05:28:00+00:00","og_image":[{"width":600,"height":600,"url":"https:\/\/www.hsymachinery.com\/wp-content\/uploads\/2025\/06\/Automatic-Stirrup-Bending-Machine-STWQ4-12A.jpg","type":"image\/jpeg"}],"twitter_card":"summary_large_image","twitter_misc":{"Arvioitu lukuaika":"2 minuuttia"},"schema":{"@context":"https:\/\/schema.org","@graph":[{"@type":"WebPage","@id":"https:\/\/www.hsymachinery.com\/product\/automatic-stirrup-bending-machine-stwq4-12a\/","url":"https:\/\/www.hsymachinery.com\/product\/automatic-stirrup-bending-machine-stwq4-12a\/","name":"Automaattinen seipien taivutuskone STWQ4-12A - HSY Construction Machinery","isPartOf":{"@id":"https:\/\/www.hsymachinery.com\/#website"},"primaryImageOfPage":{"@id":"https:\/\/www.hsymachinery.com\/product\/automatic-stirrup-bending-machine-stwq4-12a\/#primaryimage"},"image":{"@id":"https:\/\/www.hsymachinery.com\/product\/automatic-stirrup-bending-machine-stwq4-12a\/#primaryimage"},"thumbnailUrl":"https:\/\/www.hsymachinery.com\/wp-content\/uploads\/2025\/06\/Automatic-Stirrup-Bending-Machine-STWQ4-12A.jpg","datePublished":"2025-06-18T07:30:53+00:00","dateModified":"2025-06-28T05:28:00+00:00","description":"STWQ4-12A-automaatti STWQ4-12A k\u00e4sittelee 4-10 mm:n kelattua raudoitustankoa raudoituskappaleiksi. CNC-ohjattu, pienikokoinen ja rakennettu tehokkaisiin tuotantolinjoihin.","breadcrumb":{"@id":"https:\/\/www.hsymachinery.com\/product\/automatic-stirrup-bending-machine-stwq4-12a\/#breadcrumb"},"inLanguage":"fi","potentialAction":[{"@type":"ReadAction","target":["https:\/\/www.hsymachinery.com\/product\/automatic-stirrup-bending-machine-stwq4-12a\/"]}]},{"@type":"ImageObject","inLanguage":"fi","@id":"https:\/\/www.hsymachinery.com\/product\/automatic-stirrup-bending-machine-stwq4-12a\/#primaryimage","url":"https:\/\/www.hsymachinery.com\/wp-content\/uploads\/2025\/06\/Automatic-Stirrup-Bending-Machine-STWQ4-12A.jpg","contentUrl":"https:\/\/www.hsymachinery.com\/wp-content\/uploads\/2025\/06\/Automatic-Stirrup-Bending-Machine-STWQ4-12A.jpg","width":600,"height":600},{"@type":"BreadcrumbList","@id":"https:\/\/www.hsymachinery.com\/product\/automatic-stirrup-bending-machine-stwq4-12a\/#breadcrumb","itemListElement":[{"@type":"ListItem","position":1,"name":"home","item":"https:\/\/www.hsymachinery.com\/"},{"@type":"ListItem","position":2,"name":"products","item":"https:\/\/www.hsymachinery.com\/products\/"},{"@type":"ListItem","position":3,"name":"Automatic Stirrup Bending Machine STWQ4-12A"}]},{"@type":"WebSite","@id":"https:\/\/www.hsymachinery.com\/#website","url":"https:\/\/www.hsymachinery.com\/","name":"HSY Construction Machinery","description":"HSY Machinery - Kiinan johtava rakennuskoneiden toimittaja, joka tarjoaa laajan valikoiman kevyit\u00e4 rakennuskoneita. P\u00e4\u00e4tuotteitamme ovat Rebar Cutting Machine, Rebar Bending Machine, Rebar Stirrup Bending Machine, Rebar Arc Bending Machine, Rebar Straighting Machine, Five-Head Rebar Stirrup Bending Machine, Tamping Rammer, Plate Compactor, Concrete Cutter, Power Trowel ja muut rakennuskoneet. Olemme varustettu kehittyneill\u00e4 CNC-koneilla, ja noudatamme tiukkoja laadunvalvontastandardeja sek\u00e4 kattavaa huoltopalvelua. Jos olet kiinnostunut tuotteistamme tai palveluistamme, toivotamme l\u00e4mpim\u00e4sti tervetulleeksi tiedustelusi viestill\u00e4.","publisher":{"@id":"https:\/\/www.hsymachinery.com\/#organization"},"potentialAction":[{"@type":"SearchAction","target":{"@type":"EntryPoint","urlTemplate":"https:\/\/www.hsymachinery.com\/?s={search_term_string}"},"query-input":{"@type":"PropertyValueSpecification","valueRequired":true,"valueName":"search_term_string"}}],"inLanguage":"fi"},{"@type":"Organization","@id":"https:\/\/www.hsymachinery.com\/#organization","name":"HSY Construction Machinery","url":"https:\/\/www.hsymachinery.com\/","logo":{"@type":"ImageObject","inLanguage":"fi","@id":"https:\/\/www.hsymachinery.com\/#\/schema\/logo\/image\/","url":"https:\/\/www.hsymachinery.com\/wp-content\/uploads\/2025\/06\/cropped-HSY-machinery.png","contentUrl":"https:\/\/www.hsymachinery.com\/wp-content\/uploads\/2025\/06\/cropped-HSY-machinery.png","width":600,"height":240,"caption":"HSY Construction Machinery"},"image":{"@id":"https:\/\/www.hsymachinery.com\/#\/schema\/logo\/image\/"}}]}},"_links":{"self":[{"href":"https:\/\/www.hsymachinery.com\/fi\/wp-json\/wp\/v2\/product\/9042","targetHints":{"allow":["GET"]}}],"collection":[{"href":"https:\/\/www.hsymachinery.com\/fi\/wp-json\/wp\/v2\/product"}],"about":[{"href":"https:\/\/www.hsymachinery.com\/fi\/wp-json\/wp\/v2\/types\/product"}],"version-history":[{"count":4,"href":"https:\/\/www.hsymachinery.com\/fi\/wp-json\/wp\/v2\/product\/9042\/revisions"}],"predecessor-version":[{"id":9476,"href":"https:\/\/www.hsymachinery.com\/fi\/wp-json\/wp\/v2\/product\/9042\/revisions\/9476"}],"wp:featuredmedia":[{"embeddable":true,"href":"https:\/\/www.hsymachinery.com\/fi\/wp-json\/wp\/v2\/media\/9044"}],"wp:attachment":[{"href":"https:\/\/www.hsymachinery.com\/fi\/wp-json\/wp\/v2\/media?parent=9042"}],"wp:term":[{"taxonomy":"product_brand","embeddable":true,"href":"https:\/\/www.hsymachinery.com\/fi\/wp-json\/wp\/v2\/product_brand?post=9042"},{"taxonomy":"product_cat","embeddable":true,"href":"https:\/\/www.hsymachinery.com\/fi\/wp-json\/wp\/v2\/product_cat?post=9042"},{"taxonomy":"product_tag","embeddable":true,"href":"https:\/\/www.hsymachinery.com\/fi\/wp-json\/wp\/v2\/product_tag?post=9042"}],"curies":[{"name":"wp","href":"https:\/\/api.w.org\/{rel}","templated":true}]}}