{"id":9035,"date":"2025-06-18T14:51:23","date_gmt":"2025-06-18T06:51:23","guid":{"rendered":"https:\/\/www.hsymachinery.com\/?post_type=product&#038;p=9035"},"modified":"2025-06-28T11:54:06","modified_gmt":"2025-06-28T03:54:06","slug":"viiden-paan-raudoitustangon-jaykisteen-taivutuskone-gff-22","status":"publish","type":"product","link":"https:\/\/www.hsymachinery.com\/fi\/tuote\/viiden-paan-raudoitustangon-jaykisteen-taivutuskone-gff-22\/","title":{"rendered":"Viiden p\u00e4\u00e4n raudoitusseipien taivutuskone GFF-22"},"content":{"rendered":"<h2 data-start=\"116\" data-end=\"170\">Viiden p\u00e4\u00e4n raudoitusseipien taivutuskone GFF-22<\/h2>\n<h3 data-start=\"171\" data-end=\"277\">GFF-22 CNC viiden p\u00e4\u00e4n Rebar taivutuskone | Precision Stirrup Muodostaminen laitteet 6-22mm ter\u00e4stangot<\/h3>\n<h3 data-start=\"284\" data-end=\"362\">Tuotekatsaus - Raskas j\u00e4ykisteiden taivutus halkaisijaltaan suurempia raudoitteita varten<a href=\"https:\/\/www.hsymachinery.com\/fi\/tuotteet\/viiden-paan-raudoitustanko-stirrup-taivutuskoneella\/\" target=\"_blank\" rel=\"noopener\"><img fetchpriority=\"high\" decoding=\"async\" class=\"wp-image-9454 alignright\" src=\"https:\/\/www.hsymachinery.com\/wp-content\/uploads\/2025\/06\/5-Head-Rebar-Bender-for-Stirrup-225x300.jpg\" alt=\"\" width=\"401\" height=\"535\" srcset=\"https:\/\/www.hsymachinery.com\/wp-content\/uploads\/2025\/06\/5-Head-Rebar-Bender-for-Stirrup-225x300.jpg 225w, https:\/\/www.hsymachinery.com\/wp-content\/uploads\/2025\/06\/5-Head-Rebar-Bender-for-Stirrup-768x1024.jpg 768w, https:\/\/www.hsymachinery.com\/wp-content\/uploads\/2025\/06\/5-Head-Rebar-Bender-for-Stirrup-600x800.jpg 600w, https:\/\/www.hsymachinery.com\/wp-content\/uploads\/2025\/06\/5-Head-Rebar-Bender-for-Stirrup.jpg 800w\" sizes=\"(max-width: 401px) 100vw, 401px\" \/><\/a><\/h3>\n<p data-start=\"364\" data-end=\"706\">The <strong data-start=\"368\" data-end=\"418\">Viiden p\u00e4\u00e4n raudoitusseipien taivutuskone GFF-22<\/strong> on vankka ja \u00e4lyk\u00e4s j\u00e4rjestelm\u00e4, joka on suunniteltu k\u00e4sittelem\u00e4\u00e4n 6-22 mm:n ter\u00e4stankoja tarkkoihin j\u00e4ykistemuotoihin. GFF-22-j\u00e4rjestelm\u00e4ss\u00e4 on viisi toisistaan riippumattomasti ohjattavaa taivutusvartta, ja se tarjoaa enemm\u00e4n joustavuutta, mink\u00e4 ansiosta k\u00e4ytt\u00e4j\u00e4t voivat muodostaa suurempia ja monimutkaisempia j\u00e4ykisteiden kokoonpanoja suurella nopeudella.<\/p>\n<p data-start=\"708\" data-end=\"895\">T\u00e4m\u00e4 malli on erityisen tehokas infrastruktuurihankkeissa, ter\u00e4ksenvalmistusty\u00f6pajoissa ja raudoitustankojen massatuotantolaitoksissa, joissa tuotos ja tarkkuus ovat yht\u00e4 t\u00e4rkeit\u00e4.<\/p>\n<h3 data-start=\"902\" data-end=\"964\">CNC-ohjattu tehokkuus ja joustavat j\u00e4ykistemallit<\/h3>\n<p data-start=\"966\" data-end=\"1314\">GFF-22:ssa on CNC-ohjausj\u00e4rjestelm\u00e4 ja viisi synkronoitua taivutusp\u00e4\u00e4t\u00e4, jotka mahdollistavat suorakaiteen, neli\u00f6n, U-muodon tai r\u00e4\u00e4t\u00e4l\u00f6ityjen j\u00e4ykistemuotojen sujuvan ja nopean valmistuksen. K\u00e4ytt\u00e4j\u00e4t voivat s\u00e4\u00e4t\u00e4\u00e4 taivutuskulmia, s\u00e4dett\u00e4 ja tangon pituutta suoraan kosketusn\u00e4yt\u00f6n k\u00e4ytt\u00f6liittym\u00e4n kautta, mik\u00e4 mahdollistaa erien ohjelmoinnin ja ty\u00f6n vaihtamisen muutamassa minuutissa.<\/p>\n<p data-start=\"1316\" data-end=\"1474\">Servo-ohjattu j\u00e4rjestelm\u00e4 takaa alhaiset virhemarginaalit ja minimaalisen mekaanisen kulumisen, mik\u00e4 johtaa tasaisen suoriin ja ter\u00e4viin taivutuksiin eri ter\u00e4styypeill\u00e4.<\/p>\n<h3 data-start=\"1481\" data-end=\"1537\">Suunniteltu suuritehoiseen, pitk\u00e4aikaiseen k\u00e4ytt\u00f6\u00f6n<\/h3>\n<p data-start=\"1539\" data-end=\"1852\">Kone on rakennettu vahvistetulle ter\u00e4srakenteiselle alustalle, jossa on v\u00e4symyst\u00e4 est\u00e4v\u00e4 rakenne, joka takaa luotettavan toiminnan my\u00f6s jatkuvassa ja nopeassa k\u00e4yt\u00f6ss\u00e4. Siin\u00e4 on automaattinen tankojen sy\u00f6tt\u00f6, keskitetty voitelu ja ylikuormitussuojaj\u00e4rjestelm\u00e4t, jotka v\u00e4hent\u00e4v\u00e4t seisokkiaikoja ja pident\u00e4v\u00e4t k\u00e4ytt\u00f6ik\u00e4\u00e4.<\/p>\n<p data-start=\"1854\" data-end=\"1991\">Tehonsy\u00f6tt\u00f6 tukee 380 voltin kolmivaiheista j\u00e4nnitett\u00e4 (muokattavissa vienti\u00e4 varten), joten GFF-22 sopii erinomaisesti sek\u00e4 kotimaisille ett\u00e4 kansainv\u00e4lisille markkinoille.<\/p>\n<h3 data-start=\"1998\" data-end=\"2057\">Viisip\u00e4isen raudan taivuttimen GFF-22 t\u00e4rkeimm\u00e4t ominaisuudet<\/h3>\n<ul data-start=\"2059\" data-end=\"2383\">\n<li data-start=\"2059\" data-end=\"2114\">\n<p data-start=\"2061\" data-end=\"2114\">Taivuttaa 6-22 mm:n ter\u00e4stankoja monimutkaisiksi j\u00e4ykistemuodoiksi<\/p>\n<\/li>\n<li data-start=\"2115\" data-end=\"2182\">\n<p data-start=\"2117\" data-end=\"2182\">Viisi itsen\u00e4ist\u00e4 p\u00e4\u00e4t\u00e4 tarjoaa synkronoidun monipistetaivutuksen<\/p>\n<\/li>\n<li data-start=\"2183\" data-end=\"2245\">\n<p data-start=\"2185\" data-end=\"2245\">Varustettu CNC-liit\u00e4nn\u00e4ll\u00e4 ja muistiin perustuvalla muodon tallennuksella<\/p>\n<\/li>\n<li data-start=\"2246\" data-end=\"2313\">\n<p data-start=\"2248\" data-end=\"2313\">Vakaa runko, jossa on automaattinen voitelu ja ylikuormitussuojaus<\/p>\n<\/li>\n<li data-start=\"2314\" data-end=\"2383\">\n<p data-start=\"2316\" data-end=\"2383\">Ihanteellinen korkean tuotantotehon tuotantoon siviili- ja teollisuushankkeissa.<\/p>\n<\/li>\n<\/ul>\n<p><iframe title=\"Betoniter\u00e4ksen taivuttaja. Betoniter\u00e4ksen taivutuskone. Betoniter\u00e4ksen leikkuri 1TP10Raudan taivutuskone 1TP10Raudan taivutuskone 1TP10Raudanleikkuri 1TP10Raudanleikkauskone\" width=\"720\" height=\"405\" src=\"https:\/\/www.youtube.com\/embed\/wGf4SMojvYY?feature=oembed\" frameborder=\"0\" allow=\"accelerometer; autoplay; clipboard-write; encrypted-media; gyroscope; picture-in-picture; web-share\" referrerpolicy=\"strict-origin-when-cross-origin\" allowfullscreen><\/iframe><\/p>","protected":false},"excerpt":{"rendered":"<p>GFF-22-viisip\u00e4inen raudoitustangon taivutuskone muotoilee 6-22 mm:n raudoitustangon tarkoiksi raudoitustangoiksi. Siin\u00e4 on CNC-ohjaus, nopea ty\u00f6nvaihto ja vientivalmis raskas rakenne.<\/p>","protected":false},"featured_media":9036,"template":"","meta":{"_kad_post_transparent":"default","_kad_post_title":"","_kad_post_layout":"default","_kad_post_sidebar_id":"","_kad_post_content_style":"default","_kad_post_vertical_padding":"default","_kad_post_feature":"","_kad_post_feature_position":"","_kad_post_header":false,"_kad_post_footer":false},"product_brand":[],"product_cat":[60],"product_tag":[1039,1036,1038,1037,1035,1041,1040],"class_list":{"0":"post-9035","1":"product","2":"type-product","3":"status-publish","4":"has-post-thumbnail","6":"product_cat-five-head-rebar-stirrup-bending-machine","7":"product_tag-5-head-rebar-bender-for-stirrup","8":"product_tag-automatic-stirrup-bender-with-five-heads","9":"product_tag-cnc-stirrup-bending-equipment","10":"product_tag-high-speed-rebar-stirrup-machine","11":"product_tag-multi-head-rebar-stirrup-bending-machine","12":"product_tag-rebar-stirrup-forming-machine","13":"product_tag-steel-bar-stirrup-making-machine","15":"first","16":"instock","17":"featured","18":"shipping-taxable","19":"product-type-simple","20":"entry","21":"content-bg","22":"loop-entry"},"yoast_head":"<!-- This site is optimized with the Yoast SEO plugin v25.3.1 - https:\/\/yoast.com\/wordpress\/plugins\/seo\/ -->\n<title>Five-Head Rebar Stirrup Bending Machine GFF-22 - HSY Construction Machinery<\/title>\n<meta name=\"description\" content=\"The Five-Head Rebar Stirrup Bending Machine GFF-22 bends 6\u201322mm steel bars into stirrups. CNC-controlled, durable, and ideal for high-speed, industrial production.\" \/>\n<meta name=\"robots\" content=\"index, follow, max-snippet:-1, max-image-preview:large, max-video-preview:-1\" \/>\n<link rel=\"canonical\" href=\"https:\/\/www.hsymachinery.com\/fi\/tuote\/viiden-paan-raudoitustangon-jaykisteen-taivutuskone-gff-22\/\" \/>\n<meta property=\"og:locale\" content=\"fi_FI\" \/>\n<meta property=\"og:type\" content=\"article\" \/>\n<meta property=\"og:title\" content=\"Five-Head Rebar Stirrup Bending Machine GFF-22 - HSY Construction Machinery\" \/>\n<meta property=\"og:description\" content=\"The Five-Head Rebar Stirrup Bending Machine GFF-22 bends 6\u201322mm steel bars into stirrups. CNC-controlled, durable, and ideal for high-speed, industrial production.\" \/>\n<meta property=\"og:url\" content=\"https:\/\/www.hsymachinery.com\/fi\/tuote\/viiden-paan-raudoitustangon-jaykisteen-taivutuskone-gff-22\/\" \/>\n<meta property=\"og:site_name\" content=\"HSY Construction Machinery\" \/>\n<meta property=\"article:modified_time\" content=\"2025-06-28T03:54:06+00:00\" \/>\n<meta property=\"og:image\" content=\"https:\/\/www.hsymachinery.com\/wp-content\/uploads\/2025\/06\/Five-Head-Rebar-Stirrup-Bending-Machine-GFF-22.jpg\" \/>\n\t<meta property=\"og:image:width\" content=\"600\" \/>\n\t<meta property=\"og:image:height\" content=\"600\" \/>\n\t<meta property=\"og:image:type\" content=\"image\/jpeg\" \/>\n<meta name=\"twitter:card\" content=\"summary_large_image\" \/>\n<meta name=\"twitter:label1\" content=\"Arvioitu lukuaika\" \/>\n\t<meta name=\"twitter:data1\" content=\"2 minuuttia\" \/>\n<script type=\"application\/ld+json\" class=\"yoast-schema-graph\">{\"@context\":\"https:\/\/schema.org\",\"@graph\":[{\"@type\":\"WebPage\",\"@id\":\"https:\/\/www.hsymachinery.com\/product\/five-head-rebar-stirrup-bending-machine-gff-22\/\",\"url\":\"https:\/\/www.hsymachinery.com\/product\/five-head-rebar-stirrup-bending-machine-gff-22\/\",\"name\":\"Five-Head Rebar Stirrup Bending Machine GFF-22 - HSY Construction Machinery\",\"isPartOf\":{\"@id\":\"https:\/\/www.hsymachinery.com\/#website\"},\"primaryImageOfPage\":{\"@id\":\"https:\/\/www.hsymachinery.com\/product\/five-head-rebar-stirrup-bending-machine-gff-22\/#primaryimage\"},\"image\":{\"@id\":\"https:\/\/www.hsymachinery.com\/product\/five-head-rebar-stirrup-bending-machine-gff-22\/#primaryimage\"},\"thumbnailUrl\":\"https:\/\/www.hsymachinery.com\/wp-content\/uploads\/2025\/06\/Five-Head-Rebar-Stirrup-Bending-Machine-GFF-22.jpg\",\"datePublished\":\"2025-06-18T06:51:23+00:00\",\"dateModified\":\"2025-06-28T03:54:06+00:00\",\"description\":\"The Five-Head Rebar Stirrup Bending Machine GFF-22 bends 6\u201322mm steel bars into stirrups. CNC-controlled, durable, and ideal for high-speed, industrial production.\",\"breadcrumb\":{\"@id\":\"https:\/\/www.hsymachinery.com\/product\/five-head-rebar-stirrup-bending-machine-gff-22\/#breadcrumb\"},\"inLanguage\":\"fi\",\"potentialAction\":[{\"@type\":\"ReadAction\",\"target\":[\"https:\/\/www.hsymachinery.com\/product\/five-head-rebar-stirrup-bending-machine-gff-22\/\"]}]},{\"@type\":\"ImageObject\",\"inLanguage\":\"fi\",\"@id\":\"https:\/\/www.hsymachinery.com\/product\/five-head-rebar-stirrup-bending-machine-gff-22\/#primaryimage\",\"url\":\"https:\/\/www.hsymachinery.com\/wp-content\/uploads\/2025\/06\/Five-Head-Rebar-Stirrup-Bending-Machine-GFF-22.jpg\",\"contentUrl\":\"https:\/\/www.hsymachinery.com\/wp-content\/uploads\/2025\/06\/Five-Head-Rebar-Stirrup-Bending-Machine-GFF-22.jpg\",\"width\":600,\"height\":600},{\"@type\":\"BreadcrumbList\",\"@id\":\"https:\/\/www.hsymachinery.com\/product\/five-head-rebar-stirrup-bending-machine-gff-22\/#breadcrumb\",\"itemListElement\":[{\"@type\":\"ListItem\",\"position\":1,\"name\":\"home\",\"item\":\"https:\/\/www.hsymachinery.com\/\"},{\"@type\":\"ListItem\",\"position\":2,\"name\":\"products\",\"item\":\"https:\/\/www.hsymachinery.com\/products\/\"},{\"@type\":\"ListItem\",\"position\":3,\"name\":\"Five-Head Rebar Stirrup Bending Machine GFF-22\"}]},{\"@type\":\"WebSite\",\"@id\":\"https:\/\/www.hsymachinery.com\/#website\",\"url\":\"https:\/\/www.hsymachinery.com\/\",\"name\":\"HSY Construction Machinery\",\"description\":\"HSY Machinery \u2013 A leading China construction machinery supplier, offering a wide range of light construction equipment. Our main products include Rebar Cutting Machine, Rebar Bending Machine, Rebar Stirrup Bending Machine, Rebar Arc Bending Machine, Rebar Straightening Machine, Five-Head Rebar Stirrup Bending Machine, Tamping Rammer, Plate Compactor, Concrete Cutter, Power Trowel, and other construction machinery. We are equipped with advanced CNC machines, and we enforce strict quality inspection standards along with comprehensive after-sales service. If you are interested in our products or services, we warmly welcome your inquiries via message.\",\"publisher\":{\"@id\":\"https:\/\/www.hsymachinery.com\/#organization\"},\"potentialAction\":[{\"@type\":\"SearchAction\",\"target\":{\"@type\":\"EntryPoint\",\"urlTemplate\":\"https:\/\/www.hsymachinery.com\/?s={search_term_string}\"},\"query-input\":{\"@type\":\"PropertyValueSpecification\",\"valueRequired\":true,\"valueName\":\"search_term_string\"}}],\"inLanguage\":\"fi\"},{\"@type\":\"Organization\",\"@id\":\"https:\/\/www.hsymachinery.com\/#organization\",\"name\":\"HSY Construction Machinery\",\"url\":\"https:\/\/www.hsymachinery.com\/\",\"logo\":{\"@type\":\"ImageObject\",\"inLanguage\":\"fi\",\"@id\":\"https:\/\/www.hsymachinery.com\/#\/schema\/logo\/image\/\",\"url\":\"https:\/\/www.hsymachinery.com\/wp-content\/uploads\/2025\/06\/cropped-HSY-machinery.png\",\"contentUrl\":\"https:\/\/www.hsymachinery.com\/wp-content\/uploads\/2025\/06\/cropped-HSY-machinery.png\",\"width\":600,\"height\":240,\"caption\":\"HSY Construction Machinery\"},\"image\":{\"@id\":\"https:\/\/www.hsymachinery.com\/#\/schema\/logo\/image\/\"}}]}<\/script>\n<!-- \/ Yoast SEO plugin. -->","yoast_head_json":{"title":"Viisip\u00e4inen raudoituksen taivutuskone GFF-22 - HSY Construction Machinery","description":"Viisip\u00e4inen raudoituspalkkien taivutuskone GFF-22 taivuttaa 6-22 mm:n ter\u00e4stangot raudoituspalkeiksi. CNC-ohjattu, kest\u00e4v\u00e4 ja ihanteellinen nopeaan teolliseen tuotantoon.","robots":{"index":"index","follow":"follow","max-snippet":"max-snippet:-1","max-image-preview":"max-image-preview:large","max-video-preview":"max-video-preview:-1"},"canonical":"https:\/\/www.hsymachinery.com\/fi\/tuote\/viiden-paan-raudoitustangon-jaykisteen-taivutuskone-gff-22\/","og_locale":"fi_FI","og_type":"article","og_title":"Five-Head Rebar Stirrup Bending Machine GFF-22 - HSY Construction Machinery","og_description":"The Five-Head Rebar Stirrup Bending Machine GFF-22 bends 6\u201322mm steel bars into stirrups. CNC-controlled, durable, and ideal for high-speed, industrial production.","og_url":"https:\/\/www.hsymachinery.com\/fi\/tuote\/viiden-paan-raudoitustangon-jaykisteen-taivutuskone-gff-22\/","og_site_name":"HSY Construction Machinery","article_modified_time":"2025-06-28T03:54:06+00:00","og_image":[{"width":600,"height":600,"url":"https:\/\/www.hsymachinery.com\/wp-content\/uploads\/2025\/06\/Five-Head-Rebar-Stirrup-Bending-Machine-GFF-22.jpg","type":"image\/jpeg"}],"twitter_card":"summary_large_image","twitter_misc":{"Arvioitu lukuaika":"2 minuuttia"},"schema":{"@context":"https:\/\/schema.org","@graph":[{"@type":"WebPage","@id":"https:\/\/www.hsymachinery.com\/product\/five-head-rebar-stirrup-bending-machine-gff-22\/","url":"https:\/\/www.hsymachinery.com\/product\/five-head-rebar-stirrup-bending-machine-gff-22\/","name":"Viisip\u00e4inen raudoituksen taivutuskone GFF-22 - HSY Construction Machinery","isPartOf":{"@id":"https:\/\/www.hsymachinery.com\/#website"},"primaryImageOfPage":{"@id":"https:\/\/www.hsymachinery.com\/product\/five-head-rebar-stirrup-bending-machine-gff-22\/#primaryimage"},"image":{"@id":"https:\/\/www.hsymachinery.com\/product\/five-head-rebar-stirrup-bending-machine-gff-22\/#primaryimage"},"thumbnailUrl":"https:\/\/www.hsymachinery.com\/wp-content\/uploads\/2025\/06\/Five-Head-Rebar-Stirrup-Bending-Machine-GFF-22.jpg","datePublished":"2025-06-18T06:51:23+00:00","dateModified":"2025-06-28T03:54:06+00:00","description":"Viisip\u00e4inen raudoituspalkkien taivutuskone GFF-22 taivuttaa 6-22 mm:n ter\u00e4stangot raudoituspalkeiksi. CNC-ohjattu, kest\u00e4v\u00e4 ja ihanteellinen nopeaan teolliseen tuotantoon.","breadcrumb":{"@id":"https:\/\/www.hsymachinery.com\/product\/five-head-rebar-stirrup-bending-machine-gff-22\/#breadcrumb"},"inLanguage":"fi","potentialAction":[{"@type":"ReadAction","target":["https:\/\/www.hsymachinery.com\/product\/five-head-rebar-stirrup-bending-machine-gff-22\/"]}]},{"@type":"ImageObject","inLanguage":"fi","@id":"https:\/\/www.hsymachinery.com\/product\/five-head-rebar-stirrup-bending-machine-gff-22\/#primaryimage","url":"https:\/\/www.hsymachinery.com\/wp-content\/uploads\/2025\/06\/Five-Head-Rebar-Stirrup-Bending-Machine-GFF-22.jpg","contentUrl":"https:\/\/www.hsymachinery.com\/wp-content\/uploads\/2025\/06\/Five-Head-Rebar-Stirrup-Bending-Machine-GFF-22.jpg","width":600,"height":600},{"@type":"BreadcrumbList","@id":"https:\/\/www.hsymachinery.com\/product\/five-head-rebar-stirrup-bending-machine-gff-22\/#breadcrumb","itemListElement":[{"@type":"ListItem","position":1,"name":"home","item":"https:\/\/www.hsymachinery.com\/"},{"@type":"ListItem","position":2,"name":"products","item":"https:\/\/www.hsymachinery.com\/products\/"},{"@type":"ListItem","position":3,"name":"Five-Head Rebar Stirrup Bending Machine GFF-22"}]},{"@type":"WebSite","@id":"https:\/\/www.hsymachinery.com\/#website","url":"https:\/\/www.hsymachinery.com\/","name":"HSY Construction Machinery","description":"HSY Machinery - Kiinan johtava rakennuskoneiden toimittaja, joka tarjoaa laajan valikoiman kevyit\u00e4 rakennuskoneita. P\u00e4\u00e4tuotteitamme ovat Rebar Cutting Machine, Rebar Bending Machine, Rebar Stirrup Bending Machine, Rebar Arc Bending Machine, Rebar Straighting Machine, Five-Head Rebar Stirrup Bending Machine, Tamping Rammer, Plate Compactor, Concrete Cutter, Power Trowel ja muut rakennuskoneet. Olemme varustettu kehittyneill\u00e4 CNC-koneilla, ja noudatamme tiukkoja laadunvalvontastandardeja sek\u00e4 kattavaa huoltopalvelua. Jos olet kiinnostunut tuotteistamme tai palveluistamme, toivotamme l\u00e4mpim\u00e4sti tervetulleeksi tiedustelusi viestill\u00e4.","publisher":{"@id":"https:\/\/www.hsymachinery.com\/#organization"},"potentialAction":[{"@type":"SearchAction","target":{"@type":"EntryPoint","urlTemplate":"https:\/\/www.hsymachinery.com\/?s={search_term_string}"},"query-input":{"@type":"PropertyValueSpecification","valueRequired":true,"valueName":"search_term_string"}}],"inLanguage":"fi"},{"@type":"Organization","@id":"https:\/\/www.hsymachinery.com\/#organization","name":"HSY Construction Machinery","url":"https:\/\/www.hsymachinery.com\/","logo":{"@type":"ImageObject","inLanguage":"fi","@id":"https:\/\/www.hsymachinery.com\/#\/schema\/logo\/image\/","url":"https:\/\/www.hsymachinery.com\/wp-content\/uploads\/2025\/06\/cropped-HSY-machinery.png","contentUrl":"https:\/\/www.hsymachinery.com\/wp-content\/uploads\/2025\/06\/cropped-HSY-machinery.png","width":600,"height":240,"caption":"HSY Construction Machinery"},"image":{"@id":"https:\/\/www.hsymachinery.com\/#\/schema\/logo\/image\/"}}]}},"_links":{"self":[{"href":"https:\/\/www.hsymachinery.com\/fi\/wp-json\/wp\/v2\/product\/9035","targetHints":{"allow":["GET"]}}],"collection":[{"href":"https:\/\/www.hsymachinery.com\/fi\/wp-json\/wp\/v2\/product"}],"about":[{"href":"https:\/\/www.hsymachinery.com\/fi\/wp-json\/wp\/v2\/types\/product"}],"version-history":[{"count":3,"href":"https:\/\/www.hsymachinery.com\/fi\/wp-json\/wp\/v2\/product\/9035\/revisions"}],"predecessor-version":[{"id":9464,"href":"https:\/\/www.hsymachinery.com\/fi\/wp-json\/wp\/v2\/product\/9035\/revisions\/9464"}],"wp:featuredmedia":[{"embeddable":true,"href":"https:\/\/www.hsymachinery.com\/fi\/wp-json\/wp\/v2\/media\/9036"}],"wp:attachment":[{"href":"https:\/\/www.hsymachinery.com\/fi\/wp-json\/wp\/v2\/media?parent=9035"}],"wp:term":[{"taxonomy":"product_brand","embeddable":true,"href":"https:\/\/www.hsymachinery.com\/fi\/wp-json\/wp\/v2\/product_brand?post=9035"},{"taxonomy":"product_cat","embeddable":true,"href":"https:\/\/www.hsymachinery.com\/fi\/wp-json\/wp\/v2\/product_cat?post=9035"},{"taxonomy":"product_tag","embeddable":true,"href":"https:\/\/www.hsymachinery.com\/fi\/wp-json\/wp\/v2\/product_tag?post=9035"}],"curies":[{"name":"wp","href":"https:\/\/api.w.org\/{rel}","templated":true}]}}