{"id":9023,"date":"2025-06-18T14:22:46","date_gmt":"2025-06-18T06:22:46","guid":{"rendered":"https:\/\/www.hsymachinery.com\/?post_type=product&#038;p=9023"},"modified":"2025-06-28T00:45:04","modified_gmt":"2025-06-27T16:45:04","slug":"raudoitustangon-oikaisukone-gtf4-16a","status":"publish","type":"product","link":"https:\/\/www.hsymachinery.com\/fi\/tuote\/raudoitustangon-oikaisukone-gtf4-16a\/","title":{"rendered":"Betoniter\u00e4ksen oikaisukone GTF4-16A"},"content":{"rendered":"<h2 data-start=\"139\" data-end=\"183\">Betoniter\u00e4ksen oikaisukone GTF4-16A<\/h2>\n<h3 data-start=\"184\" data-end=\"321\">GTF4-16A Invertteriohjattu ter\u00e4stangon suoristuslaite 4-16 mm:n raudalle | Suuren kapasiteetin muuttuvan taajuuden raudan suoristuslaitteet<\/h3>\n<h3 data-start=\"328\" data-end=\"414\">Tuotteen yleiskuvaus - Joustava ja tehokas kelan oikaisu VFD-tekniikan avulla<\/h3>\n<p data-start=\"416\" data-end=\"761\">The <strong data-start=\"420\" data-end=\"460\"><a href=\"https:\/\/www.hsymachinery.com\/fi\/tuotteet\/raudoitustangon-oikaisukone\/\" target=\"_blank\" rel=\"noopener\">Betoniter\u00e4ksen oikaisukone<\/a> GTF4-16A<\/strong> on suunniteltu 4-16 mm:n kelattujen ter\u00e4stankojen tehokkaaseen suoristamiseen, ja siin\u00e4 k\u00e4ytet\u00e4\u00e4n invertteritekniikkaa (VFD), joka mahdollistaa tarkan nopeuden s\u00e4\u00e4d\u00f6n. T\u00e4m\u00e4 malli sopii erinomaisesti sillanrakennukseen, elementtitehtaisiin ja teolliseen ter\u00e4ksenk\u00e4sittelyyn, jossa tarvitaan sek\u00e4 tehoa ett\u00e4 mukautuvuutta.<\/p>\n<p data-start=\"763\" data-end=\"953\">Taajuusmuuttajan ansiosta GTF4-16A ei ainoastaan v\u00e4henn\u00e4 energiankulutusta vaan my\u00f6s minimoi mekaanisen j\u00e4rjestelm\u00e4n kulumista, mik\u00e4 pident\u00e4\u00e4 k\u00e4ytt\u00f6ik\u00e4\u00e4 ja parantaa toiminnan tasaisuutta.<\/p>\n<h3 data-start=\"960\" data-end=\"1030\">Suuri v\u00e4\u00e4nt\u00f6momentti ja s\u00e4\u00e4dett\u00e4v\u00e4 nopeus taajuusohjauksen avulla<\/h3>\n<p data-start=\"1032\" data-end=\"1320\">Koneen VFD-j\u00e4rjestelm\u00e4n avulla voit muuttaa oikaisunopeutta reaaliaikaisesti materiaalityypin ja tuotantotarpeiden mukaan. Riippumatta siit\u00e4, ty\u00f6skenteletk\u00f6 pehme\u00e4n hiiliter\u00e4ksen vai lujan betoniter\u00e4ksen kanssa, s\u00e4\u00e4dett\u00e4v\u00e4 rullaj\u00e4rjestelm\u00e4 ja vakaa sy\u00f6tt\u00f6voima takaavat erinomaisen suoruuden.<\/p>\n<p data-start=\"1322\" data-end=\"1521\">Sen kupariydinmoottori, jota on parannettu invertteritekniikalla, tuottaa tasaisen v\u00e4\u00e4nt\u00f6momentin samalla kun sy\u00f6tt\u00f6rytmi pysyy t\u00e4ysin hallinnassa - ihanteellinen sek\u00e4 pieniss\u00e4 eriss\u00e4 ett\u00e4 jatkuvassa k\u00e4yt\u00f6ss\u00e4.<\/p>\n<h3 data-start=\"1528\" data-end=\"1581\">Kest\u00e4v\u00e4 runko ja maailmanlaajuinen j\u00e4nniteyhteensopivuus<\/h3>\n<p data-start=\"1583\" data-end=\"1847\">Vahvistetusta rakenneter\u00e4ksest\u00e4 valmistettu GTF4-16A kest\u00e4\u00e4 t\u00e4rin\u00e4\u00e4 ja mekaanista v\u00e4symist\u00e4 raskaassa k\u00e4yt\u00f6ss\u00e4. Koneessa on tilaa s\u00e4\u00e4st\u00e4v\u00e4 muotoilu, jossa on liikuteltavuutta helpottavat py\u00f6r\u00e4t, joten se on helppo siirt\u00e4\u00e4 tai integroida tuotantolinjaan.<\/p>\n<p data-start=\"1849\" data-end=\"1958\">Se on t\u00e4ysin yhteensopiva 220V\/380V (50\/60Hz) -verkkoj\u00e4rjestelmien kanssa, mik\u00e4 tukee vienti- ja kentt\u00e4k\u00e4ytt\u00f6\u00e4 maailmanlaajuisesti.<\/p>\n<h3 data-start=\"1965\" data-end=\"2023\">Betoniter\u00e4ksen oikaisukoneen GTF4-16A t\u00e4rkeimm\u00e4t ominaisuudet<\/h3>\n<ul data-start=\"2025\" data-end=\"2322\">\n<li data-start=\"2025\" data-end=\"2079\">\n<p data-start=\"2027\" data-end=\"2079\">Suoristaa 4-16 mm:n kelattua raudoitustankoa suurella tarkkuudella.<\/p>\n<\/li>\n<li data-start=\"2080\" data-end=\"2149\">\n<p data-start=\"2082\" data-end=\"2149\"><strong data-start=\"2082\" data-end=\"2118\">Muuttuvan taajuuden (VFD) ohjaus<\/strong> s\u00e4\u00e4dett\u00e4v\u00e4\u00e4 ty\u00f6tahtia varten<\/p>\n<\/li>\n<li data-start=\"2150\" data-end=\"2206\">\n<p data-start=\"2152\" data-end=\"2206\">Tehokas v\u00e4\u00e4nt\u00f6momenttij\u00e4rjestelm\u00e4 ja tarkasti kohdistetut rullat<\/p>\n<\/li>\n<li data-start=\"2207\" data-end=\"2265\">\n<p data-start=\"2209\" data-end=\"2265\">Suunniteltu teolliseen, tehdasvalmisteiseen ja vientik\u00e4ytt\u00f6\u00f6n.<\/p>\n<\/li>\n<li data-start=\"2266\" data-end=\"2322\">\n<p data-start=\"2268\" data-end=\"2322\">Maailmanlaajuinen virransy\u00f6tt\u00f6 tukee joustavaa k\u00e4ytt\u00f6\u00f6nottoa<\/p>\n<\/li>\n<\/ul>\n<p><iframe title=\"Raudoituksen suoristuslaite. Betoniter\u00e4ksen leikkuri. Betoniter\u00e4ksen leikkauskone. 1TP10Raudanleikkuri 1TP10Raudanleikkuukone\" width=\"720\" height=\"405\" src=\"https:\/\/www.youtube.com\/embed\/7FKkySPeKVQ?feature=oembed\" frameborder=\"0\" allow=\"accelerometer; autoplay; clipboard-write; encrypted-media; gyroscope; picture-in-picture; web-share\" referrerpolicy=\"strict-origin-when-cross-origin\" allowfullscreen><\/iframe><\/p>","protected":false},"excerpt":{"rendered":"<p>GTF4-16A suoristaa 4-16 mm:n ter\u00e4stankoja invertterinopeuss\u00e4\u00e4d\u00f6ll\u00e4. T\u00e4ydellinen teollisuusk\u00e4ytt\u00f6\u00f6n, sill\u00e4 siin\u00e4 yhdistyv\u00e4t raskas teho ja taajuusmuuttaja joustavaa k\u00e4ytt\u00f6\u00e4 varten.<\/p>","protected":false},"featured_media":9024,"template":"","meta":{"_kad_post_transparent":"default","_kad_post_title":"","_kad_post_layout":"default","_kad_post_sidebar_id":"","_kad_post_content_style":"default","_kad_post_vertical_padding":"default","_kad_post_feature":"","_kad_post_feature_position":"","_kad_post_header":false,"_kad_post_footer":false},"product_brand":[],"product_cat":[62],"product_tag":[1026,1028,1030,1031,1034,1027,1032,1025,1029,1033],"class_list":{"0":"post-9023","1":"product","2":"type-product","3":"status-publish","4":"has-post-thumbnail","6":"product_cat-rebar-straightening-machine","7":"product_tag-automatic-rebar-straightener","8":"product_tag-cnc-rebar-straightening-equipment","9":"product_tag-coiled-rebar-straightening-machine","10":"product_tag-construction-bar-straightening-machine","11":"product_tag-high-speed-rebar-straightening-tool","12":"product_tag-hydraulic-rebar-straightening-machine","13":"product_tag-rebar-leveling-and-cutting-machine","14":"product_tag-steel-bar-straightening-machine","15":"product_tag-steel-wire-straightener-and-cutter","16":"product_tag-straightening-machine-for-steel-rods","18":"first","19":"instock","20":"shipping-taxable","21":"product-type-simple","22":"entry","23":"content-bg","24":"loop-entry"},"yoast_head":"<!-- This site is optimized with the Yoast SEO plugin v25.3.1 - https:\/\/yoast.com\/wordpress\/plugins\/seo\/ -->\n<title>Rebar Straightening Machine GTF4-16A - HSY Construction Machinery<\/title>\n<meta name=\"description\" content=\"Rebar Straightening Machine GTF4-16A processes 4\u201316mm coil bars with VFD control. Ideal for high-efficiency industrial use and global export compatibility.\" \/>\n<meta name=\"robots\" content=\"index, follow, max-snippet:-1, max-image-preview:large, max-video-preview:-1\" \/>\n<link rel=\"canonical\" href=\"https:\/\/www.hsymachinery.com\/fi\/tuote\/raudoitustangon-oikaisukone-gtf4-16a\/\" \/>\n<meta property=\"og:locale\" content=\"fi_FI\" \/>\n<meta property=\"og:type\" content=\"article\" \/>\n<meta property=\"og:title\" content=\"Rebar Straightening Machine GTF4-16A - HSY Construction Machinery\" \/>\n<meta property=\"og:description\" content=\"Rebar Straightening Machine GTF4-16A processes 4\u201316mm coil bars with VFD control. Ideal for high-efficiency industrial use and global export compatibility.\" \/>\n<meta property=\"og:url\" content=\"https:\/\/www.hsymachinery.com\/fi\/tuote\/raudoitustangon-oikaisukone-gtf4-16a\/\" \/>\n<meta property=\"og:site_name\" content=\"HSY Construction Machinery\" \/>\n<meta property=\"article:modified_time\" content=\"2025-06-27T16:45:04+00:00\" \/>\n<meta property=\"og:image\" content=\"https:\/\/www.hsymachinery.com\/wp-content\/uploads\/2025\/06\/Rebar-Straightening-Machine-GTF4-16A.jpg\" \/>\n\t<meta property=\"og:image:width\" content=\"600\" \/>\n\t<meta property=\"og:image:height\" content=\"600\" \/>\n\t<meta property=\"og:image:type\" content=\"image\/jpeg\" \/>\n<meta name=\"twitter:card\" content=\"summary_large_image\" \/>\n<meta name=\"twitter:label1\" content=\"Arvioitu lukuaika\" \/>\n\t<meta name=\"twitter:data1\" content=\"2 minuuttia\" \/>\n<script type=\"application\/ld+json\" class=\"yoast-schema-graph\">{\"@context\":\"https:\/\/schema.org\",\"@graph\":[{\"@type\":\"WebPage\",\"@id\":\"https:\/\/www.hsymachinery.com\/product\/rebar-straightening-machine-gtf4-16a\/\",\"url\":\"https:\/\/www.hsymachinery.com\/product\/rebar-straightening-machine-gtf4-16a\/\",\"name\":\"Rebar Straightening Machine GTF4-16A - HSY Construction Machinery\",\"isPartOf\":{\"@id\":\"https:\/\/www.hsymachinery.com\/#website\"},\"primaryImageOfPage\":{\"@id\":\"https:\/\/www.hsymachinery.com\/product\/rebar-straightening-machine-gtf4-16a\/#primaryimage\"},\"image\":{\"@id\":\"https:\/\/www.hsymachinery.com\/product\/rebar-straightening-machine-gtf4-16a\/#primaryimage\"},\"thumbnailUrl\":\"https:\/\/www.hsymachinery.com\/wp-content\/uploads\/2025\/06\/Rebar-Straightening-Machine-GTF4-16A.jpg\",\"datePublished\":\"2025-06-18T06:22:46+00:00\",\"dateModified\":\"2025-06-27T16:45:04+00:00\",\"description\":\"Rebar Straightening Machine GTF4-16A processes 4\u201316mm coil bars with VFD control. Ideal for high-efficiency industrial use and global export compatibility.\",\"breadcrumb\":{\"@id\":\"https:\/\/www.hsymachinery.com\/product\/rebar-straightening-machine-gtf4-16a\/#breadcrumb\"},\"inLanguage\":\"fi\",\"potentialAction\":[{\"@type\":\"ReadAction\",\"target\":[\"https:\/\/www.hsymachinery.com\/product\/rebar-straightening-machine-gtf4-16a\/\"]}]},{\"@type\":\"ImageObject\",\"inLanguage\":\"fi\",\"@id\":\"https:\/\/www.hsymachinery.com\/product\/rebar-straightening-machine-gtf4-16a\/#primaryimage\",\"url\":\"https:\/\/www.hsymachinery.com\/wp-content\/uploads\/2025\/06\/Rebar-Straightening-Machine-GTF4-16A.jpg\",\"contentUrl\":\"https:\/\/www.hsymachinery.com\/wp-content\/uploads\/2025\/06\/Rebar-Straightening-Machine-GTF4-16A.jpg\",\"width\":600,\"height\":600},{\"@type\":\"BreadcrumbList\",\"@id\":\"https:\/\/www.hsymachinery.com\/product\/rebar-straightening-machine-gtf4-16a\/#breadcrumb\",\"itemListElement\":[{\"@type\":\"ListItem\",\"position\":1,\"name\":\"home\",\"item\":\"https:\/\/www.hsymachinery.com\/\"},{\"@type\":\"ListItem\",\"position\":2,\"name\":\"products\",\"item\":\"https:\/\/www.hsymachinery.com\/products\/\"},{\"@type\":\"ListItem\",\"position\":3,\"name\":\"Rebar Straightening Machine GTF4-16A\"}]},{\"@type\":\"WebSite\",\"@id\":\"https:\/\/www.hsymachinery.com\/#website\",\"url\":\"https:\/\/www.hsymachinery.com\/\",\"name\":\"HSY Construction Machinery\",\"description\":\"HSY Machinery \u2013 A leading China construction machinery supplier, offering a wide range of light construction equipment. Our main products include Rebar Cutting Machine, Rebar Bending Machine, Rebar Stirrup Bending Machine, Rebar Arc Bending Machine, Rebar Straightening Machine, Five-Head Rebar Stirrup Bending Machine, Tamping Rammer, Plate Compactor, Concrete Cutter, Power Trowel, and other construction machinery. We are equipped with advanced CNC machines, and we enforce strict quality inspection standards along with comprehensive after-sales service. If you are interested in our products or services, we warmly welcome your inquiries via message.\",\"publisher\":{\"@id\":\"https:\/\/www.hsymachinery.com\/#organization\"},\"potentialAction\":[{\"@type\":\"SearchAction\",\"target\":{\"@type\":\"EntryPoint\",\"urlTemplate\":\"https:\/\/www.hsymachinery.com\/?s={search_term_string}\"},\"query-input\":{\"@type\":\"PropertyValueSpecification\",\"valueRequired\":true,\"valueName\":\"search_term_string\"}}],\"inLanguage\":\"fi\"},{\"@type\":\"Organization\",\"@id\":\"https:\/\/www.hsymachinery.com\/#organization\",\"name\":\"HSY Construction Machinery\",\"url\":\"https:\/\/www.hsymachinery.com\/\",\"logo\":{\"@type\":\"ImageObject\",\"inLanguage\":\"fi\",\"@id\":\"https:\/\/www.hsymachinery.com\/#\/schema\/logo\/image\/\",\"url\":\"https:\/\/www.hsymachinery.com\/wp-content\/uploads\/2025\/06\/cropped-HSY-machinery.png\",\"contentUrl\":\"https:\/\/www.hsymachinery.com\/wp-content\/uploads\/2025\/06\/cropped-HSY-machinery.png\",\"width\":600,\"height\":240,\"caption\":\"HSY Construction Machinery\"},\"image\":{\"@id\":\"https:\/\/www.hsymachinery.com\/#\/schema\/logo\/image\/\"}}]}<\/script>\n<!-- \/ Yoast SEO plugin. -->","yoast_head_json":{"title":"Betoniter\u00e4ksen oikaisukone GTF4-16A - HSY Construction Machinery - Rakennuskoneet ja -laitteet","description":"Betoniter\u00e4ksen oikaisukone GTF4-16A k\u00e4sittelee 4-16 mm:n kelatankoja VFD-ohjauksella. Ihanteellinen tehokkaaseen teollisuusk\u00e4ytt\u00f6\u00f6n ja maailmanlaajuiseen vientiin.","robots":{"index":"index","follow":"follow","max-snippet":"max-snippet:-1","max-image-preview":"max-image-preview:large","max-video-preview":"max-video-preview:-1"},"canonical":"https:\/\/www.hsymachinery.com\/fi\/tuote\/raudoitustangon-oikaisukone-gtf4-16a\/","og_locale":"fi_FI","og_type":"article","og_title":"Rebar Straightening Machine GTF4-16A - HSY Construction Machinery","og_description":"Rebar Straightening Machine GTF4-16A processes 4\u201316mm coil bars with VFD control. Ideal for high-efficiency industrial use and global export compatibility.","og_url":"https:\/\/www.hsymachinery.com\/fi\/tuote\/raudoitustangon-oikaisukone-gtf4-16a\/","og_site_name":"HSY Construction Machinery","article_modified_time":"2025-06-27T16:45:04+00:00","og_image":[{"width":600,"height":600,"url":"https:\/\/www.hsymachinery.com\/wp-content\/uploads\/2025\/06\/Rebar-Straightening-Machine-GTF4-16A.jpg","type":"image\/jpeg"}],"twitter_card":"summary_large_image","twitter_misc":{"Arvioitu lukuaika":"2 minuuttia"},"schema":{"@context":"https:\/\/schema.org","@graph":[{"@type":"WebPage","@id":"https:\/\/www.hsymachinery.com\/product\/rebar-straightening-machine-gtf4-16a\/","url":"https:\/\/www.hsymachinery.com\/product\/rebar-straightening-machine-gtf4-16a\/","name":"Betoniter\u00e4ksen oikaisukone GTF4-16A - HSY Construction Machinery - Rakennuskoneet ja -laitteet","isPartOf":{"@id":"https:\/\/www.hsymachinery.com\/#website"},"primaryImageOfPage":{"@id":"https:\/\/www.hsymachinery.com\/product\/rebar-straightening-machine-gtf4-16a\/#primaryimage"},"image":{"@id":"https:\/\/www.hsymachinery.com\/product\/rebar-straightening-machine-gtf4-16a\/#primaryimage"},"thumbnailUrl":"https:\/\/www.hsymachinery.com\/wp-content\/uploads\/2025\/06\/Rebar-Straightening-Machine-GTF4-16A.jpg","datePublished":"2025-06-18T06:22:46+00:00","dateModified":"2025-06-27T16:45:04+00:00","description":"Betoniter\u00e4ksen oikaisukone GTF4-16A k\u00e4sittelee 4-16 mm:n kelatankoja VFD-ohjauksella. Ihanteellinen tehokkaaseen teollisuusk\u00e4ytt\u00f6\u00f6n ja maailmanlaajuiseen vientiin.","breadcrumb":{"@id":"https:\/\/www.hsymachinery.com\/product\/rebar-straightening-machine-gtf4-16a\/#breadcrumb"},"inLanguage":"fi","potentialAction":[{"@type":"ReadAction","target":["https:\/\/www.hsymachinery.com\/product\/rebar-straightening-machine-gtf4-16a\/"]}]},{"@type":"ImageObject","inLanguage":"fi","@id":"https:\/\/www.hsymachinery.com\/product\/rebar-straightening-machine-gtf4-16a\/#primaryimage","url":"https:\/\/www.hsymachinery.com\/wp-content\/uploads\/2025\/06\/Rebar-Straightening-Machine-GTF4-16A.jpg","contentUrl":"https:\/\/www.hsymachinery.com\/wp-content\/uploads\/2025\/06\/Rebar-Straightening-Machine-GTF4-16A.jpg","width":600,"height":600},{"@type":"BreadcrumbList","@id":"https:\/\/www.hsymachinery.com\/product\/rebar-straightening-machine-gtf4-16a\/#breadcrumb","itemListElement":[{"@type":"ListItem","position":1,"name":"home","item":"https:\/\/www.hsymachinery.com\/"},{"@type":"ListItem","position":2,"name":"products","item":"https:\/\/www.hsymachinery.com\/products\/"},{"@type":"ListItem","position":3,"name":"Rebar Straightening Machine GTF4-16A"}]},{"@type":"WebSite","@id":"https:\/\/www.hsymachinery.com\/#website","url":"https:\/\/www.hsymachinery.com\/","name":"HSY Construction Machinery","description":"HSY Machinery - Kiinan johtava rakennuskoneiden toimittaja, joka tarjoaa laajan valikoiman kevyit\u00e4 rakennuskoneita. P\u00e4\u00e4tuotteitamme ovat Rebar Cutting Machine, Rebar Bending Machine, Rebar Stirrup Bending Machine, Rebar Arc Bending Machine, Rebar Straighting Machine, Five-Head Rebar Stirrup Bending Machine, Tamping Rammer, Plate Compactor, Concrete Cutter, Power Trowel ja muut rakennuskoneet. Olemme varustettu kehittyneill\u00e4 CNC-koneilla, ja noudatamme tiukkoja laadunvalvontastandardeja sek\u00e4 kattavaa huoltopalvelua. Jos olet kiinnostunut tuotteistamme tai palveluistamme, toivotamme l\u00e4mpim\u00e4sti tervetulleeksi tiedustelusi viestill\u00e4.","publisher":{"@id":"https:\/\/www.hsymachinery.com\/#organization"},"potentialAction":[{"@type":"SearchAction","target":{"@type":"EntryPoint","urlTemplate":"https:\/\/www.hsymachinery.com\/?s={search_term_string}"},"query-input":{"@type":"PropertyValueSpecification","valueRequired":true,"valueName":"search_term_string"}}],"inLanguage":"fi"},{"@type":"Organization","@id":"https:\/\/www.hsymachinery.com\/#organization","name":"HSY Construction Machinery","url":"https:\/\/www.hsymachinery.com\/","logo":{"@type":"ImageObject","inLanguage":"fi","@id":"https:\/\/www.hsymachinery.com\/#\/schema\/logo\/image\/","url":"https:\/\/www.hsymachinery.com\/wp-content\/uploads\/2025\/06\/cropped-HSY-machinery.png","contentUrl":"https:\/\/www.hsymachinery.com\/wp-content\/uploads\/2025\/06\/cropped-HSY-machinery.png","width":600,"height":240,"caption":"HSY Construction Machinery"},"image":{"@id":"https:\/\/www.hsymachinery.com\/#\/schema\/logo\/image\/"}}]}},"_links":{"self":[{"href":"https:\/\/www.hsymachinery.com\/fi\/wp-json\/wp\/v2\/product\/9023","targetHints":{"allow":["GET"]}}],"collection":[{"href":"https:\/\/www.hsymachinery.com\/fi\/wp-json\/wp\/v2\/product"}],"about":[{"href":"https:\/\/www.hsymachinery.com\/fi\/wp-json\/wp\/v2\/types\/product"}],"version-history":[{"count":3,"href":"https:\/\/www.hsymachinery.com\/fi\/wp-json\/wp\/v2\/product\/9023\/revisions"}],"predecessor-version":[{"id":9447,"href":"https:\/\/www.hsymachinery.com\/fi\/wp-json\/wp\/v2\/product\/9023\/revisions\/9447"}],"wp:featuredmedia":[{"embeddable":true,"href":"https:\/\/www.hsymachinery.com\/fi\/wp-json\/wp\/v2\/media\/9024"}],"wp:attachment":[{"href":"https:\/\/www.hsymachinery.com\/fi\/wp-json\/wp\/v2\/media?parent=9023"}],"wp:term":[{"taxonomy":"product_brand","embeddable":true,"href":"https:\/\/www.hsymachinery.com\/fi\/wp-json\/wp\/v2\/product_brand?post=9023"},{"taxonomy":"product_cat","embeddable":true,"href":"https:\/\/www.hsymachinery.com\/fi\/wp-json\/wp\/v2\/product_cat?post=9023"},{"taxonomy":"product_tag","embeddable":true,"href":"https:\/\/www.hsymachinery.com\/fi\/wp-json\/wp\/v2\/product_tag?post=9023"}],"curies":[{"name":"wp","href":"https:\/\/api.w.org\/{rel}","templated":true}]}}