{"id":9004,"date":"2025-06-18T12:41:42","date_gmt":"2025-06-18T04:41:42","guid":{"rendered":"https:\/\/www.hsymachinery.com\/?post_type=product&#038;p=9004"},"modified":"2025-06-27T23:49:55","modified_gmt":"2025-06-27T15:49:55","slug":"raudoitustangon-suoristuslaite-gtd4-10b","status":"publish","type":"product","link":"https:\/\/www.hsymachinery.com\/fi\/tuote\/raudoitustangon-suoristuslaite-gtd4-10b\/","title":{"rendered":"Betoniter\u00e4ksen oikaisukone GTD4-10B"},"content":{"rendered":"<h2 data-start=\"107\" data-end=\"151\">Betoniter\u00e4ksen oikaisukone GTD4-10B<\/h2>\n<h3 data-start=\"152\" data-end=\"270\">GTD4-10B ter\u00e4spalkin suoristuslaite 4-10mm raudoitukseen | Kompakti kelan suoristuslaite raudoituksen k\u00e4sittelyyn<\/h3>\n<h3 data-start=\"277\" data-end=\"355\">Tuotteen yleiskatsaus - Luotettava suoristus kelattua ja ep\u00e4muodostunutta raudoitusta varten<\/h3>\n<p data-start=\"357\" data-end=\"624\">The <strong data-start=\"361\" data-end=\"401\"><a href=\"https:\/\/www.hsymachinery.com\/fi\/tuotteet\/raudoitustangon-oikaisukone\/\" target=\"_blank\" rel=\"noopener\">Betoniter\u00e4ksen oikaisukone<\/a> GTD4-10B<\/strong> on suunniteltu k\u00e4sittelem\u00e4\u00e4n tehokkaasti <strong data-start=\"437\" data-end=\"463\">4mm-10mm ter\u00e4stangot<\/strong>, joka tuottaa suoraa ja tasalaatuista materiaalia rakennus- ja valmistust\u00f6it\u00e4 varten. Se k\u00e4sittelee kelattuja ter\u00e4stankoja ja poistaa kierteet, mutkat ja muistin tarkasti.<\/p>\n<p data-start=\"626\" data-end=\"782\">T\u00e4t\u00e4 mallia k\u00e4ytet\u00e4\u00e4n laajalti raudoitustankojen k\u00e4sittelypajoissa, elementtitehtaissa ja pieniss\u00e4 rakennusryhmiss\u00e4, jotka haluavat parantaa tankojen laatua ja v\u00e4hent\u00e4\u00e4 j\u00e4tett\u00e4.<\/p>\n<h3 data-start=\"789\" data-end=\"838\">Vakaa suorituskyky ja tarkka s\u00e4\u00e4t\u00f6<\/h3>\n<p data-start=\"840\" data-end=\"1089\">Voit helposti s\u00e4\u00e4t\u00e4\u00e4 rullan asentoa ja kireysasetuksia eri tankohalkaisijoille. Tehokas k\u00e4ytt\u00f6moottori takaa tasaisen sy\u00f6t\u00f6n ja suoristuksen, ja rullaj\u00e4rjestelm\u00e4 pit\u00e4\u00e4 t\u00e4rin\u00e4n alhaisena ja tasaisuuden korkeana.<\/p>\n<p data-start=\"1091\" data-end=\"1255\">Sen sy\u00f6tt\u00f6nopeuden s\u00e4\u00e4timen avulla voit sovittaa suoristusnopeuden projektisi tarpeisiin, mik\u00e4 auttaa sinua k\u00e4sittelem\u00e4\u00e4n enemm\u00e4n tankoja lyhyemm\u00e4ss\u00e4 ajassa laadusta tinkim\u00e4tt\u00e4.<\/p>\n<h3 data-start=\"1262\" data-end=\"1315\">Tilaa s\u00e4\u00e4st\u00e4v\u00e4 rakenne ja maailmanlaajuinen j\u00e4nnitetuki<\/h3>\n<p data-start=\"1317\" data-end=\"1628\">GTD4-10B:n kompakti runko sopii hyvin ahtaisiin ty\u00f6tiloihin ja tarjoaa samalla vahvan mekaanisen suorituskyvyn. Kone on rakennettu teollisuusk\u00e4ytt\u00f6\u00f6n soveltuvasta ter\u00e4ksest\u00e4, mik\u00e4 takaa pitk\u00e4aikaisen kest\u00e4vyyden. Se tukee sek\u00e4 220V ett\u00e4 380V tuloa 50\/60Hz:n taajuudella, mik\u00e4 takaa sen sujuvan toiminnan eri kansainv\u00e4lisill\u00e4 alueilla.<\/p>\n<p data-start=\"1630\" data-end=\"1729\">Se tuottaa vahvoja ja tarkkoja tuloksia riippumatta siit\u00e4, k\u00e4ytet\u00e4\u00e4nk\u00f6 sit\u00e4 kannettavassa kokoonpanossa vai kiinte\u00e4ss\u00e4 tuotantolinjassa.<\/p>\n<h3 data-start=\"1736\" data-end=\"1794\">Betoniter\u00e4ksen suoristuslaitteen GTD4-10B t\u00e4rkeimm\u00e4t ominaisuudet<\/h3>\n<ul data-start=\"1796\" data-end=\"2041\">\n<li data-start=\"1796\" data-end=\"1861\">\n<p data-start=\"1798\" data-end=\"1861\">Suoristaa 4-10 mm:n ter\u00e4sraudoituksen kelalta eritt\u00e4in tehokkaasti.<\/p>\n<\/li>\n<li data-start=\"1862\" data-end=\"1929\">\n<p data-start=\"1864\" data-end=\"1929\">Suunniteltu ty\u00f6pajoihin, tehdasvalmisteisiin telakoihin ja paikan p\u00e4\u00e4ll\u00e4 tapahtuvaan k\u00e4sittelyyn.<\/p>\n<\/li>\n<li data-start=\"1930\" data-end=\"1984\">\n<p data-start=\"1932\" data-end=\"1984\">S\u00e4\u00e4dett\u00e4v\u00e4 sy\u00f6tt\u00f6j\u00e4rjestelm\u00e4 tarkkaa oikaisua varten<\/p>\n<\/li>\n<li data-start=\"1985\" data-end=\"2041\">\n<p data-start=\"1987\" data-end=\"2041\">Kompakti, siirrett\u00e4v\u00e4 ja tehojoustava rakenne<\/p>\n<\/li>\n<\/ul>\n<p><iframe title=\"#rakentaminen #rebarmachine #rebbarbending #rebarcutter #rebarcuttingmachine #rebarcuttingmachine\" width=\"720\" height=\"405\" src=\"https:\/\/www.youtube.com\/embed\/YnqPtwSEoVw?feature=oembed\" frameborder=\"0\" allow=\"accelerometer; autoplay; clipboard-write; encrypted-media; gyroscope; picture-in-picture; web-share\" referrerpolicy=\"strict-origin-when-cross-origin\" allowfullscreen><\/iframe><\/p>","protected":false},"excerpt":{"rendered":"<p>GTD4-10B suoristaa 4-10 mm:n ter\u00e4stangot kelalta suoriksi p\u00e4tkiksi. Kompakti ja helppok\u00e4ytt\u00f6inen laite sopii valmistusliikkeisiin ja maailmanlaajuiseen vientik\u00e4ytt\u00f6\u00f6n.<\/p>","protected":false},"featured_media":9005,"template":"","meta":{"_kad_post_transparent":"default","_kad_post_title":"","_kad_post_layout":"default","_kad_post_sidebar_id":"","_kad_post_content_style":"default","_kad_post_vertical_padding":"default","_kad_post_feature":"","_kad_post_feature_position":"","_kad_post_header":false,"_kad_post_footer":false},"product_brand":[],"product_cat":[62],"product_tag":[1026,1028,1030,1031,1034,1027,1032,1025,1029,1033],"class_list":{"0":"post-9004","1":"product","2":"type-product","3":"status-publish","4":"has-post-thumbnail","6":"product_cat-rebar-straightening-machine","7":"product_tag-automatic-rebar-straightener","8":"product_tag-cnc-rebar-straightening-equipment","9":"product_tag-coiled-rebar-straightening-machine","10":"product_tag-construction-bar-straightening-machine","11":"product_tag-high-speed-rebar-straightening-tool","12":"product_tag-hydraulic-rebar-straightening-machine","13":"product_tag-rebar-leveling-and-cutting-machine","14":"product_tag-steel-bar-straightening-machine","15":"product_tag-steel-wire-straightener-and-cutter","16":"product_tag-straightening-machine-for-steel-rods","18":"first","19":"instock","20":"shipping-taxable","21":"product-type-simple","22":"entry","23":"content-bg","24":"loop-entry"},"yoast_head":"<!-- This site is optimized with the Yoast SEO plugin v25.3.1 - https:\/\/yoast.com\/wordpress\/plugins\/seo\/ -->\n<title>Rebar Straightening Machine GTD4-10B - HSY Construction Machinery<\/title>\n<meta name=\"description\" content=\"Rebar Straightening Machine GTD4-10B straightens 4\u201310mm steel bars efficiently. Compact design, durable build, and export-friendly voltage options.\" \/>\n<meta name=\"robots\" content=\"index, follow, max-snippet:-1, max-image-preview:large, max-video-preview:-1\" \/>\n<link rel=\"canonical\" href=\"https:\/\/www.hsymachinery.com\/fi\/tuote\/raudoitustangon-suoristuslaite-gtd4-10b\/\" \/>\n<meta property=\"og:locale\" content=\"fi_FI\" \/>\n<meta property=\"og:type\" content=\"article\" \/>\n<meta property=\"og:title\" content=\"Rebar Straightening Machine GTD4-10B - HSY Construction Machinery\" \/>\n<meta property=\"og:description\" content=\"Rebar Straightening Machine GTD4-10B straightens 4\u201310mm steel bars efficiently. Compact design, durable build, and export-friendly voltage options.\" \/>\n<meta property=\"og:url\" content=\"https:\/\/www.hsymachinery.com\/fi\/tuote\/raudoitustangon-suoristuslaite-gtd4-10b\/\" \/>\n<meta property=\"og:site_name\" content=\"HSY Construction Machinery\" \/>\n<meta property=\"article:modified_time\" content=\"2025-06-27T15:49:55+00:00\" \/>\n<meta property=\"og:image\" content=\"https:\/\/www.hsymachinery.com\/wp-content\/uploads\/2025\/06\/Rebar-Straightening-Machine-GTD4-10B.jpg\" \/>\n\t<meta property=\"og:image:width\" content=\"600\" \/>\n\t<meta property=\"og:image:height\" content=\"600\" \/>\n\t<meta property=\"og:image:type\" content=\"image\/jpeg\" \/>\n<meta name=\"twitter:card\" content=\"summary_large_image\" \/>\n<meta name=\"twitter:label1\" content=\"Arvioitu lukuaika\" \/>\n\t<meta name=\"twitter:data1\" content=\"2 minuuttia\" \/>\n<script type=\"application\/ld+json\" class=\"yoast-schema-graph\">{\"@context\":\"https:\/\/schema.org\",\"@graph\":[{\"@type\":\"WebPage\",\"@id\":\"https:\/\/www.hsymachinery.com\/product\/rebar-straightening-machine-gtd4-10b\/\",\"url\":\"https:\/\/www.hsymachinery.com\/product\/rebar-straightening-machine-gtd4-10b\/\",\"name\":\"Rebar Straightening Machine GTD4-10B - HSY Construction Machinery\",\"isPartOf\":{\"@id\":\"https:\/\/www.hsymachinery.com\/#website\"},\"primaryImageOfPage\":{\"@id\":\"https:\/\/www.hsymachinery.com\/product\/rebar-straightening-machine-gtd4-10b\/#primaryimage\"},\"image\":{\"@id\":\"https:\/\/www.hsymachinery.com\/product\/rebar-straightening-machine-gtd4-10b\/#primaryimage\"},\"thumbnailUrl\":\"https:\/\/www.hsymachinery.com\/wp-content\/uploads\/2025\/06\/Rebar-Straightening-Machine-GTD4-10B.jpg\",\"datePublished\":\"2025-06-18T04:41:42+00:00\",\"dateModified\":\"2025-06-27T15:49:55+00:00\",\"description\":\"Rebar Straightening Machine GTD4-10B straightens 4\u201310mm steel bars efficiently. Compact design, durable build, and export-friendly voltage options.\",\"breadcrumb\":{\"@id\":\"https:\/\/www.hsymachinery.com\/product\/rebar-straightening-machine-gtd4-10b\/#breadcrumb\"},\"inLanguage\":\"fi\",\"potentialAction\":[{\"@type\":\"ReadAction\",\"target\":[\"https:\/\/www.hsymachinery.com\/product\/rebar-straightening-machine-gtd4-10b\/\"]}]},{\"@type\":\"ImageObject\",\"inLanguage\":\"fi\",\"@id\":\"https:\/\/www.hsymachinery.com\/product\/rebar-straightening-machine-gtd4-10b\/#primaryimage\",\"url\":\"https:\/\/www.hsymachinery.com\/wp-content\/uploads\/2025\/06\/Rebar-Straightening-Machine-GTD4-10B.jpg\",\"contentUrl\":\"https:\/\/www.hsymachinery.com\/wp-content\/uploads\/2025\/06\/Rebar-Straightening-Machine-GTD4-10B.jpg\",\"width\":600,\"height\":600},{\"@type\":\"BreadcrumbList\",\"@id\":\"https:\/\/www.hsymachinery.com\/product\/rebar-straightening-machine-gtd4-10b\/#breadcrumb\",\"itemListElement\":[{\"@type\":\"ListItem\",\"position\":1,\"name\":\"home\",\"item\":\"https:\/\/www.hsymachinery.com\/\"},{\"@type\":\"ListItem\",\"position\":2,\"name\":\"products\",\"item\":\"https:\/\/www.hsymachinery.com\/products\/\"},{\"@type\":\"ListItem\",\"position\":3,\"name\":\"Rebar Straightening Machine GTD4-10B\"}]},{\"@type\":\"WebSite\",\"@id\":\"https:\/\/www.hsymachinery.com\/#website\",\"url\":\"https:\/\/www.hsymachinery.com\/\",\"name\":\"HSY Construction Machinery\",\"description\":\"HSY Machinery \u2013 A leading China construction machinery supplier, offering a wide range of light construction equipment. Our main products include Rebar Cutting Machine, Rebar Bending Machine, Rebar Stirrup Bending Machine, Rebar Arc Bending Machine, Rebar Straightening Machine, Five-Head Rebar Stirrup Bending Machine, Tamping Rammer, Plate Compactor, Concrete Cutter, Power Trowel, and other construction machinery. We are equipped with advanced CNC machines, and we enforce strict quality inspection standards along with comprehensive after-sales service. If you are interested in our products or services, we warmly welcome your inquiries via message.\",\"publisher\":{\"@id\":\"https:\/\/www.hsymachinery.com\/#organization\"},\"potentialAction\":[{\"@type\":\"SearchAction\",\"target\":{\"@type\":\"EntryPoint\",\"urlTemplate\":\"https:\/\/www.hsymachinery.com\/?s={search_term_string}\"},\"query-input\":{\"@type\":\"PropertyValueSpecification\",\"valueRequired\":true,\"valueName\":\"search_term_string\"}}],\"inLanguage\":\"fi\"},{\"@type\":\"Organization\",\"@id\":\"https:\/\/www.hsymachinery.com\/#organization\",\"name\":\"HSY Construction Machinery\",\"url\":\"https:\/\/www.hsymachinery.com\/\",\"logo\":{\"@type\":\"ImageObject\",\"inLanguage\":\"fi\",\"@id\":\"https:\/\/www.hsymachinery.com\/#\/schema\/logo\/image\/\",\"url\":\"https:\/\/www.hsymachinery.com\/wp-content\/uploads\/2025\/06\/cropped-HSY-machinery.png\",\"contentUrl\":\"https:\/\/www.hsymachinery.com\/wp-content\/uploads\/2025\/06\/cropped-HSY-machinery.png\",\"width\":600,\"height\":240,\"caption\":\"HSY Construction Machinery\"},\"image\":{\"@id\":\"https:\/\/www.hsymachinery.com\/#\/schema\/logo\/image\/\"}}]}<\/script>\n<!-- \/ Yoast SEO plugin. -->","yoast_head_json":{"title":"Betoniter\u00e4ksen oikaisukone GTD4-10B - HSY Construction Machinery - Rakennuskoneet ja -laitteet","description":"Betoniter\u00e4ksen suoristuslaite GTD4-10B suoristaa 4-10 mm:n ter\u00e4stangot tehokkaasti. Kompakti rakenne, kest\u00e4v\u00e4 rakenne ja vientiyst\u00e4v\u00e4lliset j\u00e4nnitevaihtoehdot.","robots":{"index":"index","follow":"follow","max-snippet":"max-snippet:-1","max-image-preview":"max-image-preview:large","max-video-preview":"max-video-preview:-1"},"canonical":"https:\/\/www.hsymachinery.com\/fi\/tuote\/raudoitustangon-suoristuslaite-gtd4-10b\/","og_locale":"fi_FI","og_type":"article","og_title":"Rebar Straightening Machine GTD4-10B - HSY Construction Machinery","og_description":"Rebar Straightening Machine GTD4-10B straightens 4\u201310mm steel bars efficiently. Compact design, durable build, and export-friendly voltage options.","og_url":"https:\/\/www.hsymachinery.com\/fi\/tuote\/raudoitustangon-suoristuslaite-gtd4-10b\/","og_site_name":"HSY Construction Machinery","article_modified_time":"2025-06-27T15:49:55+00:00","og_image":[{"width":600,"height":600,"url":"https:\/\/www.hsymachinery.com\/wp-content\/uploads\/2025\/06\/Rebar-Straightening-Machine-GTD4-10B.jpg","type":"image\/jpeg"}],"twitter_card":"summary_large_image","twitter_misc":{"Arvioitu lukuaika":"2 minuuttia"},"schema":{"@context":"https:\/\/schema.org","@graph":[{"@type":"WebPage","@id":"https:\/\/www.hsymachinery.com\/product\/rebar-straightening-machine-gtd4-10b\/","url":"https:\/\/www.hsymachinery.com\/product\/rebar-straightening-machine-gtd4-10b\/","name":"Betoniter\u00e4ksen oikaisukone GTD4-10B - HSY Construction Machinery - Rakennuskoneet ja -laitteet","isPartOf":{"@id":"https:\/\/www.hsymachinery.com\/#website"},"primaryImageOfPage":{"@id":"https:\/\/www.hsymachinery.com\/product\/rebar-straightening-machine-gtd4-10b\/#primaryimage"},"image":{"@id":"https:\/\/www.hsymachinery.com\/product\/rebar-straightening-machine-gtd4-10b\/#primaryimage"},"thumbnailUrl":"https:\/\/www.hsymachinery.com\/wp-content\/uploads\/2025\/06\/Rebar-Straightening-Machine-GTD4-10B.jpg","datePublished":"2025-06-18T04:41:42+00:00","dateModified":"2025-06-27T15:49:55+00:00","description":"Betoniter\u00e4ksen suoristuslaite GTD4-10B suoristaa 4-10 mm:n ter\u00e4stangot tehokkaasti. Kompakti rakenne, kest\u00e4v\u00e4 rakenne ja vientiyst\u00e4v\u00e4lliset j\u00e4nnitevaihtoehdot.","breadcrumb":{"@id":"https:\/\/www.hsymachinery.com\/product\/rebar-straightening-machine-gtd4-10b\/#breadcrumb"},"inLanguage":"fi","potentialAction":[{"@type":"ReadAction","target":["https:\/\/www.hsymachinery.com\/product\/rebar-straightening-machine-gtd4-10b\/"]}]},{"@type":"ImageObject","inLanguage":"fi","@id":"https:\/\/www.hsymachinery.com\/product\/rebar-straightening-machine-gtd4-10b\/#primaryimage","url":"https:\/\/www.hsymachinery.com\/wp-content\/uploads\/2025\/06\/Rebar-Straightening-Machine-GTD4-10B.jpg","contentUrl":"https:\/\/www.hsymachinery.com\/wp-content\/uploads\/2025\/06\/Rebar-Straightening-Machine-GTD4-10B.jpg","width":600,"height":600},{"@type":"BreadcrumbList","@id":"https:\/\/www.hsymachinery.com\/product\/rebar-straightening-machine-gtd4-10b\/#breadcrumb","itemListElement":[{"@type":"ListItem","position":1,"name":"home","item":"https:\/\/www.hsymachinery.com\/"},{"@type":"ListItem","position":2,"name":"products","item":"https:\/\/www.hsymachinery.com\/products\/"},{"@type":"ListItem","position":3,"name":"Rebar Straightening Machine GTD4-10B"}]},{"@type":"WebSite","@id":"https:\/\/www.hsymachinery.com\/#website","url":"https:\/\/www.hsymachinery.com\/","name":"HSY Construction Machinery","description":"HSY Machinery - Kiinan johtava rakennuskoneiden toimittaja, joka tarjoaa laajan valikoiman kevyit\u00e4 rakennuskoneita. P\u00e4\u00e4tuotteitamme ovat Rebar Cutting Machine, Rebar Bending Machine, Rebar Stirrup Bending Machine, Rebar Arc Bending Machine, Rebar Straighting Machine, Five-Head Rebar Stirrup Bending Machine, Tamping Rammer, Plate Compactor, Concrete Cutter, Power Trowel ja muut rakennuskoneet. Olemme varustettu kehittyneill\u00e4 CNC-koneilla, ja noudatamme tiukkoja laadunvalvontastandardeja sek\u00e4 kattavaa huoltopalvelua. Jos olet kiinnostunut tuotteistamme tai palveluistamme, toivotamme l\u00e4mpim\u00e4sti tervetulleeksi tiedustelusi viestill\u00e4.","publisher":{"@id":"https:\/\/www.hsymachinery.com\/#organization"},"potentialAction":[{"@type":"SearchAction","target":{"@type":"EntryPoint","urlTemplate":"https:\/\/www.hsymachinery.com\/?s={search_term_string}"},"query-input":{"@type":"PropertyValueSpecification","valueRequired":true,"valueName":"search_term_string"}}],"inLanguage":"fi"},{"@type":"Organization","@id":"https:\/\/www.hsymachinery.com\/#organization","name":"HSY Construction Machinery","url":"https:\/\/www.hsymachinery.com\/","logo":{"@type":"ImageObject","inLanguage":"fi","@id":"https:\/\/www.hsymachinery.com\/#\/schema\/logo\/image\/","url":"https:\/\/www.hsymachinery.com\/wp-content\/uploads\/2025\/06\/cropped-HSY-machinery.png","contentUrl":"https:\/\/www.hsymachinery.com\/wp-content\/uploads\/2025\/06\/cropped-HSY-machinery.png","width":600,"height":240,"caption":"HSY Construction Machinery"},"image":{"@id":"https:\/\/www.hsymachinery.com\/#\/schema\/logo\/image\/"}}]}},"_links":{"self":[{"href":"https:\/\/www.hsymachinery.com\/fi\/wp-json\/wp\/v2\/product\/9004","targetHints":{"allow":["GET"]}}],"collection":[{"href":"https:\/\/www.hsymachinery.com\/fi\/wp-json\/wp\/v2\/product"}],"about":[{"href":"https:\/\/www.hsymachinery.com\/fi\/wp-json\/wp\/v2\/types\/product"}],"version-history":[{"count":3,"href":"https:\/\/www.hsymachinery.com\/fi\/wp-json\/wp\/v2\/product\/9004\/revisions"}],"predecessor-version":[{"id":9426,"href":"https:\/\/www.hsymachinery.com\/fi\/wp-json\/wp\/v2\/product\/9004\/revisions\/9426"}],"wp:featuredmedia":[{"embeddable":true,"href":"https:\/\/www.hsymachinery.com\/fi\/wp-json\/wp\/v2\/media\/9005"}],"wp:attachment":[{"href":"https:\/\/www.hsymachinery.com\/fi\/wp-json\/wp\/v2\/media?parent=9004"}],"wp:term":[{"taxonomy":"product_brand","embeddable":true,"href":"https:\/\/www.hsymachinery.com\/fi\/wp-json\/wp\/v2\/product_brand?post=9004"},{"taxonomy":"product_cat","embeddable":true,"href":"https:\/\/www.hsymachinery.com\/fi\/wp-json\/wp\/v2\/product_cat?post=9004"},{"taxonomy":"product_tag","embeddable":true,"href":"https:\/\/www.hsymachinery.com\/fi\/wp-json\/wp\/v2\/product_tag?post=9004"}],"curies":[{"name":"wp","href":"https:\/\/api.w.org\/{rel}","templated":true}]}}