{"id":8989,"date":"2025-06-18T12:26:12","date_gmt":"2025-06-18T04:26:12","guid":{"rendered":"https:\/\/www.hsymachinery.com\/?post_type=product&#038;p=8989"},"modified":"2025-06-27T22:44:18","modified_gmt":"2025-06-27T14:44:18","slug":"raudoitustangon-kaaren-taivutuskone-gwh36","status":"publish","type":"product","link":"https:\/\/www.hsymachinery.com\/fi\/tuote\/raudoitustangon-kaaren-taivutuskone-gwh36\/","title":{"rendered":"Rebar kaaren taivutuskone GWH36"},"content":{"rendered":"<h2 data-start=\"99\" data-end=\"138\">Rebar kaaren taivutuskone GWH36<\/h2>\n<h3 data-start=\"139\" data-end=\"257\">GWH36 Steel Bar Arc Bender 16-36mm Rebar | High-Torque kaareva taivutuskone suuriin infrastruktuurihankkeisiin<\/h3>\n<h3 data-start=\"264\" data-end=\"334\">Tuotteen yleiskatsaus - Suunniteltu lujuutta ja kaarevuutta varten<\/h3>\n<p data-start=\"336\" data-end=\"618\">The <strong data-start=\"340\" data-end=\"375\"><a href=\"https:\/\/www.hsymachinery.com\/fi\/tuotteet\/raudoitustangon-kaaren-taivutuskone\/\" target=\"_blank\" rel=\"noopener\">Rebar Arc taivutus kone<\/a> GWH36<\/strong> taivuttaa 16-36 mm:n raudoitustankoja johdonmukaisiksi kaariksi ja silmukoiksi. Rakennusalan ammattilaiset luottavat t\u00e4h\u00e4n malliin moottoritietunneleissa, kaupunkiradoilla, lentokenttien kiitoradoilla ja muissa infrastruktuurihankkeissa, joissa kaareva raudoitus on avainasemassa.<\/p>\n<p data-start=\"620\" data-end=\"754\">Kest\u00e4v\u00e4n rakenteensa ja tarkan ohjauksensa ansiosta GWH36 auttaa tiimej\u00e4 s\u00e4\u00e4st\u00e4m\u00e4\u00e4n aikaa ja v\u00e4hent\u00e4m\u00e4\u00e4n materiaalihukkaa ty\u00f6maalla tai tehtaalla.<\/p>\n<h3 data-start=\"761\" data-end=\"809\">S\u00e4teen ja kaaren muodon t\u00e4ydellinen hallinta<\/h3>\n<p data-start=\"811\" data-end=\"1166\">Voit s\u00e4\u00e4t\u00e4\u00e4 kaaren s\u00e4dett\u00e4 helposti asettamalla rullat uudelleen ja asettamalla tarkat kulmapys\u00e4yttimet. Teollisuusk\u00e4ytt\u00f6\u00f6n soveltuva moottori tuottaa vahvan ja tasaisen v\u00e4\u00e4nt\u00f6momentin, joten voit muotoilla raudoitustangon mutkia puhtaasti - my\u00f6s suurilla halkaisijoilla. GWH36:n ohjausj\u00e4rjestelm\u00e4 mahdollistaa vaihtamisen k\u00e4sivivun ja jalkapolkimen v\u00e4lill\u00e4, mik\u00e4 tarjoaa t\u00e4yden k\u00e4ytt\u00f6joustavuuden.<\/p>\n<p data-start=\"1168\" data-end=\"1260\">Sen taivutusalusta tukee tasaista sy\u00f6tt\u00f6\u00e4 ja tasaista muotoilua my\u00f6s toistuvissa teht\u00e4viss\u00e4.<\/p>\n<h3 data-start=\"1267\" data-end=\"1316\">Rakennettu kest\u00e4vyytt\u00e4 ja vientik\u00e4ytt\u00f6\u00e4 varten<\/h3>\n<p data-start=\"1318\" data-end=\"1641\">GWH36:ssa on t\u00e4rin\u00e4nkest\u00e4v\u00e4 ter\u00e4srunko, joka kest\u00e4\u00e4 jatkuvaa raskasta k\u00e4ytt\u00f6\u00e4. Voit siirt\u00e4\u00e4 konetta sen telapy\u00f6rien ja tukevien runkokahvojen avulla. Kaksoisj\u00e4nniteyhteensopivuuden (220V tai 380V, 50Hz\/60Hz) ansiosta t\u00e4m\u00e4 kone mukautuu helposti sek\u00e4 paikallisiin ett\u00e4 kansainv\u00e4lisiin s\u00e4hk\u00f6j\u00e4rjestelmiin.<\/p>\n<p data-start=\"1643\" data-end=\"1795\">Rakennuslaadun ja suorituskyvyn ansiosta se on ensisijainen vaihtoehto urakoitsijoille ja raudoitustankojen valmistajille, jotka ty\u00f6skentelev\u00e4t laajamittaisten kaarevien ter\u00e4svaatimusten parissa.<\/p>\n<h3 data-start=\"1802\" data-end=\"1855\">Rebar Arc Bender GWH36:n t\u00e4rkeimm\u00e4t ominaisuudet<\/h3>\n<ul data-start=\"1857\" data-end=\"2103\">\n<li data-start=\"1857\" data-end=\"1914\">\n<p data-start=\"1859\" data-end=\"1914\">Taivuttaa 16-36 mm:n tangot kaariin ja ympyr\u00f6ihin tarkasti.<\/p>\n<\/li>\n<li data-start=\"1915\" data-end=\"1991\">\n<p data-start=\"1917\" data-end=\"1991\">Sopii erinomaisesti infrastruktuuriin, kuten metroihin, siltoihin ja tukimuuriin.<\/p>\n<\/li>\n<li data-start=\"1992\" data-end=\"2047\">\n<p data-start=\"1994\" data-end=\"2047\">Suuren v\u00e4\u00e4nt\u00f6momentin moottori k\u00e4sittelee kovia tankoja vakaasti<\/p>\n<\/li>\n<li data-start=\"2048\" data-end=\"2103\">\n<p data-start=\"2050\" data-end=\"2103\">Joustavat ohjaukset ja kaksoisj\u00e4nnitevientivalmius<\/p>\n<\/li>\n<\/ul>\n<p><iframe title=\"#rakentaminen #rakentamisty\u00f6ntekij\u00e4 #rebarmachine #rebarbender #rebarbending #rebarbending\" width=\"720\" height=\"405\" src=\"https:\/\/www.youtube.com\/embed\/kZFU0Z3IPgM?feature=oembed\" frameborder=\"0\" allow=\"accelerometer; autoplay; clipboard-write; encrypted-media; gyroscope; picture-in-picture; web-share\" referrerpolicy=\"strict-origin-when-cross-origin\" allowfullscreen><\/iframe><\/p>","protected":false},"excerpt":{"rendered":"<p>GWH36 Rebar Arc Bending Machine taivuttaa 16-36 mm:n tangot sileiksi kaariksi. Se on suunniteltu infrastruktuurin suuriin t\u00f6ihin, ja se tukee maailmanlaajuisia s\u00e4hk\u00f6j\u00e4rjestelmi\u00e4 ja pitk\u00e4aikaista raskasta k\u00e4ytt\u00f6\u00e4.<\/p>","protected":false},"featured_media":8990,"template":"","meta":{"_kad_post_transparent":"default","_kad_post_title":"","_kad_post_layout":"default","_kad_post_sidebar_id":"","_kad_post_content_style":"default","_kad_post_vertical_padding":"default","_kad_post_feature":"","_kad_post_feature_position":"","_kad_post_header":false,"_kad_post_footer":false},"product_brand":[],"product_cat":[54],"product_tag":[1022,1016,1024,1018,1023,1017,1019,1021,1020,1015],"class_list":{"0":"post-8989","1":"product","2":"type-product","3":"status-publish","4":"has-post-thumbnail","6":"product_cat-rebar-arc-bending-machine","7":"product_tag-arc-shape-bending-machine-for-rebar","8":"product_tag-automatic-rebar-arc-bender","9":"product_tag-bar-arc-bending-machine-for-construction","10":"product_tag-cnc-rebar-arc-bending-equipment","11":"product_tag-curved-rebar-bending-tool","12":"product_tag-hydraulic-arc-bending-machine","13":"product_tag-rebar-circular-bending-machine","14":"product_tag-rebar-radius-bending-machine","15":"product_tag-round-bending-machine-for-steel-bars","16":"product_tag-steel-arc-bending-machine","18":"first","19":"instock","20":"featured","21":"shipping-taxable","22":"product-type-simple","23":"entry","24":"content-bg","25":"loop-entry"},"yoast_head":"<!-- This site is optimized with the Yoast SEO plugin v25.3.1 - https:\/\/yoast.com\/wordpress\/plugins\/seo\/ -->\n<title>Rebar Arc Bending Machine GWH36 - HSY Construction Machinery<\/title>\n<meta name=\"description\" content=\"Rebar Arc Bending Machine GWH36 bends 16\u201336mm steel bars into smooth curves. Ideal for tunnels, highways, and export construction use.\" \/>\n<meta name=\"robots\" content=\"index, follow, max-snippet:-1, max-image-preview:large, max-video-preview:-1\" \/>\n<link rel=\"canonical\" href=\"https:\/\/www.hsymachinery.com\/fi\/tuote\/raudoitustangon-kaaren-taivutuskone-gwh36\/\" \/>\n<meta property=\"og:locale\" content=\"fi_FI\" \/>\n<meta property=\"og:type\" content=\"article\" \/>\n<meta property=\"og:title\" content=\"Rebar Arc Bending Machine GWH36 - HSY Construction Machinery\" \/>\n<meta property=\"og:description\" content=\"Rebar Arc Bending Machine GWH36 bends 16\u201336mm steel bars into smooth curves. Ideal for tunnels, highways, and export construction use.\" \/>\n<meta property=\"og:url\" content=\"https:\/\/www.hsymachinery.com\/fi\/tuote\/raudoitustangon-kaaren-taivutuskone-gwh36\/\" \/>\n<meta property=\"og:site_name\" content=\"HSY Construction Machinery\" \/>\n<meta property=\"article:modified_time\" content=\"2025-06-27T14:44:18+00:00\" \/>\n<meta property=\"og:image\" content=\"https:\/\/www.hsymachinery.com\/wp-content\/uploads\/2025\/06\/Rebar-Arc-Bending-Machine-GWH36.jpg\" \/>\n\t<meta property=\"og:image:width\" content=\"600\" \/>\n\t<meta property=\"og:image:height\" content=\"600\" \/>\n\t<meta property=\"og:image:type\" content=\"image\/jpeg\" \/>\n<meta name=\"twitter:card\" content=\"summary_large_image\" \/>\n<meta name=\"twitter:label1\" content=\"Arvioitu lukuaika\" \/>\n\t<meta name=\"twitter:data1\" content=\"2 minuuttia\" \/>\n<script type=\"application\/ld+json\" class=\"yoast-schema-graph\">{\"@context\":\"https:\/\/schema.org\",\"@graph\":[{\"@type\":\"WebPage\",\"@id\":\"https:\/\/www.hsymachinery.com\/product\/rebar-arc-bending-machine-gwh36\/\",\"url\":\"https:\/\/www.hsymachinery.com\/product\/rebar-arc-bending-machine-gwh36\/\",\"name\":\"Rebar Arc Bending Machine GWH36 - HSY Construction Machinery\",\"isPartOf\":{\"@id\":\"https:\/\/www.hsymachinery.com\/#website\"},\"primaryImageOfPage\":{\"@id\":\"https:\/\/www.hsymachinery.com\/product\/rebar-arc-bending-machine-gwh36\/#primaryimage\"},\"image\":{\"@id\":\"https:\/\/www.hsymachinery.com\/product\/rebar-arc-bending-machine-gwh36\/#primaryimage\"},\"thumbnailUrl\":\"https:\/\/www.hsymachinery.com\/wp-content\/uploads\/2025\/06\/Rebar-Arc-Bending-Machine-GWH36.jpg\",\"datePublished\":\"2025-06-18T04:26:12+00:00\",\"dateModified\":\"2025-06-27T14:44:18+00:00\",\"description\":\"Rebar Arc Bending Machine GWH36 bends 16\u201336mm steel bars into smooth curves. Ideal for tunnels, highways, and export construction use.\",\"breadcrumb\":{\"@id\":\"https:\/\/www.hsymachinery.com\/product\/rebar-arc-bending-machine-gwh36\/#breadcrumb\"},\"inLanguage\":\"fi\",\"potentialAction\":[{\"@type\":\"ReadAction\",\"target\":[\"https:\/\/www.hsymachinery.com\/product\/rebar-arc-bending-machine-gwh36\/\"]}]},{\"@type\":\"ImageObject\",\"inLanguage\":\"fi\",\"@id\":\"https:\/\/www.hsymachinery.com\/product\/rebar-arc-bending-machine-gwh36\/#primaryimage\",\"url\":\"https:\/\/www.hsymachinery.com\/wp-content\/uploads\/2025\/06\/Rebar-Arc-Bending-Machine-GWH36.jpg\",\"contentUrl\":\"https:\/\/www.hsymachinery.com\/wp-content\/uploads\/2025\/06\/Rebar-Arc-Bending-Machine-GWH36.jpg\",\"width\":600,\"height\":600},{\"@type\":\"BreadcrumbList\",\"@id\":\"https:\/\/www.hsymachinery.com\/product\/rebar-arc-bending-machine-gwh36\/#breadcrumb\",\"itemListElement\":[{\"@type\":\"ListItem\",\"position\":1,\"name\":\"home\",\"item\":\"https:\/\/www.hsymachinery.com\/\"},{\"@type\":\"ListItem\",\"position\":2,\"name\":\"products\",\"item\":\"https:\/\/www.hsymachinery.com\/products\/\"},{\"@type\":\"ListItem\",\"position\":3,\"name\":\"Rebar Arc Bending Machine GWH36\"}]},{\"@type\":\"WebSite\",\"@id\":\"https:\/\/www.hsymachinery.com\/#website\",\"url\":\"https:\/\/www.hsymachinery.com\/\",\"name\":\"HSY Construction Machinery\",\"description\":\"HSY Machinery \u2013 A leading China construction machinery supplier, offering a wide range of light construction equipment. Our main products include Rebar Cutting Machine, Rebar Bending Machine, Rebar Stirrup Bending Machine, Rebar Arc Bending Machine, Rebar Straightening Machine, Five-Head Rebar Stirrup Bending Machine, Tamping Rammer, Plate Compactor, Concrete Cutter, Power Trowel, and other construction machinery. We are equipped with advanced CNC machines, and we enforce strict quality inspection standards along with comprehensive after-sales service. If you are interested in our products or services, we warmly welcome your inquiries via message.\",\"publisher\":{\"@id\":\"https:\/\/www.hsymachinery.com\/#organization\"},\"potentialAction\":[{\"@type\":\"SearchAction\",\"target\":{\"@type\":\"EntryPoint\",\"urlTemplate\":\"https:\/\/www.hsymachinery.com\/?s={search_term_string}\"},\"query-input\":{\"@type\":\"PropertyValueSpecification\",\"valueRequired\":true,\"valueName\":\"search_term_string\"}}],\"inLanguage\":\"fi\"},{\"@type\":\"Organization\",\"@id\":\"https:\/\/www.hsymachinery.com\/#organization\",\"name\":\"HSY Construction Machinery\",\"url\":\"https:\/\/www.hsymachinery.com\/\",\"logo\":{\"@type\":\"ImageObject\",\"inLanguage\":\"fi\",\"@id\":\"https:\/\/www.hsymachinery.com\/#\/schema\/logo\/image\/\",\"url\":\"https:\/\/www.hsymachinery.com\/wp-content\/uploads\/2025\/06\/cropped-HSY-machinery.png\",\"contentUrl\":\"https:\/\/www.hsymachinery.com\/wp-content\/uploads\/2025\/06\/cropped-HSY-machinery.png\",\"width\":600,\"height\":240,\"caption\":\"HSY Construction Machinery\"},\"image\":{\"@id\":\"https:\/\/www.hsymachinery.com\/#\/schema\/logo\/image\/\"}}]}<\/script>\n<!-- \/ Yoast SEO plugin. -->","yoast_head_json":{"title":"Rautakaaren taivutuskone GWH36 - HSY Construction Machinery","description":"Betoniter\u00e4skaaren taivutuskone GWH36 taivuttaa 16-36 mm:n ter\u00e4stangot sileiksi kaariksi. Ihanteellinen tunneleihin, moottoriteille ja vientirakentamiseen.","robots":{"index":"index","follow":"follow","max-snippet":"max-snippet:-1","max-image-preview":"max-image-preview:large","max-video-preview":"max-video-preview:-1"},"canonical":"https:\/\/www.hsymachinery.com\/fi\/tuote\/raudoitustangon-kaaren-taivutuskone-gwh36\/","og_locale":"fi_FI","og_type":"article","og_title":"Rebar Arc Bending Machine GWH36 - HSY Construction Machinery","og_description":"Rebar Arc Bending Machine GWH36 bends 16\u201336mm steel bars into smooth curves. Ideal for tunnels, highways, and export construction use.","og_url":"https:\/\/www.hsymachinery.com\/fi\/tuote\/raudoitustangon-kaaren-taivutuskone-gwh36\/","og_site_name":"HSY Construction Machinery","article_modified_time":"2025-06-27T14:44:18+00:00","og_image":[{"width":600,"height":600,"url":"https:\/\/www.hsymachinery.com\/wp-content\/uploads\/2025\/06\/Rebar-Arc-Bending-Machine-GWH36.jpg","type":"image\/jpeg"}],"twitter_card":"summary_large_image","twitter_misc":{"Arvioitu lukuaika":"2 minuuttia"},"schema":{"@context":"https:\/\/schema.org","@graph":[{"@type":"WebPage","@id":"https:\/\/www.hsymachinery.com\/product\/rebar-arc-bending-machine-gwh36\/","url":"https:\/\/www.hsymachinery.com\/product\/rebar-arc-bending-machine-gwh36\/","name":"Rautakaaren taivutuskone GWH36 - HSY Construction Machinery","isPartOf":{"@id":"https:\/\/www.hsymachinery.com\/#website"},"primaryImageOfPage":{"@id":"https:\/\/www.hsymachinery.com\/product\/rebar-arc-bending-machine-gwh36\/#primaryimage"},"image":{"@id":"https:\/\/www.hsymachinery.com\/product\/rebar-arc-bending-machine-gwh36\/#primaryimage"},"thumbnailUrl":"https:\/\/www.hsymachinery.com\/wp-content\/uploads\/2025\/06\/Rebar-Arc-Bending-Machine-GWH36.jpg","datePublished":"2025-06-18T04:26:12+00:00","dateModified":"2025-06-27T14:44:18+00:00","description":"Betoniter\u00e4skaaren taivutuskone GWH36 taivuttaa 16-36 mm:n ter\u00e4stangot sileiksi kaariksi. Ihanteellinen tunneleihin, moottoriteille ja vientirakentamiseen.","breadcrumb":{"@id":"https:\/\/www.hsymachinery.com\/product\/rebar-arc-bending-machine-gwh36\/#breadcrumb"},"inLanguage":"fi","potentialAction":[{"@type":"ReadAction","target":["https:\/\/www.hsymachinery.com\/product\/rebar-arc-bending-machine-gwh36\/"]}]},{"@type":"ImageObject","inLanguage":"fi","@id":"https:\/\/www.hsymachinery.com\/product\/rebar-arc-bending-machine-gwh36\/#primaryimage","url":"https:\/\/www.hsymachinery.com\/wp-content\/uploads\/2025\/06\/Rebar-Arc-Bending-Machine-GWH36.jpg","contentUrl":"https:\/\/www.hsymachinery.com\/wp-content\/uploads\/2025\/06\/Rebar-Arc-Bending-Machine-GWH36.jpg","width":600,"height":600},{"@type":"BreadcrumbList","@id":"https:\/\/www.hsymachinery.com\/product\/rebar-arc-bending-machine-gwh36\/#breadcrumb","itemListElement":[{"@type":"ListItem","position":1,"name":"home","item":"https:\/\/www.hsymachinery.com\/"},{"@type":"ListItem","position":2,"name":"products","item":"https:\/\/www.hsymachinery.com\/products\/"},{"@type":"ListItem","position":3,"name":"Rebar Arc Bending Machine GWH36"}]},{"@type":"WebSite","@id":"https:\/\/www.hsymachinery.com\/#website","url":"https:\/\/www.hsymachinery.com\/","name":"HSY Construction Machinery","description":"HSY Machinery - Kiinan johtava rakennuskoneiden toimittaja, joka tarjoaa laajan valikoiman kevyit\u00e4 rakennuskoneita. P\u00e4\u00e4tuotteitamme ovat Rebar Cutting Machine, Rebar Bending Machine, Rebar Stirrup Bending Machine, Rebar Arc Bending Machine, Rebar Straighting Machine, Five-Head Rebar Stirrup Bending Machine, Tamping Rammer, Plate Compactor, Concrete Cutter, Power Trowel ja muut rakennuskoneet. Olemme varustettu kehittyneill\u00e4 CNC-koneilla, ja noudatamme tiukkoja laadunvalvontastandardeja sek\u00e4 kattavaa huoltopalvelua. Jos olet kiinnostunut tuotteistamme tai palveluistamme, toivotamme l\u00e4mpim\u00e4sti tervetulleeksi tiedustelusi viestill\u00e4.","publisher":{"@id":"https:\/\/www.hsymachinery.com\/#organization"},"potentialAction":[{"@type":"SearchAction","target":{"@type":"EntryPoint","urlTemplate":"https:\/\/www.hsymachinery.com\/?s={search_term_string}"},"query-input":{"@type":"PropertyValueSpecification","valueRequired":true,"valueName":"search_term_string"}}],"inLanguage":"fi"},{"@type":"Organization","@id":"https:\/\/www.hsymachinery.com\/#organization","name":"HSY Construction Machinery","url":"https:\/\/www.hsymachinery.com\/","logo":{"@type":"ImageObject","inLanguage":"fi","@id":"https:\/\/www.hsymachinery.com\/#\/schema\/logo\/image\/","url":"https:\/\/www.hsymachinery.com\/wp-content\/uploads\/2025\/06\/cropped-HSY-machinery.png","contentUrl":"https:\/\/www.hsymachinery.com\/wp-content\/uploads\/2025\/06\/cropped-HSY-machinery.png","width":600,"height":240,"caption":"HSY Construction Machinery"},"image":{"@id":"https:\/\/www.hsymachinery.com\/#\/schema\/logo\/image\/"}}]}},"_links":{"self":[{"href":"https:\/\/www.hsymachinery.com\/fi\/wp-json\/wp\/v2\/product\/8989","targetHints":{"allow":["GET"]}}],"collection":[{"href":"https:\/\/www.hsymachinery.com\/fi\/wp-json\/wp\/v2\/product"}],"about":[{"href":"https:\/\/www.hsymachinery.com\/fi\/wp-json\/wp\/v2\/types\/product"}],"version-history":[{"count":4,"href":"https:\/\/www.hsymachinery.com\/fi\/wp-json\/wp\/v2\/product\/8989\/revisions"}],"predecessor-version":[{"id":9409,"href":"https:\/\/www.hsymachinery.com\/fi\/wp-json\/wp\/v2\/product\/8989\/revisions\/9409"}],"wp:featuredmedia":[{"embeddable":true,"href":"https:\/\/www.hsymachinery.com\/fi\/wp-json\/wp\/v2\/media\/8990"}],"wp:attachment":[{"href":"https:\/\/www.hsymachinery.com\/fi\/wp-json\/wp\/v2\/media?parent=8989"}],"wp:term":[{"taxonomy":"product_brand","embeddable":true,"href":"https:\/\/www.hsymachinery.com\/fi\/wp-json\/wp\/v2\/product_brand?post=8989"},{"taxonomy":"product_cat","embeddable":true,"href":"https:\/\/www.hsymachinery.com\/fi\/wp-json\/wp\/v2\/product_cat?post=8989"},{"taxonomy":"product_tag","embeddable":true,"href":"https:\/\/www.hsymachinery.com\/fi\/wp-json\/wp\/v2\/product_tag?post=8989"}],"curies":[{"name":"wp","href":"https:\/\/api.w.org\/{rel}","templated":true}]}}