{"id":8986,"date":"2025-06-18T12:23:54","date_gmt":"2025-06-18T04:23:54","guid":{"rendered":"https:\/\/www.hsymachinery.com\/?post_type=product&#038;p=8986"},"modified":"2025-06-27T22:38:50","modified_gmt":"2025-06-27T14:38:50","slug":"raudoitustangon-kaaren-taivutuskone-gwh32","status":"publish","type":"product","link":"https:\/\/www.hsymachinery.com\/fi\/tuote\/raudoitustangon-kaaren-taivutuskone-gwh32\/","title":{"rendered":"Rebar kaaren taivutuskone GWH32"},"content":{"rendered":"<h2 data-start=\"95\" data-end=\"134\">Rebar kaaren taivutuskone GWH32<\/h2>\n<h3 data-start=\"135\" data-end=\"252\">GWH32 Arc Bender for 14-32mm Rebar | Teollinen ter\u00e4spalkin taivutuskone siltoihin, tunneleihin ja elementtitehtaisiin<\/h3>\n<h3 data-start=\"259\" data-end=\"346\">Tuotteen yleiskatsaus - Vahva kaarimuovausratkaisu raskaisiin raudoitust\u00f6ihin<\/h3>\n<p data-start=\"348\" data-end=\"625\">The <strong data-start=\"352\" data-end=\"387\"><a href=\"https:\/\/www.hsymachinery.com\/fi\/tuotteet\/raudoitustangon-kaaren-taivutuskone\/\" target=\"_blank\" rel=\"noopener\">Rebar Arc taivutus kone<\/a> GWH32<\/strong> taipuu <strong data-start=\"394\" data-end=\"415\">14mm - 32mm raudoitustanko<\/strong> tasaisiksi ja tarkoiksi kaariksi. Insin\u00f6\u00f6rit ja valmistajat valitsevat t\u00e4m\u00e4n mallin siltapalkkeihin, tunnelin segmentteihin, tukimuuriin ja betonielementtirakenteisiin, joissa johdonmukaisesti kaareva raudoitus on kriittisen t\u00e4rke\u00e4\u00e4.<\/p>\n<p data-start=\"627\" data-end=\"776\">Parannetun rullamekanisminsa ja p\u00e4ivitetyn moottorinsa ansiosta GWH32 auttaa sinua luomaan eritt\u00e4in tarkkoja betoniter\u00e4skaaria nopeammin ja v\u00e4hemm\u00e4ll\u00e4 manuaalisella ty\u00f6ll\u00e4.<\/p>\n<h3 data-start=\"783\" data-end=\"836\">Hallittu taivutus tehokkaalla moottorituella<\/h3>\n<p data-start=\"838\" data-end=\"1093\">Voit s\u00e4\u00e4t\u00e4\u00e4 GWH32:n rullan et\u00e4isyyden ja kulman s\u00e4\u00e4t\u00f6j\u00e4, jotta voit luoda tarkat kaaren s\u00e4teet, jotka t\u00e4ytt\u00e4v\u00e4t tarkat projektieritelm\u00e4t. Kupariydinmoottori tuottaa tasaisen v\u00e4\u00e4nt\u00f6momentin, jonka avulla voit taivuttaa paksuja ter\u00e4stankoja pys\u00e4htym\u00e4tt\u00e4 tai vahingoittamatta pintaa.<\/p>\n<p data-start=\"1095\" data-end=\"1234\">Turvallisen ja sujuvan k\u00e4yt\u00f6n takaamiseksi voit k\u00e4ytt\u00e4\u00e4 konetta k\u00e4sivivulla tai jalkapolkimella ty\u00f6maasta riippuen.<\/p>\n<h3 data-start=\"1241\" data-end=\"1302\">Kest\u00e4v\u00e4 rakenne ja joustava j\u00e4nnite maailmanlaajuisia hankkeita varten<\/h3>\n<p data-start=\"1304\" data-end=\"1608\">GWH32:ssa on vahvistettu ter\u00e4srunko, joka vaimentaa t\u00e4rin\u00e4\u00e4 voimakkaan k\u00e4yt\u00f6n aikana. Voit kuljettaa laitetta helposti sen integroitujen py\u00f6rien ja sivukahvojen avulla. Kaksoisj\u00e4nniteyhteensopivuutensa (220V\/380V, 50\/60Hz) ansiosta GWH32 sopii sek\u00e4 kotimaan ett\u00e4 vientirakentamisen tarpeisiin.<\/p>\n<p data-start=\"1610\" data-end=\"1736\">Voit luottaa siihen, ett\u00e4 t\u00e4m\u00e4 kone taivuttaa raskaat tangot tarkasti, ty\u00f6skenteletp\u00e4 sitten betoniter\u00e4sverstaassa tai rakennusty\u00f6maalla.<\/p>\n<h3 data-start=\"1743\" data-end=\"1796\">Rebar Arc Bender GWH32:n t\u00e4rkeimm\u00e4t ominaisuudet<\/h3>\n<ul data-start=\"1798\" data-end=\"2030\">\n<li data-start=\"1798\" data-end=\"1857\">\n<p data-start=\"1800\" data-end=\"1857\">Taivuttaa 14-32 mm:n raudoitustankoja tasalaatuisiksi, eritt\u00e4in tarkoiksi kaariksi.<\/p>\n<\/li>\n<li data-start=\"1858\" data-end=\"1920\">\n<p data-start=\"1860\" data-end=\"1920\">Ihanteellinen siltoihin, tunneleihin ja ter\u00e4sbetonielementtisovelluksiin.<\/p>\n<\/li>\n<li data-start=\"1921\" data-end=\"1978\">\n<p data-start=\"1923\" data-end=\"1978\">Tehokas moottori takaa tasaisen v\u00e4\u00e4nt\u00f6momentin raskaassa kuormituksessa.<\/p>\n<\/li>\n<li data-start=\"1979\" data-end=\"2030\">\n<p data-start=\"1981\" data-end=\"2030\">Kaksoisohjausmenetelm\u00e4t ja globaalin j\u00e4nnitteen tuki<\/p>\n<\/li>\n<\/ul>\n<p><iframe title=\"#rakentaminen #rakentamisty\u00f6ntekij\u00e4 #rebarmachine #rebarbender #rebarbending #rebarbending\" width=\"720\" height=\"405\" src=\"https:\/\/www.youtube.com\/embed\/kZFU0Z3IPgM?feature=oembed\" frameborder=\"0\" allow=\"accelerometer; autoplay; clipboard-write; encrypted-media; gyroscope; picture-in-picture; web-share\" referrerpolicy=\"strict-origin-when-cross-origin\" allowfullscreen><\/iframe><\/p>","protected":false},"excerpt":{"rendered":"<p>GWH32-kaaren taivutuskone taivuttaa 14-32 mm:n ter\u00e4stankoja nopeasti ja tarkasti. T\u00e4ydellinen rakenteellisiin projekteihin, kuten siltoihin ja tunneleihin, vientikelpoisen j\u00e4nnitteen ja vahvan suorituskyvyn ansiosta.<\/p>","protected":false},"featured_media":8987,"template":"","meta":{"_kad_post_transparent":"default","_kad_post_title":"","_kad_post_layout":"default","_kad_post_sidebar_id":"","_kad_post_content_style":"default","_kad_post_vertical_padding":"default","_kad_post_feature":"","_kad_post_feature_position":"","_kad_post_header":false,"_kad_post_footer":false},"product_brand":[],"product_cat":[54],"product_tag":[1022,1016,1024,1018,1023,1017,1019,1021,1020,1015],"class_list":{"0":"post-8986","1":"product","2":"type-product","3":"status-publish","4":"has-post-thumbnail","6":"product_cat-rebar-arc-bending-machine","7":"product_tag-arc-shape-bending-machine-for-rebar","8":"product_tag-automatic-rebar-arc-bender","9":"product_tag-bar-arc-bending-machine-for-construction","10":"product_tag-cnc-rebar-arc-bending-equipment","11":"product_tag-curved-rebar-bending-tool","12":"product_tag-hydraulic-arc-bending-machine","13":"product_tag-rebar-circular-bending-machine","14":"product_tag-rebar-radius-bending-machine","15":"product_tag-round-bending-machine-for-steel-bars","16":"product_tag-steel-arc-bending-machine","18":"first","19":"instock","20":"shipping-taxable","21":"product-type-simple","22":"entry","23":"content-bg","24":"loop-entry"},"yoast_head":"<!-- This site is optimized with the Yoast SEO plugin v25.3.1 - https:\/\/yoast.com\/wordpress\/plugins\/seo\/ -->\n<title>Rebar Arc Bending Machine GWH32 - HSY Construction Machinery<\/title>\n<meta name=\"description\" content=\"Rebar Arc Bending Machine GWH32 bends 14\u201332mm rebar into arcs with precision. Built for industrial use in bridges, tunnels, and global construction markets.\" \/>\n<meta name=\"robots\" content=\"index, follow, max-snippet:-1, max-image-preview:large, max-video-preview:-1\" \/>\n<link rel=\"canonical\" href=\"https:\/\/www.hsymachinery.com\/fi\/tuote\/raudoitustangon-kaaren-taivutuskone-gwh32\/\" \/>\n<meta property=\"og:locale\" content=\"fi_FI\" \/>\n<meta property=\"og:type\" content=\"article\" \/>\n<meta property=\"og:title\" content=\"Rebar Arc Bending Machine GWH32 - HSY Construction Machinery\" \/>\n<meta property=\"og:description\" content=\"Rebar Arc Bending Machine GWH32 bends 14\u201332mm rebar into arcs with precision. Built for industrial use in bridges, tunnels, and global construction markets.\" \/>\n<meta property=\"og:url\" content=\"https:\/\/www.hsymachinery.com\/fi\/tuote\/raudoitustangon-kaaren-taivutuskone-gwh32\/\" \/>\n<meta property=\"og:site_name\" content=\"HSY Construction Machinery\" \/>\n<meta property=\"article:modified_time\" content=\"2025-06-27T14:38:50+00:00\" \/>\n<meta property=\"og:image\" content=\"https:\/\/www.hsymachinery.com\/wp-content\/uploads\/2025\/06\/Rebar-Arc-Bending-Machine-GWH32.jpg\" \/>\n\t<meta property=\"og:image:width\" content=\"600\" \/>\n\t<meta property=\"og:image:height\" content=\"600\" \/>\n\t<meta property=\"og:image:type\" content=\"image\/jpeg\" \/>\n<meta name=\"twitter:card\" content=\"summary_large_image\" \/>\n<meta name=\"twitter:label1\" content=\"Arvioitu lukuaika\" \/>\n\t<meta name=\"twitter:data1\" content=\"2 minuuttia\" \/>\n<script type=\"application\/ld+json\" class=\"yoast-schema-graph\">{\"@context\":\"https:\/\/schema.org\",\"@graph\":[{\"@type\":\"WebPage\",\"@id\":\"https:\/\/www.hsymachinery.com\/product\/rebar-arc-bending-machine-gwh32\/\",\"url\":\"https:\/\/www.hsymachinery.com\/product\/rebar-arc-bending-machine-gwh32\/\",\"name\":\"Rebar Arc Bending Machine GWH32 - HSY Construction Machinery\",\"isPartOf\":{\"@id\":\"https:\/\/www.hsymachinery.com\/#website\"},\"primaryImageOfPage\":{\"@id\":\"https:\/\/www.hsymachinery.com\/product\/rebar-arc-bending-machine-gwh32\/#primaryimage\"},\"image\":{\"@id\":\"https:\/\/www.hsymachinery.com\/product\/rebar-arc-bending-machine-gwh32\/#primaryimage\"},\"thumbnailUrl\":\"https:\/\/www.hsymachinery.com\/wp-content\/uploads\/2025\/06\/Rebar-Arc-Bending-Machine-GWH32.jpg\",\"datePublished\":\"2025-06-18T04:23:54+00:00\",\"dateModified\":\"2025-06-27T14:38:50+00:00\",\"description\":\"Rebar Arc Bending Machine GWH32 bends 14\u201332mm rebar into arcs with precision. Built for industrial use in bridges, tunnels, and global construction markets.\",\"breadcrumb\":{\"@id\":\"https:\/\/www.hsymachinery.com\/product\/rebar-arc-bending-machine-gwh32\/#breadcrumb\"},\"inLanguage\":\"fi\",\"potentialAction\":[{\"@type\":\"ReadAction\",\"target\":[\"https:\/\/www.hsymachinery.com\/product\/rebar-arc-bending-machine-gwh32\/\"]}]},{\"@type\":\"ImageObject\",\"inLanguage\":\"fi\",\"@id\":\"https:\/\/www.hsymachinery.com\/product\/rebar-arc-bending-machine-gwh32\/#primaryimage\",\"url\":\"https:\/\/www.hsymachinery.com\/wp-content\/uploads\/2025\/06\/Rebar-Arc-Bending-Machine-GWH32.jpg\",\"contentUrl\":\"https:\/\/www.hsymachinery.com\/wp-content\/uploads\/2025\/06\/Rebar-Arc-Bending-Machine-GWH32.jpg\",\"width\":600,\"height\":600},{\"@type\":\"BreadcrumbList\",\"@id\":\"https:\/\/www.hsymachinery.com\/product\/rebar-arc-bending-machine-gwh32\/#breadcrumb\",\"itemListElement\":[{\"@type\":\"ListItem\",\"position\":1,\"name\":\"home\",\"item\":\"https:\/\/www.hsymachinery.com\/\"},{\"@type\":\"ListItem\",\"position\":2,\"name\":\"products\",\"item\":\"https:\/\/www.hsymachinery.com\/products\/\"},{\"@type\":\"ListItem\",\"position\":3,\"name\":\"Rebar Arc Bending Machine GWH32\"}]},{\"@type\":\"WebSite\",\"@id\":\"https:\/\/www.hsymachinery.com\/#website\",\"url\":\"https:\/\/www.hsymachinery.com\/\",\"name\":\"HSY Construction Machinery\",\"description\":\"HSY Machinery \u2013 A leading China construction machinery supplier, offering a wide range of light construction equipment. Our main products include Rebar Cutting Machine, Rebar Bending Machine, Rebar Stirrup Bending Machine, Rebar Arc Bending Machine, Rebar Straightening Machine, Five-Head Rebar Stirrup Bending Machine, Tamping Rammer, Plate Compactor, Concrete Cutter, Power Trowel, and other construction machinery. We are equipped with advanced CNC machines, and we enforce strict quality inspection standards along with comprehensive after-sales service. If you are interested in our products or services, we warmly welcome your inquiries via message.\",\"publisher\":{\"@id\":\"https:\/\/www.hsymachinery.com\/#organization\"},\"potentialAction\":[{\"@type\":\"SearchAction\",\"target\":{\"@type\":\"EntryPoint\",\"urlTemplate\":\"https:\/\/www.hsymachinery.com\/?s={search_term_string}\"},\"query-input\":{\"@type\":\"PropertyValueSpecification\",\"valueRequired\":true,\"valueName\":\"search_term_string\"}}],\"inLanguage\":\"fi\"},{\"@type\":\"Organization\",\"@id\":\"https:\/\/www.hsymachinery.com\/#organization\",\"name\":\"HSY Construction Machinery\",\"url\":\"https:\/\/www.hsymachinery.com\/\",\"logo\":{\"@type\":\"ImageObject\",\"inLanguage\":\"fi\",\"@id\":\"https:\/\/www.hsymachinery.com\/#\/schema\/logo\/image\/\",\"url\":\"https:\/\/www.hsymachinery.com\/wp-content\/uploads\/2025\/06\/cropped-HSY-machinery.png\",\"contentUrl\":\"https:\/\/www.hsymachinery.com\/wp-content\/uploads\/2025\/06\/cropped-HSY-machinery.png\",\"width\":600,\"height\":240,\"caption\":\"HSY Construction Machinery\"},\"image\":{\"@id\":\"https:\/\/www.hsymachinery.com\/#\/schema\/logo\/image\/\"}}]}<\/script>\n<!-- \/ Yoast SEO plugin. -->","yoast_head_json":{"title":"Rautakaaren taivutuskone GWH32 - HSY Construction Machinery","description":"Betoniter\u00e4skaaren taivutuskone GWH32 taivuttaa 14-32 mm:n betoniter\u00e4skaaren kaariksi tarkasti. Rakennettu teollisuusk\u00e4ytt\u00f6\u00f6n siltoihin, tunneleihin ja maailmanlaajuisille rakennusmarkkinoille.","robots":{"index":"index","follow":"follow","max-snippet":"max-snippet:-1","max-image-preview":"max-image-preview:large","max-video-preview":"max-video-preview:-1"},"canonical":"https:\/\/www.hsymachinery.com\/fi\/tuote\/raudoitustangon-kaaren-taivutuskone-gwh32\/","og_locale":"fi_FI","og_type":"article","og_title":"Rebar Arc Bending Machine GWH32 - HSY Construction Machinery","og_description":"Rebar Arc Bending Machine GWH32 bends 14\u201332mm rebar into arcs with precision. Built for industrial use in bridges, tunnels, and global construction markets.","og_url":"https:\/\/www.hsymachinery.com\/fi\/tuote\/raudoitustangon-kaaren-taivutuskone-gwh32\/","og_site_name":"HSY Construction Machinery","article_modified_time":"2025-06-27T14:38:50+00:00","og_image":[{"width":600,"height":600,"url":"https:\/\/www.hsymachinery.com\/wp-content\/uploads\/2025\/06\/Rebar-Arc-Bending-Machine-GWH32.jpg","type":"image\/jpeg"}],"twitter_card":"summary_large_image","twitter_misc":{"Arvioitu lukuaika":"2 minuuttia"},"schema":{"@context":"https:\/\/schema.org","@graph":[{"@type":"WebPage","@id":"https:\/\/www.hsymachinery.com\/product\/rebar-arc-bending-machine-gwh32\/","url":"https:\/\/www.hsymachinery.com\/product\/rebar-arc-bending-machine-gwh32\/","name":"Rautakaaren taivutuskone GWH32 - HSY Construction Machinery","isPartOf":{"@id":"https:\/\/www.hsymachinery.com\/#website"},"primaryImageOfPage":{"@id":"https:\/\/www.hsymachinery.com\/product\/rebar-arc-bending-machine-gwh32\/#primaryimage"},"image":{"@id":"https:\/\/www.hsymachinery.com\/product\/rebar-arc-bending-machine-gwh32\/#primaryimage"},"thumbnailUrl":"https:\/\/www.hsymachinery.com\/wp-content\/uploads\/2025\/06\/Rebar-Arc-Bending-Machine-GWH32.jpg","datePublished":"2025-06-18T04:23:54+00:00","dateModified":"2025-06-27T14:38:50+00:00","description":"Betoniter\u00e4skaaren taivutuskone GWH32 taivuttaa 14-32 mm:n betoniter\u00e4skaaren kaariksi tarkasti. Rakennettu teollisuusk\u00e4ytt\u00f6\u00f6n siltoihin, tunneleihin ja maailmanlaajuisille rakennusmarkkinoille.","breadcrumb":{"@id":"https:\/\/www.hsymachinery.com\/product\/rebar-arc-bending-machine-gwh32\/#breadcrumb"},"inLanguage":"fi","potentialAction":[{"@type":"ReadAction","target":["https:\/\/www.hsymachinery.com\/product\/rebar-arc-bending-machine-gwh32\/"]}]},{"@type":"ImageObject","inLanguage":"fi","@id":"https:\/\/www.hsymachinery.com\/product\/rebar-arc-bending-machine-gwh32\/#primaryimage","url":"https:\/\/www.hsymachinery.com\/wp-content\/uploads\/2025\/06\/Rebar-Arc-Bending-Machine-GWH32.jpg","contentUrl":"https:\/\/www.hsymachinery.com\/wp-content\/uploads\/2025\/06\/Rebar-Arc-Bending-Machine-GWH32.jpg","width":600,"height":600},{"@type":"BreadcrumbList","@id":"https:\/\/www.hsymachinery.com\/product\/rebar-arc-bending-machine-gwh32\/#breadcrumb","itemListElement":[{"@type":"ListItem","position":1,"name":"home","item":"https:\/\/www.hsymachinery.com\/"},{"@type":"ListItem","position":2,"name":"products","item":"https:\/\/www.hsymachinery.com\/products\/"},{"@type":"ListItem","position":3,"name":"Rebar Arc Bending Machine GWH32"}]},{"@type":"WebSite","@id":"https:\/\/www.hsymachinery.com\/#website","url":"https:\/\/www.hsymachinery.com\/","name":"HSY Construction Machinery","description":"HSY Machinery - Kiinan johtava rakennuskoneiden toimittaja, joka tarjoaa laajan valikoiman kevyit\u00e4 rakennuskoneita. P\u00e4\u00e4tuotteitamme ovat Rebar Cutting Machine, Rebar Bending Machine, Rebar Stirrup Bending Machine, Rebar Arc Bending Machine, Rebar Straighting Machine, Five-Head Rebar Stirrup Bending Machine, Tamping Rammer, Plate Compactor, Concrete Cutter, Power Trowel ja muut rakennuskoneet. Olemme varustettu kehittyneill\u00e4 CNC-koneilla, ja noudatamme tiukkoja laadunvalvontastandardeja sek\u00e4 kattavaa huoltopalvelua. Jos olet kiinnostunut tuotteistamme tai palveluistamme, toivotamme l\u00e4mpim\u00e4sti tervetulleeksi tiedustelusi viestill\u00e4.","publisher":{"@id":"https:\/\/www.hsymachinery.com\/#organization"},"potentialAction":[{"@type":"SearchAction","target":{"@type":"EntryPoint","urlTemplate":"https:\/\/www.hsymachinery.com\/?s={search_term_string}"},"query-input":{"@type":"PropertyValueSpecification","valueRequired":true,"valueName":"search_term_string"}}],"inLanguage":"fi"},{"@type":"Organization","@id":"https:\/\/www.hsymachinery.com\/#organization","name":"HSY Construction Machinery","url":"https:\/\/www.hsymachinery.com\/","logo":{"@type":"ImageObject","inLanguage":"fi","@id":"https:\/\/www.hsymachinery.com\/#\/schema\/logo\/image\/","url":"https:\/\/www.hsymachinery.com\/wp-content\/uploads\/2025\/06\/cropped-HSY-machinery.png","contentUrl":"https:\/\/www.hsymachinery.com\/wp-content\/uploads\/2025\/06\/cropped-HSY-machinery.png","width":600,"height":240,"caption":"HSY Construction Machinery"},"image":{"@id":"https:\/\/www.hsymachinery.com\/#\/schema\/logo\/image\/"}}]}},"_links":{"self":[{"href":"https:\/\/www.hsymachinery.com\/fi\/wp-json\/wp\/v2\/product\/8986","targetHints":{"allow":["GET"]}}],"collection":[{"href":"https:\/\/www.hsymachinery.com\/fi\/wp-json\/wp\/v2\/product"}],"about":[{"href":"https:\/\/www.hsymachinery.com\/fi\/wp-json\/wp\/v2\/types\/product"}],"version-history":[{"count":4,"href":"https:\/\/www.hsymachinery.com\/fi\/wp-json\/wp\/v2\/product\/8986\/revisions"}],"predecessor-version":[{"id":9406,"href":"https:\/\/www.hsymachinery.com\/fi\/wp-json\/wp\/v2\/product\/8986\/revisions\/9406"}],"wp:featuredmedia":[{"embeddable":true,"href":"https:\/\/www.hsymachinery.com\/fi\/wp-json\/wp\/v2\/media\/8987"}],"wp:attachment":[{"href":"https:\/\/www.hsymachinery.com\/fi\/wp-json\/wp\/v2\/media?parent=8986"}],"wp:term":[{"taxonomy":"product_brand","embeddable":true,"href":"https:\/\/www.hsymachinery.com\/fi\/wp-json\/wp\/v2\/product_brand?post=8986"},{"taxonomy":"product_cat","embeddable":true,"href":"https:\/\/www.hsymachinery.com\/fi\/wp-json\/wp\/v2\/product_cat?post=8986"},{"taxonomy":"product_tag","embeddable":true,"href":"https:\/\/www.hsymachinery.com\/fi\/wp-json\/wp\/v2\/product_tag?post=8986"}],"curies":[{"name":"wp","href":"https:\/\/api.w.org\/{rel}","templated":true}]}}