{"id":8974,"date":"2025-06-18T12:11:58","date_gmt":"2025-06-18T04:11:58","guid":{"rendered":"https:\/\/www.hsymachinery.com\/?post_type=product&#038;p=8974"},"modified":"2025-06-27T21:30:46","modified_gmt":"2025-06-27T13:30:46","slug":"raudoitustangon-taivutuskone-gf42","status":"publish","type":"product","link":"https:\/\/www.hsymachinery.com\/fi\/tuote\/raudoitustangon-taivutuskone-gf42\/","title":{"rendered":"Betoniter\u00e4ksen seip\u00e4\u00e4n taivutuskone GF42"},"content":{"rendered":"<h2 data-start=\"115\" data-end=\"157\">Betoniter\u00e4ksen seip\u00e4\u00e4n taivutuskone GF42<\/h2>\n<h3 data-start=\"158\" data-end=\"289\">Advanced Rebar Stirrup Bending Machine GF42 for 6-36mm Bars | High-Capacity Stirrup Former for Reinforced Concrete Applications | Suuren kapasiteetin Stirrup Former ter\u00e4sbetonisovelluksiin<\/h3>\n<h3 data-start=\"296\" data-end=\"392\">\u00a0Tuotteen yleiskatsaus - Tarkkuusseip\u00e4\u00e4n taivutin suuriin raudoituskokoihin ja teollisuusprojekteihin<\/h3>\n<p data-start=\"394\" data-end=\"733\">The <strong data-start=\"398\" data-end=\"436\"><a href=\"https:\/\/www.hsymachinery.com\/fi\/tuotteet\/raudoitustangon-taivutuskone-2\/\" target=\"_blank\" rel=\"noopener\">Rebar Stirrup taivutuskone<\/a> GF42<\/strong> on suunniteltu k\u00e4sittelem\u00e4\u00e4n <strong data-start=\"460\" data-end=\"498\">6-36 mm:n betoniter\u00e4stangot<\/strong>, mik\u00e4 tekee siit\u00e4 GF-taivutussarjan suurimman kapasiteetin mallin. Sit\u00e4 k\u00e4ytet\u00e4\u00e4n laajalti perustusten raudoituksessa, infrastruktuurin rakentamisessa ja ter\u00e4sbetonielementtien valmistuksessa, jossa tarvitaan paksumpia tankoja ja suurempia m\u00e4\u00e4ri\u00e4.<\/p>\n<p data-start=\"735\" data-end=\"852\">GF42 yhdist\u00e4\u00e4 lujuuden, tarkkuuden ja nopeuden, ja se tarjoaa luotettavan ratkaisun laajamittaiseen ter\u00e4stangon muotoiluun.<\/p>\n<h3 data-start=\"859\" data-end=\"917\">Korkean v\u00e4\u00e4nt\u00f6momentin j\u00e4rjestelm\u00e4, jossa on s\u00e4\u00e4dett\u00e4v\u00e4t taivutuss\u00e4\u00e4timet<\/h3>\n<p data-start=\"919\" data-end=\"1208\">GF42-jalustan taivuttimessa k\u00e4ytet\u00e4\u00e4n vahvistettua taivutuslevy\u00e4, kest\u00e4vi\u00e4 tulppia ja kahden asennon s\u00e4\u00e4t\u00f6asetuksia, joilla saadaan aikaan johdonmukaiset taivutuskulmat 0\u00b0:sta 180\u00b0:een. Sen v\u00e4\u00e4nt\u00f6momentiltaan suuri kuparimoottori mahdollistaa halkaisijaltaan suurten ter\u00e4stankojen jatkuvan taivutuksen ilman ylikuumenemista tai viivett\u00e4.<\/p>\n<p data-start=\"1210\" data-end=\"1457\">T\u00e4ss\u00e4 koneessa on my\u00f6s tiivistetty voiteluvaihteisto, joka v\u00e4hent\u00e4\u00e4 mekaanista kulumista ja takaa pidemm\u00e4n k\u00e4ytt\u00f6i\u00e4n. Sek\u00e4 k\u00e4sivipuohjauksen ett\u00e4 jalkapolkimen aktivoinnin ansiosta k\u00e4ytt\u00e4j\u00e4 voi valita tehokkaimman menetelm\u00e4n teht\u00e4v\u00e4n mukaan.<\/p>\n<h3 data-start=\"1464\" data-end=\"1528\">Suunniteltu vaativiin ty\u00f6olosuhteisiin ja vientivaatimustenmukaisuuteen<\/h3>\n<p data-start=\"1530\" data-end=\"1849\">GF42:n runko on rakennettu teollisuusluokan ter\u00e4ksest\u00e4, joka kest\u00e4\u00e4 t\u00e4rin\u00e4\u00e4, muodonmuutoksia ja ylikuormitusta. Se on varustettu raskailla telapy\u00f6rill\u00e4, jotka mahdollistavat helpon liikkuvuuden. Kone toimii 220V\/380V (50Hz\/60Hz) j\u00e4nnitteell\u00e4, joka soveltuu sek\u00e4 kotimaisiin ett\u00e4 kansainv\u00e4lisiin rakennusstandardeihin.<\/p>\n<p data-start=\"1851\" data-end=\"2019\">Suuren tehon, k\u00e4ytt\u00e4j\u00e4yst\u00e4v\u00e4llisen rakenteen ja joustavan tehokokoonpanon ansiosta se on ammattimaisten urakoitsijoiden ja ter\u00e4ksen taivutuskonepajojen suosima valinta kaikkialla maailmassa.<\/p>\n<h3 data-start=\"2026\" data-end=\"2082\">Rebar Stirrup Bender GF42:n t\u00e4rkeimm\u00e4t ominaisuudet<\/h3>\n<ul data-start=\"2084\" data-end=\"2336\">\n<li data-start=\"2084\" data-end=\"2137\">\n<p data-start=\"2086\" data-end=\"2137\">Taivuttaa 6-36 mm:n tangot erimuotoisiksi j\u00e4ykisteiksi.<\/p>\n<\/li>\n<li data-start=\"2138\" data-end=\"2213\">\n<p data-start=\"2140\" data-end=\"2213\">Suunniteltu vaativiin t\u00f6ihin, kuten siltoihin, tunneleihin ja esivalmistukseen.<\/p>\n<\/li>\n<li data-start=\"2214\" data-end=\"2273\">\n<p data-start=\"2216\" data-end=\"2273\">Kest\u00e4v\u00e4 vaihdelaatikko ja moottorij\u00e4rjestelm\u00e4 pitk\u00e4\u00e4 k\u00e4ytt\u00f6\u00e4 varten<\/p>\n<\/li>\n<li data-start=\"2274\" data-end=\"2336\">\n<p data-start=\"2276\" data-end=\"2336\">Vientivalmiit j\u00e4nnitevaihtoehdot globaaleja rakennusty\u00f6maita varten<\/p>\n<\/li>\n<\/ul>\n<p><iframe title=\"#rakentaminen #rakentamisty\u00f6ntekij\u00e4 #rebarmachine #rebarbender #rebarbending #rebarbending\" width=\"720\" height=\"405\" src=\"https:\/\/www.youtube.com\/embed\/S_YQidcqUDg?feature=oembed\" frameborder=\"0\" allow=\"accelerometer; autoplay; clipboard-write; encrypted-media; gyroscope; picture-in-picture; web-share\" referrerpolicy=\"strict-origin-when-cross-origin\" allowfullscreen><\/iframe><\/p>","protected":false},"excerpt":{"rendered":"<p>GF42 Rebar Stirrup Bending Machine k\u00e4sittelee 6-36 mm:n ter\u00e4stankoja raskaaseen rakentamiseen tarkoitetuiksi seip\u00e4iksi. Ihanteellinen betonielementti- ja teollisuusk\u00e4ytt\u00f6\u00f6n, maailmanlaajuinen j\u00e4nniteyhteensopivuus.<\/p>","protected":false},"featured_media":8975,"template":"","meta":{"_kad_post_transparent":"default","_kad_post_title":"","_kad_post_layout":"default","_kad_post_sidebar_id":"","_kad_post_content_style":"default","_kad_post_vertical_padding":"default","_kad_post_feature":"","_kad_post_feature_position":"","_kad_post_header":false,"_kad_post_footer":false},"product_brand":[],"product_cat":[46],"product_tag":[1005,1006,1010,1008,1009,1013,1012,1014,1007,1011],"class_list":{"0":"post-8974","1":"product","2":"type-product","3":"status-publish","4":"has-post-thumbnail","6":"product_cat-rebar-stirrup-bending-machine","7":"product_tag-automatic-stirrup-bending-machine","8":"product_tag-cnc-rebar-stirrup-bender","9":"product_tag-hydraulic-stirrup-bender","10":"product_tag-rebar-stirrup-bender-machine","11":"product_tag-steel-stirrup-bending-machine","12":"product_tag-stirrup-bender-for-construction","13":"product_tag-stirrup-bending-equipment","14":"product_tag-stirrup-bending-machine-price","15":"product_tag-stirrup-making-machine","16":"product_tag-wire-stirrup-bending-machine","18":"first","19":"instock","20":"shipping-taxable","21":"product-type-simple","22":"entry","23":"content-bg","24":"loop-entry"},"yoast_head":"<!-- This site is optimized with the Yoast SEO plugin v25.3.1 - https:\/\/yoast.com\/wordpress\/plugins\/seo\/ -->\n<title>Rebar Stirrup Bending Machine GF42 - HSY Construction Machinery<\/title>\n<meta name=\"description\" content=\"Rebar Stirrup Bending Machine GF42 bends 6\u201336mm steel bars into stirrups with precision and power. Built for industrial-grade performance and global export.\" \/>\n<meta name=\"robots\" content=\"index, follow, max-snippet:-1, max-image-preview:large, max-video-preview:-1\" \/>\n<link rel=\"canonical\" href=\"https:\/\/www.hsymachinery.com\/fi\/tuote\/raudoitustangon-taivutuskone-gf42\/\" \/>\n<meta property=\"og:locale\" content=\"fi_FI\" \/>\n<meta property=\"og:type\" content=\"article\" \/>\n<meta property=\"og:title\" content=\"Rebar Stirrup Bending Machine GF42 - HSY Construction Machinery\" \/>\n<meta property=\"og:description\" content=\"Rebar Stirrup Bending Machine GF42 bends 6\u201336mm steel bars into stirrups with precision and power. Built for industrial-grade performance and global export.\" \/>\n<meta property=\"og:url\" content=\"https:\/\/www.hsymachinery.com\/fi\/tuote\/raudoitustangon-taivutuskone-gf42\/\" \/>\n<meta property=\"og:site_name\" content=\"HSY Construction Machinery\" \/>\n<meta property=\"article:modified_time\" content=\"2025-06-27T13:30:46+00:00\" \/>\n<meta property=\"og:image\" content=\"https:\/\/www.hsymachinery.com\/wp-content\/uploads\/2025\/06\/Rebar-Stirrup-Bending-Machine-GF42.jpg\" \/>\n\t<meta property=\"og:image:width\" content=\"600\" \/>\n\t<meta property=\"og:image:height\" content=\"600\" \/>\n\t<meta property=\"og:image:type\" content=\"image\/jpeg\" \/>\n<meta name=\"twitter:card\" content=\"summary_large_image\" \/>\n<meta name=\"twitter:label1\" content=\"Arvioitu lukuaika\" \/>\n\t<meta name=\"twitter:data1\" content=\"2 minuuttia\" \/>\n<script type=\"application\/ld+json\" class=\"yoast-schema-graph\">{\"@context\":\"https:\/\/schema.org\",\"@graph\":[{\"@type\":\"WebPage\",\"@id\":\"https:\/\/www.hsymachinery.com\/product\/rebar-stirrup-bending-machine-gf42\/\",\"url\":\"https:\/\/www.hsymachinery.com\/product\/rebar-stirrup-bending-machine-gf42\/\",\"name\":\"Rebar Stirrup Bending Machine GF42 - HSY Construction Machinery\",\"isPartOf\":{\"@id\":\"https:\/\/www.hsymachinery.com\/#website\"},\"primaryImageOfPage\":{\"@id\":\"https:\/\/www.hsymachinery.com\/product\/rebar-stirrup-bending-machine-gf42\/#primaryimage\"},\"image\":{\"@id\":\"https:\/\/www.hsymachinery.com\/product\/rebar-stirrup-bending-machine-gf42\/#primaryimage\"},\"thumbnailUrl\":\"https:\/\/www.hsymachinery.com\/wp-content\/uploads\/2025\/06\/Rebar-Stirrup-Bending-Machine-GF42.jpg\",\"datePublished\":\"2025-06-18T04:11:58+00:00\",\"dateModified\":\"2025-06-27T13:30:46+00:00\",\"description\":\"Rebar Stirrup Bending Machine GF42 bends 6\u201336mm steel bars into stirrups with precision and power. Built for industrial-grade performance and global export.\",\"breadcrumb\":{\"@id\":\"https:\/\/www.hsymachinery.com\/product\/rebar-stirrup-bending-machine-gf42\/#breadcrumb\"},\"inLanguage\":\"fi\",\"potentialAction\":[{\"@type\":\"ReadAction\",\"target\":[\"https:\/\/www.hsymachinery.com\/product\/rebar-stirrup-bending-machine-gf42\/\"]}]},{\"@type\":\"ImageObject\",\"inLanguage\":\"fi\",\"@id\":\"https:\/\/www.hsymachinery.com\/product\/rebar-stirrup-bending-machine-gf42\/#primaryimage\",\"url\":\"https:\/\/www.hsymachinery.com\/wp-content\/uploads\/2025\/06\/Rebar-Stirrup-Bending-Machine-GF42.jpg\",\"contentUrl\":\"https:\/\/www.hsymachinery.com\/wp-content\/uploads\/2025\/06\/Rebar-Stirrup-Bending-Machine-GF42.jpg\",\"width\":600,\"height\":600},{\"@type\":\"BreadcrumbList\",\"@id\":\"https:\/\/www.hsymachinery.com\/product\/rebar-stirrup-bending-machine-gf42\/#breadcrumb\",\"itemListElement\":[{\"@type\":\"ListItem\",\"position\":1,\"name\":\"home\",\"item\":\"https:\/\/www.hsymachinery.com\/\"},{\"@type\":\"ListItem\",\"position\":2,\"name\":\"products\",\"item\":\"https:\/\/www.hsymachinery.com\/products\/\"},{\"@type\":\"ListItem\",\"position\":3,\"name\":\"Rebar Stirrup Bending Machine GF42\"}]},{\"@type\":\"WebSite\",\"@id\":\"https:\/\/www.hsymachinery.com\/#website\",\"url\":\"https:\/\/www.hsymachinery.com\/\",\"name\":\"HSY Construction Machinery\",\"description\":\"HSY Machinery \u2013 A leading China construction machinery supplier, offering a wide range of light construction equipment. Our main products include Rebar Cutting Machine, Rebar Bending Machine, Rebar Stirrup Bending Machine, Rebar Arc Bending Machine, Rebar Straightening Machine, Five-Head Rebar Stirrup Bending Machine, Tamping Rammer, Plate Compactor, Concrete Cutter, Power Trowel, and other construction machinery. We are equipped with advanced CNC machines, and we enforce strict quality inspection standards along with comprehensive after-sales service. If you are interested in our products or services, we warmly welcome your inquiries via message.\",\"publisher\":{\"@id\":\"https:\/\/www.hsymachinery.com\/#organization\"},\"potentialAction\":[{\"@type\":\"SearchAction\",\"target\":{\"@type\":\"EntryPoint\",\"urlTemplate\":\"https:\/\/www.hsymachinery.com\/?s={search_term_string}\"},\"query-input\":{\"@type\":\"PropertyValueSpecification\",\"valueRequired\":true,\"valueName\":\"search_term_string\"}}],\"inLanguage\":\"fi\"},{\"@type\":\"Organization\",\"@id\":\"https:\/\/www.hsymachinery.com\/#organization\",\"name\":\"HSY Construction Machinery\",\"url\":\"https:\/\/www.hsymachinery.com\/\",\"logo\":{\"@type\":\"ImageObject\",\"inLanguage\":\"fi\",\"@id\":\"https:\/\/www.hsymachinery.com\/#\/schema\/logo\/image\/\",\"url\":\"https:\/\/www.hsymachinery.com\/wp-content\/uploads\/2025\/06\/cropped-HSY-machinery.png\",\"contentUrl\":\"https:\/\/www.hsymachinery.com\/wp-content\/uploads\/2025\/06\/cropped-HSY-machinery.png\",\"width\":600,\"height\":240,\"caption\":\"HSY Construction Machinery\"},\"image\":{\"@id\":\"https:\/\/www.hsymachinery.com\/#\/schema\/logo\/image\/\"}}]}<\/script>\n<!-- \/ Yoast SEO plugin. -->","yoast_head_json":{"title":"Betoniter\u00e4sten taivutuskone GF42 - HSY Construction Machinery","description":"Rebar Stirrup Bending Machine GF42 taivuttaa 6-36 mm:n ter\u00e4stangot raudoituksiksi tarkasti ja tehokkaasti. Rakennettu teollista suorituskyky\u00e4 ja maailmanlaajuista vienti\u00e4 varten.","robots":{"index":"index","follow":"follow","max-snippet":"max-snippet:-1","max-image-preview":"max-image-preview:large","max-video-preview":"max-video-preview:-1"},"canonical":"https:\/\/www.hsymachinery.com\/fi\/tuote\/raudoitustangon-taivutuskone-gf42\/","og_locale":"fi_FI","og_type":"article","og_title":"Rebar Stirrup Bending Machine GF42 - HSY Construction Machinery","og_description":"Rebar Stirrup Bending Machine GF42 bends 6\u201336mm steel bars into stirrups with precision and power. Built for industrial-grade performance and global export.","og_url":"https:\/\/www.hsymachinery.com\/fi\/tuote\/raudoitustangon-taivutuskone-gf42\/","og_site_name":"HSY Construction Machinery","article_modified_time":"2025-06-27T13:30:46+00:00","og_image":[{"width":600,"height":600,"url":"https:\/\/www.hsymachinery.com\/wp-content\/uploads\/2025\/06\/Rebar-Stirrup-Bending-Machine-GF42.jpg","type":"image\/jpeg"}],"twitter_card":"summary_large_image","twitter_misc":{"Arvioitu lukuaika":"2 minuuttia"},"schema":{"@context":"https:\/\/schema.org","@graph":[{"@type":"WebPage","@id":"https:\/\/www.hsymachinery.com\/product\/rebar-stirrup-bending-machine-gf42\/","url":"https:\/\/www.hsymachinery.com\/product\/rebar-stirrup-bending-machine-gf42\/","name":"Betoniter\u00e4sten taivutuskone GF42 - HSY Construction Machinery","isPartOf":{"@id":"https:\/\/www.hsymachinery.com\/#website"},"primaryImageOfPage":{"@id":"https:\/\/www.hsymachinery.com\/product\/rebar-stirrup-bending-machine-gf42\/#primaryimage"},"image":{"@id":"https:\/\/www.hsymachinery.com\/product\/rebar-stirrup-bending-machine-gf42\/#primaryimage"},"thumbnailUrl":"https:\/\/www.hsymachinery.com\/wp-content\/uploads\/2025\/06\/Rebar-Stirrup-Bending-Machine-GF42.jpg","datePublished":"2025-06-18T04:11:58+00:00","dateModified":"2025-06-27T13:30:46+00:00","description":"Rebar Stirrup Bending Machine GF42 taivuttaa 6-36 mm:n ter\u00e4stangot raudoituksiksi tarkasti ja tehokkaasti. Rakennettu teollista suorituskyky\u00e4 ja maailmanlaajuista vienti\u00e4 varten.","breadcrumb":{"@id":"https:\/\/www.hsymachinery.com\/product\/rebar-stirrup-bending-machine-gf42\/#breadcrumb"},"inLanguage":"fi","potentialAction":[{"@type":"ReadAction","target":["https:\/\/www.hsymachinery.com\/product\/rebar-stirrup-bending-machine-gf42\/"]}]},{"@type":"ImageObject","inLanguage":"fi","@id":"https:\/\/www.hsymachinery.com\/product\/rebar-stirrup-bending-machine-gf42\/#primaryimage","url":"https:\/\/www.hsymachinery.com\/wp-content\/uploads\/2025\/06\/Rebar-Stirrup-Bending-Machine-GF42.jpg","contentUrl":"https:\/\/www.hsymachinery.com\/wp-content\/uploads\/2025\/06\/Rebar-Stirrup-Bending-Machine-GF42.jpg","width":600,"height":600},{"@type":"BreadcrumbList","@id":"https:\/\/www.hsymachinery.com\/product\/rebar-stirrup-bending-machine-gf42\/#breadcrumb","itemListElement":[{"@type":"ListItem","position":1,"name":"home","item":"https:\/\/www.hsymachinery.com\/"},{"@type":"ListItem","position":2,"name":"products","item":"https:\/\/www.hsymachinery.com\/products\/"},{"@type":"ListItem","position":3,"name":"Rebar Stirrup Bending Machine GF42"}]},{"@type":"WebSite","@id":"https:\/\/www.hsymachinery.com\/#website","url":"https:\/\/www.hsymachinery.com\/","name":"HSY Construction Machinery","description":"HSY Machinery - Kiinan johtava rakennuskoneiden toimittaja, joka tarjoaa laajan valikoiman kevyit\u00e4 rakennuskoneita. P\u00e4\u00e4tuotteitamme ovat Rebar Cutting Machine, Rebar Bending Machine, Rebar Stirrup Bending Machine, Rebar Arc Bending Machine, Rebar Straighting Machine, Five-Head Rebar Stirrup Bending Machine, Tamping Rammer, Plate Compactor, Concrete Cutter, Power Trowel ja muut rakennuskoneet. Olemme varustettu kehittyneill\u00e4 CNC-koneilla, ja noudatamme tiukkoja laadunvalvontastandardeja sek\u00e4 kattavaa huoltopalvelua. Jos olet kiinnostunut tuotteistamme tai palveluistamme, toivotamme l\u00e4mpim\u00e4sti tervetulleeksi tiedustelusi viestill\u00e4.","publisher":{"@id":"https:\/\/www.hsymachinery.com\/#organization"},"potentialAction":[{"@type":"SearchAction","target":{"@type":"EntryPoint","urlTemplate":"https:\/\/www.hsymachinery.com\/?s={search_term_string}"},"query-input":{"@type":"PropertyValueSpecification","valueRequired":true,"valueName":"search_term_string"}}],"inLanguage":"fi"},{"@type":"Organization","@id":"https:\/\/www.hsymachinery.com\/#organization","name":"HSY Construction Machinery","url":"https:\/\/www.hsymachinery.com\/","logo":{"@type":"ImageObject","inLanguage":"fi","@id":"https:\/\/www.hsymachinery.com\/#\/schema\/logo\/image\/","url":"https:\/\/www.hsymachinery.com\/wp-content\/uploads\/2025\/06\/cropped-HSY-machinery.png","contentUrl":"https:\/\/www.hsymachinery.com\/wp-content\/uploads\/2025\/06\/cropped-HSY-machinery.png","width":600,"height":240,"caption":"HSY Construction Machinery"},"image":{"@id":"https:\/\/www.hsymachinery.com\/#\/schema\/logo\/image\/"}}]}},"_links":{"self":[{"href":"https:\/\/www.hsymachinery.com\/fi\/wp-json\/wp\/v2\/product\/8974","targetHints":{"allow":["GET"]}}],"collection":[{"href":"https:\/\/www.hsymachinery.com\/fi\/wp-json\/wp\/v2\/product"}],"about":[{"href":"https:\/\/www.hsymachinery.com\/fi\/wp-json\/wp\/v2\/types\/product"}],"version-history":[{"count":3,"href":"https:\/\/www.hsymachinery.com\/fi\/wp-json\/wp\/v2\/product\/8974\/revisions"}],"predecessor-version":[{"id":9388,"href":"https:\/\/www.hsymachinery.com\/fi\/wp-json\/wp\/v2\/product\/8974\/revisions\/9388"}],"wp:featuredmedia":[{"embeddable":true,"href":"https:\/\/www.hsymachinery.com\/fi\/wp-json\/wp\/v2\/media\/8975"}],"wp:attachment":[{"href":"https:\/\/www.hsymachinery.com\/fi\/wp-json\/wp\/v2\/media?parent=8974"}],"wp:term":[{"taxonomy":"product_brand","embeddable":true,"href":"https:\/\/www.hsymachinery.com\/fi\/wp-json\/wp\/v2\/product_brand?post=8974"},{"taxonomy":"product_cat","embeddable":true,"href":"https:\/\/www.hsymachinery.com\/fi\/wp-json\/wp\/v2\/product_cat?post=8974"},{"taxonomy":"product_tag","embeddable":true,"href":"https:\/\/www.hsymachinery.com\/fi\/wp-json\/wp\/v2\/product_tag?post=8974"}],"curies":[{"name":"wp","href":"https:\/\/api.w.org\/{rel}","templated":true}]}}