{"id":8968,"date":"2025-06-18T12:10:02","date_gmt":"2025-06-18T04:10:02","guid":{"rendered":"https:\/\/www.hsymachinery.com\/?post_type=product&#038;p=8968"},"modified":"2025-06-27T19:29:41","modified_gmt":"2025-06-27T11:29:41","slug":"raudoitustangon-taivutuskone-gf32","status":"publish","type":"product","link":"https:\/\/www.hsymachinery.com\/fi\/tuote\/raudoitustangon-taivutuskone-gf32\/","title":{"rendered":"Betoniter\u00e4ksen seip\u00e4\u00e4n taivutuskone GF32"},"content":{"rendered":"<h2 data-start=\"100\" data-end=\"142\">Betoniter\u00e4ksen seip\u00e4\u00e4n taivutuskone GF32<\/h2>\n<h3 data-start=\"143\" data-end=\"266\">Automaattinen Stirrup taivutuskone GF32 6-28mm baareille | Tehokas ter\u00e4s Stirrup Former rakenteelliseen raudoituksen k\u00e4sittelyyn<\/h3>\n<h3 data-start=\"143\" data-end=\"266\">Tuotteen yleiskatsaus - Virtaviivaistettu seipien tuotanto suuriin rakennushankkeisiin<\/h3>\n<p data-start=\"369\" data-end=\"650\">The <strong data-start=\"373\" data-end=\"411\"><a href=\"https:\/\/www.hsymachinery.com\/fi\/tuotteet\/raudoitustangon-taivutuskone-2\/\" target=\"_blank\" rel=\"noopener\">Rebar Stirrup taivutuskone<\/a> GF32<\/strong> on suunniteltu 6-28 mm:n ter\u00e4stankojen muotoiluun erimuotoisiksi seipimiksi. Se palvelee rakennusalan ammattilaisia, jotka ty\u00f6skentelev\u00e4t tunneleiden, siltojen, valtateiden ja muun infrastruktuurin parissa, jossa vaaditaan suurta taivutuskapasiteettia ja tarkkuutta.<\/p>\n<p data-start=\"652\" data-end=\"834\">GF32:ssa yhdistyv\u00e4t vankka rakenne ja k\u00e4ytt\u00e4j\u00e4yst\u00e4v\u00e4lliset hallintalaitteet, mik\u00e4 tekee siit\u00e4 ihanteellisen ratkaisun tehokkaaseen seipien valmistukseen sek\u00e4 liikkuvissa ett\u00e4 kiinteiss\u00e4 ymp\u00e4rist\u00f6iss\u00e4.<\/p>\n<h3 data-start=\"841\" data-end=\"896\">Korkea v\u00e4\u00e4nt\u00f6momentti ja pehme\u00e4t kulmansiirrot<\/h3>\n<p data-start=\"898\" data-end=\"1169\">Teollisuusk\u00e4ytt\u00f6\u00f6n soveltuvan moottorin ja vahvistetun taivutuslevyn ansiosta GF32 tarjoaa vakaan ja tehokkaan suorituskyvyn raskaissa ty\u00f6teht\u00e4viss\u00e4. S\u00e4\u00e4dett\u00e4vien kulmanrajoittimien ansiosta k\u00e4ytt\u00e4j\u00e4t voivat taivuttaa tankoja jopa 180 astetta ilman, ett\u00e4 ne on kalibroitava uudelleen jokaisen syklin j\u00e4lkeen.<\/p>\n<p data-start=\"1171\" data-end=\"1420\">Tuottavuuden tukemiseksi kone toimii minimaalisella t\u00e4rin\u00e4ll\u00e4, ja tiivistetty vaihdelaatikko takaa kest\u00e4vyyden hyvin v\u00e4h\u00e4isell\u00e4 huollolla. K\u00e4ytt\u00e4j\u00e4t voivat valita manuaalisen tilan tai jalkapolkimen k\u00e4yt\u00f6n ty\u00f6olosuhteiden mukaan.<\/p>\n<h3 data-start=\"1427\" data-end=\"1480\">Rakennettu pitk\u00e4ik\u00e4iseksi ja maailmanlaajuisia tehostandardeja varten<\/h3>\n<p data-start=\"1482\" data-end=\"1767\">Hitsatun ter\u00e4skotelon ja t\u00e4rin\u00e4\u00e4 vaimentavan rungon ansiosta GF32 kest\u00e4\u00e4 kovaa ty\u00f6maak\u00e4ytt\u00f6\u00e4. Raskaat py\u00f6r\u00e4t tekev\u00e4t siirt\u00e4misest\u00e4 nopeaa ja helppoa. Mik\u00e4 t\u00e4rkeint\u00e4, sen yhteensopivuus 220 tai 380 V:n s\u00e4hk\u00f6j\u00e4rjestelmien kanssa (50 Hz\/60 Hz) tekee siit\u00e4 vientivalmiin ja k\u00e4ytt\u00f6kelpoisen maailmanlaajuisesti.<\/p>\n<p data-start=\"1769\" data-end=\"1894\">Tarkkuuden ja tehon tasapaino tekee GF32:sta luotettavan ty\u00f6kalun sek\u00e4 betoniter\u00e4ksen ty\u00f6pajoissa ett\u00e4 rakennusty\u00f6mailla.<\/p>\n<h3 data-start=\"1901\" data-end=\"1957\">Rebar Stirrup Bender GF32:n t\u00e4rkeimm\u00e4t ominaisuudet<\/h3>\n<ul data-start=\"1959\" data-end=\"2179\">\n<li data-start=\"1959\" data-end=\"2018\">\n<p data-start=\"1961\" data-end=\"2018\">K\u00e4sittelee 6-28mm tangon halkaisijan nopeaan kiinnityskappaleiden valmistukseen<\/p>\n<\/li>\n<li data-start=\"2019\" data-end=\"2069\">\n<p data-start=\"2021\" data-end=\"2069\">Vahva v\u00e4\u00e4nt\u00f6momentin ulostulo puhtailla, tasaisilla taivutuksilla<\/p>\n<\/li>\n<li data-start=\"2070\" data-end=\"2116\">\n<p data-start=\"2072\" data-end=\"2116\">Yksinkertainen k\u00e4ytt\u00f6 kaksoisohjausvaihtoehdoilla<\/p>\n<\/li>\n<li data-start=\"2117\" data-end=\"2179\">\n<p data-start=\"2119\" data-end=\"2179\">Sopii kansainv\u00e4lisiin j\u00e4nnitevaatimuksiin globaaleja markkinoita varten<\/p>\n<\/li>\n<\/ul>\n<p><iframe title=\"2023\u5e748\u67086\u65e5\" width=\"720\" height=\"405\" src=\"https:\/\/www.youtube.com\/embed\/LeishYuXLvc?feature=oembed\" frameborder=\"0\" allow=\"accelerometer; autoplay; clipboard-write; encrypted-media; gyroscope; picture-in-picture; web-share\" referrerpolicy=\"strict-origin-when-cross-origin\" allowfullscreen><\/iframe><\/p>","protected":false},"excerpt":{"rendered":"<p>GF32 Rebar Stirrup Bending Machine muotoilee 6-28 mm:n tangot tarkasti ja v\u00e4\u00e4nt\u00f6momentilla. Se on suunniteltu maailmanlaajuiseen k\u00e4ytt\u00f6\u00f6n, ja se sopii erinomaisesti siltojen, tunneleiden ja korkeiden rakennusten raudoitukseen.<\/p>","protected":false},"featured_media":8969,"template":"","meta":{"_kad_post_transparent":"default","_kad_post_title":"","_kad_post_layout":"default","_kad_post_sidebar_id":"","_kad_post_content_style":"default","_kad_post_vertical_padding":"default","_kad_post_feature":"","_kad_post_feature_position":"","_kad_post_header":false,"_kad_post_footer":false},"product_brand":[],"product_cat":[46],"product_tag":[1005,1006,1010,1008,1009,1013,1012,1014,1007,1011],"class_list":{"0":"post-8968","1":"product","2":"type-product","3":"status-publish","4":"has-post-thumbnail","6":"product_cat-rebar-stirrup-bending-machine","7":"product_tag-automatic-stirrup-bending-machine","8":"product_tag-cnc-rebar-stirrup-bender","9":"product_tag-hydraulic-stirrup-bender","10":"product_tag-rebar-stirrup-bender-machine","11":"product_tag-steel-stirrup-bending-machine","12":"product_tag-stirrup-bender-for-construction","13":"product_tag-stirrup-bending-equipment","14":"product_tag-stirrup-bending-machine-price","15":"product_tag-stirrup-making-machine","16":"product_tag-wire-stirrup-bending-machine","18":"first","19":"instock","20":"shipping-taxable","21":"product-type-simple","22":"entry","23":"content-bg","24":"loop-entry"},"yoast_head":"<!-- This site is optimized with the Yoast SEO plugin v25.3.1 - https:\/\/yoast.com\/wordpress\/plugins\/seo\/ -->\n<title>Rebar Stirrup Bending Machine GF32 - HSY Construction Machinery<\/title>\n<meta name=\"description\" content=\"Rebar Stirrup Bending Machine GF32 processes 6\u201328mm rebar into stirrups efficiently. Built for industrial construction and compatible with international voltage.\" \/>\n<meta name=\"robots\" content=\"index, follow, max-snippet:-1, max-image-preview:large, max-video-preview:-1\" \/>\n<link rel=\"canonical\" href=\"https:\/\/www.hsymachinery.com\/fi\/tuote\/raudoitustangon-taivutuskone-gf32\/\" \/>\n<meta property=\"og:locale\" content=\"fi_FI\" \/>\n<meta property=\"og:type\" content=\"article\" \/>\n<meta property=\"og:title\" content=\"Rebar Stirrup Bending Machine GF32 - HSY Construction Machinery\" \/>\n<meta property=\"og:description\" content=\"Rebar Stirrup Bending Machine GF32 processes 6\u201328mm rebar into stirrups efficiently. Built for industrial construction and compatible with international voltage.\" \/>\n<meta property=\"og:url\" content=\"https:\/\/www.hsymachinery.com\/fi\/tuote\/raudoitustangon-taivutuskone-gf32\/\" \/>\n<meta property=\"og:site_name\" content=\"HSY Construction Machinery\" \/>\n<meta property=\"article:modified_time\" content=\"2025-06-27T11:29:41+00:00\" \/>\n<meta property=\"og:image\" content=\"https:\/\/www.hsymachinery.com\/wp-content\/uploads\/2025\/06\/Rebar-Stirrup-Bending-Machine-GF32.jpg\" \/>\n\t<meta property=\"og:image:width\" content=\"600\" \/>\n\t<meta property=\"og:image:height\" content=\"600\" \/>\n\t<meta property=\"og:image:type\" content=\"image\/jpeg\" \/>\n<meta name=\"twitter:card\" content=\"summary_large_image\" \/>\n<meta name=\"twitter:label1\" content=\"Arvioitu lukuaika\" \/>\n\t<meta name=\"twitter:data1\" content=\"2 minuuttia\" \/>\n<script type=\"application\/ld+json\" class=\"yoast-schema-graph\">{\"@context\":\"https:\/\/schema.org\",\"@graph\":[{\"@type\":\"WebPage\",\"@id\":\"https:\/\/www.hsymachinery.com\/product\/rebar-stirrup-bending-machine-gf32\/\",\"url\":\"https:\/\/www.hsymachinery.com\/product\/rebar-stirrup-bending-machine-gf32\/\",\"name\":\"Rebar Stirrup Bending Machine GF32 - HSY Construction Machinery\",\"isPartOf\":{\"@id\":\"https:\/\/www.hsymachinery.com\/#website\"},\"primaryImageOfPage\":{\"@id\":\"https:\/\/www.hsymachinery.com\/product\/rebar-stirrup-bending-machine-gf32\/#primaryimage\"},\"image\":{\"@id\":\"https:\/\/www.hsymachinery.com\/product\/rebar-stirrup-bending-machine-gf32\/#primaryimage\"},\"thumbnailUrl\":\"https:\/\/www.hsymachinery.com\/wp-content\/uploads\/2025\/06\/Rebar-Stirrup-Bending-Machine-GF32.jpg\",\"datePublished\":\"2025-06-18T04:10:02+00:00\",\"dateModified\":\"2025-06-27T11:29:41+00:00\",\"description\":\"Rebar Stirrup Bending Machine GF32 processes 6\u201328mm rebar into stirrups efficiently. Built for industrial construction and compatible with international voltage.\",\"breadcrumb\":{\"@id\":\"https:\/\/www.hsymachinery.com\/product\/rebar-stirrup-bending-machine-gf32\/#breadcrumb\"},\"inLanguage\":\"fi\",\"potentialAction\":[{\"@type\":\"ReadAction\",\"target\":[\"https:\/\/www.hsymachinery.com\/product\/rebar-stirrup-bending-machine-gf32\/\"]}]},{\"@type\":\"ImageObject\",\"inLanguage\":\"fi\",\"@id\":\"https:\/\/www.hsymachinery.com\/product\/rebar-stirrup-bending-machine-gf32\/#primaryimage\",\"url\":\"https:\/\/www.hsymachinery.com\/wp-content\/uploads\/2025\/06\/Rebar-Stirrup-Bending-Machine-GF32.jpg\",\"contentUrl\":\"https:\/\/www.hsymachinery.com\/wp-content\/uploads\/2025\/06\/Rebar-Stirrup-Bending-Machine-GF32.jpg\",\"width\":600,\"height\":600},{\"@type\":\"BreadcrumbList\",\"@id\":\"https:\/\/www.hsymachinery.com\/product\/rebar-stirrup-bending-machine-gf32\/#breadcrumb\",\"itemListElement\":[{\"@type\":\"ListItem\",\"position\":1,\"name\":\"home\",\"item\":\"https:\/\/www.hsymachinery.com\/\"},{\"@type\":\"ListItem\",\"position\":2,\"name\":\"products\",\"item\":\"https:\/\/www.hsymachinery.com\/products\/\"},{\"@type\":\"ListItem\",\"position\":3,\"name\":\"Rebar Stirrup Bending Machine GF32\"}]},{\"@type\":\"WebSite\",\"@id\":\"https:\/\/www.hsymachinery.com\/#website\",\"url\":\"https:\/\/www.hsymachinery.com\/\",\"name\":\"HSY Construction Machinery\",\"description\":\"HSY Machinery \u2013 A leading China construction machinery supplier, offering a wide range of light construction equipment. Our main products include Rebar Cutting Machine, Rebar Bending Machine, Rebar Stirrup Bending Machine, Rebar Arc Bending Machine, Rebar Straightening Machine, Five-Head Rebar Stirrup Bending Machine, Tamping Rammer, Plate Compactor, Concrete Cutter, Power Trowel, and other construction machinery. We are equipped with advanced CNC machines, and we enforce strict quality inspection standards along with comprehensive after-sales service. If you are interested in our products or services, we warmly welcome your inquiries via message.\",\"publisher\":{\"@id\":\"https:\/\/www.hsymachinery.com\/#organization\"},\"potentialAction\":[{\"@type\":\"SearchAction\",\"target\":{\"@type\":\"EntryPoint\",\"urlTemplate\":\"https:\/\/www.hsymachinery.com\/?s={search_term_string}\"},\"query-input\":{\"@type\":\"PropertyValueSpecification\",\"valueRequired\":true,\"valueName\":\"search_term_string\"}}],\"inLanguage\":\"fi\"},{\"@type\":\"Organization\",\"@id\":\"https:\/\/www.hsymachinery.com\/#organization\",\"name\":\"HSY Construction Machinery\",\"url\":\"https:\/\/www.hsymachinery.com\/\",\"logo\":{\"@type\":\"ImageObject\",\"inLanguage\":\"fi\",\"@id\":\"https:\/\/www.hsymachinery.com\/#\/schema\/logo\/image\/\",\"url\":\"https:\/\/www.hsymachinery.com\/wp-content\/uploads\/2025\/06\/cropped-HSY-machinery.png\",\"contentUrl\":\"https:\/\/www.hsymachinery.com\/wp-content\/uploads\/2025\/06\/cropped-HSY-machinery.png\",\"width\":600,\"height\":240,\"caption\":\"HSY Construction Machinery\"},\"image\":{\"@id\":\"https:\/\/www.hsymachinery.com\/#\/schema\/logo\/image\/\"}}]}<\/script>\n<!-- \/ Yoast SEO plugin. -->","yoast_head_json":{"title":"Betoniter\u00e4sten taivutuskone GF32 - HSY Construction Machinery","description":"Betoniter\u00e4sraudan taivutuskone GF32 k\u00e4sittelee 6-28 mm:n betoniter\u00e4sraudat tehokkaasti raudoituskappaleiksi. Rakennettu teolliseen rakentamiseen ja yhteensopiva kansainv\u00e4lisen j\u00e4nnitteen kanssa.","robots":{"index":"index","follow":"follow","max-snippet":"max-snippet:-1","max-image-preview":"max-image-preview:large","max-video-preview":"max-video-preview:-1"},"canonical":"https:\/\/www.hsymachinery.com\/fi\/tuote\/raudoitustangon-taivutuskone-gf32\/","og_locale":"fi_FI","og_type":"article","og_title":"Rebar Stirrup Bending Machine GF32 - HSY Construction Machinery","og_description":"Rebar Stirrup Bending Machine GF32 processes 6\u201328mm rebar into stirrups efficiently. Built for industrial construction and compatible with international voltage.","og_url":"https:\/\/www.hsymachinery.com\/fi\/tuote\/raudoitustangon-taivutuskone-gf32\/","og_site_name":"HSY Construction Machinery","article_modified_time":"2025-06-27T11:29:41+00:00","og_image":[{"width":600,"height":600,"url":"https:\/\/www.hsymachinery.com\/wp-content\/uploads\/2025\/06\/Rebar-Stirrup-Bending-Machine-GF32.jpg","type":"image\/jpeg"}],"twitter_card":"summary_large_image","twitter_misc":{"Arvioitu lukuaika":"2 minuuttia"},"schema":{"@context":"https:\/\/schema.org","@graph":[{"@type":"WebPage","@id":"https:\/\/www.hsymachinery.com\/product\/rebar-stirrup-bending-machine-gf32\/","url":"https:\/\/www.hsymachinery.com\/product\/rebar-stirrup-bending-machine-gf32\/","name":"Betoniter\u00e4sten taivutuskone GF32 - HSY Construction Machinery","isPartOf":{"@id":"https:\/\/www.hsymachinery.com\/#website"},"primaryImageOfPage":{"@id":"https:\/\/www.hsymachinery.com\/product\/rebar-stirrup-bending-machine-gf32\/#primaryimage"},"image":{"@id":"https:\/\/www.hsymachinery.com\/product\/rebar-stirrup-bending-machine-gf32\/#primaryimage"},"thumbnailUrl":"https:\/\/www.hsymachinery.com\/wp-content\/uploads\/2025\/06\/Rebar-Stirrup-Bending-Machine-GF32.jpg","datePublished":"2025-06-18T04:10:02+00:00","dateModified":"2025-06-27T11:29:41+00:00","description":"Betoniter\u00e4sraudan taivutuskone GF32 k\u00e4sittelee 6-28 mm:n betoniter\u00e4sraudat tehokkaasti raudoituskappaleiksi. Rakennettu teolliseen rakentamiseen ja yhteensopiva kansainv\u00e4lisen j\u00e4nnitteen kanssa.","breadcrumb":{"@id":"https:\/\/www.hsymachinery.com\/product\/rebar-stirrup-bending-machine-gf32\/#breadcrumb"},"inLanguage":"fi","potentialAction":[{"@type":"ReadAction","target":["https:\/\/www.hsymachinery.com\/product\/rebar-stirrup-bending-machine-gf32\/"]}]},{"@type":"ImageObject","inLanguage":"fi","@id":"https:\/\/www.hsymachinery.com\/product\/rebar-stirrup-bending-machine-gf32\/#primaryimage","url":"https:\/\/www.hsymachinery.com\/wp-content\/uploads\/2025\/06\/Rebar-Stirrup-Bending-Machine-GF32.jpg","contentUrl":"https:\/\/www.hsymachinery.com\/wp-content\/uploads\/2025\/06\/Rebar-Stirrup-Bending-Machine-GF32.jpg","width":600,"height":600},{"@type":"BreadcrumbList","@id":"https:\/\/www.hsymachinery.com\/product\/rebar-stirrup-bending-machine-gf32\/#breadcrumb","itemListElement":[{"@type":"ListItem","position":1,"name":"home","item":"https:\/\/www.hsymachinery.com\/"},{"@type":"ListItem","position":2,"name":"products","item":"https:\/\/www.hsymachinery.com\/products\/"},{"@type":"ListItem","position":3,"name":"Rebar Stirrup Bending Machine GF32"}]},{"@type":"WebSite","@id":"https:\/\/www.hsymachinery.com\/#website","url":"https:\/\/www.hsymachinery.com\/","name":"HSY Construction Machinery","description":"HSY Machinery - Kiinan johtava rakennuskoneiden toimittaja, joka tarjoaa laajan valikoiman kevyit\u00e4 rakennuskoneita. P\u00e4\u00e4tuotteitamme ovat Rebar Cutting Machine, Rebar Bending Machine, Rebar Stirrup Bending Machine, Rebar Arc Bending Machine, Rebar Straighting Machine, Five-Head Rebar Stirrup Bending Machine, Tamping Rammer, Plate Compactor, Concrete Cutter, Power Trowel ja muut rakennuskoneet. Olemme varustettu kehittyneill\u00e4 CNC-koneilla, ja noudatamme tiukkoja laadunvalvontastandardeja sek\u00e4 kattavaa huoltopalvelua. Jos olet kiinnostunut tuotteistamme tai palveluistamme, toivotamme l\u00e4mpim\u00e4sti tervetulleeksi tiedustelusi viestill\u00e4.","publisher":{"@id":"https:\/\/www.hsymachinery.com\/#organization"},"potentialAction":[{"@type":"SearchAction","target":{"@type":"EntryPoint","urlTemplate":"https:\/\/www.hsymachinery.com\/?s={search_term_string}"},"query-input":{"@type":"PropertyValueSpecification","valueRequired":true,"valueName":"search_term_string"}}],"inLanguage":"fi"},{"@type":"Organization","@id":"https:\/\/www.hsymachinery.com\/#organization","name":"HSY Construction Machinery","url":"https:\/\/www.hsymachinery.com\/","logo":{"@type":"ImageObject","inLanguage":"fi","@id":"https:\/\/www.hsymachinery.com\/#\/schema\/logo\/image\/","url":"https:\/\/www.hsymachinery.com\/wp-content\/uploads\/2025\/06\/cropped-HSY-machinery.png","contentUrl":"https:\/\/www.hsymachinery.com\/wp-content\/uploads\/2025\/06\/cropped-HSY-machinery.png","width":600,"height":240,"caption":"HSY Construction Machinery"},"image":{"@id":"https:\/\/www.hsymachinery.com\/#\/schema\/logo\/image\/"}}]}},"_links":{"self":[{"href":"https:\/\/www.hsymachinery.com\/fi\/wp-json\/wp\/v2\/product\/8968","targetHints":{"allow":["GET"]}}],"collection":[{"href":"https:\/\/www.hsymachinery.com\/fi\/wp-json\/wp\/v2\/product"}],"about":[{"href":"https:\/\/www.hsymachinery.com\/fi\/wp-json\/wp\/v2\/types\/product"}],"version-history":[{"count":4,"href":"https:\/\/www.hsymachinery.com\/fi\/wp-json\/wp\/v2\/product\/8968\/revisions"}],"predecessor-version":[{"id":9386,"href":"https:\/\/www.hsymachinery.com\/fi\/wp-json\/wp\/v2\/product\/8968\/revisions\/9386"}],"wp:featuredmedia":[{"embeddable":true,"href":"https:\/\/www.hsymachinery.com\/fi\/wp-json\/wp\/v2\/media\/8969"}],"wp:attachment":[{"href":"https:\/\/www.hsymachinery.com\/fi\/wp-json\/wp\/v2\/media?parent=8968"}],"wp:term":[{"taxonomy":"product_brand","embeddable":true,"href":"https:\/\/www.hsymachinery.com\/fi\/wp-json\/wp\/v2\/product_brand?post=8968"},{"taxonomy":"product_cat","embeddable":true,"href":"https:\/\/www.hsymachinery.com\/fi\/wp-json\/wp\/v2\/product_cat?post=8968"},{"taxonomy":"product_tag","embeddable":true,"href":"https:\/\/www.hsymachinery.com\/fi\/wp-json\/wp\/v2\/product_tag?post=8968"}],"curies":[{"name":"wp","href":"https:\/\/api.w.org\/{rel}","templated":true}]}}