{"id":8962,"date":"2025-06-18T12:08:09","date_gmt":"2025-06-18T04:08:09","guid":{"rendered":"https:\/\/www.hsymachinery.com\/?post_type=product&#038;p=8962"},"modified":"2025-06-27T17:47:16","modified_gmt":"2025-06-27T09:47:16","slug":"raudoitustangon-taivutuskone-gf25","status":"publish","type":"product","link":"https:\/\/www.hsymachinery.com\/fi\/tuote\/raudoitustangon-taivutuskone-gf25\/","title":{"rendered":"Betoniter\u00e4ksen seip\u00e4\u00e4n taivutuskone GF25"},"content":{"rendered":"<h3 data-start=\"146\" data-end=\"244\">Tehokas seip\u00e4\u00e4n taivutuskone 6-20mm baareille | Industrial-Grade Rebar Stirrup Former GF25<\/h3>\n<h3 data-start=\"251\" data-end=\"344\">\u00a0Tuotekatsaus - Monipuolinen j\u00e4ykisteen taivutin rakennusten raudoituksen valmistukseen<\/h3>\n<p data-start=\"346\" data-end=\"684\">The <strong data-start=\"350\" data-end=\"388\"><a href=\"https:\/\/www.hsymachinery.com\/fi\/tuotteet\/raudoitustangon-taivutuskone-2\/\" target=\"_blank\" rel=\"noopener\">Rebar Stirrup taivutuskone<\/a> GF25<\/strong> on suorituskykyinen ratkaisu 6-22 mm:n raudoitustankojen valmistukseen. Rakenneter\u00e4ksen k\u00e4sittelyyn suunnitellulla koneella voidaan nopeasti muodostaa monenlaisia raudoitemuotoja - neli\u00f6it\u00e4, suorakulmioita, puolisuunnikkaita ja mukautettuja kulmia - joita k\u00e4ytet\u00e4\u00e4n betonipylv\u00e4iss\u00e4, palkeissa, laatoissa ja perustuksissa.<\/p>\n<p data-start=\"686\" data-end=\"859\">Teollisuuskuparimoottorinsa ja tarkan taivutusmekanisminsa ansiosta GF25-jalustanmuotoilija takaa toistettavan suorituskyvyn sek\u00e4 paikan p\u00e4\u00e4ll\u00e4 ett\u00e4 tehdasvalmisteisissa ymp\u00e4rist\u00f6iss\u00e4.<\/p>\n<h3 data-start=\"866\" data-end=\"917\">Tehokas ulostulo ja helppo kulman mukauttaminen<\/h3>\n<p data-start=\"919\" data-end=\"1192\">Laajennetulla taivutuslevyll\u00e4, kahdella s\u00e4\u00e4dett\u00e4v\u00e4ll\u00e4 tulpalla ja ohjelmoitavilla kulmanvalitsimilla varustettu GF25 tuottaa tasaisia taivutuksia jopa 180\u00b0:een asti ilman tangon muodonmuutoksia. Koneen tiivistetty vaihdelaatikko toimii hiljaisesti, mik\u00e4 minimoi huoltotarpeen ajan my\u00f6t\u00e4.<\/p>\n<p data-start=\"1194\" data-end=\"1346\">K\u00e4ytt\u00e4j\u00e4t voivat vaihtaa jalkapolkimen ohjauksen ja k\u00e4sik\u00e4yt\u00f6n v\u00e4lill\u00e4, mik\u00e4 tekee siit\u00e4 turvallisemman ja mukautuvamman erilaisissa rakennusolosuhteissa.<\/p>\n<h3 data-start=\"1353\" data-end=\"1406\">Kest\u00e4v\u00e4 runko ja vientivalmiit j\u00e4nnitevaihtoehdot<\/h3>\n<p data-start=\"1408\" data-end=\"1750\">The <strong data-start=\"1412\" data-end=\"1450\">GF25 raudoitustangon taivutin<\/strong> on valmistettu vahvistetusta hitsatusta ter\u00e4ksest\u00e4, joka takaa kest\u00e4vyyden suurissa v\u00e4\u00e4nt\u00f6momenttity\u00f6kuormissa. Siin\u00e4 on tukevat kuljetuspy\u00f6r\u00e4t, joiden avulla se on helppo siirt\u00e4\u00e4 projektikohteissa. Lis\u00e4ksi kone tukee 220 tai 380 voltin (50 Hz\/60 Hz) sy\u00f6tt\u00f6\u00e4, mik\u00e4 on t\u00e4ysin yhteensopiva kansainv\u00e4listen ty\u00f6maavaatimusten kanssa.<\/p>\n<p data-start=\"1752\" data-end=\"1884\">Sen tehokkuus ja tarkkuus tekev\u00e4t siit\u00e4 ihanteellisen valinnan urakoitsijoille, ter\u00e4ksenvalmistajille ja raudoitustangon k\u00e4sittelykeskuksille kaikkialla maailmassa.<\/p>\n<h3 data-start=\"1891\" data-end=\"1947\">\u00a0Avainominaisuudet Rebar Stirrup taivutuskone GF25<\/h3>\n<ul data-start=\"1949\" data-end=\"2187\">\n<li data-start=\"1949\" data-end=\"2008\">\n<p data-start=\"1951\" data-end=\"2008\">Taivuttaa 6-22 mm:n tangot erinomaisella tarkkuudella seisontakannattimiksi<\/p>\n<\/li>\n<li data-start=\"2009\" data-end=\"2078\">\n<p data-start=\"2011\" data-end=\"2078\">Nopea muodonvaihto neli\u00f6n, suorakulmaisen ja mukautetun muotoisille jalustimille.<\/p>\n<\/li>\n<li data-start=\"2079\" data-end=\"2133\">\n<p data-start=\"2081\" data-end=\"2133\">Luotettava moottori ja v\u00e4h\u00e4n huoltoa vaativa sis\u00e4inen j\u00e4rjestelm\u00e4<\/p>\n<\/li>\n<li data-start=\"2134\" data-end=\"2187\">\n<p data-start=\"2136\" data-end=\"2187\">Valmis maailmanlaajuiseen vientiin joustavalla virransy\u00f6t\u00f6ll\u00e4<\/p>\n<\/li>\n<\/ul>\n<p><iframe title=\"#rakentaminen #rakentamisty\u00f6ntekij\u00e4 #rebarmachine #rebarbender #rebarbending #rebarbending\" width=\"720\" height=\"405\" src=\"https:\/\/www.youtube.com\/embed\/S_YQidcqUDg?feature=oembed\" frameborder=\"0\" allow=\"accelerometer; autoplay; clipboard-write; encrypted-media; gyroscope; picture-in-picture; web-share\" referrerpolicy=\"strict-origin-when-cross-origin\" allowfullscreen><\/iframe><\/p>","protected":false},"excerpt":{"rendered":"<p>GF25 Rebar Stirrup Bending Machine taivuttaa 6-22mm ter\u00e4stankoja erilaisiin stirrup-muotoihin tehokkaasti. Ihanteellinen rakenteelliseen raudoitukseen, rakennettu kest\u00e4v\u00e4ll\u00e4 ter\u00e4ksell\u00e4 ja globaalilla j\u00e4nnitetuella.<\/p>","protected":false},"featured_media":8963,"template":"","meta":{"_kad_post_transparent":"default","_kad_post_title":"","_kad_post_layout":"default","_kad_post_sidebar_id":"","_kad_post_content_style":"default","_kad_post_vertical_padding":"default","_kad_post_feature":"","_kad_post_feature_position":"","_kad_post_header":false,"_kad_post_footer":false},"product_brand":[],"product_cat":[46],"product_tag":[1005,1006,1010,1008,1009,1013,1012,1014,1007,1011],"class_list":{"0":"post-8962","1":"product","2":"type-product","3":"status-publish","4":"has-post-thumbnail","6":"product_cat-rebar-stirrup-bending-machine","7":"product_tag-automatic-stirrup-bending-machine","8":"product_tag-cnc-rebar-stirrup-bender","9":"product_tag-hydraulic-stirrup-bender","10":"product_tag-rebar-stirrup-bender-machine","11":"product_tag-steel-stirrup-bending-machine","12":"product_tag-stirrup-bender-for-construction","13":"product_tag-stirrup-bending-equipment","14":"product_tag-stirrup-bending-machine-price","15":"product_tag-stirrup-making-machine","16":"product_tag-wire-stirrup-bending-machine","18":"first","19":"instock","20":"shipping-taxable","21":"product-type-simple","22":"entry","23":"content-bg","24":"loop-entry"},"yoast_head":"<!-- This site is optimized with the Yoast SEO plugin v25.3.1 - https:\/\/yoast.com\/wordpress\/plugins\/seo\/ -->\n<title>Rebar Stirrup Bending Machine GF25 - HSY Construction Machinery<\/title>\n<meta name=\"description\" content=\"Rebar Stirrup Bending Machine GF25 processes 6\u201322mm rebar into stirrups with speed and precision. Built for reinforcement work and suitable for export.\" \/>\n<meta name=\"robots\" content=\"index, follow, max-snippet:-1, max-image-preview:large, max-video-preview:-1\" \/>\n<link rel=\"canonical\" href=\"https:\/\/www.hsymachinery.com\/fi\/tuote\/raudoitustangon-taivutuskone-gf25\/\" \/>\n<meta property=\"og:locale\" content=\"fi_FI\" \/>\n<meta property=\"og:type\" content=\"article\" \/>\n<meta property=\"og:title\" content=\"Rebar Stirrup Bending Machine GF25 - HSY Construction Machinery\" \/>\n<meta property=\"og:description\" content=\"Rebar Stirrup Bending Machine GF25 processes 6\u201322mm rebar into stirrups with speed and precision. Built for reinforcement work and suitable for export.\" \/>\n<meta property=\"og:url\" content=\"https:\/\/www.hsymachinery.com\/fi\/tuote\/raudoitustangon-taivutuskone-gf25\/\" \/>\n<meta property=\"og:site_name\" content=\"HSY Construction Machinery\" \/>\n<meta property=\"article:modified_time\" content=\"2025-06-27T09:47:16+00:00\" \/>\n<meta property=\"og:image\" content=\"https:\/\/www.hsymachinery.com\/wp-content\/uploads\/2025\/06\/Rebar-Stirrup-Bending-Machine-GF25.jpg\" \/>\n\t<meta property=\"og:image:width\" content=\"600\" \/>\n\t<meta property=\"og:image:height\" content=\"600\" \/>\n\t<meta property=\"og:image:type\" content=\"image\/jpeg\" \/>\n<meta name=\"twitter:card\" content=\"summary_large_image\" \/>\n<meta name=\"twitter:label1\" content=\"Arvioitu lukuaika\" \/>\n\t<meta name=\"twitter:data1\" content=\"2 minuuttia\" \/>\n<script type=\"application\/ld+json\" class=\"yoast-schema-graph\">{\"@context\":\"https:\/\/schema.org\",\"@graph\":[{\"@type\":\"WebPage\",\"@id\":\"https:\/\/www.hsymachinery.com\/product\/rebar-stirrup-bending-machine-gf25\/\",\"url\":\"https:\/\/www.hsymachinery.com\/product\/rebar-stirrup-bending-machine-gf25\/\",\"name\":\"Rebar Stirrup Bending Machine GF25 - HSY Construction Machinery\",\"isPartOf\":{\"@id\":\"https:\/\/www.hsymachinery.com\/#website\"},\"primaryImageOfPage\":{\"@id\":\"https:\/\/www.hsymachinery.com\/product\/rebar-stirrup-bending-machine-gf25\/#primaryimage\"},\"image\":{\"@id\":\"https:\/\/www.hsymachinery.com\/product\/rebar-stirrup-bending-machine-gf25\/#primaryimage\"},\"thumbnailUrl\":\"https:\/\/www.hsymachinery.com\/wp-content\/uploads\/2025\/06\/Rebar-Stirrup-Bending-Machine-GF25.jpg\",\"datePublished\":\"2025-06-18T04:08:09+00:00\",\"dateModified\":\"2025-06-27T09:47:16+00:00\",\"description\":\"Rebar Stirrup Bending Machine GF25 processes 6\u201322mm rebar into stirrups with speed and precision. Built for reinforcement work and suitable for export.\",\"breadcrumb\":{\"@id\":\"https:\/\/www.hsymachinery.com\/product\/rebar-stirrup-bending-machine-gf25\/#breadcrumb\"},\"inLanguage\":\"fi\",\"potentialAction\":[{\"@type\":\"ReadAction\",\"target\":[\"https:\/\/www.hsymachinery.com\/product\/rebar-stirrup-bending-machine-gf25\/\"]}]},{\"@type\":\"ImageObject\",\"inLanguage\":\"fi\",\"@id\":\"https:\/\/www.hsymachinery.com\/product\/rebar-stirrup-bending-machine-gf25\/#primaryimage\",\"url\":\"https:\/\/www.hsymachinery.com\/wp-content\/uploads\/2025\/06\/Rebar-Stirrup-Bending-Machine-GF25.jpg\",\"contentUrl\":\"https:\/\/www.hsymachinery.com\/wp-content\/uploads\/2025\/06\/Rebar-Stirrup-Bending-Machine-GF25.jpg\",\"width\":600,\"height\":600},{\"@type\":\"BreadcrumbList\",\"@id\":\"https:\/\/www.hsymachinery.com\/product\/rebar-stirrup-bending-machine-gf25\/#breadcrumb\",\"itemListElement\":[{\"@type\":\"ListItem\",\"position\":1,\"name\":\"home\",\"item\":\"https:\/\/www.hsymachinery.com\/\"},{\"@type\":\"ListItem\",\"position\":2,\"name\":\"products\",\"item\":\"https:\/\/www.hsymachinery.com\/products\/\"},{\"@type\":\"ListItem\",\"position\":3,\"name\":\"Rebar Stirrup Bending Machine GF25\"}]},{\"@type\":\"WebSite\",\"@id\":\"https:\/\/www.hsymachinery.com\/#website\",\"url\":\"https:\/\/www.hsymachinery.com\/\",\"name\":\"HSY Construction Machinery\",\"description\":\"HSY Machinery \u2013 A leading China construction machinery supplier, offering a wide range of light construction equipment. Our main products include Rebar Cutting Machine, Rebar Bending Machine, Rebar Stirrup Bending Machine, Rebar Arc Bending Machine, Rebar Straightening Machine, Five-Head Rebar Stirrup Bending Machine, Tamping Rammer, Plate Compactor, Concrete Cutter, Power Trowel, and other construction machinery. We are equipped with advanced CNC machines, and we enforce strict quality inspection standards along with comprehensive after-sales service. If you are interested in our products or services, we warmly welcome your inquiries via message.\",\"publisher\":{\"@id\":\"https:\/\/www.hsymachinery.com\/#organization\"},\"potentialAction\":[{\"@type\":\"SearchAction\",\"target\":{\"@type\":\"EntryPoint\",\"urlTemplate\":\"https:\/\/www.hsymachinery.com\/?s={search_term_string}\"},\"query-input\":{\"@type\":\"PropertyValueSpecification\",\"valueRequired\":true,\"valueName\":\"search_term_string\"}}],\"inLanguage\":\"fi\"},{\"@type\":\"Organization\",\"@id\":\"https:\/\/www.hsymachinery.com\/#organization\",\"name\":\"HSY Construction Machinery\",\"url\":\"https:\/\/www.hsymachinery.com\/\",\"logo\":{\"@type\":\"ImageObject\",\"inLanguage\":\"fi\",\"@id\":\"https:\/\/www.hsymachinery.com\/#\/schema\/logo\/image\/\",\"url\":\"https:\/\/www.hsymachinery.com\/wp-content\/uploads\/2025\/06\/cropped-HSY-machinery.png\",\"contentUrl\":\"https:\/\/www.hsymachinery.com\/wp-content\/uploads\/2025\/06\/cropped-HSY-machinery.png\",\"width\":600,\"height\":240,\"caption\":\"HSY Construction Machinery\"},\"image\":{\"@id\":\"https:\/\/www.hsymachinery.com\/#\/schema\/logo\/image\/\"}}]}<\/script>\n<!-- \/ Yoast SEO plugin. -->","yoast_head_json":{"title":"Betoniter\u00e4sten taivutuskone GF25 - HSY Construction Machinery - HSY Construction Machinery","description":"Betoniter\u00e4sraudan taivutuskone GF25 k\u00e4sittelee 6-22 mm:n betoniter\u00e4sraudat nopeasti ja tarkasti. Rakennettu raudoitusty\u00f6h\u00f6n ja soveltuu vientiin.","robots":{"index":"index","follow":"follow","max-snippet":"max-snippet:-1","max-image-preview":"max-image-preview:large","max-video-preview":"max-video-preview:-1"},"canonical":"https:\/\/www.hsymachinery.com\/fi\/tuote\/raudoitustangon-taivutuskone-gf25\/","og_locale":"fi_FI","og_type":"article","og_title":"Rebar Stirrup Bending Machine GF25 - HSY Construction Machinery","og_description":"Rebar Stirrup Bending Machine GF25 processes 6\u201322mm rebar into stirrups with speed and precision. Built for reinforcement work and suitable for export.","og_url":"https:\/\/www.hsymachinery.com\/fi\/tuote\/raudoitustangon-taivutuskone-gf25\/","og_site_name":"HSY Construction Machinery","article_modified_time":"2025-06-27T09:47:16+00:00","og_image":[{"width":600,"height":600,"url":"https:\/\/www.hsymachinery.com\/wp-content\/uploads\/2025\/06\/Rebar-Stirrup-Bending-Machine-GF25.jpg","type":"image\/jpeg"}],"twitter_card":"summary_large_image","twitter_misc":{"Arvioitu lukuaika":"2 minuuttia"},"schema":{"@context":"https:\/\/schema.org","@graph":[{"@type":"WebPage","@id":"https:\/\/www.hsymachinery.com\/product\/rebar-stirrup-bending-machine-gf25\/","url":"https:\/\/www.hsymachinery.com\/product\/rebar-stirrup-bending-machine-gf25\/","name":"Betoniter\u00e4sten taivutuskone GF25 - HSY Construction Machinery - HSY Construction Machinery","isPartOf":{"@id":"https:\/\/www.hsymachinery.com\/#website"},"primaryImageOfPage":{"@id":"https:\/\/www.hsymachinery.com\/product\/rebar-stirrup-bending-machine-gf25\/#primaryimage"},"image":{"@id":"https:\/\/www.hsymachinery.com\/product\/rebar-stirrup-bending-machine-gf25\/#primaryimage"},"thumbnailUrl":"https:\/\/www.hsymachinery.com\/wp-content\/uploads\/2025\/06\/Rebar-Stirrup-Bending-Machine-GF25.jpg","datePublished":"2025-06-18T04:08:09+00:00","dateModified":"2025-06-27T09:47:16+00:00","description":"Betoniter\u00e4sraudan taivutuskone GF25 k\u00e4sittelee 6-22 mm:n betoniter\u00e4sraudat nopeasti ja tarkasti. Rakennettu raudoitusty\u00f6h\u00f6n ja soveltuu vientiin.","breadcrumb":{"@id":"https:\/\/www.hsymachinery.com\/product\/rebar-stirrup-bending-machine-gf25\/#breadcrumb"},"inLanguage":"fi","potentialAction":[{"@type":"ReadAction","target":["https:\/\/www.hsymachinery.com\/product\/rebar-stirrup-bending-machine-gf25\/"]}]},{"@type":"ImageObject","inLanguage":"fi","@id":"https:\/\/www.hsymachinery.com\/product\/rebar-stirrup-bending-machine-gf25\/#primaryimage","url":"https:\/\/www.hsymachinery.com\/wp-content\/uploads\/2025\/06\/Rebar-Stirrup-Bending-Machine-GF25.jpg","contentUrl":"https:\/\/www.hsymachinery.com\/wp-content\/uploads\/2025\/06\/Rebar-Stirrup-Bending-Machine-GF25.jpg","width":600,"height":600},{"@type":"BreadcrumbList","@id":"https:\/\/www.hsymachinery.com\/product\/rebar-stirrup-bending-machine-gf25\/#breadcrumb","itemListElement":[{"@type":"ListItem","position":1,"name":"home","item":"https:\/\/www.hsymachinery.com\/"},{"@type":"ListItem","position":2,"name":"products","item":"https:\/\/www.hsymachinery.com\/products\/"},{"@type":"ListItem","position":3,"name":"Rebar Stirrup Bending Machine GF25"}]},{"@type":"WebSite","@id":"https:\/\/www.hsymachinery.com\/#website","url":"https:\/\/www.hsymachinery.com\/","name":"HSY Construction Machinery","description":"HSY Machinery - Kiinan johtava rakennuskoneiden toimittaja, joka tarjoaa laajan valikoiman kevyit\u00e4 rakennuskoneita. P\u00e4\u00e4tuotteitamme ovat Rebar Cutting Machine, Rebar Bending Machine, Rebar Stirrup Bending Machine, Rebar Arc Bending Machine, Rebar Straighting Machine, Five-Head Rebar Stirrup Bending Machine, Tamping Rammer, Plate Compactor, Concrete Cutter, Power Trowel ja muut rakennuskoneet. Olemme varustettu kehittyneill\u00e4 CNC-koneilla, ja noudatamme tiukkoja laadunvalvontastandardeja sek\u00e4 kattavaa huoltopalvelua. Jos olet kiinnostunut tuotteistamme tai palveluistamme, toivotamme l\u00e4mpim\u00e4sti tervetulleeksi tiedustelusi viestill\u00e4.","publisher":{"@id":"https:\/\/www.hsymachinery.com\/#organization"},"potentialAction":[{"@type":"SearchAction","target":{"@type":"EntryPoint","urlTemplate":"https:\/\/www.hsymachinery.com\/?s={search_term_string}"},"query-input":{"@type":"PropertyValueSpecification","valueRequired":true,"valueName":"search_term_string"}}],"inLanguage":"fi"},{"@type":"Organization","@id":"https:\/\/www.hsymachinery.com\/#organization","name":"HSY Construction Machinery","url":"https:\/\/www.hsymachinery.com\/","logo":{"@type":"ImageObject","inLanguage":"fi","@id":"https:\/\/www.hsymachinery.com\/#\/schema\/logo\/image\/","url":"https:\/\/www.hsymachinery.com\/wp-content\/uploads\/2025\/06\/cropped-HSY-machinery.png","contentUrl":"https:\/\/www.hsymachinery.com\/wp-content\/uploads\/2025\/06\/cropped-HSY-machinery.png","width":600,"height":240,"caption":"HSY Construction Machinery"},"image":{"@id":"https:\/\/www.hsymachinery.com\/#\/schema\/logo\/image\/"}}]}},"_links":{"self":[{"href":"https:\/\/www.hsymachinery.com\/fi\/wp-json\/wp\/v2\/product\/8962","targetHints":{"allow":["GET"]}}],"collection":[{"href":"https:\/\/www.hsymachinery.com\/fi\/wp-json\/wp\/v2\/product"}],"about":[{"href":"https:\/\/www.hsymachinery.com\/fi\/wp-json\/wp\/v2\/types\/product"}],"version-history":[{"count":4,"href":"https:\/\/www.hsymachinery.com\/fi\/wp-json\/wp\/v2\/product\/8962\/revisions"}],"predecessor-version":[{"id":9379,"href":"https:\/\/www.hsymachinery.com\/fi\/wp-json\/wp\/v2\/product\/8962\/revisions\/9379"}],"wp:featuredmedia":[{"embeddable":true,"href":"https:\/\/www.hsymachinery.com\/fi\/wp-json\/wp\/v2\/media\/8963"}],"wp:attachment":[{"href":"https:\/\/www.hsymachinery.com\/fi\/wp-json\/wp\/v2\/media?parent=8962"}],"wp:term":[{"taxonomy":"product_brand","embeddable":true,"href":"https:\/\/www.hsymachinery.com\/fi\/wp-json\/wp\/v2\/product_brand?post=8962"},{"taxonomy":"product_cat","embeddable":true,"href":"https:\/\/www.hsymachinery.com\/fi\/wp-json\/wp\/v2\/product_cat?post=8962"},{"taxonomy":"product_tag","embeddable":true,"href":"https:\/\/www.hsymachinery.com\/fi\/wp-json\/wp\/v2\/product_tag?post=8962"}],"curies":[{"name":"wp","href":"https:\/\/api.w.org\/{rel}","templated":true}]}}