{"id":8949,"date":"2025-06-18T12:02:08","date_gmt":"2025-06-18T04:02:08","guid":{"rendered":"https:\/\/www.hsymachinery.com\/?post_type=product&#038;p=8949"},"modified":"2025-06-25T23:27:08","modified_gmt":"2025-06-25T15:27:08","slug":"raudoitustangon-taivutuskone-gw55","status":"publish","type":"product","link":"https:\/\/www.hsymachinery.com\/fi\/tuote\/raudoitustangon-taivutuskone-gw55\/","title":{"rendered":"Betoniter\u00e4ksen taivutuskone GW55"},"content":{"rendered":"<h3 data-start=\"147\" data-end=\"247\">Kehittynyt Rebar taivutuslaitteet 6-42mm ter\u00e4s | Industrial Bar taivutin raskas rakentaminen<\/h3>\n<h3 data-start=\"254\" data-end=\"340\">Tuotekatsaus - Suuren kapasiteetin raudan taivutuskone suuriin projekteihin<\/h3>\n<p data-start=\"342\" data-end=\"627\">The <strong data-start=\"346\" data-end=\"376\">Betoniter\u00e4ksen taivutuskone GW55<\/strong> on suunniteltu taipumaan <strong data-start=\"397\" data-end=\"412\">6mm - 42mm<\/strong> raudoitustangot, joilla on lujuus, tarkkuus ja toistettava suorituskyky. T\u00e4m\u00e4 malli sopii erinomaisesti urakoitsijoille, jotka ty\u00f6skentelev\u00e4t siltojen perustusten, teollisuusrakenteiden, tunneleiden tukij\u00e4rjestelmien ja kerrostalorakentamisen parissa.<\/p>\n<p data-start=\"629\" data-end=\"817\">GW55-raudoituksen taivutin pystyy k\u00e4sittelem\u00e4\u00e4n paksumpia ter\u00e4stankoja ilman suorituskyvyn heikkenemist\u00e4 jopa pitkien k\u00e4ytt\u00f6aikojen aikana raskaiden komponenttiensa ja optimoidun mekaanisen j\u00e4rjestelm\u00e4n ansiosta.<\/p>\n<h3 data-start=\"824\" data-end=\"883\">Tasainen taivutusvoima joustavalla kulman s\u00e4\u00e4d\u00f6ll\u00e4<\/h3>\n<p data-start=\"885\" data-end=\"1191\">T\u00e4m\u00e4 <strong data-start=\"890\" data-end=\"915\">raudoitustangon taivutuskone<\/strong> on paksu taivutuslevy, vankat tapit ja kaksi s\u00e4\u00e4dett\u00e4v\u00e4\u00e4 kulmatulppaa. Yhdess\u00e4 ne antavat k\u00e4ytt\u00e4jille mahdollisuuden asettaa ja yll\u00e4pit\u00e4\u00e4 tarkat taivutuskulmat jopa 180\u00b0:een asti. Koneessa k\u00e4ytet\u00e4\u00e4n kupariytimist\u00e4 teollisuusmoottoria, joka tarjoaa jatkuvan v\u00e4\u00e4nt\u00f6momentin p\u00e4ivitt\u00e4iseen ter\u00e4stangon muotoiluun.<\/p>\n<p data-start=\"1193\" data-end=\"1363\">Lis\u00e4ksi tiivistetty vaihdelaatikko tarjoaa tasaisemmat vaihteiden siirtym\u00e4t, alhaisen melun ja pitk\u00e4n k\u00e4ytt\u00f6i\u00e4n. T\u00e4m\u00e4n ansiosta GW55 soveltuu tauottomaan tehdas- tai ty\u00f6maak\u00e4ytt\u00f6\u00f6n.<\/p>\n<h3 data-start=\"1370\" data-end=\"1417\">Kest\u00e4v\u00e4 rakenne vaativiin ymp\u00e4rist\u00f6ihin<\/h3>\n<p data-start=\"1419\" data-end=\"1747\">Vahvistetusta valuter\u00e4ksest\u00e4 valmistettu GW55-runko vaimentaa t\u00e4rin\u00e4\u00e4 ja kest\u00e4\u00e4 kulutusta my\u00f6s raskaassa kuormituksessa. Koneessa on eritt\u00e4in kest\u00e4v\u00e4t py\u00f6r\u00e4t, joiden avulla se liikkuu joustavasti ty\u00f6mailla. K\u00e4ytt\u00e4j\u00e4t voivat ohjata taivutusprosessia jalkakytkimell\u00e4 tai k\u00e4siohjauksella, mik\u00e4 parantaa turvallisuutta ja tarkkuutta.<\/p>\n<p data-start=\"1749\" data-end=\"1863\">Se tukee my\u00f6s maailmanlaajuisia j\u00e4nnitevaihtoehtoja (220V\/380V, 50Hz\/60Hz), mik\u00e4 takaa mukautuvuuden maailmanlaajuisille asiakkaille.<\/p>\n<h3 data-start=\"1870\" data-end=\"1918\">Miksi valita GW55 Rebar Bending Machine?<\/h3>\n<ul data-start=\"1920\" data-end=\"2167\">\n<li data-start=\"1920\" data-end=\"1984\">\n<p data-start=\"1922\" data-end=\"1984\">K\u00e4sittelee 6-42 mm:n ter\u00e4stangon taivutuksen tasaisella suorituskyvyll\u00e4<\/p>\n<\/li>\n<li data-start=\"1985\" data-end=\"2046\">\n<p data-start=\"1987\" data-end=\"2046\">Rakennettu raskaalla rakenteella ja tarkalla kulmas\u00e4\u00e4d\u00f6ll\u00e4.<\/p>\n<\/li>\n<li data-start=\"2047\" data-end=\"2110\">\n<p data-start=\"2049\" data-end=\"2110\">Ihanteellinen tehdask\u00e4ytt\u00f6\u00f6n, ty\u00f6maak\u00e4ytt\u00f6\u00f6n ja teolliseen tuotantoon.<\/p>\n<\/li>\n<li data-start=\"2111\" data-end=\"2167\">\n<p data-start=\"2113\" data-end=\"2167\">Tukee useita j\u00e4nnitteit\u00e4 kansainv\u00e4lisi\u00e4 markkinoita varten<\/p>\n<\/li>\n<\/ul>\n<p><iframe title=\"#rakentaminen #rakentamisty\u00f6ntekij\u00e4 #rebarbender #rebarbending #rebarbending\" width=\"720\" height=\"405\" src=\"https:\/\/www.youtube.com\/embed\/PJ1hngSXwUg?feature=oembed\" frameborder=\"0\" allow=\"accelerometer; autoplay; clipboard-write; encrypted-media; gyroscope; picture-in-picture; web-share\" referrerpolicy=\"strict-origin-when-cross-origin\" allowfullscreen><\/iframe><\/p>","protected":false},"excerpt":{"rendered":"<p>GW55-raudoituksen taivutuskone k\u00e4sittelee 6-42 mm:n raudoitustankoja vahvalla v\u00e4\u00e4nt\u00f6momentilla ja tarkalla kulmanohjauksella. T\u00e4ydellinen teollisuusprojekteihin ja yhteensopiva maailmanlaajuisten j\u00e4nnitestandardien kanssa.<\/p>","protected":false},"featured_media":8950,"template":"","meta":{"_kad_post_transparent":"default","_kad_post_title":"","_kad_post_layout":"default","_kad_post_sidebar_id":"","_kad_post_content_style":"default","_kad_post_vertical_padding":"default","_kad_post_feature":"","_kad_post_feature_position":"","_kad_post_header":false,"_kad_post_footer":false},"product_brand":[],"product_cat":[28],"product_tag":[998,1004,996,1003,997,1000,1001,999,995,1002],"class_list":{"0":"post-8949","1":"product","2":"type-product","3":"status-publish","4":"has-post-thumbnail","6":"product_cat-rebar-bending-machine","7":"product_tag-automatic-rebar-bending-machine","8":"product_tag-bar-bending-machine-price","9":"product_tag-cnc-rebar-bending-machine","10":"product_tag-construction-rebar-bender","11":"product_tag-electric-rebar-bender","12":"product_tag-electric-rebar-bending-machine","13":"product_tag-hydraulic-rebar-bending-machine","14":"product_tag-portable-rebar-bender","15":"product_tag-rebar-bender","16":"product_tag-steel-bar-bender","18":"first","19":"instock","20":"shipping-taxable","21":"product-type-simple","22":"entry","23":"content-bg","24":"loop-entry"},"yoast_head":"<!-- This site is optimized with the Yoast SEO plugin v25.3.1 - https:\/\/yoast.com\/wordpress\/plugins\/seo\/ -->\n<title>Rebar Bending Machine GW55 - HSY Construction Machinery<\/title>\n<meta name=\"description\" content=\"Rebar Bending Machine GW55 bends 6\u201342mm steel bars accurately and efficiently. Designed for industrial construction and international export compatibility.\" \/>\n<meta name=\"robots\" content=\"index, follow, max-snippet:-1, max-image-preview:large, max-video-preview:-1\" \/>\n<link rel=\"canonical\" href=\"https:\/\/www.hsymachinery.com\/fi\/tuote\/raudoitustangon-taivutuskone-gw55\/\" \/>\n<meta property=\"og:locale\" content=\"fi_FI\" \/>\n<meta property=\"og:type\" content=\"article\" \/>\n<meta property=\"og:title\" content=\"Rebar Bending Machine GW55 - HSY Construction Machinery\" \/>\n<meta property=\"og:description\" content=\"Rebar Bending Machine GW55 bends 6\u201342mm steel bars accurately and efficiently. Designed for industrial construction and international export compatibility.\" \/>\n<meta property=\"og:url\" content=\"https:\/\/www.hsymachinery.com\/fi\/tuote\/raudoitustangon-taivutuskone-gw55\/\" \/>\n<meta property=\"og:site_name\" content=\"HSY Construction Machinery\" \/>\n<meta property=\"article:modified_time\" content=\"2025-06-25T15:27:08+00:00\" \/>\n<meta property=\"og:image\" content=\"https:\/\/www.hsymachinery.com\/wp-content\/uploads\/2025\/06\/Rebar-Bending-Machine-GW55.jpg\" \/>\n\t<meta property=\"og:image:width\" content=\"600\" \/>\n\t<meta property=\"og:image:height\" content=\"600\" \/>\n\t<meta property=\"og:image:type\" content=\"image\/jpeg\" \/>\n<meta name=\"twitter:card\" content=\"summary_large_image\" \/>\n<meta name=\"twitter:label1\" content=\"Arvioitu lukuaika\" \/>\n\t<meta name=\"twitter:data1\" content=\"2 minuuttia\" \/>\n<script type=\"application\/ld+json\" class=\"yoast-schema-graph\">{\"@context\":\"https:\/\/schema.org\",\"@graph\":[{\"@type\":\"WebPage\",\"@id\":\"https:\/\/www.hsymachinery.com\/product\/rebar-bending-machine-gw55\/\",\"url\":\"https:\/\/www.hsymachinery.com\/product\/rebar-bending-machine-gw55\/\",\"name\":\"Rebar Bending Machine GW55 - HSY Construction Machinery\",\"isPartOf\":{\"@id\":\"https:\/\/www.hsymachinery.com\/#website\"},\"primaryImageOfPage\":{\"@id\":\"https:\/\/www.hsymachinery.com\/product\/rebar-bending-machine-gw55\/#primaryimage\"},\"image\":{\"@id\":\"https:\/\/www.hsymachinery.com\/product\/rebar-bending-machine-gw55\/#primaryimage\"},\"thumbnailUrl\":\"https:\/\/www.hsymachinery.com\/wp-content\/uploads\/2025\/06\/Rebar-Bending-Machine-GW55.jpg\",\"datePublished\":\"2025-06-18T04:02:08+00:00\",\"dateModified\":\"2025-06-25T15:27:08+00:00\",\"description\":\"Rebar Bending Machine GW55 bends 6\u201342mm steel bars accurately and efficiently. Designed for industrial construction and international export compatibility.\",\"breadcrumb\":{\"@id\":\"https:\/\/www.hsymachinery.com\/product\/rebar-bending-machine-gw55\/#breadcrumb\"},\"inLanguage\":\"fi\",\"potentialAction\":[{\"@type\":\"ReadAction\",\"target\":[\"https:\/\/www.hsymachinery.com\/product\/rebar-bending-machine-gw55\/\"]}]},{\"@type\":\"ImageObject\",\"inLanguage\":\"fi\",\"@id\":\"https:\/\/www.hsymachinery.com\/product\/rebar-bending-machine-gw55\/#primaryimage\",\"url\":\"https:\/\/www.hsymachinery.com\/wp-content\/uploads\/2025\/06\/Rebar-Bending-Machine-GW55.jpg\",\"contentUrl\":\"https:\/\/www.hsymachinery.com\/wp-content\/uploads\/2025\/06\/Rebar-Bending-Machine-GW55.jpg\",\"width\":600,\"height\":600},{\"@type\":\"BreadcrumbList\",\"@id\":\"https:\/\/www.hsymachinery.com\/product\/rebar-bending-machine-gw55\/#breadcrumb\",\"itemListElement\":[{\"@type\":\"ListItem\",\"position\":1,\"name\":\"home\",\"item\":\"https:\/\/www.hsymachinery.com\/\"},{\"@type\":\"ListItem\",\"position\":2,\"name\":\"products\",\"item\":\"https:\/\/www.hsymachinery.com\/products\/\"},{\"@type\":\"ListItem\",\"position\":3,\"name\":\"Rebar Bending Machine GW55\"}]},{\"@type\":\"WebSite\",\"@id\":\"https:\/\/www.hsymachinery.com\/#website\",\"url\":\"https:\/\/www.hsymachinery.com\/\",\"name\":\"HSY Construction Machinery\",\"description\":\"HSY Machinery \u2013 A leading China construction machinery supplier, offering a wide range of light construction equipment. Our main products include Rebar Cutting Machine, Rebar Bending Machine, Rebar Stirrup Bending Machine, Rebar Arc Bending Machine, Rebar Straightening Machine, Five-Head Rebar Stirrup Bending Machine, Tamping Rammer, Plate Compactor, Concrete Cutter, Power Trowel, and other construction machinery. We are equipped with advanced CNC machines, and we enforce strict quality inspection standards along with comprehensive after-sales service. If you are interested in our products or services, we warmly welcome your inquiries via message.\",\"publisher\":{\"@id\":\"https:\/\/www.hsymachinery.com\/#organization\"},\"potentialAction\":[{\"@type\":\"SearchAction\",\"target\":{\"@type\":\"EntryPoint\",\"urlTemplate\":\"https:\/\/www.hsymachinery.com\/?s={search_term_string}\"},\"query-input\":{\"@type\":\"PropertyValueSpecification\",\"valueRequired\":true,\"valueName\":\"search_term_string\"}}],\"inLanguage\":\"fi\"},{\"@type\":\"Organization\",\"@id\":\"https:\/\/www.hsymachinery.com\/#organization\",\"name\":\"HSY Construction Machinery\",\"url\":\"https:\/\/www.hsymachinery.com\/\",\"logo\":{\"@type\":\"ImageObject\",\"inLanguage\":\"fi\",\"@id\":\"https:\/\/www.hsymachinery.com\/#\/schema\/logo\/image\/\",\"url\":\"https:\/\/www.hsymachinery.com\/wp-content\/uploads\/2025\/06\/cropped-HSY-machinery.png\",\"contentUrl\":\"https:\/\/www.hsymachinery.com\/wp-content\/uploads\/2025\/06\/cropped-HSY-machinery.png\",\"width\":600,\"height\":240,\"caption\":\"HSY Construction Machinery\"},\"image\":{\"@id\":\"https:\/\/www.hsymachinery.com\/#\/schema\/logo\/image\/\"}}]}<\/script>\n<!-- \/ Yoast SEO plugin. -->","yoast_head_json":{"title":"Betoniter\u00e4ksen taivutuskone GW55 - HSY Construction Machinery","description":"Betoniter\u00e4ksen taivutuskone GW55 taivuttaa 6-42 mm:n ter\u00e4stankoja tarkasti ja tehokkaasti. Suunniteltu teolliseen rakentamiseen ja kansainv\u00e4liseen vientiin.","robots":{"index":"index","follow":"follow","max-snippet":"max-snippet:-1","max-image-preview":"max-image-preview:large","max-video-preview":"max-video-preview:-1"},"canonical":"https:\/\/www.hsymachinery.com\/fi\/tuote\/raudoitustangon-taivutuskone-gw55\/","og_locale":"fi_FI","og_type":"article","og_title":"Rebar Bending Machine GW55 - HSY Construction Machinery","og_description":"Rebar Bending Machine GW55 bends 6\u201342mm steel bars accurately and efficiently. Designed for industrial construction and international export compatibility.","og_url":"https:\/\/www.hsymachinery.com\/fi\/tuote\/raudoitustangon-taivutuskone-gw55\/","og_site_name":"HSY Construction Machinery","article_modified_time":"2025-06-25T15:27:08+00:00","og_image":[{"width":600,"height":600,"url":"https:\/\/www.hsymachinery.com\/wp-content\/uploads\/2025\/06\/Rebar-Bending-Machine-GW55.jpg","type":"image\/jpeg"}],"twitter_card":"summary_large_image","twitter_misc":{"Arvioitu lukuaika":"2 minuuttia"},"schema":{"@context":"https:\/\/schema.org","@graph":[{"@type":"WebPage","@id":"https:\/\/www.hsymachinery.com\/product\/rebar-bending-machine-gw55\/","url":"https:\/\/www.hsymachinery.com\/product\/rebar-bending-machine-gw55\/","name":"Betoniter\u00e4ksen taivutuskone GW55 - HSY Construction Machinery","isPartOf":{"@id":"https:\/\/www.hsymachinery.com\/#website"},"primaryImageOfPage":{"@id":"https:\/\/www.hsymachinery.com\/product\/rebar-bending-machine-gw55\/#primaryimage"},"image":{"@id":"https:\/\/www.hsymachinery.com\/product\/rebar-bending-machine-gw55\/#primaryimage"},"thumbnailUrl":"https:\/\/www.hsymachinery.com\/wp-content\/uploads\/2025\/06\/Rebar-Bending-Machine-GW55.jpg","datePublished":"2025-06-18T04:02:08+00:00","dateModified":"2025-06-25T15:27:08+00:00","description":"Betoniter\u00e4ksen taivutuskone GW55 taivuttaa 6-42 mm:n ter\u00e4stankoja tarkasti ja tehokkaasti. Suunniteltu teolliseen rakentamiseen ja kansainv\u00e4liseen vientiin.","breadcrumb":{"@id":"https:\/\/www.hsymachinery.com\/product\/rebar-bending-machine-gw55\/#breadcrumb"},"inLanguage":"fi","potentialAction":[{"@type":"ReadAction","target":["https:\/\/www.hsymachinery.com\/product\/rebar-bending-machine-gw55\/"]}]},{"@type":"ImageObject","inLanguage":"fi","@id":"https:\/\/www.hsymachinery.com\/product\/rebar-bending-machine-gw55\/#primaryimage","url":"https:\/\/www.hsymachinery.com\/wp-content\/uploads\/2025\/06\/Rebar-Bending-Machine-GW55.jpg","contentUrl":"https:\/\/www.hsymachinery.com\/wp-content\/uploads\/2025\/06\/Rebar-Bending-Machine-GW55.jpg","width":600,"height":600},{"@type":"BreadcrumbList","@id":"https:\/\/www.hsymachinery.com\/product\/rebar-bending-machine-gw55\/#breadcrumb","itemListElement":[{"@type":"ListItem","position":1,"name":"home","item":"https:\/\/www.hsymachinery.com\/"},{"@type":"ListItem","position":2,"name":"products","item":"https:\/\/www.hsymachinery.com\/products\/"},{"@type":"ListItem","position":3,"name":"Rebar Bending Machine GW55"}]},{"@type":"WebSite","@id":"https:\/\/www.hsymachinery.com\/#website","url":"https:\/\/www.hsymachinery.com\/","name":"HSY Construction Machinery","description":"HSY Machinery - Kiinan johtava rakennuskoneiden toimittaja, joka tarjoaa laajan valikoiman kevyit\u00e4 rakennuskoneita. P\u00e4\u00e4tuotteitamme ovat Rebar Cutting Machine, Rebar Bending Machine, Rebar Stirrup Bending Machine, Rebar Arc Bending Machine, Rebar Straighting Machine, Five-Head Rebar Stirrup Bending Machine, Tamping Rammer, Plate Compactor, Concrete Cutter, Power Trowel ja muut rakennuskoneet. Olemme varustettu kehittyneill\u00e4 CNC-koneilla, ja noudatamme tiukkoja laadunvalvontastandardeja sek\u00e4 kattavaa huoltopalvelua. Jos olet kiinnostunut tuotteistamme tai palveluistamme, toivotamme l\u00e4mpim\u00e4sti tervetulleeksi tiedustelusi viestill\u00e4.","publisher":{"@id":"https:\/\/www.hsymachinery.com\/#organization"},"potentialAction":[{"@type":"SearchAction","target":{"@type":"EntryPoint","urlTemplate":"https:\/\/www.hsymachinery.com\/?s={search_term_string}"},"query-input":{"@type":"PropertyValueSpecification","valueRequired":true,"valueName":"search_term_string"}}],"inLanguage":"fi"},{"@type":"Organization","@id":"https:\/\/www.hsymachinery.com\/#organization","name":"HSY Construction Machinery","url":"https:\/\/www.hsymachinery.com\/","logo":{"@type":"ImageObject","inLanguage":"fi","@id":"https:\/\/www.hsymachinery.com\/#\/schema\/logo\/image\/","url":"https:\/\/www.hsymachinery.com\/wp-content\/uploads\/2025\/06\/cropped-HSY-machinery.png","contentUrl":"https:\/\/www.hsymachinery.com\/wp-content\/uploads\/2025\/06\/cropped-HSY-machinery.png","width":600,"height":240,"caption":"HSY Construction Machinery"},"image":{"@id":"https:\/\/www.hsymachinery.com\/#\/schema\/logo\/image\/"}}]}},"_links":{"self":[{"href":"https:\/\/www.hsymachinery.com\/fi\/wp-json\/wp\/v2\/product\/8949","targetHints":{"allow":["GET"]}}],"collection":[{"href":"https:\/\/www.hsymachinery.com\/fi\/wp-json\/wp\/v2\/product"}],"about":[{"href":"https:\/\/www.hsymachinery.com\/fi\/wp-json\/wp\/v2\/types\/product"}],"version-history":[{"count":3,"href":"https:\/\/www.hsymachinery.com\/fi\/wp-json\/wp\/v2\/product\/8949\/revisions"}],"predecessor-version":[{"id":9357,"href":"https:\/\/www.hsymachinery.com\/fi\/wp-json\/wp\/v2\/product\/8949\/revisions\/9357"}],"wp:featuredmedia":[{"embeddable":true,"href":"https:\/\/www.hsymachinery.com\/fi\/wp-json\/wp\/v2\/media\/8950"}],"wp:attachment":[{"href":"https:\/\/www.hsymachinery.com\/fi\/wp-json\/wp\/v2\/media?parent=8949"}],"wp:term":[{"taxonomy":"product_brand","embeddable":true,"href":"https:\/\/www.hsymachinery.com\/fi\/wp-json\/wp\/v2\/product_brand?post=8949"},{"taxonomy":"product_cat","embeddable":true,"href":"https:\/\/www.hsymachinery.com\/fi\/wp-json\/wp\/v2\/product_cat?post=8949"},{"taxonomy":"product_tag","embeddable":true,"href":"https:\/\/www.hsymachinery.com\/fi\/wp-json\/wp\/v2\/product_tag?post=8949"}],"curies":[{"name":"wp","href":"https:\/\/api.w.org\/{rel}","templated":true}]}}