{"id":8939,"date":"2025-06-18T11:56:04","date_gmt":"2025-06-18T03:56:04","guid":{"rendered":"https:\/\/www.hsymachinery.com\/?post_type=product&#038;p=8939"},"modified":"2025-06-25T23:05:29","modified_gmt":"2025-06-25T15:05:29","slug":"raudoitustangon-taivutuskone-gw40","status":"publish","type":"product","link":"https:\/\/www.hsymachinery.com\/fi\/tuote\/raudoitustangon-taivutuskone-gw40\/","title":{"rendered":"Betoniter\u00e4ksen taivutuskone GW40"},"content":{"rendered":"<h3 data-start=\"323\" data-end=\"410\">Kompakti raudan taivutuskone 6-32mm tankoille | Rakennusluokan ter\u00e4spalkin taivutin<\/h3>\n<h3 data-start=\"417\" data-end=\"491\">Tuotekatsaus - Kannettavat ter\u00e4ksen taivutuslaitteet paikan p\u00e4\u00e4ll\u00e4 k\u00e4ytett\u00e4v\u00e4ksi<\/h3>\n<p data-start=\"493\" data-end=\"869\">The <strong data-start=\"497\" data-end=\"527\">Betoniter\u00e4ksen taivutuskone GW40<\/strong> on kompakti, kest\u00e4v\u00e4 ja eritt\u00e4in tehokas <strong data-start=\"572\" data-end=\"596\">baarin taivutusratkaisu<\/strong> suunniteltu jalostettavaksi <strong data-start=\"621\" data-end=\"636\">6mm - 32mm<\/strong> ter\u00e4stangot. Ty\u00f6skentelitp\u00e4 sitten pienill\u00e4 asuinrakennusty\u00f6mailla tai keskisuurissa rakennusprojekteissa, t\u00e4m\u00e4 kone tuottaa joka kerta puhtaat ja tarkat taivutukset. Se sopii erinomaisesti perustuksiin, pylv\u00e4isiin, palkkeihin ja yleisiin raudoitust\u00f6ihin.<\/p>\n<p data-start=\"871\" data-end=\"1062\">Sen kevyen rungon ja helpon k\u00e4yt\u00f6n ansiosta ty\u00f6ntekij\u00e4t voivat siirt\u00e4\u00e4 ja k\u00e4ytt\u00e4\u00e4 <strong data-start=\"956\" data-end=\"975\">GW40 tangon taivutin<\/strong> minimaalisella koulutuksella. T\u00e4m\u00e4n seurauksena tuottavuus kasvaa ja ty\u00f6panos v\u00e4henee.<\/p>\n<h3 data-start=\"1069\" data-end=\"1128\">\u00a0Tarkka kulman s\u00e4\u00e4t\u00f6 ja tasainen taivutussuorituskyky<\/h3>\n<p data-start=\"1130\" data-end=\"1439\">The <strong data-start=\"1134\" data-end=\"1164\">Betoniter\u00e4ksen taivutuskone GW40<\/strong> k\u00e4ytt\u00e4\u00e4 karkaistua taivutuskiekkoa, jossa on s\u00e4\u00e4dett\u00e4v\u00e4t pys\u00e4ytystapit taivutuskulman s\u00e4\u00e4t\u00f6\u00f6n. K\u00e4ytt\u00e4j\u00e4t voivat vaihtaa nopeasti eri kulmien v\u00e4lill\u00e4 - tyypillisesti jopa 180\u00b0 - suurella johdonmukaisuudella. T\u00e4m\u00e4n ominaisuuden ansiosta kone soveltuu sek\u00e4 vakiomuotoisiin taivutuksiin ett\u00e4 r\u00e4\u00e4t\u00e4l\u00f6ityihin raudoitustankomuotoihin.<\/p>\n<p data-start=\"1441\" data-end=\"1648\">Kone toimii tehokkaalla <strong data-start=\"1472\" data-end=\"1493\">kuparilankamoottori<\/strong> joka takaa vakaan v\u00e4\u00e4nt\u00f6momentin. Lis\u00e4ksi suljettu, voideltu vaihteisto v\u00e4hent\u00e4\u00e4 mekaanista kulumista ja pident\u00e4\u00e4 sis\u00e4isten komponenttien k\u00e4ytt\u00f6ik\u00e4\u00e4.<\/p>\n<h3 data-start=\"1655\" data-end=\"1704\">Kest\u00e4v\u00e4 rakenne ja maailmanlaajuinen yhteensopivuus<\/h3>\n<p data-start=\"1706\" data-end=\"1978\">The <strong data-start=\"1710\" data-end=\"1740\">GW40 rebar taivutuskone<\/strong> on vahvistettu valurautainen runko, joka on suunniteltu kest\u00e4m\u00e4\u00e4n iskuja ja muodonmuutoksia. Tukevat py\u00f6r\u00e4t parantavat siirrett\u00e4vyytt\u00e4, ja valinnaiset jalka- tai k\u00e4siohjaimet parantavat k\u00e4ytt\u00f6turvallisuutta. Koneen kompakti koko sopii erinomaisesti tilanpuutteisiin.<\/p>\n<p data-start=\"1980\" data-end=\"2197\">Lis\u00e4ksi se tukee <strong data-start=\"2005\" data-end=\"2052\">mukautettu j\u00e4nnitetulo (220V\/380V, 50Hz\/60Hz)<\/strong> saumatonta kansainv\u00e4list\u00e4 k\u00e4ytt\u00f6\u00f6nottoa varten. Sen vankka rakenne ja joustavat ominaisuudet tekev\u00e4t siit\u00e4 erinomaisen valinnan rakennusyrityksille maailmanlaajuisesti.<\/p>\n<h3 data-start=\"2204\" data-end=\"2252\">Miksi valita GW40 Rebar Bending Machine?<\/h3>\n<ul data-start=\"2254\" data-end=\"2436\">\n<li data-start=\"2254\" data-end=\"2292\">\n<p data-start=\"2256\" data-end=\"2292\">Taivuttaa tarkasti 6-32 mm:n ter\u00e4stankoja<\/p>\n<\/li>\n<li data-start=\"2293\" data-end=\"2344\">\n<p data-start=\"2295\" data-end=\"2344\">Kannettava ja helppo k\u00e4ytt\u00e4\u00e4 ahtaissa ty\u00f6maissa<\/p>\n<\/li>\n<li data-start=\"2345\" data-end=\"2387\">\n<p data-start=\"2347\" data-end=\"2387\">Kest\u00e4v\u00e4 vaihteisto ja pitk\u00e4ik\u00e4inen moottori<\/p>\n<\/li>\n<li data-start=\"2388\" data-end=\"2436\">\n<p data-start=\"2390\" data-end=\"2436\">Ihanteellinen vientiin ja maailmanlaajuiseen rakennusk\u00e4ytt\u00f6\u00f6n<\/p>\n<\/li>\n<\/ul>\n<p><iframe title=\"#rakentaminen #rakentamisty\u00f6ntekij\u00e4 #rebarmachine #rebarbender #rebarbending #rebarbending\" width=\"720\" height=\"405\" src=\"https:\/\/www.youtube.com\/embed\/GX-U7SGMcVc?feature=oembed\" frameborder=\"0\" allow=\"accelerometer; autoplay; clipboard-write; encrypted-media; gyroscope; picture-in-picture; web-share\" referrerpolicy=\"strict-origin-when-cross-origin\" allowfullscreen><\/iframe><\/p>","protected":false},"excerpt":{"rendered":"<p>GW40 Rebar Bending Machine taivuttaa 6-32 mm:n tankoja tarkasti ja hallitusti. Kompaktin kokonsa ja helppok\u00e4ytt\u00f6isyytens\u00e4 ansiosta se sopii erinomaisesti yleisiin rakennusty\u00f6maihin.<\/p>","protected":false},"featured_media":8941,"template":"","meta":{"_kad_post_transparent":"default","_kad_post_title":"","_kad_post_layout":"default","_kad_post_sidebar_id":"","_kad_post_content_style":"default","_kad_post_vertical_padding":"default","_kad_post_feature":"","_kad_post_feature_position":"","_kad_post_header":false,"_kad_post_footer":false},"product_brand":[],"product_cat":[28],"product_tag":[998,1004,996,1003,997,1000,1001,999,995,1002],"class_list":{"0":"post-8939","1":"product","2":"type-product","3":"status-publish","4":"has-post-thumbnail","6":"product_cat-rebar-bending-machine","7":"product_tag-automatic-rebar-bending-machine","8":"product_tag-bar-bending-machine-price","9":"product_tag-cnc-rebar-bending-machine","10":"product_tag-construction-rebar-bender","11":"product_tag-electric-rebar-bender","12":"product_tag-electric-rebar-bending-machine","13":"product_tag-hydraulic-rebar-bending-machine","14":"product_tag-portable-rebar-bender","15":"product_tag-rebar-bender","16":"product_tag-steel-bar-bender","18":"first","19":"instock","20":"featured","21":"shipping-taxable","22":"product-type-simple","23":"entry","24":"content-bg","25":"loop-entry"},"yoast_head":"<!-- This site is optimized with the Yoast SEO plugin v25.3.1 - https:\/\/yoast.com\/wordpress\/plugins\/seo\/ -->\n<title>Rebar Bending Machine GW40 - HSY Construction Machinery<\/title>\n<meta name=\"description\" content=\"Rebar Bending Machine GW40 bends 6\u201332mm steel bars with high accuracy. Compact, portable, and suitable for export to construction markets worldwide.\" \/>\n<meta name=\"robots\" content=\"index, follow, max-snippet:-1, max-image-preview:large, max-video-preview:-1\" \/>\n<link rel=\"canonical\" href=\"https:\/\/www.hsymachinery.com\/fi\/tuote\/raudoitustangon-taivutuskone-gw40\/\" \/>\n<meta property=\"og:locale\" content=\"fi_FI\" \/>\n<meta property=\"og:type\" content=\"article\" \/>\n<meta property=\"og:title\" content=\"Rebar Bending Machine GW40 - HSY Construction Machinery\" \/>\n<meta property=\"og:description\" content=\"Rebar Bending Machine GW40 bends 6\u201332mm steel bars with high accuracy. Compact, portable, and suitable for export to construction markets worldwide.\" \/>\n<meta property=\"og:url\" content=\"https:\/\/www.hsymachinery.com\/fi\/tuote\/raudoitustangon-taivutuskone-gw40\/\" \/>\n<meta property=\"og:site_name\" content=\"HSY Construction Machinery\" \/>\n<meta property=\"article:modified_time\" content=\"2025-06-25T15:05:29+00:00\" \/>\n<meta property=\"og:image\" content=\"https:\/\/www.hsymachinery.com\/wp-content\/uploads\/2025\/06\/Rebar-Bending-Machine-GW40.jpg\" \/>\n\t<meta property=\"og:image:width\" content=\"600\" \/>\n\t<meta property=\"og:image:height\" content=\"600\" \/>\n\t<meta property=\"og:image:type\" content=\"image\/jpeg\" \/>\n<meta name=\"twitter:card\" content=\"summary_large_image\" \/>\n<meta name=\"twitter:label1\" content=\"Arvioitu lukuaika\" \/>\n\t<meta name=\"twitter:data1\" content=\"2 minuuttia\" \/>\n<script type=\"application\/ld+json\" class=\"yoast-schema-graph\">{\"@context\":\"https:\/\/schema.org\",\"@graph\":[{\"@type\":\"WebPage\",\"@id\":\"https:\/\/www.hsymachinery.com\/product\/rebar-bending-machine-gw40\/\",\"url\":\"https:\/\/www.hsymachinery.com\/product\/rebar-bending-machine-gw40\/\",\"name\":\"Rebar Bending Machine GW40 - HSY Construction Machinery\",\"isPartOf\":{\"@id\":\"https:\/\/www.hsymachinery.com\/#website\"},\"primaryImageOfPage\":{\"@id\":\"https:\/\/www.hsymachinery.com\/product\/rebar-bending-machine-gw40\/#primaryimage\"},\"image\":{\"@id\":\"https:\/\/www.hsymachinery.com\/product\/rebar-bending-machine-gw40\/#primaryimage\"},\"thumbnailUrl\":\"https:\/\/www.hsymachinery.com\/wp-content\/uploads\/2025\/06\/Rebar-Bending-Machine-GW40.jpg\",\"datePublished\":\"2025-06-18T03:56:04+00:00\",\"dateModified\":\"2025-06-25T15:05:29+00:00\",\"description\":\"Rebar Bending Machine GW40 bends 6\u201332mm steel bars with high accuracy. Compact, portable, and suitable for export to construction markets worldwide.\",\"breadcrumb\":{\"@id\":\"https:\/\/www.hsymachinery.com\/product\/rebar-bending-machine-gw40\/#breadcrumb\"},\"inLanguage\":\"fi\",\"potentialAction\":[{\"@type\":\"ReadAction\",\"target\":[\"https:\/\/www.hsymachinery.com\/product\/rebar-bending-machine-gw40\/\"]}]},{\"@type\":\"ImageObject\",\"inLanguage\":\"fi\",\"@id\":\"https:\/\/www.hsymachinery.com\/product\/rebar-bending-machine-gw40\/#primaryimage\",\"url\":\"https:\/\/www.hsymachinery.com\/wp-content\/uploads\/2025\/06\/Rebar-Bending-Machine-GW40.jpg\",\"contentUrl\":\"https:\/\/www.hsymachinery.com\/wp-content\/uploads\/2025\/06\/Rebar-Bending-Machine-GW40.jpg\",\"width\":600,\"height\":600},{\"@type\":\"BreadcrumbList\",\"@id\":\"https:\/\/www.hsymachinery.com\/product\/rebar-bending-machine-gw40\/#breadcrumb\",\"itemListElement\":[{\"@type\":\"ListItem\",\"position\":1,\"name\":\"home\",\"item\":\"https:\/\/www.hsymachinery.com\/\"},{\"@type\":\"ListItem\",\"position\":2,\"name\":\"products\",\"item\":\"https:\/\/www.hsymachinery.com\/products\/\"},{\"@type\":\"ListItem\",\"position\":3,\"name\":\"Rebar Bending Machine GW40\"}]},{\"@type\":\"WebSite\",\"@id\":\"https:\/\/www.hsymachinery.com\/#website\",\"url\":\"https:\/\/www.hsymachinery.com\/\",\"name\":\"HSY Construction Machinery\",\"description\":\"HSY Machinery \u2013 A leading China construction machinery supplier, offering a wide range of light construction equipment. Our main products include Rebar Cutting Machine, Rebar Bending Machine, Rebar Stirrup Bending Machine, Rebar Arc Bending Machine, Rebar Straightening Machine, Five-Head Rebar Stirrup Bending Machine, Tamping Rammer, Plate Compactor, Concrete Cutter, Power Trowel, and other construction machinery. We are equipped with advanced CNC machines, and we enforce strict quality inspection standards along with comprehensive after-sales service. If you are interested in our products or services, we warmly welcome your inquiries via message.\",\"publisher\":{\"@id\":\"https:\/\/www.hsymachinery.com\/#organization\"},\"potentialAction\":[{\"@type\":\"SearchAction\",\"target\":{\"@type\":\"EntryPoint\",\"urlTemplate\":\"https:\/\/www.hsymachinery.com\/?s={search_term_string}\"},\"query-input\":{\"@type\":\"PropertyValueSpecification\",\"valueRequired\":true,\"valueName\":\"search_term_string\"}}],\"inLanguage\":\"fi\"},{\"@type\":\"Organization\",\"@id\":\"https:\/\/www.hsymachinery.com\/#organization\",\"name\":\"HSY Construction Machinery\",\"url\":\"https:\/\/www.hsymachinery.com\/\",\"logo\":{\"@type\":\"ImageObject\",\"inLanguage\":\"fi\",\"@id\":\"https:\/\/www.hsymachinery.com\/#\/schema\/logo\/image\/\",\"url\":\"https:\/\/www.hsymachinery.com\/wp-content\/uploads\/2025\/06\/cropped-HSY-machinery.png\",\"contentUrl\":\"https:\/\/www.hsymachinery.com\/wp-content\/uploads\/2025\/06\/cropped-HSY-machinery.png\",\"width\":600,\"height\":240,\"caption\":\"HSY Construction Machinery\"},\"image\":{\"@id\":\"https:\/\/www.hsymachinery.com\/#\/schema\/logo\/image\/\"}}]}<\/script>\n<!-- \/ Yoast SEO plugin. -->","yoast_head_json":{"title":"Betoniter\u00e4ksen taivutuskone GW40 - HSY Construction Machinery","description":"Betoniter\u00e4ksen taivutuskone GW40 taivuttaa 6-32 mm:n ter\u00e4stankoja eritt\u00e4in tarkasti. Kompakti, kannettava ja soveltuu vientiin rakennusmarkkinoille maailmanlaajuisesti.","robots":{"index":"index","follow":"follow","max-snippet":"max-snippet:-1","max-image-preview":"max-image-preview:large","max-video-preview":"max-video-preview:-1"},"canonical":"https:\/\/www.hsymachinery.com\/fi\/tuote\/raudoitustangon-taivutuskone-gw40\/","og_locale":"fi_FI","og_type":"article","og_title":"Rebar Bending Machine GW40 - HSY Construction Machinery","og_description":"Rebar Bending Machine GW40 bends 6\u201332mm steel bars with high accuracy. Compact, portable, and suitable for export to construction markets worldwide.","og_url":"https:\/\/www.hsymachinery.com\/fi\/tuote\/raudoitustangon-taivutuskone-gw40\/","og_site_name":"HSY Construction Machinery","article_modified_time":"2025-06-25T15:05:29+00:00","og_image":[{"width":600,"height":600,"url":"https:\/\/www.hsymachinery.com\/wp-content\/uploads\/2025\/06\/Rebar-Bending-Machine-GW40.jpg","type":"image\/jpeg"}],"twitter_card":"summary_large_image","twitter_misc":{"Arvioitu lukuaika":"2 minuuttia"},"schema":{"@context":"https:\/\/schema.org","@graph":[{"@type":"WebPage","@id":"https:\/\/www.hsymachinery.com\/product\/rebar-bending-machine-gw40\/","url":"https:\/\/www.hsymachinery.com\/product\/rebar-bending-machine-gw40\/","name":"Betoniter\u00e4ksen taivutuskone GW40 - HSY Construction Machinery","isPartOf":{"@id":"https:\/\/www.hsymachinery.com\/#website"},"primaryImageOfPage":{"@id":"https:\/\/www.hsymachinery.com\/product\/rebar-bending-machine-gw40\/#primaryimage"},"image":{"@id":"https:\/\/www.hsymachinery.com\/product\/rebar-bending-machine-gw40\/#primaryimage"},"thumbnailUrl":"https:\/\/www.hsymachinery.com\/wp-content\/uploads\/2025\/06\/Rebar-Bending-Machine-GW40.jpg","datePublished":"2025-06-18T03:56:04+00:00","dateModified":"2025-06-25T15:05:29+00:00","description":"Betoniter\u00e4ksen taivutuskone GW40 taivuttaa 6-32 mm:n ter\u00e4stankoja eritt\u00e4in tarkasti. Kompakti, kannettava ja soveltuu vientiin rakennusmarkkinoille maailmanlaajuisesti.","breadcrumb":{"@id":"https:\/\/www.hsymachinery.com\/product\/rebar-bending-machine-gw40\/#breadcrumb"},"inLanguage":"fi","potentialAction":[{"@type":"ReadAction","target":["https:\/\/www.hsymachinery.com\/product\/rebar-bending-machine-gw40\/"]}]},{"@type":"ImageObject","inLanguage":"fi","@id":"https:\/\/www.hsymachinery.com\/product\/rebar-bending-machine-gw40\/#primaryimage","url":"https:\/\/www.hsymachinery.com\/wp-content\/uploads\/2025\/06\/Rebar-Bending-Machine-GW40.jpg","contentUrl":"https:\/\/www.hsymachinery.com\/wp-content\/uploads\/2025\/06\/Rebar-Bending-Machine-GW40.jpg","width":600,"height":600},{"@type":"BreadcrumbList","@id":"https:\/\/www.hsymachinery.com\/product\/rebar-bending-machine-gw40\/#breadcrumb","itemListElement":[{"@type":"ListItem","position":1,"name":"home","item":"https:\/\/www.hsymachinery.com\/"},{"@type":"ListItem","position":2,"name":"products","item":"https:\/\/www.hsymachinery.com\/products\/"},{"@type":"ListItem","position":3,"name":"Rebar Bending Machine GW40"}]},{"@type":"WebSite","@id":"https:\/\/www.hsymachinery.com\/#website","url":"https:\/\/www.hsymachinery.com\/","name":"HSY Construction Machinery","description":"HSY Machinery - Kiinan johtava rakennuskoneiden toimittaja, joka tarjoaa laajan valikoiman kevyit\u00e4 rakennuskoneita. P\u00e4\u00e4tuotteitamme ovat Rebar Cutting Machine, Rebar Bending Machine, Rebar Stirrup Bending Machine, Rebar Arc Bending Machine, Rebar Straighting Machine, Five-Head Rebar Stirrup Bending Machine, Tamping Rammer, Plate Compactor, Concrete Cutter, Power Trowel ja muut rakennuskoneet. Olemme varustettu kehittyneill\u00e4 CNC-koneilla, ja noudatamme tiukkoja laadunvalvontastandardeja sek\u00e4 kattavaa huoltopalvelua. Jos olet kiinnostunut tuotteistamme tai palveluistamme, toivotamme l\u00e4mpim\u00e4sti tervetulleeksi tiedustelusi viestill\u00e4.","publisher":{"@id":"https:\/\/www.hsymachinery.com\/#organization"},"potentialAction":[{"@type":"SearchAction","target":{"@type":"EntryPoint","urlTemplate":"https:\/\/www.hsymachinery.com\/?s={search_term_string}"},"query-input":{"@type":"PropertyValueSpecification","valueRequired":true,"valueName":"search_term_string"}}],"inLanguage":"fi"},{"@type":"Organization","@id":"https:\/\/www.hsymachinery.com\/#organization","name":"HSY Construction Machinery","url":"https:\/\/www.hsymachinery.com\/","logo":{"@type":"ImageObject","inLanguage":"fi","@id":"https:\/\/www.hsymachinery.com\/#\/schema\/logo\/image\/","url":"https:\/\/www.hsymachinery.com\/wp-content\/uploads\/2025\/06\/cropped-HSY-machinery.png","contentUrl":"https:\/\/www.hsymachinery.com\/wp-content\/uploads\/2025\/06\/cropped-HSY-machinery.png","width":600,"height":240,"caption":"HSY Construction Machinery"},"image":{"@id":"https:\/\/www.hsymachinery.com\/#\/schema\/logo\/image\/"}}]}},"_links":{"self":[{"href":"https:\/\/www.hsymachinery.com\/fi\/wp-json\/wp\/v2\/product\/8939","targetHints":{"allow":["GET"]}}],"collection":[{"href":"https:\/\/www.hsymachinery.com\/fi\/wp-json\/wp\/v2\/product"}],"about":[{"href":"https:\/\/www.hsymachinery.com\/fi\/wp-json\/wp\/v2\/types\/product"}],"version-history":[{"count":3,"href":"https:\/\/www.hsymachinery.com\/fi\/wp-json\/wp\/v2\/product\/8939\/revisions"}],"predecessor-version":[{"id":9350,"href":"https:\/\/www.hsymachinery.com\/fi\/wp-json\/wp\/v2\/product\/8939\/revisions\/9350"}],"wp:featuredmedia":[{"embeddable":true,"href":"https:\/\/www.hsymachinery.com\/fi\/wp-json\/wp\/v2\/media\/8941"}],"wp:attachment":[{"href":"https:\/\/www.hsymachinery.com\/fi\/wp-json\/wp\/v2\/media?parent=8939"}],"wp:term":[{"taxonomy":"product_brand","embeddable":true,"href":"https:\/\/www.hsymachinery.com\/fi\/wp-json\/wp\/v2\/product_brand?post=8939"},{"taxonomy":"product_cat","embeddable":true,"href":"https:\/\/www.hsymachinery.com\/fi\/wp-json\/wp\/v2\/product_cat?post=8939"},{"taxonomy":"product_tag","embeddable":true,"href":"https:\/\/www.hsymachinery.com\/fi\/wp-json\/wp\/v2\/product_tag?post=8939"}],"curies":[{"name":"wp","href":"https:\/\/api.w.org\/{rel}","templated":true}]}}