{"id":8936,"date":"2025-06-18T11:31:16","date_gmt":"2025-06-18T03:31:16","guid":{"rendered":"https:\/\/www.hsymachinery.com\/?post_type=product&#038;p=8936"},"modified":"2025-06-25T22:33:35","modified_gmt":"2025-06-25T14:33:35","slug":"betoniteraksen-leikkauskone-gq60-pyorea-veitsi","status":"publish","type":"product","link":"https:\/\/www.hsymachinery.com\/fi\/tuote\/betoniteraksen-leikkauskone-gq60-pyorea-veitsi\/","title":{"rendered":"Betoniter\u00e4ksen leikkauskone GQ60 (py\u00f6re\u00e4 veitsi)"},"content":{"rendered":"<h3 data-start=\"318\" data-end=\"396\">Eritt\u00e4in tehokas py\u00f6re\u00e4ll\u00e4 ter\u00e4ll\u00e4 varustettu raudanleikkuri raskaiden tankojen tarkkaan k\u00e4sittelyyn<\/h3>\n<h3 data-start=\"403\" data-end=\"482\">Tuotteen yleiskatsaus - Rolling-Shear Rebar Cutting Equipment for 6-50mm Bars (6-50 mm:n tankojen leikkauslaitteet)<\/h3>\n<p data-start=\"484\" data-end=\"832\">The <strong data-start=\"488\" data-end=\"532\">Betoniter\u00e4ksen leikkauskone GQ60 (py\u00f6re\u00e4 veitsi)<\/strong> tarjoaa tehokkaan ja tarkan leikkauksen <strong data-start=\"575\" data-end=\"596\">6-50mm ter\u00e4stangot<\/strong>. Rakennustiimit luottavat t\u00e4h\u00e4n koneeseen, joka k\u00e4sittelee hiiliter\u00e4st\u00e4, py\u00f6reit\u00e4 tankoja ja harjater\u00e4ksi\u00e4 helposti. . <strong data-start=\"706\" data-end=\"728\">py\u00f6re\u00e4n veitsen muotoilu<\/strong> k\u00e4ytt\u00e4\u00e4 liikkuvaa leikkausliikett\u00e4. T\u00e4m\u00e4n seurauksena se v\u00e4hent\u00e4\u00e4 vastusta ja mahdollistaa tasaisemmat ja nopeammat leikkaukset.<\/p>\n<p data-start=\"834\" data-end=\"942\">Urakoitsijat k\u00e4ytt\u00e4v\u00e4t t\u00e4t\u00e4 mallia suurissa hankkeissa, kuten silloissa, tunneleissa, satamissa ja rakenneter\u00e4st\u00f6iss\u00e4.<\/p>\n<h3 data-start=\"949\" data-end=\"996\">\u00a0Rolling Knife Design takaa puhtaammat tulokset<\/h3>\n<p data-start=\"998\" data-end=\"1206\">Py\u00f6re\u00e4 ter\u00e4 py\u00f6rii leikkausliikkeen aikana. T\u00e4m\u00e4 luo liukuvan liikkeen, joka vaikuttaa v\u00e4hemm\u00e4n suoraan ter\u00e4\u00e4n ja ter\u00e4kseen. Siksi kone tuottaa puhtaammat reunat ja pident\u00e4\u00e4 ter\u00e4n k\u00e4ytt\u00f6ik\u00e4\u00e4.<\/p>\n<p data-start=\"1208\" data-end=\"1467\">A <strong data-start=\"1210\" data-end=\"1242\">korkean hy\u00f6tysuhteen kuparimoottori<\/strong> antaa koneelle virtaa. Se tuottaa vahvan v\u00e4\u00e4nt\u00f6momentin pitkien ty\u00f6vuorojen aikana ilman ylikuumenemista. Lis\u00e4ksi sis\u00e4inen vaihteisto takaa vakaan v\u00e4\u00e4nt\u00f6momentin siirron. K\u00e4ytt\u00e4j\u00e4t kokevat minimaalisen t\u00e4rin\u00e4n ja pienemm\u00e4n energiankulutuksen.<\/p>\n<h3 data-start=\"1474\" data-end=\"1514\">\u00a0Kest\u00e4v\u00e4 runko ja helppo huolto<\/h3>\n<p data-start=\"1516\" data-end=\"1720\">A <strong data-start=\"1518\" data-end=\"1548\">vahvistettu valurautarunko<\/strong> tukee GQ60:n kest\u00e4vyytt\u00e4. Ty\u00f6ntekij\u00e4t voivat siirt\u00e4\u00e4 konetta ep\u00e4tasaisilla ty\u00f6mailla k\u00e4ytt\u00e4m\u00e4ll\u00e4 <strong data-start=\"1643\" data-end=\"1664\">raskaat py\u00f6r\u00e4t<\/strong>. Pitk\u00e4vartinen vipu tarjoaa turvallisen, k\u00e4sin kosketeltavan ohjauksen.<\/p>\n<p data-start=\"1722\" data-end=\"1904\">Lis\u00e4ksi koneen yl\u00e4kansi avautuu helposti. Teknikot voivat tarkastaa tai vaihtaa ter\u00e4t irrottamatta ylim\u00e4\u00e4r\u00e4isi\u00e4 paneeleita. T\u00e4m\u00e4 rakenne lyhent\u00e4\u00e4 seisokkiaikaa ja parantaa ty\u00f6n tehokkuutta.<\/p>\n<h3 data-start=\"1911\" data-end=\"1959\">Rakennettu vienti\u00e4 ja jatkuvaa toimintaa varten<\/h3>\n<p data-start=\"1961\" data-end=\"2146\">The <a href=\"https:\/\/www.hsymachinery.com\/fi\/tuotteet\/betoniteraksen-leikkauskone\/\" target=\"_blank\" rel=\"noopener\">Betoniter\u00e4ksen leikkauskone<\/a> GQ60 (py\u00f6re\u00e4n veitsen) kannattimet <strong data-start=\"1997\" data-end=\"2025\">maailmanlaajuiset j\u00e4nnitestandardit<\/strong> (220V\/380V, 50Hz\/60Hz). Rakennusyritykset ymp\u00e4ri maailmaa luottavat t\u00e4h\u00e4n malliin vaativissa ter\u00e4ksen leikkaust\u00f6iss\u00e4.<\/p>\n<h3 data-start=\"2153\" data-end=\"2198\">GQ60 Round Knife Cutterin t\u00e4rkeimm\u00e4t edut<\/h3>\n<ul data-start=\"2200\" data-end=\"2421\">\n<li data-start=\"2200\" data-end=\"2262\">\n<p data-start=\"2202\" data-end=\"2262\">Leikkaa 6-50 mm:n ter\u00e4stankoja sulavasti rullaavalla leikkaustarkkuudella.<\/p>\n<\/li>\n<li data-start=\"2263\" data-end=\"2312\">\n<p data-start=\"2265\" data-end=\"2312\">Pident\u00e4\u00e4 ter\u00e4n k\u00e4ytt\u00f6ik\u00e4\u00e4 ja v\u00e4hent\u00e4\u00e4 leikkausponnistuksia<\/p>\n<\/li>\n<li data-start=\"2313\" data-end=\"2379\">\n<p data-start=\"2315\" data-end=\"2379\">Kest\u00e4\u00e4 pitki\u00e4 tunteja suuritehoisissa rakennusymp\u00e4rist\u00f6iss\u00e4<\/p>\n<\/li>\n<li data-start=\"2380\" data-end=\"2421\">\n<p data-start=\"2382\" data-end=\"2421\">Vientivalmis monij\u00e4nnitetuki<\/p>\n<\/li>\n<\/ul>\n<p><iframe title=\"betoniter\u00e4ksen leikkuri betoniter\u00e4ksen leikkauskone betoniter\u00e4ksen leikkauskone ,ter\u00e4stangon leikkauskone ,rakennuskoneet\" width=\"720\" height=\"405\" src=\"https:\/\/www.youtube.com\/embed\/cIrJPBezWsw?feature=oembed\" frameborder=\"0\" allow=\"accelerometer; autoplay; clipboard-write; encrypted-media; gyroscope; picture-in-picture; web-share\" referrerpolicy=\"strict-origin-when-cross-origin\" allowfullscreen><\/iframe><\/p>","protected":false},"excerpt":{"rendered":"<p>GQ60 Round Knife Rebar Cutter k\u00e4sittelee 6-50 mm:n ter\u00e4stankoja pienell\u00e4 vastuksella ja tasaisella rullaavalla leikkauksella. Sopii raskaaseen rakentamiseen ja maailmanlaajuisiin vientihankkeisiin.<\/p>","protected":false},"featured_media":8937,"template":"","meta":{"_kad_post_transparent":"default","_kad_post_title":"","_kad_post_layout":"default","_kad_post_sidebar_id":"","_kad_post_content_style":"default","_kad_post_vertical_padding":"default","_kad_post_feature":"","_kad_post_feature_position":"","_kad_post_header":false,"_kad_post_footer":false},"product_brand":[],"product_cat":[51],"product_tag":[988,992,990,989,993,985,994,987,984,991,986],"class_list":{"0":"post-8936","1":"product","2":"type-product","3":"status-publish","4":"has-post-thumbnail","6":"product_cat-rebar-cutting-machine","7":"product_tag-automatic-rebar-cutter","8":"product_tag-construction-steel-bar-cutter","9":"product_tag-electric-rebar-cutting-tool","10":"product_tag-hydraulic-rebar-cutting-machine","11":"product_tag-portable-rebar-cutting-machine","12":"product_tag-rebar-cutter","13":"product_tag-rebar-cutting-machine","14":"product_tag-reinforcement-bar-cutter","15":"product_tag-steel-bar-cutting-machine","16":"product_tag-steel-rod-cutter-machine","17":"product_tag-tmt-bar-cutting-machine","19":"first","20":"instock","21":"shipping-taxable","22":"product-type-simple","23":"entry","24":"content-bg","25":"loop-entry"},"yoast_head":"<!-- This site is optimized with the Yoast SEO plugin v25.3.1 - https:\/\/yoast.com\/wordpress\/plugins\/seo\/ -->\n<title>Rebar Cutting Machine GQ60 (Round knife) - HSY Construction Machinery<\/title>\n<meta name=\"description\" content=\"Rebar Cutting Machine GQ60 (Round Knife) processes 6\u201350mm bars using rolling-shear action. Ideal for industrial construction and international export.\" \/>\n<meta name=\"robots\" content=\"index, follow, max-snippet:-1, max-image-preview:large, max-video-preview:-1\" \/>\n<link rel=\"canonical\" href=\"https:\/\/www.hsymachinery.com\/fi\/tuote\/betoniteraksen-leikkauskone-gq60-pyorea-veitsi\/\" \/>\n<meta property=\"og:locale\" content=\"fi_FI\" \/>\n<meta property=\"og:type\" content=\"article\" \/>\n<meta property=\"og:title\" content=\"Rebar Cutting Machine GQ60 (Round knife) - HSY Construction Machinery\" \/>\n<meta property=\"og:description\" content=\"Rebar Cutting Machine GQ60 (Round Knife) processes 6\u201350mm bars using rolling-shear action. Ideal for industrial construction and international export.\" \/>\n<meta property=\"og:url\" content=\"https:\/\/www.hsymachinery.com\/fi\/tuote\/betoniteraksen-leikkauskone-gq60-pyorea-veitsi\/\" \/>\n<meta property=\"og:site_name\" content=\"HSY Construction Machinery\" \/>\n<meta property=\"article:modified_time\" content=\"2025-06-25T14:33:35+00:00\" \/>\n<meta property=\"og:image\" content=\"https:\/\/www.hsymachinery.com\/wp-content\/uploads\/2025\/06\/Rebar-Cutting-Machine-GQ60-Round-knife.jpg\" \/>\n\t<meta property=\"og:image:width\" content=\"600\" \/>\n\t<meta property=\"og:image:height\" content=\"600\" \/>\n\t<meta property=\"og:image:type\" content=\"image\/jpeg\" \/>\n<meta name=\"twitter:card\" content=\"summary_large_image\" \/>\n<meta name=\"twitter:label1\" content=\"Arvioitu lukuaika\" \/>\n\t<meta name=\"twitter:data1\" content=\"2 minuuttia\" \/>\n<script type=\"application\/ld+json\" class=\"yoast-schema-graph\">{\"@context\":\"https:\/\/schema.org\",\"@graph\":[{\"@type\":\"WebPage\",\"@id\":\"https:\/\/www.hsymachinery.com\/product\/rebar-cutting-machine-gq60-round-knife\/\",\"url\":\"https:\/\/www.hsymachinery.com\/product\/rebar-cutting-machine-gq60-round-knife\/\",\"name\":\"Rebar Cutting Machine GQ60 (Round knife) - HSY Construction Machinery\",\"isPartOf\":{\"@id\":\"https:\/\/www.hsymachinery.com\/#website\"},\"primaryImageOfPage\":{\"@id\":\"https:\/\/www.hsymachinery.com\/product\/rebar-cutting-machine-gq60-round-knife\/#primaryimage\"},\"image\":{\"@id\":\"https:\/\/www.hsymachinery.com\/product\/rebar-cutting-machine-gq60-round-knife\/#primaryimage\"},\"thumbnailUrl\":\"https:\/\/www.hsymachinery.com\/wp-content\/uploads\/2025\/06\/Rebar-Cutting-Machine-GQ60-Round-knife.jpg\",\"datePublished\":\"2025-06-18T03:31:16+00:00\",\"dateModified\":\"2025-06-25T14:33:35+00:00\",\"description\":\"Rebar Cutting Machine GQ60 (Round Knife) processes 6\u201350mm bars using rolling-shear action. Ideal for industrial construction and international export.\",\"breadcrumb\":{\"@id\":\"https:\/\/www.hsymachinery.com\/product\/rebar-cutting-machine-gq60-round-knife\/#breadcrumb\"},\"inLanguage\":\"fi\",\"potentialAction\":[{\"@type\":\"ReadAction\",\"target\":[\"https:\/\/www.hsymachinery.com\/product\/rebar-cutting-machine-gq60-round-knife\/\"]}]},{\"@type\":\"ImageObject\",\"inLanguage\":\"fi\",\"@id\":\"https:\/\/www.hsymachinery.com\/product\/rebar-cutting-machine-gq60-round-knife\/#primaryimage\",\"url\":\"https:\/\/www.hsymachinery.com\/wp-content\/uploads\/2025\/06\/Rebar-Cutting-Machine-GQ60-Round-knife.jpg\",\"contentUrl\":\"https:\/\/www.hsymachinery.com\/wp-content\/uploads\/2025\/06\/Rebar-Cutting-Machine-GQ60-Round-knife.jpg\",\"width\":600,\"height\":600},{\"@type\":\"BreadcrumbList\",\"@id\":\"https:\/\/www.hsymachinery.com\/product\/rebar-cutting-machine-gq60-round-knife\/#breadcrumb\",\"itemListElement\":[{\"@type\":\"ListItem\",\"position\":1,\"name\":\"home\",\"item\":\"https:\/\/www.hsymachinery.com\/\"},{\"@type\":\"ListItem\",\"position\":2,\"name\":\"products\",\"item\":\"https:\/\/www.hsymachinery.com\/products\/\"},{\"@type\":\"ListItem\",\"position\":3,\"name\":\"Rebar Cutting Machine GQ60 (Round knife)\"}]},{\"@type\":\"WebSite\",\"@id\":\"https:\/\/www.hsymachinery.com\/#website\",\"url\":\"https:\/\/www.hsymachinery.com\/\",\"name\":\"HSY Construction Machinery\",\"description\":\"HSY Machinery \u2013 A leading China construction machinery supplier, offering a wide range of light construction equipment. Our main products include Rebar Cutting Machine, Rebar Bending Machine, Rebar Stirrup Bending Machine, Rebar Arc Bending Machine, Rebar Straightening Machine, Five-Head Rebar Stirrup Bending Machine, Tamping Rammer, Plate Compactor, Concrete Cutter, Power Trowel, and other construction machinery. We are equipped with advanced CNC machines, and we enforce strict quality inspection standards along with comprehensive after-sales service. If you are interested in our products or services, we warmly welcome your inquiries via message.\",\"publisher\":{\"@id\":\"https:\/\/www.hsymachinery.com\/#organization\"},\"potentialAction\":[{\"@type\":\"SearchAction\",\"target\":{\"@type\":\"EntryPoint\",\"urlTemplate\":\"https:\/\/www.hsymachinery.com\/?s={search_term_string}\"},\"query-input\":{\"@type\":\"PropertyValueSpecification\",\"valueRequired\":true,\"valueName\":\"search_term_string\"}}],\"inLanguage\":\"fi\"},{\"@type\":\"Organization\",\"@id\":\"https:\/\/www.hsymachinery.com\/#organization\",\"name\":\"HSY Construction Machinery\",\"url\":\"https:\/\/www.hsymachinery.com\/\",\"logo\":{\"@type\":\"ImageObject\",\"inLanguage\":\"fi\",\"@id\":\"https:\/\/www.hsymachinery.com\/#\/schema\/logo\/image\/\",\"url\":\"https:\/\/www.hsymachinery.com\/wp-content\/uploads\/2025\/06\/cropped-HSY-machinery.png\",\"contentUrl\":\"https:\/\/www.hsymachinery.com\/wp-content\/uploads\/2025\/06\/cropped-HSY-machinery.png\",\"width\":600,\"height\":240,\"caption\":\"HSY Construction Machinery\"},\"image\":{\"@id\":\"https:\/\/www.hsymachinery.com\/#\/schema\/logo\/image\/\"}}]}<\/script>\n<!-- \/ Yoast SEO plugin. -->","yoast_head_json":{"title":"Betoniter\u00e4ksen leikkauskone GQ60 (py\u00f6re\u00e4 veitsi) - HSY Construction Machinery - Rakennuskoneet","description":"Betoniter\u00e4ksen leikkauskone GQ60 (py\u00f6re\u00e4 veitsi) k\u00e4sittelee 6-50 mm:n tankoja k\u00e4ytt\u00e4m\u00e4ll\u00e4 valssaus-leikkaustoimintoa. Ihanteellinen teolliseen rakentamiseen ja kansainv\u00e4liseen vientiin.","robots":{"index":"index","follow":"follow","max-snippet":"max-snippet:-1","max-image-preview":"max-image-preview:large","max-video-preview":"max-video-preview:-1"},"canonical":"https:\/\/www.hsymachinery.com\/fi\/tuote\/betoniteraksen-leikkauskone-gq60-pyorea-veitsi\/","og_locale":"fi_FI","og_type":"article","og_title":"Rebar Cutting Machine GQ60 (Round knife) - HSY Construction Machinery","og_description":"Rebar Cutting Machine GQ60 (Round Knife) processes 6\u201350mm bars using rolling-shear action. Ideal for industrial construction and international export.","og_url":"https:\/\/www.hsymachinery.com\/fi\/tuote\/betoniteraksen-leikkauskone-gq60-pyorea-veitsi\/","og_site_name":"HSY Construction Machinery","article_modified_time":"2025-06-25T14:33:35+00:00","og_image":[{"width":600,"height":600,"url":"https:\/\/www.hsymachinery.com\/wp-content\/uploads\/2025\/06\/Rebar-Cutting-Machine-GQ60-Round-knife.jpg","type":"image\/jpeg"}],"twitter_card":"summary_large_image","twitter_misc":{"Arvioitu lukuaika":"2 minuuttia"},"schema":{"@context":"https:\/\/schema.org","@graph":[{"@type":"WebPage","@id":"https:\/\/www.hsymachinery.com\/product\/rebar-cutting-machine-gq60-round-knife\/","url":"https:\/\/www.hsymachinery.com\/product\/rebar-cutting-machine-gq60-round-knife\/","name":"Betoniter\u00e4ksen leikkauskone GQ60 (py\u00f6re\u00e4 veitsi) - HSY Construction Machinery - Rakennuskoneet","isPartOf":{"@id":"https:\/\/www.hsymachinery.com\/#website"},"primaryImageOfPage":{"@id":"https:\/\/www.hsymachinery.com\/product\/rebar-cutting-machine-gq60-round-knife\/#primaryimage"},"image":{"@id":"https:\/\/www.hsymachinery.com\/product\/rebar-cutting-machine-gq60-round-knife\/#primaryimage"},"thumbnailUrl":"https:\/\/www.hsymachinery.com\/wp-content\/uploads\/2025\/06\/Rebar-Cutting-Machine-GQ60-Round-knife.jpg","datePublished":"2025-06-18T03:31:16+00:00","dateModified":"2025-06-25T14:33:35+00:00","description":"Betoniter\u00e4ksen leikkauskone GQ60 (py\u00f6re\u00e4 veitsi) k\u00e4sittelee 6-50 mm:n tankoja k\u00e4ytt\u00e4m\u00e4ll\u00e4 valssaus-leikkaustoimintoa. Ihanteellinen teolliseen rakentamiseen ja kansainv\u00e4liseen vientiin.","breadcrumb":{"@id":"https:\/\/www.hsymachinery.com\/product\/rebar-cutting-machine-gq60-round-knife\/#breadcrumb"},"inLanguage":"fi","potentialAction":[{"@type":"ReadAction","target":["https:\/\/www.hsymachinery.com\/product\/rebar-cutting-machine-gq60-round-knife\/"]}]},{"@type":"ImageObject","inLanguage":"fi","@id":"https:\/\/www.hsymachinery.com\/product\/rebar-cutting-machine-gq60-round-knife\/#primaryimage","url":"https:\/\/www.hsymachinery.com\/wp-content\/uploads\/2025\/06\/Rebar-Cutting-Machine-GQ60-Round-knife.jpg","contentUrl":"https:\/\/www.hsymachinery.com\/wp-content\/uploads\/2025\/06\/Rebar-Cutting-Machine-GQ60-Round-knife.jpg","width":600,"height":600},{"@type":"BreadcrumbList","@id":"https:\/\/www.hsymachinery.com\/product\/rebar-cutting-machine-gq60-round-knife\/#breadcrumb","itemListElement":[{"@type":"ListItem","position":1,"name":"home","item":"https:\/\/www.hsymachinery.com\/"},{"@type":"ListItem","position":2,"name":"products","item":"https:\/\/www.hsymachinery.com\/products\/"},{"@type":"ListItem","position":3,"name":"Rebar Cutting Machine GQ60 (Round knife)"}]},{"@type":"WebSite","@id":"https:\/\/www.hsymachinery.com\/#website","url":"https:\/\/www.hsymachinery.com\/","name":"HSY Construction Machinery","description":"HSY Machinery - Kiinan johtava rakennuskoneiden toimittaja, joka tarjoaa laajan valikoiman kevyit\u00e4 rakennuskoneita. P\u00e4\u00e4tuotteitamme ovat Rebar Cutting Machine, Rebar Bending Machine, Rebar Stirrup Bending Machine, Rebar Arc Bending Machine, Rebar Straighting Machine, Five-Head Rebar Stirrup Bending Machine, Tamping Rammer, Plate Compactor, Concrete Cutter, Power Trowel ja muut rakennuskoneet. Olemme varustettu kehittyneill\u00e4 CNC-koneilla, ja noudatamme tiukkoja laadunvalvontastandardeja sek\u00e4 kattavaa huoltopalvelua. Jos olet kiinnostunut tuotteistamme tai palveluistamme, toivotamme l\u00e4mpim\u00e4sti tervetulleeksi tiedustelusi viestill\u00e4.","publisher":{"@id":"https:\/\/www.hsymachinery.com\/#organization"},"potentialAction":[{"@type":"SearchAction","target":{"@type":"EntryPoint","urlTemplate":"https:\/\/www.hsymachinery.com\/?s={search_term_string}"},"query-input":{"@type":"PropertyValueSpecification","valueRequired":true,"valueName":"search_term_string"}}],"inLanguage":"fi"},{"@type":"Organization","@id":"https:\/\/www.hsymachinery.com\/#organization","name":"HSY Construction Machinery","url":"https:\/\/www.hsymachinery.com\/","logo":{"@type":"ImageObject","inLanguage":"fi","@id":"https:\/\/www.hsymachinery.com\/#\/schema\/logo\/image\/","url":"https:\/\/www.hsymachinery.com\/wp-content\/uploads\/2025\/06\/cropped-HSY-machinery.png","contentUrl":"https:\/\/www.hsymachinery.com\/wp-content\/uploads\/2025\/06\/cropped-HSY-machinery.png","width":600,"height":240,"caption":"HSY Construction Machinery"},"image":{"@id":"https:\/\/www.hsymachinery.com\/#\/schema\/logo\/image\/"}}]}},"_links":{"self":[{"href":"https:\/\/www.hsymachinery.com\/fi\/wp-json\/wp\/v2\/product\/8936","targetHints":{"allow":["GET"]}}],"collection":[{"href":"https:\/\/www.hsymachinery.com\/fi\/wp-json\/wp\/v2\/product"}],"about":[{"href":"https:\/\/www.hsymachinery.com\/fi\/wp-json\/wp\/v2\/types\/product"}],"version-history":[{"count":4,"href":"https:\/\/www.hsymachinery.com\/fi\/wp-json\/wp\/v2\/product\/8936\/revisions"}],"predecessor-version":[{"id":9341,"href":"https:\/\/www.hsymachinery.com\/fi\/wp-json\/wp\/v2\/product\/8936\/revisions\/9341"}],"wp:featuredmedia":[{"embeddable":true,"href":"https:\/\/www.hsymachinery.com\/fi\/wp-json\/wp\/v2\/media\/8937"}],"wp:attachment":[{"href":"https:\/\/www.hsymachinery.com\/fi\/wp-json\/wp\/v2\/media?parent=8936"}],"wp:term":[{"taxonomy":"product_brand","embeddable":true,"href":"https:\/\/www.hsymachinery.com\/fi\/wp-json\/wp\/v2\/product_brand?post=8936"},{"taxonomy":"product_cat","embeddable":true,"href":"https:\/\/www.hsymachinery.com\/fi\/wp-json\/wp\/v2\/product_cat?post=8936"},{"taxonomy":"product_tag","embeddable":true,"href":"https:\/\/www.hsymachinery.com\/fi\/wp-json\/wp\/v2\/product_tag?post=8936"}],"curies":[{"name":"wp","href":"https:\/\/api.w.org\/{rel}","templated":true}]}}