{"id":9235,"date":"2025-06-18T21:20:45","date_gmt":"2025-06-18T13:20:45","guid":{"rendered":"https:\/\/www.hsymachinery.com\/?post_type=product&#038;p=9235"},"modified":"2025-06-28T23:57:12","modified_gmt":"2025-06-28T15:57:12","slug":"elektrikuhvel-ptr-l100d","status":"publish","type":"product","link":"https:\/\/www.hsymachinery.com\/et\/toode\/elektrikuhvel-ptr-l100d\/","title":{"rendered":"S\u00f5iduki pealekantav mootorsaag PTR-L100D"},"content":{"rendered":"<h2 data-start=\"144\" data-end=\"182\">S\u00f5iduki pealekantav mootorsaag PTR-L100D<\/h2>\n<h3 data-start=\"183\" data-end=\"297\">PTR-L100D Double Disc Ride-On betoonilabidas koos Longxin mootoriga | Maksimaalne katvus suure pindalaga plaatide viimistlemiseks<\/h3>\n<h3 data-start=\"304\" data-end=\"404\">Tootekirjeldus - Longxin-mootoriga topeltrootoriga lihvimislapp suure pinna t\u00f5husaks viimistlemiseks<a href=\"https:\/\/www.hsymachinery.com\/et\/tooted\/soitma-elektrikuhvlilega\/\" target=\"_blank\" rel=\"noopener\"><img fetchpriority=\"high\" decoding=\"async\" class=\"wp-image-9616 alignright\" src=\"https:\/\/www.hsymachinery.com\/wp-content\/uploads\/2025\/06\/Sitting-Type-Power-Trowel-209x300.jpg\" alt=\"\" width=\"452\" height=\"649\" srcset=\"https:\/\/www.hsymachinery.com\/wp-content\/uploads\/2025\/06\/Sitting-Type-Power-Trowel-209x300.jpg 209w, https:\/\/www.hsymachinery.com\/wp-content\/uploads\/2025\/06\/Sitting-Type-Power-Trowel-713x1024.jpg 713w, https:\/\/www.hsymachinery.com\/wp-content\/uploads\/2025\/06\/Sitting-Type-Power-Trowel-768x1103.jpg 768w, https:\/\/www.hsymachinery.com\/wp-content\/uploads\/2025\/06\/Sitting-Type-Power-Trowel-600x862.jpg 600w, https:\/\/www.hsymachinery.com\/wp-content\/uploads\/2025\/06\/Sitting-Type-Power-Trowel.jpg 800w\" sizes=\"(max-width: 452px) 100vw, 452px\" \/><\/a><\/h3>\n<p data-start=\"406\" data-end=\"798\">The <strong data-start=\"410\" data-end=\"444\">PTR-L100D s\u00f5idutatav elektriline lihvimislapp<\/strong> omab kahesuguse rootoriga s\u00fcsteemi, mis tagab v\u00f5rratu katvuse ja sileda viimistluse suuremahulistel betooniprojektidel. Longxini bensiinimootoriga t\u00f6\u00f6tav masin pakub tugevat kombinatsiooni vastupidavusest, k\u00fctuses\u00e4\u00e4stlikkusest ja stabiilsest j\u00f5udlusest, mist\u00f5ttu on see suurep\u00e4rane valik kaubanduslikel plaatidel t\u00f6\u00f6tavatele professionaalidele.<\/p>\n<p data-start=\"800\" data-end=\"1118\">T\u00e4nu kahele samaaegselt t\u00f6\u00f6tavale tasanduspannile suurendab see mudel oluliselt pinnakatet - ideaalne suurtel ehitusplatsidel, logistikaparkides v\u00f5i parkimismajades. S\u00f5iduki konstruktsioon parandab tootlikkust ja v\u00e4hendab v\u00e4simust, v\u00f5imaldades operaatoritel pikema aja jooksul mugavalt t\u00f6\u00f6tada.<\/p>\n<p data-start=\"1120\" data-end=\"1430\">Lisaks sellele pakuvad m\u00f5lema rootori s\u00f5ltumatud labade sammu reguleerimine suuremat viimistlust\u00e4psust, v\u00f5imaldades h\u00f5lpsasti vahetada h\u00f5ljumise ja lihvimise vahel. Tugevdatud raam, raskeveokast ja l\u00f6\u00f6gisummutusega istmes\u00fcsteem pikendavad masina kasutusiga, tagades samal ajal operaatori stabiilsuse ja mugavuse.<\/p>\n<p data-start=\"1432\" data-end=\"1600\">T\u00e4nu oma laiale jalaj\u00e4ljele ja Longxini mootori t\u00f6\u00f6kindlusele paistab PTR-L100D silma igas projektis, kus n\u00f5utakse kiirust, katvust ja \u00fchtlast viimistluskvaliteeti.<\/p>\n<h3 data-start=\"1607\" data-end=\"1654\">PTR-L100D pealekantava kihvtide p\u00f5hijooned<\/h3>\n<ul data-start=\"1656\" data-end=\"2068\">\n<li data-start=\"1656\" data-end=\"1715\">\n<p data-start=\"1658\" data-end=\"1715\">Kahe kettaga s\u00fcsteem suure t\u00f5hususega betooni viimistlemiseks<\/p>\n<\/li>\n<li data-start=\"1716\" data-end=\"1783\">\n<p data-start=\"1718\" data-end=\"1783\">Longxin bensiinimootor tagab v\u00f5imsa ja stabiilse j\u00f5udluse<\/p>\n<\/li>\n<li data-start=\"1784\" data-end=\"1854\">\n<p data-start=\"1786\" data-end=\"1854\">Ride-on struktuur pakub suuremat mugavust ja v\u00e4hendab t\u00f6\u00f6v\u00e4simust<\/p>\n<\/li>\n<li data-start=\"1855\" data-end=\"1925\">\n<p data-start=\"1857\" data-end=\"1925\">M\u00f5lema ketta reguleeritav samm v\u00f5imaldab paindlikku viimistlust.<\/p>\n<\/li>\n<li data-start=\"1926\" data-end=\"1991\">\n<p data-start=\"1928\" data-end=\"1991\">Tugevdatud raam ja k\u00e4igukast tulevad toime rasketes t\u00f6\u00f6piirkonna tingimustes<\/p>\n<\/li>\n<li data-start=\"1992\" data-end=\"2068\">\n<p data-start=\"1994\" data-end=\"2068\">Sobib ideaalselt laiaulatusliku plaadi viimistlemiseks \u00e4ri- ja t\u00f6\u00f6stusprojektides.<\/p>\n<\/li>\n<\/ul>\n<h3 data-start=\"2075\" data-end=\"2168\">Rakendused - Ehitatud ladude, lennujaamade, suurte kaubandusp\u00f5randate ja v\u00e4litingimustes kasutatavate plaatide jaoks.<\/h3>\n<p data-start=\"2170\" data-end=\"2319\">PTR-L100D sobib v\u00e4ga h\u00e4sti t\u00f6\u00f6v\u00f5tjatele, kes t\u00f6\u00f6tavad laialivalguvatel betoonpindadel, kus aeg, j\u00e4rjepidevus ja k\u00fctuses\u00e4\u00e4stlikkus on k\u00f5ige olulisemad.<\/p>\n<p><iframe title=\"#konstruktsioon #ehitust\u00f6\u00f6line #kobel#kobel#\" width=\"720\" height=\"405\" src=\"https:\/\/www.youtube.com\/embed\/XQyVcEkyJOs?feature=oembed\" frameborder=\"0\" allow=\"accelerometer; autoplay; clipboard-write; encrypted-media; gyroscope; picture-in-picture; web-share\" referrerpolicy=\"strict-origin-when-cross-origin\" allowfullscreen><\/iframe><\/p>","protected":false},"excerpt":{"rendered":"<p>Longxin-mootoriga ja kahe kettakujulise konstruktsiooniga PTR-L100D s\u00f5idutamismasin pakub t\u00f5husat betooni viimistlust suurte pindade plaatide t\u00f6\u00f6tlemiseks kaubandus- v\u00f5i t\u00f6\u00f6stuskeskkondades.<\/p>","protected":false},"featured_media":9236,"template":"","meta":{"_kad_post_transparent":"default","_kad_post_title":"","_kad_post_layout":"default","_kad_post_sidebar_id":"","_kad_post_content_style":"default","_kad_post_vertical_padding":"default","_kad_post_feature":"","_kad_post_feature_position":"","_kad_post_header":false,"_kad_post_footer":false},"product_brand":[],"product_cat":[58],"product_tag":[1093,1094,1098,1091,1096,1092,1097,1099,1095,1100],"class_list":{"0":"post-9235","1":"product","2":"type-product","3":"status-publish","4":"has-post-thumbnail","6":"product_cat-ride-on-power-trowel","7":"product_tag-concrete-ride-on-trowel","8":"product_tag-concrete-ride-on-trowel-machine","9":"product_tag-concrete-surface-finishing-trowel","10":"product_tag-double-disc-ride-on-power-trowel","11":"product_tag-double-rotor-power-trowel","12":"product_tag-gasoline-ride-on-power-trowel","13":"product_tag-heavy-duty-ride-on-trowel","14":"product_tag-hydraulic-ride-on-trowel","15":"product_tag-ride-on-concrete-finishing-machine","16":"product_tag-ride-on-floor-trowel","18":"first","19":"instock","20":"shipping-taxable","21":"product-type-simple","22":"entry","23":"content-bg","24":"loop-entry"},"yoast_head":"<!-- This site is optimized with the Yoast SEO plugin v25.3.1 - https:\/\/yoast.com\/wordpress\/plugins\/seo\/ -->\n<title>Ride-On Power Trowel PTR-L100D - HSY Construction Machinery<\/title>\n<meta name=\"description\" content=\"PTR-L100D double-disc ride-on power trowel with Longxin engine delivers high-efficiency concrete finishing for large slabs in industrial and commercial projects.\" \/>\n<meta name=\"robots\" content=\"index, follow, max-snippet:-1, max-image-preview:large, max-video-preview:-1\" \/>\n<link rel=\"canonical\" href=\"https:\/\/www.hsymachinery.com\/et\/toode\/elektrikuhvel-ptr-l100d\/\" \/>\n<meta property=\"og:locale\" content=\"et_EE\" \/>\n<meta property=\"og:type\" content=\"article\" \/>\n<meta property=\"og:title\" content=\"Ride-On Power Trowel PTR-L100D - HSY Construction Machinery\" \/>\n<meta property=\"og:description\" content=\"PTR-L100D double-disc ride-on power trowel with Longxin engine delivers high-efficiency concrete finishing for large slabs in industrial and commercial projects.\" \/>\n<meta property=\"og:url\" content=\"https:\/\/www.hsymachinery.com\/et\/toode\/elektrikuhvel-ptr-l100d\/\" \/>\n<meta property=\"og:site_name\" content=\"HSY Construction Machinery\" \/>\n<meta property=\"article:modified_time\" content=\"2025-06-28T15:57:12+00:00\" \/>\n<meta property=\"og:image\" content=\"https:\/\/www.hsymachinery.com\/wp-content\/uploads\/2025\/06\/Ride-On-Power-Trowel-PTR-L100D.jpg\" \/>\n\t<meta property=\"og:image:width\" content=\"800\" \/>\n\t<meta property=\"og:image:height\" content=\"800\" \/>\n\t<meta property=\"og:image:type\" content=\"image\/jpeg\" \/>\n<meta name=\"twitter:card\" content=\"summary_large_image\" \/>\n<meta name=\"twitter:label1\" content=\"Est. reading time\" \/>\n\t<meta name=\"twitter:data1\" content=\"2 minutit\" \/>\n<script type=\"application\/ld+json\" class=\"yoast-schema-graph\">{\"@context\":\"https:\/\/schema.org\",\"@graph\":[{\"@type\":\"WebPage\",\"@id\":\"https:\/\/www.hsymachinery.com\/product\/ride-on-power-trowel-ptr-l100d\/\",\"url\":\"https:\/\/www.hsymachinery.com\/product\/ride-on-power-trowel-ptr-l100d\/\",\"name\":\"Ride-On Power Trowel PTR-L100D - HSY Construction Machinery\",\"isPartOf\":{\"@id\":\"https:\/\/www.hsymachinery.com\/#website\"},\"primaryImageOfPage\":{\"@id\":\"https:\/\/www.hsymachinery.com\/product\/ride-on-power-trowel-ptr-l100d\/#primaryimage\"},\"image\":{\"@id\":\"https:\/\/www.hsymachinery.com\/product\/ride-on-power-trowel-ptr-l100d\/#primaryimage\"},\"thumbnailUrl\":\"https:\/\/www.hsymachinery.com\/wp-content\/uploads\/2025\/06\/Ride-On-Power-Trowel-PTR-L100D.jpg\",\"datePublished\":\"2025-06-18T13:20:45+00:00\",\"dateModified\":\"2025-06-28T15:57:12+00:00\",\"description\":\"PTR-L100D double-disc ride-on power trowel with Longxin engine delivers high-efficiency concrete finishing for large slabs in industrial and commercial projects.\",\"breadcrumb\":{\"@id\":\"https:\/\/www.hsymachinery.com\/product\/ride-on-power-trowel-ptr-l100d\/#breadcrumb\"},\"inLanguage\":\"et\",\"potentialAction\":[{\"@type\":\"ReadAction\",\"target\":[\"https:\/\/www.hsymachinery.com\/product\/ride-on-power-trowel-ptr-l100d\/\"]}]},{\"@type\":\"ImageObject\",\"inLanguage\":\"et\",\"@id\":\"https:\/\/www.hsymachinery.com\/product\/ride-on-power-trowel-ptr-l100d\/#primaryimage\",\"url\":\"https:\/\/www.hsymachinery.com\/wp-content\/uploads\/2025\/06\/Ride-On-Power-Trowel-PTR-L100D.jpg\",\"contentUrl\":\"https:\/\/www.hsymachinery.com\/wp-content\/uploads\/2025\/06\/Ride-On-Power-Trowel-PTR-L100D.jpg\",\"width\":800,\"height\":800},{\"@type\":\"BreadcrumbList\",\"@id\":\"https:\/\/www.hsymachinery.com\/product\/ride-on-power-trowel-ptr-l100d\/#breadcrumb\",\"itemListElement\":[{\"@type\":\"ListItem\",\"position\":1,\"name\":\"home\",\"item\":\"https:\/\/www.hsymachinery.com\/\"},{\"@type\":\"ListItem\",\"position\":2,\"name\":\"products\",\"item\":\"https:\/\/www.hsymachinery.com\/products\/\"},{\"@type\":\"ListItem\",\"position\":3,\"name\":\"Ride-On Power Trowel PTR-L100D\"}]},{\"@type\":\"WebSite\",\"@id\":\"https:\/\/www.hsymachinery.com\/#website\",\"url\":\"https:\/\/www.hsymachinery.com\/\",\"name\":\"HSY Construction Machinery\",\"description\":\"HSY Machinery \u2013 A leading China construction machinery supplier, offering a wide range of light construction equipment. Our main products include Rebar Cutting Machine, Rebar Bending Machine, Rebar Stirrup Bending Machine, Rebar Arc Bending Machine, Rebar Straightening Machine, Five-Head Rebar Stirrup Bending Machine, Tamping Rammer, Plate Compactor, Concrete Cutter, Power Trowel, and other construction machinery. We are equipped with advanced CNC machines, and we enforce strict quality inspection standards along with comprehensive after-sales service. If you are interested in our products or services, we warmly welcome your inquiries via message.\",\"publisher\":{\"@id\":\"https:\/\/www.hsymachinery.com\/#organization\"},\"potentialAction\":[{\"@type\":\"SearchAction\",\"target\":{\"@type\":\"EntryPoint\",\"urlTemplate\":\"https:\/\/www.hsymachinery.com\/?s={search_term_string}\"},\"query-input\":{\"@type\":\"PropertyValueSpecification\",\"valueRequired\":true,\"valueName\":\"search_term_string\"}}],\"inLanguage\":\"et\"},{\"@type\":\"Organization\",\"@id\":\"https:\/\/www.hsymachinery.com\/#organization\",\"name\":\"HSY Construction Machinery\",\"url\":\"https:\/\/www.hsymachinery.com\/\",\"logo\":{\"@type\":\"ImageObject\",\"inLanguage\":\"et\",\"@id\":\"https:\/\/www.hsymachinery.com\/#\/schema\/logo\/image\/\",\"url\":\"https:\/\/www.hsymachinery.com\/wp-content\/uploads\/2025\/06\/cropped-HSY-machinery.png\",\"contentUrl\":\"https:\/\/www.hsymachinery.com\/wp-content\/uploads\/2025\/06\/cropped-HSY-machinery.png\",\"width\":600,\"height\":240,\"caption\":\"HSY Construction Machinery\"},\"image\":{\"@id\":\"https:\/\/www.hsymachinery.com\/#\/schema\/logo\/image\/\"}}]}<\/script>\n<!-- \/ Yoast SEO plugin. -->","yoast_head_json":{"title":"S\u00f5iduki pealekantav lihvimismasin PTR-L100D - HSY ehitusmasinad","description":"Longxin-mootoriga kahel\u00f5ikuriga PTR-L100D pakub suure t\u00f5hususega betooni viimistlust suurte plaatide t\u00f6\u00f6tlemiseks t\u00f6\u00f6stus- ja kaubandusprojektides.","robots":{"index":"index","follow":"follow","max-snippet":"max-snippet:-1","max-image-preview":"max-image-preview:large","max-video-preview":"max-video-preview:-1"},"canonical":"https:\/\/www.hsymachinery.com\/et\/toode\/elektrikuhvel-ptr-l100d\/","og_locale":"et_EE","og_type":"article","og_title":"Ride-On Power Trowel PTR-L100D - HSY Construction Machinery","og_description":"PTR-L100D double-disc ride-on power trowel with Longxin engine delivers high-efficiency concrete finishing for large slabs in industrial and commercial projects.","og_url":"https:\/\/www.hsymachinery.com\/et\/toode\/elektrikuhvel-ptr-l100d\/","og_site_name":"HSY Construction Machinery","article_modified_time":"2025-06-28T15:57:12+00:00","og_image":[{"width":800,"height":800,"url":"https:\/\/www.hsymachinery.com\/wp-content\/uploads\/2025\/06\/Ride-On-Power-Trowel-PTR-L100D.jpg","type":"image\/jpeg"}],"twitter_card":"summary_large_image","twitter_misc":{"Est. reading time":"2 minutit"},"schema":{"@context":"https:\/\/schema.org","@graph":[{"@type":"WebPage","@id":"https:\/\/www.hsymachinery.com\/product\/ride-on-power-trowel-ptr-l100d\/","url":"https:\/\/www.hsymachinery.com\/product\/ride-on-power-trowel-ptr-l100d\/","name":"S\u00f5iduki pealekantav lihvimismasin PTR-L100D - HSY ehitusmasinad","isPartOf":{"@id":"https:\/\/www.hsymachinery.com\/#website"},"primaryImageOfPage":{"@id":"https:\/\/www.hsymachinery.com\/product\/ride-on-power-trowel-ptr-l100d\/#primaryimage"},"image":{"@id":"https:\/\/www.hsymachinery.com\/product\/ride-on-power-trowel-ptr-l100d\/#primaryimage"},"thumbnailUrl":"https:\/\/www.hsymachinery.com\/wp-content\/uploads\/2025\/06\/Ride-On-Power-Trowel-PTR-L100D.jpg","datePublished":"2025-06-18T13:20:45+00:00","dateModified":"2025-06-28T15:57:12+00:00","description":"Longxin-mootoriga kahel\u00f5ikuriga PTR-L100D pakub suure t\u00f5hususega betooni viimistlust suurte plaatide t\u00f6\u00f6tlemiseks t\u00f6\u00f6stus- ja kaubandusprojektides.","breadcrumb":{"@id":"https:\/\/www.hsymachinery.com\/product\/ride-on-power-trowel-ptr-l100d\/#breadcrumb"},"inLanguage":"et","potentialAction":[{"@type":"ReadAction","target":["https:\/\/www.hsymachinery.com\/product\/ride-on-power-trowel-ptr-l100d\/"]}]},{"@type":"ImageObject","inLanguage":"et","@id":"https:\/\/www.hsymachinery.com\/product\/ride-on-power-trowel-ptr-l100d\/#primaryimage","url":"https:\/\/www.hsymachinery.com\/wp-content\/uploads\/2025\/06\/Ride-On-Power-Trowel-PTR-L100D.jpg","contentUrl":"https:\/\/www.hsymachinery.com\/wp-content\/uploads\/2025\/06\/Ride-On-Power-Trowel-PTR-L100D.jpg","width":800,"height":800},{"@type":"BreadcrumbList","@id":"https:\/\/www.hsymachinery.com\/product\/ride-on-power-trowel-ptr-l100d\/#breadcrumb","itemListElement":[{"@type":"ListItem","position":1,"name":"home","item":"https:\/\/www.hsymachinery.com\/"},{"@type":"ListItem","position":2,"name":"products","item":"https:\/\/www.hsymachinery.com\/products\/"},{"@type":"ListItem","position":3,"name":"Ride-On Power Trowel PTR-L100D"}]},{"@type":"WebSite","@id":"https:\/\/www.hsymachinery.com\/#website","url":"https:\/\/www.hsymachinery.com\/","name":"HSY ehitusmasinad","description":"HSY Machinery - juhtiv Hiina ehitusmasinate tarnija, kes pakub laias valikus kerget ehitusseadmeid. Meie peamised tooted on Rebar Cutting Machine, Rebar Bending Machine, Rebar Stirrup Bending Machine, Rebar Arc Bending Machine, Rebar Straightening Machine, Five-Head Rebar Stirrup Bending Machine, Tamping Rammer, Plate Compactor, Betoon Cutter, Power Trowel ja muud ehitusmasinad. Oleme varustatud t\u00e4iustatud CNC-masinatega ja rakendame rangeid kvaliteedikontrolli standardeid koos tervikliku m\u00fc\u00fcgij\u00e4rgse teenindusega. Kui olete huvitatud meie toodetest v\u00f5i teenustest, ootame soojalt teie p\u00e4ringuid s\u00f5numi teel.","publisher":{"@id":"https:\/\/www.hsymachinery.com\/#organization"},"potentialAction":[{"@type":"SearchAction","target":{"@type":"EntryPoint","urlTemplate":"https:\/\/www.hsymachinery.com\/?s={search_term_string}"},"query-input":{"@type":"PropertyValueSpecification","valueRequired":true,"valueName":"search_term_string"}}],"inLanguage":"et"},{"@type":"Organization","@id":"https:\/\/www.hsymachinery.com\/#organization","name":"HSY ehitusmasinad","url":"https:\/\/www.hsymachinery.com\/","logo":{"@type":"ImageObject","inLanguage":"et","@id":"https:\/\/www.hsymachinery.com\/#\/schema\/logo\/image\/","url":"https:\/\/www.hsymachinery.com\/wp-content\/uploads\/2025\/06\/cropped-HSY-machinery.png","contentUrl":"https:\/\/www.hsymachinery.com\/wp-content\/uploads\/2025\/06\/cropped-HSY-machinery.png","width":600,"height":240,"caption":"HSY Construction Machinery"},"image":{"@id":"https:\/\/www.hsymachinery.com\/#\/schema\/logo\/image\/"}}]}},"_links":{"self":[{"href":"https:\/\/www.hsymachinery.com\/et\/wp-json\/wp\/v2\/product\/9235","targetHints":{"allow":["GET"]}}],"collection":[{"href":"https:\/\/www.hsymachinery.com\/et\/wp-json\/wp\/v2\/product"}],"about":[{"href":"https:\/\/www.hsymachinery.com\/et\/wp-json\/wp\/v2\/types\/product"}],"version-history":[{"count":3,"href":"https:\/\/www.hsymachinery.com\/et\/wp-json\/wp\/v2\/product\/9235\/revisions"}],"predecessor-version":[{"id":9626,"href":"https:\/\/www.hsymachinery.com\/et\/wp-json\/wp\/v2\/product\/9235\/revisions\/9626"}],"wp:featuredmedia":[{"embeddable":true,"href":"https:\/\/www.hsymachinery.com\/et\/wp-json\/wp\/v2\/media\/9236"}],"wp:attachment":[{"href":"https:\/\/www.hsymachinery.com\/et\/wp-json\/wp\/v2\/media?parent=9235"}],"wp:term":[{"taxonomy":"product_brand","embeddable":true,"href":"https:\/\/www.hsymachinery.com\/et\/wp-json\/wp\/v2\/product_brand?post=9235"},{"taxonomy":"product_cat","embeddable":true,"href":"https:\/\/www.hsymachinery.com\/et\/wp-json\/wp\/v2\/product_cat?post=9235"},{"taxonomy":"product_tag","embeddable":true,"href":"https:\/\/www.hsymachinery.com\/et\/wp-json\/wp\/v2\/product_tag?post=9235"}],"curies":[{"name":"wp","href":"https:\/\/api.w.org\/{rel}","templated":true}]}}