{"id":9220,"date":"2025-06-18T21:12:28","date_gmt":"2025-06-18T13:12:28","guid":{"rendered":"https:\/\/www.hsymachinery.com\/?post_type=product&#038;p=9220"},"modified":"2025-06-28T23:39:09","modified_gmt":"2025-06-28T15:39:09","slug":"elektrikuhvel-ptr-l80","status":"publish","type":"product","link":"https:\/\/www.hsymachinery.com\/et\/toode\/elektrikuhvel-ptr-l80\/","title":{"rendered":"S\u00f5iduki pealekantav lihvimislapp PTR-L80"},"content":{"rendered":"<h2 data-start=\"139\" data-end=\"175\">S\u00f5iduki pealekantav lihvimislapp PTR-L80<\/h2>\n<h3 data-start=\"176\" data-end=\"291\">PTR-L80 Ride-On betoonilabidas Longxin bensiinimootoriga | Keskmise suurusega plaatide t\u00f5hus p\u00f5randaviimistlus<\/h3>\n<h3 data-start=\"298\" data-end=\"395\">Tootekirjeldus - Usaldusv\u00e4\u00e4rne Longxin-mootoriga s\u00f5iduautomaatkelgur siledate betoonpindade jaoks<a href=\"https:\/\/www.hsymachinery.com\/et\/tooted\/soitma-elektrikuhvlilega\/\" target=\"_blank\" rel=\"noopener\"><img fetchpriority=\"high\" decoding=\"async\" class=\"wp-image-9616 alignright\" src=\"https:\/\/www.hsymachinery.com\/wp-content\/uploads\/2025\/06\/Sitting-Type-Power-Trowel-209x300.jpg\" alt=\"\" width=\"451\" height=\"647\" srcset=\"https:\/\/www.hsymachinery.com\/wp-content\/uploads\/2025\/06\/Sitting-Type-Power-Trowel-209x300.jpg 209w, https:\/\/www.hsymachinery.com\/wp-content\/uploads\/2025\/06\/Sitting-Type-Power-Trowel-713x1024.jpg 713w, https:\/\/www.hsymachinery.com\/wp-content\/uploads\/2025\/06\/Sitting-Type-Power-Trowel-768x1103.jpg 768w, https:\/\/www.hsymachinery.com\/wp-content\/uploads\/2025\/06\/Sitting-Type-Power-Trowel-600x862.jpg 600w, https:\/\/www.hsymachinery.com\/wp-content\/uploads\/2025\/06\/Sitting-Type-Power-Trowel.jpg 800w\" sizes=\"(max-width: 451px) 100vw, 451px\" \/><\/a><\/h3>\n<p data-start=\"397\" data-end=\"689\">The <strong data-start=\"401\" data-end=\"433\">PTR-L80 s\u00f5idutatav elektriline lihvimismasin PTR-L80<\/strong> pakub v\u00f5imsat ja t\u00f5husat lahendust keskmise suurusega betoonplaatide viimistlemiseks. Usaldusv\u00e4\u00e4rse Longxini bensiinimootori j\u00f5ul t\u00f6\u00f6tav pealekandmismasin pakub kogu viimistlusprotsessi v\u00e4ltel \u00fchtlast v\u00f5imsust ja sujuvat t\u00f6\u00f6d.<\/p>\n<p data-start=\"691\" data-end=\"1053\">Sellel mudelil on 80 cm pikkune kaheplaadiline silumiss\u00fcsteem, mis tagab kiire ja \u00fchtlase pinnakatte. S\u00f5iduki konstruktsioon suurendab operaatori mugavust ja tootlikkust, v\u00f5imaldades kasutajal istuda masinat juhtides, v\u00e4hendades v\u00e4simust pikkade vahetuste ajal. Lisaks v\u00f5imaldab tundlik juhtimiss\u00fcsteem t\u00e4pset man\u00f6\u00f6verdamist isegi kitsastes kohtades.<\/p>\n<p data-start=\"1055\" data-end=\"1379\">Lisaks sellele on PTR-L80-l reguleeritava tera sammu mehhanism. Operaatorid saavad h\u00f5lpsasti vahetada ujuv- ja poleerimisre\u017eiimi vahel, tagades kvaliteetse viimistluse igal betoonpinnal. Vastupidav raam ja tugev k\u00e4igukast suurendavad masina pikaealisust, mis teeb sellest usaldusv\u00e4\u00e4rse valiku ehitusprofessionaalidele.<\/p>\n<p data-start=\"1381\" data-end=\"1639\">T\u00e4nu oma kompaktsele suurusele ja k\u00fctuses\u00e4\u00e4stlikkusele sobib PTR-L80 ideaalselt kasutamiseks parklates, laoplatsidel ja \u00e4rihoonetes. See annab suurep\u00e4raseid tulemusi t\u00f6\u00f6v\u00f5tjatele, kes vajavad tasakaalu v\u00f5imsuse, t\u00e4psuse ja liikuvuse vahel.<\/p>\n<h3 data-start=\"1646\" data-end=\"1697\">PTR-L80 peamisteks omadusteks on: PTR-L80 Ride-On Power Trowel<\/h3>\n<ul data-start=\"1699\" data-end=\"2065\">\n<li data-start=\"1699\" data-end=\"1768\">\n<p data-start=\"1701\" data-end=\"1768\">Varustatud Longxin bensiinimootoriga, mis tagab stabiilse ja tugeva v\u00f5imsuse.<\/p>\n<\/li>\n<li data-start=\"1769\" data-end=\"1829\">\n<p data-start=\"1771\" data-end=\"1829\">80 cm topeltkettaga lihvimiss\u00fcsteem t\u00f5husaks viimistlemiseks<\/p>\n<\/li>\n<li data-start=\"1830\" data-end=\"1892\">\n<p data-start=\"1832\" data-end=\"1892\">Ride-on disain suurendab operaatori mugavust ja v\u00e4hendab v\u00e4simust<\/p>\n<\/li>\n<li data-start=\"1893\" data-end=\"1951\">\n<p data-start=\"1895\" data-end=\"1951\">Reguleeritav tera samm mitmek\u00fclgse viimistluse kontrollimiseks<\/p>\n<\/li>\n<li data-start=\"1952\" data-end=\"2003\">\n<p data-start=\"1954\" data-end=\"2003\">Reageeriv juhtimiss\u00fcsteem t\u00e4pse juhitavuse tagamiseks<\/p>\n<\/li>\n<li data-start=\"2004\" data-end=\"2065\">\n<p data-start=\"2006\" data-end=\"2065\">Vastupidav konstruktsioon tagab vastupidavuse rasketel t\u00f6\u00f6kohtadel<\/p>\n<\/li>\n<\/ul>\n<h3 data-start=\"2072\" data-end=\"2160\">Rakendused - Sobib keskmise suurusega kaubandus- ja t\u00f6\u00f6stuslike betoonplaatide jaoks.<\/h3>\n<p data-start=\"2162\" data-end=\"2431\">PTR-L80 sobib suurep\u00e4raselt projektidele, mis n\u00f5uavad siledat ja \u00fchtlast betoonpinda, sealhulgas kaubanduslikele parkimisaladele, t\u00f6\u00f6stusladudele ja keskmise suurusega p\u00f5randaplaatidele. T\u00e4nu kasutusmugavusele ja j\u00f5udlusele on see professionaalne t\u00f6\u00f6v\u00f5tja populaarne valik.<\/p>\n<p><iframe title=\"elektrik\u00fchvel,s\u00f5idutatav elektrik\u00fchvel,k\u00e4sitsi l\u00fckatav elektrik\u00fchvel,kihvt,betoonik\u00fchvel\" width=\"720\" height=\"405\" src=\"https:\/\/www.youtube.com\/embed\/f6bzSaqMaws?feature=oembed\" frameborder=\"0\" allow=\"accelerometer; autoplay; clipboard-write; encrypted-media; gyroscope; picture-in-picture; web-share\" referrerpolicy=\"strict-origin-when-cross-origin\" allowfullscreen><\/iframe><\/p>","protected":false},"excerpt":{"rendered":"<p>Longxin-mootoriga PTR-L80 s\u00f5idutamismasin pakub t\u00f5husat ja mugavat betooni viimistlust keskmise suurusega plaatidel, mis on ideaalne \u00e4ri- ja t\u00f6\u00f6stusprojektide jaoks.<\/p>","protected":false},"featured_media":9224,"template":"","meta":{"_kad_post_transparent":"default","_kad_post_title":"","_kad_post_layout":"default","_kad_post_sidebar_id":"","_kad_post_content_style":"default","_kad_post_vertical_padding":"default","_kad_post_feature":"","_kad_post_feature_position":"","_kad_post_header":false,"_kad_post_footer":false},"product_brand":[],"product_cat":[58],"product_tag":[1093,1094,1098,1091,1096,1092,1097,1099,1095,1100],"class_list":{"0":"post-9220","1":"product","2":"type-product","3":"status-publish","4":"has-post-thumbnail","6":"product_cat-ride-on-power-trowel","7":"product_tag-concrete-ride-on-trowel","8":"product_tag-concrete-ride-on-trowel-machine","9":"product_tag-concrete-surface-finishing-trowel","10":"product_tag-double-disc-ride-on-power-trowel","11":"product_tag-double-rotor-power-trowel","12":"product_tag-gasoline-ride-on-power-trowel","13":"product_tag-heavy-duty-ride-on-trowel","14":"product_tag-hydraulic-ride-on-trowel","15":"product_tag-ride-on-concrete-finishing-machine","16":"product_tag-ride-on-floor-trowel","18":"first","19":"instock","20":"shipping-taxable","21":"product-type-simple","22":"entry","23":"content-bg","24":"loop-entry"},"yoast_head":"<!-- This site is optimized with the Yoast SEO plugin v25.3.1 - https:\/\/yoast.com\/wordpress\/plugins\/seo\/ -->\n<title>Ride-On Power Trowel PTR-L80 - HSY Construction Machinery<\/title>\n<meta name=\"description\" content=\"PTR-L80 ride-on concrete trowel with Longxin gasoline engine offers reliable power and efficient finishing for medium-sized slabs. Perfect for parking lots and warehouses.\" \/>\n<meta name=\"robots\" content=\"index, follow, max-snippet:-1, max-image-preview:large, max-video-preview:-1\" \/>\n<link rel=\"canonical\" href=\"https:\/\/www.hsymachinery.com\/et\/toode\/elektrikuhvel-ptr-l80\/\" \/>\n<meta property=\"og:locale\" content=\"et_EE\" \/>\n<meta property=\"og:type\" content=\"article\" \/>\n<meta property=\"og:title\" content=\"Ride-On Power Trowel PTR-L80 - HSY Construction Machinery\" \/>\n<meta property=\"og:description\" content=\"PTR-L80 ride-on concrete trowel with Longxin gasoline engine offers reliable power and efficient finishing for medium-sized slabs. Perfect for parking lots and warehouses.\" \/>\n<meta property=\"og:url\" content=\"https:\/\/www.hsymachinery.com\/et\/toode\/elektrikuhvel-ptr-l80\/\" \/>\n<meta property=\"og:site_name\" content=\"HSY Construction Machinery\" \/>\n<meta property=\"article:modified_time\" content=\"2025-06-28T15:39:09+00:00\" \/>\n<meta property=\"og:image\" content=\"https:\/\/www.hsymachinery.com\/wp-content\/uploads\/2025\/06\/Ride-On-Power-Trowel-PTR-L80.jpg\" \/>\n\t<meta property=\"og:image:width\" content=\"800\" \/>\n\t<meta property=\"og:image:height\" content=\"800\" \/>\n\t<meta property=\"og:image:type\" content=\"image\/jpeg\" \/>\n<meta name=\"twitter:card\" content=\"summary_large_image\" \/>\n<meta name=\"twitter:label1\" content=\"Est. reading time\" \/>\n\t<meta name=\"twitter:data1\" content=\"2 minutit\" \/>\n<script type=\"application\/ld+json\" class=\"yoast-schema-graph\">{\"@context\":\"https:\/\/schema.org\",\"@graph\":[{\"@type\":\"WebPage\",\"@id\":\"https:\/\/www.hsymachinery.com\/product\/ride-on-power-trowel-ptr-l80\/\",\"url\":\"https:\/\/www.hsymachinery.com\/product\/ride-on-power-trowel-ptr-l80\/\",\"name\":\"Ride-On Power Trowel PTR-L80 - HSY Construction Machinery\",\"isPartOf\":{\"@id\":\"https:\/\/www.hsymachinery.com\/#website\"},\"primaryImageOfPage\":{\"@id\":\"https:\/\/www.hsymachinery.com\/product\/ride-on-power-trowel-ptr-l80\/#primaryimage\"},\"image\":{\"@id\":\"https:\/\/www.hsymachinery.com\/product\/ride-on-power-trowel-ptr-l80\/#primaryimage\"},\"thumbnailUrl\":\"https:\/\/www.hsymachinery.com\/wp-content\/uploads\/2025\/06\/Ride-On-Power-Trowel-PTR-L80.jpg\",\"datePublished\":\"2025-06-18T13:12:28+00:00\",\"dateModified\":\"2025-06-28T15:39:09+00:00\",\"description\":\"PTR-L80 ride-on concrete trowel with Longxin gasoline engine offers reliable power and efficient finishing for medium-sized slabs. Perfect for parking lots and warehouses.\",\"breadcrumb\":{\"@id\":\"https:\/\/www.hsymachinery.com\/product\/ride-on-power-trowel-ptr-l80\/#breadcrumb\"},\"inLanguage\":\"et\",\"potentialAction\":[{\"@type\":\"ReadAction\",\"target\":[\"https:\/\/www.hsymachinery.com\/product\/ride-on-power-trowel-ptr-l80\/\"]}]},{\"@type\":\"ImageObject\",\"inLanguage\":\"et\",\"@id\":\"https:\/\/www.hsymachinery.com\/product\/ride-on-power-trowel-ptr-l80\/#primaryimage\",\"url\":\"https:\/\/www.hsymachinery.com\/wp-content\/uploads\/2025\/06\/Ride-On-Power-Trowel-PTR-L80.jpg\",\"contentUrl\":\"https:\/\/www.hsymachinery.com\/wp-content\/uploads\/2025\/06\/Ride-On-Power-Trowel-PTR-L80.jpg\",\"width\":800,\"height\":800},{\"@type\":\"BreadcrumbList\",\"@id\":\"https:\/\/www.hsymachinery.com\/product\/ride-on-power-trowel-ptr-l80\/#breadcrumb\",\"itemListElement\":[{\"@type\":\"ListItem\",\"position\":1,\"name\":\"home\",\"item\":\"https:\/\/www.hsymachinery.com\/\"},{\"@type\":\"ListItem\",\"position\":2,\"name\":\"products\",\"item\":\"https:\/\/www.hsymachinery.com\/products\/\"},{\"@type\":\"ListItem\",\"position\":3,\"name\":\"Ride-On Power Trowel PTR-L80\"}]},{\"@type\":\"WebSite\",\"@id\":\"https:\/\/www.hsymachinery.com\/#website\",\"url\":\"https:\/\/www.hsymachinery.com\/\",\"name\":\"HSY Construction Machinery\",\"description\":\"HSY Machinery \u2013 A leading China construction machinery supplier, offering a wide range of light construction equipment. Our main products include Rebar Cutting Machine, Rebar Bending Machine, Rebar Stirrup Bending Machine, Rebar Arc Bending Machine, Rebar Straightening Machine, Five-Head Rebar Stirrup Bending Machine, Tamping Rammer, Plate Compactor, Concrete Cutter, Power Trowel, and other construction machinery. We are equipped with advanced CNC machines, and we enforce strict quality inspection standards along with comprehensive after-sales service. If you are interested in our products or services, we warmly welcome your inquiries via message.\",\"publisher\":{\"@id\":\"https:\/\/www.hsymachinery.com\/#organization\"},\"potentialAction\":[{\"@type\":\"SearchAction\",\"target\":{\"@type\":\"EntryPoint\",\"urlTemplate\":\"https:\/\/www.hsymachinery.com\/?s={search_term_string}\"},\"query-input\":{\"@type\":\"PropertyValueSpecification\",\"valueRequired\":true,\"valueName\":\"search_term_string\"}}],\"inLanguage\":\"et\"},{\"@type\":\"Organization\",\"@id\":\"https:\/\/www.hsymachinery.com\/#organization\",\"name\":\"HSY Construction Machinery\",\"url\":\"https:\/\/www.hsymachinery.com\/\",\"logo\":{\"@type\":\"ImageObject\",\"inLanguage\":\"et\",\"@id\":\"https:\/\/www.hsymachinery.com\/#\/schema\/logo\/image\/\",\"url\":\"https:\/\/www.hsymachinery.com\/wp-content\/uploads\/2025\/06\/cropped-HSY-machinery.png\",\"contentUrl\":\"https:\/\/www.hsymachinery.com\/wp-content\/uploads\/2025\/06\/cropped-HSY-machinery.png\",\"width\":600,\"height\":240,\"caption\":\"HSY Construction Machinery\"},\"image\":{\"@id\":\"https:\/\/www.hsymachinery.com\/#\/schema\/logo\/image\/\"}}]}<\/script>\n<!-- \/ Yoast SEO plugin. -->","yoast_head_json":{"title":"S\u00f5iduki pealekantav lihvimismasin PTR-L80 - HSY ehitusmasinad","description":"Longxin bensiinimootoriga s\u00f5itev betoonit\u00f6\u00f6laud PTR-L80 pakub usaldusv\u00e4\u00e4rset v\u00f5imsust ja t\u00f5husat viimistlust keskmise suurusega plaatide t\u00f6\u00f6tlemiseks. Sobib ideaalselt parklate ja ladude jaoks.","robots":{"index":"index","follow":"follow","max-snippet":"max-snippet:-1","max-image-preview":"max-image-preview:large","max-video-preview":"max-video-preview:-1"},"canonical":"https:\/\/www.hsymachinery.com\/et\/toode\/elektrikuhvel-ptr-l80\/","og_locale":"et_EE","og_type":"article","og_title":"Ride-On Power Trowel PTR-L80 - HSY Construction Machinery","og_description":"PTR-L80 ride-on concrete trowel with Longxin gasoline engine offers reliable power and efficient finishing for medium-sized slabs. Perfect for parking lots and warehouses.","og_url":"https:\/\/www.hsymachinery.com\/et\/toode\/elektrikuhvel-ptr-l80\/","og_site_name":"HSY Construction Machinery","article_modified_time":"2025-06-28T15:39:09+00:00","og_image":[{"width":800,"height":800,"url":"https:\/\/www.hsymachinery.com\/wp-content\/uploads\/2025\/06\/Ride-On-Power-Trowel-PTR-L80.jpg","type":"image\/jpeg"}],"twitter_card":"summary_large_image","twitter_misc":{"Est. reading time":"2 minutit"},"schema":{"@context":"https:\/\/schema.org","@graph":[{"@type":"WebPage","@id":"https:\/\/www.hsymachinery.com\/product\/ride-on-power-trowel-ptr-l80\/","url":"https:\/\/www.hsymachinery.com\/product\/ride-on-power-trowel-ptr-l80\/","name":"S\u00f5iduki pealekantav lihvimismasin PTR-L80 - HSY ehitusmasinad","isPartOf":{"@id":"https:\/\/www.hsymachinery.com\/#website"},"primaryImageOfPage":{"@id":"https:\/\/www.hsymachinery.com\/product\/ride-on-power-trowel-ptr-l80\/#primaryimage"},"image":{"@id":"https:\/\/www.hsymachinery.com\/product\/ride-on-power-trowel-ptr-l80\/#primaryimage"},"thumbnailUrl":"https:\/\/www.hsymachinery.com\/wp-content\/uploads\/2025\/06\/Ride-On-Power-Trowel-PTR-L80.jpg","datePublished":"2025-06-18T13:12:28+00:00","dateModified":"2025-06-28T15:39:09+00:00","description":"Longxin bensiinimootoriga s\u00f5itev betoonit\u00f6\u00f6laud PTR-L80 pakub usaldusv\u00e4\u00e4rset v\u00f5imsust ja t\u00f5husat viimistlust keskmise suurusega plaatide t\u00f6\u00f6tlemiseks. Sobib ideaalselt parklate ja ladude jaoks.","breadcrumb":{"@id":"https:\/\/www.hsymachinery.com\/product\/ride-on-power-trowel-ptr-l80\/#breadcrumb"},"inLanguage":"et","potentialAction":[{"@type":"ReadAction","target":["https:\/\/www.hsymachinery.com\/product\/ride-on-power-trowel-ptr-l80\/"]}]},{"@type":"ImageObject","inLanguage":"et","@id":"https:\/\/www.hsymachinery.com\/product\/ride-on-power-trowel-ptr-l80\/#primaryimage","url":"https:\/\/www.hsymachinery.com\/wp-content\/uploads\/2025\/06\/Ride-On-Power-Trowel-PTR-L80.jpg","contentUrl":"https:\/\/www.hsymachinery.com\/wp-content\/uploads\/2025\/06\/Ride-On-Power-Trowel-PTR-L80.jpg","width":800,"height":800},{"@type":"BreadcrumbList","@id":"https:\/\/www.hsymachinery.com\/product\/ride-on-power-trowel-ptr-l80\/#breadcrumb","itemListElement":[{"@type":"ListItem","position":1,"name":"home","item":"https:\/\/www.hsymachinery.com\/"},{"@type":"ListItem","position":2,"name":"products","item":"https:\/\/www.hsymachinery.com\/products\/"},{"@type":"ListItem","position":3,"name":"Ride-On Power Trowel PTR-L80"}]},{"@type":"WebSite","@id":"https:\/\/www.hsymachinery.com\/#website","url":"https:\/\/www.hsymachinery.com\/","name":"HSY ehitusmasinad","description":"HSY Machinery - juhtiv Hiina ehitusmasinate tarnija, kes pakub laias valikus kerget ehitusseadmeid. Meie peamised tooted on Rebar Cutting Machine, Rebar Bending Machine, Rebar Stirrup Bending Machine, Rebar Arc Bending Machine, Rebar Straightening Machine, Five-Head Rebar Stirrup Bending Machine, Tamping Rammer, Plate Compactor, Betoon Cutter, Power Trowel ja muud ehitusmasinad. Oleme varustatud t\u00e4iustatud CNC-masinatega ja rakendame rangeid kvaliteedikontrolli standardeid koos tervikliku m\u00fc\u00fcgij\u00e4rgse teenindusega. Kui olete huvitatud meie toodetest v\u00f5i teenustest, ootame soojalt teie p\u00e4ringuid s\u00f5numi teel.","publisher":{"@id":"https:\/\/www.hsymachinery.com\/#organization"},"potentialAction":[{"@type":"SearchAction","target":{"@type":"EntryPoint","urlTemplate":"https:\/\/www.hsymachinery.com\/?s={search_term_string}"},"query-input":{"@type":"PropertyValueSpecification","valueRequired":true,"valueName":"search_term_string"}}],"inLanguage":"et"},{"@type":"Organization","@id":"https:\/\/www.hsymachinery.com\/#organization","name":"HSY ehitusmasinad","url":"https:\/\/www.hsymachinery.com\/","logo":{"@type":"ImageObject","inLanguage":"et","@id":"https:\/\/www.hsymachinery.com\/#\/schema\/logo\/image\/","url":"https:\/\/www.hsymachinery.com\/wp-content\/uploads\/2025\/06\/cropped-HSY-machinery.png","contentUrl":"https:\/\/www.hsymachinery.com\/wp-content\/uploads\/2025\/06\/cropped-HSY-machinery.png","width":600,"height":240,"caption":"HSY Construction Machinery"},"image":{"@id":"https:\/\/www.hsymachinery.com\/#\/schema\/logo\/image\/"}}]}},"_links":{"self":[{"href":"https:\/\/www.hsymachinery.com\/et\/wp-json\/wp\/v2\/product\/9220","targetHints":{"allow":["GET"]}}],"collection":[{"href":"https:\/\/www.hsymachinery.com\/et\/wp-json\/wp\/v2\/product"}],"about":[{"href":"https:\/\/www.hsymachinery.com\/et\/wp-json\/wp\/v2\/types\/product"}],"version-history":[{"count":3,"href":"https:\/\/www.hsymachinery.com\/et\/wp-json\/wp\/v2\/product\/9220\/revisions"}],"predecessor-version":[{"id":9618,"href":"https:\/\/www.hsymachinery.com\/et\/wp-json\/wp\/v2\/product\/9220\/revisions\/9618"}],"wp:featuredmedia":[{"embeddable":true,"href":"https:\/\/www.hsymachinery.com\/et\/wp-json\/wp\/v2\/media\/9224"}],"wp:attachment":[{"href":"https:\/\/www.hsymachinery.com\/et\/wp-json\/wp\/v2\/media?parent=9220"}],"wp:term":[{"taxonomy":"product_brand","embeddable":true,"href":"https:\/\/www.hsymachinery.com\/et\/wp-json\/wp\/v2\/product_brand?post=9220"},{"taxonomy":"product_cat","embeddable":true,"href":"https:\/\/www.hsymachinery.com\/et\/wp-json\/wp\/v2\/product_cat?post=9220"},{"taxonomy":"product_tag","embeddable":true,"href":"https:\/\/www.hsymachinery.com\/et\/wp-json\/wp\/v2\/product_tag?post=9220"}],"curies":[{"name":"wp","href":"https:\/\/api.w.org\/{rel}","templated":true}]}}