{"id":9190,"date":"2025-06-18T20:21:17","date_gmt":"2025-06-18T12:21:17","guid":{"rendered":"https:\/\/www.hsymachinery.com\/?post_type=product&#038;p=9190"},"modified":"2025-06-28T22:36:18","modified_gmt":"2025-06-28T14:36:18","slug":"jalutuskaigu-taga-olev-elektrikuhvel-pth-c60-90","status":"publish","type":"product","link":"https:\/\/www.hsymachinery.com\/et\/toode\/jalutuskaigu-taga-olev-elektrikuhvel-pth-c60-90\/","title":{"rendered":"Jalutusk\u00e4igukelgur PTH-C60\/90"},"content":{"rendered":"<h2 data-start=\"138\" data-end=\"181\">Jalutusk\u00e4igukelgur PTH-C60\/90<\/h2>\n<h3 data-start=\"182\" data-end=\"288\">PTH-C60\/90 Diiselmootoriga betoonilabidas | Kompaktne ja v\u00f5imas viimistlemine k\u00fctusetundlikel ehitusplatsidel<\/h3>\n<h3 data-start=\"295\" data-end=\"386\">Toote kirjeldus - Kompaktne diiselmootoriga lihvimislapp mitmek\u00fclgseks betooni viimistlemiseks<a href=\"https:\/\/www.hsymachinery.com\/et\/tooted\/jalutuskaigu-tagant-elektrikuhvel\/\" target=\"_blank\" rel=\"noopener\"><img fetchpriority=\"high\" decoding=\"async\" class=\"wp-image-9191 alignright\" src=\"https:\/\/www.hsymachinery.com\/wp-content\/uploads\/2025\/06\/Walk-Behind-Power-Trowel-PTH-C60-244x300.jpg\" alt=\"\" width=\"451\" height=\"555\" srcset=\"https:\/\/www.hsymachinery.com\/wp-content\/uploads\/2025\/06\/Walk-Behind-Power-Trowel-PTH-C60-244x300.jpg 244w, https:\/\/www.hsymachinery.com\/wp-content\/uploads\/2025\/06\/Walk-Behind-Power-Trowel-PTH-C60.jpg 600w\" sizes=\"(max-width: 451px) 100vw, 451px\" \/><\/a><\/h3>\n<p data-start=\"388\" data-end=\"756\">The <strong data-start=\"392\" data-end=\"431\">PTH-C60\/90 jalutusk\u00e4igukelgur PTH-C60\/90<\/strong> pakub suurep\u00e4raseid tulemusi betoonpindade viimistlemisel kompaktses raamis, mille j\u00f5uallikaks on usaldusv\u00e4\u00e4rne diiselmootor. See mudel on m\u00f5eldud professionaalidele, kes t\u00f6\u00f6tavad piirkondades, kus bensiin on piiratud v\u00f5i ei ole k\u00e4ttesaadav, ning selles mudelis on \u00fchendatud k\u00fctuse paindlikkus, p\u00f6\u00f6rdemomendi stabiilsus ja kasutusmugavus \u00fches v\u00f5imsas pakendis.<\/p>\n<p data-start=\"758\" data-end=\"1116\">T\u00e4nu 60\/90 cm l\u00e4bim\u00f5\u00f5dule on PTH-C60\/90 paindlik nii kitsastes kohtades kui ka m\u00f5\u00f5dukate plaatide katmiseks, mist\u00f5ttu sobib see ideaalselt mitmesugustes ehituskeskkondades. Reguleeritav terade sammu s\u00fcsteem v\u00f5imaldab operaatoritel sujuvalt \u00fcle minna ujuv- ja viimistlust\u00f6\u00f6de vahel, tagades \u00fchtlase pinnat\u00f6\u00f6 tulemuse.<\/p>\n<p data-start=\"1118\" data-end=\"1457\">Vastupidav k\u00e4igukast, tugevdatud kaitser\u00f5ngas ja vastupidavad spider-varred aitavad kaasa masina pika kasutusiga saavutamisele ka n\u00f5udlikul kasutamisel. Ergonoomiline, kokkupandav k\u00e4epide v\u00e4hendab operaatori v\u00e4simust ja h\u00f5lbustab transporti, samas kui diiselmootor tagab suurep\u00e4rase k\u00fctuses\u00e4\u00e4stu ja madalad hooldusn\u00f5uded.<\/p>\n<h3 data-start=\"1464\" data-end=\"1526\">PTH-C60\/90 diiselbetoonit\u00f6\u00f6laua p\u00f5hijooned<\/h3>\n<ul data-start=\"1528\" data-end=\"1895\">\n<li data-start=\"1528\" data-end=\"1594\">\n<p data-start=\"1530\" data-end=\"1594\">Diiselmootor suure p\u00f6\u00f6rdemomendi ja madala k\u00fctusekulu tagamiseks<\/p>\n<\/li>\n<li data-start=\"1595\" data-end=\"1662\">\n<p data-start=\"1597\" data-end=\"1662\">60-90 cm l\u00e4bim\u00f5\u00f5t sobib v\u00e4ikesteks ja keskmise suurusega plaadit\u00f6\u00f6deks.<\/p>\n<\/li>\n<li data-start=\"1663\" data-end=\"1721\">\n<p data-start=\"1665\" data-end=\"1721\">Reguleeritav tera samm mitmek\u00fclgse pinnaviimistluse jaoks<\/p>\n<\/li>\n<li data-start=\"1722\" data-end=\"1774\">\n<p data-start=\"1724\" data-end=\"1774\">Vastupidav k\u00e4igukast ja teravarred pikaajaliseks kasutamiseks<\/p>\n<\/li>\n<li data-start=\"1775\" data-end=\"1831\">\n<p data-start=\"1777\" data-end=\"1831\">Kokkupandav, vibratsioonivastane k\u00e4epide operaatori mugavuse tagamiseks<\/p>\n<\/li>\n<li data-start=\"1832\" data-end=\"1895\">\n<p data-start=\"1834\" data-end=\"1895\">Ohutu ja t\u00f5hus bensiinipiirangutega t\u00f6\u00f6kohtadel<\/p>\n<\/li>\n<\/ul>\n<h3 data-start=\"1902\" data-end=\"1988\">Rakendused - Ideaalne elamuprojektide, siseruumide v\u00f5i k\u00fctuse reguleeritud kohtade jaoks.<\/h3>\n<p data-start=\"1990\" data-end=\"2273\">PTH-C60\/90 t\u00f6\u00f6tab erakordselt h\u00e4sti elamurajoonides, betoonp\u00f5randate siseruumides ja kohtades, kus on vaja kasutada ainult diislik\u00fctust. T\u00e4nu oma kompaktsele suurusele ja v\u00f5imsale v\u00f5imsusele sobib see ideaalselt garaa\u017eiplatside, verandaplaatide, koridoride ja t\u00f6\u00f6kojap\u00f5randate jaoks.<\/p>\n<p data-start=\"2275\" data-end=\"2430\">T\u00f6\u00f6v\u00f5tjad hindavad selle madalaid k\u00fctusekulusid, stabiilsust koormuse all ja v\u00f5imet pakkuda professionaalset viimistlust erinevatel betoonpindadel.<\/p>\n<p><iframe title=\"power trapets, k\u00e4sitsi l\u00fckata power trapets, trapets, betoon #trowel #powertrowe#concrete\" width=\"720\" height=\"405\" src=\"https:\/\/www.youtube.com\/embed\/pa6AuNhMrwI?feature=oembed\" frameborder=\"0\" allow=\"accelerometer; autoplay; clipboard-write; encrypted-media; gyroscope; picture-in-picture; web-share\" referrerpolicy=\"strict-origin-when-cross-origin\" allowfullscreen><\/iframe><\/p>","protected":false},"excerpt":{"rendered":"<p>PTH-C60\/90 diiselmootoriga jalutusk\u00e4igukelgur pakub usaldusv\u00e4\u00e4rset ja k\u00fctuses\u00e4\u00e4stlikku pinnaviimistlust, mis on ideaalne v\u00e4ikeste ja keskmise suurusega plaatide ja piiratud k\u00fctusega t\u00f6\u00f6platside jaoks.<\/p>","protected":false},"featured_media":9191,"template":"","meta":{"_kad_post_transparent":"default","_kad_post_title":"","_kad_post_layout":"default","_kad_post_sidebar_id":"","_kad_post_content_style":"default","_kad_post_vertical_padding":"default","_kad_post_feature":"","_kad_post_feature_position":"","_kad_post_header":false,"_kad_post_footer":false},"product_brand":[],"product_cat":[55],"product_tag":[1084,1083,1087,1081,1086,1085,1089,1088,1090,1082],"class_list":{"0":"post-9190","1":"product","2":"type-product","3":"status-publish","4":"has-post-thumbnail","6":"product_cat-walk-behind-power-trowel","7":"product_tag-cement-power-trowel","8":"product_tag-concrete-finishing-trowel","9":"product_tag-concrete-floor-finishing-machine","10":"product_tag-concrete-power-trowel","11":"product_tag-electric-walk-behind-trowel","12":"product_tag-gasoline-power-trowel","13":"product_tag-hand-operated-power-trowel","14":"product_tag-manual-power-trowel","15":"product_tag-walk-behind-concrete-finishing-machine","16":"product_tag-walk-behind-trowel-machine","18":"first","19":"instock","20":"shipping-taxable","21":"product-type-simple","22":"entry","23":"content-bg","24":"loop-entry"},"yoast_head":"<!-- This site is optimized with the Yoast SEO plugin v25.3.1 - https:\/\/yoast.com\/wordpress\/plugins\/seo\/ -->\n<title>Walk-Behind Power Trowel PTH-C60\/90 - HSY Construction Machinery<\/title>\n<meta name=\"description\" content=\"Walk-Behind Power Trowel PTH-C60\/90 delivers efficient, precise slab finishing for fuel-restricted and indoor job sites. Compact, durable, and fuel-saving.\" \/>\n<meta name=\"robots\" content=\"index, follow, max-snippet:-1, max-image-preview:large, max-video-preview:-1\" \/>\n<link rel=\"canonical\" href=\"https:\/\/www.hsymachinery.com\/et\/toode\/jalutuskaigu-taga-olev-elektrikuhvel-pth-c60-90\/\" \/>\n<meta property=\"og:locale\" content=\"et_EE\" \/>\n<meta property=\"og:type\" content=\"article\" \/>\n<meta property=\"og:title\" content=\"Walk-Behind Power Trowel PTH-C60\/90 - HSY Construction Machinery\" \/>\n<meta property=\"og:description\" content=\"Walk-Behind Power Trowel PTH-C60\/90 delivers efficient, precise slab finishing for fuel-restricted and indoor job sites. Compact, durable, and fuel-saving.\" \/>\n<meta property=\"og:url\" content=\"https:\/\/www.hsymachinery.com\/et\/toode\/jalutuskaigu-taga-olev-elektrikuhvel-pth-c60-90\/\" \/>\n<meta property=\"og:site_name\" content=\"HSY Construction Machinery\" \/>\n<meta property=\"article:modified_time\" content=\"2025-06-28T14:36:18+00:00\" \/>\n<meta property=\"og:image\" content=\"https:\/\/www.hsymachinery.com\/wp-content\/uploads\/2025\/06\/Walk-Behind-Power-Trowel-PTH-C60.jpg\" \/>\n\t<meta property=\"og:image:width\" content=\"600\" \/>\n\t<meta property=\"og:image:height\" content=\"738\" \/>\n\t<meta property=\"og:image:type\" content=\"image\/jpeg\" \/>\n<meta name=\"twitter:card\" content=\"summary_large_image\" \/>\n<meta name=\"twitter:label1\" content=\"Est. reading time\" \/>\n\t<meta name=\"twitter:data1\" content=\"2 minutit\" \/>\n<script type=\"application\/ld+json\" class=\"yoast-schema-graph\">{\"@context\":\"https:\/\/schema.org\",\"@graph\":[{\"@type\":\"WebPage\",\"@id\":\"https:\/\/www.hsymachinery.com\/product\/walk-behind-power-trowel-pth-c60-90\/\",\"url\":\"https:\/\/www.hsymachinery.com\/product\/walk-behind-power-trowel-pth-c60-90\/\",\"name\":\"Walk-Behind Power Trowel PTH-C60\/90 - HSY Construction Machinery\",\"isPartOf\":{\"@id\":\"https:\/\/www.hsymachinery.com\/#website\"},\"primaryImageOfPage\":{\"@id\":\"https:\/\/www.hsymachinery.com\/product\/walk-behind-power-trowel-pth-c60-90\/#primaryimage\"},\"image\":{\"@id\":\"https:\/\/www.hsymachinery.com\/product\/walk-behind-power-trowel-pth-c60-90\/#primaryimage\"},\"thumbnailUrl\":\"https:\/\/www.hsymachinery.com\/wp-content\/uploads\/2025\/06\/Walk-Behind-Power-Trowel-PTH-C60.jpg\",\"datePublished\":\"2025-06-18T12:21:17+00:00\",\"dateModified\":\"2025-06-28T14:36:18+00:00\",\"description\":\"Walk-Behind Power Trowel PTH-C60\/90 delivers efficient, precise slab finishing for fuel-restricted and indoor job sites. Compact, durable, and fuel-saving.\",\"breadcrumb\":{\"@id\":\"https:\/\/www.hsymachinery.com\/product\/walk-behind-power-trowel-pth-c60-90\/#breadcrumb\"},\"inLanguage\":\"et\",\"potentialAction\":[{\"@type\":\"ReadAction\",\"target\":[\"https:\/\/www.hsymachinery.com\/product\/walk-behind-power-trowel-pth-c60-90\/\"]}]},{\"@type\":\"ImageObject\",\"inLanguage\":\"et\",\"@id\":\"https:\/\/www.hsymachinery.com\/product\/walk-behind-power-trowel-pth-c60-90\/#primaryimage\",\"url\":\"https:\/\/www.hsymachinery.com\/wp-content\/uploads\/2025\/06\/Walk-Behind-Power-Trowel-PTH-C60.jpg\",\"contentUrl\":\"https:\/\/www.hsymachinery.com\/wp-content\/uploads\/2025\/06\/Walk-Behind-Power-Trowel-PTH-C60.jpg\",\"width\":600,\"height\":738},{\"@type\":\"BreadcrumbList\",\"@id\":\"https:\/\/www.hsymachinery.com\/product\/walk-behind-power-trowel-pth-c60-90\/#breadcrumb\",\"itemListElement\":[{\"@type\":\"ListItem\",\"position\":1,\"name\":\"home\",\"item\":\"https:\/\/www.hsymachinery.com\/\"},{\"@type\":\"ListItem\",\"position\":2,\"name\":\"products\",\"item\":\"https:\/\/www.hsymachinery.com\/products\/\"},{\"@type\":\"ListItem\",\"position\":3,\"name\":\"Walk-Behind Power Trowel PTH-C60\/90\"}]},{\"@type\":\"WebSite\",\"@id\":\"https:\/\/www.hsymachinery.com\/#website\",\"url\":\"https:\/\/www.hsymachinery.com\/\",\"name\":\"HSY Construction Machinery\",\"description\":\"HSY Machinery \u2013 A leading China construction machinery supplier, offering a wide range of light construction equipment. Our main products include Rebar Cutting Machine, Rebar Bending Machine, Rebar Stirrup Bending Machine, Rebar Arc Bending Machine, Rebar Straightening Machine, Five-Head Rebar Stirrup Bending Machine, Tamping Rammer, Plate Compactor, Concrete Cutter, Power Trowel, and other construction machinery. We are equipped with advanced CNC machines, and we enforce strict quality inspection standards along with comprehensive after-sales service. If you are interested in our products or services, we warmly welcome your inquiries via message.\",\"publisher\":{\"@id\":\"https:\/\/www.hsymachinery.com\/#organization\"},\"potentialAction\":[{\"@type\":\"SearchAction\",\"target\":{\"@type\":\"EntryPoint\",\"urlTemplate\":\"https:\/\/www.hsymachinery.com\/?s={search_term_string}\"},\"query-input\":{\"@type\":\"PropertyValueSpecification\",\"valueRequired\":true,\"valueName\":\"search_term_string\"}}],\"inLanguage\":\"et\"},{\"@type\":\"Organization\",\"@id\":\"https:\/\/www.hsymachinery.com\/#organization\",\"name\":\"HSY Construction Machinery\",\"url\":\"https:\/\/www.hsymachinery.com\/\",\"logo\":{\"@type\":\"ImageObject\",\"inLanguage\":\"et\",\"@id\":\"https:\/\/www.hsymachinery.com\/#\/schema\/logo\/image\/\",\"url\":\"https:\/\/www.hsymachinery.com\/wp-content\/uploads\/2025\/06\/cropped-HSY-machinery.png\",\"contentUrl\":\"https:\/\/www.hsymachinery.com\/wp-content\/uploads\/2025\/06\/cropped-HSY-machinery.png\",\"width\":600,\"height\":240,\"caption\":\"HSY Construction Machinery\"},\"image\":{\"@id\":\"https:\/\/www.hsymachinery.com\/#\/schema\/logo\/image\/\"}}]}<\/script>\n<!-- \/ Yoast SEO plugin. -->","yoast_head_json":{"title":"Jalutusk\u00e4igukelgur PTH-C60\/90 - HSY ehitusmasinad","description":"Jalutusk\u00e4iguga lihvimismasin PTH-C60\/90 pakub t\u00f5husat ja t\u00e4pset plaatide viimistlust k\u00fctusepiiranguga ja siseruumides toimuvatel t\u00f6\u00f6platsidel. Kompaktne, vastupidav ja k\u00fctuses\u00e4\u00e4stlik.","robots":{"index":"index","follow":"follow","max-snippet":"max-snippet:-1","max-image-preview":"max-image-preview:large","max-video-preview":"max-video-preview:-1"},"canonical":"https:\/\/www.hsymachinery.com\/et\/toode\/jalutuskaigu-taga-olev-elektrikuhvel-pth-c60-90\/","og_locale":"et_EE","og_type":"article","og_title":"Walk-Behind Power Trowel PTH-C60\/90 - HSY Construction Machinery","og_description":"Walk-Behind Power Trowel PTH-C60\/90 delivers efficient, precise slab finishing for fuel-restricted and indoor job sites. Compact, durable, and fuel-saving.","og_url":"https:\/\/www.hsymachinery.com\/et\/toode\/jalutuskaigu-taga-olev-elektrikuhvel-pth-c60-90\/","og_site_name":"HSY Construction Machinery","article_modified_time":"2025-06-28T14:36:18+00:00","og_image":[{"width":600,"height":738,"url":"https:\/\/www.hsymachinery.com\/wp-content\/uploads\/2025\/06\/Walk-Behind-Power-Trowel-PTH-C60.jpg","type":"image\/jpeg"}],"twitter_card":"summary_large_image","twitter_misc":{"Est. reading time":"2 minutit"},"schema":{"@context":"https:\/\/schema.org","@graph":[{"@type":"WebPage","@id":"https:\/\/www.hsymachinery.com\/product\/walk-behind-power-trowel-pth-c60-90\/","url":"https:\/\/www.hsymachinery.com\/product\/walk-behind-power-trowel-pth-c60-90\/","name":"Jalutusk\u00e4igukelgur PTH-C60\/90 - HSY ehitusmasinad","isPartOf":{"@id":"https:\/\/www.hsymachinery.com\/#website"},"primaryImageOfPage":{"@id":"https:\/\/www.hsymachinery.com\/product\/walk-behind-power-trowel-pth-c60-90\/#primaryimage"},"image":{"@id":"https:\/\/www.hsymachinery.com\/product\/walk-behind-power-trowel-pth-c60-90\/#primaryimage"},"thumbnailUrl":"https:\/\/www.hsymachinery.com\/wp-content\/uploads\/2025\/06\/Walk-Behind-Power-Trowel-PTH-C60.jpg","datePublished":"2025-06-18T12:21:17+00:00","dateModified":"2025-06-28T14:36:18+00:00","description":"Jalutusk\u00e4iguga lihvimismasin PTH-C60\/90 pakub t\u00f5husat ja t\u00e4pset plaatide viimistlust k\u00fctusepiiranguga ja siseruumides toimuvatel t\u00f6\u00f6platsidel. Kompaktne, vastupidav ja k\u00fctuses\u00e4\u00e4stlik.","breadcrumb":{"@id":"https:\/\/www.hsymachinery.com\/product\/walk-behind-power-trowel-pth-c60-90\/#breadcrumb"},"inLanguage":"et","potentialAction":[{"@type":"ReadAction","target":["https:\/\/www.hsymachinery.com\/product\/walk-behind-power-trowel-pth-c60-90\/"]}]},{"@type":"ImageObject","inLanguage":"et","@id":"https:\/\/www.hsymachinery.com\/product\/walk-behind-power-trowel-pth-c60-90\/#primaryimage","url":"https:\/\/www.hsymachinery.com\/wp-content\/uploads\/2025\/06\/Walk-Behind-Power-Trowel-PTH-C60.jpg","contentUrl":"https:\/\/www.hsymachinery.com\/wp-content\/uploads\/2025\/06\/Walk-Behind-Power-Trowel-PTH-C60.jpg","width":600,"height":738},{"@type":"BreadcrumbList","@id":"https:\/\/www.hsymachinery.com\/product\/walk-behind-power-trowel-pth-c60-90\/#breadcrumb","itemListElement":[{"@type":"ListItem","position":1,"name":"home","item":"https:\/\/www.hsymachinery.com\/"},{"@type":"ListItem","position":2,"name":"products","item":"https:\/\/www.hsymachinery.com\/products\/"},{"@type":"ListItem","position":3,"name":"Walk-Behind Power Trowel PTH-C60\/90"}]},{"@type":"WebSite","@id":"https:\/\/www.hsymachinery.com\/#website","url":"https:\/\/www.hsymachinery.com\/","name":"HSY ehitusmasinad","description":"HSY Machinery - juhtiv Hiina ehitusmasinate tarnija, kes pakub laias valikus kerget ehitusseadmeid. Meie peamised tooted on Rebar Cutting Machine, Rebar Bending Machine, Rebar Stirrup Bending Machine, Rebar Arc Bending Machine, Rebar Straightening Machine, Five-Head Rebar Stirrup Bending Machine, Tamping Rammer, Plate Compactor, Betoon Cutter, Power Trowel ja muud ehitusmasinad. Oleme varustatud t\u00e4iustatud CNC-masinatega ja rakendame rangeid kvaliteedikontrolli standardeid koos tervikliku m\u00fc\u00fcgij\u00e4rgse teenindusega. Kui olete huvitatud meie toodetest v\u00f5i teenustest, ootame soojalt teie p\u00e4ringuid s\u00f5numi teel.","publisher":{"@id":"https:\/\/www.hsymachinery.com\/#organization"},"potentialAction":[{"@type":"SearchAction","target":{"@type":"EntryPoint","urlTemplate":"https:\/\/www.hsymachinery.com\/?s={search_term_string}"},"query-input":{"@type":"PropertyValueSpecification","valueRequired":true,"valueName":"search_term_string"}}],"inLanguage":"et"},{"@type":"Organization","@id":"https:\/\/www.hsymachinery.com\/#organization","name":"HSY ehitusmasinad","url":"https:\/\/www.hsymachinery.com\/","logo":{"@type":"ImageObject","inLanguage":"et","@id":"https:\/\/www.hsymachinery.com\/#\/schema\/logo\/image\/","url":"https:\/\/www.hsymachinery.com\/wp-content\/uploads\/2025\/06\/cropped-HSY-machinery.png","contentUrl":"https:\/\/www.hsymachinery.com\/wp-content\/uploads\/2025\/06\/cropped-HSY-machinery.png","width":600,"height":240,"caption":"HSY Construction Machinery"},"image":{"@id":"https:\/\/www.hsymachinery.com\/#\/schema\/logo\/image\/"}}]}},"_links":{"self":[{"href":"https:\/\/www.hsymachinery.com\/et\/wp-json\/wp\/v2\/product\/9190","targetHints":{"allow":["GET"]}}],"collection":[{"href":"https:\/\/www.hsymachinery.com\/et\/wp-json\/wp\/v2\/product"}],"about":[{"href":"https:\/\/www.hsymachinery.com\/et\/wp-json\/wp\/v2\/types\/product"}],"version-history":[{"count":4,"href":"https:\/\/www.hsymachinery.com\/et\/wp-json\/wp\/v2\/product\/9190\/revisions"}],"predecessor-version":[{"id":9592,"href":"https:\/\/www.hsymachinery.com\/et\/wp-json\/wp\/v2\/product\/9190\/revisions\/9592"}],"wp:featuredmedia":[{"embeddable":true,"href":"https:\/\/www.hsymachinery.com\/et\/wp-json\/wp\/v2\/media\/9191"}],"wp:attachment":[{"href":"https:\/\/www.hsymachinery.com\/et\/wp-json\/wp\/v2\/media?parent=9190"}],"wp:term":[{"taxonomy":"product_brand","embeddable":true,"href":"https:\/\/www.hsymachinery.com\/et\/wp-json\/wp\/v2\/product_brand?post=9190"},{"taxonomy":"product_cat","embeddable":true,"href":"https:\/\/www.hsymachinery.com\/et\/wp-json\/wp\/v2\/product_cat?post=9190"},{"taxonomy":"product_tag","embeddable":true,"href":"https:\/\/www.hsymachinery.com\/et\/wp-json\/wp\/v2\/product_tag?post=9190"}],"curies":[{"name":"wp","href":"https:\/\/api.w.org\/{rel}","templated":true}]}}