{"id":9181,"date":"2025-06-18T18:32:50","date_gmt":"2025-06-18T10:32:50","guid":{"rendered":"https:\/\/www.hsymachinery.com\/?post_type=product&#038;p=9181"},"modified":"2025-06-28T22:20:29","modified_gmt":"2025-06-28T14:20:29","slug":"jalutuskaigu-tagant-elektrikuhvel-pth-h80-90","status":"publish","type":"product","link":"https:\/\/www.hsymachinery.com\/et\/toode\/jalutuskaigu-tagant-elektrikuhvel-pth-h80-90\/","title":{"rendered":"Jalutusk\u00e4igukelgur PTH-H80\/90"},"content":{"rendered":"<h2 data-start=\"122\" data-end=\"165\">Jalutusk\u00e4igukelgur PTH-H80\/90<\/h2>\n<h3 data-start=\"166\" data-end=\"278\">PTH-H80\/90 betoonit\u00f5rjeratas Honda mootoriga | Keskmise suurusega t\u00e4psusviimistleja professionaalseteks betoonit\u00f6\u00f6deks<\/h3>\n<h3 data-start=\"285\" data-end=\"374\">Tootekirjeldus - T\u00f5hus Honda mootoriga lihvimislapp sileda betooni viimistlemiseks<a href=\"https:\/\/www.hsymachinery.com\/et\/tooted\/jalutuskaigu-tagant-elektrikuhvel\/\" target=\"_blank\" rel=\"noopener\"><img fetchpriority=\"high\" decoding=\"async\" class=\"wp-image-9182 alignright\" src=\"https:\/\/www.hsymachinery.com\/wp-content\/uploads\/2025\/06\/Walk-Behind-Power-Trowel-PTH-H80-244x300.jpg\" alt=\"\" width=\"451\" height=\"555\" srcset=\"https:\/\/www.hsymachinery.com\/wp-content\/uploads\/2025\/06\/Walk-Behind-Power-Trowel-PTH-H80-244x300.jpg 244w, https:\/\/www.hsymachinery.com\/wp-content\/uploads\/2025\/06\/Walk-Behind-Power-Trowel-PTH-H80.jpg 600w\" sizes=\"(max-width: 451px) 100vw, 451px\" \/><\/a><\/h3>\n<p data-start=\"376\" data-end=\"743\">The <strong data-start=\"380\" data-end=\"419\">PTH-H80\/90 Jalutusk\u00e4igukelgur PTH-H80\/90<\/strong> on m\u00f5eldud erakordseks betoonpinna viimistlemiseks keskmise suurusega ehitusprojektides. Usaldusv\u00e4\u00e4rse Honda bensiinimootoriga t\u00f6\u00f6tav masin pakub stabiilset j\u00f5udlust, t\u00e4pset juhtimist ja suuremat vastupidavust, mist\u00f5ttu on see ideaalne valik t\u00f6\u00f6v\u00f5tjatele, kes otsivad professionaalseid tulemusi.<\/p>\n<p data-start=\"745\" data-end=\"1104\">T\u00e4nu 80-90 cm l\u00e4bim\u00f5\u00f5dule pakub PTH-H80\/90 laiaulatuslikku katvust, s\u00e4ilitades samal ajal suurep\u00e4rase man\u00f6\u00f6verdamisv\u00f5ime. Selle reguleeritav tera samm tagab \u00fchtlase l\u00f5ppviimistluse alates algsest silumisest kuni l\u00f5pliku lihvimiseni. Tugevdatud k\u00e4igukast, tugevad teravarred ja kaitser\u00f5ngas pakuvad nii tugevust kui ka operaatori ohutust.<\/p>\n<p data-start=\"1106\" data-end=\"1264\">See on loodud nii sise- kui ka v\u00e4listingimustes kasutamiseks ning sobib suurep\u00e4raselt laop\u00f5randate, sisses\u00f5iduteede, garaa\u017eiplatside ja kaubanduslikel betoonplaatidel.<\/p>\n<h3 data-start=\"1271\" data-end=\"1332\">PTH-H80\/90 k\u00f5ndiva betoonilabida peamised omadused<\/h3>\n<ul data-start=\"1334\" data-end=\"1706\">\n<li data-start=\"1334\" data-end=\"1404\">\n<p data-start=\"1336\" data-end=\"1404\">Premium Honda mootor tagab usaldusv\u00e4\u00e4rse k\u00e4ivitamise ja k\u00fctuses\u00e4\u00e4stlikkuse<\/p>\n<\/li>\n<li data-start=\"1405\" data-end=\"1463\">\n<p data-start=\"1407\" data-end=\"1463\">80\/90 cm l\u00e4bim\u00f5\u00f5t on ideaalne keskmise suurusega t\u00f6\u00f6de jaoks.<\/p>\n<\/li>\n<li data-start=\"1464\" data-end=\"1525\">\n<p data-start=\"1466\" data-end=\"1525\">Tera sammu saab reguleerida erinevate viimistlusvajaduste jaoks<\/p>\n<\/li>\n<li data-start=\"1526\" data-end=\"1587\">\n<p data-start=\"1528\" data-end=\"1587\">Ergonoomiline k\u00e4epideme disain tagab mugavuse ja v\u00e4hendab vibratsiooni<\/p>\n<\/li>\n<li data-start=\"1588\" data-end=\"1650\">\n<p data-start=\"1590\" data-end=\"1650\">Vastupidav konstruktsioon koos pika elueaga k\u00e4igukasti ja \u00e4mblikvarrega<\/p>\n<\/li>\n<li data-start=\"1651\" data-end=\"1706\">\n<p data-start=\"1653\" data-end=\"1706\">Lihtne hooldada ja v\u00e4ga vastupidav igap\u00e4evaseks kasutamiseks<\/p>\n<\/li>\n<\/ul>\n<h3 data-start=\"1713\" data-end=\"1784\">Rakendused - Parimad laod, sisses\u00f5iduteed, k\u00f5nniteed ja plaadid<\/h3>\n<p data-start=\"1786\" data-end=\"1991\">PTH-H80\/90 pakub t\u00e4iuslikku tasakaalu v\u00f5imsuse ja kontrolli vahel, mis muudab selle ideaalseks t\u00f6\u00f6v\u00f5tjatele, kes t\u00f6\u00f6tavad kaubanduslikel p\u00f5randatel, siseplaatidel, k\u00f5nniteedel ja vundamendiplatvormidel.<\/p>\n<p data-start=\"1993\" data-end=\"2155\">Kasutajad usaldavad seda masinat, et t\u00e4nu Honda j\u00f5ulisele j\u00e4rjepidevusele ja kasutajas\u00f5bralikule disainile annab see sileda l\u00f5ppviimistluse isegi ebakorrap\u00e4rasel pinnal.<\/p>\n<p><iframe title=\"power trapets, k\u00e4sitsi l\u00fckata power trapets, trapets, betoon #trowel #powertrowe#concrete\" width=\"720\" height=\"405\" src=\"https:\/\/www.youtube.com\/embed\/pa6AuNhMrwI?feature=oembed\" frameborder=\"0\" allow=\"accelerometer; autoplay; clipboard-write; encrypted-media; gyroscope; picture-in-picture; web-share\" referrerpolicy=\"strict-origin-when-cross-origin\" allowfullscreen><\/iframe><\/p>","protected":false},"excerpt":{"rendered":"<p>PTH-H80\/90 Honda mootoriga jalutusk\u00e4igukelgur pakub v\u00f5imsat ja t\u00e4pset betooni viimistlust keskmise suurusega ehitusprojektide ja plaatide t\u00f6\u00f6tlemiseks.<\/p>","protected":false},"featured_media":9182,"template":"","meta":{"_kad_post_transparent":"default","_kad_post_title":"","_kad_post_layout":"default","_kad_post_sidebar_id":"","_kad_post_content_style":"default","_kad_post_vertical_padding":"default","_kad_post_feature":"","_kad_post_feature_position":"","_kad_post_header":false,"_kad_post_footer":false},"product_brand":[],"product_cat":[55],"product_tag":[1084,1083,1087,1081,1086,1085,1089,1088,1090,1082],"class_list":{"0":"post-9181","1":"product","2":"type-product","3":"status-publish","4":"has-post-thumbnail","6":"product_cat-walk-behind-power-trowel","7":"product_tag-cement-power-trowel","8":"product_tag-concrete-finishing-trowel","9":"product_tag-concrete-floor-finishing-machine","10":"product_tag-concrete-power-trowel","11":"product_tag-electric-walk-behind-trowel","12":"product_tag-gasoline-power-trowel","13":"product_tag-hand-operated-power-trowel","14":"product_tag-manual-power-trowel","15":"product_tag-walk-behind-concrete-finishing-machine","16":"product_tag-walk-behind-trowel-machine","18":"first","19":"instock","20":"shipping-taxable","21":"product-type-simple","22":"entry","23":"content-bg","24":"loop-entry"},"yoast_head":"<!-- This site is optimized with the Yoast SEO plugin v25.3.1 - https:\/\/yoast.com\/wordpress\/plugins\/seo\/ -->\n<title>Walk-Behind Power Trowel PTH-H80\/90 - HSY Construction Machinery<\/title>\n<meta name=\"description\" content=\"Walk-Behind Power Trowel PTH-H80\/90 with Honda engine ensures reliable, wide-area concrete surface finishing for driveways, factory floors, and commercial slabs.\" \/>\n<meta name=\"robots\" content=\"index, follow, max-snippet:-1, max-image-preview:large, max-video-preview:-1\" \/>\n<link rel=\"canonical\" href=\"https:\/\/www.hsymachinery.com\/et\/toode\/jalutuskaigu-tagant-elektrikuhvel-pth-h80-90\/\" \/>\n<meta property=\"og:locale\" content=\"et_EE\" \/>\n<meta property=\"og:type\" content=\"article\" \/>\n<meta property=\"og:title\" content=\"Walk-Behind Power Trowel PTH-H80\/90 - HSY Construction Machinery\" \/>\n<meta property=\"og:description\" content=\"Walk-Behind Power Trowel PTH-H80\/90 with Honda engine ensures reliable, wide-area concrete surface finishing for driveways, factory floors, and commercial slabs.\" \/>\n<meta property=\"og:url\" content=\"https:\/\/www.hsymachinery.com\/et\/toode\/jalutuskaigu-tagant-elektrikuhvel-pth-h80-90\/\" \/>\n<meta property=\"og:site_name\" content=\"HSY Construction Machinery\" \/>\n<meta property=\"article:modified_time\" content=\"2025-06-28T14:20:29+00:00\" \/>\n<meta property=\"og:image\" content=\"https:\/\/www.hsymachinery.com\/wp-content\/uploads\/2025\/06\/Walk-Behind-Power-Trowel-PTH-H80.jpg\" \/>\n\t<meta property=\"og:image:width\" content=\"600\" \/>\n\t<meta property=\"og:image:height\" content=\"738\" \/>\n\t<meta property=\"og:image:type\" content=\"image\/jpeg\" \/>\n<meta name=\"twitter:card\" content=\"summary_large_image\" \/>\n<meta name=\"twitter:label1\" content=\"Est. reading time\" \/>\n\t<meta name=\"twitter:data1\" content=\"2 minutit\" \/>\n<script type=\"application\/ld+json\" class=\"yoast-schema-graph\">{\"@context\":\"https:\/\/schema.org\",\"@graph\":[{\"@type\":\"WebPage\",\"@id\":\"https:\/\/www.hsymachinery.com\/product\/walk-behind-power-trowel-pth-h80-90\/\",\"url\":\"https:\/\/www.hsymachinery.com\/product\/walk-behind-power-trowel-pth-h80-90\/\",\"name\":\"Walk-Behind Power Trowel PTH-H80\/90 - HSY Construction Machinery\",\"isPartOf\":{\"@id\":\"https:\/\/www.hsymachinery.com\/#website\"},\"primaryImageOfPage\":{\"@id\":\"https:\/\/www.hsymachinery.com\/product\/walk-behind-power-trowel-pth-h80-90\/#primaryimage\"},\"image\":{\"@id\":\"https:\/\/www.hsymachinery.com\/product\/walk-behind-power-trowel-pth-h80-90\/#primaryimage\"},\"thumbnailUrl\":\"https:\/\/www.hsymachinery.com\/wp-content\/uploads\/2025\/06\/Walk-Behind-Power-Trowel-PTH-H80.jpg\",\"datePublished\":\"2025-06-18T10:32:50+00:00\",\"dateModified\":\"2025-06-28T14:20:29+00:00\",\"description\":\"Walk-Behind Power Trowel PTH-H80\/90 with Honda engine ensures reliable, wide-area concrete surface finishing for driveways, factory floors, and commercial slabs.\",\"breadcrumb\":{\"@id\":\"https:\/\/www.hsymachinery.com\/product\/walk-behind-power-trowel-pth-h80-90\/#breadcrumb\"},\"inLanguage\":\"et\",\"potentialAction\":[{\"@type\":\"ReadAction\",\"target\":[\"https:\/\/www.hsymachinery.com\/product\/walk-behind-power-trowel-pth-h80-90\/\"]}]},{\"@type\":\"ImageObject\",\"inLanguage\":\"et\",\"@id\":\"https:\/\/www.hsymachinery.com\/product\/walk-behind-power-trowel-pth-h80-90\/#primaryimage\",\"url\":\"https:\/\/www.hsymachinery.com\/wp-content\/uploads\/2025\/06\/Walk-Behind-Power-Trowel-PTH-H80.jpg\",\"contentUrl\":\"https:\/\/www.hsymachinery.com\/wp-content\/uploads\/2025\/06\/Walk-Behind-Power-Trowel-PTH-H80.jpg\",\"width\":600,\"height\":738},{\"@type\":\"BreadcrumbList\",\"@id\":\"https:\/\/www.hsymachinery.com\/product\/walk-behind-power-trowel-pth-h80-90\/#breadcrumb\",\"itemListElement\":[{\"@type\":\"ListItem\",\"position\":1,\"name\":\"home\",\"item\":\"https:\/\/www.hsymachinery.com\/\"},{\"@type\":\"ListItem\",\"position\":2,\"name\":\"products\",\"item\":\"https:\/\/www.hsymachinery.com\/products\/\"},{\"@type\":\"ListItem\",\"position\":3,\"name\":\"Walk-Behind Power Trowel PTH-H80\/90\"}]},{\"@type\":\"WebSite\",\"@id\":\"https:\/\/www.hsymachinery.com\/#website\",\"url\":\"https:\/\/www.hsymachinery.com\/\",\"name\":\"HSY Construction Machinery\",\"description\":\"HSY Machinery \u2013 A leading China construction machinery supplier, offering a wide range of light construction equipment. Our main products include Rebar Cutting Machine, Rebar Bending Machine, Rebar Stirrup Bending Machine, Rebar Arc Bending Machine, Rebar Straightening Machine, Five-Head Rebar Stirrup Bending Machine, Tamping Rammer, Plate Compactor, Concrete Cutter, Power Trowel, and other construction machinery. We are equipped with advanced CNC machines, and we enforce strict quality inspection standards along with comprehensive after-sales service. If you are interested in our products or services, we warmly welcome your inquiries via message.\",\"publisher\":{\"@id\":\"https:\/\/www.hsymachinery.com\/#organization\"},\"potentialAction\":[{\"@type\":\"SearchAction\",\"target\":{\"@type\":\"EntryPoint\",\"urlTemplate\":\"https:\/\/www.hsymachinery.com\/?s={search_term_string}\"},\"query-input\":{\"@type\":\"PropertyValueSpecification\",\"valueRequired\":true,\"valueName\":\"search_term_string\"}}],\"inLanguage\":\"et\"},{\"@type\":\"Organization\",\"@id\":\"https:\/\/www.hsymachinery.com\/#organization\",\"name\":\"HSY Construction Machinery\",\"url\":\"https:\/\/www.hsymachinery.com\/\",\"logo\":{\"@type\":\"ImageObject\",\"inLanguage\":\"et\",\"@id\":\"https:\/\/www.hsymachinery.com\/#\/schema\/logo\/image\/\",\"url\":\"https:\/\/www.hsymachinery.com\/wp-content\/uploads\/2025\/06\/cropped-HSY-machinery.png\",\"contentUrl\":\"https:\/\/www.hsymachinery.com\/wp-content\/uploads\/2025\/06\/cropped-HSY-machinery.png\",\"width\":600,\"height\":240,\"caption\":\"HSY Construction Machinery\"},\"image\":{\"@id\":\"https:\/\/www.hsymachinery.com\/#\/schema\/logo\/image\/\"}}]}<\/script>\n<!-- \/ Yoast SEO plugin. -->","yoast_head_json":{"title":"Jalutusk\u00e4igukelgur PTH-H80\/90 - HSY ehitusmasinad","description":"Honda mootoriga jalutusk\u00e4igukett PTH-H80\/90 tagab usaldusv\u00e4\u00e4rse, laiaulatusliku betoonpinna viimistluse sisses\u00f5iduteedel, tehaste p\u00f5randatel ja kaubanduslikel plaatidel.","robots":{"index":"index","follow":"follow","max-snippet":"max-snippet:-1","max-image-preview":"max-image-preview:large","max-video-preview":"max-video-preview:-1"},"canonical":"https:\/\/www.hsymachinery.com\/et\/toode\/jalutuskaigu-tagant-elektrikuhvel-pth-h80-90\/","og_locale":"et_EE","og_type":"article","og_title":"Walk-Behind Power Trowel PTH-H80\/90 - HSY Construction Machinery","og_description":"Walk-Behind Power Trowel PTH-H80\/90 with Honda engine ensures reliable, wide-area concrete surface finishing for driveways, factory floors, and commercial slabs.","og_url":"https:\/\/www.hsymachinery.com\/et\/toode\/jalutuskaigu-tagant-elektrikuhvel-pth-h80-90\/","og_site_name":"HSY Construction Machinery","article_modified_time":"2025-06-28T14:20:29+00:00","og_image":[{"width":600,"height":738,"url":"https:\/\/www.hsymachinery.com\/wp-content\/uploads\/2025\/06\/Walk-Behind-Power-Trowel-PTH-H80.jpg","type":"image\/jpeg"}],"twitter_card":"summary_large_image","twitter_misc":{"Est. reading time":"2 minutit"},"schema":{"@context":"https:\/\/schema.org","@graph":[{"@type":"WebPage","@id":"https:\/\/www.hsymachinery.com\/product\/walk-behind-power-trowel-pth-h80-90\/","url":"https:\/\/www.hsymachinery.com\/product\/walk-behind-power-trowel-pth-h80-90\/","name":"Jalutusk\u00e4igukelgur PTH-H80\/90 - HSY ehitusmasinad","isPartOf":{"@id":"https:\/\/www.hsymachinery.com\/#website"},"primaryImageOfPage":{"@id":"https:\/\/www.hsymachinery.com\/product\/walk-behind-power-trowel-pth-h80-90\/#primaryimage"},"image":{"@id":"https:\/\/www.hsymachinery.com\/product\/walk-behind-power-trowel-pth-h80-90\/#primaryimage"},"thumbnailUrl":"https:\/\/www.hsymachinery.com\/wp-content\/uploads\/2025\/06\/Walk-Behind-Power-Trowel-PTH-H80.jpg","datePublished":"2025-06-18T10:32:50+00:00","dateModified":"2025-06-28T14:20:29+00:00","description":"Honda mootoriga jalutusk\u00e4igukett PTH-H80\/90 tagab usaldusv\u00e4\u00e4rse, laiaulatusliku betoonpinna viimistluse sisses\u00f5iduteedel, tehaste p\u00f5randatel ja kaubanduslikel plaatidel.","breadcrumb":{"@id":"https:\/\/www.hsymachinery.com\/product\/walk-behind-power-trowel-pth-h80-90\/#breadcrumb"},"inLanguage":"et","potentialAction":[{"@type":"ReadAction","target":["https:\/\/www.hsymachinery.com\/product\/walk-behind-power-trowel-pth-h80-90\/"]}]},{"@type":"ImageObject","inLanguage":"et","@id":"https:\/\/www.hsymachinery.com\/product\/walk-behind-power-trowel-pth-h80-90\/#primaryimage","url":"https:\/\/www.hsymachinery.com\/wp-content\/uploads\/2025\/06\/Walk-Behind-Power-Trowel-PTH-H80.jpg","contentUrl":"https:\/\/www.hsymachinery.com\/wp-content\/uploads\/2025\/06\/Walk-Behind-Power-Trowel-PTH-H80.jpg","width":600,"height":738},{"@type":"BreadcrumbList","@id":"https:\/\/www.hsymachinery.com\/product\/walk-behind-power-trowel-pth-h80-90\/#breadcrumb","itemListElement":[{"@type":"ListItem","position":1,"name":"home","item":"https:\/\/www.hsymachinery.com\/"},{"@type":"ListItem","position":2,"name":"products","item":"https:\/\/www.hsymachinery.com\/products\/"},{"@type":"ListItem","position":3,"name":"Walk-Behind Power Trowel PTH-H80\/90"}]},{"@type":"WebSite","@id":"https:\/\/www.hsymachinery.com\/#website","url":"https:\/\/www.hsymachinery.com\/","name":"HSY ehitusmasinad","description":"HSY Machinery - juhtiv Hiina ehitusmasinate tarnija, kes pakub laias valikus kerget ehitusseadmeid. Meie peamised tooted on Rebar Cutting Machine, Rebar Bending Machine, Rebar Stirrup Bending Machine, Rebar Arc Bending Machine, Rebar Straightening Machine, Five-Head Rebar Stirrup Bending Machine, Tamping Rammer, Plate Compactor, Betoon Cutter, Power Trowel ja muud ehitusmasinad. Oleme varustatud t\u00e4iustatud CNC-masinatega ja rakendame rangeid kvaliteedikontrolli standardeid koos tervikliku m\u00fc\u00fcgij\u00e4rgse teenindusega. Kui olete huvitatud meie toodetest v\u00f5i teenustest, ootame soojalt teie p\u00e4ringuid s\u00f5numi teel.","publisher":{"@id":"https:\/\/www.hsymachinery.com\/#organization"},"potentialAction":[{"@type":"SearchAction","target":{"@type":"EntryPoint","urlTemplate":"https:\/\/www.hsymachinery.com\/?s={search_term_string}"},"query-input":{"@type":"PropertyValueSpecification","valueRequired":true,"valueName":"search_term_string"}}],"inLanguage":"et"},{"@type":"Organization","@id":"https:\/\/www.hsymachinery.com\/#organization","name":"HSY ehitusmasinad","url":"https:\/\/www.hsymachinery.com\/","logo":{"@type":"ImageObject","inLanguage":"et","@id":"https:\/\/www.hsymachinery.com\/#\/schema\/logo\/image\/","url":"https:\/\/www.hsymachinery.com\/wp-content\/uploads\/2025\/06\/cropped-HSY-machinery.png","contentUrl":"https:\/\/www.hsymachinery.com\/wp-content\/uploads\/2025\/06\/cropped-HSY-machinery.png","width":600,"height":240,"caption":"HSY Construction Machinery"},"image":{"@id":"https:\/\/www.hsymachinery.com\/#\/schema\/logo\/image\/"}}]}},"_links":{"self":[{"href":"https:\/\/www.hsymachinery.com\/et\/wp-json\/wp\/v2\/product\/9181","targetHints":{"allow":["GET"]}}],"collection":[{"href":"https:\/\/www.hsymachinery.com\/et\/wp-json\/wp\/v2\/product"}],"about":[{"href":"https:\/\/www.hsymachinery.com\/et\/wp-json\/wp\/v2\/types\/product"}],"version-history":[{"count":3,"href":"https:\/\/www.hsymachinery.com\/et\/wp-json\/wp\/v2\/product\/9181\/revisions"}],"predecessor-version":[{"id":9585,"href":"https:\/\/www.hsymachinery.com\/et\/wp-json\/wp\/v2\/product\/9181\/revisions\/9585"}],"wp:featuredmedia":[{"embeddable":true,"href":"https:\/\/www.hsymachinery.com\/et\/wp-json\/wp\/v2\/media\/9182"}],"wp:attachment":[{"href":"https:\/\/www.hsymachinery.com\/et\/wp-json\/wp\/v2\/media?parent=9181"}],"wp:term":[{"taxonomy":"product_brand","embeddable":true,"href":"https:\/\/www.hsymachinery.com\/et\/wp-json\/wp\/v2\/product_brand?post=9181"},{"taxonomy":"product_cat","embeddable":true,"href":"https:\/\/www.hsymachinery.com\/et\/wp-json\/wp\/v2\/product_cat?post=9181"},{"taxonomy":"product_tag","embeddable":true,"href":"https:\/\/www.hsymachinery.com\/et\/wp-json\/wp\/v2\/product_tag?post=9181"}],"curies":[{"name":"wp","href":"https:\/\/api.w.org\/{rel}","templated":true}]}}