{"id":9172,"date":"2025-06-18T18:29:14","date_gmt":"2025-06-18T10:29:14","guid":{"rendered":"https:\/\/www.hsymachinery.com\/?post_type=product&#038;p=9172"},"modified":"2025-06-28T22:05:02","modified_gmt":"2025-06-28T14:05:02","slug":"jalutuskaigu-taga-olev-elektrikuhvel-pth-l100","status":"publish","type":"product","link":"https:\/\/www.hsymachinery.com\/et\/toode\/jalutuskaigu-taga-olev-elektrikuhvel-pth-l100\/","title":{"rendered":"Jalutusk\u00e4igukelgur PTH-L100"},"content":{"rendered":"<h2 data-start=\"119\" data-end=\"160\">Jalutusk\u00e4igukelgur PTH-L100<\/h2>\n<h3 data-start=\"161\" data-end=\"265\">PTH-L100 Longxin mootoriga betoonilabidas | laia katvusega silumine suurte betoonp\u00f5randate viimistlemiseks<\/h3>\n<h3 data-start=\"272\" data-end=\"370\">Tootekirjeldus - Professionaalne silumislahendus suuremahulistele betoonit\u00f6\u00f6dele<a href=\"https:\/\/www.hsymachinery.com\/et\/tooted\/jalutuskaigu-tagant-elektrikuhvel\/\" target=\"_blank\" rel=\"noopener\"><img fetchpriority=\"high\" decoding=\"async\" class=\"wp-image-9173 alignright\" src=\"https:\/\/www.hsymachinery.com\/wp-content\/uploads\/2025\/06\/Walk-Behind-Power-Trowel-PTH-L100-244x300.jpg\" alt=\"\" width=\"453\" height=\"557\" srcset=\"https:\/\/www.hsymachinery.com\/wp-content\/uploads\/2025\/06\/Walk-Behind-Power-Trowel-PTH-L100-244x300.jpg 244w, https:\/\/www.hsymachinery.com\/wp-content\/uploads\/2025\/06\/Walk-Behind-Power-Trowel-PTH-L100.jpg 600w\" sizes=\"(max-width: 453px) 100vw, 453px\" \/><\/a><\/h3>\n<p data-start=\"372\" data-end=\"739\">The <strong data-start=\"376\" data-end=\"413\">PTH-L100 jalutusk\u00e4igukelgur PTH-L100<\/strong> on raske betooni viimistlusmasin, mis on ehitatud suurte plaatpindade h\u00f5lpsaks ja t\u00e4pseks t\u00f6\u00f6tlemiseks. Selle mudeli j\u00f5uallikaks on vastupidav Longxini bensiinimootor, mis tagab t\u00f6\u00f6v\u00f5tjatele vajaliku j\u00f5udluse ja kontrolli n\u00f5udlikel t\u00f6\u00f6platsidel, nagu laod, t\u00f6\u00f6stusp\u00f5randad ja suured ehitusplatsid.<\/p>\n<p data-start=\"741\" data-end=\"1054\">T\u00e4nu 100 cm l\u00e4bim\u00f5\u00f5dule katab PTH-L100 suurema pindala \u00fche k\u00e4iguga, suurendades t\u00f6\u00f6 t\u00f5husust, ilma et see kahjustaks sujuvust. Selle tera sammu saab h\u00f5lpsasti reguleerida, v\u00f5imaldades operaatoritel viimistlust lihvida j\u00e4medast lihvitudeni, tagades \u00fchtlase tulemuse kogu betoonpinnal.<\/p>\n<p data-start=\"1056\" data-end=\"1233\">Masinal on tugev k\u00e4igukast, \u00fclitugevad spider-varred ja vibratsiooni v\u00e4hendav k\u00e4epide, mis tagab sujuva t\u00f6\u00f6, parema ohutuse ja pika kasutusaja.<\/p>\n<h3 data-start=\"1240\" data-end=\"1293\">\u00a0PTH-L100 betoonit\u00f5rjevahendi peamised omadused<\/h3>\n<ul data-start=\"1295\" data-end=\"1661\">\n<li data-start=\"1295\" data-end=\"1360\">\n<p data-start=\"1297\" data-end=\"1360\">Longxin bensiinimootor pakub usaldusv\u00e4\u00e4rset ja v\u00f5imsat v\u00e4ljundit<\/p>\n<\/li>\n<li data-start=\"1361\" data-end=\"1424\">\n<p data-start=\"1363\" data-end=\"1424\">Laia 100 cm l\u00e4bim\u00f5\u00f5duga spooner kiiremaks pinnaviimistluseks<\/p>\n<\/li>\n<li data-start=\"1425\" data-end=\"1479\">\n<p data-start=\"1427\" data-end=\"1479\">Reguleeritav tera samm muutuva viimistluskvaliteedi jaoks<\/p>\n<\/li>\n<li data-start=\"1480\" data-end=\"1542\">\n<p data-start=\"1482\" data-end=\"1542\">Tugevdatud turvar\u00f5ngas ja raskekaaluline k\u00e4igukasti konstruktsioon<\/p>\n<\/li>\n<li data-start=\"1543\" data-end=\"1603\">\n<p data-start=\"1545\" data-end=\"1603\">Kokkupandav k\u00e4epide ergonoomilise k\u00e4epidemega operaatori mugavuse tagamiseks<\/p>\n<\/li>\n<li data-start=\"1604\" data-end=\"1661\">\n<p data-start=\"1606\" data-end=\"1661\">V\u00e4hese hooldusega ja k\u00fctuses\u00e4\u00e4stlik pikkade t\u00f6\u00f6tundide jaoks<\/p>\n<\/li>\n<\/ul>\n<h3 data-start=\"1668\" data-end=\"1750\">Rakendused - ideaalne laodele, suurtele plaatidele ja t\u00f6\u00f6stusprojektidele.<\/h3>\n<p data-start=\"1752\" data-end=\"2056\">PTH-L100 on m\u00f5eldud suure j\u00f5udlusega pinnaviimistluseks suurtes ehituspiirkondades, sealhulgas tehastes, logistikakeskustes, parkimiskeldrites ja betoonplatvormidel. Selle lai t\u00f6\u00f6piirkond ja stabiilne konstruktsioon aitavad meeskondadel s\u00e4\u00e4sta aega, saavutades samal ajal \u00fchtlase ja sileda pinna.<\/p>\n<p data-start=\"2058\" data-end=\"2209\">Ehitusprofessionaalid usaldavad seda mudelit t\u00e4nu selle vastupidavale konstruktsioonile, pikale t\u00f6\u00f6ajale ja v\u00f5imele tulla toime pideva kasutamisega rasketes tingimustes.<\/p>\n<p><iframe title=\"elektrik\u00fchvel,s\u00f5idutatav elektrik\u00fchvel,k\u00e4sitsi l\u00fckatav elektrik\u00fchvel,kihvt,betoon #trowel#powertrowel\" width=\"720\" height=\"405\" src=\"https:\/\/www.youtube.com\/embed\/VGFIPDTiUYI?feature=oembed\" frameborder=\"0\" allow=\"accelerometer; autoplay; clipboard-write; encrypted-media; gyroscope; picture-in-picture; web-share\" referrerpolicy=\"strict-origin-when-cross-origin\" allowfullscreen><\/iframe><\/p>","protected":false},"excerpt":{"rendered":"<p>Longxin-mootoriga jalutusk\u00e4iguga PTH-L100 betoonilabidas sobib ideaalselt suurte plaatide viimistlemiseks, pakkudes laia katvust ja reguleeritavat tera kontrolli t\u00e4iusliku pinna saavutamiseks.<\/p>","protected":false},"featured_media":9173,"template":"","meta":{"_kad_post_transparent":"default","_kad_post_title":"","_kad_post_layout":"default","_kad_post_sidebar_id":"","_kad_post_content_style":"default","_kad_post_vertical_padding":"default","_kad_post_feature":"","_kad_post_feature_position":"","_kad_post_header":false,"_kad_post_footer":false},"product_brand":[],"product_cat":[55],"product_tag":[1084,1083,1087,1081,1086,1085,1089,1088,1090,1082],"class_list":{"0":"post-9172","1":"product","2":"type-product","3":"status-publish","4":"has-post-thumbnail","6":"product_cat-walk-behind-power-trowel","7":"product_tag-cement-power-trowel","8":"product_tag-concrete-finishing-trowel","9":"product_tag-concrete-floor-finishing-machine","10":"product_tag-concrete-power-trowel","11":"product_tag-electric-walk-behind-trowel","12":"product_tag-gasoline-power-trowel","13":"product_tag-hand-operated-power-trowel","14":"product_tag-manual-power-trowel","15":"product_tag-walk-behind-concrete-finishing-machine","16":"product_tag-walk-behind-trowel-machine","18":"first","19":"instock","20":"shipping-taxable","21":"product-type-simple","22":"entry","23":"content-bg","24":"loop-entry"},"yoast_head":"<!-- This site is optimized with the Yoast SEO plugin v25.3.1 - https:\/\/yoast.com\/wordpress\/plugins\/seo\/ -->\n<title>Walk-Behind Power Trowel PTH-L100 - HSY Construction Machinery<\/title>\n<meta name=\"description\" content=\"PTH-L100 walk-behind concrete power trowel with Loncin engine ensures efficient wide-area finishing for industrial floors and slabs. Rugged, powerful, and operator-friendly.\" \/>\n<meta name=\"robots\" content=\"index, follow, max-snippet:-1, max-image-preview:large, max-video-preview:-1\" \/>\n<link rel=\"canonical\" href=\"https:\/\/www.hsymachinery.com\/et\/toode\/jalutuskaigu-taga-olev-elektrikuhvel-pth-l100\/\" \/>\n<meta property=\"og:locale\" content=\"et_EE\" \/>\n<meta property=\"og:type\" content=\"article\" \/>\n<meta property=\"og:title\" content=\"Walk-Behind Power Trowel PTH-L100 - HSY Construction Machinery\" \/>\n<meta property=\"og:description\" content=\"PTH-L100 walk-behind concrete power trowel with Loncin engine ensures efficient wide-area finishing for industrial floors and slabs. Rugged, powerful, and operator-friendly.\" \/>\n<meta property=\"og:url\" content=\"https:\/\/www.hsymachinery.com\/et\/toode\/jalutuskaigu-taga-olev-elektrikuhvel-pth-l100\/\" \/>\n<meta property=\"og:site_name\" content=\"HSY Construction Machinery\" \/>\n<meta property=\"article:modified_time\" content=\"2025-06-28T14:05:02+00:00\" \/>\n<meta property=\"og:image\" content=\"https:\/\/www.hsymachinery.com\/wp-content\/uploads\/2025\/06\/Walk-Behind-Power-Trowel-PTH-L100.jpg\" \/>\n\t<meta property=\"og:image:width\" content=\"600\" \/>\n\t<meta property=\"og:image:height\" content=\"738\" \/>\n\t<meta property=\"og:image:type\" content=\"image\/jpeg\" \/>\n<meta name=\"twitter:card\" content=\"summary_large_image\" \/>\n<meta name=\"twitter:label1\" content=\"Est. reading time\" \/>\n\t<meta name=\"twitter:data1\" content=\"2 minutit\" \/>\n<script type=\"application\/ld+json\" class=\"yoast-schema-graph\">{\"@context\":\"https:\/\/schema.org\",\"@graph\":[{\"@type\":\"WebPage\",\"@id\":\"https:\/\/www.hsymachinery.com\/product\/walk-behind-power-trowel-pth-l100\/\",\"url\":\"https:\/\/www.hsymachinery.com\/product\/walk-behind-power-trowel-pth-l100\/\",\"name\":\"Walk-Behind Power Trowel PTH-L100 - HSY Construction Machinery\",\"isPartOf\":{\"@id\":\"https:\/\/www.hsymachinery.com\/#website\"},\"primaryImageOfPage\":{\"@id\":\"https:\/\/www.hsymachinery.com\/product\/walk-behind-power-trowel-pth-l100\/#primaryimage\"},\"image\":{\"@id\":\"https:\/\/www.hsymachinery.com\/product\/walk-behind-power-trowel-pth-l100\/#primaryimage\"},\"thumbnailUrl\":\"https:\/\/www.hsymachinery.com\/wp-content\/uploads\/2025\/06\/Walk-Behind-Power-Trowel-PTH-L100.jpg\",\"datePublished\":\"2025-06-18T10:29:14+00:00\",\"dateModified\":\"2025-06-28T14:05:02+00:00\",\"description\":\"PTH-L100 walk-behind concrete power trowel with Loncin engine ensures efficient wide-area finishing for industrial floors and slabs. Rugged, powerful, and operator-friendly.\",\"breadcrumb\":{\"@id\":\"https:\/\/www.hsymachinery.com\/product\/walk-behind-power-trowel-pth-l100\/#breadcrumb\"},\"inLanguage\":\"et\",\"potentialAction\":[{\"@type\":\"ReadAction\",\"target\":[\"https:\/\/www.hsymachinery.com\/product\/walk-behind-power-trowel-pth-l100\/\"]}]},{\"@type\":\"ImageObject\",\"inLanguage\":\"et\",\"@id\":\"https:\/\/www.hsymachinery.com\/product\/walk-behind-power-trowel-pth-l100\/#primaryimage\",\"url\":\"https:\/\/www.hsymachinery.com\/wp-content\/uploads\/2025\/06\/Walk-Behind-Power-Trowel-PTH-L100.jpg\",\"contentUrl\":\"https:\/\/www.hsymachinery.com\/wp-content\/uploads\/2025\/06\/Walk-Behind-Power-Trowel-PTH-L100.jpg\",\"width\":600,\"height\":738},{\"@type\":\"BreadcrumbList\",\"@id\":\"https:\/\/www.hsymachinery.com\/product\/walk-behind-power-trowel-pth-l100\/#breadcrumb\",\"itemListElement\":[{\"@type\":\"ListItem\",\"position\":1,\"name\":\"home\",\"item\":\"https:\/\/www.hsymachinery.com\/\"},{\"@type\":\"ListItem\",\"position\":2,\"name\":\"products\",\"item\":\"https:\/\/www.hsymachinery.com\/products\/\"},{\"@type\":\"ListItem\",\"position\":3,\"name\":\"Walk-Behind Power Trowel PTH-L100\"}]},{\"@type\":\"WebSite\",\"@id\":\"https:\/\/www.hsymachinery.com\/#website\",\"url\":\"https:\/\/www.hsymachinery.com\/\",\"name\":\"HSY Construction Machinery\",\"description\":\"HSY Machinery \u2013 A leading China construction machinery supplier, offering a wide range of light construction equipment. Our main products include Rebar Cutting Machine, Rebar Bending Machine, Rebar Stirrup Bending Machine, Rebar Arc Bending Machine, Rebar Straightening Machine, Five-Head Rebar Stirrup Bending Machine, Tamping Rammer, Plate Compactor, Concrete Cutter, Power Trowel, and other construction machinery. We are equipped with advanced CNC machines, and we enforce strict quality inspection standards along with comprehensive after-sales service. If you are interested in our products or services, we warmly welcome your inquiries via message.\",\"publisher\":{\"@id\":\"https:\/\/www.hsymachinery.com\/#organization\"},\"potentialAction\":[{\"@type\":\"SearchAction\",\"target\":{\"@type\":\"EntryPoint\",\"urlTemplate\":\"https:\/\/www.hsymachinery.com\/?s={search_term_string}\"},\"query-input\":{\"@type\":\"PropertyValueSpecification\",\"valueRequired\":true,\"valueName\":\"search_term_string\"}}],\"inLanguage\":\"et\"},{\"@type\":\"Organization\",\"@id\":\"https:\/\/www.hsymachinery.com\/#organization\",\"name\":\"HSY Construction Machinery\",\"url\":\"https:\/\/www.hsymachinery.com\/\",\"logo\":{\"@type\":\"ImageObject\",\"inLanguage\":\"et\",\"@id\":\"https:\/\/www.hsymachinery.com\/#\/schema\/logo\/image\/\",\"url\":\"https:\/\/www.hsymachinery.com\/wp-content\/uploads\/2025\/06\/cropped-HSY-machinery.png\",\"contentUrl\":\"https:\/\/www.hsymachinery.com\/wp-content\/uploads\/2025\/06\/cropped-HSY-machinery.png\",\"width\":600,\"height\":240,\"caption\":\"HSY Construction Machinery\"},\"image\":{\"@id\":\"https:\/\/www.hsymachinery.com\/#\/schema\/logo\/image\/\"}}]}<\/script>\n<!-- \/ Yoast SEO plugin. -->","yoast_head_json":{"title":"Jalutusk\u00e4igukelgur PTH-L100 - HSY ehitusmasinad - HSY ehitusmasinad","description":"Loncin mootoriga jalutusk\u00e4iguga betoonilabidas PTH-L100 tagab t\u00f6\u00f6stusp\u00f5randate ja -plaatide t\u00f5husa laiaulatusliku viimistluse. Vastupidav, v\u00f5imas ja kasutajas\u00f5bralik.","robots":{"index":"index","follow":"follow","max-snippet":"max-snippet:-1","max-image-preview":"max-image-preview:large","max-video-preview":"max-video-preview:-1"},"canonical":"https:\/\/www.hsymachinery.com\/et\/toode\/jalutuskaigu-taga-olev-elektrikuhvel-pth-l100\/","og_locale":"et_EE","og_type":"article","og_title":"Walk-Behind Power Trowel PTH-L100 - HSY Construction Machinery","og_description":"PTH-L100 walk-behind concrete power trowel with Loncin engine ensures efficient wide-area finishing for industrial floors and slabs. Rugged, powerful, and operator-friendly.","og_url":"https:\/\/www.hsymachinery.com\/et\/toode\/jalutuskaigu-taga-olev-elektrikuhvel-pth-l100\/","og_site_name":"HSY Construction Machinery","article_modified_time":"2025-06-28T14:05:02+00:00","og_image":[{"width":600,"height":738,"url":"https:\/\/www.hsymachinery.com\/wp-content\/uploads\/2025\/06\/Walk-Behind-Power-Trowel-PTH-L100.jpg","type":"image\/jpeg"}],"twitter_card":"summary_large_image","twitter_misc":{"Est. reading time":"2 minutit"},"schema":{"@context":"https:\/\/schema.org","@graph":[{"@type":"WebPage","@id":"https:\/\/www.hsymachinery.com\/product\/walk-behind-power-trowel-pth-l100\/","url":"https:\/\/www.hsymachinery.com\/product\/walk-behind-power-trowel-pth-l100\/","name":"Jalutusk\u00e4igukelgur PTH-L100 - HSY ehitusmasinad - HSY ehitusmasinad","isPartOf":{"@id":"https:\/\/www.hsymachinery.com\/#website"},"primaryImageOfPage":{"@id":"https:\/\/www.hsymachinery.com\/product\/walk-behind-power-trowel-pth-l100\/#primaryimage"},"image":{"@id":"https:\/\/www.hsymachinery.com\/product\/walk-behind-power-trowel-pth-l100\/#primaryimage"},"thumbnailUrl":"https:\/\/www.hsymachinery.com\/wp-content\/uploads\/2025\/06\/Walk-Behind-Power-Trowel-PTH-L100.jpg","datePublished":"2025-06-18T10:29:14+00:00","dateModified":"2025-06-28T14:05:02+00:00","description":"Loncin mootoriga jalutusk\u00e4iguga betoonilabidas PTH-L100 tagab t\u00f6\u00f6stusp\u00f5randate ja -plaatide t\u00f5husa laiaulatusliku viimistluse. Vastupidav, v\u00f5imas ja kasutajas\u00f5bralik.","breadcrumb":{"@id":"https:\/\/www.hsymachinery.com\/product\/walk-behind-power-trowel-pth-l100\/#breadcrumb"},"inLanguage":"et","potentialAction":[{"@type":"ReadAction","target":["https:\/\/www.hsymachinery.com\/product\/walk-behind-power-trowel-pth-l100\/"]}]},{"@type":"ImageObject","inLanguage":"et","@id":"https:\/\/www.hsymachinery.com\/product\/walk-behind-power-trowel-pth-l100\/#primaryimage","url":"https:\/\/www.hsymachinery.com\/wp-content\/uploads\/2025\/06\/Walk-Behind-Power-Trowel-PTH-L100.jpg","contentUrl":"https:\/\/www.hsymachinery.com\/wp-content\/uploads\/2025\/06\/Walk-Behind-Power-Trowel-PTH-L100.jpg","width":600,"height":738},{"@type":"BreadcrumbList","@id":"https:\/\/www.hsymachinery.com\/product\/walk-behind-power-trowel-pth-l100\/#breadcrumb","itemListElement":[{"@type":"ListItem","position":1,"name":"home","item":"https:\/\/www.hsymachinery.com\/"},{"@type":"ListItem","position":2,"name":"products","item":"https:\/\/www.hsymachinery.com\/products\/"},{"@type":"ListItem","position":3,"name":"Walk-Behind Power Trowel PTH-L100"}]},{"@type":"WebSite","@id":"https:\/\/www.hsymachinery.com\/#website","url":"https:\/\/www.hsymachinery.com\/","name":"HSY ehitusmasinad","description":"HSY Machinery - juhtiv Hiina ehitusmasinate tarnija, kes pakub laias valikus kerget ehitusseadmeid. Meie peamised tooted on Rebar Cutting Machine, Rebar Bending Machine, Rebar Stirrup Bending Machine, Rebar Arc Bending Machine, Rebar Straightening Machine, Five-Head Rebar Stirrup Bending Machine, Tamping Rammer, Plate Compactor, Betoon Cutter, Power Trowel ja muud ehitusmasinad. Oleme varustatud t\u00e4iustatud CNC-masinatega ja rakendame rangeid kvaliteedikontrolli standardeid koos tervikliku m\u00fc\u00fcgij\u00e4rgse teenindusega. Kui olete huvitatud meie toodetest v\u00f5i teenustest, ootame soojalt teie p\u00e4ringuid s\u00f5numi teel.","publisher":{"@id":"https:\/\/www.hsymachinery.com\/#organization"},"potentialAction":[{"@type":"SearchAction","target":{"@type":"EntryPoint","urlTemplate":"https:\/\/www.hsymachinery.com\/?s={search_term_string}"},"query-input":{"@type":"PropertyValueSpecification","valueRequired":true,"valueName":"search_term_string"}}],"inLanguage":"et"},{"@type":"Organization","@id":"https:\/\/www.hsymachinery.com\/#organization","name":"HSY ehitusmasinad","url":"https:\/\/www.hsymachinery.com\/","logo":{"@type":"ImageObject","inLanguage":"et","@id":"https:\/\/www.hsymachinery.com\/#\/schema\/logo\/image\/","url":"https:\/\/www.hsymachinery.com\/wp-content\/uploads\/2025\/06\/cropped-HSY-machinery.png","contentUrl":"https:\/\/www.hsymachinery.com\/wp-content\/uploads\/2025\/06\/cropped-HSY-machinery.png","width":600,"height":240,"caption":"HSY Construction Machinery"},"image":{"@id":"https:\/\/www.hsymachinery.com\/#\/schema\/logo\/image\/"}}]}},"_links":{"self":[{"href":"https:\/\/www.hsymachinery.com\/et\/wp-json\/wp\/v2\/product\/9172","targetHints":{"allow":["GET"]}}],"collection":[{"href":"https:\/\/www.hsymachinery.com\/et\/wp-json\/wp\/v2\/product"}],"about":[{"href":"https:\/\/www.hsymachinery.com\/et\/wp-json\/wp\/v2\/types\/product"}],"version-history":[{"count":3,"href":"https:\/\/www.hsymachinery.com\/et\/wp-json\/wp\/v2\/product\/9172\/revisions"}],"predecessor-version":[{"id":9579,"href":"https:\/\/www.hsymachinery.com\/et\/wp-json\/wp\/v2\/product\/9172\/revisions\/9579"}],"wp:featuredmedia":[{"embeddable":true,"href":"https:\/\/www.hsymachinery.com\/et\/wp-json\/wp\/v2\/media\/9173"}],"wp:attachment":[{"href":"https:\/\/www.hsymachinery.com\/et\/wp-json\/wp\/v2\/media?parent=9172"}],"wp:term":[{"taxonomy":"product_brand","embeddable":true,"href":"https:\/\/www.hsymachinery.com\/et\/wp-json\/wp\/v2\/product_brand?post=9172"},{"taxonomy":"product_cat","embeddable":true,"href":"https:\/\/www.hsymachinery.com\/et\/wp-json\/wp\/v2\/product_cat?post=9172"},{"taxonomy":"product_tag","embeddable":true,"href":"https:\/\/www.hsymachinery.com\/et\/wp-json\/wp\/v2\/product_tag?post=9172"}],"curies":[{"name":"wp","href":"https:\/\/api.w.org\/{rel}","templated":true}]}}