{"id":9157,"date":"2025-06-18T18:08:09","date_gmt":"2025-06-18T10:08:09","guid":{"rendered":"https:\/\/www.hsymachinery.com\/?post_type=product&#038;p=9157"},"modified":"2025-06-28T21:25:54","modified_gmt":"2025-06-28T13:25:54","slug":"betooniloikur-hq-c600","status":"publish","type":"product","link":"https:\/\/www.hsymachinery.com\/et\/toode\/betooniloikur-hq-c600\/","title":{"rendered":"Betoonil\u00f5ikur HQ-C600"},"content":{"rendered":"<h2 data-start=\"119\" data-end=\"150\">Betoonil\u00f5ikur HQ-C600<\/h2>\n<h3 data-start=\"151\" data-end=\"258\">HQ-C600 Diiselbetoonil\u00f5ikur | Suure p\u00f6\u00f6rdemomendiga s\u00fcgavl\u00f5ikuse saag teede-, k\u00f5nnitee- ja ehitusbetoonit\u00f6\u00f6deks<\/h3>\n<h3 data-start=\"265\" data-end=\"351\">Toote kirjeldus - vastupidav diiselbetoonil\u00f5ikur s\u00fcgavate ehitusl\u00f5ikude tegemiseks<a href=\"https:\/\/www.hsymachinery.com\/et\/tooted\/betooniloikur\/\" target=\"_blank\" rel=\"noopener\"><img fetchpriority=\"high\" decoding=\"async\" class=\"wp-image-9158 alignright\" src=\"https:\/\/www.hsymachinery.com\/wp-content\/uploads\/2025\/06\/Concrete-Cutter-HQ-C600-300x300.jpg\" alt=\"\" width=\"455\" height=\"455\" srcset=\"https:\/\/www.hsymachinery.com\/wp-content\/uploads\/2025\/06\/Concrete-Cutter-HQ-C600-300x300.jpg 300w, https:\/\/www.hsymachinery.com\/wp-content\/uploads\/2025\/06\/Concrete-Cutter-HQ-C600-150x150.jpg 150w, https:\/\/www.hsymachinery.com\/wp-content\/uploads\/2025\/06\/Concrete-Cutter-HQ-C600-100x100.jpg 100w, https:\/\/www.hsymachinery.com\/wp-content\/uploads\/2025\/06\/Concrete-Cutter-HQ-C600.jpg 600w\" sizes=\"(max-width: 455px) 100vw, 455px\" \/><\/a><\/h3>\n<p data-start=\"353\" data-end=\"693\">The <strong data-start=\"357\" data-end=\"384\">HQ-C600 Betoonil\u00f5ikur<\/strong> on varustatud tugeva diiselmootoriga, mis on konstrueeritud s\u00fcgava, pideva betooni ja asfaldi l\u00f5ikamiseks rasketes tingimustes. See pakub erakordset p\u00f6\u00f6rdemomendi stabiilsust, mist\u00f5ttu sobib see ideaalselt munitsipaalteede projektidele, struktuuride remondit\u00f6\u00f6dele, kraavide rajamisele ja vundamentide ettevalmistamisele.<\/p>\n<p data-start=\"695\" data-end=\"1063\">T\u00e4nu oma laiendatud l\u00f5ikes\u00fcgavusele v\u00f5imaldab HQ-C600 operaatoritel k\u00e4sitleda suuremat hulka materjale - alates raudbetoonplaatidest kuni asfaldiplaatideni - v\u00f5rratu t\u00e4psusega. L\u00f5ikuri tugev raam, t\u00e4iustatud rattas\u00fcsteem ja tolmu allasuruv veepaak pakuvad professionaalset lahendust t\u00f6\u00f6v\u00f5tjatele, kes n\u00f5uavad j\u00f5udlust ja vastupidavust.<\/p>\n<p data-start=\"1065\" data-end=\"1204\">T\u00e4nu k\u00fctuses\u00e4\u00e4stlikkusele ja diislik\u00fctuse laialdasele k\u00e4ttesaadavusele sobib see mudel ideaalselt kaugetesse v\u00f5i k\u00fctusetundlikesse kohtadesse.<\/p>\n<h3 data-start=\"1211\" data-end=\"1264\">HQ-C600 diiselbetoonil\u00f5ikuri peamised omadused<\/h3>\n<ul data-start=\"1266\" data-end=\"1651\">\n<li data-start=\"1266\" data-end=\"1333\">\n<p data-start=\"1268\" data-end=\"1333\">Suure p\u00f6\u00f6rdemomendiga diiselmootor pikaks ja stabiilseks l\u00f5ikamiseks<\/p>\n<\/li>\n<li data-start=\"1334\" data-end=\"1397\">\n<p data-start=\"1336\" data-end=\"1397\">S\u00fcgav tera l\u00e4bistavus paksude plaatide ja k\u00f5nniteede l\u00f5ikamiseks<\/p>\n<\/li>\n<li data-start=\"1398\" data-end=\"1458\">\n<p data-start=\"1400\" data-end=\"1458\">Vastupidav \u0161assii, mis on ehitatud karmide ehituskeskkondade jaoks<\/p>\n<\/li>\n<li data-start=\"1459\" data-end=\"1520\">\n<p data-start=\"1461\" data-end=\"1520\">Vesijahutuss\u00fcsteem v\u00e4hendab labade kulumist ja \u00f5hus levivat tolmu<\/p>\n<\/li>\n<li data-start=\"1521\" data-end=\"1593\">\n<p data-start=\"1523\" data-end=\"1593\">Sobib teedele, k\u00f5nniteedele, t\u00f6\u00f6stusp\u00f5randatele ja betoonalustele.<\/p>\n<\/li>\n<li data-start=\"1594\" data-end=\"1651\">\n<p data-start=\"1596\" data-end=\"1651\">Lihtne hooldada ja v\u00e4ga vastupidav pikaajaliseks kasutamiseks<\/p>\n<\/li>\n<\/ul>\n<h3 data-start=\"1658\" data-end=\"1737\">Rakendused - teede remont, kommunaalkaevud ja ehitusvundamendid<\/h3>\n<p data-start=\"1739\" data-end=\"2014\">HQ-C600 on eelistatud valik maanteede uuendamiseks, p\u00f5randaliidete saagimiseks, kanalisatsioonikanalite kraavide kaevamiseks ja muudeks n\u00f5udlikeks t\u00f6\u00f6deks. T\u00e4nu vibratsioonikindlale konstruktsioonile ja sujuvale k\u00e4sitsemisele toimib see h\u00e4sti ka pikemaajalisel kasutamisel suurtel t\u00f6\u00f6platsidel.<\/p>\n<p data-start=\"2016\" data-end=\"2197\">HQ-C600 tagab iga p\u00e4ev \u00fchtlase, puhta l\u00f5ike ja kuluefektiivse t\u00f6\u00f6, olenemata sellest, kas tegemist on tsiviilinfrastruktuuri, avalike ehitust\u00f6\u00f6de v\u00f5i kaubandusliku vundamendiga.<\/p>\n<p><iframe title=\"betoonil\u00f5ikur,betoonil\u00f5ikur,j\u00f5ul\u00f5ikur,betoon#betoonil\u00f5ikur #betoonil\u00f5ikur #j\u00f5ul\u00f5ikur\" width=\"720\" height=\"405\" src=\"https:\/\/www.youtube.com\/embed\/jd-0RTo7CAs?feature=oembed\" frameborder=\"0\" allow=\"accelerometer; autoplay; clipboard-write; encrypted-media; gyroscope; picture-in-picture; web-share\" referrerpolicy=\"strict-origin-when-cross-origin\" allowfullscreen><\/iframe><\/p>","protected":false},"excerpt":{"rendered":"<p>HQ-C600 diiselbetoonil\u00f5ikur pakub s\u00fcgavat ja k\u00fctuses\u00e4\u00e4stlikku l\u00f5ikamist betooni ja asfaldi l\u00f5ikamiseks maanteedel, p\u00f5randatel ja ehitusvundamentidel.<\/p>","protected":false},"featured_media":9158,"template":"","meta":{"_kad_post_transparent":"default","_kad_post_title":"","_kad_post_layout":"default","_kad_post_sidebar_id":"","_kad_post_content_style":"default","_kad_post_vertical_padding":"default","_kad_post_feature":"","_kad_post_feature_position":"","_kad_post_header":false,"_kad_post_footer":false},"product_brand":[],"product_cat":[57],"product_tag":[1073,1071,1080,1076,1078,1074,1077,1079,1072,1075],"class_list":{"0":"post-9157","1":"product","2":"type-product","3":"status-publish","4":"has-post-thumbnail","6":"product_cat-concrete-cutter","7":"product_tag-asphalt-cutter","8":"product_tag-concrete-cutting-machine","9":"product_tag-concrete-groove-cutting-machine","10":"product_tag-diesel-concrete-cutter","11":"product_tag-electric-concrete-cutter","12":"product_tag-floor-saw-machine","13":"product_tag-gasoline-concrete-cutter","14":"product_tag-pavement-cutter-machine","15":"product_tag-road-cutting-machine","16":"product_tag-walk-behind-concrete-cutter","18":"first","19":"instock","20":"shipping-taxable","21":"product-type-simple","22":"entry","23":"content-bg","24":"loop-entry"},"yoast_head":"<!-- This site is optimized with the Yoast SEO plugin v25.3.1 - https:\/\/yoast.com\/wordpress\/plugins\/seo\/ -->\n<title>Concrete Cutter HQ-C600 - HSY Construction Machinery<\/title>\n<meta name=\"description\" content=\"HQ-C600 diesel concrete cutter offers deep, stable cutting for roads, asphalt, and structural concrete. Rugged design with fuel-efficient performance for large jobs.\" \/>\n<meta name=\"robots\" content=\"index, follow, max-snippet:-1, max-image-preview:large, max-video-preview:-1\" \/>\n<link rel=\"canonical\" href=\"https:\/\/www.hsymachinery.com\/et\/toode\/betooniloikur-hq-c600\/\" \/>\n<meta property=\"og:locale\" content=\"et_EE\" \/>\n<meta property=\"og:type\" content=\"article\" \/>\n<meta property=\"og:title\" content=\"Concrete Cutter HQ-C600 - HSY Construction Machinery\" \/>\n<meta property=\"og:description\" content=\"HQ-C600 diesel concrete cutter offers deep, stable cutting for roads, asphalt, and structural concrete. Rugged design with fuel-efficient performance for large jobs.\" \/>\n<meta property=\"og:url\" content=\"https:\/\/www.hsymachinery.com\/et\/toode\/betooniloikur-hq-c600\/\" \/>\n<meta property=\"og:site_name\" content=\"HSY Construction Machinery\" \/>\n<meta property=\"article:modified_time\" content=\"2025-06-28T13:25:54+00:00\" \/>\n<meta property=\"og:image\" content=\"https:\/\/www.hsymachinery.com\/wp-content\/uploads\/2025\/06\/Concrete-Cutter-HQ-C600.jpg\" \/>\n\t<meta property=\"og:image:width\" content=\"600\" \/>\n\t<meta property=\"og:image:height\" content=\"600\" \/>\n\t<meta property=\"og:image:type\" content=\"image\/jpeg\" \/>\n<meta name=\"twitter:card\" content=\"summary_large_image\" \/>\n<meta name=\"twitter:label1\" content=\"Est. reading time\" \/>\n\t<meta name=\"twitter:data1\" content=\"2 minutit\" \/>\n<script type=\"application\/ld+json\" class=\"yoast-schema-graph\">{\"@context\":\"https:\/\/schema.org\",\"@graph\":[{\"@type\":\"WebPage\",\"@id\":\"https:\/\/www.hsymachinery.com\/product\/concrete-cutter-hq-c600\/\",\"url\":\"https:\/\/www.hsymachinery.com\/product\/concrete-cutter-hq-c600\/\",\"name\":\"Concrete Cutter HQ-C600 - HSY Construction Machinery\",\"isPartOf\":{\"@id\":\"https:\/\/www.hsymachinery.com\/#website\"},\"primaryImageOfPage\":{\"@id\":\"https:\/\/www.hsymachinery.com\/product\/concrete-cutter-hq-c600\/#primaryimage\"},\"image\":{\"@id\":\"https:\/\/www.hsymachinery.com\/product\/concrete-cutter-hq-c600\/#primaryimage\"},\"thumbnailUrl\":\"https:\/\/www.hsymachinery.com\/wp-content\/uploads\/2025\/06\/Concrete-Cutter-HQ-C600.jpg\",\"datePublished\":\"2025-06-18T10:08:09+00:00\",\"dateModified\":\"2025-06-28T13:25:54+00:00\",\"description\":\"HQ-C600 diesel concrete cutter offers deep, stable cutting for roads, asphalt, and structural concrete. Rugged design with fuel-efficient performance for large jobs.\",\"breadcrumb\":{\"@id\":\"https:\/\/www.hsymachinery.com\/product\/concrete-cutter-hq-c600\/#breadcrumb\"},\"inLanguage\":\"et\",\"potentialAction\":[{\"@type\":\"ReadAction\",\"target\":[\"https:\/\/www.hsymachinery.com\/product\/concrete-cutter-hq-c600\/\"]}]},{\"@type\":\"ImageObject\",\"inLanguage\":\"et\",\"@id\":\"https:\/\/www.hsymachinery.com\/product\/concrete-cutter-hq-c600\/#primaryimage\",\"url\":\"https:\/\/www.hsymachinery.com\/wp-content\/uploads\/2025\/06\/Concrete-Cutter-HQ-C600.jpg\",\"contentUrl\":\"https:\/\/www.hsymachinery.com\/wp-content\/uploads\/2025\/06\/Concrete-Cutter-HQ-C600.jpg\",\"width\":600,\"height\":600},{\"@type\":\"BreadcrumbList\",\"@id\":\"https:\/\/www.hsymachinery.com\/product\/concrete-cutter-hq-c600\/#breadcrumb\",\"itemListElement\":[{\"@type\":\"ListItem\",\"position\":1,\"name\":\"home\",\"item\":\"https:\/\/www.hsymachinery.com\/\"},{\"@type\":\"ListItem\",\"position\":2,\"name\":\"products\",\"item\":\"https:\/\/www.hsymachinery.com\/products\/\"},{\"@type\":\"ListItem\",\"position\":3,\"name\":\"Concrete Cutter HQ-C600\"}]},{\"@type\":\"WebSite\",\"@id\":\"https:\/\/www.hsymachinery.com\/#website\",\"url\":\"https:\/\/www.hsymachinery.com\/\",\"name\":\"HSY Construction Machinery\",\"description\":\"HSY Machinery \u2013 A leading China construction machinery supplier, offering a wide range of light construction equipment. Our main products include Rebar Cutting Machine, Rebar Bending Machine, Rebar Stirrup Bending Machine, Rebar Arc Bending Machine, Rebar Straightening Machine, Five-Head Rebar Stirrup Bending Machine, Tamping Rammer, Plate Compactor, Concrete Cutter, Power Trowel, and other construction machinery. We are equipped with advanced CNC machines, and we enforce strict quality inspection standards along with comprehensive after-sales service. If you are interested in our products or services, we warmly welcome your inquiries via message.\",\"publisher\":{\"@id\":\"https:\/\/www.hsymachinery.com\/#organization\"},\"potentialAction\":[{\"@type\":\"SearchAction\",\"target\":{\"@type\":\"EntryPoint\",\"urlTemplate\":\"https:\/\/www.hsymachinery.com\/?s={search_term_string}\"},\"query-input\":{\"@type\":\"PropertyValueSpecification\",\"valueRequired\":true,\"valueName\":\"search_term_string\"}}],\"inLanguage\":\"et\"},{\"@type\":\"Organization\",\"@id\":\"https:\/\/www.hsymachinery.com\/#organization\",\"name\":\"HSY Construction Machinery\",\"url\":\"https:\/\/www.hsymachinery.com\/\",\"logo\":{\"@type\":\"ImageObject\",\"inLanguage\":\"et\",\"@id\":\"https:\/\/www.hsymachinery.com\/#\/schema\/logo\/image\/\",\"url\":\"https:\/\/www.hsymachinery.com\/wp-content\/uploads\/2025\/06\/cropped-HSY-machinery.png\",\"contentUrl\":\"https:\/\/www.hsymachinery.com\/wp-content\/uploads\/2025\/06\/cropped-HSY-machinery.png\",\"width\":600,\"height\":240,\"caption\":\"HSY Construction Machinery\"},\"image\":{\"@id\":\"https:\/\/www.hsymachinery.com\/#\/schema\/logo\/image\/\"}}]}<\/script>\n<!-- \/ Yoast SEO plugin. -->","yoast_head_json":{"title":"Betoonil\u00f5ikur HQ-C600 - HSY ehitusmasinad","description":"HQ-C600 diiselbetoonil\u00f5ikur pakub s\u00fcgavat ja stabiilset l\u00f5ikamist teede, asfaldi ja ehitusbetooni jaoks. Vastupidav konstruktsioon koos k\u00fctuses\u00e4\u00e4stliku j\u00f5udlusega suurte t\u00f6\u00f6de jaoks.","robots":{"index":"index","follow":"follow","max-snippet":"max-snippet:-1","max-image-preview":"max-image-preview:large","max-video-preview":"max-video-preview:-1"},"canonical":"https:\/\/www.hsymachinery.com\/et\/toode\/betooniloikur-hq-c600\/","og_locale":"et_EE","og_type":"article","og_title":"Concrete Cutter HQ-C600 - HSY Construction Machinery","og_description":"HQ-C600 diesel concrete cutter offers deep, stable cutting for roads, asphalt, and structural concrete. Rugged design with fuel-efficient performance for large jobs.","og_url":"https:\/\/www.hsymachinery.com\/et\/toode\/betooniloikur-hq-c600\/","og_site_name":"HSY Construction Machinery","article_modified_time":"2025-06-28T13:25:54+00:00","og_image":[{"width":600,"height":600,"url":"https:\/\/www.hsymachinery.com\/wp-content\/uploads\/2025\/06\/Concrete-Cutter-HQ-C600.jpg","type":"image\/jpeg"}],"twitter_card":"summary_large_image","twitter_misc":{"Est. reading time":"2 minutit"},"schema":{"@context":"https:\/\/schema.org","@graph":[{"@type":"WebPage","@id":"https:\/\/www.hsymachinery.com\/product\/concrete-cutter-hq-c600\/","url":"https:\/\/www.hsymachinery.com\/product\/concrete-cutter-hq-c600\/","name":"Betoonil\u00f5ikur HQ-C600 - HSY ehitusmasinad","isPartOf":{"@id":"https:\/\/www.hsymachinery.com\/#website"},"primaryImageOfPage":{"@id":"https:\/\/www.hsymachinery.com\/product\/concrete-cutter-hq-c600\/#primaryimage"},"image":{"@id":"https:\/\/www.hsymachinery.com\/product\/concrete-cutter-hq-c600\/#primaryimage"},"thumbnailUrl":"https:\/\/www.hsymachinery.com\/wp-content\/uploads\/2025\/06\/Concrete-Cutter-HQ-C600.jpg","datePublished":"2025-06-18T10:08:09+00:00","dateModified":"2025-06-28T13:25:54+00:00","description":"HQ-C600 diiselbetoonil\u00f5ikur pakub s\u00fcgavat ja stabiilset l\u00f5ikamist teede, asfaldi ja ehitusbetooni jaoks. Vastupidav konstruktsioon koos k\u00fctuses\u00e4\u00e4stliku j\u00f5udlusega suurte t\u00f6\u00f6de jaoks.","breadcrumb":{"@id":"https:\/\/www.hsymachinery.com\/product\/concrete-cutter-hq-c600\/#breadcrumb"},"inLanguage":"et","potentialAction":[{"@type":"ReadAction","target":["https:\/\/www.hsymachinery.com\/product\/concrete-cutter-hq-c600\/"]}]},{"@type":"ImageObject","inLanguage":"et","@id":"https:\/\/www.hsymachinery.com\/product\/concrete-cutter-hq-c600\/#primaryimage","url":"https:\/\/www.hsymachinery.com\/wp-content\/uploads\/2025\/06\/Concrete-Cutter-HQ-C600.jpg","contentUrl":"https:\/\/www.hsymachinery.com\/wp-content\/uploads\/2025\/06\/Concrete-Cutter-HQ-C600.jpg","width":600,"height":600},{"@type":"BreadcrumbList","@id":"https:\/\/www.hsymachinery.com\/product\/concrete-cutter-hq-c600\/#breadcrumb","itemListElement":[{"@type":"ListItem","position":1,"name":"home","item":"https:\/\/www.hsymachinery.com\/"},{"@type":"ListItem","position":2,"name":"products","item":"https:\/\/www.hsymachinery.com\/products\/"},{"@type":"ListItem","position":3,"name":"Concrete Cutter HQ-C600"}]},{"@type":"WebSite","@id":"https:\/\/www.hsymachinery.com\/#website","url":"https:\/\/www.hsymachinery.com\/","name":"HSY ehitusmasinad","description":"HSY Machinery - juhtiv Hiina ehitusmasinate tarnija, kes pakub laias valikus kerget ehitusseadmeid. Meie peamised tooted on Rebar Cutting Machine, Rebar Bending Machine, Rebar Stirrup Bending Machine, Rebar Arc Bending Machine, Rebar Straightening Machine, Five-Head Rebar Stirrup Bending Machine, Tamping Rammer, Plate Compactor, Betoon Cutter, Power Trowel ja muud ehitusmasinad. Oleme varustatud t\u00e4iustatud CNC-masinatega ja rakendame rangeid kvaliteedikontrolli standardeid koos tervikliku m\u00fc\u00fcgij\u00e4rgse teenindusega. Kui olete huvitatud meie toodetest v\u00f5i teenustest, ootame soojalt teie p\u00e4ringuid s\u00f5numi teel.","publisher":{"@id":"https:\/\/www.hsymachinery.com\/#organization"},"potentialAction":[{"@type":"SearchAction","target":{"@type":"EntryPoint","urlTemplate":"https:\/\/www.hsymachinery.com\/?s={search_term_string}"},"query-input":{"@type":"PropertyValueSpecification","valueRequired":true,"valueName":"search_term_string"}}],"inLanguage":"et"},{"@type":"Organization","@id":"https:\/\/www.hsymachinery.com\/#organization","name":"HSY ehitusmasinad","url":"https:\/\/www.hsymachinery.com\/","logo":{"@type":"ImageObject","inLanguage":"et","@id":"https:\/\/www.hsymachinery.com\/#\/schema\/logo\/image\/","url":"https:\/\/www.hsymachinery.com\/wp-content\/uploads\/2025\/06\/cropped-HSY-machinery.png","contentUrl":"https:\/\/www.hsymachinery.com\/wp-content\/uploads\/2025\/06\/cropped-HSY-machinery.png","width":600,"height":240,"caption":"HSY Construction Machinery"},"image":{"@id":"https:\/\/www.hsymachinery.com\/#\/schema\/logo\/image\/"}}]}},"_links":{"self":[{"href":"https:\/\/www.hsymachinery.com\/et\/wp-json\/wp\/v2\/product\/9157","targetHints":{"allow":["GET"]}}],"collection":[{"href":"https:\/\/www.hsymachinery.com\/et\/wp-json\/wp\/v2\/product"}],"about":[{"href":"https:\/\/www.hsymachinery.com\/et\/wp-json\/wp\/v2\/types\/product"}],"version-history":[{"count":2,"href":"https:\/\/www.hsymachinery.com\/et\/wp-json\/wp\/v2\/product\/9157\/revisions"}],"predecessor-version":[{"id":9569,"href":"https:\/\/www.hsymachinery.com\/et\/wp-json\/wp\/v2\/product\/9157\/revisions\/9569"}],"wp:featuredmedia":[{"embeddable":true,"href":"https:\/\/www.hsymachinery.com\/et\/wp-json\/wp\/v2\/media\/9158"}],"wp:attachment":[{"href":"https:\/\/www.hsymachinery.com\/et\/wp-json\/wp\/v2\/media?parent=9157"}],"wp:term":[{"taxonomy":"product_brand","embeddable":true,"href":"https:\/\/www.hsymachinery.com\/et\/wp-json\/wp\/v2\/product_brand?post=9157"},{"taxonomy":"product_cat","embeddable":true,"href":"https:\/\/www.hsymachinery.com\/et\/wp-json\/wp\/v2\/product_cat?post=9157"},{"taxonomy":"product_tag","embeddable":true,"href":"https:\/\/www.hsymachinery.com\/et\/wp-json\/wp\/v2\/product_tag?post=9157"}],"curies":[{"name":"wp","href":"https:\/\/api.w.org\/{rel}","templated":true}]}}