{"id":9145,"date":"2025-06-18T18:03:14","date_gmt":"2025-06-18T10:03:14","guid":{"rendered":"https:\/\/www.hsymachinery.com\/?post_type=product&#038;p=9145"},"modified":"2025-06-28T21:03:53","modified_gmt":"2025-06-28T13:03:53","slug":"betooniloikur-hq-c400a","status":"publish","type":"product","link":"https:\/\/www.hsymachinery.com\/et\/toode\/betooniloikur-hq-c400a\/","title":{"rendered":"Betoonil\u00f5ikur HQ-C400A"},"content":{"rendered":"<h2 data-start=\"121\" data-end=\"153\">Betoonil\u00f5ikur HQ-C400A<\/h2>\n<h3 data-start=\"154\" data-end=\"265\">HQ-C400A Diiselbetoonil\u00f5ikur | T\u00e4iendatud diisel-s\u00fcgavl\u00f5ikuri saag teede, asfaldi ja t\u00f6\u00f6stusehituse jaoks<\/h3>\n<h3 data-start=\"272\" data-end=\"356\">Tootekirjeldus - T\u00e4iustatud diiselk\u00fctuse l\u00f5ikemasin n\u00f5udlikele t\u00f6\u00f6kohtadele<a href=\"https:\/\/www.hsymachinery.com\/et\/tooted\/betooniloikur\/\" target=\"_blank\" rel=\"noopener\"><img fetchpriority=\"high\" decoding=\"async\" class=\"wp-image-9557 alignright\" src=\"https:\/\/www.hsymachinery.com\/wp-content\/uploads\/2025\/06\/Walk-Behind-Concrete-Cutter-146x300.jpg\" alt=\"\" width=\"450\" height=\"924\" srcset=\"https:\/\/www.hsymachinery.com\/wp-content\/uploads\/2025\/06\/Walk-Behind-Concrete-Cutter-146x300.jpg 146w, https:\/\/www.hsymachinery.com\/wp-content\/uploads\/2025\/06\/Walk-Behind-Concrete-Cutter-749x1536.jpg 749w, https:\/\/www.hsymachinery.com\/wp-content\/uploads\/2025\/06\/Walk-Behind-Concrete-Cutter-600x1230.jpg 600w, https:\/\/www.hsymachinery.com\/wp-content\/uploads\/2025\/06\/Walk-Behind-Concrete-Cutter.jpg 800w\" sizes=\"(max-width: 450px) 100vw, 450px\" \/><\/a><\/h3>\n<p data-start=\"358\" data-end=\"747\">The <strong data-start=\"362\" data-end=\"390\">HQ-C400A betoonil\u00f5ikur<\/strong> on t\u00e4iustatud diiselmootoriga betoonisaag, mis on m\u00f5eldud t\u00f6\u00f6v\u00f5tjatele, kes vajavad suuremat l\u00f5ikes\u00fcgavust, paremat raami stabiilsust ja pikemat t\u00f6\u00f6v\u00f5imet keerulistel objektidel. Suure t\u00f5hususega diiselmootoriga t\u00f6\u00f6tav HQ-C400A saab h\u00f5lpsasti hakkama paksude betoonplaatide, asfaltkattematerjalide ja t\u00f6\u00f6stusp\u00f5randate saagimisega.<\/p>\n<p data-start=\"749\" data-end=\"1018\">T\u00e4iustatud \u0161assii ja t\u00e4iustatud vibratsioonikindlus v\u00f5imaldavad sujuvat liikumist pikkade sirgete l\u00f5ikuste ajal. S\u00fcgavuse reguleerimise s\u00fcsteem v\u00f5imaldab t\u00e4pseid ja korratavaid tulemusi isegi raudbetooni v\u00f5i mitmekihiliste teekonstruktsioonide l\u00f5ikamisel.<\/p>\n<p data-start=\"1020\" data-end=\"1212\">Terade ohutu ja \u00fchtlase t\u00f6\u00f6 tagamiseks on HQ-C400A-l suure mahutavusega veepaak, mis tagab terade usaldusv\u00e4\u00e4rse jahutamise ja tolmukontrolli pideva l\u00f5ikamise ajal.<\/p>\n<h3 data-start=\"1219\" data-end=\"1266\">HQ-C400A betoonil\u00f5ikuri peamised omadused<\/h3>\n<ul data-start=\"1268\" data-end=\"1658\">\n<li data-start=\"1268\" data-end=\"1335\">\n<p data-start=\"1270\" data-end=\"1335\">Toitub usaldusv\u00e4\u00e4rsest diiselmootorist, millel on suurendatud p\u00f6\u00f6rdemomendi v\u00e4ljund<\/p>\n<\/li>\n<li data-start=\"1336\" data-end=\"1407\">\n<p data-start=\"1338\" data-end=\"1407\">Tugevdatud raam ja rattas\u00fcsteem parema kontrolli ja vastupidavuse tagamiseks<\/p>\n<\/li>\n<li data-start=\"1408\" data-end=\"1465\">\n<p data-start=\"1410\" data-end=\"1465\">T\u00e4pne s\u00fcgavuse reguleerimine s\u00fcgavamate ja sirgemate l\u00f5igete tegemiseks<\/p>\n<\/li>\n<li data-start=\"1466\" data-end=\"1530\">\n<p data-start=\"1468\" data-end=\"1530\">Ideaalne betoonteede, asfaldikihtide ja tehasep\u00f5randate jaoks.<\/p>\n<\/li>\n<li data-start=\"1531\" data-end=\"1595\">\n<p data-start=\"1533\" data-end=\"1595\">Integreeritud veepaak tolmu allasurumiseks ja labade jahutamiseks<\/p>\n<\/li>\n<li data-start=\"1596\" data-end=\"1658\">\n<p data-start=\"1598\" data-end=\"1658\">M\u00f5eldud pikkade t\u00f6\u00f6tundide ja raskete ehitust\u00f6\u00f6de jaoks<\/p>\n<\/li>\n<\/ul>\n<h3 data-start=\"1665\" data-end=\"1733\">Parimad maanteede remondiks, t\u00f6\u00f6stusp\u00f5randate ja s\u00fcgavate kraavide rajamiseks<\/h3>\n<p data-start=\"1735\" data-end=\"2051\">T\u00e4nu paremale ehituskvaliteedile kasutatakse HQ-C400A-d laialdaselt maanteede hoolduses, kaubanduslikus ehituses ja munitsipaalkaevude l\u00f5ikamisel. Selle diislik\u00fctuse s\u00fcsteem tagab pikema t\u00f6\u00f6aja, mis muudab selle kuluefektiivseks valikuks maapiirkondades v\u00f5i mitteelektrifitseeritud keskkondades teostatavate projektide puhul.<\/p>\n<p data-start=\"2053\" data-end=\"2301\">T\u00f6\u00f6v\u00f5tjad valivad selle mudeli l\u00f5ikamise j\u00e4rjepidevuse, v\u00e4hendatud hooldusvajaduse ja suure t\u00f6\u00f6v\u00f5ime tasuvuse t\u00f5ttu. Olenemata sellest, kas seda kasutatakse tsiviilrajatiste v\u00f5i kommunaalteenuste kaevandamisel, tagab see iga kord suurep\u00e4rase tulemuse.<\/p>\n<p><iframe title=\"betoonil\u00f5ikur,betoonil\u00f5ikur,betoonil\u00f5ikur,betoonil\u00f5ikur\" width=\"720\" height=\"405\" src=\"https:\/\/www.youtube.com\/embed\/egJcI18gCcg?feature=oembed\" frameborder=\"0\" allow=\"accelerometer; autoplay; clipboard-write; encrypted-media; gyroscope; picture-in-picture; web-share\" referrerpolicy=\"strict-origin-when-cross-origin\" allowfullscreen><\/iframe><\/p>","protected":false},"excerpt":{"rendered":"<p>HQ-C400A t\u00e4iustatud diiselbetoonil\u00f5ikur pakub s\u00fcgavamaid ja kiiremaid l\u00f5ikeid koos parema vibratsioonikindlusega, mis on ideaalne teede, kraavide ja t\u00f6\u00f6stuslike betoonit\u00f6\u00f6de jaoks.<\/p>","protected":false},"featured_media":9146,"template":"","meta":{"_kad_post_transparent":"default","_kad_post_title":"","_kad_post_layout":"default","_kad_post_sidebar_id":"","_kad_post_content_style":"default","_kad_post_vertical_padding":"default","_kad_post_feature":"","_kad_post_feature_position":"","_kad_post_header":false,"_kad_post_footer":false},"product_brand":[],"product_cat":[57],"product_tag":[1073,1071,1080,1076,1078,1074,1077,1079,1072,1075],"class_list":{"0":"post-9145","1":"product","2":"type-product","3":"status-publish","4":"has-post-thumbnail","6":"product_cat-concrete-cutter","7":"product_tag-asphalt-cutter","8":"product_tag-concrete-cutting-machine","9":"product_tag-concrete-groove-cutting-machine","10":"product_tag-diesel-concrete-cutter","11":"product_tag-electric-concrete-cutter","12":"product_tag-floor-saw-machine","13":"product_tag-gasoline-concrete-cutter","14":"product_tag-pavement-cutter-machine","15":"product_tag-road-cutting-machine","16":"product_tag-walk-behind-concrete-cutter","18":"first","19":"instock","20":"featured","21":"shipping-taxable","22":"product-type-simple","23":"entry","24":"content-bg","25":"loop-entry"},"yoast_head":"<!-- This site is optimized with the Yoast SEO plugin v25.3.1 - https:\/\/yoast.com\/wordpress\/plugins\/seo\/ -->\n<title>Concrete Cutter HQ-C400A - HSY Construction Machinery<\/title>\n<meta name=\"description\" content=\"HQ-C400A diesel concrete cutter delivers deep, stable cutting performance with improved frame and cooling system. Built for road repairs, industrial flooring, and trenching.\" \/>\n<meta name=\"robots\" content=\"index, follow, max-snippet:-1, max-image-preview:large, max-video-preview:-1\" \/>\n<link rel=\"canonical\" href=\"https:\/\/www.hsymachinery.com\/et\/toode\/betooniloikur-hq-c400a\/\" \/>\n<meta property=\"og:locale\" content=\"et_EE\" \/>\n<meta property=\"og:type\" content=\"article\" \/>\n<meta property=\"og:title\" content=\"Concrete Cutter HQ-C400A - HSY Construction Machinery\" \/>\n<meta property=\"og:description\" content=\"HQ-C400A diesel concrete cutter delivers deep, stable cutting performance with improved frame and cooling system. Built for road repairs, industrial flooring, and trenching.\" \/>\n<meta property=\"og:url\" content=\"https:\/\/www.hsymachinery.com\/et\/toode\/betooniloikur-hq-c400a\/\" \/>\n<meta property=\"og:site_name\" content=\"HSY Construction Machinery\" \/>\n<meta property=\"article:modified_time\" content=\"2025-06-28T13:03:53+00:00\" \/>\n<meta property=\"og:image\" content=\"https:\/\/www.hsymachinery.com\/wp-content\/uploads\/2025\/06\/Concrete-Cutter-HQ-C400A.jpg\" \/>\n\t<meta property=\"og:image:width\" content=\"600\" \/>\n\t<meta property=\"og:image:height\" content=\"600\" \/>\n\t<meta property=\"og:image:type\" content=\"image\/jpeg\" \/>\n<meta name=\"twitter:card\" content=\"summary_large_image\" \/>\n<meta name=\"twitter:label1\" content=\"Est. reading time\" \/>\n\t<meta name=\"twitter:data1\" content=\"2 minutit\" \/>\n<script type=\"application\/ld+json\" class=\"yoast-schema-graph\">{\"@context\":\"https:\/\/schema.org\",\"@graph\":[{\"@type\":\"WebPage\",\"@id\":\"https:\/\/www.hsymachinery.com\/product\/concrete-cutter-hq-c400a\/\",\"url\":\"https:\/\/www.hsymachinery.com\/product\/concrete-cutter-hq-c400a\/\",\"name\":\"Concrete Cutter HQ-C400A - HSY Construction Machinery\",\"isPartOf\":{\"@id\":\"https:\/\/www.hsymachinery.com\/#website\"},\"primaryImageOfPage\":{\"@id\":\"https:\/\/www.hsymachinery.com\/product\/concrete-cutter-hq-c400a\/#primaryimage\"},\"image\":{\"@id\":\"https:\/\/www.hsymachinery.com\/product\/concrete-cutter-hq-c400a\/#primaryimage\"},\"thumbnailUrl\":\"https:\/\/www.hsymachinery.com\/wp-content\/uploads\/2025\/06\/Concrete-Cutter-HQ-C400A.jpg\",\"datePublished\":\"2025-06-18T10:03:14+00:00\",\"dateModified\":\"2025-06-28T13:03:53+00:00\",\"description\":\"HQ-C400A diesel concrete cutter delivers deep, stable cutting performance with improved frame and cooling system. Built for road repairs, industrial flooring, and trenching.\",\"breadcrumb\":{\"@id\":\"https:\/\/www.hsymachinery.com\/product\/concrete-cutter-hq-c400a\/#breadcrumb\"},\"inLanguage\":\"et\",\"potentialAction\":[{\"@type\":\"ReadAction\",\"target\":[\"https:\/\/www.hsymachinery.com\/product\/concrete-cutter-hq-c400a\/\"]}]},{\"@type\":\"ImageObject\",\"inLanguage\":\"et\",\"@id\":\"https:\/\/www.hsymachinery.com\/product\/concrete-cutter-hq-c400a\/#primaryimage\",\"url\":\"https:\/\/www.hsymachinery.com\/wp-content\/uploads\/2025\/06\/Concrete-Cutter-HQ-C400A.jpg\",\"contentUrl\":\"https:\/\/www.hsymachinery.com\/wp-content\/uploads\/2025\/06\/Concrete-Cutter-HQ-C400A.jpg\",\"width\":600,\"height\":600},{\"@type\":\"BreadcrumbList\",\"@id\":\"https:\/\/www.hsymachinery.com\/product\/concrete-cutter-hq-c400a\/#breadcrumb\",\"itemListElement\":[{\"@type\":\"ListItem\",\"position\":1,\"name\":\"home\",\"item\":\"https:\/\/www.hsymachinery.com\/\"},{\"@type\":\"ListItem\",\"position\":2,\"name\":\"products\",\"item\":\"https:\/\/www.hsymachinery.com\/products\/\"},{\"@type\":\"ListItem\",\"position\":3,\"name\":\"Concrete Cutter HQ-C400A\"}]},{\"@type\":\"WebSite\",\"@id\":\"https:\/\/www.hsymachinery.com\/#website\",\"url\":\"https:\/\/www.hsymachinery.com\/\",\"name\":\"HSY Construction Machinery\",\"description\":\"HSY Machinery \u2013 A leading China construction machinery supplier, offering a wide range of light construction equipment. Our main products include Rebar Cutting Machine, Rebar Bending Machine, Rebar Stirrup Bending Machine, Rebar Arc Bending Machine, Rebar Straightening Machine, Five-Head Rebar Stirrup Bending Machine, Tamping Rammer, Plate Compactor, Concrete Cutter, Power Trowel, and other construction machinery. We are equipped with advanced CNC machines, and we enforce strict quality inspection standards along with comprehensive after-sales service. If you are interested in our products or services, we warmly welcome your inquiries via message.\",\"publisher\":{\"@id\":\"https:\/\/www.hsymachinery.com\/#organization\"},\"potentialAction\":[{\"@type\":\"SearchAction\",\"target\":{\"@type\":\"EntryPoint\",\"urlTemplate\":\"https:\/\/www.hsymachinery.com\/?s={search_term_string}\"},\"query-input\":{\"@type\":\"PropertyValueSpecification\",\"valueRequired\":true,\"valueName\":\"search_term_string\"}}],\"inLanguage\":\"et\"},{\"@type\":\"Organization\",\"@id\":\"https:\/\/www.hsymachinery.com\/#organization\",\"name\":\"HSY Construction Machinery\",\"url\":\"https:\/\/www.hsymachinery.com\/\",\"logo\":{\"@type\":\"ImageObject\",\"inLanguage\":\"et\",\"@id\":\"https:\/\/www.hsymachinery.com\/#\/schema\/logo\/image\/\",\"url\":\"https:\/\/www.hsymachinery.com\/wp-content\/uploads\/2025\/06\/cropped-HSY-machinery.png\",\"contentUrl\":\"https:\/\/www.hsymachinery.com\/wp-content\/uploads\/2025\/06\/cropped-HSY-machinery.png\",\"width\":600,\"height\":240,\"caption\":\"HSY Construction Machinery\"},\"image\":{\"@id\":\"https:\/\/www.hsymachinery.com\/#\/schema\/logo\/image\/\"}}]}<\/script>\n<!-- \/ Yoast SEO plugin. -->","yoast_head_json":{"title":"Betoonil\u00f5ikur HQ-C400A - HSY ehitusmasinad","description":"HQ-C400A diiselbetoonil\u00f5ikur pakub t\u00e4iustatud raami ja jahutuss\u00fcsteemiga s\u00fcgavat ja stabiilset l\u00f5iket\u00f6\u00f6d. Ehitatud teede remondiks, t\u00f6\u00f6stusp\u00f5randate ja kraavide l\u00f5ikamiseks.","robots":{"index":"index","follow":"follow","max-snippet":"max-snippet:-1","max-image-preview":"max-image-preview:large","max-video-preview":"max-video-preview:-1"},"canonical":"https:\/\/www.hsymachinery.com\/et\/toode\/betooniloikur-hq-c400a\/","og_locale":"et_EE","og_type":"article","og_title":"Concrete Cutter HQ-C400A - HSY Construction Machinery","og_description":"HQ-C400A diesel concrete cutter delivers deep, stable cutting performance with improved frame and cooling system. Built for road repairs, industrial flooring, and trenching.","og_url":"https:\/\/www.hsymachinery.com\/et\/toode\/betooniloikur-hq-c400a\/","og_site_name":"HSY Construction Machinery","article_modified_time":"2025-06-28T13:03:53+00:00","og_image":[{"width":600,"height":600,"url":"https:\/\/www.hsymachinery.com\/wp-content\/uploads\/2025\/06\/Concrete-Cutter-HQ-C400A.jpg","type":"image\/jpeg"}],"twitter_card":"summary_large_image","twitter_misc":{"Est. reading time":"2 minutit"},"schema":{"@context":"https:\/\/schema.org","@graph":[{"@type":"WebPage","@id":"https:\/\/www.hsymachinery.com\/product\/concrete-cutter-hq-c400a\/","url":"https:\/\/www.hsymachinery.com\/product\/concrete-cutter-hq-c400a\/","name":"Betoonil\u00f5ikur HQ-C400A - HSY ehitusmasinad","isPartOf":{"@id":"https:\/\/www.hsymachinery.com\/#website"},"primaryImageOfPage":{"@id":"https:\/\/www.hsymachinery.com\/product\/concrete-cutter-hq-c400a\/#primaryimage"},"image":{"@id":"https:\/\/www.hsymachinery.com\/product\/concrete-cutter-hq-c400a\/#primaryimage"},"thumbnailUrl":"https:\/\/www.hsymachinery.com\/wp-content\/uploads\/2025\/06\/Concrete-Cutter-HQ-C400A.jpg","datePublished":"2025-06-18T10:03:14+00:00","dateModified":"2025-06-28T13:03:53+00:00","description":"HQ-C400A diiselbetoonil\u00f5ikur pakub t\u00e4iustatud raami ja jahutuss\u00fcsteemiga s\u00fcgavat ja stabiilset l\u00f5iket\u00f6\u00f6d. Ehitatud teede remondiks, t\u00f6\u00f6stusp\u00f5randate ja kraavide l\u00f5ikamiseks.","breadcrumb":{"@id":"https:\/\/www.hsymachinery.com\/product\/concrete-cutter-hq-c400a\/#breadcrumb"},"inLanguage":"et","potentialAction":[{"@type":"ReadAction","target":["https:\/\/www.hsymachinery.com\/product\/concrete-cutter-hq-c400a\/"]}]},{"@type":"ImageObject","inLanguage":"et","@id":"https:\/\/www.hsymachinery.com\/product\/concrete-cutter-hq-c400a\/#primaryimage","url":"https:\/\/www.hsymachinery.com\/wp-content\/uploads\/2025\/06\/Concrete-Cutter-HQ-C400A.jpg","contentUrl":"https:\/\/www.hsymachinery.com\/wp-content\/uploads\/2025\/06\/Concrete-Cutter-HQ-C400A.jpg","width":600,"height":600},{"@type":"BreadcrumbList","@id":"https:\/\/www.hsymachinery.com\/product\/concrete-cutter-hq-c400a\/#breadcrumb","itemListElement":[{"@type":"ListItem","position":1,"name":"home","item":"https:\/\/www.hsymachinery.com\/"},{"@type":"ListItem","position":2,"name":"products","item":"https:\/\/www.hsymachinery.com\/products\/"},{"@type":"ListItem","position":3,"name":"Concrete Cutter HQ-C400A"}]},{"@type":"WebSite","@id":"https:\/\/www.hsymachinery.com\/#website","url":"https:\/\/www.hsymachinery.com\/","name":"HSY ehitusmasinad","description":"HSY Machinery - juhtiv Hiina ehitusmasinate tarnija, kes pakub laias valikus kerget ehitusseadmeid. Meie peamised tooted on Rebar Cutting Machine, Rebar Bending Machine, Rebar Stirrup Bending Machine, Rebar Arc Bending Machine, Rebar Straightening Machine, Five-Head Rebar Stirrup Bending Machine, Tamping Rammer, Plate Compactor, Betoon Cutter, Power Trowel ja muud ehitusmasinad. Oleme varustatud t\u00e4iustatud CNC-masinatega ja rakendame rangeid kvaliteedikontrolli standardeid koos tervikliku m\u00fc\u00fcgij\u00e4rgse teenindusega. Kui olete huvitatud meie toodetest v\u00f5i teenustest, ootame soojalt teie p\u00e4ringuid s\u00f5numi teel.","publisher":{"@id":"https:\/\/www.hsymachinery.com\/#organization"},"potentialAction":[{"@type":"SearchAction","target":{"@type":"EntryPoint","urlTemplate":"https:\/\/www.hsymachinery.com\/?s={search_term_string}"},"query-input":{"@type":"PropertyValueSpecification","valueRequired":true,"valueName":"search_term_string"}}],"inLanguage":"et"},{"@type":"Organization","@id":"https:\/\/www.hsymachinery.com\/#organization","name":"HSY ehitusmasinad","url":"https:\/\/www.hsymachinery.com\/","logo":{"@type":"ImageObject","inLanguage":"et","@id":"https:\/\/www.hsymachinery.com\/#\/schema\/logo\/image\/","url":"https:\/\/www.hsymachinery.com\/wp-content\/uploads\/2025\/06\/cropped-HSY-machinery.png","contentUrl":"https:\/\/www.hsymachinery.com\/wp-content\/uploads\/2025\/06\/cropped-HSY-machinery.png","width":600,"height":240,"caption":"HSY Construction Machinery"},"image":{"@id":"https:\/\/www.hsymachinery.com\/#\/schema\/logo\/image\/"}}]}},"_links":{"self":[{"href":"https:\/\/www.hsymachinery.com\/et\/wp-json\/wp\/v2\/product\/9145","targetHints":{"allow":["GET"]}}],"collection":[{"href":"https:\/\/www.hsymachinery.com\/et\/wp-json\/wp\/v2\/product"}],"about":[{"href":"https:\/\/www.hsymachinery.com\/et\/wp-json\/wp\/v2\/types\/product"}],"version-history":[{"count":3,"href":"https:\/\/www.hsymachinery.com\/et\/wp-json\/wp\/v2\/product\/9145\/revisions"}],"predecessor-version":[{"id":9561,"href":"https:\/\/www.hsymachinery.com\/et\/wp-json\/wp\/v2\/product\/9145\/revisions\/9561"}],"wp:featuredmedia":[{"embeddable":true,"href":"https:\/\/www.hsymachinery.com\/et\/wp-json\/wp\/v2\/media\/9146"}],"wp:attachment":[{"href":"https:\/\/www.hsymachinery.com\/et\/wp-json\/wp\/v2\/media?parent=9145"}],"wp:term":[{"taxonomy":"product_brand","embeddable":true,"href":"https:\/\/www.hsymachinery.com\/et\/wp-json\/wp\/v2\/product_brand?post=9145"},{"taxonomy":"product_cat","embeddable":true,"href":"https:\/\/www.hsymachinery.com\/et\/wp-json\/wp\/v2\/product_cat?post=9145"},{"taxonomy":"product_tag","embeddable":true,"href":"https:\/\/www.hsymachinery.com\/et\/wp-json\/wp\/v2\/product_tag?post=9145"}],"curies":[{"name":"wp","href":"https:\/\/api.w.org\/{rel}","templated":true}]}}