{"id":9142,"date":"2025-06-18T18:01:40","date_gmt":"2025-06-18T10:01:40","guid":{"rendered":"https:\/\/www.hsymachinery.com\/?post_type=product&#038;p=9142"},"modified":"2025-06-28T20:58:57","modified_gmt":"2025-06-28T12:58:57","slug":"betooniloikur-hq-c400","status":"publish","type":"product","link":"https:\/\/www.hsymachinery.com\/et\/toode\/betooniloikur-hq-c400\/","title":{"rendered":"Betoonil\u00f5ikur HQ-C400"},"content":{"rendered":"<h2 data-start=\"129\" data-end=\"160\">Betoonil\u00f5ikur HQ-C400<\/h2>\n<h3 data-start=\"161\" data-end=\"280\">HQ-C400 diiselbetoonil\u00f5ikur | K\u00fctuses\u00e4\u00e4stlik betoonisaag teede, vundamentide ja asfaldipindade s\u00fcgavateks l\u00f5ikust\u00f6\u00f6deks<\/h3>\n<h3 data-start=\"287\" data-end=\"370\">Toote kirjeldus - Diislik\u00fctus usaldusv\u00e4\u00e4rseks betooni ja asfaldi l\u00f5ikamiseks<a href=\"https:\/\/www.hsymachinery.com\/et\/tooted\/betooniloikur\/\" target=\"_blank\" rel=\"noopener\"><img fetchpriority=\"high\" decoding=\"async\" class=\"wp-image-9557 alignright\" src=\"https:\/\/www.hsymachinery.com\/wp-content\/uploads\/2025\/06\/Walk-Behind-Concrete-Cutter-146x300.jpg\" alt=\"\" width=\"445\" height=\"914\" srcset=\"https:\/\/www.hsymachinery.com\/wp-content\/uploads\/2025\/06\/Walk-Behind-Concrete-Cutter-146x300.jpg 146w, https:\/\/www.hsymachinery.com\/wp-content\/uploads\/2025\/06\/Walk-Behind-Concrete-Cutter-749x1536.jpg 749w\" sizes=\"(max-width: 445px) 100vw, 445px\" \/><\/a><\/h3>\n<p data-start=\"372\" data-end=\"799\">The <strong data-start=\"376\" data-end=\"403\">HQ-C400 betoonil\u00f5ikur<\/strong> t\u00f6\u00f6tab k\u00fctuses\u00e4\u00e4stlik diiselmootor, mis tagab suure p\u00f6\u00f6rdemomendi ja stabiilse j\u00f5udluse, mis on vajalik s\u00fcgavaks ja pidevaks l\u00f5ikamiseks l\u00e4bi betooni, asfaldi ja k\u00f5nniteematerjalide. See mudel on kavandatud vastupidavaks v\u00e4litingimustes kasutamiseks ja pikaks ajaks, mist\u00f5ttu on see ideaalne teehooldusmeeskondadele, t\u00f6\u00f6v\u00f5tjatele ja infrastruktuurit\u00f6\u00f6tajatele, kes soovivad nii usaldusv\u00e4\u00e4rsust kui ka k\u00fctuses\u00e4\u00e4stu.<\/p>\n<p data-start=\"801\" data-end=\"1110\">Selle tugev raam, reguleeritav l\u00f5ikes\u00fcgavus ja tugevdatud tera korpus v\u00f5imaldavad t\u00e4pseid ja puhtaid l\u00f5ikeid paksude ja tihedate materjalide puhul, isegi tolmuses v\u00f5i k\u00f5rge temperatuuriga keskkonnas. HQ-C400 sobib eriti h\u00e4sti kaugetele v\u00f5i v\u00f5rguv\u00e4listele t\u00f6\u00f6kohtadele, kus diiselk\u00fctus on bensiinist k\u00e4ttesaadavam.<\/p>\n<p data-start=\"1112\" data-end=\"1248\">Sisseehitatud veepaagiga, mis surub tolmu maha ja jahutab tera, tagab see masin ohutu ja professionaalse l\u00f5ikamise iga projekti puhul.<\/p>\n<h3 data-start=\"1255\" data-end=\"1308\">HQ-C400 diiselbetoonil\u00f5ikuri peamised omadused<\/h3>\n<ul data-start=\"1310\" data-end=\"1666\">\n<li data-start=\"1310\" data-end=\"1380\">\n<p data-start=\"1312\" data-end=\"1380\">Varustatud suure p\u00f6\u00f6rdemomendiga diiselmootoriga, mis tagab tugeva ja p\u00fcsiva v\u00f5imsuse.<\/p>\n<\/li>\n<li data-start=\"1381\" data-end=\"1441\">\n<p data-start=\"1383\" data-end=\"1441\">Reguleeritav l\u00f5ikes\u00fcgavuse s\u00fcsteem t\u00e4pse l\u00f5ike kontrollimiseks<\/p>\n<\/li>\n<li data-start=\"1442\" data-end=\"1492\">\n<p data-start=\"1444\" data-end=\"1492\">Raske raam koos vibratsioonivastase konstruktsiooniga<\/p>\n<\/li>\n<li data-start=\"1493\" data-end=\"1551\">\n<p data-start=\"1495\" data-end=\"1551\">Sobib asfaldi, betooni, kivi ja k\u00f5nniteega<\/p>\n<\/li>\n<li data-start=\"1552\" data-end=\"1614\">\n<p data-start=\"1554\" data-end=\"1614\">Sisseehitatud veepaak tolmu allasurumiseks ja terade jahutamiseks<\/p>\n<\/li>\n<li data-start=\"1615\" data-end=\"1666\">\n<p data-start=\"1617\" data-end=\"1666\">Lihtne juurdep\u00e4\u00e4s mootori hooldamiseks ja puhastamiseks<\/p>\n<\/li>\n<\/ul>\n<h3 data-start=\"1673\" data-end=\"1745\">Ideaalne raskete ehitust\u00f6\u00f6de, teede ja vundamendi kaevanduste jaoks.<\/h3>\n<p data-start=\"1747\" data-end=\"2027\">HQ-C400 on usaldusv\u00e4\u00e4rne t\u00f6\u00f6riist linnateede lappimiseks, k\u00f5nniteede kraavide kaevamiseks, p\u00f5randaliidete saagimiseks ja vundamentide kaevandamiseks. Diiselmootor teeb sellest suurep\u00e4rase valiku pika t\u00f6\u00f6ajaga t\u00f6\u00f6deks ja keskkondades, kus elektri- v\u00f5i bensiinit\u00f6\u00f6riistad ei ole otstarbekad.<\/p>\n<p data-start=\"2029\" data-end=\"2292\">Operaatorid saavad kasu selle stabiilsest alusest, sujuvast liikumisest ja vastupidavatest ratastest, mis tagavad suurep\u00e4rase juhitavuse isegi ebatasasel maastikul. Tootlikkuse ja \u00f6konoomsuse osas aitab see l\u00f5ikur v\u00e4hendada k\u00fctusekulusid, suurendades samal ajal l\u00f5ikamiskiirust ja -t\u00e4psust.<\/p>\n<p><iframe title=\"betoonil\u00f5ikur,betoonil\u00f5ikur,betoonil\u00f5ikur,betoonil\u00f5ikur\" width=\"720\" height=\"405\" src=\"https:\/\/www.youtube.com\/embed\/egJcI18gCcg?feature=oembed\" frameborder=\"0\" allow=\"accelerometer; autoplay; clipboard-write; encrypted-media; gyroscope; picture-in-picture; web-share\" referrerpolicy=\"strict-origin-when-cross-origin\" allowfullscreen><\/iframe><\/p>","protected":false},"excerpt":{"rendered":"<p>HQ-C400 diiselbetoonil\u00f5ikur pakub s\u00fcgavat ja k\u00fctuses\u00e4\u00e4stlikku l\u00f5ikamist betooni-, asfaldi- ja teet\u00f6\u00f6del. Vastupidav konstruktsioon tagab usaldusv\u00e4\u00e4rse kasutamise n\u00f5udlikes keskkondades.<\/p>","protected":false},"featured_media":9143,"template":"","meta":{"_kad_post_transparent":"default","_kad_post_title":"","_kad_post_layout":"default","_kad_post_sidebar_id":"","_kad_post_content_style":"default","_kad_post_vertical_padding":"default","_kad_post_feature":"","_kad_post_feature_position":"","_kad_post_header":false,"_kad_post_footer":false},"product_brand":[],"product_cat":[57],"product_tag":[1073,1071,1080,1076,1078,1074,1077,1079,1072,1075],"class_list":{"0":"post-9142","1":"product","2":"type-product","3":"status-publish","4":"has-post-thumbnail","6":"product_cat-concrete-cutter","7":"product_tag-asphalt-cutter","8":"product_tag-concrete-cutting-machine","9":"product_tag-concrete-groove-cutting-machine","10":"product_tag-diesel-concrete-cutter","11":"product_tag-electric-concrete-cutter","12":"product_tag-floor-saw-machine","13":"product_tag-gasoline-concrete-cutter","14":"product_tag-pavement-cutter-machine","15":"product_tag-road-cutting-machine","16":"product_tag-walk-behind-concrete-cutter","18":"first","19":"instock","20":"shipping-taxable","21":"product-type-simple","22":"entry","23":"content-bg","24":"loop-entry"},"yoast_head":"<!-- This site is optimized with the Yoast SEO plugin v25.3.1 - https:\/\/yoast.com\/wordpress\/plugins\/seo\/ -->\n<title>Concrete Cutter HQ-C400 - HSY Construction Machinery<\/title>\n<meta name=\"description\" content=\"HQ-C400 diesel concrete cutter offers precise, deep cutting with fuel-efficient power for road repairs, trenches, and foundation concrete work. Rugged and dependable.\" \/>\n<meta name=\"robots\" content=\"index, follow, max-snippet:-1, max-image-preview:large, max-video-preview:-1\" \/>\n<link rel=\"canonical\" href=\"https:\/\/www.hsymachinery.com\/et\/toode\/betooniloikur-hq-c400\/\" \/>\n<meta property=\"og:locale\" content=\"et_EE\" \/>\n<meta property=\"og:type\" content=\"article\" \/>\n<meta property=\"og:title\" content=\"Concrete Cutter HQ-C400 - HSY Construction Machinery\" \/>\n<meta property=\"og:description\" content=\"HQ-C400 diesel concrete cutter offers precise, deep cutting with fuel-efficient power for road repairs, trenches, and foundation concrete work. Rugged and dependable.\" \/>\n<meta property=\"og:url\" content=\"https:\/\/www.hsymachinery.com\/et\/toode\/betooniloikur-hq-c400\/\" \/>\n<meta property=\"og:site_name\" content=\"HSY Construction Machinery\" \/>\n<meta property=\"article:modified_time\" content=\"2025-06-28T12:58:57+00:00\" \/>\n<meta property=\"og:image\" content=\"https:\/\/www.hsymachinery.com\/wp-content\/uploads\/2025\/06\/Concrete-Cutter-HQ-C400.jpg\" \/>\n\t<meta property=\"og:image:width\" content=\"600\" \/>\n\t<meta property=\"og:image:height\" content=\"600\" \/>\n\t<meta property=\"og:image:type\" content=\"image\/jpeg\" \/>\n<meta name=\"twitter:card\" content=\"summary_large_image\" \/>\n<meta name=\"twitter:label1\" content=\"Est. reading time\" \/>\n\t<meta name=\"twitter:data1\" content=\"2 minutit\" \/>\n<script type=\"application\/ld+json\" class=\"yoast-schema-graph\">{\"@context\":\"https:\/\/schema.org\",\"@graph\":[{\"@type\":\"WebPage\",\"@id\":\"https:\/\/www.hsymachinery.com\/product\/concrete-cutter-hq-c400\/\",\"url\":\"https:\/\/www.hsymachinery.com\/product\/concrete-cutter-hq-c400\/\",\"name\":\"Concrete Cutter HQ-C400 - HSY Construction Machinery\",\"isPartOf\":{\"@id\":\"https:\/\/www.hsymachinery.com\/#website\"},\"primaryImageOfPage\":{\"@id\":\"https:\/\/www.hsymachinery.com\/product\/concrete-cutter-hq-c400\/#primaryimage\"},\"image\":{\"@id\":\"https:\/\/www.hsymachinery.com\/product\/concrete-cutter-hq-c400\/#primaryimage\"},\"thumbnailUrl\":\"https:\/\/www.hsymachinery.com\/wp-content\/uploads\/2025\/06\/Concrete-Cutter-HQ-C400.jpg\",\"datePublished\":\"2025-06-18T10:01:40+00:00\",\"dateModified\":\"2025-06-28T12:58:57+00:00\",\"description\":\"HQ-C400 diesel concrete cutter offers precise, deep cutting with fuel-efficient power for road repairs, trenches, and foundation concrete work. Rugged and dependable.\",\"breadcrumb\":{\"@id\":\"https:\/\/www.hsymachinery.com\/product\/concrete-cutter-hq-c400\/#breadcrumb\"},\"inLanguage\":\"et\",\"potentialAction\":[{\"@type\":\"ReadAction\",\"target\":[\"https:\/\/www.hsymachinery.com\/product\/concrete-cutter-hq-c400\/\"]}]},{\"@type\":\"ImageObject\",\"inLanguage\":\"et\",\"@id\":\"https:\/\/www.hsymachinery.com\/product\/concrete-cutter-hq-c400\/#primaryimage\",\"url\":\"https:\/\/www.hsymachinery.com\/wp-content\/uploads\/2025\/06\/Concrete-Cutter-HQ-C400.jpg\",\"contentUrl\":\"https:\/\/www.hsymachinery.com\/wp-content\/uploads\/2025\/06\/Concrete-Cutter-HQ-C400.jpg\",\"width\":600,\"height\":600},{\"@type\":\"BreadcrumbList\",\"@id\":\"https:\/\/www.hsymachinery.com\/product\/concrete-cutter-hq-c400\/#breadcrumb\",\"itemListElement\":[{\"@type\":\"ListItem\",\"position\":1,\"name\":\"home\",\"item\":\"https:\/\/www.hsymachinery.com\/\"},{\"@type\":\"ListItem\",\"position\":2,\"name\":\"products\",\"item\":\"https:\/\/www.hsymachinery.com\/products\/\"},{\"@type\":\"ListItem\",\"position\":3,\"name\":\"Concrete Cutter HQ-C400\"}]},{\"@type\":\"WebSite\",\"@id\":\"https:\/\/www.hsymachinery.com\/#website\",\"url\":\"https:\/\/www.hsymachinery.com\/\",\"name\":\"HSY Construction Machinery\",\"description\":\"HSY Machinery \u2013 A leading China construction machinery supplier, offering a wide range of light construction equipment. Our main products include Rebar Cutting Machine, Rebar Bending Machine, Rebar Stirrup Bending Machine, Rebar Arc Bending Machine, Rebar Straightening Machine, Five-Head Rebar Stirrup Bending Machine, Tamping Rammer, Plate Compactor, Concrete Cutter, Power Trowel, and other construction machinery. We are equipped with advanced CNC machines, and we enforce strict quality inspection standards along with comprehensive after-sales service. If you are interested in our products or services, we warmly welcome your inquiries via message.\",\"publisher\":{\"@id\":\"https:\/\/www.hsymachinery.com\/#organization\"},\"potentialAction\":[{\"@type\":\"SearchAction\",\"target\":{\"@type\":\"EntryPoint\",\"urlTemplate\":\"https:\/\/www.hsymachinery.com\/?s={search_term_string}\"},\"query-input\":{\"@type\":\"PropertyValueSpecification\",\"valueRequired\":true,\"valueName\":\"search_term_string\"}}],\"inLanguage\":\"et\"},{\"@type\":\"Organization\",\"@id\":\"https:\/\/www.hsymachinery.com\/#organization\",\"name\":\"HSY Construction Machinery\",\"url\":\"https:\/\/www.hsymachinery.com\/\",\"logo\":{\"@type\":\"ImageObject\",\"inLanguage\":\"et\",\"@id\":\"https:\/\/www.hsymachinery.com\/#\/schema\/logo\/image\/\",\"url\":\"https:\/\/www.hsymachinery.com\/wp-content\/uploads\/2025\/06\/cropped-HSY-machinery.png\",\"contentUrl\":\"https:\/\/www.hsymachinery.com\/wp-content\/uploads\/2025\/06\/cropped-HSY-machinery.png\",\"width\":600,\"height\":240,\"caption\":\"HSY Construction Machinery\"},\"image\":{\"@id\":\"https:\/\/www.hsymachinery.com\/#\/schema\/logo\/image\/\"}}]}<\/script>\n<!-- \/ Yoast SEO plugin. -->","yoast_head_json":{"title":"Betoonil\u00f5ikur HQ-C400 - HSY ehitusmasinad","description":"HQ-C400 diiselbetoonil\u00f5ikur pakub t\u00e4pset, s\u00fcgavat l\u00f5ikamist k\u00fctuses\u00e4\u00e4stliku v\u00f5imsusega teede remondit\u00f6\u00f6deks, kraavide ja vundamentide betoonit\u00f6\u00f6deks. Vastupidav ja usaldusv\u00e4\u00e4rne.","robots":{"index":"index","follow":"follow","max-snippet":"max-snippet:-1","max-image-preview":"max-image-preview:large","max-video-preview":"max-video-preview:-1"},"canonical":"https:\/\/www.hsymachinery.com\/et\/toode\/betooniloikur-hq-c400\/","og_locale":"et_EE","og_type":"article","og_title":"Concrete Cutter HQ-C400 - HSY Construction Machinery","og_description":"HQ-C400 diesel concrete cutter offers precise, deep cutting with fuel-efficient power for road repairs, trenches, and foundation concrete work. Rugged and dependable.","og_url":"https:\/\/www.hsymachinery.com\/et\/toode\/betooniloikur-hq-c400\/","og_site_name":"HSY Construction Machinery","article_modified_time":"2025-06-28T12:58:57+00:00","og_image":[{"width":600,"height":600,"url":"https:\/\/www.hsymachinery.com\/wp-content\/uploads\/2025\/06\/Concrete-Cutter-HQ-C400.jpg","type":"image\/jpeg"}],"twitter_card":"summary_large_image","twitter_misc":{"Est. reading time":"2 minutit"},"schema":{"@context":"https:\/\/schema.org","@graph":[{"@type":"WebPage","@id":"https:\/\/www.hsymachinery.com\/product\/concrete-cutter-hq-c400\/","url":"https:\/\/www.hsymachinery.com\/product\/concrete-cutter-hq-c400\/","name":"Betoonil\u00f5ikur HQ-C400 - HSY ehitusmasinad","isPartOf":{"@id":"https:\/\/www.hsymachinery.com\/#website"},"primaryImageOfPage":{"@id":"https:\/\/www.hsymachinery.com\/product\/concrete-cutter-hq-c400\/#primaryimage"},"image":{"@id":"https:\/\/www.hsymachinery.com\/product\/concrete-cutter-hq-c400\/#primaryimage"},"thumbnailUrl":"https:\/\/www.hsymachinery.com\/wp-content\/uploads\/2025\/06\/Concrete-Cutter-HQ-C400.jpg","datePublished":"2025-06-18T10:01:40+00:00","dateModified":"2025-06-28T12:58:57+00:00","description":"HQ-C400 diiselbetoonil\u00f5ikur pakub t\u00e4pset, s\u00fcgavat l\u00f5ikamist k\u00fctuses\u00e4\u00e4stliku v\u00f5imsusega teede remondit\u00f6\u00f6deks, kraavide ja vundamentide betoonit\u00f6\u00f6deks. Vastupidav ja usaldusv\u00e4\u00e4rne.","breadcrumb":{"@id":"https:\/\/www.hsymachinery.com\/product\/concrete-cutter-hq-c400\/#breadcrumb"},"inLanguage":"et","potentialAction":[{"@type":"ReadAction","target":["https:\/\/www.hsymachinery.com\/product\/concrete-cutter-hq-c400\/"]}]},{"@type":"ImageObject","inLanguage":"et","@id":"https:\/\/www.hsymachinery.com\/product\/concrete-cutter-hq-c400\/#primaryimage","url":"https:\/\/www.hsymachinery.com\/wp-content\/uploads\/2025\/06\/Concrete-Cutter-HQ-C400.jpg","contentUrl":"https:\/\/www.hsymachinery.com\/wp-content\/uploads\/2025\/06\/Concrete-Cutter-HQ-C400.jpg","width":600,"height":600},{"@type":"BreadcrumbList","@id":"https:\/\/www.hsymachinery.com\/product\/concrete-cutter-hq-c400\/#breadcrumb","itemListElement":[{"@type":"ListItem","position":1,"name":"home","item":"https:\/\/www.hsymachinery.com\/"},{"@type":"ListItem","position":2,"name":"products","item":"https:\/\/www.hsymachinery.com\/products\/"},{"@type":"ListItem","position":3,"name":"Concrete Cutter HQ-C400"}]},{"@type":"WebSite","@id":"https:\/\/www.hsymachinery.com\/#website","url":"https:\/\/www.hsymachinery.com\/","name":"HSY ehitusmasinad","description":"HSY Machinery - juhtiv Hiina ehitusmasinate tarnija, kes pakub laias valikus kerget ehitusseadmeid. Meie peamised tooted on Rebar Cutting Machine, Rebar Bending Machine, Rebar Stirrup Bending Machine, Rebar Arc Bending Machine, Rebar Straightening Machine, Five-Head Rebar Stirrup Bending Machine, Tamping Rammer, Plate Compactor, Betoon Cutter, Power Trowel ja muud ehitusmasinad. Oleme varustatud t\u00e4iustatud CNC-masinatega ja rakendame rangeid kvaliteedikontrolli standardeid koos tervikliku m\u00fc\u00fcgij\u00e4rgse teenindusega. Kui olete huvitatud meie toodetest v\u00f5i teenustest, ootame soojalt teie p\u00e4ringuid s\u00f5numi teel.","publisher":{"@id":"https:\/\/www.hsymachinery.com\/#organization"},"potentialAction":[{"@type":"SearchAction","target":{"@type":"EntryPoint","urlTemplate":"https:\/\/www.hsymachinery.com\/?s={search_term_string}"},"query-input":{"@type":"PropertyValueSpecification","valueRequired":true,"valueName":"search_term_string"}}],"inLanguage":"et"},{"@type":"Organization","@id":"https:\/\/www.hsymachinery.com\/#organization","name":"HSY ehitusmasinad","url":"https:\/\/www.hsymachinery.com\/","logo":{"@type":"ImageObject","inLanguage":"et","@id":"https:\/\/www.hsymachinery.com\/#\/schema\/logo\/image\/","url":"https:\/\/www.hsymachinery.com\/wp-content\/uploads\/2025\/06\/cropped-HSY-machinery.png","contentUrl":"https:\/\/www.hsymachinery.com\/wp-content\/uploads\/2025\/06\/cropped-HSY-machinery.png","width":600,"height":240,"caption":"HSY Construction Machinery"},"image":{"@id":"https:\/\/www.hsymachinery.com\/#\/schema\/logo\/image\/"}}]}},"_links":{"self":[{"href":"https:\/\/www.hsymachinery.com\/et\/wp-json\/wp\/v2\/product\/9142","targetHints":{"allow":["GET"]}}],"collection":[{"href":"https:\/\/www.hsymachinery.com\/et\/wp-json\/wp\/v2\/product"}],"about":[{"href":"https:\/\/www.hsymachinery.com\/et\/wp-json\/wp\/v2\/types\/product"}],"version-history":[{"count":5,"href":"https:\/\/www.hsymachinery.com\/et\/wp-json\/wp\/v2\/product\/9142\/revisions"}],"predecessor-version":[{"id":9559,"href":"https:\/\/www.hsymachinery.com\/et\/wp-json\/wp\/v2\/product\/9142\/revisions\/9559"}],"wp:featuredmedia":[{"embeddable":true,"href":"https:\/\/www.hsymachinery.com\/et\/wp-json\/wp\/v2\/media\/9143"}],"wp:attachment":[{"href":"https:\/\/www.hsymachinery.com\/et\/wp-json\/wp\/v2\/media?parent=9142"}],"wp:term":[{"taxonomy":"product_brand","embeddable":true,"href":"https:\/\/www.hsymachinery.com\/et\/wp-json\/wp\/v2\/product_brand?post=9142"},{"taxonomy":"product_cat","embeddable":true,"href":"https:\/\/www.hsymachinery.com\/et\/wp-json\/wp\/v2\/product_cat?post=9142"},{"taxonomy":"product_tag","embeddable":true,"href":"https:\/\/www.hsymachinery.com\/et\/wp-json\/wp\/v2\/product_tag?post=9142"}],"curies":[{"name":"wp","href":"https:\/\/api.w.org\/{rel}","templated":true}]}}