{"id":9133,"date":"2025-06-18T17:57:40","date_gmt":"2025-06-18T09:57:40","guid":{"rendered":"https:\/\/www.hsymachinery.com\/?post_type=product&#038;p=9133"},"modified":"2025-06-28T20:40:24","modified_gmt":"2025-06-28T12:40:24","slug":"betooniloikur-hq-l400","status":"publish","type":"product","link":"https:\/\/www.hsymachinery.com\/et\/toode\/betooniloikur-hq-l400\/","title":{"rendered":"Betoonil\u00f5ikur HQ-L400"},"content":{"rendered":"<h2 data-start=\"36\" data-end=\"67\">Betoonil\u00f5ikur HQ-L400<\/h2>\n<h3 data-start=\"68\" data-end=\"173\">HQ-L400 Longxin bensiiniga betoonil\u00f5ikur | V\u00f5imas ja t\u00e4pne l\u00f5ikamine ehitus- ja teet\u00f6\u00f6deks<\/h3>\n<h3 data-start=\"180\" data-end=\"271\">Toote kirjeldus - T\u00f5hus bensiinimootoriga betoonil\u00f5ikur rasketeks t\u00f6\u00f6deks<a href=\"https:\/\/www.hsymachinery.com\/et\/tooted\/betooniloikur\/\" target=\"_blank\" rel=\"noopener\"><img fetchpriority=\"high\" decoding=\"async\" class=\"wp-image-9546 alignright\" src=\"https:\/\/www.hsymachinery.com\/wp-content\/uploads\/2025\/06\/Asphalt-Cutter-146x300.jpg\" alt=\"\" width=\"450\" height=\"925\" srcset=\"https:\/\/www.hsymachinery.com\/wp-content\/uploads\/2025\/06\/Asphalt-Cutter-146x300.jpg 146w, https:\/\/www.hsymachinery.com\/wp-content\/uploads\/2025\/06\/Asphalt-Cutter-748x1536.jpg 748w, https:\/\/www.hsymachinery.com\/wp-content\/uploads\/2025\/06\/Asphalt-Cutter-600x1232.jpg 600w, https:\/\/www.hsymachinery.com\/wp-content\/uploads\/2025\/06\/Asphalt-Cutter.jpg 800w\" sizes=\"(max-width: 450px) 100vw, 450px\" \/><\/a><\/h3>\n<p data-start=\"273\" data-end=\"643\">The <strong data-start=\"277\" data-end=\"304\">Betoonil\u00f5ikur HQ-L400<\/strong> on varustatud usaldusv\u00e4\u00e4rse Longxini bensiinimootoriga, mis tagab j\u00e4rjepideva v\u00f5imsuse ja t\u00e4pse l\u00f5iket\u00f6\u00f6 erinevate ehitust\u00f6\u00f6de jaoks. See l\u00f5ikur saab h\u00f5lpsasti hakkama betooni, asfaldi, tellise ja muude k\u00f5vade pindadega, mis muudab selle ideaalseks t\u00f6\u00f6riistaks teede remondit\u00f6\u00f6del, hoonete renoveerimisel ja infrastruktuuriprojektides.<\/p>\n<p data-start=\"645\" data-end=\"952\">HQ-L400 on disainitud vastupidavuse ja kasutusmugavuse tagamiseks ning sellel on reguleeritav l\u00f5ikes\u00fcgavus, mis v\u00f5imaldab kasutajatel teha t\u00e4pseid l\u00f5ikeid kuni vajaliku paksuseni. Selle tugev raam ja ergonoomiline k\u00e4epide tagavad stabiilsuse ja v\u00e4hendavad v\u00e4simust pikemaajalise kasutamise ajal, suurendades \u00fcldist tootlikkust kohapeal.<\/p>\n<h3 data-start=\"959\" data-end=\"1018\">HQ-L400 teet\u00f6\u00f6masina peamised omadused ja eelised<\/h3>\n<ul data-start=\"1020\" data-end=\"1359\">\n<li data-start=\"1020\" data-end=\"1077\">\n<p data-start=\"1022\" data-end=\"1077\">J\u00f5uallikaks on suure v\u00f5imsusega Longxin bensiinimootor<\/p>\n<\/li>\n<li data-start=\"1078\" data-end=\"1129\">\n<p data-start=\"1080\" data-end=\"1129\">Reguleeritav l\u00f5ikes\u00fcgavus t\u00e4psete t\u00f6\u00f6de tegemiseks<\/p>\n<\/li>\n<li data-start=\"1130\" data-end=\"1184\">\n<p data-start=\"1132\" data-end=\"1184\">Sobib betooni, asfaldi ja telliste l\u00f5ikamiseks.<\/p>\n<\/li>\n<li data-start=\"1185\" data-end=\"1246\">\n<p data-start=\"1187\" data-end=\"1246\">Vastupidav terasraam, mis on m\u00f5eldud karmidele t\u00f6\u00f6kohtadele vastu pidama<\/p>\n<\/li>\n<li data-start=\"1247\" data-end=\"1304\">\n<p data-start=\"1249\" data-end=\"1304\">Ergonoomilised k\u00e4epidemed kasutaja kontrolli ja mugavuse suurendamiseks<\/p>\n<\/li>\n<li data-start=\"1305\" data-end=\"1359\">\n<p data-start=\"1307\" data-end=\"1359\">Lihtne hooldus koos juurdep\u00e4\u00e4setavate mootorikomponentidega<\/p>\n<\/li>\n<\/ul>\n<h3 data-start=\"1366\" data-end=\"1442\">Rakendused - mitmek\u00fclgne l\u00f5ikur ehituses ja teehoolduses<\/h3>\n<p data-start=\"1444\" data-end=\"1823\">HQ-L400 sobib ideaalselt teekatte parandamiseks, k\u00f5nniteede l\u00f5ikamiseks, kraavide l\u00f5ikamiseks ja lammutust\u00f6\u00f6de tegemiseks. T\u00f6\u00f6v\u00f5tjad ja omavalitsuste t\u00f6\u00f6tajad hindavad selle kaasaskantavust ja v\u00f5imsust, mis v\u00f5imaldab t\u00f5husalt lahendada mitmesuguseid l\u00f5ikamisn\u00f5udeid. See l\u00f5ikur tagab puhta ja j\u00e4rjepideva tulemuse, olenemata sellest, kas ta l\u00f5ikab laiendusliiteid v\u00f5i valmistab pindu ette uue katte paigaldamiseks.<\/p>\n<p><iframe title=\"betoonil\u00f5ikur,betoonil\u00f5ikur,betoonil\u00f5ikur,betoonil\u00f5ikur\" width=\"720\" height=\"405\" src=\"https:\/\/www.youtube.com\/embed\/egJcI18gCcg?feature=oembed\" frameborder=\"0\" allow=\"accelerometer; autoplay; clipboard-write; encrypted-media; gyroscope; picture-in-picture; web-share\" referrerpolicy=\"strict-origin-when-cross-origin\" allowfullscreen><\/iframe><\/p>","protected":false},"excerpt":{"rendered":"<p>HQ-L400 bensiinimootoriga betoonil\u00f5ikur Longxin pakub usaldusv\u00e4\u00e4rset v\u00f5imsust ja t\u00e4pset l\u00f5ikamist betooni, asfaldi ja teehooldusprojektide jaoks.<\/p>","protected":false},"featured_media":9137,"template":"","meta":{"_kad_post_transparent":"default","_kad_post_title":"","_kad_post_layout":"default","_kad_post_sidebar_id":"","_kad_post_content_style":"default","_kad_post_vertical_padding":"default","_kad_post_feature":"","_kad_post_feature_position":"","_kad_post_header":false,"_kad_post_footer":false},"product_brand":[],"product_cat":[57],"product_tag":[1073,1071,1080,1076,1078,1074,1077,1079,1072,1075],"class_list":{"0":"post-9133","1":"product","2":"type-product","3":"status-publish","4":"has-post-thumbnail","6":"product_cat-concrete-cutter","7":"product_tag-asphalt-cutter","8":"product_tag-concrete-cutting-machine","9":"product_tag-concrete-groove-cutting-machine","10":"product_tag-diesel-concrete-cutter","11":"product_tag-electric-concrete-cutter","12":"product_tag-floor-saw-machine","13":"product_tag-gasoline-concrete-cutter","14":"product_tag-pavement-cutter-machine","15":"product_tag-road-cutting-machine","16":"product_tag-walk-behind-concrete-cutter","18":"first","19":"instock","20":"shipping-taxable","21":"product-type-simple","22":"entry","23":"content-bg","24":"loop-entry"},"yoast_head":"<!-- This site is optimized with the Yoast SEO plugin v25.3.1 - https:\/\/yoast.com\/wordpress\/plugins\/seo\/ -->\n<title>Concrete Cutter HQ-L400 - HSY Construction Machinery<\/title>\n<meta name=\"description\" content=\"HQ-L400 Longxin gasoline concrete cutter delivers powerful, accurate cutting for road repairs, construction, and pavement maintenance. Durable and easy to operate.\" \/>\n<meta name=\"robots\" content=\"index, follow, max-snippet:-1, max-image-preview:large, max-video-preview:-1\" \/>\n<link rel=\"canonical\" href=\"https:\/\/www.hsymachinery.com\/et\/toode\/betooniloikur-hq-l400\/\" \/>\n<meta property=\"og:locale\" content=\"et_EE\" \/>\n<meta property=\"og:type\" content=\"article\" \/>\n<meta property=\"og:title\" content=\"Concrete Cutter HQ-L400 - HSY Construction Machinery\" \/>\n<meta property=\"og:description\" content=\"HQ-L400 Longxin gasoline concrete cutter delivers powerful, accurate cutting for road repairs, construction, and pavement maintenance. Durable and easy to operate.\" \/>\n<meta property=\"og:url\" content=\"https:\/\/www.hsymachinery.com\/et\/toode\/betooniloikur-hq-l400\/\" \/>\n<meta property=\"og:site_name\" content=\"HSY Construction Machinery\" \/>\n<meta property=\"article:modified_time\" content=\"2025-06-28T12:40:24+00:00\" \/>\n<meta property=\"og:image\" content=\"https:\/\/www.hsymachinery.com\/wp-content\/uploads\/2025\/06\/Concrete-Cutter-HQ-L400.jpg\" \/>\n\t<meta property=\"og:image:width\" content=\"600\" \/>\n\t<meta property=\"og:image:height\" content=\"600\" \/>\n\t<meta property=\"og:image:type\" content=\"image\/jpeg\" \/>\n<meta name=\"twitter:card\" content=\"summary_large_image\" \/>\n<meta name=\"twitter:label1\" content=\"Est. reading time\" \/>\n\t<meta name=\"twitter:data1\" content=\"2 minutit\" \/>\n<script type=\"application\/ld+json\" class=\"yoast-schema-graph\">{\"@context\":\"https:\/\/schema.org\",\"@graph\":[{\"@type\":\"WebPage\",\"@id\":\"https:\/\/www.hsymachinery.com\/product\/concrete-cutter-hq-l400\/\",\"url\":\"https:\/\/www.hsymachinery.com\/product\/concrete-cutter-hq-l400\/\",\"name\":\"Concrete Cutter HQ-L400 - HSY Construction Machinery\",\"isPartOf\":{\"@id\":\"https:\/\/www.hsymachinery.com\/#website\"},\"primaryImageOfPage\":{\"@id\":\"https:\/\/www.hsymachinery.com\/product\/concrete-cutter-hq-l400\/#primaryimage\"},\"image\":{\"@id\":\"https:\/\/www.hsymachinery.com\/product\/concrete-cutter-hq-l400\/#primaryimage\"},\"thumbnailUrl\":\"https:\/\/www.hsymachinery.com\/wp-content\/uploads\/2025\/06\/Concrete-Cutter-HQ-L400.jpg\",\"datePublished\":\"2025-06-18T09:57:40+00:00\",\"dateModified\":\"2025-06-28T12:40:24+00:00\",\"description\":\"HQ-L400 Longxin gasoline concrete cutter delivers powerful, accurate cutting for road repairs, construction, and pavement maintenance. Durable and easy to operate.\",\"breadcrumb\":{\"@id\":\"https:\/\/www.hsymachinery.com\/product\/concrete-cutter-hq-l400\/#breadcrumb\"},\"inLanguage\":\"et\",\"potentialAction\":[{\"@type\":\"ReadAction\",\"target\":[\"https:\/\/www.hsymachinery.com\/product\/concrete-cutter-hq-l400\/\"]}]},{\"@type\":\"ImageObject\",\"inLanguage\":\"et\",\"@id\":\"https:\/\/www.hsymachinery.com\/product\/concrete-cutter-hq-l400\/#primaryimage\",\"url\":\"https:\/\/www.hsymachinery.com\/wp-content\/uploads\/2025\/06\/Concrete-Cutter-HQ-L400.jpg\",\"contentUrl\":\"https:\/\/www.hsymachinery.com\/wp-content\/uploads\/2025\/06\/Concrete-Cutter-HQ-L400.jpg\",\"width\":600,\"height\":600},{\"@type\":\"BreadcrumbList\",\"@id\":\"https:\/\/www.hsymachinery.com\/product\/concrete-cutter-hq-l400\/#breadcrumb\",\"itemListElement\":[{\"@type\":\"ListItem\",\"position\":1,\"name\":\"home\",\"item\":\"https:\/\/www.hsymachinery.com\/\"},{\"@type\":\"ListItem\",\"position\":2,\"name\":\"products\",\"item\":\"https:\/\/www.hsymachinery.com\/products\/\"},{\"@type\":\"ListItem\",\"position\":3,\"name\":\"Concrete Cutter HQ-L400\"}]},{\"@type\":\"WebSite\",\"@id\":\"https:\/\/www.hsymachinery.com\/#website\",\"url\":\"https:\/\/www.hsymachinery.com\/\",\"name\":\"HSY Construction Machinery\",\"description\":\"HSY Machinery \u2013 A leading China construction machinery supplier, offering a wide range of light construction equipment. Our main products include Rebar Cutting Machine, Rebar Bending Machine, Rebar Stirrup Bending Machine, Rebar Arc Bending Machine, Rebar Straightening Machine, Five-Head Rebar Stirrup Bending Machine, Tamping Rammer, Plate Compactor, Concrete Cutter, Power Trowel, and other construction machinery. We are equipped with advanced CNC machines, and we enforce strict quality inspection standards along with comprehensive after-sales service. If you are interested in our products or services, we warmly welcome your inquiries via message.\",\"publisher\":{\"@id\":\"https:\/\/www.hsymachinery.com\/#organization\"},\"potentialAction\":[{\"@type\":\"SearchAction\",\"target\":{\"@type\":\"EntryPoint\",\"urlTemplate\":\"https:\/\/www.hsymachinery.com\/?s={search_term_string}\"},\"query-input\":{\"@type\":\"PropertyValueSpecification\",\"valueRequired\":true,\"valueName\":\"search_term_string\"}}],\"inLanguage\":\"et\"},{\"@type\":\"Organization\",\"@id\":\"https:\/\/www.hsymachinery.com\/#organization\",\"name\":\"HSY Construction Machinery\",\"url\":\"https:\/\/www.hsymachinery.com\/\",\"logo\":{\"@type\":\"ImageObject\",\"inLanguage\":\"et\",\"@id\":\"https:\/\/www.hsymachinery.com\/#\/schema\/logo\/image\/\",\"url\":\"https:\/\/www.hsymachinery.com\/wp-content\/uploads\/2025\/06\/cropped-HSY-machinery.png\",\"contentUrl\":\"https:\/\/www.hsymachinery.com\/wp-content\/uploads\/2025\/06\/cropped-HSY-machinery.png\",\"width\":600,\"height\":240,\"caption\":\"HSY Construction Machinery\"},\"image\":{\"@id\":\"https:\/\/www.hsymachinery.com\/#\/schema\/logo\/image\/\"}}]}<\/script>\n<!-- \/ Yoast SEO plugin. -->","yoast_head_json":{"title":"Betoonil\u00f5ikur HQ-L400 - HSY ehitusmasinad","description":"HQ-L400 Longxin bensiinimootoriga betoonil\u00f5ikur pakub v\u00f5imsat ja t\u00e4pset l\u00f5ikamist teede remondiks, ehitamiseks ja k\u00f5nniteede hoolduseks. Vastupidav ja lihtne kasutada.","robots":{"index":"index","follow":"follow","max-snippet":"max-snippet:-1","max-image-preview":"max-image-preview:large","max-video-preview":"max-video-preview:-1"},"canonical":"https:\/\/www.hsymachinery.com\/et\/toode\/betooniloikur-hq-l400\/","og_locale":"et_EE","og_type":"article","og_title":"Concrete Cutter HQ-L400 - HSY Construction Machinery","og_description":"HQ-L400 Longxin gasoline concrete cutter delivers powerful, accurate cutting for road repairs, construction, and pavement maintenance. Durable and easy to operate.","og_url":"https:\/\/www.hsymachinery.com\/et\/toode\/betooniloikur-hq-l400\/","og_site_name":"HSY Construction Machinery","article_modified_time":"2025-06-28T12:40:24+00:00","og_image":[{"width":600,"height":600,"url":"https:\/\/www.hsymachinery.com\/wp-content\/uploads\/2025\/06\/Concrete-Cutter-HQ-L400.jpg","type":"image\/jpeg"}],"twitter_card":"summary_large_image","twitter_misc":{"Est. reading time":"2 minutit"},"schema":{"@context":"https:\/\/schema.org","@graph":[{"@type":"WebPage","@id":"https:\/\/www.hsymachinery.com\/product\/concrete-cutter-hq-l400\/","url":"https:\/\/www.hsymachinery.com\/product\/concrete-cutter-hq-l400\/","name":"Betoonil\u00f5ikur HQ-L400 - HSY ehitusmasinad","isPartOf":{"@id":"https:\/\/www.hsymachinery.com\/#website"},"primaryImageOfPage":{"@id":"https:\/\/www.hsymachinery.com\/product\/concrete-cutter-hq-l400\/#primaryimage"},"image":{"@id":"https:\/\/www.hsymachinery.com\/product\/concrete-cutter-hq-l400\/#primaryimage"},"thumbnailUrl":"https:\/\/www.hsymachinery.com\/wp-content\/uploads\/2025\/06\/Concrete-Cutter-HQ-L400.jpg","datePublished":"2025-06-18T09:57:40+00:00","dateModified":"2025-06-28T12:40:24+00:00","description":"HQ-L400 Longxin bensiinimootoriga betoonil\u00f5ikur pakub v\u00f5imsat ja t\u00e4pset l\u00f5ikamist teede remondiks, ehitamiseks ja k\u00f5nniteede hoolduseks. Vastupidav ja lihtne kasutada.","breadcrumb":{"@id":"https:\/\/www.hsymachinery.com\/product\/concrete-cutter-hq-l400\/#breadcrumb"},"inLanguage":"et","potentialAction":[{"@type":"ReadAction","target":["https:\/\/www.hsymachinery.com\/product\/concrete-cutter-hq-l400\/"]}]},{"@type":"ImageObject","inLanguage":"et","@id":"https:\/\/www.hsymachinery.com\/product\/concrete-cutter-hq-l400\/#primaryimage","url":"https:\/\/www.hsymachinery.com\/wp-content\/uploads\/2025\/06\/Concrete-Cutter-HQ-L400.jpg","contentUrl":"https:\/\/www.hsymachinery.com\/wp-content\/uploads\/2025\/06\/Concrete-Cutter-HQ-L400.jpg","width":600,"height":600},{"@type":"BreadcrumbList","@id":"https:\/\/www.hsymachinery.com\/product\/concrete-cutter-hq-l400\/#breadcrumb","itemListElement":[{"@type":"ListItem","position":1,"name":"home","item":"https:\/\/www.hsymachinery.com\/"},{"@type":"ListItem","position":2,"name":"products","item":"https:\/\/www.hsymachinery.com\/products\/"},{"@type":"ListItem","position":3,"name":"Concrete Cutter HQ-L400"}]},{"@type":"WebSite","@id":"https:\/\/www.hsymachinery.com\/#website","url":"https:\/\/www.hsymachinery.com\/","name":"HSY ehitusmasinad","description":"HSY Machinery - juhtiv Hiina ehitusmasinate tarnija, kes pakub laias valikus kerget ehitusseadmeid. Meie peamised tooted on Rebar Cutting Machine, Rebar Bending Machine, Rebar Stirrup Bending Machine, Rebar Arc Bending Machine, Rebar Straightening Machine, Five-Head Rebar Stirrup Bending Machine, Tamping Rammer, Plate Compactor, Betoon Cutter, Power Trowel ja muud ehitusmasinad. Oleme varustatud t\u00e4iustatud CNC-masinatega ja rakendame rangeid kvaliteedikontrolli standardeid koos tervikliku m\u00fc\u00fcgij\u00e4rgse teenindusega. Kui olete huvitatud meie toodetest v\u00f5i teenustest, ootame soojalt teie p\u00e4ringuid s\u00f5numi teel.","publisher":{"@id":"https:\/\/www.hsymachinery.com\/#organization"},"potentialAction":[{"@type":"SearchAction","target":{"@type":"EntryPoint","urlTemplate":"https:\/\/www.hsymachinery.com\/?s={search_term_string}"},"query-input":{"@type":"PropertyValueSpecification","valueRequired":true,"valueName":"search_term_string"}}],"inLanguage":"et"},{"@type":"Organization","@id":"https:\/\/www.hsymachinery.com\/#organization","name":"HSY ehitusmasinad","url":"https:\/\/www.hsymachinery.com\/","logo":{"@type":"ImageObject","inLanguage":"et","@id":"https:\/\/www.hsymachinery.com\/#\/schema\/logo\/image\/","url":"https:\/\/www.hsymachinery.com\/wp-content\/uploads\/2025\/06\/cropped-HSY-machinery.png","contentUrl":"https:\/\/www.hsymachinery.com\/wp-content\/uploads\/2025\/06\/cropped-HSY-machinery.png","width":600,"height":240,"caption":"HSY Construction Machinery"},"image":{"@id":"https:\/\/www.hsymachinery.com\/#\/schema\/logo\/image\/"}}]}},"_links":{"self":[{"href":"https:\/\/www.hsymachinery.com\/et\/wp-json\/wp\/v2\/product\/9133","targetHints":{"allow":["GET"]}}],"collection":[{"href":"https:\/\/www.hsymachinery.com\/et\/wp-json\/wp\/v2\/product"}],"about":[{"href":"https:\/\/www.hsymachinery.com\/et\/wp-json\/wp\/v2\/types\/product"}],"version-history":[{"count":5,"href":"https:\/\/www.hsymachinery.com\/et\/wp-json\/wp\/v2\/product\/9133\/revisions"}],"predecessor-version":[{"id":9552,"href":"https:\/\/www.hsymachinery.com\/et\/wp-json\/wp\/v2\/product\/9133\/revisions\/9552"}],"wp:featuredmedia":[{"embeddable":true,"href":"https:\/\/www.hsymachinery.com\/et\/wp-json\/wp\/v2\/media\/9137"}],"wp:attachment":[{"href":"https:\/\/www.hsymachinery.com\/et\/wp-json\/wp\/v2\/media?parent=9133"}],"wp:term":[{"taxonomy":"product_brand","embeddable":true,"href":"https:\/\/www.hsymachinery.com\/et\/wp-json\/wp\/v2\/product_brand?post=9133"},{"taxonomy":"product_cat","embeddable":true,"href":"https:\/\/www.hsymachinery.com\/et\/wp-json\/wp\/v2\/product_cat?post=9133"},{"taxonomy":"product_tag","embeddable":true,"href":"https:\/\/www.hsymachinery.com\/et\/wp-json\/wp\/v2\/product_tag?post=9133"}],"curies":[{"name":"wp","href":"https:\/\/api.w.org\/{rel}","templated":true}]}}