{"id":9124,"date":"2025-06-18T17:06:54","date_gmt":"2025-06-18T09:06:54","guid":{"rendered":"https:\/\/www.hsymachinery.com\/?post_type=product&#038;p=9124"},"modified":"2025-06-28T20:07:30","modified_gmt":"2025-06-28T12:07:30","slug":"plaatpressor-ph-h250a","status":"publish","type":"product","link":"https:\/\/www.hsymachinery.com\/et\/toode\/plaatpressor-ph-h250a\/","title":{"rendered":"PH-H250A plaadi tihendaja"},"content":{"rendered":"<h2 data-start=\"107\" data-end=\"139\">PH-H250A plaadi tihendaja<\/h2>\n<h3 data-start=\"140\" data-end=\"264\">PH-H250A Honda bensiinimootoriga taldrikupressor | Suure t\u00f5hususega laial alusel kompaktor teede, asfaldi ja vundamentide jaoks<\/h3>\n<h3 data-start=\"271\" data-end=\"347\">Toote \u00fclevaade - Honda v\u00f5imsus laiemas ja tugevamas tihenduskonstruktsioonis<a href=\"https:\/\/www.hsymachinery.com\/et\/tooted\/taldrikupressor\/\" target=\"_blank\" rel=\"noopener\"><img fetchpriority=\"high\" decoding=\"async\" class=\"wp-image-9125 alignright\" src=\"https:\/\/www.hsymachinery.com\/wp-content\/uploads\/2025\/06\/Plate-Compactor-PH-H250A-300x300.jpg\" alt=\"\" width=\"461\" height=\"461\" srcset=\"https:\/\/www.hsymachinery.com\/wp-content\/uploads\/2025\/06\/Plate-Compactor-PH-H250A-300x300.jpg 300w, https:\/\/www.hsymachinery.com\/wp-content\/uploads\/2025\/06\/Plate-Compactor-PH-H250A-150x150.jpg 150w, https:\/\/www.hsymachinery.com\/wp-content\/uploads\/2025\/06\/Plate-Compactor-PH-H250A-100x100.jpg 100w, https:\/\/www.hsymachinery.com\/wp-content\/uploads\/2025\/06\/Plate-Compactor-PH-H250A.jpg 600w\" sizes=\"(max-width: 461px) 100vw, 461px\" \/><\/a><\/h3>\n<p data-start=\"349\" data-end=\"706\">The <strong data-start=\"353\" data-end=\"381\">PH-H250A plaadi tihendaja<\/strong> on t\u00e4iustatud, suure j\u00f5udlusega mudel, millel on Honda GX160 neljataktiline bensiinimootor ja laiem tugevdatud terasest alusplaat. See on projekteeritud spetsialistidele, kes vajavad stabiilset, v\u00f5imsat ja t\u00f5husat pinnase tihendamist k\u00f5nniteede remondi, vundamentide tihendamise ja keskmise suurusega teeprojektide puhul.<\/p>\n<p data-start=\"708\" data-end=\"834\">Selle t\u00e4iustatud plaadi abil saavad operaatorid katta suurema pindala \u00fche k\u00e4iguga, s\u00e4ilitades samal ajal \u00fchtlase ja \u00fchtlase tulemuse k\u00f5ikidel pinnaset\u00fc\u00fcpidel.<\/p>\n<h3 data-start=\"841\" data-end=\"903\">Sujuv t\u00f6\u00f6, usaldusv\u00e4\u00e4rne mootor ja operaatori mugavus<\/h3>\n<p data-start=\"905\" data-end=\"1283\">PH-H250A, mille j\u00f5uallikaks on maailmakuulus Honda GX160 mootor, tagab vaikse, v\u00e4hesaastava ja kauakestva t\u00f6\u00f6. Laiendatud plaat tagab laiema katvuse, v\u00e4hendades n\u00f5utavate l\u00e4bik\u00e4ikude arvu kohapeal. Madala vibratsiooniga k\u00e4epidemete s\u00fcsteem aitab v\u00e4hendada v\u00e4simust, samas kui kaitsev mootoripuur tagab t\u00f6\u00f6kindluse ka rasketes t\u00f6\u00f6tingimustes.<\/p>\n<p data-start=\"1285\" data-end=\"1384\">Lihtne hooldus ja \u00fclemaailmselt k\u00e4ttesaadavad Honda hooldusvahendid teevad sellest seadmest muretu investeeringu.<\/p>\n<h3 data-start=\"1391\" data-end=\"1455\">Suurep\u00e4rane asfaldile, alusp\u00f5hjale ja t\u00f6\u00f6platsi tootlikkusele<\/h3>\n<p data-start=\"1457\" data-end=\"1719\">Olenemata sellest, kas tihendate kuuma asfalti, kruusa v\u00f5i savi, PH-H250A t\u00f6\u00f6tab j\u00e4rjepidevalt ja tugevalt. See sobib ideaalselt linnahooldusmeeskondadele, teedeehitajatele ja ehitusplatside arendajatele, kes otsivad vastupidavat ja ajaefektiivset tihendajat.<\/p>\n<p data-start=\"1721\" data-end=\"1835\">Plaadi laius ja l\u00f6\u00f6gitasakaal v\u00f5imaldavad projekti kiiremat valmimist ilma s\u00fcgavuse v\u00f5i \u00fchtluse kaotamiseta.<\/p>\n<h3 data-start=\"1842\" data-end=\"1888\">PH-H250A plaadikompaktori p\u00f5hiomadused<\/h3>\n<ul data-start=\"1890\" data-end=\"2211\">\n<li data-start=\"1890\" data-end=\"1945\">\n<p data-start=\"1892\" data-end=\"1945\">Honda GX160 mootor vaikseks ja usaldusv\u00e4\u00e4rseks t\u00f6\u00f6ks<\/p>\n<\/li>\n<li data-start=\"1946\" data-end=\"2010\">\n<p data-start=\"1948\" data-end=\"2010\">Eriti lai tihendusplaat t\u00f6\u00f6platsi t\u00f5hususe parandamiseks<\/p>\n<\/li>\n<li data-start=\"2011\" data-end=\"2081\">\n<p data-start=\"2013\" data-end=\"2081\">Sobib ideaalselt asfaldiplaastrite, alusp\u00f5hja t\u00f6\u00f6de ja teekatte ettevalmistamise jaoks.<\/p>\n<\/li>\n<li data-start=\"2082\" data-end=\"2141\">\n<p data-start=\"2084\" data-end=\"2141\">L\u00f6\u00f6giabsorbeeriv k\u00e4epide operaatori mugavuse ja kontrolli tagamiseks<\/p>\n<\/li>\n<li data-start=\"2142\" data-end=\"2211\">\n<p data-start=\"2144\" data-end=\"2211\">Pikaajaline j\u00f5udlus koos \u00fclemaailmse toetuse ja lihtsa hooldusega<\/p>\n<\/li>\n<\/ul>\n<p><iframe title=\"tihendaja, tampermasin, tampermasin, plaat tihendaja, ehitus vibratsioon, tihendaja machine.#tamping\" width=\"720\" height=\"405\" src=\"https:\/\/www.youtube.com\/embed\/kHw7Cpv12Zs?feature=oembed\" frameborder=\"0\" allow=\"accelerometer; autoplay; clipboard-write; encrypted-media; gyroscope; picture-in-picture; web-share\" referrerpolicy=\"strict-origin-when-cross-origin\" allowfullscreen><\/iframe><\/p>","protected":false},"excerpt":{"rendered":"<p>Honda GX160 mootoriga PH-H250A taldrikupressor koos laiema taldrikuga tagab t\u00f5husa ja vaikse tihendamise asfaldi-, pinnase- ja alusp\u00f5hja projektides. Ehitatud kestma ja katma rohkem pinnast.<\/p>","protected":false},"featured_media":9125,"template":"","meta":{"_kad_post_transparent":"default","_kad_post_title":"","_kad_post_layout":"default","_kad_post_sidebar_id":"","_kad_post_content_style":"default","_kad_post_vertical_padding":"default","_kad_post_feature":"","_kad_post_feature_position":"","_kad_post_header":false,"_kad_post_footer":false},"product_brand":[],"product_cat":[59],"product_tag":[1066,1062,1065,1070,1069,1063,1067,1064,1061,1068],"class_list":{"0":"post-9124","1":"product","2":"type-product","3":"status-publish","4":"has-post-thumbnail","6":"product_cat-plate-compactor","7":"product_tag-diesel-plate-compactor","8":"product_tag-forward-plate-compactor","9":"product_tag-gasoline-plate-compactor","10":"product_tag-heavy-duty-plate-compactor","11":"product_tag-plate-compactor-for-asphalt","12":"product_tag-reversible-plate-compactor","13":"product_tag-road-construction-compactor","14":"product_tag-soil-plate-compactor","15":"product_tag-vibratory-plate-compactor","16":"product_tag-walk-behind-plate-compactor","18":"first","19":"instock","20":"shipping-taxable","21":"product-type-simple","22":"entry","23":"content-bg","24":"loop-entry"},"yoast_head":"<!-- This site is optimized with the Yoast SEO plugin v25.3.1 - https:\/\/yoast.com\/wordpress\/plugins\/seo\/ -->\n<title>Plate Compactor PH-H250A - HSY Construction Machinery<\/title>\n<meta name=\"description\" content=\"PH-H250A Honda Plate Compactor offers reliable, efficient compaction with a wider plate for roads, asphalt repairs, and foundations. High-performance soil compactor.\" \/>\n<meta name=\"robots\" content=\"index, follow, max-snippet:-1, max-image-preview:large, max-video-preview:-1\" \/>\n<link rel=\"canonical\" href=\"https:\/\/www.hsymachinery.com\/et\/toode\/plaatpressor-ph-h250a\/\" \/>\n<meta property=\"og:locale\" content=\"et_EE\" \/>\n<meta property=\"og:type\" content=\"article\" \/>\n<meta property=\"og:title\" content=\"Plate Compactor PH-H250A - HSY Construction Machinery\" \/>\n<meta property=\"og:description\" content=\"PH-H250A Honda Plate Compactor offers reliable, efficient compaction with a wider plate for roads, asphalt repairs, and foundations. High-performance soil compactor.\" \/>\n<meta property=\"og:url\" content=\"https:\/\/www.hsymachinery.com\/et\/toode\/plaatpressor-ph-h250a\/\" \/>\n<meta property=\"og:site_name\" content=\"HSY Construction Machinery\" \/>\n<meta property=\"article:modified_time\" content=\"2025-06-28T12:07:30+00:00\" \/>\n<meta property=\"og:image\" content=\"https:\/\/www.hsymachinery.com\/wp-content\/uploads\/2025\/06\/Plate-Compactor-PH-H250A.jpg\" \/>\n\t<meta property=\"og:image:width\" content=\"600\" \/>\n\t<meta property=\"og:image:height\" content=\"600\" \/>\n\t<meta property=\"og:image:type\" content=\"image\/jpeg\" \/>\n<meta name=\"twitter:card\" content=\"summary_large_image\" \/>\n<meta name=\"twitter:label1\" content=\"Est. reading time\" \/>\n\t<meta name=\"twitter:data1\" content=\"2 minutit\" \/>\n<script type=\"application\/ld+json\" class=\"yoast-schema-graph\">{\"@context\":\"https:\/\/schema.org\",\"@graph\":[{\"@type\":\"WebPage\",\"@id\":\"https:\/\/www.hsymachinery.com\/product\/plate-compactor-ph-h250a\/\",\"url\":\"https:\/\/www.hsymachinery.com\/product\/plate-compactor-ph-h250a\/\",\"name\":\"Plate Compactor PH-H250A - HSY Construction Machinery\",\"isPartOf\":{\"@id\":\"https:\/\/www.hsymachinery.com\/#website\"},\"primaryImageOfPage\":{\"@id\":\"https:\/\/www.hsymachinery.com\/product\/plate-compactor-ph-h250a\/#primaryimage\"},\"image\":{\"@id\":\"https:\/\/www.hsymachinery.com\/product\/plate-compactor-ph-h250a\/#primaryimage\"},\"thumbnailUrl\":\"https:\/\/www.hsymachinery.com\/wp-content\/uploads\/2025\/06\/Plate-Compactor-PH-H250A.jpg\",\"datePublished\":\"2025-06-18T09:06:54+00:00\",\"dateModified\":\"2025-06-28T12:07:30+00:00\",\"description\":\"PH-H250A Honda Plate Compactor offers reliable, efficient compaction with a wider plate for roads, asphalt repairs, and foundations. High-performance soil compactor.\",\"breadcrumb\":{\"@id\":\"https:\/\/www.hsymachinery.com\/product\/plate-compactor-ph-h250a\/#breadcrumb\"},\"inLanguage\":\"et\",\"potentialAction\":[{\"@type\":\"ReadAction\",\"target\":[\"https:\/\/www.hsymachinery.com\/product\/plate-compactor-ph-h250a\/\"]}]},{\"@type\":\"ImageObject\",\"inLanguage\":\"et\",\"@id\":\"https:\/\/www.hsymachinery.com\/product\/plate-compactor-ph-h250a\/#primaryimage\",\"url\":\"https:\/\/www.hsymachinery.com\/wp-content\/uploads\/2025\/06\/Plate-Compactor-PH-H250A.jpg\",\"contentUrl\":\"https:\/\/www.hsymachinery.com\/wp-content\/uploads\/2025\/06\/Plate-Compactor-PH-H250A.jpg\",\"width\":600,\"height\":600},{\"@type\":\"BreadcrumbList\",\"@id\":\"https:\/\/www.hsymachinery.com\/product\/plate-compactor-ph-h250a\/#breadcrumb\",\"itemListElement\":[{\"@type\":\"ListItem\",\"position\":1,\"name\":\"home\",\"item\":\"https:\/\/www.hsymachinery.com\/\"},{\"@type\":\"ListItem\",\"position\":2,\"name\":\"products\",\"item\":\"https:\/\/www.hsymachinery.com\/products\/\"},{\"@type\":\"ListItem\",\"position\":3,\"name\":\"Plate Compactor PH-H250A\"}]},{\"@type\":\"WebSite\",\"@id\":\"https:\/\/www.hsymachinery.com\/#website\",\"url\":\"https:\/\/www.hsymachinery.com\/\",\"name\":\"HSY Construction Machinery\",\"description\":\"HSY Machinery \u2013 A leading China construction machinery supplier, offering a wide range of light construction equipment. Our main products include Rebar Cutting Machine, Rebar Bending Machine, Rebar Stirrup Bending Machine, Rebar Arc Bending Machine, Rebar Straightening Machine, Five-Head Rebar Stirrup Bending Machine, Tamping Rammer, Plate Compactor, Concrete Cutter, Power Trowel, and other construction machinery. We are equipped with advanced CNC machines, and we enforce strict quality inspection standards along with comprehensive after-sales service. If you are interested in our products or services, we warmly welcome your inquiries via message.\",\"publisher\":{\"@id\":\"https:\/\/www.hsymachinery.com\/#organization\"},\"potentialAction\":[{\"@type\":\"SearchAction\",\"target\":{\"@type\":\"EntryPoint\",\"urlTemplate\":\"https:\/\/www.hsymachinery.com\/?s={search_term_string}\"},\"query-input\":{\"@type\":\"PropertyValueSpecification\",\"valueRequired\":true,\"valueName\":\"search_term_string\"}}],\"inLanguage\":\"et\"},{\"@type\":\"Organization\",\"@id\":\"https:\/\/www.hsymachinery.com\/#organization\",\"name\":\"HSY Construction Machinery\",\"url\":\"https:\/\/www.hsymachinery.com\/\",\"logo\":{\"@type\":\"ImageObject\",\"inLanguage\":\"et\",\"@id\":\"https:\/\/www.hsymachinery.com\/#\/schema\/logo\/image\/\",\"url\":\"https:\/\/www.hsymachinery.com\/wp-content\/uploads\/2025\/06\/cropped-HSY-machinery.png\",\"contentUrl\":\"https:\/\/www.hsymachinery.com\/wp-content\/uploads\/2025\/06\/cropped-HSY-machinery.png\",\"width\":600,\"height\":240,\"caption\":\"HSY Construction Machinery\"},\"image\":{\"@id\":\"https:\/\/www.hsymachinery.com\/#\/schema\/logo\/image\/\"}}]}<\/script>\n<!-- \/ Yoast SEO plugin. -->","yoast_head_json":{"title":"PH-H250A - HSY ehitusmasinad - HSY ehitusmasinad","description":"PH-H250A Honda plaatpressor pakub usaldusv\u00e4\u00e4rset ja t\u00f5husat tihendamist laiema plaadiga teede, asfaldi remondi ja vundamentide jaoks. Suure j\u00f5udlusega pinnase tihendaja.","robots":{"index":"index","follow":"follow","max-snippet":"max-snippet:-1","max-image-preview":"max-image-preview:large","max-video-preview":"max-video-preview:-1"},"canonical":"https:\/\/www.hsymachinery.com\/et\/toode\/plaatpressor-ph-h250a\/","og_locale":"et_EE","og_type":"article","og_title":"Plate Compactor PH-H250A - HSY Construction Machinery","og_description":"PH-H250A Honda Plate Compactor offers reliable, efficient compaction with a wider plate for roads, asphalt repairs, and foundations. High-performance soil compactor.","og_url":"https:\/\/www.hsymachinery.com\/et\/toode\/plaatpressor-ph-h250a\/","og_site_name":"HSY Construction Machinery","article_modified_time":"2025-06-28T12:07:30+00:00","og_image":[{"width":600,"height":600,"url":"https:\/\/www.hsymachinery.com\/wp-content\/uploads\/2025\/06\/Plate-Compactor-PH-H250A.jpg","type":"image\/jpeg"}],"twitter_card":"summary_large_image","twitter_misc":{"Est. reading time":"2 minutit"},"schema":{"@context":"https:\/\/schema.org","@graph":[{"@type":"WebPage","@id":"https:\/\/www.hsymachinery.com\/product\/plate-compactor-ph-h250a\/","url":"https:\/\/www.hsymachinery.com\/product\/plate-compactor-ph-h250a\/","name":"PH-H250A - HSY ehitusmasinad - HSY ehitusmasinad","isPartOf":{"@id":"https:\/\/www.hsymachinery.com\/#website"},"primaryImageOfPage":{"@id":"https:\/\/www.hsymachinery.com\/product\/plate-compactor-ph-h250a\/#primaryimage"},"image":{"@id":"https:\/\/www.hsymachinery.com\/product\/plate-compactor-ph-h250a\/#primaryimage"},"thumbnailUrl":"https:\/\/www.hsymachinery.com\/wp-content\/uploads\/2025\/06\/Plate-Compactor-PH-H250A.jpg","datePublished":"2025-06-18T09:06:54+00:00","dateModified":"2025-06-28T12:07:30+00:00","description":"PH-H250A Honda plaatpressor pakub usaldusv\u00e4\u00e4rset ja t\u00f5husat tihendamist laiema plaadiga teede, asfaldi remondi ja vundamentide jaoks. Suure j\u00f5udlusega pinnase tihendaja.","breadcrumb":{"@id":"https:\/\/www.hsymachinery.com\/product\/plate-compactor-ph-h250a\/#breadcrumb"},"inLanguage":"et","potentialAction":[{"@type":"ReadAction","target":["https:\/\/www.hsymachinery.com\/product\/plate-compactor-ph-h250a\/"]}]},{"@type":"ImageObject","inLanguage":"et","@id":"https:\/\/www.hsymachinery.com\/product\/plate-compactor-ph-h250a\/#primaryimage","url":"https:\/\/www.hsymachinery.com\/wp-content\/uploads\/2025\/06\/Plate-Compactor-PH-H250A.jpg","contentUrl":"https:\/\/www.hsymachinery.com\/wp-content\/uploads\/2025\/06\/Plate-Compactor-PH-H250A.jpg","width":600,"height":600},{"@type":"BreadcrumbList","@id":"https:\/\/www.hsymachinery.com\/product\/plate-compactor-ph-h250a\/#breadcrumb","itemListElement":[{"@type":"ListItem","position":1,"name":"home","item":"https:\/\/www.hsymachinery.com\/"},{"@type":"ListItem","position":2,"name":"products","item":"https:\/\/www.hsymachinery.com\/products\/"},{"@type":"ListItem","position":3,"name":"Plate Compactor PH-H250A"}]},{"@type":"WebSite","@id":"https:\/\/www.hsymachinery.com\/#website","url":"https:\/\/www.hsymachinery.com\/","name":"HSY ehitusmasinad","description":"HSY Machinery - juhtiv Hiina ehitusmasinate tarnija, kes pakub laias valikus kerget ehitusseadmeid. Meie peamised tooted on Rebar Cutting Machine, Rebar Bending Machine, Rebar Stirrup Bending Machine, Rebar Arc Bending Machine, Rebar Straightening Machine, Five-Head Rebar Stirrup Bending Machine, Tamping Rammer, Plate Compactor, Betoon Cutter, Power Trowel ja muud ehitusmasinad. Oleme varustatud t\u00e4iustatud CNC-masinatega ja rakendame rangeid kvaliteedikontrolli standardeid koos tervikliku m\u00fc\u00fcgij\u00e4rgse teenindusega. Kui olete huvitatud meie toodetest v\u00f5i teenustest, ootame soojalt teie p\u00e4ringuid s\u00f5numi teel.","publisher":{"@id":"https:\/\/www.hsymachinery.com\/#organization"},"potentialAction":[{"@type":"SearchAction","target":{"@type":"EntryPoint","urlTemplate":"https:\/\/www.hsymachinery.com\/?s={search_term_string}"},"query-input":{"@type":"PropertyValueSpecification","valueRequired":true,"valueName":"search_term_string"}}],"inLanguage":"et"},{"@type":"Organization","@id":"https:\/\/www.hsymachinery.com\/#organization","name":"HSY ehitusmasinad","url":"https:\/\/www.hsymachinery.com\/","logo":{"@type":"ImageObject","inLanguage":"et","@id":"https:\/\/www.hsymachinery.com\/#\/schema\/logo\/image\/","url":"https:\/\/www.hsymachinery.com\/wp-content\/uploads\/2025\/06\/cropped-HSY-machinery.png","contentUrl":"https:\/\/www.hsymachinery.com\/wp-content\/uploads\/2025\/06\/cropped-HSY-machinery.png","width":600,"height":240,"caption":"HSY Construction Machinery"},"image":{"@id":"https:\/\/www.hsymachinery.com\/#\/schema\/logo\/image\/"}}]}},"_links":{"self":[{"href":"https:\/\/www.hsymachinery.com\/et\/wp-json\/wp\/v2\/product\/9124","targetHints":{"allow":["GET"]}}],"collection":[{"href":"https:\/\/www.hsymachinery.com\/et\/wp-json\/wp\/v2\/product"}],"about":[{"href":"https:\/\/www.hsymachinery.com\/et\/wp-json\/wp\/v2\/types\/product"}],"version-history":[{"count":3,"href":"https:\/\/www.hsymachinery.com\/et\/wp-json\/wp\/v2\/product\/9124\/revisions"}],"predecessor-version":[{"id":9539,"href":"https:\/\/www.hsymachinery.com\/et\/wp-json\/wp\/v2\/product\/9124\/revisions\/9539"}],"wp:featuredmedia":[{"embeddable":true,"href":"https:\/\/www.hsymachinery.com\/et\/wp-json\/wp\/v2\/media\/9125"}],"wp:attachment":[{"href":"https:\/\/www.hsymachinery.com\/et\/wp-json\/wp\/v2\/media?parent=9124"}],"wp:term":[{"taxonomy":"product_brand","embeddable":true,"href":"https:\/\/www.hsymachinery.com\/et\/wp-json\/wp\/v2\/product_brand?post=9124"},{"taxonomy":"product_cat","embeddable":true,"href":"https:\/\/www.hsymachinery.com\/et\/wp-json\/wp\/v2\/product_cat?post=9124"},{"taxonomy":"product_tag","embeddable":true,"href":"https:\/\/www.hsymachinery.com\/et\/wp-json\/wp\/v2\/product_tag?post=9124"}],"curies":[{"name":"wp","href":"https:\/\/api.w.org\/{rel}","templated":true}]}}