{"id":9121,"date":"2025-06-18T17:06:02","date_gmt":"2025-06-18T09:06:02","guid":{"rendered":"https:\/\/www.hsymachinery.com\/?post_type=product&#038;p=9121"},"modified":"2025-06-28T20:03:48","modified_gmt":"2025-06-28T12:03:48","slug":"plaatpressor-ph-l250a","status":"publish","type":"product","link":"https:\/\/www.hsymachinery.com\/et\/toode\/plaatpressor-ph-l250a\/","title":{"rendered":"PH-L250A plaadi tihendaja"},"content":{"rendered":"<h2 data-start=\"115\" data-end=\"147\">PH-L250A plaadi tihendaja<\/h2>\n<h3 data-start=\"148\" data-end=\"274\">PH-L250A Loncin bensiiniplaadiga tihendaja | Uuendatud keskmise suurusega pinnase tihendaja k\u00f5nnitee-, vundament- ja asfaldiprojektide jaoks<\/h3>\n<h3 data-start=\"281\" data-end=\"372\">Toote \u00fclevaade - t\u00e4iustatud Loncin mootor ja plaat parema tihenduskatte saavutamiseks<a href=\"https:\/\/www.hsymachinery.com\/et\/tooted\/taldrikupressor\/\" target=\"_blank\" rel=\"noopener\"><img fetchpriority=\"high\" decoding=\"async\" class=\"wp-image-9122 alignright\" src=\"https:\/\/www.hsymachinery.com\/wp-content\/uploads\/2025\/06\/Plate-Compactor-PH-L250A-300x300.jpg\" alt=\"\" width=\"461\" height=\"461\" srcset=\"https:\/\/www.hsymachinery.com\/wp-content\/uploads\/2025\/06\/Plate-Compactor-PH-L250A-300x300.jpg 300w, https:\/\/www.hsymachinery.com\/wp-content\/uploads\/2025\/06\/Plate-Compactor-PH-L250A-150x150.jpg 150w, https:\/\/www.hsymachinery.com\/wp-content\/uploads\/2025\/06\/Plate-Compactor-PH-L250A-100x100.jpg 100w, https:\/\/www.hsymachinery.com\/wp-content\/uploads\/2025\/06\/Plate-Compactor-PH-L250A.jpg 600w\" sizes=\"(max-width: 461px) 100vw, 461px\" \/><\/a><\/h3>\n<p data-start=\"374\" data-end=\"751\">The <strong data-start=\"378\" data-end=\"406\">PH-L250A plaadi tihendaja<\/strong> on t\u00e4iustatud versioon standardmudelist PH-L250, millel on tugevdatud terasplaat ja t\u00f5hus Loncin 4-taktiline bensiinimootor. See t\u00e4iustatud konstruktsioon tagab suurema pinnakatte, suurema l\u00f6\u00f6gij\u00f5u ja parema vibratsioonikontrolli teep\u00f5hja ettevalmistamisel, k\u00f5nniteede parandamisel ja vundamendit\u00f6\u00f6del.<\/p>\n<p data-start=\"753\" data-end=\"895\">See mudel sobib ideaalselt t\u00f6\u00f6v\u00f5tjatele, kes vajavad tasakaalu j\u00f5udluse ja kasutusmugavuse vahel, ning sobib ideaalselt keskmiste ja suurte projektide jaoks.<\/p>\n<h3 data-start=\"902\" data-end=\"964\">V\u00f5imas mootor, laiem plaat ja mugav t\u00f6\u00f6<\/h3>\n<p data-start=\"966\" data-end=\"1337\">PH-L250A Loncin mootor pakub usaldusv\u00e4\u00e4rset k\u00e4ivitamist, stabiilset v\u00f5imsust ja v\u00e4hendatud k\u00fctusekulu. Laiendatud tihendusplaat tagab suurema pinnase katmise iga k\u00e4iguga, suurendades \u00fcldist tootlikkust. Ergonoomiliselt kujundatud vibratsioonivastane k\u00e4epide parandab mugavust pikemaajalisel kasutamisel, samas kui v\u00e4hese hooldusega raam aitab v\u00e4hendada seisakuid.<\/p>\n<p data-start=\"1339\" data-end=\"1437\">Selle vastupidav konstruktsioon peab vastu sagedasele transpordile ja pikematele vahetustele rasketel ehitusplatsidel.<\/p>\n<h3 data-start=\"1444\" data-end=\"1502\">Ehitatud t\u00f5hususe ja korduvate t\u00f6\u00f6platsi tulemuste saavutamiseks<\/h3>\n<p data-start=\"1504\" data-end=\"1750\">PH-L250A saab h\u00f5lpsasti hakkama erinevate materjalidega, alates asfaldi kattekihist kuni kruusakattematerjalide ja struktuursete t\u00e4itematerjalideni. Selle optimeeritud plaatide geomeetria ja k\u00f5rgsageduslik vibratsioon tagavad \u00fchtlase ja tasase l\u00f5ppviimistluse isegi ebatasasel pinnal.<\/p>\n<p data-start=\"1752\" data-end=\"1906\">See mudel sobib eriti h\u00e4sti t\u00f6\u00f6v\u00f5tjatele, munitsipaalettev\u00f5tetele ja rendiparkidele, kes hindavad kuluefektiivsust, ilma et see tooks ohvriks j\u00f5udluse.<\/p>\n<h3 data-start=\"1913\" data-end=\"1959\">PH-L250A plaatpressori peamised omadused<\/h3>\n<ul data-start=\"1961\" data-end=\"2254\">\n<li data-start=\"1961\" data-end=\"2025\">\n<p data-start=\"1963\" data-end=\"2025\">T\u00e4iendatud laia terasplaadiga kiirema pinnakatte saavutamiseks<\/p>\n<\/li>\n<li data-start=\"2026\" data-end=\"2082\">\n<p data-start=\"2028\" data-end=\"2082\">Ajendiks usaldusv\u00e4\u00e4rne Loncin 4-taktiline bensiinimootor.<\/p>\n<\/li>\n<li data-start=\"2083\" data-end=\"2148\">\n<p data-start=\"2085\" data-end=\"2148\">Sobib ideaalselt asfaldi-, k\u00f5nnitee- ja struktuuritihendust\u00f6\u00f6de tegemiseks.<\/p>\n<\/li>\n<li data-start=\"2149\" data-end=\"2195\">\n<p data-start=\"2151\" data-end=\"2195\">Vibratsioonivastane k\u00e4epide operaatori mugavuse tagamiseks<\/p>\n<\/li>\n<li data-start=\"2196\" data-end=\"2254\">\n<p data-start=\"2198\" data-end=\"2254\">M\u00f5eldud sagedaseks kasutamiseks ja h\u00f5lpsaks hoolduseks<\/p>\n<\/li>\n<\/ul>","protected":false},"excerpt":{"rendered":"<p>PH-L250A plaatpressor koos Loncin mootoriga pakub suuremat tihenduslaiust ja t\u00f5husust asfaldi-, vundament- ja teeprojektide puhul. Tugev, usaldusv\u00e4\u00e4rne ja lihtne kasutada.<\/p>","protected":false},"featured_media":9122,"template":"","meta":{"_kad_post_transparent":"default","_kad_post_title":"","_kad_post_layout":"default","_kad_post_sidebar_id":"","_kad_post_content_style":"default","_kad_post_vertical_padding":"default","_kad_post_feature":"","_kad_post_feature_position":"","_kad_post_header":false,"_kad_post_footer":false},"product_brand":[],"product_cat":[59],"product_tag":[1066,1062,1065,1070,1069,1063,1067,1064,1061,1068],"class_list":{"0":"post-9121","1":"product","2":"type-product","3":"status-publish","4":"has-post-thumbnail","6":"product_cat-plate-compactor","7":"product_tag-diesel-plate-compactor","8":"product_tag-forward-plate-compactor","9":"product_tag-gasoline-plate-compactor","10":"product_tag-heavy-duty-plate-compactor","11":"product_tag-plate-compactor-for-asphalt","12":"product_tag-reversible-plate-compactor","13":"product_tag-road-construction-compactor","14":"product_tag-soil-plate-compactor","15":"product_tag-vibratory-plate-compactor","16":"product_tag-walk-behind-plate-compactor","18":"first","19":"instock","20":"shipping-taxable","21":"product-type-simple","22":"entry","23":"content-bg","24":"loop-entry"},"yoast_head":"<!-- This site is optimized with the Yoast SEO plugin v25.3.1 - https:\/\/yoast.com\/wordpress\/plugins\/seo\/ -->\n<title>Plate Compactor PH-L250A - HSY Construction Machinery<\/title>\n<meta name=\"description\" content=\"PH-L250A Loncin Plate Compactor provides wider and more powerful soil compaction for roads, foundations, and asphalt repair. Built for performance and jobsite efficiency.\" \/>\n<meta name=\"robots\" content=\"index, follow, max-snippet:-1, max-image-preview:large, max-video-preview:-1\" \/>\n<link rel=\"canonical\" href=\"https:\/\/www.hsymachinery.com\/et\/toode\/plaatpressor-ph-l250a\/\" \/>\n<meta property=\"og:locale\" content=\"et_EE\" \/>\n<meta property=\"og:type\" content=\"article\" \/>\n<meta property=\"og:title\" content=\"Plate Compactor PH-L250A - HSY Construction Machinery\" \/>\n<meta property=\"og:description\" content=\"PH-L250A Loncin Plate Compactor provides wider and more powerful soil compaction for roads, foundations, and asphalt repair. Built for performance and jobsite efficiency.\" \/>\n<meta property=\"og:url\" content=\"https:\/\/www.hsymachinery.com\/et\/toode\/plaatpressor-ph-l250a\/\" \/>\n<meta property=\"og:site_name\" content=\"HSY Construction Machinery\" \/>\n<meta property=\"article:modified_time\" content=\"2025-06-28T12:03:48+00:00\" \/>\n<meta property=\"og:image\" content=\"https:\/\/www.hsymachinery.com\/wp-content\/uploads\/2025\/06\/Plate-Compactor-PH-L250A.jpg\" \/>\n\t<meta property=\"og:image:width\" content=\"600\" \/>\n\t<meta property=\"og:image:height\" content=\"600\" \/>\n\t<meta property=\"og:image:type\" content=\"image\/jpeg\" \/>\n<meta name=\"twitter:card\" content=\"summary_large_image\" \/>\n<meta name=\"twitter:label1\" content=\"Est. reading time\" \/>\n\t<meta name=\"twitter:data1\" content=\"2 minutit\" \/>\n<script type=\"application\/ld+json\" class=\"yoast-schema-graph\">{\"@context\":\"https:\/\/schema.org\",\"@graph\":[{\"@type\":\"WebPage\",\"@id\":\"https:\/\/www.hsymachinery.com\/product\/plate-compactor-ph-l250a\/\",\"url\":\"https:\/\/www.hsymachinery.com\/product\/plate-compactor-ph-l250a\/\",\"name\":\"Plate Compactor PH-L250A - HSY Construction Machinery\",\"isPartOf\":{\"@id\":\"https:\/\/www.hsymachinery.com\/#website\"},\"primaryImageOfPage\":{\"@id\":\"https:\/\/www.hsymachinery.com\/product\/plate-compactor-ph-l250a\/#primaryimage\"},\"image\":{\"@id\":\"https:\/\/www.hsymachinery.com\/product\/plate-compactor-ph-l250a\/#primaryimage\"},\"thumbnailUrl\":\"https:\/\/www.hsymachinery.com\/wp-content\/uploads\/2025\/06\/Plate-Compactor-PH-L250A.jpg\",\"datePublished\":\"2025-06-18T09:06:02+00:00\",\"dateModified\":\"2025-06-28T12:03:48+00:00\",\"description\":\"PH-L250A Loncin Plate Compactor provides wider and more powerful soil compaction for roads, foundations, and asphalt repair. Built for performance and jobsite efficiency.\",\"breadcrumb\":{\"@id\":\"https:\/\/www.hsymachinery.com\/product\/plate-compactor-ph-l250a\/#breadcrumb\"},\"inLanguage\":\"et\",\"potentialAction\":[{\"@type\":\"ReadAction\",\"target\":[\"https:\/\/www.hsymachinery.com\/product\/plate-compactor-ph-l250a\/\"]}]},{\"@type\":\"ImageObject\",\"inLanguage\":\"et\",\"@id\":\"https:\/\/www.hsymachinery.com\/product\/plate-compactor-ph-l250a\/#primaryimage\",\"url\":\"https:\/\/www.hsymachinery.com\/wp-content\/uploads\/2025\/06\/Plate-Compactor-PH-L250A.jpg\",\"contentUrl\":\"https:\/\/www.hsymachinery.com\/wp-content\/uploads\/2025\/06\/Plate-Compactor-PH-L250A.jpg\",\"width\":600,\"height\":600},{\"@type\":\"BreadcrumbList\",\"@id\":\"https:\/\/www.hsymachinery.com\/product\/plate-compactor-ph-l250a\/#breadcrumb\",\"itemListElement\":[{\"@type\":\"ListItem\",\"position\":1,\"name\":\"home\",\"item\":\"https:\/\/www.hsymachinery.com\/\"},{\"@type\":\"ListItem\",\"position\":2,\"name\":\"products\",\"item\":\"https:\/\/www.hsymachinery.com\/products\/\"},{\"@type\":\"ListItem\",\"position\":3,\"name\":\"Plate Compactor PH-L250A\"}]},{\"@type\":\"WebSite\",\"@id\":\"https:\/\/www.hsymachinery.com\/#website\",\"url\":\"https:\/\/www.hsymachinery.com\/\",\"name\":\"HSY Construction Machinery\",\"description\":\"HSY Machinery \u2013 A leading China construction machinery supplier, offering a wide range of light construction equipment. Our main products include Rebar Cutting Machine, Rebar Bending Machine, Rebar Stirrup Bending Machine, Rebar Arc Bending Machine, Rebar Straightening Machine, Five-Head Rebar Stirrup Bending Machine, Tamping Rammer, Plate Compactor, Concrete Cutter, Power Trowel, and other construction machinery. We are equipped with advanced CNC machines, and we enforce strict quality inspection standards along with comprehensive after-sales service. If you are interested in our products or services, we warmly welcome your inquiries via message.\",\"publisher\":{\"@id\":\"https:\/\/www.hsymachinery.com\/#organization\"},\"potentialAction\":[{\"@type\":\"SearchAction\",\"target\":{\"@type\":\"EntryPoint\",\"urlTemplate\":\"https:\/\/www.hsymachinery.com\/?s={search_term_string}\"},\"query-input\":{\"@type\":\"PropertyValueSpecification\",\"valueRequired\":true,\"valueName\":\"search_term_string\"}}],\"inLanguage\":\"et\"},{\"@type\":\"Organization\",\"@id\":\"https:\/\/www.hsymachinery.com\/#organization\",\"name\":\"HSY Construction Machinery\",\"url\":\"https:\/\/www.hsymachinery.com\/\",\"logo\":{\"@type\":\"ImageObject\",\"inLanguage\":\"et\",\"@id\":\"https:\/\/www.hsymachinery.com\/#\/schema\/logo\/image\/\",\"url\":\"https:\/\/www.hsymachinery.com\/wp-content\/uploads\/2025\/06\/cropped-HSY-machinery.png\",\"contentUrl\":\"https:\/\/www.hsymachinery.com\/wp-content\/uploads\/2025\/06\/cropped-HSY-machinery.png\",\"width\":600,\"height\":240,\"caption\":\"HSY Construction Machinery\"},\"image\":{\"@id\":\"https:\/\/www.hsymachinery.com\/#\/schema\/logo\/image\/\"}}]}<\/script>\n<!-- \/ Yoast SEO plugin. -->","yoast_head_json":{"title":"PH-L250A - HSY ehitusmasinad - HSY ehitusmasinad","description":"PH-L250A Loncin Plate Compactor pakub laiemat ja v\u00f5imsamat pinnase tihendamist teede, vundamentide ja asfaldiparanduste jaoks. Ehitatud j\u00f5udluse ja t\u00f6\u00f6platsi t\u00f5hususe jaoks.","robots":{"index":"index","follow":"follow","max-snippet":"max-snippet:-1","max-image-preview":"max-image-preview:large","max-video-preview":"max-video-preview:-1"},"canonical":"https:\/\/www.hsymachinery.com\/et\/toode\/plaatpressor-ph-l250a\/","og_locale":"et_EE","og_type":"article","og_title":"Plate Compactor PH-L250A - HSY Construction Machinery","og_description":"PH-L250A Loncin Plate Compactor provides wider and more powerful soil compaction for roads, foundations, and asphalt repair. Built for performance and jobsite efficiency.","og_url":"https:\/\/www.hsymachinery.com\/et\/toode\/plaatpressor-ph-l250a\/","og_site_name":"HSY Construction Machinery","article_modified_time":"2025-06-28T12:03:48+00:00","og_image":[{"width":600,"height":600,"url":"https:\/\/www.hsymachinery.com\/wp-content\/uploads\/2025\/06\/Plate-Compactor-PH-L250A.jpg","type":"image\/jpeg"}],"twitter_card":"summary_large_image","twitter_misc":{"Est. reading time":"2 minutit"},"schema":{"@context":"https:\/\/schema.org","@graph":[{"@type":"WebPage","@id":"https:\/\/www.hsymachinery.com\/product\/plate-compactor-ph-l250a\/","url":"https:\/\/www.hsymachinery.com\/product\/plate-compactor-ph-l250a\/","name":"PH-L250A - HSY ehitusmasinad - HSY ehitusmasinad","isPartOf":{"@id":"https:\/\/www.hsymachinery.com\/#website"},"primaryImageOfPage":{"@id":"https:\/\/www.hsymachinery.com\/product\/plate-compactor-ph-l250a\/#primaryimage"},"image":{"@id":"https:\/\/www.hsymachinery.com\/product\/plate-compactor-ph-l250a\/#primaryimage"},"thumbnailUrl":"https:\/\/www.hsymachinery.com\/wp-content\/uploads\/2025\/06\/Plate-Compactor-PH-L250A.jpg","datePublished":"2025-06-18T09:06:02+00:00","dateModified":"2025-06-28T12:03:48+00:00","description":"PH-L250A Loncin Plate Compactor pakub laiemat ja v\u00f5imsamat pinnase tihendamist teede, vundamentide ja asfaldiparanduste jaoks. Ehitatud j\u00f5udluse ja t\u00f6\u00f6platsi t\u00f5hususe jaoks.","breadcrumb":{"@id":"https:\/\/www.hsymachinery.com\/product\/plate-compactor-ph-l250a\/#breadcrumb"},"inLanguage":"et","potentialAction":[{"@type":"ReadAction","target":["https:\/\/www.hsymachinery.com\/product\/plate-compactor-ph-l250a\/"]}]},{"@type":"ImageObject","inLanguage":"et","@id":"https:\/\/www.hsymachinery.com\/product\/plate-compactor-ph-l250a\/#primaryimage","url":"https:\/\/www.hsymachinery.com\/wp-content\/uploads\/2025\/06\/Plate-Compactor-PH-L250A.jpg","contentUrl":"https:\/\/www.hsymachinery.com\/wp-content\/uploads\/2025\/06\/Plate-Compactor-PH-L250A.jpg","width":600,"height":600},{"@type":"BreadcrumbList","@id":"https:\/\/www.hsymachinery.com\/product\/plate-compactor-ph-l250a\/#breadcrumb","itemListElement":[{"@type":"ListItem","position":1,"name":"home","item":"https:\/\/www.hsymachinery.com\/"},{"@type":"ListItem","position":2,"name":"products","item":"https:\/\/www.hsymachinery.com\/products\/"},{"@type":"ListItem","position":3,"name":"Plate Compactor PH-L250A"}]},{"@type":"WebSite","@id":"https:\/\/www.hsymachinery.com\/#website","url":"https:\/\/www.hsymachinery.com\/","name":"HSY ehitusmasinad","description":"HSY Machinery - juhtiv Hiina ehitusmasinate tarnija, kes pakub laias valikus kerget ehitusseadmeid. Meie peamised tooted on Rebar Cutting Machine, Rebar Bending Machine, Rebar Stirrup Bending Machine, Rebar Arc Bending Machine, Rebar Straightening Machine, Five-Head Rebar Stirrup Bending Machine, Tamping Rammer, Plate Compactor, Betoon Cutter, Power Trowel ja muud ehitusmasinad. Oleme varustatud t\u00e4iustatud CNC-masinatega ja rakendame rangeid kvaliteedikontrolli standardeid koos tervikliku m\u00fc\u00fcgij\u00e4rgse teenindusega. Kui olete huvitatud meie toodetest v\u00f5i teenustest, ootame soojalt teie p\u00e4ringuid s\u00f5numi teel.","publisher":{"@id":"https:\/\/www.hsymachinery.com\/#organization"},"potentialAction":[{"@type":"SearchAction","target":{"@type":"EntryPoint","urlTemplate":"https:\/\/www.hsymachinery.com\/?s={search_term_string}"},"query-input":{"@type":"PropertyValueSpecification","valueRequired":true,"valueName":"search_term_string"}}],"inLanguage":"et"},{"@type":"Organization","@id":"https:\/\/www.hsymachinery.com\/#organization","name":"HSY ehitusmasinad","url":"https:\/\/www.hsymachinery.com\/","logo":{"@type":"ImageObject","inLanguage":"et","@id":"https:\/\/www.hsymachinery.com\/#\/schema\/logo\/image\/","url":"https:\/\/www.hsymachinery.com\/wp-content\/uploads\/2025\/06\/cropped-HSY-machinery.png","contentUrl":"https:\/\/www.hsymachinery.com\/wp-content\/uploads\/2025\/06\/cropped-HSY-machinery.png","width":600,"height":240,"caption":"HSY Construction Machinery"},"image":{"@id":"https:\/\/www.hsymachinery.com\/#\/schema\/logo\/image\/"}}]}},"_links":{"self":[{"href":"https:\/\/www.hsymachinery.com\/et\/wp-json\/wp\/v2\/product\/9121","targetHints":{"allow":["GET"]}}],"collection":[{"href":"https:\/\/www.hsymachinery.com\/et\/wp-json\/wp\/v2\/product"}],"about":[{"href":"https:\/\/www.hsymachinery.com\/et\/wp-json\/wp\/v2\/types\/product"}],"version-history":[{"count":3,"href":"https:\/\/www.hsymachinery.com\/et\/wp-json\/wp\/v2\/product\/9121\/revisions"}],"predecessor-version":[{"id":9537,"href":"https:\/\/www.hsymachinery.com\/et\/wp-json\/wp\/v2\/product\/9121\/revisions\/9537"}],"wp:featuredmedia":[{"embeddable":true,"href":"https:\/\/www.hsymachinery.com\/et\/wp-json\/wp\/v2\/media\/9122"}],"wp:attachment":[{"href":"https:\/\/www.hsymachinery.com\/et\/wp-json\/wp\/v2\/media?parent=9121"}],"wp:term":[{"taxonomy":"product_brand","embeddable":true,"href":"https:\/\/www.hsymachinery.com\/et\/wp-json\/wp\/v2\/product_brand?post=9121"},{"taxonomy":"product_cat","embeddable":true,"href":"https:\/\/www.hsymachinery.com\/et\/wp-json\/wp\/v2\/product_cat?post=9121"},{"taxonomy":"product_tag","embeddable":true,"href":"https:\/\/www.hsymachinery.com\/et\/wp-json\/wp\/v2\/product_tag?post=9121"}],"curies":[{"name":"wp","href":"https:\/\/api.w.org\/{rel}","templated":true}]}}