{"id":9118,"date":"2025-06-18T17:04:38","date_gmt":"2025-06-18T09:04:38","guid":{"rendered":"https:\/\/www.hsymachinery.com\/?post_type=product&#038;p=9118"},"modified":"2025-06-28T19:56:08","modified_gmt":"2025-06-28T11:56:08","slug":"plaatpressor-ph-c250","status":"publish","type":"product","link":"https:\/\/www.hsymachinery.com\/et\/toode\/plaatpressor-ph-c250\/","title":{"rendered":"PH-C250 plaadi tihendaja"},"content":{"rendered":"<h2 data-start=\"101\" data-end=\"132\">PH-C250 plaadi tihendaja<\/h2>\n<h3 data-start=\"133\" data-end=\"250\">PH-C250 Diisel-plaadipressor | Suure p\u00f6\u00f6rdemomendiga pinnase tihendaja vundamendi, teede ja kruusapinna ettevalmistamiseks<\/h3>\n<h3 data-start=\"257\" data-end=\"331\">Toote \u00fclevaade - diiselajamiga tihendamine n\u00f5udlikele ehitusplatsidele<a href=\"https:\/\/www.hsymachinery.com\/et\/tooted\/taldrikupressor\/\" target=\"_blank\" rel=\"noopener\"><img fetchpriority=\"high\" decoding=\"async\" class=\"wp-image-9119 alignright\" src=\"https:\/\/www.hsymachinery.com\/wp-content\/uploads\/2025\/06\/Plate-Compactor-PH-C250-300x300.jpg\" alt=\"\" width=\"458\" height=\"458\" srcset=\"https:\/\/www.hsymachinery.com\/wp-content\/uploads\/2025\/06\/Plate-Compactor-PH-C250-300x300.jpg 300w, https:\/\/www.hsymachinery.com\/wp-content\/uploads\/2025\/06\/Plate-Compactor-PH-C250-150x150.jpg 150w, https:\/\/www.hsymachinery.com\/wp-content\/uploads\/2025\/06\/Plate-Compactor-PH-C250-100x100.jpg 100w, https:\/\/www.hsymachinery.com\/wp-content\/uploads\/2025\/06\/Plate-Compactor-PH-C250.jpg 600w\" sizes=\"(max-width: 458px) 100vw, 458px\" \/><\/a><\/h3>\n<p data-start=\"333\" data-end=\"661\">The <strong data-start=\"337\" data-end=\"364\">PH-C250 plaadi tihendaja<\/strong> on diiselmootoriga keskmise v\u00f5imsusega taldrikupressor, mis on m\u00f5eldud raskete t\u00f6\u00f6platsi tingimuste jaoks, kus \u00fchtlane j\u00f5ud ja k\u00fctuses\u00e4\u00e4st on kriitilise t\u00e4htsusega. Seda kasutatakse laialdaselt vundamendi aluse ettevalmistamiseks, kruusa tihendamiseks, teede lappimiseks ja asfaldi parandamiseks nii linnades kui ka kaugetes kohtades.<\/p>\n<p data-start=\"663\" data-end=\"827\">T\u00e4nu oma suure p\u00f6\u00f6rdemomendiga diiselmootorile t\u00f6\u00f6tab PH-C250 t\u00f5husalt erinevate materjalide puhul, stabiliseerides pinnase s\u00fcgavuti ja \u00fchtlaselt iga k\u00e4iguga.<\/p>\n<h3 data-start=\"834\" data-end=\"893\">T\u00f5husad, vastupidavad ja pika t\u00f6\u00f6aja jaoks m\u00f5eldud seadmed<\/h3>\n<p data-start=\"895\" data-end=\"1247\">PH-C250 on ehitatud k\u00fctuses\u00e4\u00e4stliku diiselmootoriga, mis v\u00f5imaldab tal t\u00f6\u00f6tada \u00fche paagiga kauem kui v\u00f5rreldavad bensiinimootorid. Selle tugevdatud terasest alusplaat tekitab k\u00f5rgsageduslikku vibratsiooni nii tiheda kui ka lahtise pinnase tihendamiseks. L\u00f6\u00f6giabsorbeeriv k\u00e4epidemete s\u00fcsteem tagab parema kontrolli ja v\u00e4hendab operaatori v\u00e4simust pideva t\u00f6\u00f6 ajal.<\/p>\n<p data-start=\"1249\" data-end=\"1352\">Lisaks sellele v\u00f5imaldavad kinnine rihmakaitse ja avatud juurdep\u00e4\u00e4suga konstruktsioon h\u00f5lpsat hooldust\u00f6\u00f6d t\u00f6\u00f6platsil.<\/p>\n<h3 data-start=\"1359\" data-end=\"1425\">Ideaalne v\u00e4lit\u00f6\u00f6de ja energiat\u00f5hususe jaoks<\/h3>\n<p data-start=\"1427\" data-end=\"1759\">Diiselmootorid t\u00f6\u00f6tavad k\u00f5ige paremini pikaajalise kasutuse ja suure koormuse tingimustes, mist\u00f5ttu PH-C250 on arukas valik infrastruktuuriprojektide, maapiirkondade t\u00f6\u00f6platside ja piirkondade jaoks, kus on piiratud juurdep\u00e4\u00e4s bensiinile. Selle v\u00f5imas tihendusj\u00f5udlus toetab usaldusv\u00e4\u00e4rseid tulemusi kruusap\u00f5hjade, liivap\u00f5hjade ja teede aluste puhul.<\/p>\n<p data-start=\"1761\" data-end=\"1842\">Raske konstruktsioon v\u00f5imaldab taluda rasketes v\u00e4liskeskkondades kergesti.<\/p>\n<h3 data-start=\"1849\" data-end=\"1901\">PH-C250 diisel-plaadipressori p\u00f5hiomadused<\/h3>\n<ul data-start=\"1903\" data-end=\"2219\">\n<li data-start=\"1903\" data-end=\"1966\">\n<p data-start=\"1905\" data-end=\"1966\">Suure p\u00f6\u00f6rdemomendiga diiselmootor tugeva ja \u00fchtlase tihendamise tagamiseks<\/p>\n<\/li>\n<li data-start=\"1967\" data-end=\"2035\">\n<p data-start=\"1969\" data-end=\"2035\">Keskmise suurusega plaadid on ideaalsed teede, vundamentide ja parklate jaoks.<\/p>\n<\/li>\n<li data-start=\"2036\" data-end=\"2099\">\n<p data-start=\"2038\" data-end=\"2099\">Pikem t\u00f6\u00f6aeg ja k\u00fctuses\u00e4\u00e4st v\u00f5rreldes bensiinimudelitega<\/p>\n<\/li>\n<li data-start=\"2100\" data-end=\"2161\">\n<p data-start=\"2102\" data-end=\"2161\">Tugev terasest alus, mis on \u00fchtlase vibratsiooniga siledate pindade jaoks<\/p>\n<\/li>\n<li data-start=\"2162\" data-end=\"2219\">\n<p data-start=\"2164\" data-end=\"2219\">Mootori kate ja avatud raamiga konstruktsioon lihtsaks hoolduseks<\/p>\n<\/li>\n<\/ul>\n<p><iframe title=\"tihendaja, tampermasin, tampermasin, plaat tihendaja, ehitus vibratsioon, tihendaja machine.#tamping\" width=\"720\" height=\"405\" src=\"https:\/\/www.youtube.com\/embed\/kHw7Cpv12Zs?feature=oembed\" frameborder=\"0\" allow=\"accelerometer; autoplay; clipboard-write; encrypted-media; gyroscope; picture-in-picture; web-share\" referrerpolicy=\"strict-origin-when-cross-origin\" allowfullscreen><\/iframe><\/p>","protected":false},"excerpt":{"rendered":"<p>PH-C250 diisel-plaadipressor pakub t\u00f5husat, suure p\u00f6\u00f6rdemomendiga pinnase tihendamist teede, kruusa ja vundamentide puhul. Ehitatud pidevaks j\u00f5udluseks ja vastupidavuseks.<\/p>","protected":false},"featured_media":9119,"template":"","meta":{"_kad_post_transparent":"default","_kad_post_title":"","_kad_post_layout":"default","_kad_post_sidebar_id":"","_kad_post_content_style":"default","_kad_post_vertical_padding":"default","_kad_post_feature":"","_kad_post_feature_position":"","_kad_post_header":false,"_kad_post_footer":false},"product_brand":[],"product_cat":[59],"product_tag":[1066,1062,1065,1070,1069,1063,1067,1064,1061,1068],"class_list":{"0":"post-9118","1":"product","2":"type-product","3":"status-publish","4":"has-post-thumbnail","6":"product_cat-plate-compactor","7":"product_tag-diesel-plate-compactor","8":"product_tag-forward-plate-compactor","9":"product_tag-gasoline-plate-compactor","10":"product_tag-heavy-duty-plate-compactor","11":"product_tag-plate-compactor-for-asphalt","12":"product_tag-reversible-plate-compactor","13":"product_tag-road-construction-compactor","14":"product_tag-soil-plate-compactor","15":"product_tag-vibratory-plate-compactor","16":"product_tag-walk-behind-plate-compactor","18":"first","19":"instock","20":"shipping-taxable","21":"product-type-simple","22":"entry","23":"content-bg","24":"loop-entry"},"yoast_head":"<!-- This site is optimized with the Yoast SEO plugin v25.3.1 - https:\/\/yoast.com\/wordpress\/plugins\/seo\/ -->\n<title>Plate Compactor PH-C250 - HSY Construction Machinery<\/title>\n<meta name=\"description\" content=\"PH-C250 Diesel Plate Compactor delivers fuel-efficient, high-impact compaction for road, gravel, and foundation work. Ideal for demanding and remote job sites.\" \/>\n<meta name=\"robots\" content=\"index, follow, max-snippet:-1, max-image-preview:large, max-video-preview:-1\" \/>\n<link rel=\"canonical\" href=\"https:\/\/www.hsymachinery.com\/et\/toode\/plaatpressor-ph-c250\/\" \/>\n<meta property=\"og:locale\" content=\"et_EE\" \/>\n<meta property=\"og:type\" content=\"article\" \/>\n<meta property=\"og:title\" content=\"Plate Compactor PH-C250 - HSY Construction Machinery\" \/>\n<meta property=\"og:description\" content=\"PH-C250 Diesel Plate Compactor delivers fuel-efficient, high-impact compaction for road, gravel, and foundation work. Ideal for demanding and remote job sites.\" \/>\n<meta property=\"og:url\" content=\"https:\/\/www.hsymachinery.com\/et\/toode\/plaatpressor-ph-c250\/\" \/>\n<meta property=\"og:site_name\" content=\"HSY Construction Machinery\" \/>\n<meta property=\"article:modified_time\" content=\"2025-06-28T11:56:08+00:00\" \/>\n<meta property=\"og:image\" content=\"https:\/\/www.hsymachinery.com\/wp-content\/uploads\/2025\/06\/Plate-Compactor-PH-C250.jpg\" \/>\n\t<meta property=\"og:image:width\" content=\"600\" \/>\n\t<meta property=\"og:image:height\" content=\"600\" \/>\n\t<meta property=\"og:image:type\" content=\"image\/jpeg\" \/>\n<meta name=\"twitter:card\" content=\"summary_large_image\" \/>\n<meta name=\"twitter:label1\" content=\"Est. reading time\" \/>\n\t<meta name=\"twitter:data1\" content=\"2 minutit\" \/>\n<script type=\"application\/ld+json\" class=\"yoast-schema-graph\">{\"@context\":\"https:\/\/schema.org\",\"@graph\":[{\"@type\":\"WebPage\",\"@id\":\"https:\/\/www.hsymachinery.com\/product\/plate-compactor-ph-c250\/\",\"url\":\"https:\/\/www.hsymachinery.com\/product\/plate-compactor-ph-c250\/\",\"name\":\"Plate Compactor PH-C250 - HSY Construction Machinery\",\"isPartOf\":{\"@id\":\"https:\/\/www.hsymachinery.com\/#website\"},\"primaryImageOfPage\":{\"@id\":\"https:\/\/www.hsymachinery.com\/product\/plate-compactor-ph-c250\/#primaryimage\"},\"image\":{\"@id\":\"https:\/\/www.hsymachinery.com\/product\/plate-compactor-ph-c250\/#primaryimage\"},\"thumbnailUrl\":\"https:\/\/www.hsymachinery.com\/wp-content\/uploads\/2025\/06\/Plate-Compactor-PH-C250.jpg\",\"datePublished\":\"2025-06-18T09:04:38+00:00\",\"dateModified\":\"2025-06-28T11:56:08+00:00\",\"description\":\"PH-C250 Diesel Plate Compactor delivers fuel-efficient, high-impact compaction for road, gravel, and foundation work. Ideal for demanding and remote job sites.\",\"breadcrumb\":{\"@id\":\"https:\/\/www.hsymachinery.com\/product\/plate-compactor-ph-c250\/#breadcrumb\"},\"inLanguage\":\"et\",\"potentialAction\":[{\"@type\":\"ReadAction\",\"target\":[\"https:\/\/www.hsymachinery.com\/product\/plate-compactor-ph-c250\/\"]}]},{\"@type\":\"ImageObject\",\"inLanguage\":\"et\",\"@id\":\"https:\/\/www.hsymachinery.com\/product\/plate-compactor-ph-c250\/#primaryimage\",\"url\":\"https:\/\/www.hsymachinery.com\/wp-content\/uploads\/2025\/06\/Plate-Compactor-PH-C250.jpg\",\"contentUrl\":\"https:\/\/www.hsymachinery.com\/wp-content\/uploads\/2025\/06\/Plate-Compactor-PH-C250.jpg\",\"width\":600,\"height\":600},{\"@type\":\"BreadcrumbList\",\"@id\":\"https:\/\/www.hsymachinery.com\/product\/plate-compactor-ph-c250\/#breadcrumb\",\"itemListElement\":[{\"@type\":\"ListItem\",\"position\":1,\"name\":\"home\",\"item\":\"https:\/\/www.hsymachinery.com\/\"},{\"@type\":\"ListItem\",\"position\":2,\"name\":\"products\",\"item\":\"https:\/\/www.hsymachinery.com\/products\/\"},{\"@type\":\"ListItem\",\"position\":3,\"name\":\"Plate Compactor PH-C250\"}]},{\"@type\":\"WebSite\",\"@id\":\"https:\/\/www.hsymachinery.com\/#website\",\"url\":\"https:\/\/www.hsymachinery.com\/\",\"name\":\"HSY Construction Machinery\",\"description\":\"HSY Machinery \u2013 A leading China construction machinery supplier, offering a wide range of light construction equipment. Our main products include Rebar Cutting Machine, Rebar Bending Machine, Rebar Stirrup Bending Machine, Rebar Arc Bending Machine, Rebar Straightening Machine, Five-Head Rebar Stirrup Bending Machine, Tamping Rammer, Plate Compactor, Concrete Cutter, Power Trowel, and other construction machinery. We are equipped with advanced CNC machines, and we enforce strict quality inspection standards along with comprehensive after-sales service. If you are interested in our products or services, we warmly welcome your inquiries via message.\",\"publisher\":{\"@id\":\"https:\/\/www.hsymachinery.com\/#organization\"},\"potentialAction\":[{\"@type\":\"SearchAction\",\"target\":{\"@type\":\"EntryPoint\",\"urlTemplate\":\"https:\/\/www.hsymachinery.com\/?s={search_term_string}\"},\"query-input\":{\"@type\":\"PropertyValueSpecification\",\"valueRequired\":true,\"valueName\":\"search_term_string\"}}],\"inLanguage\":\"et\"},{\"@type\":\"Organization\",\"@id\":\"https:\/\/www.hsymachinery.com\/#organization\",\"name\":\"HSY Construction Machinery\",\"url\":\"https:\/\/www.hsymachinery.com\/\",\"logo\":{\"@type\":\"ImageObject\",\"inLanguage\":\"et\",\"@id\":\"https:\/\/www.hsymachinery.com\/#\/schema\/logo\/image\/\",\"url\":\"https:\/\/www.hsymachinery.com\/wp-content\/uploads\/2025\/06\/cropped-HSY-machinery.png\",\"contentUrl\":\"https:\/\/www.hsymachinery.com\/wp-content\/uploads\/2025\/06\/cropped-HSY-machinery.png\",\"width\":600,\"height\":240,\"caption\":\"HSY Construction Machinery\"},\"image\":{\"@id\":\"https:\/\/www.hsymachinery.com\/#\/schema\/logo\/image\/\"}}]}<\/script>\n<!-- \/ Yoast SEO plugin. -->","yoast_head_json":{"title":"PH-C250 - HSY ehitusmasinad - HSY ehitusmasinad","description":"PH-C250 diisel-plaadipressor pakub k\u00fctuses\u00e4\u00e4stlikku ja suure m\u00f5juga tihendamist teede-, kruusa- ja vundamendit\u00f6\u00f6del. Sobib ideaalselt n\u00f5udlikele ja kaugetele t\u00f6\u00f6platsidele.","robots":{"index":"index","follow":"follow","max-snippet":"max-snippet:-1","max-image-preview":"max-image-preview:large","max-video-preview":"max-video-preview:-1"},"canonical":"https:\/\/www.hsymachinery.com\/et\/toode\/plaatpressor-ph-c250\/","og_locale":"et_EE","og_type":"article","og_title":"Plate Compactor PH-C250 - HSY Construction Machinery","og_description":"PH-C250 Diesel Plate Compactor delivers fuel-efficient, high-impact compaction for road, gravel, and foundation work. Ideal for demanding and remote job sites.","og_url":"https:\/\/www.hsymachinery.com\/et\/toode\/plaatpressor-ph-c250\/","og_site_name":"HSY Construction Machinery","article_modified_time":"2025-06-28T11:56:08+00:00","og_image":[{"width":600,"height":600,"url":"https:\/\/www.hsymachinery.com\/wp-content\/uploads\/2025\/06\/Plate-Compactor-PH-C250.jpg","type":"image\/jpeg"}],"twitter_card":"summary_large_image","twitter_misc":{"Est. reading time":"2 minutit"},"schema":{"@context":"https:\/\/schema.org","@graph":[{"@type":"WebPage","@id":"https:\/\/www.hsymachinery.com\/product\/plate-compactor-ph-c250\/","url":"https:\/\/www.hsymachinery.com\/product\/plate-compactor-ph-c250\/","name":"PH-C250 - HSY ehitusmasinad - HSY ehitusmasinad","isPartOf":{"@id":"https:\/\/www.hsymachinery.com\/#website"},"primaryImageOfPage":{"@id":"https:\/\/www.hsymachinery.com\/product\/plate-compactor-ph-c250\/#primaryimage"},"image":{"@id":"https:\/\/www.hsymachinery.com\/product\/plate-compactor-ph-c250\/#primaryimage"},"thumbnailUrl":"https:\/\/www.hsymachinery.com\/wp-content\/uploads\/2025\/06\/Plate-Compactor-PH-C250.jpg","datePublished":"2025-06-18T09:04:38+00:00","dateModified":"2025-06-28T11:56:08+00:00","description":"PH-C250 diisel-plaadipressor pakub k\u00fctuses\u00e4\u00e4stlikku ja suure m\u00f5juga tihendamist teede-, kruusa- ja vundamendit\u00f6\u00f6del. Sobib ideaalselt n\u00f5udlikele ja kaugetele t\u00f6\u00f6platsidele.","breadcrumb":{"@id":"https:\/\/www.hsymachinery.com\/product\/plate-compactor-ph-c250\/#breadcrumb"},"inLanguage":"et","potentialAction":[{"@type":"ReadAction","target":["https:\/\/www.hsymachinery.com\/product\/plate-compactor-ph-c250\/"]}]},{"@type":"ImageObject","inLanguage":"et","@id":"https:\/\/www.hsymachinery.com\/product\/plate-compactor-ph-c250\/#primaryimage","url":"https:\/\/www.hsymachinery.com\/wp-content\/uploads\/2025\/06\/Plate-Compactor-PH-C250.jpg","contentUrl":"https:\/\/www.hsymachinery.com\/wp-content\/uploads\/2025\/06\/Plate-Compactor-PH-C250.jpg","width":600,"height":600},{"@type":"BreadcrumbList","@id":"https:\/\/www.hsymachinery.com\/product\/plate-compactor-ph-c250\/#breadcrumb","itemListElement":[{"@type":"ListItem","position":1,"name":"home","item":"https:\/\/www.hsymachinery.com\/"},{"@type":"ListItem","position":2,"name":"products","item":"https:\/\/www.hsymachinery.com\/products\/"},{"@type":"ListItem","position":3,"name":"Plate Compactor PH-C250"}]},{"@type":"WebSite","@id":"https:\/\/www.hsymachinery.com\/#website","url":"https:\/\/www.hsymachinery.com\/","name":"HSY ehitusmasinad","description":"HSY Machinery - juhtiv Hiina ehitusmasinate tarnija, kes pakub laias valikus kerget ehitusseadmeid. Meie peamised tooted on Rebar Cutting Machine, Rebar Bending Machine, Rebar Stirrup Bending Machine, Rebar Arc Bending Machine, Rebar Straightening Machine, Five-Head Rebar Stirrup Bending Machine, Tamping Rammer, Plate Compactor, Betoon Cutter, Power Trowel ja muud ehitusmasinad. Oleme varustatud t\u00e4iustatud CNC-masinatega ja rakendame rangeid kvaliteedikontrolli standardeid koos tervikliku m\u00fc\u00fcgij\u00e4rgse teenindusega. Kui olete huvitatud meie toodetest v\u00f5i teenustest, ootame soojalt teie p\u00e4ringuid s\u00f5numi teel.","publisher":{"@id":"https:\/\/www.hsymachinery.com\/#organization"},"potentialAction":[{"@type":"SearchAction","target":{"@type":"EntryPoint","urlTemplate":"https:\/\/www.hsymachinery.com\/?s={search_term_string}"},"query-input":{"@type":"PropertyValueSpecification","valueRequired":true,"valueName":"search_term_string"}}],"inLanguage":"et"},{"@type":"Organization","@id":"https:\/\/www.hsymachinery.com\/#organization","name":"HSY ehitusmasinad","url":"https:\/\/www.hsymachinery.com\/","logo":{"@type":"ImageObject","inLanguage":"et","@id":"https:\/\/www.hsymachinery.com\/#\/schema\/logo\/image\/","url":"https:\/\/www.hsymachinery.com\/wp-content\/uploads\/2025\/06\/cropped-HSY-machinery.png","contentUrl":"https:\/\/www.hsymachinery.com\/wp-content\/uploads\/2025\/06\/cropped-HSY-machinery.png","width":600,"height":240,"caption":"HSY Construction Machinery"},"image":{"@id":"https:\/\/www.hsymachinery.com\/#\/schema\/logo\/image\/"}}]}},"_links":{"self":[{"href":"https:\/\/www.hsymachinery.com\/et\/wp-json\/wp\/v2\/product\/9118","targetHints":{"allow":["GET"]}}],"collection":[{"href":"https:\/\/www.hsymachinery.com\/et\/wp-json\/wp\/v2\/product"}],"about":[{"href":"https:\/\/www.hsymachinery.com\/et\/wp-json\/wp\/v2\/types\/product"}],"version-history":[{"count":3,"href":"https:\/\/www.hsymachinery.com\/et\/wp-json\/wp\/v2\/product\/9118\/revisions"}],"predecessor-version":[{"id":9535,"href":"https:\/\/www.hsymachinery.com\/et\/wp-json\/wp\/v2\/product\/9118\/revisions\/9535"}],"wp:featuredmedia":[{"embeddable":true,"href":"https:\/\/www.hsymachinery.com\/et\/wp-json\/wp\/v2\/media\/9119"}],"wp:attachment":[{"href":"https:\/\/www.hsymachinery.com\/et\/wp-json\/wp\/v2\/media?parent=9118"}],"wp:term":[{"taxonomy":"product_brand","embeddable":true,"href":"https:\/\/www.hsymachinery.com\/et\/wp-json\/wp\/v2\/product_brand?post=9118"},{"taxonomy":"product_cat","embeddable":true,"href":"https:\/\/www.hsymachinery.com\/et\/wp-json\/wp\/v2\/product_cat?post=9118"},{"taxonomy":"product_tag","embeddable":true,"href":"https:\/\/www.hsymachinery.com\/et\/wp-json\/wp\/v2\/product_tag?post=9118"}],"curies":[{"name":"wp","href":"https:\/\/api.w.org\/{rel}","templated":true}]}}