{"id":9106,"date":"2025-06-18T16:51:52","date_gmt":"2025-06-18T08:51:52","guid":{"rendered":"https:\/\/www.hsymachinery.com\/?post_type=product&#038;p=9106"},"modified":"2025-06-28T19:43:49","modified_gmt":"2025-06-28T11:43:49","slug":"plaatpressor-ph-c90","status":"publish","type":"product","link":"https:\/\/www.hsymachinery.com\/et\/toode\/plaatpressor-ph-c90\/","title":{"rendered":"PH-C90 plaadi tihendaja"},"content":{"rendered":"<h2 data-start=\"95\" data-end=\"125\">PH-C90 plaadi tihendaja<\/h2>\n<h3 data-start=\"126\" data-end=\"239\">PH-C90 Diisel-plaadipressor | K\u00fctuses\u00e4\u00e4stlik pinnase tihendaja k\u00f5nniteede, vundamentide ja kitsaste t\u00f6\u00f6piirkondade jaoks<\/h3>\n<h3 data-start=\"246\" data-end=\"321\">Toote \u00fclevaade - suure p\u00f6\u00f6rdemomendiga diislik\u00fctuse j\u00f5udlus kompaktses raamis<a href=\"https:\/\/www.hsymachinery.com\/et\/tooted\/taldrikupressor\/\" target=\"_blank\" rel=\"noopener\"><img fetchpriority=\"high\" decoding=\"async\" class=\"wp-image-9111 alignright\" src=\"https:\/\/www.hsymachinery.com\/wp-content\/uploads\/2025\/06\/Plate-Compactor-PH-C90-e1750237307839-300x300.jpg\" alt=\"\" width=\"459\" height=\"459\" srcset=\"https:\/\/www.hsymachinery.com\/wp-content\/uploads\/2025\/06\/Plate-Compactor-PH-C90-e1750237307839-300x300.jpg 300w, https:\/\/www.hsymachinery.com\/wp-content\/uploads\/2025\/06\/Plate-Compactor-PH-C90-e1750237307839-150x150.jpg 150w, https:\/\/www.hsymachinery.com\/wp-content\/uploads\/2025\/06\/Plate-Compactor-PH-C90-e1750237307839-100x100.jpg 100w, https:\/\/www.hsymachinery.com\/wp-content\/uploads\/2025\/06\/Plate-Compactor-PH-C90-e1750237307839.jpg 600w\" sizes=\"(max-width: 459px) 100vw, 459px\" \/><\/a><\/h3>\n<p data-start=\"323\" data-end=\"610\">The <strong data-start=\"327\" data-end=\"353\">PH-C90 plaatpressor<\/strong> on varustatud tugeva diiselmootoriga, mis tagab tugeva tihendusj\u00f5u ja suurep\u00e4rase k\u00fctuses\u00e4\u00e4stlikkuse. See sobib ideaalselt sellisteks t\u00f6\u00f6deks nagu s\u00f5iduteede ettevalmistamine, k\u00f5nniteede remont, sillutiste tasandamine ja vundamendi aluse tihendamine.<\/p>\n<p data-start=\"612\" data-end=\"828\">See mudel on m\u00f5eldud t\u00f6\u00f6v\u00f5tjatele, kes vajavad usaldusv\u00e4\u00e4rset ja v\u00e4he hooldust n\u00f5udvat lahendust piirkondades, kus bensiin v\u00f5ib olla kulukas v\u00f5i piiratud, ning see mudel paistab silma t\u00f6\u00f6efektiivsuse ja karmi t\u00f6\u00f6v\u00f5ime poolest j\u00e4medal pinnasel.<\/p>\n<h3 data-start=\"835\" data-end=\"898\">Usaldusv\u00e4\u00e4rne t\u00f6\u00f6, pikk t\u00f6\u00f6aeg ja madalad kasutuskulud<\/h3>\n<p data-start=\"900\" data-end=\"1176\">T\u00e4nu diiselmootorile pakub PH-C90 stabiilset p\u00f6\u00f6rdemomenti isegi tiheda v\u00f5i niiske pinnase korral. Selle paks terasest tihendusplaat tagab sujuva viimistluse, samas kui l\u00f6\u00f6gisummutav k\u00e4epide suurendab operaatori mugavust pikemaajalisel kasutamisel.<\/p>\n<p data-start=\"1178\" data-end=\"1311\">T\u00e4nu v\u00e4iksemale k\u00fctusekulule ja pikemale t\u00f6\u00f6ajale \u00fche tankimise kohta v\u00e4hendab PH-C90 seisakuid ja toetab pikki t\u00f6\u00f6p\u00e4evi v\u00e4litingimustes.<\/p>\n<h3 data-start=\"1318\" data-end=\"1371\">Ehitatud kaugete projektide ja raskete pinnaset\u00fc\u00fcpide jaoks<\/h3>\n<p data-start=\"1373\" data-end=\"1712\">Olenemata sellest, kas t\u00f6\u00f6tate maapiirkondade teedel, k\u00f5va pinnasega aladel v\u00f5i piirkondades, kus puudub lihtne juurdep\u00e4\u00e4s bensiinile, PH-C90 t\u00f6\u00f6tab kompromissitult. Selle tugev konstruktsioon, vibratsioonikindel konstruktsioon ja minimaalsed hooldusn\u00f5uded teevad sellest ideaalse abivahendi ehitusmeeskondadele, kes tegutsevad kaugetes v\u00f5i karmides kohtades.<\/p>\n<h3 data-start=\"1719\" data-end=\"1770\">PH-C90 diisel-plaadipressori peamised omadused<\/h3>\n<ul data-start=\"1772\" data-end=\"2084\">\n<li data-start=\"1772\" data-end=\"1837\">\n<p data-start=\"1774\" data-end=\"1837\">K\u00fctuses\u00e4\u00e4stlik diiselmootor pikemaajalise t\u00f6\u00f6 tagamiseks<\/p>\n<\/li>\n<li data-start=\"1838\" data-end=\"1902\">\n<p data-start=\"1840\" data-end=\"1902\">Pakub v\u00f5imsat tihendamist kitsastes ja keskmise suurusega t\u00f6\u00f6piirkondades<\/p>\n<\/li>\n<li data-start=\"1903\" data-end=\"1972\">\n<p data-start=\"1905\" data-end=\"1972\">Ideaalne alusp\u00f5hja tihendamiseks, k\u00f5nniteede remondiks ja v\u00e4list\u00f6\u00f6deks<\/p>\n<\/li>\n<li data-start=\"1973\" data-end=\"2034\">\n<p data-start=\"1975\" data-end=\"2034\">Raske terasplaat tagab \u00fchtlase pinnakvaliteedi<\/p>\n<\/li>\n<li data-start=\"2035\" data-end=\"2084\">\n<p data-start=\"2037\" data-end=\"2084\">Usaldusv\u00e4\u00e4rne j\u00f5udlus ja madalad p\u00e4evased k\u00fctusekulud<\/p>\n<\/li>\n<\/ul>\n<p><iframe title=\"tihendaja, tampermasin, tampermasin, plaat tihendaja, ehitus vibratsioon, tihendaja machine.#tamping\" width=\"720\" height=\"405\" src=\"https:\/\/www.youtube.com\/embed\/kHw7Cpv12Zs?feature=oembed\" frameborder=\"0\" allow=\"accelerometer; autoplay; clipboard-write; encrypted-media; gyroscope; picture-in-picture; web-share\" referrerpolicy=\"strict-origin-when-cross-origin\" allowfullscreen><\/iframe><\/p>","protected":false},"excerpt":{"rendered":"<p>PH-C90 diisel-plaadipressor pakub tugevat ja k\u00fctuses\u00e4\u00e4stlikku pinnase tihendamist k\u00f5nniteede, k\u00f5nniteede ja vundamentide aluste puhul. Ehitatud raskete pinnaste ja pikkade t\u00f6\u00f6tundide jaoks.<\/p>","protected":false},"featured_media":9111,"template":"","meta":{"_kad_post_transparent":"default","_kad_post_title":"","_kad_post_layout":"default","_kad_post_sidebar_id":"","_kad_post_content_style":"default","_kad_post_vertical_padding":"default","_kad_post_feature":"","_kad_post_feature_position":"","_kad_post_header":false,"_kad_post_footer":false},"product_brand":[],"product_cat":[59],"product_tag":[1066,1062,1065,1070,1069,1063,1067,1064,1061,1068],"class_list":{"0":"post-9106","1":"product","2":"type-product","3":"status-publish","4":"has-post-thumbnail","6":"product_cat-plate-compactor","7":"product_tag-diesel-plate-compactor","8":"product_tag-forward-plate-compactor","9":"product_tag-gasoline-plate-compactor","10":"product_tag-heavy-duty-plate-compactor","11":"product_tag-plate-compactor-for-asphalt","12":"product_tag-reversible-plate-compactor","13":"product_tag-road-construction-compactor","14":"product_tag-soil-plate-compactor","15":"product_tag-vibratory-plate-compactor","16":"product_tag-walk-behind-plate-compactor","18":"first","19":"instock","20":"shipping-taxable","21":"product-type-simple","22":"entry","23":"content-bg","24":"loop-entry"},"yoast_head":"<!-- This site is optimized with the Yoast SEO plugin v25.3.1 - https:\/\/yoast.com\/wordpress\/plugins\/seo\/ -->\n<title>Plate Compactor PH-C90 - HSY Construction Machinery<\/title>\n<meta name=\"description\" content=\"PH-C90 Diesel Plate Compactor offers high-impact, low-cost soil compaction for construction, pavement repair, and hard soil preparation. Built for long runtime.\" \/>\n<meta name=\"robots\" content=\"index, follow, max-snippet:-1, max-image-preview:large, max-video-preview:-1\" \/>\n<link rel=\"canonical\" href=\"https:\/\/www.hsymachinery.com\/et\/toode\/plaatpressor-ph-c90\/\" \/>\n<meta property=\"og:locale\" content=\"et_EE\" \/>\n<meta property=\"og:type\" content=\"article\" \/>\n<meta property=\"og:title\" content=\"Plate Compactor PH-C90 - HSY Construction Machinery\" \/>\n<meta property=\"og:description\" content=\"PH-C90 Diesel Plate Compactor offers high-impact, low-cost soil compaction for construction, pavement repair, and hard soil preparation. Built for long runtime.\" \/>\n<meta property=\"og:url\" content=\"https:\/\/www.hsymachinery.com\/et\/toode\/plaatpressor-ph-c90\/\" \/>\n<meta property=\"og:site_name\" content=\"HSY Construction Machinery\" \/>\n<meta property=\"article:modified_time\" content=\"2025-06-28T11:43:49+00:00\" \/>\n<meta property=\"og:image\" content=\"https:\/\/www.hsymachinery.com\/wp-content\/uploads\/2025\/06\/Plate-Compactor-PH-C90-e1750237307839.jpg\" \/>\n\t<meta property=\"og:image:width\" content=\"600\" \/>\n\t<meta property=\"og:image:height\" content=\"600\" \/>\n\t<meta property=\"og:image:type\" content=\"image\/jpeg\" \/>\n<meta name=\"twitter:card\" content=\"summary_large_image\" \/>\n<meta name=\"twitter:label1\" content=\"Est. reading time\" \/>\n\t<meta name=\"twitter:data1\" content=\"2 minutit\" \/>\n<script type=\"application\/ld+json\" class=\"yoast-schema-graph\">{\"@context\":\"https:\/\/schema.org\",\"@graph\":[{\"@type\":\"WebPage\",\"@id\":\"https:\/\/www.hsymachinery.com\/product\/plate-compactor-ph-c90\/\",\"url\":\"https:\/\/www.hsymachinery.com\/product\/plate-compactor-ph-c90\/\",\"name\":\"Plate Compactor PH-C90 - HSY Construction Machinery\",\"isPartOf\":{\"@id\":\"https:\/\/www.hsymachinery.com\/#website\"},\"primaryImageOfPage\":{\"@id\":\"https:\/\/www.hsymachinery.com\/product\/plate-compactor-ph-c90\/#primaryimage\"},\"image\":{\"@id\":\"https:\/\/www.hsymachinery.com\/product\/plate-compactor-ph-c90\/#primaryimage\"},\"thumbnailUrl\":\"https:\/\/www.hsymachinery.com\/wp-content\/uploads\/2025\/06\/Plate-Compactor-PH-C90-e1750237307839.jpg\",\"datePublished\":\"2025-06-18T08:51:52+00:00\",\"dateModified\":\"2025-06-28T11:43:49+00:00\",\"description\":\"PH-C90 Diesel Plate Compactor offers high-impact, low-cost soil compaction for construction, pavement repair, and hard soil preparation. Built for long runtime.\",\"breadcrumb\":{\"@id\":\"https:\/\/www.hsymachinery.com\/product\/plate-compactor-ph-c90\/#breadcrumb\"},\"inLanguage\":\"et\",\"potentialAction\":[{\"@type\":\"ReadAction\",\"target\":[\"https:\/\/www.hsymachinery.com\/product\/plate-compactor-ph-c90\/\"]}]},{\"@type\":\"ImageObject\",\"inLanguage\":\"et\",\"@id\":\"https:\/\/www.hsymachinery.com\/product\/plate-compactor-ph-c90\/#primaryimage\",\"url\":\"https:\/\/www.hsymachinery.com\/wp-content\/uploads\/2025\/06\/Plate-Compactor-PH-C90-e1750237307839.jpg\",\"contentUrl\":\"https:\/\/www.hsymachinery.com\/wp-content\/uploads\/2025\/06\/Plate-Compactor-PH-C90-e1750237307839.jpg\",\"width\":600,\"height\":600},{\"@type\":\"BreadcrumbList\",\"@id\":\"https:\/\/www.hsymachinery.com\/product\/plate-compactor-ph-c90\/#breadcrumb\",\"itemListElement\":[{\"@type\":\"ListItem\",\"position\":1,\"name\":\"home\",\"item\":\"https:\/\/www.hsymachinery.com\/\"},{\"@type\":\"ListItem\",\"position\":2,\"name\":\"products\",\"item\":\"https:\/\/www.hsymachinery.com\/products\/\"},{\"@type\":\"ListItem\",\"position\":3,\"name\":\"Plate Compactor PH-C90\"}]},{\"@type\":\"WebSite\",\"@id\":\"https:\/\/www.hsymachinery.com\/#website\",\"url\":\"https:\/\/www.hsymachinery.com\/\",\"name\":\"HSY Construction Machinery\",\"description\":\"HSY Machinery \u2013 A leading China construction machinery supplier, offering a wide range of light construction equipment. Our main products include Rebar Cutting Machine, Rebar Bending Machine, Rebar Stirrup Bending Machine, Rebar Arc Bending Machine, Rebar Straightening Machine, Five-Head Rebar Stirrup Bending Machine, Tamping Rammer, Plate Compactor, Concrete Cutter, Power Trowel, and other construction machinery. We are equipped with advanced CNC machines, and we enforce strict quality inspection standards along with comprehensive after-sales service. If you are interested in our products or services, we warmly welcome your inquiries via message.\",\"publisher\":{\"@id\":\"https:\/\/www.hsymachinery.com\/#organization\"},\"potentialAction\":[{\"@type\":\"SearchAction\",\"target\":{\"@type\":\"EntryPoint\",\"urlTemplate\":\"https:\/\/www.hsymachinery.com\/?s={search_term_string}\"},\"query-input\":{\"@type\":\"PropertyValueSpecification\",\"valueRequired\":true,\"valueName\":\"search_term_string\"}}],\"inLanguage\":\"et\"},{\"@type\":\"Organization\",\"@id\":\"https:\/\/www.hsymachinery.com\/#organization\",\"name\":\"HSY Construction Machinery\",\"url\":\"https:\/\/www.hsymachinery.com\/\",\"logo\":{\"@type\":\"ImageObject\",\"inLanguage\":\"et\",\"@id\":\"https:\/\/www.hsymachinery.com\/#\/schema\/logo\/image\/\",\"url\":\"https:\/\/www.hsymachinery.com\/wp-content\/uploads\/2025\/06\/cropped-HSY-machinery.png\",\"contentUrl\":\"https:\/\/www.hsymachinery.com\/wp-content\/uploads\/2025\/06\/cropped-HSY-machinery.png\",\"width\":600,\"height\":240,\"caption\":\"HSY Construction Machinery\"},\"image\":{\"@id\":\"https:\/\/www.hsymachinery.com\/#\/schema\/logo\/image\/\"}}]}<\/script>\n<!-- \/ Yoast SEO plugin. -->","yoast_head_json":{"title":"PH-C90 - HSY ehitusmasinad - HSY ehitusmasinad","description":"PH-C90 diisel-plaadipressur pakub suure m\u00f5juga ja odavat pinnase tihendamist ehitust\u00f6\u00f6del, k\u00f5nniteede parandamisel ja k\u00f5va pinnase ettevalmistamisel. Ehitatud pika t\u00f6\u00f6aja jaoks.","robots":{"index":"index","follow":"follow","max-snippet":"max-snippet:-1","max-image-preview":"max-image-preview:large","max-video-preview":"max-video-preview:-1"},"canonical":"https:\/\/www.hsymachinery.com\/et\/toode\/plaatpressor-ph-c90\/","og_locale":"et_EE","og_type":"article","og_title":"Plate Compactor PH-C90 - HSY Construction Machinery","og_description":"PH-C90 Diesel Plate Compactor offers high-impact, low-cost soil compaction for construction, pavement repair, and hard soil preparation. Built for long runtime.","og_url":"https:\/\/www.hsymachinery.com\/et\/toode\/plaatpressor-ph-c90\/","og_site_name":"HSY Construction Machinery","article_modified_time":"2025-06-28T11:43:49+00:00","og_image":[{"width":600,"height":600,"url":"https:\/\/www.hsymachinery.com\/wp-content\/uploads\/2025\/06\/Plate-Compactor-PH-C90-e1750237307839.jpg","type":"image\/jpeg"}],"twitter_card":"summary_large_image","twitter_misc":{"Est. reading time":"2 minutit"},"schema":{"@context":"https:\/\/schema.org","@graph":[{"@type":"WebPage","@id":"https:\/\/www.hsymachinery.com\/product\/plate-compactor-ph-c90\/","url":"https:\/\/www.hsymachinery.com\/product\/plate-compactor-ph-c90\/","name":"PH-C90 - HSY ehitusmasinad - HSY ehitusmasinad","isPartOf":{"@id":"https:\/\/www.hsymachinery.com\/#website"},"primaryImageOfPage":{"@id":"https:\/\/www.hsymachinery.com\/product\/plate-compactor-ph-c90\/#primaryimage"},"image":{"@id":"https:\/\/www.hsymachinery.com\/product\/plate-compactor-ph-c90\/#primaryimage"},"thumbnailUrl":"https:\/\/www.hsymachinery.com\/wp-content\/uploads\/2025\/06\/Plate-Compactor-PH-C90-e1750237307839.jpg","datePublished":"2025-06-18T08:51:52+00:00","dateModified":"2025-06-28T11:43:49+00:00","description":"PH-C90 diisel-plaadipressur pakub suure m\u00f5juga ja odavat pinnase tihendamist ehitust\u00f6\u00f6del, k\u00f5nniteede parandamisel ja k\u00f5va pinnase ettevalmistamisel. Ehitatud pika t\u00f6\u00f6aja jaoks.","breadcrumb":{"@id":"https:\/\/www.hsymachinery.com\/product\/plate-compactor-ph-c90\/#breadcrumb"},"inLanguage":"et","potentialAction":[{"@type":"ReadAction","target":["https:\/\/www.hsymachinery.com\/product\/plate-compactor-ph-c90\/"]}]},{"@type":"ImageObject","inLanguage":"et","@id":"https:\/\/www.hsymachinery.com\/product\/plate-compactor-ph-c90\/#primaryimage","url":"https:\/\/www.hsymachinery.com\/wp-content\/uploads\/2025\/06\/Plate-Compactor-PH-C90-e1750237307839.jpg","contentUrl":"https:\/\/www.hsymachinery.com\/wp-content\/uploads\/2025\/06\/Plate-Compactor-PH-C90-e1750237307839.jpg","width":600,"height":600},{"@type":"BreadcrumbList","@id":"https:\/\/www.hsymachinery.com\/product\/plate-compactor-ph-c90\/#breadcrumb","itemListElement":[{"@type":"ListItem","position":1,"name":"home","item":"https:\/\/www.hsymachinery.com\/"},{"@type":"ListItem","position":2,"name":"products","item":"https:\/\/www.hsymachinery.com\/products\/"},{"@type":"ListItem","position":3,"name":"Plate Compactor PH-C90"}]},{"@type":"WebSite","@id":"https:\/\/www.hsymachinery.com\/#website","url":"https:\/\/www.hsymachinery.com\/","name":"HSY ehitusmasinad","description":"HSY Machinery - juhtiv Hiina ehitusmasinate tarnija, kes pakub laias valikus kerget ehitusseadmeid. Meie peamised tooted on Rebar Cutting Machine, Rebar Bending Machine, Rebar Stirrup Bending Machine, Rebar Arc Bending Machine, Rebar Straightening Machine, Five-Head Rebar Stirrup Bending Machine, Tamping Rammer, Plate Compactor, Betoon Cutter, Power Trowel ja muud ehitusmasinad. Oleme varustatud t\u00e4iustatud CNC-masinatega ja rakendame rangeid kvaliteedikontrolli standardeid koos tervikliku m\u00fc\u00fcgij\u00e4rgse teenindusega. Kui olete huvitatud meie toodetest v\u00f5i teenustest, ootame soojalt teie p\u00e4ringuid s\u00f5numi teel.","publisher":{"@id":"https:\/\/www.hsymachinery.com\/#organization"},"potentialAction":[{"@type":"SearchAction","target":{"@type":"EntryPoint","urlTemplate":"https:\/\/www.hsymachinery.com\/?s={search_term_string}"},"query-input":{"@type":"PropertyValueSpecification","valueRequired":true,"valueName":"search_term_string"}}],"inLanguage":"et"},{"@type":"Organization","@id":"https:\/\/www.hsymachinery.com\/#organization","name":"HSY ehitusmasinad","url":"https:\/\/www.hsymachinery.com\/","logo":{"@type":"ImageObject","inLanguage":"et","@id":"https:\/\/www.hsymachinery.com\/#\/schema\/logo\/image\/","url":"https:\/\/www.hsymachinery.com\/wp-content\/uploads\/2025\/06\/cropped-HSY-machinery.png","contentUrl":"https:\/\/www.hsymachinery.com\/wp-content\/uploads\/2025\/06\/cropped-HSY-machinery.png","width":600,"height":240,"caption":"HSY Construction Machinery"},"image":{"@id":"https:\/\/www.hsymachinery.com\/#\/schema\/logo\/image\/"}}]}},"_links":{"self":[{"href":"https:\/\/www.hsymachinery.com\/et\/wp-json\/wp\/v2\/product\/9106","targetHints":{"allow":["GET"]}}],"collection":[{"href":"https:\/\/www.hsymachinery.com\/et\/wp-json\/wp\/v2\/product"}],"about":[{"href":"https:\/\/www.hsymachinery.com\/et\/wp-json\/wp\/v2\/types\/product"}],"version-history":[{"count":3,"href":"https:\/\/www.hsymachinery.com\/et\/wp-json\/wp\/v2\/product\/9106\/revisions"}],"predecessor-version":[{"id":9529,"href":"https:\/\/www.hsymachinery.com\/et\/wp-json\/wp\/v2\/product\/9106\/revisions\/9529"}],"wp:featuredmedia":[{"embeddable":true,"href":"https:\/\/www.hsymachinery.com\/et\/wp-json\/wp\/v2\/media\/9111"}],"wp:attachment":[{"href":"https:\/\/www.hsymachinery.com\/et\/wp-json\/wp\/v2\/media?parent=9106"}],"wp:term":[{"taxonomy":"product_brand","embeddable":true,"href":"https:\/\/www.hsymachinery.com\/et\/wp-json\/wp\/v2\/product_brand?post=9106"},{"taxonomy":"product_cat","embeddable":true,"href":"https:\/\/www.hsymachinery.com\/et\/wp-json\/wp\/v2\/product_cat?post=9106"},{"taxonomy":"product_tag","embeddable":true,"href":"https:\/\/www.hsymachinery.com\/et\/wp-json\/wp\/v2\/product_tag?post=9106"}],"curies":[{"name":"wp","href":"https:\/\/api.w.org\/{rel}","templated":true}]}}