{"id":9094,"date":"2025-06-18T16:32:33","date_gmt":"2025-06-18T08:32:33","guid":{"rendered":"https:\/\/www.hsymachinery.com\/?post_type=product&#038;p=9094"},"modified":"2025-06-28T15:49:43","modified_gmt":"2025-06-28T07:49:43","slug":"tampimisvasarad-ch-c125","status":"publish","type":"product","link":"https:\/\/www.hsymachinery.com\/et\/toode\/tampimisvasarad-ch-c125\/","title":{"rendered":"Tampimisrammija CH-C125"},"content":{"rendered":"<h2 data-start=\"99\" data-end=\"129\">Tampimisrammija CH-C125<\/h2>\n<h3 data-start=\"130\" data-end=\"232\">CH-C125 Diisel-tampimisrammija | Raske pinnase tihendaja karmidele ehitusobjektidele ja kaugetele ehitusplatsidele<\/h3>\n<h3 data-start=\"239\" data-end=\"316\">Toote \u00fclevaade - vastupidav diiselmootor suure m\u00f5juga pinnase tihendamiseks<a href=\"https:\/\/www.hsymachinery.com\/et\/tooted\/tampimisvasaraga\/\" target=\"_blank\" rel=\"noopener\"><img fetchpriority=\"high\" decoding=\"async\" class=\"wp-image-9095 alignright\" src=\"https:\/\/www.hsymachinery.com\/wp-content\/uploads\/2025\/06\/Tamping-Rammer-CH-C125-300x300.jpg\" alt=\"\" width=\"472\" height=\"472\" srcset=\"https:\/\/www.hsymachinery.com\/wp-content\/uploads\/2025\/06\/Tamping-Rammer-CH-C125-300x300.jpg 300w, https:\/\/www.hsymachinery.com\/wp-content\/uploads\/2025\/06\/Tamping-Rammer-CH-C125-150x150.jpg 150w, https:\/\/www.hsymachinery.com\/wp-content\/uploads\/2025\/06\/Tamping-Rammer-CH-C125-768x768.jpg 768w, https:\/\/www.hsymachinery.com\/wp-content\/uploads\/2025\/06\/Tamping-Rammer-CH-C125-600x600.jpg 600w, https:\/\/www.hsymachinery.com\/wp-content\/uploads\/2025\/06\/Tamping-Rammer-CH-C125-100x100.jpg 100w, https:\/\/www.hsymachinery.com\/wp-content\/uploads\/2025\/06\/Tamping-Rammer-CH-C125.jpg 800w\" sizes=\"(max-width: 472px) 100vw, 472px\" \/><\/a><\/h3>\n<p data-start=\"318\" data-end=\"639\">The <strong data-start=\"322\" data-end=\"348\">CH-C125 Tamping Rammer<\/strong> on v\u00f5imsa diiselmootoriga, mis on loodud maksimaalse l\u00f6\u00f6gij\u00f5u ja erakordse p\u00f6\u00f6rdemomendi saavutamiseks n\u00f5udlikes ehituskeskkondades. See paiskeraamber on suurep\u00e4rane raske pinnase tihendamisel, teekatte ettevalmistamisel, torustike kraavide tagasit\u00e4itmisel ja suuremahulistel vundamendit\u00f6\u00f6del.<\/p>\n<p data-start=\"641\" data-end=\"817\">Selle diiselmootor pakub suurep\u00e4rast k\u00fctuses\u00e4\u00e4stlikkust ja on konstrueeritud pidevaks t\u00f6\u00f6ks sellistes rasketes tingimustes nagu tolm, niiskus ja muutuv k\u00f5rgus.<\/p>\n<h3 data-start=\"824\" data-end=\"890\">Vastupidav disain, t\u00f5hus j\u00f5udlus ja kasutajamugavus<\/h3>\n<p data-start=\"892\" data-end=\"1166\">Suure p\u00f6\u00f6rdemomendiga diiselmootoriga varustatud CH-C125 tagab stabiilse ja j\u00e4rjepideva tampimise tihedal pinnasel, nagu savi ja kruus. Masina tugevdatud tampimisplaat ja t\u00e4iustatud l\u00f6\u00f6gis\u00fcsteem v\u00e4hendavad operaatori v\u00e4simust ja mehaanilist kulumist.<\/p>\n<p data-start=\"1168\" data-end=\"1326\">Hooldust lihtsustavad kergesti ligip\u00e4\u00e4setavad hoolduspunktid ning diiselmootori vastupidavus tagab pikad hooldust\u00e4htajad isegi rasketes t\u00f6\u00f6platsi tingimustes.<\/p>\n<h3 data-start=\"1333\" data-end=\"1394\">Sobib ideaalselt kauge, raske ehitustehnika rakenduste jaoks<\/h3>\n<p data-start=\"1396\" data-end=\"1631\">T\u00e4nu diiselmootorile sobib CH-C125 ka v\u00f5rguv\u00e4listesse kohtadesse, kus elektrivarustus on piiratud. See t\u00f6\u00f6tab usaldusv\u00e4\u00e4rselt tee- ja kaevandamisobjektidel ning suuremahulistes tsiviilehitusprojektides.<\/p>\n<p data-start=\"1633\" data-end=\"1743\">Paiskuri kompaktsed m\u00f5\u00f5tmed ja liikuvus v\u00f5imaldavad t\u00f5husat t\u00f6\u00f6tamist isegi piiratud v\u00f5i keerulisel maastikul.<\/p>\n<h3 data-start=\"1750\" data-end=\"1801\">CH-C125 diisel-l\u00f6\u00f6kraameri peamised omadused<\/h3>\n<ul data-start=\"1803\" data-end=\"2087\">\n<li data-start=\"1803\" data-end=\"1865\">\n<p data-start=\"1805\" data-end=\"1865\">Diiselmootor suurep\u00e4rase p\u00f6\u00f6rdemomendi ja pikkade t\u00f6\u00f6tundide tagamiseks<\/p>\n<\/li>\n<li data-start=\"1866\" data-end=\"1922\">\n<p data-start=\"1868\" data-end=\"1922\">M\u00f5eldud raske, tiheda pinnase ja kruusa tihendamiseks.<\/p>\n<\/li>\n<li data-start=\"1923\" data-end=\"1975\">\n<p data-start=\"1925\" data-end=\"1975\">K\u00fctuses\u00e4\u00e4stlik ja v\u00e4heste hooldusn\u00f5uetega<\/p>\n<\/li>\n<li data-start=\"1976\" data-end=\"2028\">\n<p data-start=\"1978\" data-end=\"2028\">Vastupidav raam ja tamperplaat pikaajaliseks kasutamiseks<\/p>\n<\/li>\n<li data-start=\"2029\" data-end=\"2087\">\n<p data-start=\"2031\" data-end=\"2087\">Sobib kaugetes ja rasketes keskkonnatingimustes kasutamiseks<\/p>\n<\/li>\n<\/ul>\n<p><iframe title=\"tihendaja, tampermasin, tampermasin, plaat tihendaja, ehitus vibratsioon, tihendaja machine.#tamping\" width=\"720\" height=\"540\" src=\"https:\/\/www.youtube.com\/embed\/j8Nod6Mcz9w?feature=oembed\" frameborder=\"0\" allow=\"accelerometer; autoplay; clipboard-write; encrypted-media; gyroscope; picture-in-picture; web-share\" referrerpolicy=\"strict-origin-when-cross-origin\" allowfullscreen><\/iframe><\/p>","protected":false},"excerpt":{"rendered":"<p>CH-C125 diiselmootoriga tampermasin pakub v\u00f5imsat pinnase tihendamist koos k\u00fctuses\u00e4\u00e4stlikkusega. Sobib ideaalselt kaugemate t\u00f6\u00f6platside, raskete pinnaste ja pikkade t\u00f6\u00f6ts\u00fcklite jaoks.<\/p>","protected":false},"featured_media":9095,"template":"","meta":{"_kad_post_transparent":"default","_kad_post_title":"","_kad_post_layout":"default","_kad_post_sidebar_id":"","_kad_post_content_style":"default","_kad_post_vertical_padding":"default","_kad_post_feature":"","_kad_post_feature_position":"","_kad_post_header":false,"_kad_post_footer":false},"product_brand":[],"product_cat":[83],"product_tag":[1060,1057,1058,1059,1051,1052,1056,1053,1055,1054],"class_list":{"0":"post-9094","1":"product","2":"type-product","3":"status-publish","4":"has-post-thumbnail","6":"product_cat-tamping-rammer","7":"product_tag-backfill-compactor-machine","8":"product_tag-diesel-tamping-rammer","9":"product_tag-earth-tamping-machine","10":"product_tag-handheld-tamping-rammer","11":"product_tag-impact-rammer","12":"product_tag-jumping-jack-compactor","13":"product_tag-petrol-tamping-rammer","14":"product_tag-plate-tamping-rammer","15":"product_tag-soil-compaction-rammer","16":"product_tag-vibratory-tamping-rammer","18":"first","19":"instock","20":"shipping-taxable","21":"product-type-simple","22":"entry","23":"content-bg","24":"loop-entry"},"yoast_head":"<!-- This site is optimized with the Yoast SEO plugin v25.3.1 - https:\/\/yoast.com\/wordpress\/plugins\/seo\/ -->\n<title>Tamping Rammer CH-C125 - HSY Construction Machinery<\/title>\n<meta name=\"description\" content=\"CH-C125 Diesel Tamping Rammer provides heavy-duty soil compaction with robust diesel power. Perfect for remote construction, roadwork, and mining projects.\" \/>\n<meta name=\"robots\" content=\"index, follow, max-snippet:-1, max-image-preview:large, max-video-preview:-1\" \/>\n<link rel=\"canonical\" href=\"https:\/\/www.hsymachinery.com\/et\/toode\/tampimisvasarad-ch-c125\/\" \/>\n<meta property=\"og:locale\" content=\"et_EE\" \/>\n<meta property=\"og:type\" content=\"article\" \/>\n<meta property=\"og:title\" content=\"Tamping Rammer CH-C125 - HSY Construction Machinery\" \/>\n<meta property=\"og:description\" content=\"CH-C125 Diesel Tamping Rammer provides heavy-duty soil compaction with robust diesel power. Perfect for remote construction, roadwork, and mining projects.\" \/>\n<meta property=\"og:url\" content=\"https:\/\/www.hsymachinery.com\/et\/toode\/tampimisvasarad-ch-c125\/\" \/>\n<meta property=\"og:site_name\" content=\"HSY Construction Machinery\" \/>\n<meta property=\"article:modified_time\" content=\"2025-06-28T07:49:43+00:00\" \/>\n<meta property=\"og:image\" content=\"https:\/\/www.hsymachinery.com\/wp-content\/uploads\/2025\/06\/Tamping-Rammer-CH-C125.jpg\" \/>\n\t<meta property=\"og:image:width\" content=\"800\" \/>\n\t<meta property=\"og:image:height\" content=\"800\" \/>\n\t<meta property=\"og:image:type\" content=\"image\/jpeg\" \/>\n<meta name=\"twitter:card\" content=\"summary_large_image\" \/>\n<meta name=\"twitter:label1\" content=\"Est. reading time\" \/>\n\t<meta name=\"twitter:data1\" content=\"2 minutit\" \/>\n<script type=\"application\/ld+json\" class=\"yoast-schema-graph\">{\"@context\":\"https:\/\/schema.org\",\"@graph\":[{\"@type\":\"WebPage\",\"@id\":\"https:\/\/www.hsymachinery.com\/product\/tamping-rammer-ch-c125\/\",\"url\":\"https:\/\/www.hsymachinery.com\/product\/tamping-rammer-ch-c125\/\",\"name\":\"Tamping Rammer CH-C125 - HSY Construction Machinery\",\"isPartOf\":{\"@id\":\"https:\/\/www.hsymachinery.com\/#website\"},\"primaryImageOfPage\":{\"@id\":\"https:\/\/www.hsymachinery.com\/product\/tamping-rammer-ch-c125\/#primaryimage\"},\"image\":{\"@id\":\"https:\/\/www.hsymachinery.com\/product\/tamping-rammer-ch-c125\/#primaryimage\"},\"thumbnailUrl\":\"https:\/\/www.hsymachinery.com\/wp-content\/uploads\/2025\/06\/Tamping-Rammer-CH-C125.jpg\",\"datePublished\":\"2025-06-18T08:32:33+00:00\",\"dateModified\":\"2025-06-28T07:49:43+00:00\",\"description\":\"CH-C125 Diesel Tamping Rammer provides heavy-duty soil compaction with robust diesel power. Perfect for remote construction, roadwork, and mining projects.\",\"breadcrumb\":{\"@id\":\"https:\/\/www.hsymachinery.com\/product\/tamping-rammer-ch-c125\/#breadcrumb\"},\"inLanguage\":\"et\",\"potentialAction\":[{\"@type\":\"ReadAction\",\"target\":[\"https:\/\/www.hsymachinery.com\/product\/tamping-rammer-ch-c125\/\"]}]},{\"@type\":\"ImageObject\",\"inLanguage\":\"et\",\"@id\":\"https:\/\/www.hsymachinery.com\/product\/tamping-rammer-ch-c125\/#primaryimage\",\"url\":\"https:\/\/www.hsymachinery.com\/wp-content\/uploads\/2025\/06\/Tamping-Rammer-CH-C125.jpg\",\"contentUrl\":\"https:\/\/www.hsymachinery.com\/wp-content\/uploads\/2025\/06\/Tamping-Rammer-CH-C125.jpg\",\"width\":800,\"height\":800},{\"@type\":\"BreadcrumbList\",\"@id\":\"https:\/\/www.hsymachinery.com\/product\/tamping-rammer-ch-c125\/#breadcrumb\",\"itemListElement\":[{\"@type\":\"ListItem\",\"position\":1,\"name\":\"home\",\"item\":\"https:\/\/www.hsymachinery.com\/\"},{\"@type\":\"ListItem\",\"position\":2,\"name\":\"products\",\"item\":\"https:\/\/www.hsymachinery.com\/products\/\"},{\"@type\":\"ListItem\",\"position\":3,\"name\":\"Tamping Rammer CH-C125\"}]},{\"@type\":\"WebSite\",\"@id\":\"https:\/\/www.hsymachinery.com\/#website\",\"url\":\"https:\/\/www.hsymachinery.com\/\",\"name\":\"HSY Construction Machinery\",\"description\":\"HSY Machinery \u2013 A leading China construction machinery supplier, offering a wide range of light construction equipment. Our main products include Rebar Cutting Machine, Rebar Bending Machine, Rebar Stirrup Bending Machine, Rebar Arc Bending Machine, Rebar Straightening Machine, Five-Head Rebar Stirrup Bending Machine, Tamping Rammer, Plate Compactor, Concrete Cutter, Power Trowel, and other construction machinery. We are equipped with advanced CNC machines, and we enforce strict quality inspection standards along with comprehensive after-sales service. If you are interested in our products or services, we warmly welcome your inquiries via message.\",\"publisher\":{\"@id\":\"https:\/\/www.hsymachinery.com\/#organization\"},\"potentialAction\":[{\"@type\":\"SearchAction\",\"target\":{\"@type\":\"EntryPoint\",\"urlTemplate\":\"https:\/\/www.hsymachinery.com\/?s={search_term_string}\"},\"query-input\":{\"@type\":\"PropertyValueSpecification\",\"valueRequired\":true,\"valueName\":\"search_term_string\"}}],\"inLanguage\":\"et\"},{\"@type\":\"Organization\",\"@id\":\"https:\/\/www.hsymachinery.com\/#organization\",\"name\":\"HSY Construction Machinery\",\"url\":\"https:\/\/www.hsymachinery.com\/\",\"logo\":{\"@type\":\"ImageObject\",\"inLanguage\":\"et\",\"@id\":\"https:\/\/www.hsymachinery.com\/#\/schema\/logo\/image\/\",\"url\":\"https:\/\/www.hsymachinery.com\/wp-content\/uploads\/2025\/06\/cropped-HSY-machinery.png\",\"contentUrl\":\"https:\/\/www.hsymachinery.com\/wp-content\/uploads\/2025\/06\/cropped-HSY-machinery.png\",\"width\":600,\"height\":240,\"caption\":\"HSY Construction Machinery\"},\"image\":{\"@id\":\"https:\/\/www.hsymachinery.com\/#\/schema\/logo\/image\/\"}}]}<\/script>\n<!-- \/ Yoast SEO plugin. -->","yoast_head_json":{"title":"Tampimisrammija CH-C125 - HSY ehitusmasinad","description":"CH-C125 diisel-tampimisrammija tagab tugeva diiselmootoriga raske pinnase tihendamise. Sobib ideaalselt kaugeleulatuvate ehitus-, teede- ja kaevandusprojektide jaoks.","robots":{"index":"index","follow":"follow","max-snippet":"max-snippet:-1","max-image-preview":"max-image-preview:large","max-video-preview":"max-video-preview:-1"},"canonical":"https:\/\/www.hsymachinery.com\/et\/toode\/tampimisvasarad-ch-c125\/","og_locale":"et_EE","og_type":"article","og_title":"Tamping Rammer CH-C125 - HSY Construction Machinery","og_description":"CH-C125 Diesel Tamping Rammer provides heavy-duty soil compaction with robust diesel power. Perfect for remote construction, roadwork, and mining projects.","og_url":"https:\/\/www.hsymachinery.com\/et\/toode\/tampimisvasarad-ch-c125\/","og_site_name":"HSY Construction Machinery","article_modified_time":"2025-06-28T07:49:43+00:00","og_image":[{"width":800,"height":800,"url":"https:\/\/www.hsymachinery.com\/wp-content\/uploads\/2025\/06\/Tamping-Rammer-CH-C125.jpg","type":"image\/jpeg"}],"twitter_card":"summary_large_image","twitter_misc":{"Est. reading time":"2 minutit"},"schema":{"@context":"https:\/\/schema.org","@graph":[{"@type":"WebPage","@id":"https:\/\/www.hsymachinery.com\/product\/tamping-rammer-ch-c125\/","url":"https:\/\/www.hsymachinery.com\/product\/tamping-rammer-ch-c125\/","name":"Tampimisrammija CH-C125 - HSY ehitusmasinad","isPartOf":{"@id":"https:\/\/www.hsymachinery.com\/#website"},"primaryImageOfPage":{"@id":"https:\/\/www.hsymachinery.com\/product\/tamping-rammer-ch-c125\/#primaryimage"},"image":{"@id":"https:\/\/www.hsymachinery.com\/product\/tamping-rammer-ch-c125\/#primaryimage"},"thumbnailUrl":"https:\/\/www.hsymachinery.com\/wp-content\/uploads\/2025\/06\/Tamping-Rammer-CH-C125.jpg","datePublished":"2025-06-18T08:32:33+00:00","dateModified":"2025-06-28T07:49:43+00:00","description":"CH-C125 diisel-tampimisrammija tagab tugeva diiselmootoriga raske pinnase tihendamise. Sobib ideaalselt kaugeleulatuvate ehitus-, teede- ja kaevandusprojektide jaoks.","breadcrumb":{"@id":"https:\/\/www.hsymachinery.com\/product\/tamping-rammer-ch-c125\/#breadcrumb"},"inLanguage":"et","potentialAction":[{"@type":"ReadAction","target":["https:\/\/www.hsymachinery.com\/product\/tamping-rammer-ch-c125\/"]}]},{"@type":"ImageObject","inLanguage":"et","@id":"https:\/\/www.hsymachinery.com\/product\/tamping-rammer-ch-c125\/#primaryimage","url":"https:\/\/www.hsymachinery.com\/wp-content\/uploads\/2025\/06\/Tamping-Rammer-CH-C125.jpg","contentUrl":"https:\/\/www.hsymachinery.com\/wp-content\/uploads\/2025\/06\/Tamping-Rammer-CH-C125.jpg","width":800,"height":800},{"@type":"BreadcrumbList","@id":"https:\/\/www.hsymachinery.com\/product\/tamping-rammer-ch-c125\/#breadcrumb","itemListElement":[{"@type":"ListItem","position":1,"name":"home","item":"https:\/\/www.hsymachinery.com\/"},{"@type":"ListItem","position":2,"name":"products","item":"https:\/\/www.hsymachinery.com\/products\/"},{"@type":"ListItem","position":3,"name":"Tamping Rammer CH-C125"}]},{"@type":"WebSite","@id":"https:\/\/www.hsymachinery.com\/#website","url":"https:\/\/www.hsymachinery.com\/","name":"HSY ehitusmasinad","description":"HSY Machinery - juhtiv Hiina ehitusmasinate tarnija, kes pakub laias valikus kerget ehitusseadmeid. Meie peamised tooted on Rebar Cutting Machine, Rebar Bending Machine, Rebar Stirrup Bending Machine, Rebar Arc Bending Machine, Rebar Straightening Machine, Five-Head Rebar Stirrup Bending Machine, Tamping Rammer, Plate Compactor, Betoon Cutter, Power Trowel ja muud ehitusmasinad. Oleme varustatud t\u00e4iustatud CNC-masinatega ja rakendame rangeid kvaliteedikontrolli standardeid koos tervikliku m\u00fc\u00fcgij\u00e4rgse teenindusega. Kui olete huvitatud meie toodetest v\u00f5i teenustest, ootame soojalt teie p\u00e4ringuid s\u00f5numi teel.","publisher":{"@id":"https:\/\/www.hsymachinery.com\/#organization"},"potentialAction":[{"@type":"SearchAction","target":{"@type":"EntryPoint","urlTemplate":"https:\/\/www.hsymachinery.com\/?s={search_term_string}"},"query-input":{"@type":"PropertyValueSpecification","valueRequired":true,"valueName":"search_term_string"}}],"inLanguage":"et"},{"@type":"Organization","@id":"https:\/\/www.hsymachinery.com\/#organization","name":"HSY ehitusmasinad","url":"https:\/\/www.hsymachinery.com\/","logo":{"@type":"ImageObject","inLanguage":"et","@id":"https:\/\/www.hsymachinery.com\/#\/schema\/logo\/image\/","url":"https:\/\/www.hsymachinery.com\/wp-content\/uploads\/2025\/06\/cropped-HSY-machinery.png","contentUrl":"https:\/\/www.hsymachinery.com\/wp-content\/uploads\/2025\/06\/cropped-HSY-machinery.png","width":600,"height":240,"caption":"HSY Construction Machinery"},"image":{"@id":"https:\/\/www.hsymachinery.com\/#\/schema\/logo\/image\/"}}]}},"_links":{"self":[{"href":"https:\/\/www.hsymachinery.com\/et\/wp-json\/wp\/v2\/product\/9094","targetHints":{"allow":["GET"]}}],"collection":[{"href":"https:\/\/www.hsymachinery.com\/et\/wp-json\/wp\/v2\/product"}],"about":[{"href":"https:\/\/www.hsymachinery.com\/et\/wp-json\/wp\/v2\/types\/product"}],"version-history":[{"count":3,"href":"https:\/\/www.hsymachinery.com\/et\/wp-json\/wp\/v2\/product\/9094\/revisions"}],"predecessor-version":[{"id":9515,"href":"https:\/\/www.hsymachinery.com\/et\/wp-json\/wp\/v2\/product\/9094\/revisions\/9515"}],"wp:featuredmedia":[{"embeddable":true,"href":"https:\/\/www.hsymachinery.com\/et\/wp-json\/wp\/v2\/media\/9095"}],"wp:attachment":[{"href":"https:\/\/www.hsymachinery.com\/et\/wp-json\/wp\/v2\/media?parent=9094"}],"wp:term":[{"taxonomy":"product_brand","embeddable":true,"href":"https:\/\/www.hsymachinery.com\/et\/wp-json\/wp\/v2\/product_brand?post=9094"},{"taxonomy":"product_cat","embeddable":true,"href":"https:\/\/www.hsymachinery.com\/et\/wp-json\/wp\/v2\/product_cat?post=9094"},{"taxonomy":"product_tag","embeddable":true,"href":"https:\/\/www.hsymachinery.com\/et\/wp-json\/wp\/v2\/product_tag?post=9094"}],"curies":[{"name":"wp","href":"https:\/\/api.w.org\/{rel}","templated":true}]}}