{"id":9017,"date":"2025-06-18T14:20:41","date_gmt":"2025-06-18T06:20:41","guid":{"rendered":"https:\/\/www.hsymachinery.com\/?post_type=product&#038;p=9017"},"modified":"2025-06-28T00:27:56","modified_gmt":"2025-06-27T16:27:56","slug":"betoonvarraste-sirgendamismasin-gtu4-12b","status":"publish","type":"product","link":"https:\/\/www.hsymachinery.com\/et\/toode\/betoonvarraste-sirgendamismasin-gtu4-12b\/","title":{"rendered":"Raua sirgendamise masin GTU4-12B"},"content":{"rendered":"<h2 data-start=\"112\" data-end=\"156\">Raua sirgendamise masin GTU4-12B<\/h2>\n<h3 data-start=\"157\" data-end=\"288\">GTU4-12B terasvarraste sirgendamismasin 4-12mm Rebarile | Vastupidav Rebar Coil Straightener t\u00f6\u00f6stus- ja v\u00e4lit\u00f6\u00f6deks<\/h3>\n<h3 data-start=\"295\" data-end=\"379\">\u00dclevaade tootest - raskeveokite spiraalide sirgendamine j\u00e4rjepideva tootlikkusega<\/h3>\n<p data-start=\"381\" data-end=\"666\">The <strong data-start=\"385\" data-end=\"425\"><a href=\"https:\/\/www.hsymachinery.com\/et\/tooted\/sarrusvarda-sirgendamismasin\/\" target=\"_blank\" rel=\"noopener\">Rebar sirgendamise masin<\/a> GTU4-12B<\/strong> v\u00f5imaldab 4 mm kuni 12 mm paksuste terasvarraste suure j\u00f5udlusega sirgendamist. See on m\u00f5eldud keskmise ja suure koormusega kasutamiseks ning seda kasutatakse tavaliselt infrastruktuuri ehituses, teraset\u00f6\u00f6tlemisjaamades ja ekspordile suunatud betoonvarraste tehastes.<\/p>\n<p data-start=\"668\" data-end=\"804\">T\u00e4nu usaldusv\u00e4\u00e4rsele veos\u00fcsteemile ja vastupidavale teraskorpusele tagab see masin puhta ja sirge tulemuse ka n\u00f5udlikes t\u00f6\u00f6keskkondades.<\/p>\n<h3 data-start=\"811\" data-end=\"863\">K\u00f5rge p\u00f6\u00f6rdemomendi mootor ja t\u00e4ppisrullis\u00fcsteem<\/h3>\n<p data-start=\"865\" data-end=\"1202\">Saate h\u00f5lpsasti kohandada rullide paigutust ja pinget, et sobitada erinevaid terasvarraste suurusi. Tugev mootor tekitab piisava t\u00f5mbej\u00f5u, et sirgendada tihedaid, keerdunud spiraalvarraste sujuvalt ja kiiresti. Iga riba v\u00e4ljub masinast suure sirguse ja \u00fchtlusega, mis on valmis keevitamiseks, l\u00f5ikamiseks v\u00f5i kohapealseks kasutamiseks.<\/p>\n<p data-start=\"1204\" data-end=\"1356\">GTU4-12B-l on ka intelligentne kiiruse reguleerimiss\u00fcsteem, mis v\u00f5imaldab t\u00e4pset reguleerimist vastavalt materjali omadustele ja tootmismahule.<\/p>\n<h3 data-start=\"1363\" data-end=\"1415\">Ekspordivalmis struktuur kompaktse pindalaga<\/h3>\n<p data-start=\"1417\" data-end=\"1666\">Vaatamata oma tugevale raamile on GTU4-12B ruumikas disain, mis v\u00f5imaldab paindlikku paigutust v\u00e4ikestes t\u00f6\u00f6kodades v\u00f5i ehitusplatsidel. See t\u00f6\u00f6tab 220V v\u00f5i 380V (50Hz\/60Hz) pingel, pakkudes t\u00e4ielikku \u00fchilduvust rahvusvahelistele klientidele.<\/p>\n<p data-start=\"1668\" data-end=\"1791\">Selle vastupidav konstruktsioon koos \u00fclemaailmse pinge kohandatavusega muudab selle ideaalseks t\u00f6\u00f6v\u00f5tjatele, kes t\u00f6\u00f6tavad erinevates piirkondades.<\/p>\n<h3 data-start=\"1798\" data-end=\"1856\">Raua sirgendaja GTU4-12B p\u00f5hiomadused<\/h3>\n<ul data-start=\"1858\" data-end=\"2118\">\n<li data-start=\"1858\" data-end=\"1916\">\n<p data-start=\"1860\" data-end=\"1916\">Sirgendab 4-12mm spiraalide sarrustatud betoonitangid t\u00f5husalt ja usaldusv\u00e4\u00e4rselt<\/p>\n<\/li>\n<li data-start=\"1917\" data-end=\"1990\">\n<p data-start=\"1919\" data-end=\"1990\">Sobib terasetehaste, eksporditurgude ja t\u00f6\u00f6stuslike rakenduste jaoks.<\/p>\n<\/li>\n<li data-start=\"1991\" data-end=\"2053\">\n<p data-start=\"1993\" data-end=\"2053\">Stabiilne veoj\u00f5ud ja reguleeritavad rullid sirge v\u00e4ljundi saavutamiseks<\/p>\n<\/li>\n<li data-start=\"2054\" data-end=\"2118\">\n<p data-start=\"2056\" data-end=\"2118\">Kompaktne ja ekspordis\u00f5bralik disain, mis toetab kahte pinget<\/p>\n<\/li>\n<\/ul>\n<p><iframe title=\"1TP10Konstruktsioon 1TP10Konstruktsioonit\u00f6\u00f6line #rebarmasin #rebarl\u00f5ikur #rebarl\u00f5ikur #rebarl\u00f5ikur #rebar\" width=\"720\" height=\"405\" src=\"https:\/\/www.youtube.com\/embed\/iSdgJyeed00?feature=oembed\" frameborder=\"0\" allow=\"accelerometer; autoplay; clipboard-write; encrypted-media; gyroscope; picture-in-picture; web-share\" referrerpolicy=\"strict-origin-when-cross-origin\" allowfullscreen><\/iframe><\/p>","protected":false},"excerpt":{"rendered":"<p>GTU4-12B sirgendab 4-12 mm terasvarraste rullilt. See on ette n\u00e4htud v\u00e4litingimustes ja tehastes kasutamiseks ning pakub tugevat t\u00f5mbej\u00f5udu ja t\u00e4pset sirgendamist koos \u00fclemaailmse pinge\u00fchilduvusega.<\/p>","protected":false},"featured_media":9018,"template":"","meta":{"_kad_post_transparent":"default","_kad_post_title":"","_kad_post_layout":"default","_kad_post_sidebar_id":"","_kad_post_content_style":"default","_kad_post_vertical_padding":"default","_kad_post_feature":"","_kad_post_feature_position":"","_kad_post_header":false,"_kad_post_footer":false},"product_brand":[],"product_cat":[62],"product_tag":[1026,1028,1030,1031,1034,1027,1032,1025,1029,1033],"class_list":{"0":"post-9017","1":"product","2":"type-product","3":"status-publish","4":"has-post-thumbnail","6":"product_cat-rebar-straightening-machine","7":"product_tag-automatic-rebar-straightener","8":"product_tag-cnc-rebar-straightening-equipment","9":"product_tag-coiled-rebar-straightening-machine","10":"product_tag-construction-bar-straightening-machine","11":"product_tag-high-speed-rebar-straightening-tool","12":"product_tag-hydraulic-rebar-straightening-machine","13":"product_tag-rebar-leveling-and-cutting-machine","14":"product_tag-steel-bar-straightening-machine","15":"product_tag-steel-wire-straightener-and-cutter","16":"product_tag-straightening-machine-for-steel-rods","18":"first","19":"instock","20":"shipping-taxable","21":"product-type-simple","22":"entry","23":"content-bg","24":"loop-entry"},"yoast_head":"<!-- This site is optimized with the Yoast SEO plugin v25.3.1 - https:\/\/yoast.com\/wordpress\/plugins\/seo\/ -->\n<title>Rebar Straightening Machine GTU4-12B - HSY Construction Machinery<\/title>\n<meta name=\"description\" content=\"Rebar Straightening Machine GTU4-12B processes 4\u201312mm coil bars. Ideal for industrial and export use with high power, precision rollers, and compact size.\" \/>\n<meta name=\"robots\" content=\"index, follow, max-snippet:-1, max-image-preview:large, max-video-preview:-1\" \/>\n<link rel=\"canonical\" href=\"https:\/\/www.hsymachinery.com\/et\/toode\/betoonvarraste-sirgendamismasin-gtu4-12b\/\" \/>\n<meta property=\"og:locale\" content=\"et_EE\" \/>\n<meta property=\"og:type\" content=\"article\" \/>\n<meta property=\"og:title\" content=\"Rebar Straightening Machine GTU4-12B - HSY Construction Machinery\" \/>\n<meta property=\"og:description\" content=\"Rebar Straightening Machine GTU4-12B processes 4\u201312mm coil bars. Ideal for industrial and export use with high power, precision rollers, and compact size.\" \/>\n<meta property=\"og:url\" content=\"https:\/\/www.hsymachinery.com\/et\/toode\/betoonvarraste-sirgendamismasin-gtu4-12b\/\" \/>\n<meta property=\"og:site_name\" content=\"HSY Construction Machinery\" \/>\n<meta property=\"article:modified_time\" content=\"2025-06-27T16:27:56+00:00\" \/>\n<meta property=\"og:image\" content=\"https:\/\/www.hsymachinery.com\/wp-content\/uploads\/2025\/06\/Rebar-Straightening-Machine-GTU4-12B.jpg\" \/>\n\t<meta property=\"og:image:width\" content=\"600\" \/>\n\t<meta property=\"og:image:height\" content=\"600\" \/>\n\t<meta property=\"og:image:type\" content=\"image\/jpeg\" \/>\n<meta name=\"twitter:card\" content=\"summary_large_image\" \/>\n<meta name=\"twitter:label1\" content=\"Est. reading time\" \/>\n\t<meta name=\"twitter:data1\" content=\"2 minutit\" \/>\n<script type=\"application\/ld+json\" class=\"yoast-schema-graph\">{\"@context\":\"https:\/\/schema.org\",\"@graph\":[{\"@type\":\"WebPage\",\"@id\":\"https:\/\/www.hsymachinery.com\/product\/rebar-straightening-machine-gtu4-12b\/\",\"url\":\"https:\/\/www.hsymachinery.com\/product\/rebar-straightening-machine-gtu4-12b\/\",\"name\":\"Rebar Straightening Machine GTU4-12B - HSY Construction Machinery\",\"isPartOf\":{\"@id\":\"https:\/\/www.hsymachinery.com\/#website\"},\"primaryImageOfPage\":{\"@id\":\"https:\/\/www.hsymachinery.com\/product\/rebar-straightening-machine-gtu4-12b\/#primaryimage\"},\"image\":{\"@id\":\"https:\/\/www.hsymachinery.com\/product\/rebar-straightening-machine-gtu4-12b\/#primaryimage\"},\"thumbnailUrl\":\"https:\/\/www.hsymachinery.com\/wp-content\/uploads\/2025\/06\/Rebar-Straightening-Machine-GTU4-12B.jpg\",\"datePublished\":\"2025-06-18T06:20:41+00:00\",\"dateModified\":\"2025-06-27T16:27:56+00:00\",\"description\":\"Rebar Straightening Machine GTU4-12B processes 4\u201312mm coil bars. Ideal for industrial and export use with high power, precision rollers, and compact size.\",\"breadcrumb\":{\"@id\":\"https:\/\/www.hsymachinery.com\/product\/rebar-straightening-machine-gtu4-12b\/#breadcrumb\"},\"inLanguage\":\"et\",\"potentialAction\":[{\"@type\":\"ReadAction\",\"target\":[\"https:\/\/www.hsymachinery.com\/product\/rebar-straightening-machine-gtu4-12b\/\"]}]},{\"@type\":\"ImageObject\",\"inLanguage\":\"et\",\"@id\":\"https:\/\/www.hsymachinery.com\/product\/rebar-straightening-machine-gtu4-12b\/#primaryimage\",\"url\":\"https:\/\/www.hsymachinery.com\/wp-content\/uploads\/2025\/06\/Rebar-Straightening-Machine-GTU4-12B.jpg\",\"contentUrl\":\"https:\/\/www.hsymachinery.com\/wp-content\/uploads\/2025\/06\/Rebar-Straightening-Machine-GTU4-12B.jpg\",\"width\":600,\"height\":600},{\"@type\":\"BreadcrumbList\",\"@id\":\"https:\/\/www.hsymachinery.com\/product\/rebar-straightening-machine-gtu4-12b\/#breadcrumb\",\"itemListElement\":[{\"@type\":\"ListItem\",\"position\":1,\"name\":\"home\",\"item\":\"https:\/\/www.hsymachinery.com\/\"},{\"@type\":\"ListItem\",\"position\":2,\"name\":\"products\",\"item\":\"https:\/\/www.hsymachinery.com\/products\/\"},{\"@type\":\"ListItem\",\"position\":3,\"name\":\"Rebar Straightening Machine GTU4-12B\"}]},{\"@type\":\"WebSite\",\"@id\":\"https:\/\/www.hsymachinery.com\/#website\",\"url\":\"https:\/\/www.hsymachinery.com\/\",\"name\":\"HSY Construction Machinery\",\"description\":\"HSY Machinery \u2013 A leading China construction machinery supplier, offering a wide range of light construction equipment. Our main products include Rebar Cutting Machine, Rebar Bending Machine, Rebar Stirrup Bending Machine, Rebar Arc Bending Machine, Rebar Straightening Machine, Five-Head Rebar Stirrup Bending Machine, Tamping Rammer, Plate Compactor, Concrete Cutter, Power Trowel, and other construction machinery. We are equipped with advanced CNC machines, and we enforce strict quality inspection standards along with comprehensive after-sales service. If you are interested in our products or services, we warmly welcome your inquiries via message.\",\"publisher\":{\"@id\":\"https:\/\/www.hsymachinery.com\/#organization\"},\"potentialAction\":[{\"@type\":\"SearchAction\",\"target\":{\"@type\":\"EntryPoint\",\"urlTemplate\":\"https:\/\/www.hsymachinery.com\/?s={search_term_string}\"},\"query-input\":{\"@type\":\"PropertyValueSpecification\",\"valueRequired\":true,\"valueName\":\"search_term_string\"}}],\"inLanguage\":\"et\"},{\"@type\":\"Organization\",\"@id\":\"https:\/\/www.hsymachinery.com\/#organization\",\"name\":\"HSY Construction Machinery\",\"url\":\"https:\/\/www.hsymachinery.com\/\",\"logo\":{\"@type\":\"ImageObject\",\"inLanguage\":\"et\",\"@id\":\"https:\/\/www.hsymachinery.com\/#\/schema\/logo\/image\/\",\"url\":\"https:\/\/www.hsymachinery.com\/wp-content\/uploads\/2025\/06\/cropped-HSY-machinery.png\",\"contentUrl\":\"https:\/\/www.hsymachinery.com\/wp-content\/uploads\/2025\/06\/cropped-HSY-machinery.png\",\"width\":600,\"height\":240,\"caption\":\"HSY Construction Machinery\"},\"image\":{\"@id\":\"https:\/\/www.hsymachinery.com\/#\/schema\/logo\/image\/\"}}]}<\/script>\n<!-- \/ Yoast SEO plugin. -->","yoast_head_json":{"title":"Raua sirgendamise masin GTU4-12B - HSY ehitusmasinad","description":"Raua sirgendamismasin GTU4-12B t\u00f6\u00f6tleb 4-12 mm spiraalvarraste. Ideaalne t\u00f6\u00f6stuslikuks ja ekspordiks t\u00e4nu suurele v\u00f5imsusele, t\u00e4ppisrullidele ja kompaktsele suurusele.","robots":{"index":"index","follow":"follow","max-snippet":"max-snippet:-1","max-image-preview":"max-image-preview:large","max-video-preview":"max-video-preview:-1"},"canonical":"https:\/\/www.hsymachinery.com\/et\/toode\/betoonvarraste-sirgendamismasin-gtu4-12b\/","og_locale":"et_EE","og_type":"article","og_title":"Rebar Straightening Machine GTU4-12B - HSY Construction Machinery","og_description":"Rebar Straightening Machine GTU4-12B processes 4\u201312mm coil bars. Ideal for industrial and export use with high power, precision rollers, and compact size.","og_url":"https:\/\/www.hsymachinery.com\/et\/toode\/betoonvarraste-sirgendamismasin-gtu4-12b\/","og_site_name":"HSY Construction Machinery","article_modified_time":"2025-06-27T16:27:56+00:00","og_image":[{"width":600,"height":600,"url":"https:\/\/www.hsymachinery.com\/wp-content\/uploads\/2025\/06\/Rebar-Straightening-Machine-GTU4-12B.jpg","type":"image\/jpeg"}],"twitter_card":"summary_large_image","twitter_misc":{"Est. reading time":"2 minutit"},"schema":{"@context":"https:\/\/schema.org","@graph":[{"@type":"WebPage","@id":"https:\/\/www.hsymachinery.com\/product\/rebar-straightening-machine-gtu4-12b\/","url":"https:\/\/www.hsymachinery.com\/product\/rebar-straightening-machine-gtu4-12b\/","name":"Raua sirgendamise masin GTU4-12B - HSY ehitusmasinad","isPartOf":{"@id":"https:\/\/www.hsymachinery.com\/#website"},"primaryImageOfPage":{"@id":"https:\/\/www.hsymachinery.com\/product\/rebar-straightening-machine-gtu4-12b\/#primaryimage"},"image":{"@id":"https:\/\/www.hsymachinery.com\/product\/rebar-straightening-machine-gtu4-12b\/#primaryimage"},"thumbnailUrl":"https:\/\/www.hsymachinery.com\/wp-content\/uploads\/2025\/06\/Rebar-Straightening-Machine-GTU4-12B.jpg","datePublished":"2025-06-18T06:20:41+00:00","dateModified":"2025-06-27T16:27:56+00:00","description":"Raua sirgendamismasin GTU4-12B t\u00f6\u00f6tleb 4-12 mm spiraalvarraste. Ideaalne t\u00f6\u00f6stuslikuks ja ekspordiks t\u00e4nu suurele v\u00f5imsusele, t\u00e4ppisrullidele ja kompaktsele suurusele.","breadcrumb":{"@id":"https:\/\/www.hsymachinery.com\/product\/rebar-straightening-machine-gtu4-12b\/#breadcrumb"},"inLanguage":"et","potentialAction":[{"@type":"ReadAction","target":["https:\/\/www.hsymachinery.com\/product\/rebar-straightening-machine-gtu4-12b\/"]}]},{"@type":"ImageObject","inLanguage":"et","@id":"https:\/\/www.hsymachinery.com\/product\/rebar-straightening-machine-gtu4-12b\/#primaryimage","url":"https:\/\/www.hsymachinery.com\/wp-content\/uploads\/2025\/06\/Rebar-Straightening-Machine-GTU4-12B.jpg","contentUrl":"https:\/\/www.hsymachinery.com\/wp-content\/uploads\/2025\/06\/Rebar-Straightening-Machine-GTU4-12B.jpg","width":600,"height":600},{"@type":"BreadcrumbList","@id":"https:\/\/www.hsymachinery.com\/product\/rebar-straightening-machine-gtu4-12b\/#breadcrumb","itemListElement":[{"@type":"ListItem","position":1,"name":"home","item":"https:\/\/www.hsymachinery.com\/"},{"@type":"ListItem","position":2,"name":"products","item":"https:\/\/www.hsymachinery.com\/products\/"},{"@type":"ListItem","position":3,"name":"Rebar Straightening Machine GTU4-12B"}]},{"@type":"WebSite","@id":"https:\/\/www.hsymachinery.com\/#website","url":"https:\/\/www.hsymachinery.com\/","name":"HSY ehitusmasinad","description":"HSY Machinery - juhtiv Hiina ehitusmasinate tarnija, kes pakub laias valikus kerget ehitusseadmeid. Meie peamised tooted on Rebar Cutting Machine, Rebar Bending Machine, Rebar Stirrup Bending Machine, Rebar Arc Bending Machine, Rebar Straightening Machine, Five-Head Rebar Stirrup Bending Machine, Tamping Rammer, Plate Compactor, Betoon Cutter, Power Trowel ja muud ehitusmasinad. Oleme varustatud t\u00e4iustatud CNC-masinatega ja rakendame rangeid kvaliteedikontrolli standardeid koos tervikliku m\u00fc\u00fcgij\u00e4rgse teenindusega. Kui olete huvitatud meie toodetest v\u00f5i teenustest, ootame soojalt teie p\u00e4ringuid s\u00f5numi teel.","publisher":{"@id":"https:\/\/www.hsymachinery.com\/#organization"},"potentialAction":[{"@type":"SearchAction","target":{"@type":"EntryPoint","urlTemplate":"https:\/\/www.hsymachinery.com\/?s={search_term_string}"},"query-input":{"@type":"PropertyValueSpecification","valueRequired":true,"valueName":"search_term_string"}}],"inLanguage":"et"},{"@type":"Organization","@id":"https:\/\/www.hsymachinery.com\/#organization","name":"HSY ehitusmasinad","url":"https:\/\/www.hsymachinery.com\/","logo":{"@type":"ImageObject","inLanguage":"et","@id":"https:\/\/www.hsymachinery.com\/#\/schema\/logo\/image\/","url":"https:\/\/www.hsymachinery.com\/wp-content\/uploads\/2025\/06\/cropped-HSY-machinery.png","contentUrl":"https:\/\/www.hsymachinery.com\/wp-content\/uploads\/2025\/06\/cropped-HSY-machinery.png","width":600,"height":240,"caption":"HSY Construction Machinery"},"image":{"@id":"https:\/\/www.hsymachinery.com\/#\/schema\/logo\/image\/"}}]}},"_links":{"self":[{"href":"https:\/\/www.hsymachinery.com\/et\/wp-json\/wp\/v2\/product\/9017","targetHints":{"allow":["GET"]}}],"collection":[{"href":"https:\/\/www.hsymachinery.com\/et\/wp-json\/wp\/v2\/product"}],"about":[{"href":"https:\/\/www.hsymachinery.com\/et\/wp-json\/wp\/v2\/types\/product"}],"version-history":[{"count":3,"href":"https:\/\/www.hsymachinery.com\/et\/wp-json\/wp\/v2\/product\/9017\/revisions"}],"predecessor-version":[{"id":9439,"href":"https:\/\/www.hsymachinery.com\/et\/wp-json\/wp\/v2\/product\/9017\/revisions\/9439"}],"wp:featuredmedia":[{"embeddable":true,"href":"https:\/\/www.hsymachinery.com\/et\/wp-json\/wp\/v2\/media\/9018"}],"wp:attachment":[{"href":"https:\/\/www.hsymachinery.com\/et\/wp-json\/wp\/v2\/media?parent=9017"}],"wp:term":[{"taxonomy":"product_brand","embeddable":true,"href":"https:\/\/www.hsymachinery.com\/et\/wp-json\/wp\/v2\/product_brand?post=9017"},{"taxonomy":"product_cat","embeddable":true,"href":"https:\/\/www.hsymachinery.com\/et\/wp-json\/wp\/v2\/product_cat?post=9017"},{"taxonomy":"product_tag","embeddable":true,"href":"https:\/\/www.hsymachinery.com\/et\/wp-json\/wp\/v2\/product_tag?post=9017"}],"curies":[{"name":"wp","href":"https:\/\/api.w.org\/{rel}","templated":true}]}}