{"id":9010,"date":"2025-06-18T14:14:06","date_gmt":"2025-06-18T06:14:06","guid":{"rendered":"https:\/\/www.hsymachinery.com\/?post_type=product&#038;p=9010"},"modified":"2025-06-28T00:01:02","modified_gmt":"2025-06-27T16:01:02","slug":"betoonvarraste-sirgendamismasin-gtd4-12","status":"publish","type":"product","link":"https:\/\/www.hsymachinery.com\/et\/toode\/betoonvarraste-sirgendamismasin-gtd4-12\/","title":{"rendered":"Raua sirgendamise masin GTD4-12"},"content":{"rendered":"<h2 data-start=\"104\" data-end=\"147\">Raua sirgendamise masin GTD4-12<\/h2>\n<h3 data-start=\"148\" data-end=\"277\">GTD4-12 Raskeveokite sirgendaja 4-12 mm terasvarrastele | Kiirtehniline spiraalide sirgendamise seade t\u00f6\u00f6stusprojektide jaoks<\/h3>\n<h3 data-start=\"284\" data-end=\"363\">Toote\u00fclevaade - Kiire sirgendamine t\u00f6\u00f6stuslikele betoonitoorikutele<\/h3>\n<p data-start=\"365\" data-end=\"699\">The <strong data-start=\"369\" data-end=\"408\"><a href=\"https:\/\/www.hsymachinery.com\/et\/tooted\/sarrusvarda-sirgendamismasin\/\" target=\"_blank\" rel=\"noopener\">Rebar sirgendamise masin<\/a> GTD4-12<\/strong> on konstrueeritud nii, et see saab hakkama <strong data-start=\"433\" data-end=\"466\">4 mm kuni 12 mm keritud terasvardad<\/strong>, mis muudab selle ideaalseks t\u00f6\u00f6stuslikuks betoonit\u00f6\u00f6tluseks, kokkupanekutehasteks ja suuremahulisteks ehitust\u00f6\u00f6deks. See sirgendab armatuuri kiiresti ja t\u00e4pselt, v\u00e4hendades oluliselt k\u00e4sitsi tehtavat t\u00f6\u00f6d ja parandades samal ajal toodangu kvaliteeti.<\/p>\n<p data-start=\"701\" data-end=\"819\">T\u00f6\u00f6v\u00f5tjad valivad selle mudeli, kui neil on vaja kiireid ja j\u00e4rjepidevaid tulemusi keeratud terasest rasketes tingimustes.<\/p>\n<h3 data-start=\"826\" data-end=\"885\">Paksemate varraste sirgendamine stabiilsuse ja t\u00e4psusega<\/h3>\n<p data-start=\"887\" data-end=\"1135\">Saate GTD4-12 rulli asendit ja etteande pinget peenh\u00e4\u00e4lestada, et kohandada seda erinevate terasvarraste l\u00e4bim\u00f5\u00f5tudega. Selle tugevdatud mootoris\u00fcsteem tagab p\u00fcsiva j\u00f5u, mis v\u00f5imaldab sujuvat ja \u00fchtlast varda sirgendamist ka pikkade t\u00f6\u00f6ts\u00fcklite korral.<\/p>\n<p data-start=\"1137\" data-end=\"1323\">Reguleeritav kiiruse reguleerimine v\u00f5imaldab kohandada tootmisv\u00f5imsust igap\u00e4evase t\u00f6\u00f6koormusega, samas kui vibratsioonivastane konstruktsioon tagab stabiilse t\u00f6\u00f6 ja j\u00e4rjepideva joondamise.<\/p>\n<h3 data-start=\"1330\" data-end=\"1388\">Pidevaks kasutamiseks ja ekspordivalmiduse tagamiseks ehitatud vastupidavus<\/h3>\n<p data-start=\"1390\" data-end=\"1660\">GTD4-12 on valmistatud \u00fclitugevast terasest ja on m\u00f5eldud kasutamiseks rasketes tingimustes. See sisaldab kompaktset, kuid stabiilset alust, t\u00f6\u00f6stuslikke rattaid ja kahepingelist toites\u00fcsteemi (220V\/380V, 50Hz\/60Hz), mis teeb selle kasutamise erinevates piirkondades ja t\u00f6\u00f6kohtades lihtsaks.<\/p>\n<p data-start=\"1662\" data-end=\"1796\">Selle usaldusv\u00e4\u00e4rne sirgendamisv\u00f5ime ja ekspordik\u00f5lblik seadistus teevad sellest parima valiku rahvusvaheliste raudtee tarnijate ja t\u00f6\u00f6v\u00f5tjate jaoks.<\/p>\n<h3 data-start=\"1803\" data-end=\"1860\">Raua sirgendaja GTD4-12 p\u00f5hiomadused<\/h3>\n<ul data-start=\"1862\" data-end=\"2111\">\n<li data-start=\"1862\" data-end=\"1922\">\n<p data-start=\"1864\" data-end=\"1922\">Sirgendab 4-12 mm terasvarraste rullist suure tootlikkusega<\/p>\n<\/li>\n<li data-start=\"1923\" data-end=\"1997\">\n<p data-start=\"1925\" data-end=\"1997\">Optimeeritud kokkupanekuks, t\u00f6\u00f6stuslikuks tugevdamiseks ja ekspordiks.<\/p>\n<\/li>\n<li data-start=\"1998\" data-end=\"2056\">\n<p data-start=\"2000\" data-end=\"2056\">Reguleeritav rullis\u00fcsteem koos stabiilse s\u00f6\u00f6tmismehhanismiga<\/p>\n<\/li>\n<li data-start=\"2057\" data-end=\"2111\">\n<p data-start=\"2059\" data-end=\"2111\">Pinge valikud sobivad nii kohalikele kui ka globaalsetele projektidele<\/p>\n<\/li>\n<\/ul>\n<p><iframe title=\"1TP10Konstruktsioon #reiberpingi masin #reiberpingi painutamine #reiberpingil\u00f5ikur #reiberpingil\u00f5ikur #reiberpingi masin\" width=\"720\" height=\"405\" src=\"https:\/\/www.youtube.com\/embed\/YnqPtwSEoVw?feature=oembed\" frameborder=\"0\" allow=\"accelerometer; autoplay; clipboard-write; encrypted-media; gyroscope; picture-in-picture; web-share\" referrerpolicy=\"strict-origin-when-cross-origin\" allowfullscreen><\/iframe><\/p>","protected":false},"excerpt":{"rendered":"<p>GTD4-12 Rebar sirgendusmasin t\u00f6\u00f6tleb 4-12mm terasvarraste rullist. See pakub tugevat ja stabiilset j\u00f5udlust t\u00f6\u00f6stuslikuks t\u00f6\u00f6ks ning sobib rahvusvaheliseks kasutamiseks.<\/p>","protected":false},"featured_media":9011,"template":"","meta":{"_kad_post_transparent":"default","_kad_post_title":"","_kad_post_layout":"default","_kad_post_sidebar_id":"","_kad_post_content_style":"default","_kad_post_vertical_padding":"default","_kad_post_feature":"","_kad_post_feature_position":"","_kad_post_header":false,"_kad_post_footer":false},"product_brand":[],"product_cat":[62],"product_tag":[1026,1028,1030,1031,1034,1027,1032,1025,1029,1033],"class_list":{"0":"post-9010","1":"product","2":"type-product","3":"status-publish","4":"has-post-thumbnail","6":"product_cat-rebar-straightening-machine","7":"product_tag-automatic-rebar-straightener","8":"product_tag-cnc-rebar-straightening-equipment","9":"product_tag-coiled-rebar-straightening-machine","10":"product_tag-construction-bar-straightening-machine","11":"product_tag-high-speed-rebar-straightening-tool","12":"product_tag-hydraulic-rebar-straightening-machine","13":"product_tag-rebar-leveling-and-cutting-machine","14":"product_tag-steel-bar-straightening-machine","15":"product_tag-steel-wire-straightener-and-cutter","16":"product_tag-straightening-machine-for-steel-rods","18":"first","19":"instock","20":"shipping-taxable","21":"product-type-simple","22":"entry","23":"content-bg","24":"loop-entry"},"yoast_head":"<!-- This site is optimized with the Yoast SEO plugin v25.3.1 - https:\/\/yoast.com\/wordpress\/plugins\/seo\/ -->\n<title>Rebar Straightening Machine GTD4-12 - HSY Construction Machinery<\/title>\n<meta name=\"description\" content=\"Rebar Straightening Machine GTD4-12 handles 4\u201312mm bars with precision. Ideal for industrial projects and exports, with adjustable speed and voltage compatibility.\" \/>\n<meta name=\"robots\" content=\"index, follow, max-snippet:-1, max-image-preview:large, max-video-preview:-1\" \/>\n<link rel=\"canonical\" href=\"https:\/\/www.hsymachinery.com\/et\/toode\/betoonvarraste-sirgendamismasin-gtd4-12\/\" \/>\n<meta property=\"og:locale\" content=\"et_EE\" \/>\n<meta property=\"og:type\" content=\"article\" \/>\n<meta property=\"og:title\" content=\"Rebar Straightening Machine GTD4-12 - HSY Construction Machinery\" \/>\n<meta property=\"og:description\" content=\"Rebar Straightening Machine GTD4-12 handles 4\u201312mm bars with precision. Ideal for industrial projects and exports, with adjustable speed and voltage compatibility.\" \/>\n<meta property=\"og:url\" content=\"https:\/\/www.hsymachinery.com\/et\/toode\/betoonvarraste-sirgendamismasin-gtd4-12\/\" \/>\n<meta property=\"og:site_name\" content=\"HSY Construction Machinery\" \/>\n<meta property=\"article:modified_time\" content=\"2025-06-27T16:01:02+00:00\" \/>\n<meta property=\"og:image\" content=\"https:\/\/www.hsymachinery.com\/wp-content\/uploads\/2025\/06\/Rebar-Straightening-Machine-GTD4-12.jpg\" \/>\n\t<meta property=\"og:image:width\" content=\"600\" \/>\n\t<meta property=\"og:image:height\" content=\"600\" \/>\n\t<meta property=\"og:image:type\" content=\"image\/jpeg\" \/>\n<meta name=\"twitter:card\" content=\"summary_large_image\" \/>\n<meta name=\"twitter:label1\" content=\"Est. reading time\" \/>\n\t<meta name=\"twitter:data1\" content=\"2 minutit\" \/>\n<script type=\"application\/ld+json\" class=\"yoast-schema-graph\">{\"@context\":\"https:\/\/schema.org\",\"@graph\":[{\"@type\":\"WebPage\",\"@id\":\"https:\/\/www.hsymachinery.com\/product\/rebar-straightening-machine-gtd4-12\/\",\"url\":\"https:\/\/www.hsymachinery.com\/product\/rebar-straightening-machine-gtd4-12\/\",\"name\":\"Rebar Straightening Machine GTD4-12 - HSY Construction Machinery\",\"isPartOf\":{\"@id\":\"https:\/\/www.hsymachinery.com\/#website\"},\"primaryImageOfPage\":{\"@id\":\"https:\/\/www.hsymachinery.com\/product\/rebar-straightening-machine-gtd4-12\/#primaryimage\"},\"image\":{\"@id\":\"https:\/\/www.hsymachinery.com\/product\/rebar-straightening-machine-gtd4-12\/#primaryimage\"},\"thumbnailUrl\":\"https:\/\/www.hsymachinery.com\/wp-content\/uploads\/2025\/06\/Rebar-Straightening-Machine-GTD4-12.jpg\",\"datePublished\":\"2025-06-18T06:14:06+00:00\",\"dateModified\":\"2025-06-27T16:01:02+00:00\",\"description\":\"Rebar Straightening Machine GTD4-12 handles 4\u201312mm bars with precision. Ideal for industrial projects and exports, with adjustable speed and voltage compatibility.\",\"breadcrumb\":{\"@id\":\"https:\/\/www.hsymachinery.com\/product\/rebar-straightening-machine-gtd4-12\/#breadcrumb\"},\"inLanguage\":\"et\",\"potentialAction\":[{\"@type\":\"ReadAction\",\"target\":[\"https:\/\/www.hsymachinery.com\/product\/rebar-straightening-machine-gtd4-12\/\"]}]},{\"@type\":\"ImageObject\",\"inLanguage\":\"et\",\"@id\":\"https:\/\/www.hsymachinery.com\/product\/rebar-straightening-machine-gtd4-12\/#primaryimage\",\"url\":\"https:\/\/www.hsymachinery.com\/wp-content\/uploads\/2025\/06\/Rebar-Straightening-Machine-GTD4-12.jpg\",\"contentUrl\":\"https:\/\/www.hsymachinery.com\/wp-content\/uploads\/2025\/06\/Rebar-Straightening-Machine-GTD4-12.jpg\",\"width\":600,\"height\":600},{\"@type\":\"BreadcrumbList\",\"@id\":\"https:\/\/www.hsymachinery.com\/product\/rebar-straightening-machine-gtd4-12\/#breadcrumb\",\"itemListElement\":[{\"@type\":\"ListItem\",\"position\":1,\"name\":\"home\",\"item\":\"https:\/\/www.hsymachinery.com\/\"},{\"@type\":\"ListItem\",\"position\":2,\"name\":\"products\",\"item\":\"https:\/\/www.hsymachinery.com\/products\/\"},{\"@type\":\"ListItem\",\"position\":3,\"name\":\"Rebar Straightening Machine GTD4-12\"}]},{\"@type\":\"WebSite\",\"@id\":\"https:\/\/www.hsymachinery.com\/#website\",\"url\":\"https:\/\/www.hsymachinery.com\/\",\"name\":\"HSY Construction Machinery\",\"description\":\"HSY Machinery \u2013 A leading China construction machinery supplier, offering a wide range of light construction equipment. Our main products include Rebar Cutting Machine, Rebar Bending Machine, Rebar Stirrup Bending Machine, Rebar Arc Bending Machine, Rebar Straightening Machine, Five-Head Rebar Stirrup Bending Machine, Tamping Rammer, Plate Compactor, Concrete Cutter, Power Trowel, and other construction machinery. We are equipped with advanced CNC machines, and we enforce strict quality inspection standards along with comprehensive after-sales service. If you are interested in our products or services, we warmly welcome your inquiries via message.\",\"publisher\":{\"@id\":\"https:\/\/www.hsymachinery.com\/#organization\"},\"potentialAction\":[{\"@type\":\"SearchAction\",\"target\":{\"@type\":\"EntryPoint\",\"urlTemplate\":\"https:\/\/www.hsymachinery.com\/?s={search_term_string}\"},\"query-input\":{\"@type\":\"PropertyValueSpecification\",\"valueRequired\":true,\"valueName\":\"search_term_string\"}}],\"inLanguage\":\"et\"},{\"@type\":\"Organization\",\"@id\":\"https:\/\/www.hsymachinery.com\/#organization\",\"name\":\"HSY Construction Machinery\",\"url\":\"https:\/\/www.hsymachinery.com\/\",\"logo\":{\"@type\":\"ImageObject\",\"inLanguage\":\"et\",\"@id\":\"https:\/\/www.hsymachinery.com\/#\/schema\/logo\/image\/\",\"url\":\"https:\/\/www.hsymachinery.com\/wp-content\/uploads\/2025\/06\/cropped-HSY-machinery.png\",\"contentUrl\":\"https:\/\/www.hsymachinery.com\/wp-content\/uploads\/2025\/06\/cropped-HSY-machinery.png\",\"width\":600,\"height\":240,\"caption\":\"HSY Construction Machinery\"},\"image\":{\"@id\":\"https:\/\/www.hsymachinery.com\/#\/schema\/logo\/image\/\"}}]}<\/script>\n<!-- \/ Yoast SEO plugin. -->","yoast_head_json":{"title":"Raua sirgendamise masin GTD4-12 - HSY ehitusmasinad","description":"Raua sirgendamismasin GTD4-12 t\u00f6\u00f6tleb t\u00e4pselt 4-12 mm varraste. Ideaalne t\u00f6\u00f6stuslikeks projektideks ja ekspordiks, reguleeritava kiiruse ja pinge \u00fchilduvusega.","robots":{"index":"index","follow":"follow","max-snippet":"max-snippet:-1","max-image-preview":"max-image-preview:large","max-video-preview":"max-video-preview:-1"},"canonical":"https:\/\/www.hsymachinery.com\/et\/toode\/betoonvarraste-sirgendamismasin-gtd4-12\/","og_locale":"et_EE","og_type":"article","og_title":"Rebar Straightening Machine GTD4-12 - HSY Construction Machinery","og_description":"Rebar Straightening Machine GTD4-12 handles 4\u201312mm bars with precision. Ideal for industrial projects and exports, with adjustable speed and voltage compatibility.","og_url":"https:\/\/www.hsymachinery.com\/et\/toode\/betoonvarraste-sirgendamismasin-gtd4-12\/","og_site_name":"HSY Construction Machinery","article_modified_time":"2025-06-27T16:01:02+00:00","og_image":[{"width":600,"height":600,"url":"https:\/\/www.hsymachinery.com\/wp-content\/uploads\/2025\/06\/Rebar-Straightening-Machine-GTD4-12.jpg","type":"image\/jpeg"}],"twitter_card":"summary_large_image","twitter_misc":{"Est. reading time":"2 minutit"},"schema":{"@context":"https:\/\/schema.org","@graph":[{"@type":"WebPage","@id":"https:\/\/www.hsymachinery.com\/product\/rebar-straightening-machine-gtd4-12\/","url":"https:\/\/www.hsymachinery.com\/product\/rebar-straightening-machine-gtd4-12\/","name":"Raua sirgendamise masin GTD4-12 - HSY ehitusmasinad","isPartOf":{"@id":"https:\/\/www.hsymachinery.com\/#website"},"primaryImageOfPage":{"@id":"https:\/\/www.hsymachinery.com\/product\/rebar-straightening-machine-gtd4-12\/#primaryimage"},"image":{"@id":"https:\/\/www.hsymachinery.com\/product\/rebar-straightening-machine-gtd4-12\/#primaryimage"},"thumbnailUrl":"https:\/\/www.hsymachinery.com\/wp-content\/uploads\/2025\/06\/Rebar-Straightening-Machine-GTD4-12.jpg","datePublished":"2025-06-18T06:14:06+00:00","dateModified":"2025-06-27T16:01:02+00:00","description":"Raua sirgendamismasin GTD4-12 t\u00f6\u00f6tleb t\u00e4pselt 4-12 mm varraste. Ideaalne t\u00f6\u00f6stuslikeks projektideks ja ekspordiks, reguleeritava kiiruse ja pinge \u00fchilduvusega.","breadcrumb":{"@id":"https:\/\/www.hsymachinery.com\/product\/rebar-straightening-machine-gtd4-12\/#breadcrumb"},"inLanguage":"et","potentialAction":[{"@type":"ReadAction","target":["https:\/\/www.hsymachinery.com\/product\/rebar-straightening-machine-gtd4-12\/"]}]},{"@type":"ImageObject","inLanguage":"et","@id":"https:\/\/www.hsymachinery.com\/product\/rebar-straightening-machine-gtd4-12\/#primaryimage","url":"https:\/\/www.hsymachinery.com\/wp-content\/uploads\/2025\/06\/Rebar-Straightening-Machine-GTD4-12.jpg","contentUrl":"https:\/\/www.hsymachinery.com\/wp-content\/uploads\/2025\/06\/Rebar-Straightening-Machine-GTD4-12.jpg","width":600,"height":600},{"@type":"BreadcrumbList","@id":"https:\/\/www.hsymachinery.com\/product\/rebar-straightening-machine-gtd4-12\/#breadcrumb","itemListElement":[{"@type":"ListItem","position":1,"name":"home","item":"https:\/\/www.hsymachinery.com\/"},{"@type":"ListItem","position":2,"name":"products","item":"https:\/\/www.hsymachinery.com\/products\/"},{"@type":"ListItem","position":3,"name":"Rebar Straightening Machine GTD4-12"}]},{"@type":"WebSite","@id":"https:\/\/www.hsymachinery.com\/#website","url":"https:\/\/www.hsymachinery.com\/","name":"HSY ehitusmasinad","description":"HSY Machinery - juhtiv Hiina ehitusmasinate tarnija, kes pakub laias valikus kerget ehitusseadmeid. Meie peamised tooted on Rebar Cutting Machine, Rebar Bending Machine, Rebar Stirrup Bending Machine, Rebar Arc Bending Machine, Rebar Straightening Machine, Five-Head Rebar Stirrup Bending Machine, Tamping Rammer, Plate Compactor, Betoon Cutter, Power Trowel ja muud ehitusmasinad. Oleme varustatud t\u00e4iustatud CNC-masinatega ja rakendame rangeid kvaliteedikontrolli standardeid koos tervikliku m\u00fc\u00fcgij\u00e4rgse teenindusega. Kui olete huvitatud meie toodetest v\u00f5i teenustest, ootame soojalt teie p\u00e4ringuid s\u00f5numi teel.","publisher":{"@id":"https:\/\/www.hsymachinery.com\/#organization"},"potentialAction":[{"@type":"SearchAction","target":{"@type":"EntryPoint","urlTemplate":"https:\/\/www.hsymachinery.com\/?s={search_term_string}"},"query-input":{"@type":"PropertyValueSpecification","valueRequired":true,"valueName":"search_term_string"}}],"inLanguage":"et"},{"@type":"Organization","@id":"https:\/\/www.hsymachinery.com\/#organization","name":"HSY ehitusmasinad","url":"https:\/\/www.hsymachinery.com\/","logo":{"@type":"ImageObject","inLanguage":"et","@id":"https:\/\/www.hsymachinery.com\/#\/schema\/logo\/image\/","url":"https:\/\/www.hsymachinery.com\/wp-content\/uploads\/2025\/06\/cropped-HSY-machinery.png","contentUrl":"https:\/\/www.hsymachinery.com\/wp-content\/uploads\/2025\/06\/cropped-HSY-machinery.png","width":600,"height":240,"caption":"HSY Construction Machinery"},"image":{"@id":"https:\/\/www.hsymachinery.com\/#\/schema\/logo\/image\/"}}]}},"_links":{"self":[{"href":"https:\/\/www.hsymachinery.com\/et\/wp-json\/wp\/v2\/product\/9010","targetHints":{"allow":["GET"]}}],"collection":[{"href":"https:\/\/www.hsymachinery.com\/et\/wp-json\/wp\/v2\/product"}],"about":[{"href":"https:\/\/www.hsymachinery.com\/et\/wp-json\/wp\/v2\/types\/product"}],"version-history":[{"count":3,"href":"https:\/\/www.hsymachinery.com\/et\/wp-json\/wp\/v2\/product\/9010\/revisions"}],"predecessor-version":[{"id":9430,"href":"https:\/\/www.hsymachinery.com\/et\/wp-json\/wp\/v2\/product\/9010\/revisions\/9430"}],"wp:featuredmedia":[{"embeddable":true,"href":"https:\/\/www.hsymachinery.com\/et\/wp-json\/wp\/v2\/media\/9011"}],"wp:attachment":[{"href":"https:\/\/www.hsymachinery.com\/et\/wp-json\/wp\/v2\/media?parent=9010"}],"wp:term":[{"taxonomy":"product_brand","embeddable":true,"href":"https:\/\/www.hsymachinery.com\/et\/wp-json\/wp\/v2\/product_brand?post=9010"},{"taxonomy":"product_cat","embeddable":true,"href":"https:\/\/www.hsymachinery.com\/et\/wp-json\/wp\/v2\/product_cat?post=9010"},{"taxonomy":"product_tag","embeddable":true,"href":"https:\/\/www.hsymachinery.com\/et\/wp-json\/wp\/v2\/product_tag?post=9010"}],"curies":[{"name":"wp","href":"https:\/\/api.w.org\/{rel}","templated":true}]}}