{"id":8965,"date":"2025-06-18T12:09:00","date_gmt":"2025-06-18T04:09:00","guid":{"rendered":"https:\/\/www.hsymachinery.com\/?post_type=product&#038;p=8965"},"modified":"2025-06-27T17:54:45","modified_gmt":"2025-06-27T09:54:45","slug":"trellide-painutusmasin-gf28","status":"publish","type":"product","link":"https:\/\/www.hsymachinery.com\/et\/toode\/trellide-painutusmasin-gf28\/","title":{"rendered":"Rebar Stirrup Bending Machine GF28"},"content":{"rendered":"<h2 data-start=\"100\" data-end=\"142\">Rebar Stirrup Bending Machine GF28<\/h2>\n<h3 data-start=\"143\" data-end=\"263\">Raskeveokite painutaja 6-22mm Rebar | Precision Rebar Stirrup Bending Machine GF28 betooni tugevdamiseks<\/h3>\n<h3 data-start=\"270\" data-end=\"362\">\u00a0Toote \u00fclevaade - Usaldusv\u00e4\u00e4rne trellide ja plaatide tugevdamiseks kasutatav trellide vormimisseade<\/h3>\n<p data-start=\"364\" data-end=\"678\">The <strong data-start=\"368\" data-end=\"406\"><a href=\"https:\/\/www.hsymachinery.com\/et\/tooted\/sarrusetangide-painutusmasin\/\" target=\"_blank\" rel=\"noopener\">Rebar Stirrup painutamine masin<\/a> GF28<\/strong> pakub kiiret, usaldusv\u00e4\u00e4rset ja j\u00e4rjepidevat meetodit 6 mm kuni 25 mm paksuste sarrusvarraste painutamiseks. See masin on m\u00f5eldud raskete t\u00f6\u00f6de jaoks ja seda kasutatakse laialdaselt infrastruktuuri ehitamisel, k\u00f5rghoonete projektides ja kokkupandava terase t\u00f6\u00f6tlemisel.<\/p>\n<p data-start=\"680\" data-end=\"826\">T\u00e4nu oma tugevale konstruktsioonile, suure v\u00f5imsusega mootorile ja lihtsale juhtimisele on GF28 ideaalne talade, sammaste ja plaatide jaoks vajalike trellide valmistamiseks.<\/p>\n<h3 data-start=\"833\" data-end=\"876\">Sujuv painutamine t\u00f6\u00f6stusliku v\u00f5imsusega<\/h3>\n<p data-start=\"878\" data-end=\"1247\">The <strong data-start=\"882\" data-end=\"905\">GF28 kangi painutaja<\/strong> omab suure t\u00e4psusega ketass\u00fcsteemi ja kahekordset nurgap\u00fc\u00fcdjat, mis aitavad kujundada t\u00e4pseid kangi kujundeid minimaalse vaevaga. Olenemata sellest, kas tegemist on ruudu-, ristk\u00fcliku- v\u00f5i hulknurga kujuga, saavad operaatorid saavutada korratava nurgakontrolli kuni 180\u00b0. V\u00f5imas vasktuumaga mootor tagab \u00fchtlase, katkematu p\u00f6\u00f6rdemomendi pikemaajalise t\u00f6\u00f6 ajal.<\/p>\n<p data-start=\"1249\" data-end=\"1414\">Hermeetiline, \u00f5liga m\u00e4\u00e4ritud k\u00e4igukast v\u00e4hendab m\u00fcra ja kaitseb sisemisi komponente, samas kui k\u00e4sitsi v\u00f5i jalgpedaaliga juhtimine annab kasutajatele t\u00e4ieliku paindlikkuse ja ohutuse.<\/p>\n<h3 data-start=\"1421\" data-end=\"1464\">Ehitatud globaalsete t\u00f6\u00f6kohtade t\u00e4itmiseks<\/h3>\n<p data-start=\"1466\" data-end=\"1782\">Tugevdatud terasest valmistatud GF28 on vastupidav vibratsioonile ja k\u00f5rge p\u00f6\u00f6rdemomendi survele. Selle t\u00f6\u00f6stuslikud liikuvusrattad toetavad \u00fcmberpaigutamist t\u00f6\u00f6piirkondades ning pingevariandid (220V\/380V, 50Hz\/60Hz) muudavad selle \u00fchilduvaks Aasia, L\u00e4his-Ida, Aafrika ja L\u00f5una-Ameerika energiastandarditega.<\/p>\n<p data-start=\"1784\" data-end=\"1902\">T\u00e4nu k\u00f5rgele t\u00f5hususele ja lihtsale \u00f5ppimisele aitab GF28 v\u00e4hendada t\u00f6\u00f6j\u00f5ukulusid, suurendades samal ajal tootlikkust.<\/p>\n<h3 data-start=\"1909\" data-end=\"1965\">Rebar Stirrup Bender GF28 p\u00f5hiomadused<\/h3>\n<ul data-start=\"1967\" data-end=\"2218\">\n<li data-start=\"1967\" data-end=\"2026\">\n<p data-start=\"1969\" data-end=\"2026\">Vormib 6-25 mm terasvarraste puhtate nurkadega kangideks<\/p>\n<\/li>\n<li data-start=\"2027\" data-end=\"2095\">\n<p data-start=\"2029\" data-end=\"2095\">Vastupidav k\u00e4igukast, t\u00f6\u00f6stuslik mootor ja vibratsioonikindel raam<\/p>\n<\/li>\n<li data-start=\"2096\" data-end=\"2152\">\n<p data-start=\"2098\" data-end=\"2152\">Kaksikjuhtimiss\u00fcsteem: jalgpedaal ja k\u00e4sitsi juhtimine<\/p>\n<\/li>\n<li data-start=\"2153\" data-end=\"2218\">\n<p data-start=\"2155\" data-end=\"2218\">Pinge kohandamine ekspordiks ja rahvusvaheliseks kasutuselev\u00f5tuks<\/p>\n<\/li>\n<\/ul>\n<p><iframe title=\"1TP10Konstruktsioon 1TP10Konstruktsioonit\u00f6\u00f6line #rebarmachine #rebarbender #rebarbender #rebarbending #rebarbending\" width=\"720\" height=\"405\" src=\"https:\/\/www.youtube.com\/embed\/lK_ZDXYgtu0?feature=oembed\" frameborder=\"0\" allow=\"accelerometer; autoplay; clipboard-write; encrypted-media; gyroscope; picture-in-picture; web-share\" referrerpolicy=\"strict-origin-when-cross-origin\" allowfullscreen><\/iframe><\/p>","protected":false},"excerpt":{"rendered":"<p data-start=\"2258\" data-end=\"2438\">GF28 Rebar Stirrup Bending Machine painutab 6-25mm betoonvarraste ehituse tarbeks. T\u00e4nu v\u00f5imsale mootorile ja tugevale raamile t\u00f6\u00f6tab see usaldusv\u00e4\u00e4rselt ka rasketes tingimustes.<\/p>","protected":false},"featured_media":8966,"template":"","meta":{"_kad_post_transparent":"default","_kad_post_title":"","_kad_post_layout":"default","_kad_post_sidebar_id":"","_kad_post_content_style":"default","_kad_post_vertical_padding":"default","_kad_post_feature":"","_kad_post_feature_position":"","_kad_post_header":false,"_kad_post_footer":false},"product_brand":[],"product_cat":[46],"product_tag":[1005,1006,1010,1008,1009,1013,1012,1014,1007,1011],"class_list":{"0":"post-8965","1":"product","2":"type-product","3":"status-publish","4":"has-post-thumbnail","6":"product_cat-rebar-stirrup-bending-machine","7":"product_tag-automatic-stirrup-bending-machine","8":"product_tag-cnc-rebar-stirrup-bender","9":"product_tag-hydraulic-stirrup-bender","10":"product_tag-rebar-stirrup-bender-machine","11":"product_tag-steel-stirrup-bending-machine","12":"product_tag-stirrup-bender-for-construction","13":"product_tag-stirrup-bending-equipment","14":"product_tag-stirrup-bending-machine-price","15":"product_tag-stirrup-making-machine","16":"product_tag-wire-stirrup-bending-machine","18":"first","19":"instock","20":"featured","21":"shipping-taxable","22":"product-type-simple","23":"entry","24":"content-bg","25":"loop-entry"},"yoast_head":"<!-- This site is optimized with the Yoast SEO plugin v25.3.1 - https:\/\/yoast.com\/wordpress\/plugins\/seo\/ -->\n<title>Rebar Stirrup Bending Machine GF28 - HSY Construction Machinery<\/title>\n<meta name=\"description\" content=\"Rebar Stirrup Bending Machine GF28 bends 6\u201325mm bars into stirrups with speed and precision. Heavy-duty, export-ready, and ideal for beam and slab reinforcement.\" \/>\n<meta name=\"robots\" content=\"index, follow, max-snippet:-1, max-image-preview:large, max-video-preview:-1\" \/>\n<link rel=\"canonical\" href=\"https:\/\/www.hsymachinery.com\/et\/toode\/trellide-painutusmasin-gf28\/\" \/>\n<meta property=\"og:locale\" content=\"et_EE\" \/>\n<meta property=\"og:type\" content=\"article\" \/>\n<meta property=\"og:title\" content=\"Rebar Stirrup Bending Machine GF28 - HSY Construction Machinery\" \/>\n<meta property=\"og:description\" content=\"Rebar Stirrup Bending Machine GF28 bends 6\u201325mm bars into stirrups with speed and precision. Heavy-duty, export-ready, and ideal for beam and slab reinforcement.\" \/>\n<meta property=\"og:url\" content=\"https:\/\/www.hsymachinery.com\/et\/toode\/trellide-painutusmasin-gf28\/\" \/>\n<meta property=\"og:site_name\" content=\"HSY Construction Machinery\" \/>\n<meta property=\"article:modified_time\" content=\"2025-06-27T09:54:45+00:00\" \/>\n<meta property=\"og:image\" content=\"https:\/\/www.hsymachinery.com\/wp-content\/uploads\/2025\/06\/Rebar-Stirrup-Bending-Machine-GF28.jpg\" \/>\n\t<meta property=\"og:image:width\" content=\"600\" \/>\n\t<meta property=\"og:image:height\" content=\"600\" \/>\n\t<meta property=\"og:image:type\" content=\"image\/jpeg\" \/>\n<meta name=\"twitter:card\" content=\"summary_large_image\" \/>\n<meta name=\"twitter:label1\" content=\"Est. reading time\" \/>\n\t<meta name=\"twitter:data1\" content=\"2 minutit\" \/>\n<script type=\"application\/ld+json\" class=\"yoast-schema-graph\">{\"@context\":\"https:\/\/schema.org\",\"@graph\":[{\"@type\":\"WebPage\",\"@id\":\"https:\/\/www.hsymachinery.com\/product\/rebar-stirrup-bending-machine-gf28\/\",\"url\":\"https:\/\/www.hsymachinery.com\/product\/rebar-stirrup-bending-machine-gf28\/\",\"name\":\"Rebar Stirrup Bending Machine GF28 - HSY Construction Machinery\",\"isPartOf\":{\"@id\":\"https:\/\/www.hsymachinery.com\/#website\"},\"primaryImageOfPage\":{\"@id\":\"https:\/\/www.hsymachinery.com\/product\/rebar-stirrup-bending-machine-gf28\/#primaryimage\"},\"image\":{\"@id\":\"https:\/\/www.hsymachinery.com\/product\/rebar-stirrup-bending-machine-gf28\/#primaryimage\"},\"thumbnailUrl\":\"https:\/\/www.hsymachinery.com\/wp-content\/uploads\/2025\/06\/Rebar-Stirrup-Bending-Machine-GF28.jpg\",\"datePublished\":\"2025-06-18T04:09:00+00:00\",\"dateModified\":\"2025-06-27T09:54:45+00:00\",\"description\":\"Rebar Stirrup Bending Machine GF28 bends 6\u201325mm bars into stirrups with speed and precision. Heavy-duty, export-ready, and ideal for beam and slab reinforcement.\",\"breadcrumb\":{\"@id\":\"https:\/\/www.hsymachinery.com\/product\/rebar-stirrup-bending-machine-gf28\/#breadcrumb\"},\"inLanguage\":\"et\",\"potentialAction\":[{\"@type\":\"ReadAction\",\"target\":[\"https:\/\/www.hsymachinery.com\/product\/rebar-stirrup-bending-machine-gf28\/\"]}]},{\"@type\":\"ImageObject\",\"inLanguage\":\"et\",\"@id\":\"https:\/\/www.hsymachinery.com\/product\/rebar-stirrup-bending-machine-gf28\/#primaryimage\",\"url\":\"https:\/\/www.hsymachinery.com\/wp-content\/uploads\/2025\/06\/Rebar-Stirrup-Bending-Machine-GF28.jpg\",\"contentUrl\":\"https:\/\/www.hsymachinery.com\/wp-content\/uploads\/2025\/06\/Rebar-Stirrup-Bending-Machine-GF28.jpg\",\"width\":600,\"height\":600},{\"@type\":\"BreadcrumbList\",\"@id\":\"https:\/\/www.hsymachinery.com\/product\/rebar-stirrup-bending-machine-gf28\/#breadcrumb\",\"itemListElement\":[{\"@type\":\"ListItem\",\"position\":1,\"name\":\"home\",\"item\":\"https:\/\/www.hsymachinery.com\/\"},{\"@type\":\"ListItem\",\"position\":2,\"name\":\"products\",\"item\":\"https:\/\/www.hsymachinery.com\/products\/\"},{\"@type\":\"ListItem\",\"position\":3,\"name\":\"Rebar Stirrup Bending Machine GF28\"}]},{\"@type\":\"WebSite\",\"@id\":\"https:\/\/www.hsymachinery.com\/#website\",\"url\":\"https:\/\/www.hsymachinery.com\/\",\"name\":\"HSY Construction Machinery\",\"description\":\"HSY Machinery \u2013 A leading China construction machinery supplier, offering a wide range of light construction equipment. Our main products include Rebar Cutting Machine, Rebar Bending Machine, Rebar Stirrup Bending Machine, Rebar Arc Bending Machine, Rebar Straightening Machine, Five-Head Rebar Stirrup Bending Machine, Tamping Rammer, Plate Compactor, Concrete Cutter, Power Trowel, and other construction machinery. We are equipped with advanced CNC machines, and we enforce strict quality inspection standards along with comprehensive after-sales service. If you are interested in our products or services, we warmly welcome your inquiries via message.\",\"publisher\":{\"@id\":\"https:\/\/www.hsymachinery.com\/#organization\"},\"potentialAction\":[{\"@type\":\"SearchAction\",\"target\":{\"@type\":\"EntryPoint\",\"urlTemplate\":\"https:\/\/www.hsymachinery.com\/?s={search_term_string}\"},\"query-input\":{\"@type\":\"PropertyValueSpecification\",\"valueRequired\":true,\"valueName\":\"search_term_string\"}}],\"inLanguage\":\"et\"},{\"@type\":\"Organization\",\"@id\":\"https:\/\/www.hsymachinery.com\/#organization\",\"name\":\"HSY Construction Machinery\",\"url\":\"https:\/\/www.hsymachinery.com\/\",\"logo\":{\"@type\":\"ImageObject\",\"inLanguage\":\"et\",\"@id\":\"https:\/\/www.hsymachinery.com\/#\/schema\/logo\/image\/\",\"url\":\"https:\/\/www.hsymachinery.com\/wp-content\/uploads\/2025\/06\/cropped-HSY-machinery.png\",\"contentUrl\":\"https:\/\/www.hsymachinery.com\/wp-content\/uploads\/2025\/06\/cropped-HSY-machinery.png\",\"width\":600,\"height\":240,\"caption\":\"HSY Construction Machinery\"},\"image\":{\"@id\":\"https:\/\/www.hsymachinery.com\/#\/schema\/logo\/image\/\"}}]}<\/script>\n<!-- \/ Yoast SEO plugin. -->","yoast_head_json":{"title":"Rebar Stirrup Bending Machine GF28 - HSY ehitusmasinad","description":"Rebar Stirrup Bending Machine GF28 painutab 6-25mm latid stangadeks kiiruse ja t\u00e4psusega. Raske, ekspordik\u00f5lblik ja ideaalne palkide ja plaatide tugevdamiseks.","robots":{"index":"index","follow":"follow","max-snippet":"max-snippet:-1","max-image-preview":"max-image-preview:large","max-video-preview":"max-video-preview:-1"},"canonical":"https:\/\/www.hsymachinery.com\/et\/toode\/trellide-painutusmasin-gf28\/","og_locale":"et_EE","og_type":"article","og_title":"Rebar Stirrup Bending Machine GF28 - HSY Construction Machinery","og_description":"Rebar Stirrup Bending Machine GF28 bends 6\u201325mm bars into stirrups with speed and precision. Heavy-duty, export-ready, and ideal for beam and slab reinforcement.","og_url":"https:\/\/www.hsymachinery.com\/et\/toode\/trellide-painutusmasin-gf28\/","og_site_name":"HSY Construction Machinery","article_modified_time":"2025-06-27T09:54:45+00:00","og_image":[{"width":600,"height":600,"url":"https:\/\/www.hsymachinery.com\/wp-content\/uploads\/2025\/06\/Rebar-Stirrup-Bending-Machine-GF28.jpg","type":"image\/jpeg"}],"twitter_card":"summary_large_image","twitter_misc":{"Est. reading time":"2 minutit"},"schema":{"@context":"https:\/\/schema.org","@graph":[{"@type":"WebPage","@id":"https:\/\/www.hsymachinery.com\/product\/rebar-stirrup-bending-machine-gf28\/","url":"https:\/\/www.hsymachinery.com\/product\/rebar-stirrup-bending-machine-gf28\/","name":"Rebar Stirrup Bending Machine GF28 - HSY ehitusmasinad","isPartOf":{"@id":"https:\/\/www.hsymachinery.com\/#website"},"primaryImageOfPage":{"@id":"https:\/\/www.hsymachinery.com\/product\/rebar-stirrup-bending-machine-gf28\/#primaryimage"},"image":{"@id":"https:\/\/www.hsymachinery.com\/product\/rebar-stirrup-bending-machine-gf28\/#primaryimage"},"thumbnailUrl":"https:\/\/www.hsymachinery.com\/wp-content\/uploads\/2025\/06\/Rebar-Stirrup-Bending-Machine-GF28.jpg","datePublished":"2025-06-18T04:09:00+00:00","dateModified":"2025-06-27T09:54:45+00:00","description":"Rebar Stirrup Bending Machine GF28 painutab 6-25mm latid stangadeks kiiruse ja t\u00e4psusega. Raske, ekspordik\u00f5lblik ja ideaalne palkide ja plaatide tugevdamiseks.","breadcrumb":{"@id":"https:\/\/www.hsymachinery.com\/product\/rebar-stirrup-bending-machine-gf28\/#breadcrumb"},"inLanguage":"et","potentialAction":[{"@type":"ReadAction","target":["https:\/\/www.hsymachinery.com\/product\/rebar-stirrup-bending-machine-gf28\/"]}]},{"@type":"ImageObject","inLanguage":"et","@id":"https:\/\/www.hsymachinery.com\/product\/rebar-stirrup-bending-machine-gf28\/#primaryimage","url":"https:\/\/www.hsymachinery.com\/wp-content\/uploads\/2025\/06\/Rebar-Stirrup-Bending-Machine-GF28.jpg","contentUrl":"https:\/\/www.hsymachinery.com\/wp-content\/uploads\/2025\/06\/Rebar-Stirrup-Bending-Machine-GF28.jpg","width":600,"height":600},{"@type":"BreadcrumbList","@id":"https:\/\/www.hsymachinery.com\/product\/rebar-stirrup-bending-machine-gf28\/#breadcrumb","itemListElement":[{"@type":"ListItem","position":1,"name":"home","item":"https:\/\/www.hsymachinery.com\/"},{"@type":"ListItem","position":2,"name":"products","item":"https:\/\/www.hsymachinery.com\/products\/"},{"@type":"ListItem","position":3,"name":"Rebar Stirrup Bending Machine GF28"}]},{"@type":"WebSite","@id":"https:\/\/www.hsymachinery.com\/#website","url":"https:\/\/www.hsymachinery.com\/","name":"HSY ehitusmasinad","description":"HSY Machinery - juhtiv Hiina ehitusmasinate tarnija, kes pakub laias valikus kerget ehitusseadmeid. Meie peamised tooted on Rebar Cutting Machine, Rebar Bending Machine, Rebar Stirrup Bending Machine, Rebar Arc Bending Machine, Rebar Straightening Machine, Five-Head Rebar Stirrup Bending Machine, Tamping Rammer, Plate Compactor, Betoon Cutter, Power Trowel ja muud ehitusmasinad. Oleme varustatud t\u00e4iustatud CNC-masinatega ja rakendame rangeid kvaliteedikontrolli standardeid koos tervikliku m\u00fc\u00fcgij\u00e4rgse teenindusega. Kui olete huvitatud meie toodetest v\u00f5i teenustest, ootame soojalt teie p\u00e4ringuid s\u00f5numi teel.","publisher":{"@id":"https:\/\/www.hsymachinery.com\/#organization"},"potentialAction":[{"@type":"SearchAction","target":{"@type":"EntryPoint","urlTemplate":"https:\/\/www.hsymachinery.com\/?s={search_term_string}"},"query-input":{"@type":"PropertyValueSpecification","valueRequired":true,"valueName":"search_term_string"}}],"inLanguage":"et"},{"@type":"Organization","@id":"https:\/\/www.hsymachinery.com\/#organization","name":"HSY ehitusmasinad","url":"https:\/\/www.hsymachinery.com\/","logo":{"@type":"ImageObject","inLanguage":"et","@id":"https:\/\/www.hsymachinery.com\/#\/schema\/logo\/image\/","url":"https:\/\/www.hsymachinery.com\/wp-content\/uploads\/2025\/06\/cropped-HSY-machinery.png","contentUrl":"https:\/\/www.hsymachinery.com\/wp-content\/uploads\/2025\/06\/cropped-HSY-machinery.png","width":600,"height":240,"caption":"HSY Construction Machinery"},"image":{"@id":"https:\/\/www.hsymachinery.com\/#\/schema\/logo\/image\/"}}]}},"_links":{"self":[{"href":"https:\/\/www.hsymachinery.com\/et\/wp-json\/wp\/v2\/product\/8965","targetHints":{"allow":["GET"]}}],"collection":[{"href":"https:\/\/www.hsymachinery.com\/et\/wp-json\/wp\/v2\/product"}],"about":[{"href":"https:\/\/www.hsymachinery.com\/et\/wp-json\/wp\/v2\/types\/product"}],"version-history":[{"count":3,"href":"https:\/\/www.hsymachinery.com\/et\/wp-json\/wp\/v2\/product\/8965\/revisions"}],"predecessor-version":[{"id":9381,"href":"https:\/\/www.hsymachinery.com\/et\/wp-json\/wp\/v2\/product\/8965\/revisions\/9381"}],"wp:featuredmedia":[{"embeddable":true,"href":"https:\/\/www.hsymachinery.com\/et\/wp-json\/wp\/v2\/media\/8966"}],"wp:attachment":[{"href":"https:\/\/www.hsymachinery.com\/et\/wp-json\/wp\/v2\/media?parent=8965"}],"wp:term":[{"taxonomy":"product_brand","embeddable":true,"href":"https:\/\/www.hsymachinery.com\/et\/wp-json\/wp\/v2\/product_brand?post=8965"},{"taxonomy":"product_cat","embeddable":true,"href":"https:\/\/www.hsymachinery.com\/et\/wp-json\/wp\/v2\/product_cat?post=8965"},{"taxonomy":"product_tag","embeddable":true,"href":"https:\/\/www.hsymachinery.com\/et\/wp-json\/wp\/v2\/product_tag?post=8965"}],"curies":[{"name":"wp","href":"https:\/\/api.w.org\/{rel}","templated":true}]}}