{"id":8952,"date":"2025-06-18T12:03:03","date_gmt":"2025-06-18T04:03:03","guid":{"rendered":"https:\/\/www.hsymachinery.com\/?post_type=product&#038;p=8952"},"modified":"2025-06-25T23:33:40","modified_gmt":"2025-06-25T15:33:40","slug":"betoonvarraste-painutusmasin-gw60","status":"publish","type":"product","link":"https:\/\/www.hsymachinery.com\/et\/toode\/betoonvarraste-painutusmasin-gw60\/","title":{"rendered":"Rebar Bending Machine GW60"},"content":{"rendered":"<h3 data-start=\"435\" data-end=\"546\">Raskeveokite painutusmasin GW60 6-45mm terase jaoks | T\u00f6\u00f6stuslik terase painutaja tugevdusprojektide jaoks<\/h3>\n<h3 data-start=\"553\" data-end=\"644\">\u00a0Toote\u00fclevaade - t\u00e4iustatud ehitusprofiili vormimismasin paksust terasest painutamiseks<\/h3>\n<p data-start=\"646\" data-end=\"973\">The <strong data-start=\"650\" data-end=\"680\"><a href=\"https:\/\/www.hsymachinery.com\/et\/tooted\/betoonvarraste-painutusmasin\/\" target=\"_blank\" rel=\"noopener\">Rebar painutamine masin<\/a> GW60<\/strong> on konstrueeritud t\u00f6\u00f6tlema terasvarraste vahemikus 6 mm kuni 45 mm, pakkudes usaldusv\u00e4\u00e4rset painutustehnikat suurte ehitus- ja monteeritavate projektide jaoks. Alates maanteesildadest kuni t\u00f6\u00f6stussammasteni pakub see tugev varraste vormimise t\u00f6\u00f6riist j\u00e4rjepidevat nurgakontrolli ja suurt tootmist\u00f5husust.<\/p>\n<p data-start=\"975\" data-end=\"1107\">T\u00f6\u00f6v\u00f5tjad valivad GW60, kui neil on vaja suuremat p\u00f6\u00f6rdemomenti, tugevamat konstruktsiooni ja suuremat t\u00f6\u00f6v\u00f5imsust kui tavalistel sarruspingi painutajatel.<\/p>\n<h3 data-start=\"1114\" data-end=\"1165\">V\u00f5imas mootor koos laiendatud painutuspinnaga<\/h3>\n<p data-start=\"1167\" data-end=\"1500\">Masinal on suure l\u00e4bim\u00f5\u00f5duga painutuskettad, tugevdatud painutuspoldid ja kaks reguleeritavat stopperit t\u00e4psete nurkade seadistamiseks. Kasutajad saavad kiiresti ja usaldusv\u00e4\u00e4rselt valida mis tahes nurga kuni 180\u00b0. T\u00f6\u00f6stuslik vaskmootor tagab suure p\u00f6\u00f6rdemomendi, samal ajal kui suletud k\u00e4igukast tagab vaikse ja stabiilse t\u00f6\u00f6tamise pikema aja jooksul.<\/p>\n<p data-start=\"1502\" data-end=\"1677\">Lisaks sellele on GW60 varustatud turvaseiskamisl\u00fclitiga ning pakub nii k\u00e4sitsi kui ka jalgpedaaliga juhtimisre\u017eiimi, mis suurendab operaatori paindlikkust ja ohutust kohapeal.<\/p>\n<h3 data-start=\"1684\" data-end=\"1727\">Vastupidav raam ja ekspordivalmis disain<\/h3>\n<p data-start=\"1729\" data-end=\"2091\">Tugevdatud terasraam ja l\u00f6\u00f6gikindel korpus v\u00f5imaldavad GW60-l usaldusv\u00e4\u00e4rselt t\u00f6\u00f6tada ka karmides tingimustes. Seade on paigaldatud kindlatele ratastele, et seda oleks lihtne jaamade vahel transportida. T\u00e4nu kohandatavale pinge sisendvoolule (220V\/380V, 50Hz\/60Hz) sobib see mudel t\u00e4ielikult rahvusvaheliseks ekspordiks, sealhulgas Aafrikasse, Kagu-Aasiasse ja Ladina-Ameerikasse.<\/p>\n<p data-start=\"2093\" data-end=\"2193\">Ilmastikukindel juhtpaneel v\u00f5imaldab masinat kasutada osaliselt avatud t\u00f6\u00f6kohtadel.<\/p>\n<h3 data-start=\"2200\" data-end=\"2241\">GW60 Rebar Benderi peamised eelised<\/h3>\n<ul data-start=\"2243\" data-end=\"2494\">\n<li data-start=\"2243\" data-end=\"2306\">\n<p data-start=\"2245\" data-end=\"2306\">Painutab t\u00f5husalt 6-45mm terasvardaid suure korratavusega<\/p>\n<\/li>\n<li data-start=\"2307\" data-end=\"2378\">\n<p data-start=\"2309\" data-end=\"2378\">Ideaalne sillat\u00f6\u00f6de, monteeritavate \u00f5uealade, tunnelite tugevdamiseks ja muuks otstarbeks.<\/p>\n<\/li>\n<li data-start=\"2379\" data-end=\"2433\">\n<p data-start=\"2381\" data-end=\"2433\">Suur painutusplaat suurendab t\u00e4psust ja tugevust<\/p>\n<\/li>\n<li data-start=\"2434\" data-end=\"2494\">\n<p data-start=\"2436\" data-end=\"2494\">Mitme pinge tugi \u00fclemaailmsete ehitustegevuste jaoks<\/p>\n<\/li>\n<\/ul>\n<p><iframe title=\"1TP10Konstruktsioon 1TP10Konstruktsioonit\u00f6\u00f6line #rebarmachine #rebarbender #rebarbender #rebarbending #rebarbending\" width=\"720\" height=\"405\" src=\"https:\/\/www.youtube.com\/embed\/GX-U7SGMcVc?feature=oembed\" frameborder=\"0\" allow=\"accelerometer; autoplay; clipboard-write; encrypted-media; gyroscope; picture-in-picture; web-share\" referrerpolicy=\"strict-origin-when-cross-origin\" allowfullscreen><\/iframe><\/p>","protected":false},"excerpt":{"rendered":"<p>Rebar Bending Machine GW60 t\u00f6\u00f6tleb 6-45 mm terasvarraste suure p\u00f6\u00f6rdemomendi, t\u00e4psete nurkade ja tugeva raami abil. Ideaalne t\u00f6\u00f6stusobjektidele ja valmis ekspordiks kogu maailmas.<\/p>","protected":false},"featured_media":8953,"template":"","meta":{"_kad_post_transparent":"default","_kad_post_title":"","_kad_post_layout":"default","_kad_post_sidebar_id":"","_kad_post_content_style":"default","_kad_post_vertical_padding":"default","_kad_post_feature":"","_kad_post_feature_position":"","_kad_post_header":false,"_kad_post_footer":false},"product_brand":[],"product_cat":[28],"product_tag":[998,1004,996,1003,997,1000,1001,999,995,1002],"class_list":{"0":"post-8952","1":"product","2":"type-product","3":"status-publish","4":"has-post-thumbnail","6":"product_cat-rebar-bending-machine","7":"product_tag-automatic-rebar-bending-machine","8":"product_tag-bar-bending-machine-price","9":"product_tag-cnc-rebar-bending-machine","10":"product_tag-construction-rebar-bender","11":"product_tag-electric-rebar-bender","12":"product_tag-electric-rebar-bending-machine","13":"product_tag-hydraulic-rebar-bending-machine","14":"product_tag-portable-rebar-bender","15":"product_tag-rebar-bender","16":"product_tag-steel-bar-bender","18":"first","19":"instock","20":"shipping-taxable","21":"product-type-simple","22":"entry","23":"content-bg","24":"loop-entry"},"yoast_head":"<!-- This site is optimized with the Yoast SEO plugin v25.3.1 - https:\/\/yoast.com\/wordpress\/plugins\/seo\/ -->\n<title>Rebar Bending Machine GW60 - HSY Construction Machinery<\/title>\n<meta name=\"description\" content=\"Rebar Bending Machine GW60 offers reliable bending for 6\u201345mm steel bars. This industrial-grade bar forming machine is ideal for heavy construction and global export projects.\" \/>\n<meta name=\"robots\" content=\"index, follow, max-snippet:-1, max-image-preview:large, max-video-preview:-1\" \/>\n<link rel=\"canonical\" href=\"https:\/\/www.hsymachinery.com\/et\/toode\/betoonvarraste-painutusmasin-gw60\/\" \/>\n<meta property=\"og:locale\" content=\"et_EE\" \/>\n<meta property=\"og:type\" content=\"article\" \/>\n<meta property=\"og:title\" content=\"Rebar Bending Machine GW60 - HSY Construction Machinery\" \/>\n<meta property=\"og:description\" content=\"Rebar Bending Machine GW60 offers reliable bending for 6\u201345mm steel bars. This industrial-grade bar forming machine is ideal for heavy construction and global export projects.\" \/>\n<meta property=\"og:url\" content=\"https:\/\/www.hsymachinery.com\/et\/toode\/betoonvarraste-painutusmasin-gw60\/\" \/>\n<meta property=\"og:site_name\" content=\"HSY Construction Machinery\" \/>\n<meta property=\"article:modified_time\" content=\"2025-06-25T15:33:40+00:00\" \/>\n<meta property=\"og:image\" content=\"https:\/\/www.hsymachinery.com\/wp-content\/uploads\/2025\/06\/Rebar-Bending-Machine-GW60.jpg\" \/>\n\t<meta property=\"og:image:width\" content=\"600\" \/>\n\t<meta property=\"og:image:height\" content=\"600\" \/>\n\t<meta property=\"og:image:type\" content=\"image\/jpeg\" \/>\n<meta name=\"twitter:card\" content=\"summary_large_image\" \/>\n<meta name=\"twitter:label1\" content=\"Est. reading time\" \/>\n\t<meta name=\"twitter:data1\" content=\"2 minutit\" \/>\n<script type=\"application\/ld+json\" class=\"yoast-schema-graph\">{\"@context\":\"https:\/\/schema.org\",\"@graph\":[{\"@type\":\"WebPage\",\"@id\":\"https:\/\/www.hsymachinery.com\/product\/rebar-bending-machine-gw60\/\",\"url\":\"https:\/\/www.hsymachinery.com\/product\/rebar-bending-machine-gw60\/\",\"name\":\"Rebar Bending Machine GW60 - HSY Construction Machinery\",\"isPartOf\":{\"@id\":\"https:\/\/www.hsymachinery.com\/#website\"},\"primaryImageOfPage\":{\"@id\":\"https:\/\/www.hsymachinery.com\/product\/rebar-bending-machine-gw60\/#primaryimage\"},\"image\":{\"@id\":\"https:\/\/www.hsymachinery.com\/product\/rebar-bending-machine-gw60\/#primaryimage\"},\"thumbnailUrl\":\"https:\/\/www.hsymachinery.com\/wp-content\/uploads\/2025\/06\/Rebar-Bending-Machine-GW60.jpg\",\"datePublished\":\"2025-06-18T04:03:03+00:00\",\"dateModified\":\"2025-06-25T15:33:40+00:00\",\"description\":\"Rebar Bending Machine GW60 offers reliable bending for 6\u201345mm steel bars. This industrial-grade bar forming machine is ideal for heavy construction and global export projects.\",\"breadcrumb\":{\"@id\":\"https:\/\/www.hsymachinery.com\/product\/rebar-bending-machine-gw60\/#breadcrumb\"},\"inLanguage\":\"et\",\"potentialAction\":[{\"@type\":\"ReadAction\",\"target\":[\"https:\/\/www.hsymachinery.com\/product\/rebar-bending-machine-gw60\/\"]}]},{\"@type\":\"ImageObject\",\"inLanguage\":\"et\",\"@id\":\"https:\/\/www.hsymachinery.com\/product\/rebar-bending-machine-gw60\/#primaryimage\",\"url\":\"https:\/\/www.hsymachinery.com\/wp-content\/uploads\/2025\/06\/Rebar-Bending-Machine-GW60.jpg\",\"contentUrl\":\"https:\/\/www.hsymachinery.com\/wp-content\/uploads\/2025\/06\/Rebar-Bending-Machine-GW60.jpg\",\"width\":600,\"height\":600},{\"@type\":\"BreadcrumbList\",\"@id\":\"https:\/\/www.hsymachinery.com\/product\/rebar-bending-machine-gw60\/#breadcrumb\",\"itemListElement\":[{\"@type\":\"ListItem\",\"position\":1,\"name\":\"home\",\"item\":\"https:\/\/www.hsymachinery.com\/\"},{\"@type\":\"ListItem\",\"position\":2,\"name\":\"products\",\"item\":\"https:\/\/www.hsymachinery.com\/products\/\"},{\"@type\":\"ListItem\",\"position\":3,\"name\":\"Rebar Bending Machine GW60\"}]},{\"@type\":\"WebSite\",\"@id\":\"https:\/\/www.hsymachinery.com\/#website\",\"url\":\"https:\/\/www.hsymachinery.com\/\",\"name\":\"HSY Construction Machinery\",\"description\":\"HSY Machinery \u2013 A leading China construction machinery supplier, offering a wide range of light construction equipment. Our main products include Rebar Cutting Machine, Rebar Bending Machine, Rebar Stirrup Bending Machine, Rebar Arc Bending Machine, Rebar Straightening Machine, Five-Head Rebar Stirrup Bending Machine, Tamping Rammer, Plate Compactor, Concrete Cutter, Power Trowel, and other construction machinery. We are equipped with advanced CNC machines, and we enforce strict quality inspection standards along with comprehensive after-sales service. If you are interested in our products or services, we warmly welcome your inquiries via message.\",\"publisher\":{\"@id\":\"https:\/\/www.hsymachinery.com\/#organization\"},\"potentialAction\":[{\"@type\":\"SearchAction\",\"target\":{\"@type\":\"EntryPoint\",\"urlTemplate\":\"https:\/\/www.hsymachinery.com\/?s={search_term_string}\"},\"query-input\":{\"@type\":\"PropertyValueSpecification\",\"valueRequired\":true,\"valueName\":\"search_term_string\"}}],\"inLanguage\":\"et\"},{\"@type\":\"Organization\",\"@id\":\"https:\/\/www.hsymachinery.com\/#organization\",\"name\":\"HSY Construction Machinery\",\"url\":\"https:\/\/www.hsymachinery.com\/\",\"logo\":{\"@type\":\"ImageObject\",\"inLanguage\":\"et\",\"@id\":\"https:\/\/www.hsymachinery.com\/#\/schema\/logo\/image\/\",\"url\":\"https:\/\/www.hsymachinery.com\/wp-content\/uploads\/2025\/06\/cropped-HSY-machinery.png\",\"contentUrl\":\"https:\/\/www.hsymachinery.com\/wp-content\/uploads\/2025\/06\/cropped-HSY-machinery.png\",\"width\":600,\"height\":240,\"caption\":\"HSY Construction Machinery\"},\"image\":{\"@id\":\"https:\/\/www.hsymachinery.com\/#\/schema\/logo\/image\/\"}}]}<\/script>\n<!-- \/ Yoast SEO plugin. -->","yoast_head_json":{"title":"Raua painutusmasin GW60 - HSY ehitusmasinad","description":"Rebar Bending Machine GW60 pakub 6-45mm terasvarraste usaldusv\u00e4\u00e4rset painutamist. See t\u00f6\u00f6stusklassi varraste vormimismasin sobib ideaalselt raskete ehitus- ja \u00fclemaailmsete ekspordiprojektide jaoks.","robots":{"index":"index","follow":"follow","max-snippet":"max-snippet:-1","max-image-preview":"max-image-preview:large","max-video-preview":"max-video-preview:-1"},"canonical":"https:\/\/www.hsymachinery.com\/et\/toode\/betoonvarraste-painutusmasin-gw60\/","og_locale":"et_EE","og_type":"article","og_title":"Rebar Bending Machine GW60 - HSY Construction Machinery","og_description":"Rebar Bending Machine GW60 offers reliable bending for 6\u201345mm steel bars. This industrial-grade bar forming machine is ideal for heavy construction and global export projects.","og_url":"https:\/\/www.hsymachinery.com\/et\/toode\/betoonvarraste-painutusmasin-gw60\/","og_site_name":"HSY Construction Machinery","article_modified_time":"2025-06-25T15:33:40+00:00","og_image":[{"width":600,"height":600,"url":"https:\/\/www.hsymachinery.com\/wp-content\/uploads\/2025\/06\/Rebar-Bending-Machine-GW60.jpg","type":"image\/jpeg"}],"twitter_card":"summary_large_image","twitter_misc":{"Est. reading time":"2 minutit"},"schema":{"@context":"https:\/\/schema.org","@graph":[{"@type":"WebPage","@id":"https:\/\/www.hsymachinery.com\/product\/rebar-bending-machine-gw60\/","url":"https:\/\/www.hsymachinery.com\/product\/rebar-bending-machine-gw60\/","name":"Raua painutusmasin GW60 - HSY ehitusmasinad","isPartOf":{"@id":"https:\/\/www.hsymachinery.com\/#website"},"primaryImageOfPage":{"@id":"https:\/\/www.hsymachinery.com\/product\/rebar-bending-machine-gw60\/#primaryimage"},"image":{"@id":"https:\/\/www.hsymachinery.com\/product\/rebar-bending-machine-gw60\/#primaryimage"},"thumbnailUrl":"https:\/\/www.hsymachinery.com\/wp-content\/uploads\/2025\/06\/Rebar-Bending-Machine-GW60.jpg","datePublished":"2025-06-18T04:03:03+00:00","dateModified":"2025-06-25T15:33:40+00:00","description":"Rebar Bending Machine GW60 pakub 6-45mm terasvarraste usaldusv\u00e4\u00e4rset painutamist. See t\u00f6\u00f6stusklassi varraste vormimismasin sobib ideaalselt raskete ehitus- ja \u00fclemaailmsete ekspordiprojektide jaoks.","breadcrumb":{"@id":"https:\/\/www.hsymachinery.com\/product\/rebar-bending-machine-gw60\/#breadcrumb"},"inLanguage":"et","potentialAction":[{"@type":"ReadAction","target":["https:\/\/www.hsymachinery.com\/product\/rebar-bending-machine-gw60\/"]}]},{"@type":"ImageObject","inLanguage":"et","@id":"https:\/\/www.hsymachinery.com\/product\/rebar-bending-machine-gw60\/#primaryimage","url":"https:\/\/www.hsymachinery.com\/wp-content\/uploads\/2025\/06\/Rebar-Bending-Machine-GW60.jpg","contentUrl":"https:\/\/www.hsymachinery.com\/wp-content\/uploads\/2025\/06\/Rebar-Bending-Machine-GW60.jpg","width":600,"height":600},{"@type":"BreadcrumbList","@id":"https:\/\/www.hsymachinery.com\/product\/rebar-bending-machine-gw60\/#breadcrumb","itemListElement":[{"@type":"ListItem","position":1,"name":"home","item":"https:\/\/www.hsymachinery.com\/"},{"@type":"ListItem","position":2,"name":"products","item":"https:\/\/www.hsymachinery.com\/products\/"},{"@type":"ListItem","position":3,"name":"Rebar Bending Machine GW60"}]},{"@type":"WebSite","@id":"https:\/\/www.hsymachinery.com\/#website","url":"https:\/\/www.hsymachinery.com\/","name":"HSY ehitusmasinad","description":"HSY Machinery - juhtiv Hiina ehitusmasinate tarnija, kes pakub laias valikus kerget ehitusseadmeid. Meie peamised tooted on Rebar Cutting Machine, Rebar Bending Machine, Rebar Stirrup Bending Machine, Rebar Arc Bending Machine, Rebar Straightening Machine, Five-Head Rebar Stirrup Bending Machine, Tamping Rammer, Plate Compactor, Betoon Cutter, Power Trowel ja muud ehitusmasinad. Oleme varustatud t\u00e4iustatud CNC-masinatega ja rakendame rangeid kvaliteedikontrolli standardeid koos tervikliku m\u00fc\u00fcgij\u00e4rgse teenindusega. Kui olete huvitatud meie toodetest v\u00f5i teenustest, ootame soojalt teie p\u00e4ringuid s\u00f5numi teel.","publisher":{"@id":"https:\/\/www.hsymachinery.com\/#organization"},"potentialAction":[{"@type":"SearchAction","target":{"@type":"EntryPoint","urlTemplate":"https:\/\/www.hsymachinery.com\/?s={search_term_string}"},"query-input":{"@type":"PropertyValueSpecification","valueRequired":true,"valueName":"search_term_string"}}],"inLanguage":"et"},{"@type":"Organization","@id":"https:\/\/www.hsymachinery.com\/#organization","name":"HSY ehitusmasinad","url":"https:\/\/www.hsymachinery.com\/","logo":{"@type":"ImageObject","inLanguage":"et","@id":"https:\/\/www.hsymachinery.com\/#\/schema\/logo\/image\/","url":"https:\/\/www.hsymachinery.com\/wp-content\/uploads\/2025\/06\/cropped-HSY-machinery.png","contentUrl":"https:\/\/www.hsymachinery.com\/wp-content\/uploads\/2025\/06\/cropped-HSY-machinery.png","width":600,"height":240,"caption":"HSY Construction Machinery"},"image":{"@id":"https:\/\/www.hsymachinery.com\/#\/schema\/logo\/image\/"}}]}},"_links":{"self":[{"href":"https:\/\/www.hsymachinery.com\/et\/wp-json\/wp\/v2\/product\/8952","targetHints":{"allow":["GET"]}}],"collection":[{"href":"https:\/\/www.hsymachinery.com\/et\/wp-json\/wp\/v2\/product"}],"about":[{"href":"https:\/\/www.hsymachinery.com\/et\/wp-json\/wp\/v2\/types\/product"}],"version-history":[{"count":3,"href":"https:\/\/www.hsymachinery.com\/et\/wp-json\/wp\/v2\/product\/8952\/revisions"}],"predecessor-version":[{"id":9359,"href":"https:\/\/www.hsymachinery.com\/et\/wp-json\/wp\/v2\/product\/8952\/revisions\/9359"}],"wp:featuredmedia":[{"embeddable":true,"href":"https:\/\/www.hsymachinery.com\/et\/wp-json\/wp\/v2\/media\/8953"}],"wp:attachment":[{"href":"https:\/\/www.hsymachinery.com\/et\/wp-json\/wp\/v2\/media?parent=8952"}],"wp:term":[{"taxonomy":"product_brand","embeddable":true,"href":"https:\/\/www.hsymachinery.com\/et\/wp-json\/wp\/v2\/product_brand?post=8952"},{"taxonomy":"product_cat","embeddable":true,"href":"https:\/\/www.hsymachinery.com\/et\/wp-json\/wp\/v2\/product_cat?post=8952"},{"taxonomy":"product_tag","embeddable":true,"href":"https:\/\/www.hsymachinery.com\/et\/wp-json\/wp\/v2\/product_tag?post=8952"}],"curies":[{"name":"wp","href":"https:\/\/api.w.org\/{rel}","templated":true}]}}