{"id":8946,"date":"2025-06-18T12:01:02","date_gmt":"2025-06-18T04:01:02","guid":{"rendered":"https:\/\/www.hsymachinery.com\/?post_type=product&#038;p=8946"},"modified":"2025-06-25T23:19:27","modified_gmt":"2025-06-25T15:19:27","slug":"betoonvarraste-painutusmasin-gw50","status":"publish","type":"product","link":"https:\/\/www.hsymachinery.com\/et\/toode\/betoonvarraste-painutusmasin-gw50\/","title":{"rendered":"Rebar Bending Machine GW50"},"content":{"rendered":"<h3 data-start=\"211\" data-end=\"297\">Suure j\u00f5udlusega Rebar Bender 6-40mm terasvarraste jaoks | Industrial Bar Bending Equipment<\/h3>\n<h3 data-start=\"211\" data-end=\"297\">Toote\u00fclevaade - Raskete ehitust\u00f6\u00f6de ja kokkupandavate t\u00f6\u00f6de betoonit\u00f5mbepinkide painutusmasin<\/h3>\n<p data-start=\"299\" data-end=\"688\">The <strong data-start=\"303\" data-end=\"333\">Rebar Bending Machine GW50<\/strong> on ehitatud t\u00f6\u00f6stuslikuks painutamiseks <strong data-start=\"375\" data-end=\"390\">6mm kuni 40mm<\/strong> betoonvarraste. See on ideaalne valik suuremahuliste ehitusprojektide jaoks, n\u00e4iteks kokkupandavate tehaste, sildade, k\u00f5rghoonete ja infrastruktuuri arendamiseks. T\u00e4nu suurele p\u00f6\u00f6rdemomendile ja reguleeritava nurga juhtimisele tagab see masin kiire ja t\u00e4pse painutamise igap\u00e4evaseks tootmiseks.<\/p>\n<p data-start=\"690\" data-end=\"834\">Spetsialistid usaldavad GW50 betoonvarraste painutusmasinat selle stabiilsuse, t\u00e4psuse ja pideva t\u00f6\u00f6v\u00f5ime t\u00f5ttu n\u00f5udlikes tingimustes.<\/p>\n<h3 data-start=\"841\" data-end=\"888\">Tugev p\u00f6\u00f6rdemoment ja t\u00e4pne nurga kontroll<\/h3>\n<p data-start=\"890\" data-end=\"1247\">The <strong data-start=\"894\" data-end=\"924\"><a href=\"https:\/\/www.hsymachinery.com\/et\/tooted\/betoonvarraste-painutusmasin\/\" target=\"_blank\" rel=\"noopener\">Rebar painutamine masin<\/a> GW50<\/strong> kasutab tugevat t\u00f6\u00f6ketta ja kahte eelseadistatud peatust, et tagada usaldusv\u00e4\u00e4rsed painded vahemikus 0\u00b0 kuni 180\u00b0. See v\u00f5imaldab operaatoritel toota t\u00f5husalt mitmeid betoonrauakujusid. T\u00e4nu tugevdatud k\u00e4igukastile ja vaskkeraamilisele mootorile s\u00e4ilitab masin \u00fchtlase p\u00f6\u00f6rdemomendi ilma \u00fclekuumenemise v\u00f5i vibratsioonita.<\/p>\n<p data-start=\"1249\" data-end=\"1389\">Lisaks v\u00e4hendab suletud k\u00e4igukast m\u00fcra ja kulumist, pikendades masina \u00fcldist kasutusiga ja v\u00e4hendades samal ajal hooldust\u00f6id.<\/p>\n<h3 data-start=\"1396\" data-end=\"1455\">Vastupidav struktuur koos rahvusvahelise pinge toega<\/h3>\n<p data-start=\"1457\" data-end=\"1743\">GW50 raam on valmistatud paksendatud malmist terasest, mis on kavandatud vibratsioonile ja tugevatele l\u00f6\u00f6kidele vastu pidama. See on varustatud tugevate liikurratastega, mis v\u00f5imaldavad h\u00f5lpsat \u00fcmberpaigutamist. Masin toetab nii k\u00e4sil\u00fclitit kui ka jalgpedaali kasutamist, mis tagab paindliku kasutajakontrolli.<\/p>\n<p data-start=\"1745\" data-end=\"1895\">Pingevariantidega 220V\/380V (50Hz\/60Hz) on GW50 betoonitangide painutusmasin t\u00e4ielikult koosk\u00f5las \u00fclemaailmsete turgude ja ekspordin\u00f5uetega.<\/p>\n<h3 data-start=\"1902\" data-end=\"1941\">Miks valida GW50 Rebar Bender?<\/h3>\n<ul data-start=\"1943\" data-end=\"2164\">\n<li data-start=\"1943\" data-end=\"1988\">\n<p data-start=\"1945\" data-end=\"1988\">Painutab t\u00e4pselt ja kiiresti 6-40mm betoonvarraste<\/p>\n<\/li>\n<li data-start=\"1989\" data-end=\"2056\">\n<p data-start=\"1991\" data-end=\"2056\">M\u00f5eldud suure koormuse ja pideva koormusega t\u00f6\u00f6stuslikeks rakendusteks<\/p>\n<\/li>\n<li data-start=\"2057\" data-end=\"2098\">\n<p data-start=\"2059\" data-end=\"2098\">Kompaktne, mobiilne ja kergesti hooldatav<\/p>\n<\/li>\n<li data-start=\"2099\" data-end=\"2164\">\n<p data-start=\"2101\" data-end=\"2164\">Sobib rahvusvahelistele ostjatele paindliku pinge sisendiga<\/p>\n<\/li>\n<\/ul>\n<p><iframe title=\"1TP10Konstruktsioon 1TP10Konstruktsioonit\u00f6\u00f6line #rebarmachine #rebarbender #rebarbender #rebarbending #rebarbending\" width=\"720\" height=\"405\" src=\"https:\/\/www.youtube.com\/embed\/GX-U7SGMcVc?feature=oembed\" frameborder=\"0\" allow=\"accelerometer; autoplay; clipboard-write; encrypted-media; gyroscope; picture-in-picture; web-share\" referrerpolicy=\"strict-origin-when-cross-origin\" allowfullscreen><\/iframe><\/p>","protected":false},"excerpt":{"rendered":"<p>GW50 Rebar Bending Machine pakub v\u00f5imsat ja t\u00e4pset painutamist 6-40mm terasvarraste painutamiseks. See on ehitatud t\u00f6\u00f6stuslikuks kasutamiseks, toetab \u00fclemaailmseid pingestandardeid ja suurtoodangut.<\/p>","protected":false},"featured_media":8947,"template":"","meta":{"_kad_post_transparent":"default","_kad_post_title":"","_kad_post_layout":"default","_kad_post_sidebar_id":"","_kad_post_content_style":"default","_kad_post_vertical_padding":"default","_kad_post_feature":"","_kad_post_feature_position":"","_kad_post_header":false,"_kad_post_footer":false},"product_brand":[],"product_cat":[28],"product_tag":[998,1004,996,1003,997,1000,1001,999,995,1002],"class_list":{"0":"post-8946","1":"product","2":"type-product","3":"status-publish","4":"has-post-thumbnail","6":"product_cat-rebar-bending-machine","7":"product_tag-automatic-rebar-bending-machine","8":"product_tag-bar-bending-machine-price","9":"product_tag-cnc-rebar-bending-machine","10":"product_tag-construction-rebar-bender","11":"product_tag-electric-rebar-bender","12":"product_tag-electric-rebar-bending-machine","13":"product_tag-hydraulic-rebar-bending-machine","14":"product_tag-portable-rebar-bender","15":"product_tag-rebar-bender","16":"product_tag-steel-bar-bender","18":"first","19":"instock","20":"shipping-taxable","21":"product-type-simple","22":"entry","23":"content-bg","24":"loop-entry"},"yoast_head":"<!-- This site is optimized with the Yoast SEO plugin v25.3.1 - https:\/\/yoast.com\/wordpress\/plugins\/seo\/ -->\n<title>Rebar Bending Machine GW50 - HSY Construction Machinery<\/title>\n<meta name=\"description\" content=\"Rebar Bending Machine GW50 bends 6\u201340mm steel bars with high precision. Suitable for prefab plants, construction sites, and export to international markets.\" \/>\n<meta name=\"robots\" content=\"index, follow, max-snippet:-1, max-image-preview:large, max-video-preview:-1\" \/>\n<link rel=\"canonical\" href=\"https:\/\/www.hsymachinery.com\/et\/toode\/betoonvarraste-painutusmasin-gw50\/\" \/>\n<meta property=\"og:locale\" content=\"et_EE\" \/>\n<meta property=\"og:type\" content=\"article\" \/>\n<meta property=\"og:title\" content=\"Rebar Bending Machine GW50 - HSY Construction Machinery\" \/>\n<meta property=\"og:description\" content=\"Rebar Bending Machine GW50 bends 6\u201340mm steel bars with high precision. Suitable for prefab plants, construction sites, and export to international markets.\" \/>\n<meta property=\"og:url\" content=\"https:\/\/www.hsymachinery.com\/et\/toode\/betoonvarraste-painutusmasin-gw50\/\" \/>\n<meta property=\"og:site_name\" content=\"HSY Construction Machinery\" \/>\n<meta property=\"article:modified_time\" content=\"2025-06-25T15:19:27+00:00\" \/>\n<meta property=\"og:image\" content=\"https:\/\/www.hsymachinery.com\/wp-content\/uploads\/2025\/06\/Rebar-Bending-Machine-GW50.jpg\" \/>\n\t<meta property=\"og:image:width\" content=\"600\" \/>\n\t<meta property=\"og:image:height\" content=\"600\" \/>\n\t<meta property=\"og:image:type\" content=\"image\/jpeg\" \/>\n<meta name=\"twitter:card\" content=\"summary_large_image\" \/>\n<meta name=\"twitter:label1\" content=\"Est. reading time\" \/>\n\t<meta name=\"twitter:data1\" content=\"2 minutit\" \/>\n<script type=\"application\/ld+json\" class=\"yoast-schema-graph\">{\"@context\":\"https:\/\/schema.org\",\"@graph\":[{\"@type\":\"WebPage\",\"@id\":\"https:\/\/www.hsymachinery.com\/product\/rebar-bending-machine-gw50\/\",\"url\":\"https:\/\/www.hsymachinery.com\/product\/rebar-bending-machine-gw50\/\",\"name\":\"Rebar Bending Machine GW50 - HSY Construction Machinery\",\"isPartOf\":{\"@id\":\"https:\/\/www.hsymachinery.com\/#website\"},\"primaryImageOfPage\":{\"@id\":\"https:\/\/www.hsymachinery.com\/product\/rebar-bending-machine-gw50\/#primaryimage\"},\"image\":{\"@id\":\"https:\/\/www.hsymachinery.com\/product\/rebar-bending-machine-gw50\/#primaryimage\"},\"thumbnailUrl\":\"https:\/\/www.hsymachinery.com\/wp-content\/uploads\/2025\/06\/Rebar-Bending-Machine-GW50.jpg\",\"datePublished\":\"2025-06-18T04:01:02+00:00\",\"dateModified\":\"2025-06-25T15:19:27+00:00\",\"description\":\"Rebar Bending Machine GW50 bends 6\u201340mm steel bars with high precision. Suitable for prefab plants, construction sites, and export to international markets.\",\"breadcrumb\":{\"@id\":\"https:\/\/www.hsymachinery.com\/product\/rebar-bending-machine-gw50\/#breadcrumb\"},\"inLanguage\":\"et\",\"potentialAction\":[{\"@type\":\"ReadAction\",\"target\":[\"https:\/\/www.hsymachinery.com\/product\/rebar-bending-machine-gw50\/\"]}]},{\"@type\":\"ImageObject\",\"inLanguage\":\"et\",\"@id\":\"https:\/\/www.hsymachinery.com\/product\/rebar-bending-machine-gw50\/#primaryimage\",\"url\":\"https:\/\/www.hsymachinery.com\/wp-content\/uploads\/2025\/06\/Rebar-Bending-Machine-GW50.jpg\",\"contentUrl\":\"https:\/\/www.hsymachinery.com\/wp-content\/uploads\/2025\/06\/Rebar-Bending-Machine-GW50.jpg\",\"width\":600,\"height\":600},{\"@type\":\"BreadcrumbList\",\"@id\":\"https:\/\/www.hsymachinery.com\/product\/rebar-bending-machine-gw50\/#breadcrumb\",\"itemListElement\":[{\"@type\":\"ListItem\",\"position\":1,\"name\":\"home\",\"item\":\"https:\/\/www.hsymachinery.com\/\"},{\"@type\":\"ListItem\",\"position\":2,\"name\":\"products\",\"item\":\"https:\/\/www.hsymachinery.com\/products\/\"},{\"@type\":\"ListItem\",\"position\":3,\"name\":\"Rebar Bending Machine GW50\"}]},{\"@type\":\"WebSite\",\"@id\":\"https:\/\/www.hsymachinery.com\/#website\",\"url\":\"https:\/\/www.hsymachinery.com\/\",\"name\":\"HSY Construction Machinery\",\"description\":\"HSY Machinery \u2013 A leading China construction machinery supplier, offering a wide range of light construction equipment. Our main products include Rebar Cutting Machine, Rebar Bending Machine, Rebar Stirrup Bending Machine, Rebar Arc Bending Machine, Rebar Straightening Machine, Five-Head Rebar Stirrup Bending Machine, Tamping Rammer, Plate Compactor, Concrete Cutter, Power Trowel, and other construction machinery. We are equipped with advanced CNC machines, and we enforce strict quality inspection standards along with comprehensive after-sales service. If you are interested in our products or services, we warmly welcome your inquiries via message.\",\"publisher\":{\"@id\":\"https:\/\/www.hsymachinery.com\/#organization\"},\"potentialAction\":[{\"@type\":\"SearchAction\",\"target\":{\"@type\":\"EntryPoint\",\"urlTemplate\":\"https:\/\/www.hsymachinery.com\/?s={search_term_string}\"},\"query-input\":{\"@type\":\"PropertyValueSpecification\",\"valueRequired\":true,\"valueName\":\"search_term_string\"}}],\"inLanguage\":\"et\"},{\"@type\":\"Organization\",\"@id\":\"https:\/\/www.hsymachinery.com\/#organization\",\"name\":\"HSY Construction Machinery\",\"url\":\"https:\/\/www.hsymachinery.com\/\",\"logo\":{\"@type\":\"ImageObject\",\"inLanguage\":\"et\",\"@id\":\"https:\/\/www.hsymachinery.com\/#\/schema\/logo\/image\/\",\"url\":\"https:\/\/www.hsymachinery.com\/wp-content\/uploads\/2025\/06\/cropped-HSY-machinery.png\",\"contentUrl\":\"https:\/\/www.hsymachinery.com\/wp-content\/uploads\/2025\/06\/cropped-HSY-machinery.png\",\"width\":600,\"height\":240,\"caption\":\"HSY Construction Machinery\"},\"image\":{\"@id\":\"https:\/\/www.hsymachinery.com\/#\/schema\/logo\/image\/\"}}]}<\/script>\n<!-- \/ Yoast SEO plugin. -->","yoast_head_json":{"title":"Raua painutusmasin GW50 - HSY ehitusmasinad","description":"Rebar Bending Machine GW50 painutab 6-40mm terasvardaid suure t\u00e4psusega. Sobib monteeritavate tehaste, ehitusplatside ja rahvusvahelistele turgudele eksportimiseks.","robots":{"index":"index","follow":"follow","max-snippet":"max-snippet:-1","max-image-preview":"max-image-preview:large","max-video-preview":"max-video-preview:-1"},"canonical":"https:\/\/www.hsymachinery.com\/et\/toode\/betoonvarraste-painutusmasin-gw50\/","og_locale":"et_EE","og_type":"article","og_title":"Rebar Bending Machine GW50 - HSY Construction Machinery","og_description":"Rebar Bending Machine GW50 bends 6\u201340mm steel bars with high precision. Suitable for prefab plants, construction sites, and export to international markets.","og_url":"https:\/\/www.hsymachinery.com\/et\/toode\/betoonvarraste-painutusmasin-gw50\/","og_site_name":"HSY Construction Machinery","article_modified_time":"2025-06-25T15:19:27+00:00","og_image":[{"width":600,"height":600,"url":"https:\/\/www.hsymachinery.com\/wp-content\/uploads\/2025\/06\/Rebar-Bending-Machine-GW50.jpg","type":"image\/jpeg"}],"twitter_card":"summary_large_image","twitter_misc":{"Est. reading time":"2 minutit"},"schema":{"@context":"https:\/\/schema.org","@graph":[{"@type":"WebPage","@id":"https:\/\/www.hsymachinery.com\/product\/rebar-bending-machine-gw50\/","url":"https:\/\/www.hsymachinery.com\/product\/rebar-bending-machine-gw50\/","name":"Raua painutusmasin GW50 - HSY ehitusmasinad","isPartOf":{"@id":"https:\/\/www.hsymachinery.com\/#website"},"primaryImageOfPage":{"@id":"https:\/\/www.hsymachinery.com\/product\/rebar-bending-machine-gw50\/#primaryimage"},"image":{"@id":"https:\/\/www.hsymachinery.com\/product\/rebar-bending-machine-gw50\/#primaryimage"},"thumbnailUrl":"https:\/\/www.hsymachinery.com\/wp-content\/uploads\/2025\/06\/Rebar-Bending-Machine-GW50.jpg","datePublished":"2025-06-18T04:01:02+00:00","dateModified":"2025-06-25T15:19:27+00:00","description":"Rebar Bending Machine GW50 painutab 6-40mm terasvardaid suure t\u00e4psusega. Sobib monteeritavate tehaste, ehitusplatside ja rahvusvahelistele turgudele eksportimiseks.","breadcrumb":{"@id":"https:\/\/www.hsymachinery.com\/product\/rebar-bending-machine-gw50\/#breadcrumb"},"inLanguage":"et","potentialAction":[{"@type":"ReadAction","target":["https:\/\/www.hsymachinery.com\/product\/rebar-bending-machine-gw50\/"]}]},{"@type":"ImageObject","inLanguage":"et","@id":"https:\/\/www.hsymachinery.com\/product\/rebar-bending-machine-gw50\/#primaryimage","url":"https:\/\/www.hsymachinery.com\/wp-content\/uploads\/2025\/06\/Rebar-Bending-Machine-GW50.jpg","contentUrl":"https:\/\/www.hsymachinery.com\/wp-content\/uploads\/2025\/06\/Rebar-Bending-Machine-GW50.jpg","width":600,"height":600},{"@type":"BreadcrumbList","@id":"https:\/\/www.hsymachinery.com\/product\/rebar-bending-machine-gw50\/#breadcrumb","itemListElement":[{"@type":"ListItem","position":1,"name":"home","item":"https:\/\/www.hsymachinery.com\/"},{"@type":"ListItem","position":2,"name":"products","item":"https:\/\/www.hsymachinery.com\/products\/"},{"@type":"ListItem","position":3,"name":"Rebar Bending Machine GW50"}]},{"@type":"WebSite","@id":"https:\/\/www.hsymachinery.com\/#website","url":"https:\/\/www.hsymachinery.com\/","name":"HSY ehitusmasinad","description":"HSY Machinery - juhtiv Hiina ehitusmasinate tarnija, kes pakub laias valikus kerget ehitusseadmeid. Meie peamised tooted on Rebar Cutting Machine, Rebar Bending Machine, Rebar Stirrup Bending Machine, Rebar Arc Bending Machine, Rebar Straightening Machine, Five-Head Rebar Stirrup Bending Machine, Tamping Rammer, Plate Compactor, Betoon Cutter, Power Trowel ja muud ehitusmasinad. Oleme varustatud t\u00e4iustatud CNC-masinatega ja rakendame rangeid kvaliteedikontrolli standardeid koos tervikliku m\u00fc\u00fcgij\u00e4rgse teenindusega. Kui olete huvitatud meie toodetest v\u00f5i teenustest, ootame soojalt teie p\u00e4ringuid s\u00f5numi teel.","publisher":{"@id":"https:\/\/www.hsymachinery.com\/#organization"},"potentialAction":[{"@type":"SearchAction","target":{"@type":"EntryPoint","urlTemplate":"https:\/\/www.hsymachinery.com\/?s={search_term_string}"},"query-input":{"@type":"PropertyValueSpecification","valueRequired":true,"valueName":"search_term_string"}}],"inLanguage":"et"},{"@type":"Organization","@id":"https:\/\/www.hsymachinery.com\/#organization","name":"HSY ehitusmasinad","url":"https:\/\/www.hsymachinery.com\/","logo":{"@type":"ImageObject","inLanguage":"et","@id":"https:\/\/www.hsymachinery.com\/#\/schema\/logo\/image\/","url":"https:\/\/www.hsymachinery.com\/wp-content\/uploads\/2025\/06\/cropped-HSY-machinery.png","contentUrl":"https:\/\/www.hsymachinery.com\/wp-content\/uploads\/2025\/06\/cropped-HSY-machinery.png","width":600,"height":240,"caption":"HSY Construction Machinery"},"image":{"@id":"https:\/\/www.hsymachinery.com\/#\/schema\/logo\/image\/"}}]}},"_links":{"self":[{"href":"https:\/\/www.hsymachinery.com\/et\/wp-json\/wp\/v2\/product\/8946","targetHints":{"allow":["GET"]}}],"collection":[{"href":"https:\/\/www.hsymachinery.com\/et\/wp-json\/wp\/v2\/product"}],"about":[{"href":"https:\/\/www.hsymachinery.com\/et\/wp-json\/wp\/v2\/types\/product"}],"version-history":[{"count":4,"href":"https:\/\/www.hsymachinery.com\/et\/wp-json\/wp\/v2\/product\/8946\/revisions"}],"predecessor-version":[{"id":9355,"href":"https:\/\/www.hsymachinery.com\/et\/wp-json\/wp\/v2\/product\/8946\/revisions\/9355"}],"wp:featuredmedia":[{"embeddable":true,"href":"https:\/\/www.hsymachinery.com\/et\/wp-json\/wp\/v2\/media\/8947"}],"wp:attachment":[{"href":"https:\/\/www.hsymachinery.com\/et\/wp-json\/wp\/v2\/media?parent=8946"}],"wp:term":[{"taxonomy":"product_brand","embeddable":true,"href":"https:\/\/www.hsymachinery.com\/et\/wp-json\/wp\/v2\/product_brand?post=8946"},{"taxonomy":"product_cat","embeddable":true,"href":"https:\/\/www.hsymachinery.com\/et\/wp-json\/wp\/v2\/product_cat?post=8946"},{"taxonomy":"product_tag","embeddable":true,"href":"https:\/\/www.hsymachinery.com\/et\/wp-json\/wp\/v2\/product_tag?post=8946"}],"curies":[{"name":"wp","href":"https:\/\/api.w.org\/{rel}","templated":true}]}}