{"id":8939,"date":"2025-06-18T11:56:04","date_gmt":"2025-06-18T03:56:04","guid":{"rendered":"https:\/\/www.hsymachinery.com\/?post_type=product&#038;p=8939"},"modified":"2025-06-25T23:05:29","modified_gmt":"2025-06-25T15:05:29","slug":"raudtee-painutusmasin-gw40","status":"publish","type":"product","link":"https:\/\/www.hsymachinery.com\/et\/toode\/raudtee-painutusmasin-gw40\/","title":{"rendered":"Rebar Bending Machine GW40"},"content":{"rendered":"<h3 data-start=\"323\" data-end=\"410\">Kompaktne varraste painutusmasin 6-32mm varraste jaoks | Construction-Grade Steel Bar Bender<\/h3>\n<h3 data-start=\"417\" data-end=\"491\">Toote \u00fclevaade - Kohapeal kasutamiseks m\u00f5eldud kaasaskantavad terase painutusseadmed<\/h3>\n<p data-start=\"493\" data-end=\"869\">The <strong data-start=\"497\" data-end=\"527\">Rebar Bending Machine GW40<\/strong> on kompaktne, vastupidav ja v\u00e4ga t\u00f5hus <strong data-start=\"572\" data-end=\"596\">varraste painutamise lahendus<\/strong> kavandatud t\u00f6\u00f6tlemiseks <strong data-start=\"621\" data-end=\"636\">6mm kuni 32mm<\/strong> terasvardad. Olenemata sellest, kas te t\u00f6\u00f6tate v\u00e4ikestel elamualadel v\u00f5i keskmise suurusega ehitusprojektidel, see masin tagab iga kord puhta ja t\u00e4pse painutuse. See sobib ideaalselt vundamentide, sammaste, talade ja \u00fcldiste armeerimist\u00f6\u00f6de jaoks.<\/p>\n<p data-start=\"871\" data-end=\"1062\">T\u00e4nu oma kergele raamile ja lihtsale juhtimisele saavad t\u00f6\u00f6tajad liigutada ja k\u00e4sitseda <strong data-start=\"956\" data-end=\"975\">GW40 painutaja<\/strong> minimaalse v\u00e4lja\u00f5ppega. Selle tulemusena suureneb tootlikkus ja v\u00e4heneb t\u00f6\u00f6j\u00f5ukulu.<\/p>\n<h3 data-start=\"1069\" data-end=\"1128\">\u00a0T\u00e4pne nurga kontroll ja sujuv painutamine<\/h3>\n<p data-start=\"1130\" data-end=\"1439\">The <strong data-start=\"1134\" data-end=\"1164\">Rebar Bending Machine GW40<\/strong> kasutab paindenurga reguleerimiseks karastatud painutusplaati koos reguleeritavate stopperpoltidega. Operaatorid saavad kiiresti vahetada erinevate nurkade vahel - tavaliselt kuni 180\u00b0 - suure j\u00e4rjekindlusega. See omadus muudab masina sobivaks nii standardsete painutuste kui ka eritellimusel p\u00f5hinevate sarrusvormide jaoks.<\/p>\n<p data-start=\"1441\" data-end=\"1648\">Masin t\u00f6\u00f6tab v\u00f5imsa <strong data-start=\"1472\" data-end=\"1493\">vaskjuhtmega mootor<\/strong> mis tagab stabiilse p\u00f6\u00f6rdemomendi. Lisaks v\u00e4hendab suletud, m\u00e4\u00e4ritud k\u00e4igukast mehaanilist kulumist ja pikendab sisemiste komponentide kasutusiga.<\/p>\n<h3 data-start=\"1655\" data-end=\"1704\">Vastupidav struktuur ja \u00fclemaailmne \u00fchilduvus<\/h3>\n<p data-start=\"1706\" data-end=\"1978\">The <strong data-start=\"1710\" data-end=\"1740\">GW40 betoonvarraste painutusmasin<\/strong> omab tugevdatud malmist korpust, mis on loodud vastu pidama l\u00f6\u00f6kidele ja deformatsioonidele. Tugevad rattad parandavad teisaldatavust ja valikuline jalg- v\u00f5i k\u00e4sijuhtimine suurendab t\u00f6\u00f6ohutust. Masina kompaktsed m\u00f5\u00f5tmed on ideaalsed piiratud ruumiga t\u00f6\u00f6kohtades.<\/p>\n<p data-start=\"1980\" data-end=\"2197\">Lisaks toetab see <strong data-start=\"2005\" data-end=\"2052\">kohandatud pinge sisend (220V\/380V, 50Hz\/60Hz)<\/strong> sujuvaks rahvusvaheliseks kasutuselev\u00f5tuks. Selle vastupidav konstruktsioon ja paindlikud funktsioonid teevad sellest suurep\u00e4rase valiku ehitusettev\u00f5tetele kogu maailmas.<\/p>\n<h3 data-start=\"2204\" data-end=\"2252\">Miks valida GW40 Rebar Bending Machine?<\/h3>\n<ul data-start=\"2254\" data-end=\"2436\">\n<li data-start=\"2254\" data-end=\"2292\">\n<p data-start=\"2256\" data-end=\"2292\">Painutab t\u00e4pselt 6-32 mm terasvarraste<\/p>\n<\/li>\n<li data-start=\"2293\" data-end=\"2344\">\n<p data-start=\"2295\" data-end=\"2344\">Kaasaskantav ja lihtne kasutada kitsastel t\u00f6\u00f6kohtadel<\/p>\n<\/li>\n<li data-start=\"2345\" data-end=\"2387\">\n<p data-start=\"2347\" data-end=\"2387\">Vastupidav k\u00e4igukast ja kauakestev mootor<\/p>\n<\/li>\n<li data-start=\"2388\" data-end=\"2436\">\n<p data-start=\"2390\" data-end=\"2436\">Ideaalne ekspordiks ja \u00fclemaailmseks ehituskasutuseks<\/p>\n<\/li>\n<\/ul>\n<p><iframe title=\"1TP10Konstruktsioon 1TP10Konstruktsioonit\u00f6\u00f6line #rebarmachine #rebarbender #rebarbender #rebarbending #rebarbending\" width=\"720\" height=\"405\" src=\"https:\/\/www.youtube.com\/embed\/GX-U7SGMcVc?feature=oembed\" frameborder=\"0\" allow=\"accelerometer; autoplay; clipboard-write; encrypted-media; gyroscope; picture-in-picture; web-share\" referrerpolicy=\"strict-origin-when-cross-origin\" allowfullscreen><\/iframe><\/p>","protected":false},"excerpt":{"rendered":"<p>GW40 Rebar Bending Machine painutab 6-32mm varraste t\u00e4pselt ja kontrollitult. T\u00e4nu kompaktsele suurusele ja lihtsale juhtimisele sobib see ideaalselt \u00fcldistele ehitusplatsidele.<\/p>","protected":false},"featured_media":8941,"template":"","meta":{"_kad_post_transparent":"default","_kad_post_title":"","_kad_post_layout":"default","_kad_post_sidebar_id":"","_kad_post_content_style":"default","_kad_post_vertical_padding":"default","_kad_post_feature":"","_kad_post_feature_position":"","_kad_post_header":false,"_kad_post_footer":false},"product_brand":[],"product_cat":[28],"product_tag":[998,1004,996,1003,997,1000,1001,999,995,1002],"class_list":{"0":"post-8939","1":"product","2":"type-product","3":"status-publish","4":"has-post-thumbnail","6":"product_cat-rebar-bending-machine","7":"product_tag-automatic-rebar-bending-machine","8":"product_tag-bar-bending-machine-price","9":"product_tag-cnc-rebar-bending-machine","10":"product_tag-construction-rebar-bender","11":"product_tag-electric-rebar-bender","12":"product_tag-electric-rebar-bending-machine","13":"product_tag-hydraulic-rebar-bending-machine","14":"product_tag-portable-rebar-bender","15":"product_tag-rebar-bender","16":"product_tag-steel-bar-bender","18":"first","19":"instock","20":"featured","21":"shipping-taxable","22":"product-type-simple","23":"entry","24":"content-bg","25":"loop-entry"},"yoast_head":"<!-- This site is optimized with the Yoast SEO plugin v25.3.1 - https:\/\/yoast.com\/wordpress\/plugins\/seo\/ -->\n<title>Rebar Bending Machine GW40 - HSY Construction Machinery<\/title>\n<meta name=\"description\" content=\"Rebar Bending Machine GW40 bends 6\u201332mm steel bars with high accuracy. Compact, portable, and suitable for export to construction markets worldwide.\" \/>\n<meta name=\"robots\" content=\"index, follow, max-snippet:-1, max-image-preview:large, max-video-preview:-1\" \/>\n<link rel=\"canonical\" href=\"https:\/\/www.hsymachinery.com\/et\/toode\/raudtee-painutusmasin-gw40\/\" \/>\n<meta property=\"og:locale\" content=\"et_EE\" \/>\n<meta property=\"og:type\" content=\"article\" \/>\n<meta property=\"og:title\" content=\"Rebar Bending Machine GW40 - HSY Construction Machinery\" \/>\n<meta property=\"og:description\" content=\"Rebar Bending Machine GW40 bends 6\u201332mm steel bars with high accuracy. Compact, portable, and suitable for export to construction markets worldwide.\" \/>\n<meta property=\"og:url\" content=\"https:\/\/www.hsymachinery.com\/et\/toode\/raudtee-painutusmasin-gw40\/\" \/>\n<meta property=\"og:site_name\" content=\"HSY Construction Machinery\" \/>\n<meta property=\"article:modified_time\" content=\"2025-06-25T15:05:29+00:00\" \/>\n<meta property=\"og:image\" content=\"https:\/\/www.hsymachinery.com\/wp-content\/uploads\/2025\/06\/Rebar-Bending-Machine-GW40.jpg\" \/>\n\t<meta property=\"og:image:width\" content=\"600\" \/>\n\t<meta property=\"og:image:height\" content=\"600\" \/>\n\t<meta property=\"og:image:type\" content=\"image\/jpeg\" \/>\n<meta name=\"twitter:card\" content=\"summary_large_image\" \/>\n<meta name=\"twitter:label1\" content=\"Est. reading time\" \/>\n\t<meta name=\"twitter:data1\" content=\"2 minutit\" \/>\n<script type=\"application\/ld+json\" class=\"yoast-schema-graph\">{\"@context\":\"https:\/\/schema.org\",\"@graph\":[{\"@type\":\"WebPage\",\"@id\":\"https:\/\/www.hsymachinery.com\/product\/rebar-bending-machine-gw40\/\",\"url\":\"https:\/\/www.hsymachinery.com\/product\/rebar-bending-machine-gw40\/\",\"name\":\"Rebar Bending Machine GW40 - HSY Construction Machinery\",\"isPartOf\":{\"@id\":\"https:\/\/www.hsymachinery.com\/#website\"},\"primaryImageOfPage\":{\"@id\":\"https:\/\/www.hsymachinery.com\/product\/rebar-bending-machine-gw40\/#primaryimage\"},\"image\":{\"@id\":\"https:\/\/www.hsymachinery.com\/product\/rebar-bending-machine-gw40\/#primaryimage\"},\"thumbnailUrl\":\"https:\/\/www.hsymachinery.com\/wp-content\/uploads\/2025\/06\/Rebar-Bending-Machine-GW40.jpg\",\"datePublished\":\"2025-06-18T03:56:04+00:00\",\"dateModified\":\"2025-06-25T15:05:29+00:00\",\"description\":\"Rebar Bending Machine GW40 bends 6\u201332mm steel bars with high accuracy. Compact, portable, and suitable for export to construction markets worldwide.\",\"breadcrumb\":{\"@id\":\"https:\/\/www.hsymachinery.com\/product\/rebar-bending-machine-gw40\/#breadcrumb\"},\"inLanguage\":\"et\",\"potentialAction\":[{\"@type\":\"ReadAction\",\"target\":[\"https:\/\/www.hsymachinery.com\/product\/rebar-bending-machine-gw40\/\"]}]},{\"@type\":\"ImageObject\",\"inLanguage\":\"et\",\"@id\":\"https:\/\/www.hsymachinery.com\/product\/rebar-bending-machine-gw40\/#primaryimage\",\"url\":\"https:\/\/www.hsymachinery.com\/wp-content\/uploads\/2025\/06\/Rebar-Bending-Machine-GW40.jpg\",\"contentUrl\":\"https:\/\/www.hsymachinery.com\/wp-content\/uploads\/2025\/06\/Rebar-Bending-Machine-GW40.jpg\",\"width\":600,\"height\":600},{\"@type\":\"BreadcrumbList\",\"@id\":\"https:\/\/www.hsymachinery.com\/product\/rebar-bending-machine-gw40\/#breadcrumb\",\"itemListElement\":[{\"@type\":\"ListItem\",\"position\":1,\"name\":\"home\",\"item\":\"https:\/\/www.hsymachinery.com\/\"},{\"@type\":\"ListItem\",\"position\":2,\"name\":\"products\",\"item\":\"https:\/\/www.hsymachinery.com\/products\/\"},{\"@type\":\"ListItem\",\"position\":3,\"name\":\"Rebar Bending Machine GW40\"}]},{\"@type\":\"WebSite\",\"@id\":\"https:\/\/www.hsymachinery.com\/#website\",\"url\":\"https:\/\/www.hsymachinery.com\/\",\"name\":\"HSY Construction Machinery\",\"description\":\"HSY Machinery \u2013 A leading China construction machinery supplier, offering a wide range of light construction equipment. Our main products include Rebar Cutting Machine, Rebar Bending Machine, Rebar Stirrup Bending Machine, Rebar Arc Bending Machine, Rebar Straightening Machine, Five-Head Rebar Stirrup Bending Machine, Tamping Rammer, Plate Compactor, Concrete Cutter, Power Trowel, and other construction machinery. We are equipped with advanced CNC machines, and we enforce strict quality inspection standards along with comprehensive after-sales service. If you are interested in our products or services, we warmly welcome your inquiries via message.\",\"publisher\":{\"@id\":\"https:\/\/www.hsymachinery.com\/#organization\"},\"potentialAction\":[{\"@type\":\"SearchAction\",\"target\":{\"@type\":\"EntryPoint\",\"urlTemplate\":\"https:\/\/www.hsymachinery.com\/?s={search_term_string}\"},\"query-input\":{\"@type\":\"PropertyValueSpecification\",\"valueRequired\":true,\"valueName\":\"search_term_string\"}}],\"inLanguage\":\"et\"},{\"@type\":\"Organization\",\"@id\":\"https:\/\/www.hsymachinery.com\/#organization\",\"name\":\"HSY Construction Machinery\",\"url\":\"https:\/\/www.hsymachinery.com\/\",\"logo\":{\"@type\":\"ImageObject\",\"inLanguage\":\"et\",\"@id\":\"https:\/\/www.hsymachinery.com\/#\/schema\/logo\/image\/\",\"url\":\"https:\/\/www.hsymachinery.com\/wp-content\/uploads\/2025\/06\/cropped-HSY-machinery.png\",\"contentUrl\":\"https:\/\/www.hsymachinery.com\/wp-content\/uploads\/2025\/06\/cropped-HSY-machinery.png\",\"width\":600,\"height\":240,\"caption\":\"HSY Construction Machinery\"},\"image\":{\"@id\":\"https:\/\/www.hsymachinery.com\/#\/schema\/logo\/image\/\"}}]}<\/script>\n<!-- \/ Yoast SEO plugin. -->","yoast_head_json":{"title":"Raua painutusmasin GW40 - HSY ehitusmasinad","description":"Rebar Bending Machine GW40 painutab 6-32mm terasvardaid suure t\u00e4psusega. Kompaktne, kaasaskantav ja sobib ekspordiks ehitusturgudele kogu maailmas.","robots":{"index":"index","follow":"follow","max-snippet":"max-snippet:-1","max-image-preview":"max-image-preview:large","max-video-preview":"max-video-preview:-1"},"canonical":"https:\/\/www.hsymachinery.com\/et\/toode\/raudtee-painutusmasin-gw40\/","og_locale":"et_EE","og_type":"article","og_title":"Rebar Bending Machine GW40 - HSY Construction Machinery","og_description":"Rebar Bending Machine GW40 bends 6\u201332mm steel bars with high accuracy. Compact, portable, and suitable for export to construction markets worldwide.","og_url":"https:\/\/www.hsymachinery.com\/et\/toode\/raudtee-painutusmasin-gw40\/","og_site_name":"HSY Construction Machinery","article_modified_time":"2025-06-25T15:05:29+00:00","og_image":[{"width":600,"height":600,"url":"https:\/\/www.hsymachinery.com\/wp-content\/uploads\/2025\/06\/Rebar-Bending-Machine-GW40.jpg","type":"image\/jpeg"}],"twitter_card":"summary_large_image","twitter_misc":{"Est. reading time":"2 minutit"},"schema":{"@context":"https:\/\/schema.org","@graph":[{"@type":"WebPage","@id":"https:\/\/www.hsymachinery.com\/product\/rebar-bending-machine-gw40\/","url":"https:\/\/www.hsymachinery.com\/product\/rebar-bending-machine-gw40\/","name":"Raua painutusmasin GW40 - HSY ehitusmasinad","isPartOf":{"@id":"https:\/\/www.hsymachinery.com\/#website"},"primaryImageOfPage":{"@id":"https:\/\/www.hsymachinery.com\/product\/rebar-bending-machine-gw40\/#primaryimage"},"image":{"@id":"https:\/\/www.hsymachinery.com\/product\/rebar-bending-machine-gw40\/#primaryimage"},"thumbnailUrl":"https:\/\/www.hsymachinery.com\/wp-content\/uploads\/2025\/06\/Rebar-Bending-Machine-GW40.jpg","datePublished":"2025-06-18T03:56:04+00:00","dateModified":"2025-06-25T15:05:29+00:00","description":"Rebar Bending Machine GW40 painutab 6-32mm terasvardaid suure t\u00e4psusega. Kompaktne, kaasaskantav ja sobib ekspordiks ehitusturgudele kogu maailmas.","breadcrumb":{"@id":"https:\/\/www.hsymachinery.com\/product\/rebar-bending-machine-gw40\/#breadcrumb"},"inLanguage":"et","potentialAction":[{"@type":"ReadAction","target":["https:\/\/www.hsymachinery.com\/product\/rebar-bending-machine-gw40\/"]}]},{"@type":"ImageObject","inLanguage":"et","@id":"https:\/\/www.hsymachinery.com\/product\/rebar-bending-machine-gw40\/#primaryimage","url":"https:\/\/www.hsymachinery.com\/wp-content\/uploads\/2025\/06\/Rebar-Bending-Machine-GW40.jpg","contentUrl":"https:\/\/www.hsymachinery.com\/wp-content\/uploads\/2025\/06\/Rebar-Bending-Machine-GW40.jpg","width":600,"height":600},{"@type":"BreadcrumbList","@id":"https:\/\/www.hsymachinery.com\/product\/rebar-bending-machine-gw40\/#breadcrumb","itemListElement":[{"@type":"ListItem","position":1,"name":"home","item":"https:\/\/www.hsymachinery.com\/"},{"@type":"ListItem","position":2,"name":"products","item":"https:\/\/www.hsymachinery.com\/products\/"},{"@type":"ListItem","position":3,"name":"Rebar Bending Machine GW40"}]},{"@type":"WebSite","@id":"https:\/\/www.hsymachinery.com\/#website","url":"https:\/\/www.hsymachinery.com\/","name":"HSY ehitusmasinad","description":"HSY Machinery - juhtiv Hiina ehitusmasinate tarnija, kes pakub laias valikus kerget ehitusseadmeid. Meie peamised tooted on Rebar Cutting Machine, Rebar Bending Machine, Rebar Stirrup Bending Machine, Rebar Arc Bending Machine, Rebar Straightening Machine, Five-Head Rebar Stirrup Bending Machine, Tamping Rammer, Plate Compactor, Betoon Cutter, Power Trowel ja muud ehitusmasinad. Oleme varustatud t\u00e4iustatud CNC-masinatega ja rakendame rangeid kvaliteedikontrolli standardeid koos tervikliku m\u00fc\u00fcgij\u00e4rgse teenindusega. Kui olete huvitatud meie toodetest v\u00f5i teenustest, ootame soojalt teie p\u00e4ringuid s\u00f5numi teel.","publisher":{"@id":"https:\/\/www.hsymachinery.com\/#organization"},"potentialAction":[{"@type":"SearchAction","target":{"@type":"EntryPoint","urlTemplate":"https:\/\/www.hsymachinery.com\/?s={search_term_string}"},"query-input":{"@type":"PropertyValueSpecification","valueRequired":true,"valueName":"search_term_string"}}],"inLanguage":"et"},{"@type":"Organization","@id":"https:\/\/www.hsymachinery.com\/#organization","name":"HSY ehitusmasinad","url":"https:\/\/www.hsymachinery.com\/","logo":{"@type":"ImageObject","inLanguage":"et","@id":"https:\/\/www.hsymachinery.com\/#\/schema\/logo\/image\/","url":"https:\/\/www.hsymachinery.com\/wp-content\/uploads\/2025\/06\/cropped-HSY-machinery.png","contentUrl":"https:\/\/www.hsymachinery.com\/wp-content\/uploads\/2025\/06\/cropped-HSY-machinery.png","width":600,"height":240,"caption":"HSY Construction Machinery"},"image":{"@id":"https:\/\/www.hsymachinery.com\/#\/schema\/logo\/image\/"}}]}},"_links":{"self":[{"href":"https:\/\/www.hsymachinery.com\/et\/wp-json\/wp\/v2\/product\/8939","targetHints":{"allow":["GET"]}}],"collection":[{"href":"https:\/\/www.hsymachinery.com\/et\/wp-json\/wp\/v2\/product"}],"about":[{"href":"https:\/\/www.hsymachinery.com\/et\/wp-json\/wp\/v2\/types\/product"}],"version-history":[{"count":3,"href":"https:\/\/www.hsymachinery.com\/et\/wp-json\/wp\/v2\/product\/8939\/revisions"}],"predecessor-version":[{"id":9350,"href":"https:\/\/www.hsymachinery.com\/et\/wp-json\/wp\/v2\/product\/8939\/revisions\/9350"}],"wp:featuredmedia":[{"embeddable":true,"href":"https:\/\/www.hsymachinery.com\/et\/wp-json\/wp\/v2\/media\/8941"}],"wp:attachment":[{"href":"https:\/\/www.hsymachinery.com\/et\/wp-json\/wp\/v2\/media?parent=8939"}],"wp:term":[{"taxonomy":"product_brand","embeddable":true,"href":"https:\/\/www.hsymachinery.com\/et\/wp-json\/wp\/v2\/product_brand?post=8939"},{"taxonomy":"product_cat","embeddable":true,"href":"https:\/\/www.hsymachinery.com\/et\/wp-json\/wp\/v2\/product_cat?post=8939"},{"taxonomy":"product_tag","embeddable":true,"href":"https:\/\/www.hsymachinery.com\/et\/wp-json\/wp\/v2\/product_tag?post=8939"}],"curies":[{"name":"wp","href":"https:\/\/api.w.org\/{rel}","templated":true}]}}