{"id":8924,"date":"2025-06-18T11:25:48","date_gmt":"2025-06-18T03:25:48","guid":{"rendered":"https:\/\/www.hsymachinery.com\/?post_type=product&#038;p=8924"},"modified":"2025-06-25T20:59:05","modified_gmt":"2025-06-25T12:59:05","slug":"raudtee-loikemasin-gq50-ummargune-nuga","status":"publish","type":"product","link":"https:\/\/www.hsymachinery.com\/et\/toode\/raudtee-loikemasin-gq50-ummargune-nuga\/","title":{"rendered":"Rebar l\u00f5ikamise masin GQ50 (\u00fcmmargune nuga)"},"content":{"rendered":"<h3 data-start=\"232\" data-end=\"318\">Toote \u00fclevaade - Suure v\u00f5imsusega varraste t\u00f6\u00f6tlemise masin 6-40mm terasvarraste jaoks<\/h3>\n<p data-start=\"320\" data-end=\"709\">The <strong data-start=\"324\" data-end=\"368\">Rebar l\u00f5ikamise masin GQ50 (\u00fcmmargune nuga)<\/strong> on v\u00f5imas ja t\u00f5hus terasvarraste l\u00f5ikamise masin, mis on m\u00f5eldud suuremahuliseks ja pidevaks t\u00f6\u00f6ks. See toetab j\u00e4rgmiste materjalide l\u00f5ikamist <strong data-start=\"497\" data-end=\"512\">6mm kuni 40mm<\/strong> s\u00fcsinikteras, deformeerunud vardad ja \u00fcmmargune betoonvarras. Selle \u00fcmmarguse noa konstruktsioon pakub veerevat l\u00f5ikamist, mis v\u00e4hendab oluliselt vastupanu ja tera kulumist v\u00f5rreldes traditsiooniliste lamedate nugadega.<\/p>\n<p data-start=\"711\" data-end=\"855\">Seda mudelit kasutatakse laialdaselt teede- ja sillaehituses, \u00e4rihoonetes, sarrusepatoodete valmistamise t\u00f6\u00f6kodades ja infrastruktuuri arendamisel.<\/p>\n<h3 data-start=\"862\" data-end=\"913\">Veerev l\u00f5ikemehhanism puhta ja kiire l\u00f5ikamise jaoks<\/h3>\n<p data-start=\"915\" data-end=\"1212\">\u00dcmmarguse noa s\u00fcsteem loob sujuvama l\u00f5ikamise kogemuse, rakendades terasvarraste \u00fcle rulliva surve. Selle tulemusena on l\u00f5ikepind puhtam, \u00fchtlasem ja v\u00e4hem deformeeruv. Lisaks v\u00e4hendab see konstruktsioon mootori koormust ja pikendab terade kasutusiga.<\/p>\n<p data-start=\"1214\" data-end=\"1524\">The <strong data-start=\"1218\" data-end=\"1262\"><a href=\"https:\/\/www.hsymachinery.com\/et\/tooted\/raudtee-loikamismasin\/\" target=\"_blank\" rel=\"noopener\">Rebar l\u00f5ikamise masin<\/a> GQ50 (\u00fcmmargune nuga)<\/strong> on varustatud suure t\u00f5hususega vaskmootori ja t\u00e4psusega k\u00e4igukastiga, mis t\u00f6\u00f6tavad koos, et tagada \u00fchtlane p\u00f6\u00f6rdemomendi v\u00e4ljund ka pikkade t\u00f6\u00f6sessioonide ajal. Mootor t\u00f6\u00f6tab minimaalse kuumuse ja vibratsiooniga, tagades ohutu, vaikse ja stabiilse t\u00f6\u00f6.<\/p>\n<h3 data-start=\"1531\" data-end=\"1587\">Raske konstruktsioon globaalse \u00fchilduvusega<\/h3>\n<p data-start=\"1589\" data-end=\"1844\">Raam on valmistatud tugevdatud malmist, mis tagab suurep\u00e4rase tugevuse ja l\u00f6\u00f6gikindluse. Masinal on tugevad rattad, mis v\u00f5imaldavad h\u00f5lpsat liikumist t\u00f6\u00f6platsidel, ning selle k\u00e4sitsi juhitav hoob v\u00f5imaldab operaatoritel iga l\u00f5ikust t\u00e4pselt juhtida.<\/p>\n<p data-start=\"1846\" data-end=\"2037\">Lisaks muudab avatud juurdep\u00e4\u00e4suga konstruktsioon terade vahetamise ja sisemise hoolduse kiireks ja lihtsaks. Koos <strong data-start=\"1947\" data-end=\"1982\">220V\/380V ja 50Hz\/60Hz valikud<\/strong>see masin on t\u00e4ielikult valmis rahvusvaheliseks ekspordiks.<\/p>\n<h3 data-start=\"2044\" data-end=\"2089\">Miks valida GQ50 \u00fcmmarguse noa l\u00f5ikur?<\/h3>\n<ul data-start=\"2091\" data-end=\"2296\">\n<li data-start=\"2091\" data-end=\"2149\">\n<p data-start=\"2093\" data-end=\"2149\">L\u00f5ikab 6-40 mm terasvarraste \u00fcmarate terade veeretamisega<\/p>\n<\/li>\n<li data-start=\"2150\" data-end=\"2205\">\n<p data-start=\"2152\" data-end=\"2205\">V\u00e4hendab l\u00f5iketakistust ja suurendab t\u00f5husust<\/p>\n<\/li>\n<li data-start=\"2206\" data-end=\"2254\">\n<p data-start=\"2208\" data-end=\"2254\">Vastupidav konstruktsioon kiire hoolduse juurdep\u00e4\u00e4suga<\/p>\n<\/li>\n<li data-start=\"2255\" data-end=\"2296\">\n<p data-start=\"2257\" data-end=\"2296\">Ideaalne raskeveokitele ja eksporditurgudele<\/p>\n<\/li>\n<\/ul>\n<p data-start=\"2298\" data-end=\"2419\">Valige <strong data-start=\"2309\" data-end=\"2353\">Rebar l\u00f5ikamise masin GQ50 (\u00fcmmargune nuga)<\/strong> et t\u00e4iustada terasvarraste t\u00f6\u00f6tlemist maksimaalse usaldusv\u00e4\u00e4rsusega.<\/p>\n<p><iframe title=\"raudvarraste l\u00f5ikemasinraudvarraste l\u00f5ikemasin ,terasvarraste l\u00f5ikemasin ,ehitusmasinad ,ehitusmasinad\" width=\"720\" height=\"405\" src=\"https:\/\/www.youtube.com\/embed\/cIrJPBezWsw?feature=oembed\" frameborder=\"0\" allow=\"accelerometer; autoplay; clipboard-write; encrypted-media; gyroscope; picture-in-picture; web-share\" referrerpolicy=\"strict-origin-when-cross-origin\" allowfullscreen><\/iframe><\/p>","protected":false},"excerpt":{"rendered":"<p>GQ50 Round Knife Rebar Cutting Machine t\u00f6\u00f6tleb t\u00f5husalt 6-40mm terasvarraste veereva l\u00f5ikuriga, tagades sujuvad l\u00f5iked, madala vastupidavuse ja suure vastupidavuse pidevaks t\u00f6\u00f6ks objektil.<\/p>","protected":false},"featured_media":8925,"template":"","meta":{"_kad_post_transparent":"default","_kad_post_title":"","_kad_post_layout":"default","_kad_post_sidebar_id":"","_kad_post_content_style":"default","_kad_post_vertical_padding":"default","_kad_post_feature":"","_kad_post_feature_position":"","_kad_post_header":false,"_kad_post_footer":false},"product_brand":[],"product_cat":[51],"product_tag":[988,992,990,989,993,985,994,987,984,991,986],"class_list":{"0":"post-8924","1":"product","2":"type-product","3":"status-publish","4":"has-post-thumbnail","6":"product_cat-rebar-cutting-machine","7":"product_tag-automatic-rebar-cutter","8":"product_tag-construction-steel-bar-cutter","9":"product_tag-electric-rebar-cutting-tool","10":"product_tag-hydraulic-rebar-cutting-machine","11":"product_tag-portable-rebar-cutting-machine","12":"product_tag-rebar-cutter","13":"product_tag-rebar-cutting-machine","14":"product_tag-reinforcement-bar-cutter","15":"product_tag-steel-bar-cutting-machine","16":"product_tag-steel-rod-cutter-machine","17":"product_tag-tmt-bar-cutting-machine","19":"first","20":"instock","21":"shipping-taxable","22":"product-type-simple","23":"entry","24":"content-bg","25":"loop-entry"},"yoast_head":"<!-- This site is optimized with the Yoast SEO plugin v25.3.1 - https:\/\/yoast.com\/wordpress\/plugins\/seo\/ -->\n<title>Rebar Cutting Machine GQ50 (Round knife) - HSY Construction Machinery<\/title>\n<meta name=\"description\" content=\"Rebar Cutting Machine GQ50 (Round Knife) delivers fast, clean rolling-shear cuts for 6\u201340mm rebar. Built for high-output construction and international markets.\" \/>\n<meta name=\"robots\" content=\"index, follow, max-snippet:-1, max-image-preview:large, max-video-preview:-1\" \/>\n<link rel=\"canonical\" href=\"https:\/\/www.hsymachinery.com\/et\/toode\/raudtee-loikemasin-gq50-ummargune-nuga\/\" \/>\n<meta property=\"og:locale\" content=\"et_EE\" \/>\n<meta property=\"og:type\" content=\"article\" \/>\n<meta property=\"og:title\" content=\"Rebar Cutting Machine GQ50 (Round knife) - HSY Construction Machinery\" \/>\n<meta property=\"og:description\" content=\"Rebar Cutting Machine GQ50 (Round Knife) delivers fast, clean rolling-shear cuts for 6\u201340mm rebar. Built for high-output construction and international markets.\" \/>\n<meta property=\"og:url\" content=\"https:\/\/www.hsymachinery.com\/et\/toode\/raudtee-loikemasin-gq50-ummargune-nuga\/\" \/>\n<meta property=\"og:site_name\" content=\"HSY Construction Machinery\" \/>\n<meta property=\"article:modified_time\" content=\"2025-06-25T12:59:05+00:00\" \/>\n<meta property=\"og:image\" content=\"https:\/\/www.hsymachinery.com\/wp-content\/uploads\/2025\/06\/Rebar-Cutting-Machine-GQ50-Round-knife.jpg\" \/>\n\t<meta property=\"og:image:width\" content=\"600\" \/>\n\t<meta property=\"og:image:height\" content=\"600\" \/>\n\t<meta property=\"og:image:type\" content=\"image\/jpeg\" \/>\n<meta name=\"twitter:card\" content=\"summary_large_image\" \/>\n<meta name=\"twitter:label1\" content=\"Est. reading time\" \/>\n\t<meta name=\"twitter:data1\" content=\"2 minutit\" \/>\n<script type=\"application\/ld+json\" class=\"yoast-schema-graph\">{\"@context\":\"https:\/\/schema.org\",\"@graph\":[{\"@type\":\"WebPage\",\"@id\":\"https:\/\/www.hsymachinery.com\/product\/rebar-cutting-machine-gq50-round-knife\/\",\"url\":\"https:\/\/www.hsymachinery.com\/product\/rebar-cutting-machine-gq50-round-knife\/\",\"name\":\"Rebar Cutting Machine GQ50 (Round knife) - HSY Construction Machinery\",\"isPartOf\":{\"@id\":\"https:\/\/www.hsymachinery.com\/#website\"},\"primaryImageOfPage\":{\"@id\":\"https:\/\/www.hsymachinery.com\/product\/rebar-cutting-machine-gq50-round-knife\/#primaryimage\"},\"image\":{\"@id\":\"https:\/\/www.hsymachinery.com\/product\/rebar-cutting-machine-gq50-round-knife\/#primaryimage\"},\"thumbnailUrl\":\"https:\/\/www.hsymachinery.com\/wp-content\/uploads\/2025\/06\/Rebar-Cutting-Machine-GQ50-Round-knife.jpg\",\"datePublished\":\"2025-06-18T03:25:48+00:00\",\"dateModified\":\"2025-06-25T12:59:05+00:00\",\"description\":\"Rebar Cutting Machine GQ50 (Round Knife) delivers fast, clean rolling-shear cuts for 6\u201340mm rebar. Built for high-output construction and international markets.\",\"breadcrumb\":{\"@id\":\"https:\/\/www.hsymachinery.com\/product\/rebar-cutting-machine-gq50-round-knife\/#breadcrumb\"},\"inLanguage\":\"et\",\"potentialAction\":[{\"@type\":\"ReadAction\",\"target\":[\"https:\/\/www.hsymachinery.com\/product\/rebar-cutting-machine-gq50-round-knife\/\"]}]},{\"@type\":\"ImageObject\",\"inLanguage\":\"et\",\"@id\":\"https:\/\/www.hsymachinery.com\/product\/rebar-cutting-machine-gq50-round-knife\/#primaryimage\",\"url\":\"https:\/\/www.hsymachinery.com\/wp-content\/uploads\/2025\/06\/Rebar-Cutting-Machine-GQ50-Round-knife.jpg\",\"contentUrl\":\"https:\/\/www.hsymachinery.com\/wp-content\/uploads\/2025\/06\/Rebar-Cutting-Machine-GQ50-Round-knife.jpg\",\"width\":600,\"height\":600},{\"@type\":\"BreadcrumbList\",\"@id\":\"https:\/\/www.hsymachinery.com\/product\/rebar-cutting-machine-gq50-round-knife\/#breadcrumb\",\"itemListElement\":[{\"@type\":\"ListItem\",\"position\":1,\"name\":\"home\",\"item\":\"https:\/\/www.hsymachinery.com\/\"},{\"@type\":\"ListItem\",\"position\":2,\"name\":\"products\",\"item\":\"https:\/\/www.hsymachinery.com\/products\/\"},{\"@type\":\"ListItem\",\"position\":3,\"name\":\"Rebar Cutting Machine GQ50 (Round knife)\"}]},{\"@type\":\"WebSite\",\"@id\":\"https:\/\/www.hsymachinery.com\/#website\",\"url\":\"https:\/\/www.hsymachinery.com\/\",\"name\":\"HSY Construction Machinery\",\"description\":\"HSY Machinery \u2013 A leading China construction machinery supplier, offering a wide range of light construction equipment. Our main products include Rebar Cutting Machine, Rebar Bending Machine, Rebar Stirrup Bending Machine, Rebar Arc Bending Machine, Rebar Straightening Machine, Five-Head Rebar Stirrup Bending Machine, Tamping Rammer, Plate Compactor, Concrete Cutter, Power Trowel, and other construction machinery. We are equipped with advanced CNC machines, and we enforce strict quality inspection standards along with comprehensive after-sales service. If you are interested in our products or services, we warmly welcome your inquiries via message.\",\"publisher\":{\"@id\":\"https:\/\/www.hsymachinery.com\/#organization\"},\"potentialAction\":[{\"@type\":\"SearchAction\",\"target\":{\"@type\":\"EntryPoint\",\"urlTemplate\":\"https:\/\/www.hsymachinery.com\/?s={search_term_string}\"},\"query-input\":{\"@type\":\"PropertyValueSpecification\",\"valueRequired\":true,\"valueName\":\"search_term_string\"}}],\"inLanguage\":\"et\"},{\"@type\":\"Organization\",\"@id\":\"https:\/\/www.hsymachinery.com\/#organization\",\"name\":\"HSY Construction Machinery\",\"url\":\"https:\/\/www.hsymachinery.com\/\",\"logo\":{\"@type\":\"ImageObject\",\"inLanguage\":\"et\",\"@id\":\"https:\/\/www.hsymachinery.com\/#\/schema\/logo\/image\/\",\"url\":\"https:\/\/www.hsymachinery.com\/wp-content\/uploads\/2025\/06\/cropped-HSY-machinery.png\",\"contentUrl\":\"https:\/\/www.hsymachinery.com\/wp-content\/uploads\/2025\/06\/cropped-HSY-machinery.png\",\"width\":600,\"height\":240,\"caption\":\"HSY Construction Machinery\"},\"image\":{\"@id\":\"https:\/\/www.hsymachinery.com\/#\/schema\/logo\/image\/\"}}]}<\/script>\n<!-- \/ Yoast SEO plugin. -->","yoast_head_json":{"title":"Raua l\u00f5ikamise masin GQ50 (\u00fcmmargune nuga) - HSY ehitusmasinad","description":"Rebaril\u00f5ikamismasin GQ50 (\u00fcmmargune nuga) pakub kiireid ja puhtaid jooksvaid l\u00f5ikel\u00f5ikeid 6-40 mm paksusele betoonitangile. Ehitatud suure tootlikkusega ehituseks ja rahvusvahelistele turgudele.","robots":{"index":"index","follow":"follow","max-snippet":"max-snippet:-1","max-image-preview":"max-image-preview:large","max-video-preview":"max-video-preview:-1"},"canonical":"https:\/\/www.hsymachinery.com\/et\/toode\/raudtee-loikemasin-gq50-ummargune-nuga\/","og_locale":"et_EE","og_type":"article","og_title":"Rebar Cutting Machine GQ50 (Round knife) - HSY Construction Machinery","og_description":"Rebar Cutting Machine GQ50 (Round Knife) delivers fast, clean rolling-shear cuts for 6\u201340mm rebar. Built for high-output construction and international markets.","og_url":"https:\/\/www.hsymachinery.com\/et\/toode\/raudtee-loikemasin-gq50-ummargune-nuga\/","og_site_name":"HSY Construction Machinery","article_modified_time":"2025-06-25T12:59:05+00:00","og_image":[{"width":600,"height":600,"url":"https:\/\/www.hsymachinery.com\/wp-content\/uploads\/2025\/06\/Rebar-Cutting-Machine-GQ50-Round-knife.jpg","type":"image\/jpeg"}],"twitter_card":"summary_large_image","twitter_misc":{"Est. reading time":"2 minutit"},"schema":{"@context":"https:\/\/schema.org","@graph":[{"@type":"WebPage","@id":"https:\/\/www.hsymachinery.com\/product\/rebar-cutting-machine-gq50-round-knife\/","url":"https:\/\/www.hsymachinery.com\/product\/rebar-cutting-machine-gq50-round-knife\/","name":"Raua l\u00f5ikamise masin GQ50 (\u00fcmmargune nuga) - HSY ehitusmasinad","isPartOf":{"@id":"https:\/\/www.hsymachinery.com\/#website"},"primaryImageOfPage":{"@id":"https:\/\/www.hsymachinery.com\/product\/rebar-cutting-machine-gq50-round-knife\/#primaryimage"},"image":{"@id":"https:\/\/www.hsymachinery.com\/product\/rebar-cutting-machine-gq50-round-knife\/#primaryimage"},"thumbnailUrl":"https:\/\/www.hsymachinery.com\/wp-content\/uploads\/2025\/06\/Rebar-Cutting-Machine-GQ50-Round-knife.jpg","datePublished":"2025-06-18T03:25:48+00:00","dateModified":"2025-06-25T12:59:05+00:00","description":"Rebaril\u00f5ikamismasin GQ50 (\u00fcmmargune nuga) pakub kiireid ja puhtaid jooksvaid l\u00f5ikel\u00f5ikeid 6-40 mm paksusele betoonitangile. Ehitatud suure tootlikkusega ehituseks ja rahvusvahelistele turgudele.","breadcrumb":{"@id":"https:\/\/www.hsymachinery.com\/product\/rebar-cutting-machine-gq50-round-knife\/#breadcrumb"},"inLanguage":"et","potentialAction":[{"@type":"ReadAction","target":["https:\/\/www.hsymachinery.com\/product\/rebar-cutting-machine-gq50-round-knife\/"]}]},{"@type":"ImageObject","inLanguage":"et","@id":"https:\/\/www.hsymachinery.com\/product\/rebar-cutting-machine-gq50-round-knife\/#primaryimage","url":"https:\/\/www.hsymachinery.com\/wp-content\/uploads\/2025\/06\/Rebar-Cutting-Machine-GQ50-Round-knife.jpg","contentUrl":"https:\/\/www.hsymachinery.com\/wp-content\/uploads\/2025\/06\/Rebar-Cutting-Machine-GQ50-Round-knife.jpg","width":600,"height":600},{"@type":"BreadcrumbList","@id":"https:\/\/www.hsymachinery.com\/product\/rebar-cutting-machine-gq50-round-knife\/#breadcrumb","itemListElement":[{"@type":"ListItem","position":1,"name":"home","item":"https:\/\/www.hsymachinery.com\/"},{"@type":"ListItem","position":2,"name":"products","item":"https:\/\/www.hsymachinery.com\/products\/"},{"@type":"ListItem","position":3,"name":"Rebar Cutting Machine GQ50 (Round knife)"}]},{"@type":"WebSite","@id":"https:\/\/www.hsymachinery.com\/#website","url":"https:\/\/www.hsymachinery.com\/","name":"HSY ehitusmasinad","description":"HSY Machinery - juhtiv Hiina ehitusmasinate tarnija, kes pakub laias valikus kerget ehitusseadmeid. Meie peamised tooted on Rebar Cutting Machine, Rebar Bending Machine, Rebar Stirrup Bending Machine, Rebar Arc Bending Machine, Rebar Straightening Machine, Five-Head Rebar Stirrup Bending Machine, Tamping Rammer, Plate Compactor, Betoon Cutter, Power Trowel ja muud ehitusmasinad. Oleme varustatud t\u00e4iustatud CNC-masinatega ja rakendame rangeid kvaliteedikontrolli standardeid koos tervikliku m\u00fc\u00fcgij\u00e4rgse teenindusega. Kui olete huvitatud meie toodetest v\u00f5i teenustest, ootame soojalt teie p\u00e4ringuid s\u00f5numi teel.","publisher":{"@id":"https:\/\/www.hsymachinery.com\/#organization"},"potentialAction":[{"@type":"SearchAction","target":{"@type":"EntryPoint","urlTemplate":"https:\/\/www.hsymachinery.com\/?s={search_term_string}"},"query-input":{"@type":"PropertyValueSpecification","valueRequired":true,"valueName":"search_term_string"}}],"inLanguage":"et"},{"@type":"Organization","@id":"https:\/\/www.hsymachinery.com\/#organization","name":"HSY ehitusmasinad","url":"https:\/\/www.hsymachinery.com\/","logo":{"@type":"ImageObject","inLanguage":"et","@id":"https:\/\/www.hsymachinery.com\/#\/schema\/logo\/image\/","url":"https:\/\/www.hsymachinery.com\/wp-content\/uploads\/2025\/06\/cropped-HSY-machinery.png","contentUrl":"https:\/\/www.hsymachinery.com\/wp-content\/uploads\/2025\/06\/cropped-HSY-machinery.png","width":600,"height":240,"caption":"HSY Construction Machinery"},"image":{"@id":"https:\/\/www.hsymachinery.com\/#\/schema\/logo\/image\/"}}]}},"_links":{"self":[{"href":"https:\/\/www.hsymachinery.com\/et\/wp-json\/wp\/v2\/product\/8924","targetHints":{"allow":["GET"]}}],"collection":[{"href":"https:\/\/www.hsymachinery.com\/et\/wp-json\/wp\/v2\/product"}],"about":[{"href":"https:\/\/www.hsymachinery.com\/et\/wp-json\/wp\/v2\/types\/product"}],"version-history":[{"count":3,"href":"https:\/\/www.hsymachinery.com\/et\/wp-json\/wp\/v2\/product\/8924\/revisions"}],"predecessor-version":[{"id":9331,"href":"https:\/\/www.hsymachinery.com\/et\/wp-json\/wp\/v2\/product\/8924\/revisions\/9331"}],"wp:featuredmedia":[{"embeddable":true,"href":"https:\/\/www.hsymachinery.com\/et\/wp-json\/wp\/v2\/media\/8925"}],"wp:attachment":[{"href":"https:\/\/www.hsymachinery.com\/et\/wp-json\/wp\/v2\/media?parent=8924"}],"wp:term":[{"taxonomy":"product_brand","embeddable":true,"href":"https:\/\/www.hsymachinery.com\/et\/wp-json\/wp\/v2\/product_brand?post=8924"},{"taxonomy":"product_cat","embeddable":true,"href":"https:\/\/www.hsymachinery.com\/et\/wp-json\/wp\/v2\/product_cat?post=8924"},{"taxonomy":"product_tag","embeddable":true,"href":"https:\/\/www.hsymachinery.com\/et\/wp-json\/wp\/v2\/product_tag?post=8924"}],"curies":[{"name":"wp","href":"https:\/\/api.w.org\/{rel}","templated":true}]}}