{"id":8915,"date":"2025-06-18T11:20:51","date_gmt":"2025-06-18T03:20:51","guid":{"rendered":"https:\/\/www.hsymachinery.com\/?post_type=product&#038;p=8915"},"modified":"2025-06-25T20:44:22","modified_gmt":"2025-06-25T12:44:22","slug":"raudtee-loikemasin-gq45-lame-nuga","status":"publish","type":"product","link":"https:\/\/www.hsymachinery.com\/et\/toode\/raudtee-loikemasin-gq45-lame-nuga\/","title":{"rendered":"Raua l\u00f5ikamise masin GQ45 (lame nuga)"},"content":{"rendered":"<h3 data-start=\"349\" data-end=\"433\">Keskmise suurusega varraste l\u00f5ikeseadmed ehitus- ja teraset\u00f6\u00f6tlemisprojektide jaoks<\/h3>\n<h3 data-start=\"440\" data-end=\"510\">\u00dclevaade tootest - lamedate teradega terasvarraste l\u00f5ikur 6-36mm betoonvarraste jaoks<\/h3>\n<p data-start=\"512\" data-end=\"969\">The <strong data-start=\"516\" data-end=\"559\">Rebar l\u00f5ikamise masin GQ45 (Flat Knife)<\/strong> on professionaalse kvaliteediga terasl\u00f5ikepink, mis on m\u00f5eldud keskmise suurusega ja suuremahuliste ehitusprojektide jaoks. T\u00e4nu oma tugevale l\u00f5ikev\u00f5imele on see betoonvarraste t\u00f6\u00f6tlemise masin ideaalne s\u00fcsinikterase, deformeerunud varraste ja \u00fcmarvarraste l\u00f5ikamiseks alates <strong data-start=\"798\" data-end=\"813\">6mm kuni 36mm<\/strong> l\u00e4bim\u00f5\u00f5duga. V\u00f5rreldes varasemate mudelitega pakub GQ45 suuremat tugevust, vastupidavust ja l\u00f5iket\u00f5husust, mis muudab selle ideaalseks n\u00f5udlikuks t\u00f6\u00f6platsil t\u00f6\u00f6tamiseks.<\/p>\n<h3 data-start=\"976\" data-end=\"1044\">\u00a0Suure j\u00f5udlusega lamedate noadega ja sujuvalt l\u00f5ikev\u00f5imega Rebar Cutter<\/h3>\n<p data-start=\"1046\" data-end=\"1335\">Masinal on lamedate noadega l\u00f5ikes\u00fcsteem, mis tagab puhta, s\u00e4ravaba l\u00f5ikuse, v\u00e4hendades samal ajal varraste deformatsiooni. See tagab kvaliteetsed tulemused ja v\u00e4hendab materjali raiskamist. Lisaks v\u00f5imaldab terade koost kiire ja lihtne vahetamine, mis parandab t\u00f6\u00f6 t\u00f5husust.<\/p>\n<p data-start=\"1337\" data-end=\"1634\">V\u00f5imas vaskmootor ajab seadet, pakkudes \u00fchtlast p\u00f6\u00f6rdemomenti pikemate t\u00f6\u00f6de ajal. T\u00e4pse k\u00e4igukasti ja karastatud hammasrataste abil on tagatud sujuv j\u00f5u\u00fclekanne ja v\u00e4hene kulumine. Selle tulemusena on <a href=\"https:\/\/www.hsymachinery.com\/et\/tooted\/raudtee-loikamismasin\/\" target=\"_blank\" rel=\"noopener\">Rebar l\u00f5ikamise masin<\/a> GQ45 (Flat Knife) t\u00f6\u00f6tab usaldusv\u00e4\u00e4rselt ka rasketes t\u00f6\u00f6tingimustes.<\/p>\n<h3 data-start=\"1641\" data-end=\"1720\">Vastupidavad ehitusl\u00f5ikeseadmed liikuvuse ja ohutusfunktsioonidega<\/h3>\n<p data-start=\"1722\" data-end=\"2072\">See masin on valmistatud tugevdatud malmist raamiga, mis on vastupidav l\u00f6\u00f6kidele, deformatsioonidele ja pikaajalisele v\u00e4simusele. Lisaks sellele on sellel raskeveokite rattad, mis v\u00f5imaldavad h\u00f5lpsasti liikuda \u00fcle betooni v\u00f5i ebatasase pinnase. K\u00e4sitsi kasutatav k\u00e4epide tagab parema kontrolli, samas kui kaitsevahendid ja avatav kate muudavad hoolduse kiireks ja ohutuks.<\/p>\n<p data-start=\"2074\" data-end=\"2350\">GQ45 toetab mitmeid pingekonfiguratsioone, sealhulgas <strong data-start=\"2135\" data-end=\"2162\">220V\/380V ja 50Hz\/60Hz<\/strong>, mis teeb selle valmis rahvusvaheliseks saatmiseks ja kasutamiseks erinevates riikides. Ehitusprofessionaalid valivad selle masina l\u00f5ikev\u00f5ime, liikuvuse ja ohutuse vahelise tasakaalu t\u00f5ttu.<\/p>\n<h3 data-start=\"2357\" data-end=\"2416\">Miks valida GQ45 Flat Knife terase l\u00f5ikamise masin?<\/h3>\n<ul data-start=\"2418\" data-end=\"2635\">\n<li data-start=\"2418\" data-end=\"2469\">\n<p data-start=\"2420\" data-end=\"2469\">L\u00f5ikab suure t\u00e4psusega 6 mm kuni 36 mm betoonvarraste.<\/p>\n<\/li>\n<li data-start=\"2470\" data-end=\"2532\">\n<p data-start=\"2472\" data-end=\"2532\">Ideaalne ehituseks, sillat\u00f6\u00f6deks, terasehoidla t\u00f6\u00f6deks<\/p>\n<\/li>\n<li data-start=\"2533\" data-end=\"2589\">\n<p data-start=\"2535\" data-end=\"2589\">Lihtne t\u00f6\u00f6, v\u00e4hene hooldus, pikk kasutusiga<\/p>\n<\/li>\n<li data-start=\"2590\" data-end=\"2635\">\n<p data-start=\"2592\" data-end=\"2635\">Ekspordis\u00f5bralik koos \u00fclemaailmse pinge toega<\/p>\n<\/li>\n<\/ul>\n<p data-start=\"2637\" data-end=\"2778\">Valige <strong data-start=\"2648\" data-end=\"2691\">Rebar l\u00f5ikamise masin GQ45 (Flat Knife)<\/strong> kui vajate usaldusv\u00e4\u00e4rset keskmise suurusega terasl\u00f5ikurit, mis t\u00f6\u00f6tab iga p\u00e4ev pinge all.<\/p>\n<p><iframe title=\"1TP10Konstruktsioon 1TP10Konstruktsioonit\u00f6\u00f6line #rebarmasin #rebarl\u00f5ikur #rebarl\u00f5ikur #rebarl\u00f5ikur #rebar\" width=\"720\" height=\"405\" src=\"https:\/\/www.youtube.com\/embed\/tdc4TA5-zRc?feature=oembed\" frameborder=\"0\" allow=\"accelerometer; autoplay; clipboard-write; encrypted-media; gyroscope; picture-in-picture; web-share\" referrerpolicy=\"strict-origin-when-cross-origin\" allowfullscreen><\/iframe><\/p>","protected":false},"excerpt":{"rendered":"<p>GQ45 Flat Knife Rebar Cutter t\u00f6\u00f6tleb 6-36mm varraste t\u00e4pselt ja tugevalt. Ehitatud igap\u00e4evaseks kasutamiseks professionaalsetel ehitusplatsidel.<\/p>","protected":false},"featured_media":8916,"template":"","meta":{"_kad_post_transparent":"default","_kad_post_title":"","_kad_post_layout":"default","_kad_post_sidebar_id":"","_kad_post_content_style":"default","_kad_post_vertical_padding":"default","_kad_post_feature":"","_kad_post_feature_position":"","_kad_post_header":false,"_kad_post_footer":false},"product_brand":[],"product_cat":[51],"product_tag":[988,992,990,989,993,985,994,987,984,991,986],"class_list":{"0":"post-8915","1":"product","2":"type-product","3":"status-publish","4":"has-post-thumbnail","6":"product_cat-rebar-cutting-machine","7":"product_tag-automatic-rebar-cutter","8":"product_tag-construction-steel-bar-cutter","9":"product_tag-electric-rebar-cutting-tool","10":"product_tag-hydraulic-rebar-cutting-machine","11":"product_tag-portable-rebar-cutting-machine","12":"product_tag-rebar-cutter","13":"product_tag-rebar-cutting-machine","14":"product_tag-reinforcement-bar-cutter","15":"product_tag-steel-bar-cutting-machine","16":"product_tag-steel-rod-cutter-machine","17":"product_tag-tmt-bar-cutting-machine","19":"first","20":"instock","21":"featured","22":"shipping-taxable","23":"product-type-simple","24":"entry","25":"content-bg","26":"loop-entry"},"yoast_head":"<!-- This site is optimized with the Yoast SEO plugin v25.3.1 - https:\/\/yoast.com\/wordpress\/plugins\/seo\/ -->\n<title>Rebar Cutting Machine GQ45 (Flat knife) - HSY Construction Machinery<\/title>\n<meta name=\"description\" content=\"Rebar Cutting Machine GQ45 (Flat Knife) cuts 6\u201336mm steel bars cleanly and efficiently. Ideal for construction sites and export use.\" \/>\n<meta name=\"robots\" content=\"index, follow, max-snippet:-1, max-image-preview:large, max-video-preview:-1\" \/>\n<link rel=\"canonical\" href=\"https:\/\/www.hsymachinery.com\/et\/toode\/raudtee-loikemasin-gq45-lame-nuga\/\" \/>\n<meta property=\"og:locale\" content=\"et_EE\" \/>\n<meta property=\"og:type\" content=\"article\" \/>\n<meta property=\"og:title\" content=\"Rebar Cutting Machine GQ45 (Flat knife) - HSY Construction Machinery\" \/>\n<meta property=\"og:description\" content=\"Rebar Cutting Machine GQ45 (Flat Knife) cuts 6\u201336mm steel bars cleanly and efficiently. Ideal for construction sites and export use.\" \/>\n<meta property=\"og:url\" content=\"https:\/\/www.hsymachinery.com\/et\/toode\/raudtee-loikemasin-gq45-lame-nuga\/\" \/>\n<meta property=\"og:site_name\" content=\"HSY Construction Machinery\" \/>\n<meta property=\"article:modified_time\" content=\"2025-06-25T12:44:22+00:00\" \/>\n<meta property=\"og:image\" content=\"https:\/\/www.hsymachinery.com\/wp-content\/uploads\/2025\/06\/Rebar-Cutting-Machine-GQ45-Flat-knife.jpg\" \/>\n\t<meta property=\"og:image:width\" content=\"600\" \/>\n\t<meta property=\"og:image:height\" content=\"600\" \/>\n\t<meta property=\"og:image:type\" content=\"image\/jpeg\" \/>\n<meta name=\"twitter:card\" content=\"summary_large_image\" \/>\n<meta name=\"twitter:label1\" content=\"Est. reading time\" \/>\n\t<meta name=\"twitter:data1\" content=\"2 minutit\" \/>\n<script type=\"application\/ld+json\" class=\"yoast-schema-graph\">{\"@context\":\"https:\/\/schema.org\",\"@graph\":[{\"@type\":\"WebPage\",\"@id\":\"https:\/\/www.hsymachinery.com\/product\/rebar-cutting-machine-gq45-flat-knife\/\",\"url\":\"https:\/\/www.hsymachinery.com\/product\/rebar-cutting-machine-gq45-flat-knife\/\",\"name\":\"Rebar Cutting Machine GQ45 (Flat knife) - HSY Construction Machinery\",\"isPartOf\":{\"@id\":\"https:\/\/www.hsymachinery.com\/#website\"},\"primaryImageOfPage\":{\"@id\":\"https:\/\/www.hsymachinery.com\/product\/rebar-cutting-machine-gq45-flat-knife\/#primaryimage\"},\"image\":{\"@id\":\"https:\/\/www.hsymachinery.com\/product\/rebar-cutting-machine-gq45-flat-knife\/#primaryimage\"},\"thumbnailUrl\":\"https:\/\/www.hsymachinery.com\/wp-content\/uploads\/2025\/06\/Rebar-Cutting-Machine-GQ45-Flat-knife.jpg\",\"datePublished\":\"2025-06-18T03:20:51+00:00\",\"dateModified\":\"2025-06-25T12:44:22+00:00\",\"description\":\"Rebar Cutting Machine GQ45 (Flat Knife) cuts 6\u201336mm steel bars cleanly and efficiently. Ideal for construction sites and export use.\",\"breadcrumb\":{\"@id\":\"https:\/\/www.hsymachinery.com\/product\/rebar-cutting-machine-gq45-flat-knife\/#breadcrumb\"},\"inLanguage\":\"et\",\"potentialAction\":[{\"@type\":\"ReadAction\",\"target\":[\"https:\/\/www.hsymachinery.com\/product\/rebar-cutting-machine-gq45-flat-knife\/\"]}]},{\"@type\":\"ImageObject\",\"inLanguage\":\"et\",\"@id\":\"https:\/\/www.hsymachinery.com\/product\/rebar-cutting-machine-gq45-flat-knife\/#primaryimage\",\"url\":\"https:\/\/www.hsymachinery.com\/wp-content\/uploads\/2025\/06\/Rebar-Cutting-Machine-GQ45-Flat-knife.jpg\",\"contentUrl\":\"https:\/\/www.hsymachinery.com\/wp-content\/uploads\/2025\/06\/Rebar-Cutting-Machine-GQ45-Flat-knife.jpg\",\"width\":600,\"height\":600},{\"@type\":\"BreadcrumbList\",\"@id\":\"https:\/\/www.hsymachinery.com\/product\/rebar-cutting-machine-gq45-flat-knife\/#breadcrumb\",\"itemListElement\":[{\"@type\":\"ListItem\",\"position\":1,\"name\":\"home\",\"item\":\"https:\/\/www.hsymachinery.com\/\"},{\"@type\":\"ListItem\",\"position\":2,\"name\":\"products\",\"item\":\"https:\/\/www.hsymachinery.com\/products\/\"},{\"@type\":\"ListItem\",\"position\":3,\"name\":\"Rebar Cutting Machine GQ45 (Flat knife)\"}]},{\"@type\":\"WebSite\",\"@id\":\"https:\/\/www.hsymachinery.com\/#website\",\"url\":\"https:\/\/www.hsymachinery.com\/\",\"name\":\"HSY Construction Machinery\",\"description\":\"HSY Machinery \u2013 A leading China construction machinery supplier, offering a wide range of light construction equipment. Our main products include Rebar Cutting Machine, Rebar Bending Machine, Rebar Stirrup Bending Machine, Rebar Arc Bending Machine, Rebar Straightening Machine, Five-Head Rebar Stirrup Bending Machine, Tamping Rammer, Plate Compactor, Concrete Cutter, Power Trowel, and other construction machinery. We are equipped with advanced CNC machines, and we enforce strict quality inspection standards along with comprehensive after-sales service. If you are interested in our products or services, we warmly welcome your inquiries via message.\",\"publisher\":{\"@id\":\"https:\/\/www.hsymachinery.com\/#organization\"},\"potentialAction\":[{\"@type\":\"SearchAction\",\"target\":{\"@type\":\"EntryPoint\",\"urlTemplate\":\"https:\/\/www.hsymachinery.com\/?s={search_term_string}\"},\"query-input\":{\"@type\":\"PropertyValueSpecification\",\"valueRequired\":true,\"valueName\":\"search_term_string\"}}],\"inLanguage\":\"et\"},{\"@type\":\"Organization\",\"@id\":\"https:\/\/www.hsymachinery.com\/#organization\",\"name\":\"HSY Construction Machinery\",\"url\":\"https:\/\/www.hsymachinery.com\/\",\"logo\":{\"@type\":\"ImageObject\",\"inLanguage\":\"et\",\"@id\":\"https:\/\/www.hsymachinery.com\/#\/schema\/logo\/image\/\",\"url\":\"https:\/\/www.hsymachinery.com\/wp-content\/uploads\/2025\/06\/cropped-HSY-machinery.png\",\"contentUrl\":\"https:\/\/www.hsymachinery.com\/wp-content\/uploads\/2025\/06\/cropped-HSY-machinery.png\",\"width\":600,\"height\":240,\"caption\":\"HSY Construction Machinery\"},\"image\":{\"@id\":\"https:\/\/www.hsymachinery.com\/#\/schema\/logo\/image\/\"}}]}<\/script>\n<!-- \/ Yoast SEO plugin. -->","yoast_head_json":{"title":"Raua l\u00f5ikamise masin GQ45 (lame nuga) - HSY ehitusmasinad","description":"Rebaril\u00f5ikamismasin GQ45 (lame nuga) l\u00f5ikab puhtalt ja t\u00f5husalt 6-36 mm terasvarraste. Sobib ideaalselt ehitusplatsidele ja ekspordiks.","robots":{"index":"index","follow":"follow","max-snippet":"max-snippet:-1","max-image-preview":"max-image-preview:large","max-video-preview":"max-video-preview:-1"},"canonical":"https:\/\/www.hsymachinery.com\/et\/toode\/raudtee-loikemasin-gq45-lame-nuga\/","og_locale":"et_EE","og_type":"article","og_title":"Rebar Cutting Machine GQ45 (Flat knife) - HSY Construction Machinery","og_description":"Rebar Cutting Machine GQ45 (Flat Knife) cuts 6\u201336mm steel bars cleanly and efficiently. Ideal for construction sites and export use.","og_url":"https:\/\/www.hsymachinery.com\/et\/toode\/raudtee-loikemasin-gq45-lame-nuga\/","og_site_name":"HSY Construction Machinery","article_modified_time":"2025-06-25T12:44:22+00:00","og_image":[{"width":600,"height":600,"url":"https:\/\/www.hsymachinery.com\/wp-content\/uploads\/2025\/06\/Rebar-Cutting-Machine-GQ45-Flat-knife.jpg","type":"image\/jpeg"}],"twitter_card":"summary_large_image","twitter_misc":{"Est. reading time":"2 minutit"},"schema":{"@context":"https:\/\/schema.org","@graph":[{"@type":"WebPage","@id":"https:\/\/www.hsymachinery.com\/product\/rebar-cutting-machine-gq45-flat-knife\/","url":"https:\/\/www.hsymachinery.com\/product\/rebar-cutting-machine-gq45-flat-knife\/","name":"Raua l\u00f5ikamise masin GQ45 (lame nuga) - HSY ehitusmasinad","isPartOf":{"@id":"https:\/\/www.hsymachinery.com\/#website"},"primaryImageOfPage":{"@id":"https:\/\/www.hsymachinery.com\/product\/rebar-cutting-machine-gq45-flat-knife\/#primaryimage"},"image":{"@id":"https:\/\/www.hsymachinery.com\/product\/rebar-cutting-machine-gq45-flat-knife\/#primaryimage"},"thumbnailUrl":"https:\/\/www.hsymachinery.com\/wp-content\/uploads\/2025\/06\/Rebar-Cutting-Machine-GQ45-Flat-knife.jpg","datePublished":"2025-06-18T03:20:51+00:00","dateModified":"2025-06-25T12:44:22+00:00","description":"Rebaril\u00f5ikamismasin GQ45 (lame nuga) l\u00f5ikab puhtalt ja t\u00f5husalt 6-36 mm terasvarraste. Sobib ideaalselt ehitusplatsidele ja ekspordiks.","breadcrumb":{"@id":"https:\/\/www.hsymachinery.com\/product\/rebar-cutting-machine-gq45-flat-knife\/#breadcrumb"},"inLanguage":"et","potentialAction":[{"@type":"ReadAction","target":["https:\/\/www.hsymachinery.com\/product\/rebar-cutting-machine-gq45-flat-knife\/"]}]},{"@type":"ImageObject","inLanguage":"et","@id":"https:\/\/www.hsymachinery.com\/product\/rebar-cutting-machine-gq45-flat-knife\/#primaryimage","url":"https:\/\/www.hsymachinery.com\/wp-content\/uploads\/2025\/06\/Rebar-Cutting-Machine-GQ45-Flat-knife.jpg","contentUrl":"https:\/\/www.hsymachinery.com\/wp-content\/uploads\/2025\/06\/Rebar-Cutting-Machine-GQ45-Flat-knife.jpg","width":600,"height":600},{"@type":"BreadcrumbList","@id":"https:\/\/www.hsymachinery.com\/product\/rebar-cutting-machine-gq45-flat-knife\/#breadcrumb","itemListElement":[{"@type":"ListItem","position":1,"name":"home","item":"https:\/\/www.hsymachinery.com\/"},{"@type":"ListItem","position":2,"name":"products","item":"https:\/\/www.hsymachinery.com\/products\/"},{"@type":"ListItem","position":3,"name":"Rebar Cutting Machine GQ45 (Flat knife)"}]},{"@type":"WebSite","@id":"https:\/\/www.hsymachinery.com\/#website","url":"https:\/\/www.hsymachinery.com\/","name":"HSY ehitusmasinad","description":"HSY Machinery - juhtiv Hiina ehitusmasinate tarnija, kes pakub laias valikus kerget ehitusseadmeid. Meie peamised tooted on Rebar Cutting Machine, Rebar Bending Machine, Rebar Stirrup Bending Machine, Rebar Arc Bending Machine, Rebar Straightening Machine, Five-Head Rebar Stirrup Bending Machine, Tamping Rammer, Plate Compactor, Betoon Cutter, Power Trowel ja muud ehitusmasinad. Oleme varustatud t\u00e4iustatud CNC-masinatega ja rakendame rangeid kvaliteedikontrolli standardeid koos tervikliku m\u00fc\u00fcgij\u00e4rgse teenindusega. Kui olete huvitatud meie toodetest v\u00f5i teenustest, ootame soojalt teie p\u00e4ringuid s\u00f5numi teel.","publisher":{"@id":"https:\/\/www.hsymachinery.com\/#organization"},"potentialAction":[{"@type":"SearchAction","target":{"@type":"EntryPoint","urlTemplate":"https:\/\/www.hsymachinery.com\/?s={search_term_string}"},"query-input":{"@type":"PropertyValueSpecification","valueRequired":true,"valueName":"search_term_string"}}],"inLanguage":"et"},{"@type":"Organization","@id":"https:\/\/www.hsymachinery.com\/#organization","name":"HSY ehitusmasinad","url":"https:\/\/www.hsymachinery.com\/","logo":{"@type":"ImageObject","inLanguage":"et","@id":"https:\/\/www.hsymachinery.com\/#\/schema\/logo\/image\/","url":"https:\/\/www.hsymachinery.com\/wp-content\/uploads\/2025\/06\/cropped-HSY-machinery.png","contentUrl":"https:\/\/www.hsymachinery.com\/wp-content\/uploads\/2025\/06\/cropped-HSY-machinery.png","width":600,"height":240,"caption":"HSY Construction Machinery"},"image":{"@id":"https:\/\/www.hsymachinery.com\/#\/schema\/logo\/image\/"}}]}},"_links":{"self":[{"href":"https:\/\/www.hsymachinery.com\/et\/wp-json\/wp\/v2\/product\/8915","targetHints":{"allow":["GET"]}}],"collection":[{"href":"https:\/\/www.hsymachinery.com\/et\/wp-json\/wp\/v2\/product"}],"about":[{"href":"https:\/\/www.hsymachinery.com\/et\/wp-json\/wp\/v2\/types\/product"}],"version-history":[{"count":4,"href":"https:\/\/www.hsymachinery.com\/et\/wp-json\/wp\/v2\/product\/8915\/revisions"}],"predecessor-version":[{"id":9325,"href":"https:\/\/www.hsymachinery.com\/et\/wp-json\/wp\/v2\/product\/8915\/revisions\/9325"}],"wp:featuredmedia":[{"embeddable":true,"href":"https:\/\/www.hsymachinery.com\/et\/wp-json\/wp\/v2\/media\/8916"}],"wp:attachment":[{"href":"https:\/\/www.hsymachinery.com\/et\/wp-json\/wp\/v2\/media?parent=8915"}],"wp:term":[{"taxonomy":"product_brand","embeddable":true,"href":"https:\/\/www.hsymachinery.com\/et\/wp-json\/wp\/v2\/product_brand?post=8915"},{"taxonomy":"product_cat","embeddable":true,"href":"https:\/\/www.hsymachinery.com\/et\/wp-json\/wp\/v2\/product_cat?post=8915"},{"taxonomy":"product_tag","embeddable":true,"href":"https:\/\/www.hsymachinery.com\/et\/wp-json\/wp\/v2\/product_tag?post=8915"}],"curies":[{"name":"wp","href":"https:\/\/api.w.org\/{rel}","templated":true}]}}