{"id":8909,"date":"2025-06-18T11:16:17","date_gmt":"2025-06-18T03:16:17","guid":{"rendered":"https:\/\/www.hsymachinery.com\/?post_type=product&#038;p=8909"},"modified":"2025-06-25T20:25:23","modified_gmt":"2025-06-25T12:25:23","slug":"raudtee-loikemasin-gq40a-lame-nuga","status":"publish","type":"product","link":"https:\/\/www.hsymachinery.com\/et\/toode\/raudtee-loikemasin-gq40a-lame-nuga\/","title":{"rendered":"Raua l\u00f5ikamise masin GQ40A (lame nuga)"},"content":{"rendered":"<h3 data-start=\"285\" data-end=\"362\">K\u00f5rge t\u00e4psusega betoonide l\u00f5ikamise lahendus n\u00f5udlike ehitusprojektide jaoks<\/h3>\n<h3 data-start=\"369\" data-end=\"421\">Toote \u00fclevaade: Ehitatud igap\u00e4evaseks j\u00f5udluseks<\/h3>\n<p data-start=\"423\" data-end=\"831\">The <strong data-start=\"427\" data-end=\"471\">Rebar l\u00f5ikamise masin GQ40A (Flat Knife)<\/strong> on professionaalse kvaliteediga terasvarraste l\u00f5ikur, mis on m\u00f5eldud ehitus- ja teraset\u00f6\u00f6tlemisprojektide igap\u00e4evaste n\u00f5udmiste t\u00e4itmiseks. Mudeli GQ40 t\u00e4iustatud versioonina \u00fchendab see v\u00f5imsa j\u00f5udluse, suure t\u00e4psuse ja silmapaistva vastupidavuse. Ehitusettev\u00f5tjad \u00fcle maailma kasutavad seda sellistes projektides nagu teed, sillad, tunnelid ja raudbetoonehitised.<\/p>\n<h3 data-start=\"838\" data-end=\"885\">T\u00f5hus l\u00f5ikamine lamedate noade disainiga<\/h3>\n<p data-start=\"887\" data-end=\"1302\">Selle masina keskmes on selle <strong data-start=\"924\" data-end=\"953\">lame noa l\u00f5ikamiss\u00fcsteem<\/strong>, mis tagab terasvarraste puhta ja sileda l\u00f5ikamise. Selline konstruktsioon rakendab iga toimingu ajal \u00fchtlast survet, v\u00e4ltides betoonvarraste deformeerumist ja v\u00e4hendades materjalikadu. . <strong data-start=\"1126\" data-end=\"1170\">Rebar l\u00f5ikamise masin GQ40A (Flat Knife)<\/strong> saab h\u00f5lpsasti hakkama terasvarrastega, mille l\u00e4bim\u00f5\u00f5t on vahemikus <strong data-start=\"1228\" data-end=\"1243\">6mm kuni 32mm<\/strong>, sealhulgas \u00fcmarteras, ribitangid ja madala s\u00fcsinikusisaldusega teras.<\/p>\n<p data-start=\"1304\" data-end=\"1493\">Lisaks on lamedat nuga lihtne hooldada ja vahetada, mis tagab minimaalse seisaku t\u00f6\u00f6platsil. Suurep\u00e4rane l\u00f5iket\u00f5husus parandab t\u00f6\u00f6 t\u00f5husust ja v\u00e4hendab operaatori v\u00e4simust.<\/p>\n<h3 data-start=\"1500\" data-end=\"1549\">V\u00f5imas mootor ja sujuv k\u00e4igukast<\/h3>\n<p data-start=\"1551\" data-end=\"1837\">See mudel kasutab <strong data-start=\"1569\" data-end=\"1602\">suure j\u00f5udlusega vaskmootor<\/strong> mis pakub tugevat p\u00f6\u00f6rdemomenti madala energiatarbimisega. See t\u00f6\u00f6tab sujuvalt, minimaalse m\u00fcra ja vibratsiooniga, mist\u00f5ttu sobib see pidevaks kasutamiseks. T\u00e4pselt t\u00f6\u00f6deldud k\u00e4igukast tagab stabiilse j\u00f5u\u00fclekande ka suure t\u00f6\u00f6koormuse korral.<\/p>\n<p data-start=\"1839\" data-end=\"1979\">Selle tulemusel s\u00e4ilitab masin l\u00f5iket\u00e4psuse tuhandete t\u00f6\u00f6de jooksul, pikendades nii mootori kui ka l\u00f5iketerade kasutusiga.<\/p>\n<h3 data-start=\"1986\" data-end=\"2036\">\u00a0Tugev struktuur ja kasutajas\u00f5bralik mobiilsus<\/h3>\n<p data-start=\"2038\" data-end=\"2272\">Masina korpuse omadused <strong data-start=\"2064\" data-end=\"2101\">k\u00f5rgekvaliteediline malmist konstruktsioon<\/strong>, mis tagab tugevuse ja vibratsioonikindluse. Lisaks sellele on kompaktne disain ja <strong data-start=\"2188\" data-end=\"2207\">sisseehitatud rattad<\/strong> v\u00f5imaldab seda h\u00f5lpsasti transportida ja \u00fcmber paigutada, isegi ebatasasel pinnal.<\/p>\n<p data-start=\"2274\" data-end=\"2456\">Selle avatav \u00fclemine kate tagab kiire juurdep\u00e4\u00e4su hoolduseks ja terade vahetamiseks. Samal ajal v\u00f5imaldab k\u00e4sitsi juhitav hoob kasutajatel kontrollida iga l\u00f5ikust t\u00e4pselt ja ohutult.<\/p>\n<h3 data-start=\"2463\" data-end=\"2493\">Ohutus ja kohanemisv\u00f5ime<\/h3>\n<p data-start=\"2495\" data-end=\"2727\">The <strong data-start=\"2499\" data-end=\"2543\">Rebar l\u00f5ikamise masin GQ40A (Flat Knife)<\/strong> sisaldab sisseehitatud kaitsekatteid, et v\u00e4ltida juhuslikku kokkupuudet liikuvate osadega. Juhtimismehhanism on lihtne, mist\u00f5ttu on see ideaalne nii oskust\u00f6\u00f6listele kui ka algajatele operaatoritele.<\/p>\n<p data-start=\"2729\" data-end=\"2959\">Lisaks toetab masin <strong data-start=\"2760\" data-end=\"2816\">kohandatud pingekonfiguratsioonid (220V\/380V, 50Hz\/60Hz)<\/strong> \u00fchilduvus \u00fclemaailmsete energiastandarditega. See muudab selle v\u00e4ga sobivaks rahvusvahelistele ostjatele ja ehitusseadmete turustajatele.<\/p>\n<h3 data-start=\"2966\" data-end=\"3013\">\u00a0Miks valida GQ40A Flat Knife Rebar Cutter?<\/h3>\n<ul data-start=\"3015\" data-end=\"3260\">\n<li data-start=\"3015\" data-end=\"3067\">\n<p data-start=\"3017\" data-end=\"3067\">Annab puhtaid ja j\u00e4rjepidevaid l\u00f5ikeid 6-32 mm betoonvarraste jaoks.<\/p>\n<\/li>\n<li data-start=\"3068\" data-end=\"3120\">\n<p data-start=\"3070\" data-end=\"3120\">Tugev mootor usaldusv\u00e4\u00e4rse p\u00f6\u00f6rdemomendi ja t\u00f5hususega<\/p>\n<\/li>\n<li data-start=\"3121\" data-end=\"3169\">\n<p data-start=\"3123\" data-end=\"3169\">Lihtne hooldada, terade kiire vahetus<\/p>\n<\/li>\n<li data-start=\"3170\" data-end=\"3218\">\n<p data-start=\"3172\" data-end=\"3218\">Mobiilne, kompaktne ja vastupidav t\u00f6\u00f6platsil kasutamiseks<\/p>\n<\/li>\n<li data-start=\"3219\" data-end=\"3260\">\n<p data-start=\"3221\" data-end=\"3260\">Ekspordivalmis pinge kohandamine<\/p>\n<\/li>\n<\/ul>\n<p data-start=\"3262\" data-end=\"3479\">Olenemata sellest, kas te t\u00f6\u00f6tate suuremahulise infrastruktuuri v\u00f5i tavap\u00e4rase teraset\u00f6\u00f6tluse kallal, on <strong data-start=\"3349\" data-end=\"3393\"><a href=\"https:\/\/www.hsymachinery.com\/et\/tooted\/raudtee-loikamismasin\/\" target=\"_blank\" rel=\"noopener\">Rebar l\u00f5ikamise masin<\/a> GQ40A (lame nuga)<\/strong> annab teile usaldusv\u00e4\u00e4rse ja kiire l\u00f5ikelahenduse, mis lisab v\u00e4\u00e4rtust igale projektile.<\/p>\n<p><iframe title=\"1TP10Konstruktsioon 1TP10Konstruktsioonit\u00f6\u00f6line #rebarmasin #rebarl\u00f5ikur #rebarl\u00f5ikur #rebarl\u00f5ikur #rebar\" width=\"720\" height=\"405\" src=\"https:\/\/www.youtube.com\/embed\/tdc4TA5-zRc?feature=oembed\" frameborder=\"0\" allow=\"accelerometer; autoplay; clipboard-write; encrypted-media; gyroscope; picture-in-picture; web-share\" referrerpolicy=\"strict-origin-when-cross-origin\" allowfullscreen><\/iframe><\/p>","protected":false},"excerpt":{"rendered":"<p>GQ40A lamedate nugade l\u00f5ikur pakub kiireid ja siledaid l\u00f5ikeid 6-32 mm terasvarraste jaoks. Ideaalne igap\u00e4evaseks kasutamiseks ehitusplatsidel ja eksporditurgudel.<\/p>","protected":false},"featured_media":8910,"template":"","meta":{"_kad_post_transparent":"default","_kad_post_title":"","_kad_post_layout":"default","_kad_post_sidebar_id":"","_kad_post_content_style":"default","_kad_post_vertical_padding":"default","_kad_post_feature":"","_kad_post_feature_position":"","_kad_post_header":false,"_kad_post_footer":false},"product_brand":[],"product_cat":[51],"product_tag":[988,992,990,989,993,985,994,987,984,991,986],"class_list":{"0":"post-8909","1":"product","2":"type-product","3":"status-publish","4":"has-post-thumbnail","6":"product_cat-rebar-cutting-machine","7":"product_tag-automatic-rebar-cutter","8":"product_tag-construction-steel-bar-cutter","9":"product_tag-electric-rebar-cutting-tool","10":"product_tag-hydraulic-rebar-cutting-machine","11":"product_tag-portable-rebar-cutting-machine","12":"product_tag-rebar-cutter","13":"product_tag-rebar-cutting-machine","14":"product_tag-reinforcement-bar-cutter","15":"product_tag-steel-bar-cutting-machine","16":"product_tag-steel-rod-cutter-machine","17":"product_tag-tmt-bar-cutting-machine","19":"first","20":"instock","21":"shipping-taxable","22":"product-type-simple","23":"entry","24":"content-bg","25":"loop-entry"},"yoast_head":"<!-- This site is optimized with the Yoast SEO plugin v25.3.1 - https:\/\/yoast.com\/wordpress\/plugins\/seo\/ -->\n<title>Rebar Cutting Machine GQ40A (Flat knife) - HSY Construction Machinery<\/title>\n<meta name=\"description\" content=\"The Rebar Cutting Machine GQ40A (Flat Knife) cuts 6\u201332mm rebar cleanly and efficiently. Designed for high-volume construction and global export.\" \/>\n<meta name=\"robots\" content=\"index, follow, max-snippet:-1, max-image-preview:large, max-video-preview:-1\" \/>\n<link rel=\"canonical\" href=\"https:\/\/www.hsymachinery.com\/et\/toode\/raudtee-loikemasin-gq40a-lame-nuga\/\" \/>\n<meta property=\"og:locale\" content=\"et_EE\" \/>\n<meta property=\"og:type\" content=\"article\" \/>\n<meta property=\"og:title\" content=\"Rebar Cutting Machine GQ40A (Flat knife) - HSY Construction Machinery\" \/>\n<meta property=\"og:description\" content=\"The Rebar Cutting Machine GQ40A (Flat Knife) cuts 6\u201332mm rebar cleanly and efficiently. Designed for high-volume construction and global export.\" \/>\n<meta property=\"og:url\" content=\"https:\/\/www.hsymachinery.com\/et\/toode\/raudtee-loikemasin-gq40a-lame-nuga\/\" \/>\n<meta property=\"og:site_name\" content=\"HSY Construction Machinery\" \/>\n<meta property=\"article:modified_time\" content=\"2025-06-25T12:25:23+00:00\" \/>\n<meta property=\"og:image\" content=\"https:\/\/www.hsymachinery.com\/wp-content\/uploads\/2025\/06\/Rebar-Cutting-Machine-GQ40A-Flat-knife.jpg\" \/>\n\t<meta property=\"og:image:width\" content=\"600\" \/>\n\t<meta property=\"og:image:height\" content=\"600\" \/>\n\t<meta property=\"og:image:type\" content=\"image\/jpeg\" \/>\n<meta name=\"twitter:card\" content=\"summary_large_image\" \/>\n<meta name=\"twitter:label1\" content=\"Est. reading time\" \/>\n\t<meta name=\"twitter:data1\" content=\"3 minutit\" \/>\n<script type=\"application\/ld+json\" class=\"yoast-schema-graph\">{\"@context\":\"https:\/\/schema.org\",\"@graph\":[{\"@type\":\"WebPage\",\"@id\":\"https:\/\/www.hsymachinery.com\/product\/rebar-cutting-machine-gq40a-flat-knife\/\",\"url\":\"https:\/\/www.hsymachinery.com\/product\/rebar-cutting-machine-gq40a-flat-knife\/\",\"name\":\"Rebar Cutting Machine GQ40A (Flat knife) - HSY Construction Machinery\",\"isPartOf\":{\"@id\":\"https:\/\/www.hsymachinery.com\/#website\"},\"primaryImageOfPage\":{\"@id\":\"https:\/\/www.hsymachinery.com\/product\/rebar-cutting-machine-gq40a-flat-knife\/#primaryimage\"},\"image\":{\"@id\":\"https:\/\/www.hsymachinery.com\/product\/rebar-cutting-machine-gq40a-flat-knife\/#primaryimage\"},\"thumbnailUrl\":\"https:\/\/www.hsymachinery.com\/wp-content\/uploads\/2025\/06\/Rebar-Cutting-Machine-GQ40A-Flat-knife.jpg\",\"datePublished\":\"2025-06-18T03:16:17+00:00\",\"dateModified\":\"2025-06-25T12:25:23+00:00\",\"description\":\"The Rebar Cutting Machine GQ40A (Flat Knife) cuts 6\u201332mm rebar cleanly and efficiently. Designed for high-volume construction and global export.\",\"breadcrumb\":{\"@id\":\"https:\/\/www.hsymachinery.com\/product\/rebar-cutting-machine-gq40a-flat-knife\/#breadcrumb\"},\"inLanguage\":\"et\",\"potentialAction\":[{\"@type\":\"ReadAction\",\"target\":[\"https:\/\/www.hsymachinery.com\/product\/rebar-cutting-machine-gq40a-flat-knife\/\"]}]},{\"@type\":\"ImageObject\",\"inLanguage\":\"et\",\"@id\":\"https:\/\/www.hsymachinery.com\/product\/rebar-cutting-machine-gq40a-flat-knife\/#primaryimage\",\"url\":\"https:\/\/www.hsymachinery.com\/wp-content\/uploads\/2025\/06\/Rebar-Cutting-Machine-GQ40A-Flat-knife.jpg\",\"contentUrl\":\"https:\/\/www.hsymachinery.com\/wp-content\/uploads\/2025\/06\/Rebar-Cutting-Machine-GQ40A-Flat-knife.jpg\",\"width\":600,\"height\":600},{\"@type\":\"BreadcrumbList\",\"@id\":\"https:\/\/www.hsymachinery.com\/product\/rebar-cutting-machine-gq40a-flat-knife\/#breadcrumb\",\"itemListElement\":[{\"@type\":\"ListItem\",\"position\":1,\"name\":\"home\",\"item\":\"https:\/\/www.hsymachinery.com\/\"},{\"@type\":\"ListItem\",\"position\":2,\"name\":\"products\",\"item\":\"https:\/\/www.hsymachinery.com\/products\/\"},{\"@type\":\"ListItem\",\"position\":3,\"name\":\"Rebar Cutting Machine GQ40A (Flat knife)\"}]},{\"@type\":\"WebSite\",\"@id\":\"https:\/\/www.hsymachinery.com\/#website\",\"url\":\"https:\/\/www.hsymachinery.com\/\",\"name\":\"HSY Construction Machinery\",\"description\":\"HSY Machinery \u2013 A leading China construction machinery supplier, offering a wide range of light construction equipment. Our main products include Rebar Cutting Machine, Rebar Bending Machine, Rebar Stirrup Bending Machine, Rebar Arc Bending Machine, Rebar Straightening Machine, Five-Head Rebar Stirrup Bending Machine, Tamping Rammer, Plate Compactor, Concrete Cutter, Power Trowel, and other construction machinery. We are equipped with advanced CNC machines, and we enforce strict quality inspection standards along with comprehensive after-sales service. If you are interested in our products or services, we warmly welcome your inquiries via message.\",\"publisher\":{\"@id\":\"https:\/\/www.hsymachinery.com\/#organization\"},\"potentialAction\":[{\"@type\":\"SearchAction\",\"target\":{\"@type\":\"EntryPoint\",\"urlTemplate\":\"https:\/\/www.hsymachinery.com\/?s={search_term_string}\"},\"query-input\":{\"@type\":\"PropertyValueSpecification\",\"valueRequired\":true,\"valueName\":\"search_term_string\"}}],\"inLanguage\":\"et\"},{\"@type\":\"Organization\",\"@id\":\"https:\/\/www.hsymachinery.com\/#organization\",\"name\":\"HSY Construction Machinery\",\"url\":\"https:\/\/www.hsymachinery.com\/\",\"logo\":{\"@type\":\"ImageObject\",\"inLanguage\":\"et\",\"@id\":\"https:\/\/www.hsymachinery.com\/#\/schema\/logo\/image\/\",\"url\":\"https:\/\/www.hsymachinery.com\/wp-content\/uploads\/2025\/06\/cropped-HSY-machinery.png\",\"contentUrl\":\"https:\/\/www.hsymachinery.com\/wp-content\/uploads\/2025\/06\/cropped-HSY-machinery.png\",\"width\":600,\"height\":240,\"caption\":\"HSY Construction Machinery\"},\"image\":{\"@id\":\"https:\/\/www.hsymachinery.com\/#\/schema\/logo\/image\/\"}}]}<\/script>\n<!-- \/ Yoast SEO plugin. -->","yoast_head_json":{"title":"Raua l\u00f5ikamise masin GQ40A (lame nuga) - HSY ehitusmasinad","description":"Rebaril\u00f5ikamismasin GQ40A (lame nuga) l\u00f5ikab 6-32 mm betoonvarraste puhtalt ja t\u00f5husalt. M\u00f5eldud suure mahuga ehitamiseks ja \u00fclemaailmseks ekspordiks.","robots":{"index":"index","follow":"follow","max-snippet":"max-snippet:-1","max-image-preview":"max-image-preview:large","max-video-preview":"max-video-preview:-1"},"canonical":"https:\/\/www.hsymachinery.com\/et\/toode\/raudtee-loikemasin-gq40a-lame-nuga\/","og_locale":"et_EE","og_type":"article","og_title":"Rebar Cutting Machine GQ40A (Flat knife) - HSY Construction Machinery","og_description":"The Rebar Cutting Machine GQ40A (Flat Knife) cuts 6\u201332mm rebar cleanly and efficiently. Designed for high-volume construction and global export.","og_url":"https:\/\/www.hsymachinery.com\/et\/toode\/raudtee-loikemasin-gq40a-lame-nuga\/","og_site_name":"HSY Construction Machinery","article_modified_time":"2025-06-25T12:25:23+00:00","og_image":[{"width":600,"height":600,"url":"https:\/\/www.hsymachinery.com\/wp-content\/uploads\/2025\/06\/Rebar-Cutting-Machine-GQ40A-Flat-knife.jpg","type":"image\/jpeg"}],"twitter_card":"summary_large_image","twitter_misc":{"Est. reading time":"3 minutit"},"schema":{"@context":"https:\/\/schema.org","@graph":[{"@type":"WebPage","@id":"https:\/\/www.hsymachinery.com\/product\/rebar-cutting-machine-gq40a-flat-knife\/","url":"https:\/\/www.hsymachinery.com\/product\/rebar-cutting-machine-gq40a-flat-knife\/","name":"Raua l\u00f5ikamise masin GQ40A (lame nuga) - HSY ehitusmasinad","isPartOf":{"@id":"https:\/\/www.hsymachinery.com\/#website"},"primaryImageOfPage":{"@id":"https:\/\/www.hsymachinery.com\/product\/rebar-cutting-machine-gq40a-flat-knife\/#primaryimage"},"image":{"@id":"https:\/\/www.hsymachinery.com\/product\/rebar-cutting-machine-gq40a-flat-knife\/#primaryimage"},"thumbnailUrl":"https:\/\/www.hsymachinery.com\/wp-content\/uploads\/2025\/06\/Rebar-Cutting-Machine-GQ40A-Flat-knife.jpg","datePublished":"2025-06-18T03:16:17+00:00","dateModified":"2025-06-25T12:25:23+00:00","description":"Rebaril\u00f5ikamismasin GQ40A (lame nuga) l\u00f5ikab 6-32 mm betoonvarraste puhtalt ja t\u00f5husalt. M\u00f5eldud suure mahuga ehitamiseks ja \u00fclemaailmseks ekspordiks.","breadcrumb":{"@id":"https:\/\/www.hsymachinery.com\/product\/rebar-cutting-machine-gq40a-flat-knife\/#breadcrumb"},"inLanguage":"et","potentialAction":[{"@type":"ReadAction","target":["https:\/\/www.hsymachinery.com\/product\/rebar-cutting-machine-gq40a-flat-knife\/"]}]},{"@type":"ImageObject","inLanguage":"et","@id":"https:\/\/www.hsymachinery.com\/product\/rebar-cutting-machine-gq40a-flat-knife\/#primaryimage","url":"https:\/\/www.hsymachinery.com\/wp-content\/uploads\/2025\/06\/Rebar-Cutting-Machine-GQ40A-Flat-knife.jpg","contentUrl":"https:\/\/www.hsymachinery.com\/wp-content\/uploads\/2025\/06\/Rebar-Cutting-Machine-GQ40A-Flat-knife.jpg","width":600,"height":600},{"@type":"BreadcrumbList","@id":"https:\/\/www.hsymachinery.com\/product\/rebar-cutting-machine-gq40a-flat-knife\/#breadcrumb","itemListElement":[{"@type":"ListItem","position":1,"name":"home","item":"https:\/\/www.hsymachinery.com\/"},{"@type":"ListItem","position":2,"name":"products","item":"https:\/\/www.hsymachinery.com\/products\/"},{"@type":"ListItem","position":3,"name":"Rebar Cutting Machine GQ40A (Flat knife)"}]},{"@type":"WebSite","@id":"https:\/\/www.hsymachinery.com\/#website","url":"https:\/\/www.hsymachinery.com\/","name":"HSY ehitusmasinad","description":"HSY Machinery - juhtiv Hiina ehitusmasinate tarnija, kes pakub laias valikus kerget ehitusseadmeid. Meie peamised tooted on Rebar Cutting Machine, Rebar Bending Machine, Rebar Stirrup Bending Machine, Rebar Arc Bending Machine, Rebar Straightening Machine, Five-Head Rebar Stirrup Bending Machine, Tamping Rammer, Plate Compactor, Betoon Cutter, Power Trowel ja muud ehitusmasinad. Oleme varustatud t\u00e4iustatud CNC-masinatega ja rakendame rangeid kvaliteedikontrolli standardeid koos tervikliku m\u00fc\u00fcgij\u00e4rgse teenindusega. Kui olete huvitatud meie toodetest v\u00f5i teenustest, ootame soojalt teie p\u00e4ringuid s\u00f5numi teel.","publisher":{"@id":"https:\/\/www.hsymachinery.com\/#organization"},"potentialAction":[{"@type":"SearchAction","target":{"@type":"EntryPoint","urlTemplate":"https:\/\/www.hsymachinery.com\/?s={search_term_string}"},"query-input":{"@type":"PropertyValueSpecification","valueRequired":true,"valueName":"search_term_string"}}],"inLanguage":"et"},{"@type":"Organization","@id":"https:\/\/www.hsymachinery.com\/#organization","name":"HSY ehitusmasinad","url":"https:\/\/www.hsymachinery.com\/","logo":{"@type":"ImageObject","inLanguage":"et","@id":"https:\/\/www.hsymachinery.com\/#\/schema\/logo\/image\/","url":"https:\/\/www.hsymachinery.com\/wp-content\/uploads\/2025\/06\/cropped-HSY-machinery.png","contentUrl":"https:\/\/www.hsymachinery.com\/wp-content\/uploads\/2025\/06\/cropped-HSY-machinery.png","width":600,"height":240,"caption":"HSY Construction Machinery"},"image":{"@id":"https:\/\/www.hsymachinery.com\/#\/schema\/logo\/image\/"}}]}},"_links":{"self":[{"href":"https:\/\/www.hsymachinery.com\/et\/wp-json\/wp\/v2\/product\/8909","targetHints":{"allow":["GET"]}}],"collection":[{"href":"https:\/\/www.hsymachinery.com\/et\/wp-json\/wp\/v2\/product"}],"about":[{"href":"https:\/\/www.hsymachinery.com\/et\/wp-json\/wp\/v2\/types\/product"}],"version-history":[{"count":4,"href":"https:\/\/www.hsymachinery.com\/et\/wp-json\/wp\/v2\/product\/8909\/revisions"}],"predecessor-version":[{"id":9320,"href":"https:\/\/www.hsymachinery.com\/et\/wp-json\/wp\/v2\/product\/8909\/revisions\/9320"}],"wp:featuredmedia":[{"embeddable":true,"href":"https:\/\/www.hsymachinery.com\/et\/wp-json\/wp\/v2\/media\/8910"}],"wp:attachment":[{"href":"https:\/\/www.hsymachinery.com\/et\/wp-json\/wp\/v2\/media?parent=8909"}],"wp:term":[{"taxonomy":"product_brand","embeddable":true,"href":"https:\/\/www.hsymachinery.com\/et\/wp-json\/wp\/v2\/product_brand?post=8909"},{"taxonomy":"product_cat","embeddable":true,"href":"https:\/\/www.hsymachinery.com\/et\/wp-json\/wp\/v2\/product_cat?post=8909"},{"taxonomy":"product_tag","embeddable":true,"href":"https:\/\/www.hsymachinery.com\/et\/wp-json\/wp\/v2\/product_tag?post=8909"}],"curies":[{"name":"wp","href":"https:\/\/api.w.org\/{rel}","templated":true}]}}