{"id":9220,"date":"2025-06-18T21:12:28","date_gmt":"2025-06-18T13:12:28","guid":{"rendered":"https:\/\/www.hsymachinery.com\/?post_type=product&#038;p=9220"},"modified":"2025-06-28T23:39:09","modified_gmt":"2025-06-28T15:39:09","slug":"fratasadora-motorizada-ptr-l80","status":"publish","type":"product","link":"https:\/\/www.hsymachinery.com\/es\/product\/fratasadora-motorizada-ptr-l80\/","title":{"rendered":"Allanadora con conductor a bordo PTR-L80"},"content":{"rendered":"<h2 data-start=\"139\" data-end=\"175\">Allanadora con conductor a bordo PTR-L80<\/h2>\n<h3 data-start=\"176\" data-end=\"291\">Allanadora de Hormig\u00f3n con Conductor PTR-L80 con Motor de Gasolina Longxin | Acabado Eficiente de Pisos para Losas Medianas<\/h3>\n<h3 data-start=\"298\" data-end=\"395\">Descripci\u00f3n del producto - Fiable fratasadora motorizada Longxin para superficies de hormig\u00f3n lisas<a href=\"https:\/\/www.hsymachinery.com\/es\/productos\/fratasadora-electrica-2\/\" target=\"_blank\" rel=\"noopener\"><img fetchpriority=\"high\" decoding=\"async\" class=\"wp-image-9616 alignright\" src=\"https:\/\/www.hsymachinery.com\/wp-content\/uploads\/2025\/06\/Sitting-Type-Power-Trowel-209x300.jpg\" alt=\"\" width=\"451\" height=\"647\" srcset=\"https:\/\/www.hsymachinery.com\/wp-content\/uploads\/2025\/06\/Sitting-Type-Power-Trowel-209x300.jpg 209w, https:\/\/www.hsymachinery.com\/wp-content\/uploads\/2025\/06\/Sitting-Type-Power-Trowel-713x1024.jpg 713w, https:\/\/www.hsymachinery.com\/wp-content\/uploads\/2025\/06\/Sitting-Type-Power-Trowel-768x1103.jpg 768w, https:\/\/www.hsymachinery.com\/wp-content\/uploads\/2025\/06\/Sitting-Type-Power-Trowel-600x862.jpg 600w, https:\/\/www.hsymachinery.com\/wp-content\/uploads\/2025\/06\/Sitting-Type-Power-Trowel.jpg 800w\" sizes=\"(max-width: 451px) 100vw, 451px\" \/><\/a><\/h3>\n<p data-start=\"397\" data-end=\"689\">En <strong data-start=\"401\" data-end=\"433\">Allanadora con conductor a bordo PTR-L80<\/strong> ofrece una soluci\u00f3n potente y eficaz para el acabado de losas de hormig\u00f3n de tama\u00f1o medio. Equipada con un fiable motor de gasolina Longxin, esta fratasadora con conductor a bordo proporciona una potencia constante y un funcionamiento suave durante todo el proceso de acabado.<\/p>\n<p data-start=\"691\" data-end=\"1053\">Este modelo cuenta con un sistema de fratasado de doble disco de 80 cm que garantiza una cobertura r\u00e1pida y uniforme de la superficie. El dise\u00f1o con conductor subido aumenta la comodidad y la productividad del operador al permitir al usuario sentarse mientras controla la m\u00e1quina, lo que reduce la fatiga durante los turnos largos. Adem\u00e1s, el sensible sistema de direcci\u00f3n permite maniobrar con precisi\u00f3n incluso en espacios reducidos.<\/p>\n<p data-start=\"1055\" data-end=\"1379\">Adem\u00e1s, la PTR-L80 incluye un mecanismo de paso de cuchilla ajustable. Los operarios pueden cambiar f\u00e1cilmente entre los modos de flotaci\u00f3n y pulido, proporcionando un acabado de alta calidad en cada superficie de hormig\u00f3n. El bastidor duradero y la robusta caja de engranajes aumentan la longevidad de la m\u00e1quina, convirti\u00e9ndola en una opci\u00f3n fiable para los profesionales de la construcci\u00f3n.<\/p>\n<p data-start=\"1381\" data-end=\"1639\">Gracias a su tama\u00f1o compacto y a su bajo consumo de combustible, la PTR-L80 es ideal para su uso en aparcamientos, suelos de almacenes y edificios comerciales. Proporciona excelentes resultados a los contratistas que necesitan un equilibrio entre potencia, precisi\u00f3n y movilidad.<\/p>\n<h3 data-start=\"1646\" data-end=\"1697\">Caracter\u00edsticas principales de la fratasadora el\u00e9ctrica con conductor a bordo PTR-L80<\/h3>\n<ul data-start=\"1699\" data-end=\"2065\">\n<li data-start=\"1699\" data-end=\"1768\">\n<p data-start=\"1701\" data-end=\"1768\">Equipado con motor de gasolina Longxin para una potencia estable y fuerte<\/p>\n<\/li>\n<li data-start=\"1769\" data-end=\"1829\">\n<p data-start=\"1771\" data-end=\"1829\">Sistema de fratasado de doble disco de 80 cm para un acabado eficaz<\/p>\n<\/li>\n<li data-start=\"1830\" data-end=\"1892\">\n<p data-start=\"1832\" data-end=\"1892\">El dise\u00f1o con conductor a bordo aumenta la comodidad del operador y reduce la fatiga<\/p>\n<\/li>\n<li data-start=\"1893\" data-end=\"1951\">\n<p data-start=\"1895\" data-end=\"1951\">Paso de cuchilla ajustable para un control vers\u00e1til del acabado<\/p>\n<\/li>\n<li data-start=\"1952\" data-end=\"2003\">\n<p data-start=\"1954\" data-end=\"2003\">Sistema de direcci\u00f3n sensible para un manejo preciso<\/p>\n<\/li>\n<li data-start=\"2004\" data-end=\"2065\">\n<p data-start=\"2006\" data-end=\"2065\">Su robusta construcci\u00f3n garantiza su durabilidad en las obras m\u00e1s duras<\/p>\n<\/li>\n<\/ul>\n<h3 data-start=\"2072\" data-end=\"2160\">Aplicaciones - Adecuado para losas de hormig\u00f3n comerciales e industriales de tama\u00f1o medio<\/h3>\n<p data-start=\"2162\" data-end=\"2431\">La PTR-L80 destaca en proyectos que requieren superficies de hormig\u00f3n lisas y uniformes, como aparcamientos comerciales, almacenes industriales y forjados de tama\u00f1o medio. Su facilidad de uso y rendimiento la convierten en una elecci\u00f3n popular entre los contratistas profesionales.<\/p>\n<p><iframe title=\"fratasadora,fratasadora manual,fratasadora de empuje,fratasadora,hormig\u00f3n\" width=\"720\" height=\"405\" src=\"https:\/\/www.youtube.com\/embed\/f6bzSaqMaws?feature=oembed\" frameborder=\"0\" allow=\"accelerometer; autoplay; clipboard-write; encrypted-media; gyroscope; picture-in-picture; web-share\" referrerpolicy=\"strict-origin-when-cross-origin\" allowfullscreen><\/iframe><\/p>","protected":false},"excerpt":{"rendered":"<p>La fratasadora con conductor a bordo PTR-L80 con motor Longxin proporciona un acabado del hormig\u00f3n eficiente y c\u00f3modo en losas de tama\u00f1o medio, ideal para proyectos comerciales e industriales.<\/p>","protected":false},"featured_media":9224,"template":"","meta":{"_kad_post_transparent":"default","_kad_post_title":"","_kad_post_layout":"default","_kad_post_sidebar_id":"","_kad_post_content_style":"default","_kad_post_vertical_padding":"default","_kad_post_feature":"","_kad_post_feature_position":"","_kad_post_header":false,"_kad_post_footer":false},"product_brand":[],"product_cat":[58],"product_tag":[1093,1094,1098,1091,1096,1092,1097,1099,1095,1100],"class_list":{"0":"post-9220","1":"product","2":"type-product","3":"status-publish","4":"has-post-thumbnail","6":"product_cat-ride-on-power-trowel","7":"product_tag-concrete-ride-on-trowel","8":"product_tag-concrete-ride-on-trowel-machine","9":"product_tag-concrete-surface-finishing-trowel","10":"product_tag-double-disc-ride-on-power-trowel","11":"product_tag-double-rotor-power-trowel","12":"product_tag-gasoline-ride-on-power-trowel","13":"product_tag-heavy-duty-ride-on-trowel","14":"product_tag-hydraulic-ride-on-trowel","15":"product_tag-ride-on-concrete-finishing-machine","16":"product_tag-ride-on-floor-trowel","18":"first","19":"instock","20":"shipping-taxable","21":"product-type-simple","22":"entry","23":"content-bg","24":"loop-entry"},"yoast_head":"<!-- This site is optimized with the Yoast SEO plugin v25.3.1 - https:\/\/yoast.com\/wordpress\/plugins\/seo\/ -->\n<title>Ride-On Power Trowel PTR-L80 - HSY Construction Machinery<\/title>\n<meta name=\"description\" content=\"PTR-L80 ride-on concrete trowel with Longxin gasoline engine offers reliable power and efficient finishing for medium-sized slabs. Perfect for parking lots and warehouses.\" \/>\n<meta name=\"robots\" content=\"index, follow, max-snippet:-1, max-image-preview:large, max-video-preview:-1\" \/>\n<link rel=\"canonical\" href=\"https:\/\/www.hsymachinery.com\/es\/product\/fratasadora-motorizada-ptr-l80\/\" \/>\n<meta property=\"og:locale\" content=\"es_ES\" \/>\n<meta property=\"og:type\" content=\"article\" \/>\n<meta property=\"og:title\" content=\"Ride-On Power Trowel PTR-L80 - HSY Construction Machinery\" \/>\n<meta property=\"og:description\" content=\"PTR-L80 ride-on concrete trowel with Longxin gasoline engine offers reliable power and efficient finishing for medium-sized slabs. Perfect for parking lots and warehouses.\" \/>\n<meta property=\"og:url\" content=\"https:\/\/www.hsymachinery.com\/es\/product\/fratasadora-motorizada-ptr-l80\/\" \/>\n<meta property=\"og:site_name\" content=\"HSY Construction Machinery\" \/>\n<meta property=\"article:modified_time\" content=\"2025-06-28T15:39:09+00:00\" \/>\n<meta property=\"og:image\" content=\"https:\/\/www.hsymachinery.com\/wp-content\/uploads\/2025\/06\/Ride-On-Power-Trowel-PTR-L80.jpg\" \/>\n\t<meta property=\"og:image:width\" content=\"800\" \/>\n\t<meta property=\"og:image:height\" content=\"800\" \/>\n\t<meta property=\"og:image:type\" content=\"image\/jpeg\" \/>\n<meta name=\"twitter:card\" content=\"summary_large_image\" \/>\n<meta name=\"twitter:label1\" content=\"Tiempo de lectura\" \/>\n\t<meta name=\"twitter:data1\" content=\"2 minutos\" \/>\n<script type=\"application\/ld+json\" class=\"yoast-schema-graph\">{\"@context\":\"https:\/\/schema.org\",\"@graph\":[{\"@type\":\"WebPage\",\"@id\":\"https:\/\/www.hsymachinery.com\/product\/ride-on-power-trowel-ptr-l80\/\",\"url\":\"https:\/\/www.hsymachinery.com\/product\/ride-on-power-trowel-ptr-l80\/\",\"name\":\"Ride-On Power Trowel PTR-L80 - HSY Construction Machinery\",\"isPartOf\":{\"@id\":\"https:\/\/www.hsymachinery.com\/#website\"},\"primaryImageOfPage\":{\"@id\":\"https:\/\/www.hsymachinery.com\/product\/ride-on-power-trowel-ptr-l80\/#primaryimage\"},\"image\":{\"@id\":\"https:\/\/www.hsymachinery.com\/product\/ride-on-power-trowel-ptr-l80\/#primaryimage\"},\"thumbnailUrl\":\"https:\/\/www.hsymachinery.com\/wp-content\/uploads\/2025\/06\/Ride-On-Power-Trowel-PTR-L80.jpg\",\"datePublished\":\"2025-06-18T13:12:28+00:00\",\"dateModified\":\"2025-06-28T15:39:09+00:00\",\"description\":\"PTR-L80 ride-on concrete trowel with Longxin gasoline engine offers reliable power and efficient finishing for medium-sized slabs. Perfect for parking lots and warehouses.\",\"breadcrumb\":{\"@id\":\"https:\/\/www.hsymachinery.com\/product\/ride-on-power-trowel-ptr-l80\/#breadcrumb\"},\"inLanguage\":\"es\",\"potentialAction\":[{\"@type\":\"ReadAction\",\"target\":[\"https:\/\/www.hsymachinery.com\/product\/ride-on-power-trowel-ptr-l80\/\"]}]},{\"@type\":\"ImageObject\",\"inLanguage\":\"es\",\"@id\":\"https:\/\/www.hsymachinery.com\/product\/ride-on-power-trowel-ptr-l80\/#primaryimage\",\"url\":\"https:\/\/www.hsymachinery.com\/wp-content\/uploads\/2025\/06\/Ride-On-Power-Trowel-PTR-L80.jpg\",\"contentUrl\":\"https:\/\/www.hsymachinery.com\/wp-content\/uploads\/2025\/06\/Ride-On-Power-Trowel-PTR-L80.jpg\",\"width\":800,\"height\":800},{\"@type\":\"BreadcrumbList\",\"@id\":\"https:\/\/www.hsymachinery.com\/product\/ride-on-power-trowel-ptr-l80\/#breadcrumb\",\"itemListElement\":[{\"@type\":\"ListItem\",\"position\":1,\"name\":\"home\",\"item\":\"https:\/\/www.hsymachinery.com\/\"},{\"@type\":\"ListItem\",\"position\":2,\"name\":\"products\",\"item\":\"https:\/\/www.hsymachinery.com\/products\/\"},{\"@type\":\"ListItem\",\"position\":3,\"name\":\"Ride-On Power Trowel PTR-L80\"}]},{\"@type\":\"WebSite\",\"@id\":\"https:\/\/www.hsymachinery.com\/#website\",\"url\":\"https:\/\/www.hsymachinery.com\/\",\"name\":\"HSY Construction Machinery\",\"description\":\"HSY Machinery \u2013 A leading China construction machinery supplier, offering a wide range of light construction equipment. Our main products include Rebar Cutting Machine, Rebar Bending Machine, Rebar Stirrup Bending Machine, Rebar Arc Bending Machine, Rebar Straightening Machine, Five-Head Rebar Stirrup Bending Machine, Tamping Rammer, Plate Compactor, Concrete Cutter, Power Trowel, and other construction machinery. We are equipped with advanced CNC machines, and we enforce strict quality inspection standards along with comprehensive after-sales service. If you are interested in our products or services, we warmly welcome your inquiries via message.\",\"publisher\":{\"@id\":\"https:\/\/www.hsymachinery.com\/#organization\"},\"potentialAction\":[{\"@type\":\"SearchAction\",\"target\":{\"@type\":\"EntryPoint\",\"urlTemplate\":\"https:\/\/www.hsymachinery.com\/?s={search_term_string}\"},\"query-input\":{\"@type\":\"PropertyValueSpecification\",\"valueRequired\":true,\"valueName\":\"search_term_string\"}}],\"inLanguage\":\"es\"},{\"@type\":\"Organization\",\"@id\":\"https:\/\/www.hsymachinery.com\/#organization\",\"name\":\"HSY Construction Machinery\",\"url\":\"https:\/\/www.hsymachinery.com\/\",\"logo\":{\"@type\":\"ImageObject\",\"inLanguage\":\"es\",\"@id\":\"https:\/\/www.hsymachinery.com\/#\/schema\/logo\/image\/\",\"url\":\"https:\/\/www.hsymachinery.com\/wp-content\/uploads\/2025\/06\/cropped-HSY-machinery.png\",\"contentUrl\":\"https:\/\/www.hsymachinery.com\/wp-content\/uploads\/2025\/06\/cropped-HSY-machinery.png\",\"width\":600,\"height\":240,\"caption\":\"HSY Construction Machinery\"},\"image\":{\"@id\":\"https:\/\/www.hsymachinery.com\/#\/schema\/logo\/image\/\"}}]}<\/script>\n<!-- \/ Yoast SEO plugin. -->","yoast_head_json":{"title":"Allanadora con operador abordo PTR-L80 - Maquinaria de construcci\u00f3n HSY","description":"La fratasadora de hormig\u00f3n con conductor a bordo PTR-L80 con motor de gasolina Longxin ofrece una potencia fiable y un acabado eficaz para losas de tama\u00f1o medio. Perfecta para aparcamientos y almacenes.","robots":{"index":"index","follow":"follow","max-snippet":"max-snippet:-1","max-image-preview":"max-image-preview:large","max-video-preview":"max-video-preview:-1"},"canonical":"https:\/\/www.hsymachinery.com\/es\/product\/fratasadora-motorizada-ptr-l80\/","og_locale":"es_ES","og_type":"article","og_title":"Ride-On Power Trowel PTR-L80 - HSY Construction Machinery","og_description":"PTR-L80 ride-on concrete trowel with Longxin gasoline engine offers reliable power and efficient finishing for medium-sized slabs. Perfect for parking lots and warehouses.","og_url":"https:\/\/www.hsymachinery.com\/es\/product\/fratasadora-motorizada-ptr-l80\/","og_site_name":"HSY Construction Machinery","article_modified_time":"2025-06-28T15:39:09+00:00","og_image":[{"width":800,"height":800,"url":"https:\/\/www.hsymachinery.com\/wp-content\/uploads\/2025\/06\/Ride-On-Power-Trowel-PTR-L80.jpg","type":"image\/jpeg"}],"twitter_card":"summary_large_image","twitter_misc":{"Tiempo de lectura":"2 minutos"},"schema":{"@context":"https:\/\/schema.org","@graph":[{"@type":"WebPage","@id":"https:\/\/www.hsymachinery.com\/product\/ride-on-power-trowel-ptr-l80\/","url":"https:\/\/www.hsymachinery.com\/product\/ride-on-power-trowel-ptr-l80\/","name":"Allanadora con operador abordo PTR-L80 - Maquinaria de construcci\u00f3n HSY","isPartOf":{"@id":"https:\/\/www.hsymachinery.com\/#website"},"primaryImageOfPage":{"@id":"https:\/\/www.hsymachinery.com\/product\/ride-on-power-trowel-ptr-l80\/#primaryimage"},"image":{"@id":"https:\/\/www.hsymachinery.com\/product\/ride-on-power-trowel-ptr-l80\/#primaryimage"},"thumbnailUrl":"https:\/\/www.hsymachinery.com\/wp-content\/uploads\/2025\/06\/Ride-On-Power-Trowel-PTR-L80.jpg","datePublished":"2025-06-18T13:12:28+00:00","dateModified":"2025-06-28T15:39:09+00:00","description":"La fratasadora de hormig\u00f3n con conductor a bordo PTR-L80 con motor de gasolina Longxin ofrece una potencia fiable y un acabado eficaz para losas de tama\u00f1o medio. Perfecta para aparcamientos y almacenes.","breadcrumb":{"@id":"https:\/\/www.hsymachinery.com\/product\/ride-on-power-trowel-ptr-l80\/#breadcrumb"},"inLanguage":"es","potentialAction":[{"@type":"ReadAction","target":["https:\/\/www.hsymachinery.com\/product\/ride-on-power-trowel-ptr-l80\/"]}]},{"@type":"ImageObject","inLanguage":"es","@id":"https:\/\/www.hsymachinery.com\/product\/ride-on-power-trowel-ptr-l80\/#primaryimage","url":"https:\/\/www.hsymachinery.com\/wp-content\/uploads\/2025\/06\/Ride-On-Power-Trowel-PTR-L80.jpg","contentUrl":"https:\/\/www.hsymachinery.com\/wp-content\/uploads\/2025\/06\/Ride-On-Power-Trowel-PTR-L80.jpg","width":800,"height":800},{"@type":"BreadcrumbList","@id":"https:\/\/www.hsymachinery.com\/product\/ride-on-power-trowel-ptr-l80\/#breadcrumb","itemListElement":[{"@type":"ListItem","position":1,"name":"home","item":"https:\/\/www.hsymachinery.com\/"},{"@type":"ListItem","position":2,"name":"products","item":"https:\/\/www.hsymachinery.com\/products\/"},{"@type":"ListItem","position":3,"name":"Ride-On Power Trowel PTR-L80"}]},{"@type":"WebSite","@id":"https:\/\/www.hsymachinery.com\/#website","url":"https:\/\/www.hsymachinery.com\/","name":"Maquinaria de construcci\u00f3n HSY","description":"HSY Machinery - Un proveedor l\u00edder de maquinaria de construcci\u00f3n en China, que ofrece una amplia gama de equipos de construcci\u00f3n ligera. Nuestros productos principales incluyen m\u00e1quina cortadora de varilla, m\u00e1quina dobladora de varilla, m\u00e1quina dobladora de estribo de varilla, m\u00e1quina dobladora de arco de varilla, m\u00e1quina enderezadora de varilla, m\u00e1quina dobladora de estribo de varilla de cinco cabezas, apisonador, compactador de placa, cortadora de concreto, allanadora mec\u00e1nica, y otra maquinaria de construcci\u00f3n. Estamos equipados con m\u00e1quinas CNC avanzadas, y aplicamos estrictas normas de inspecci\u00f3n de calidad, junto con un completo servicio post-venta. Si usted est\u00e1 interesado en nuestros productos o servicios, damos la bienvenida a sus consultas a trav\u00e9s de mensaje.","publisher":{"@id":"https:\/\/www.hsymachinery.com\/#organization"},"potentialAction":[{"@type":"SearchAction","target":{"@type":"EntryPoint","urlTemplate":"https:\/\/www.hsymachinery.com\/?s={search_term_string}"},"query-input":{"@type":"PropertyValueSpecification","valueRequired":true,"valueName":"search_term_string"}}],"inLanguage":"es"},{"@type":"Organization","@id":"https:\/\/www.hsymachinery.com\/#organization","name":"Maquinaria de construcci\u00f3n HSY","url":"https:\/\/www.hsymachinery.com\/","logo":{"@type":"ImageObject","inLanguage":"es","@id":"https:\/\/www.hsymachinery.com\/#\/schema\/logo\/image\/","url":"https:\/\/www.hsymachinery.com\/wp-content\/uploads\/2025\/06\/cropped-HSY-machinery.png","contentUrl":"https:\/\/www.hsymachinery.com\/wp-content\/uploads\/2025\/06\/cropped-HSY-machinery.png","width":600,"height":240,"caption":"HSY Construction Machinery"},"image":{"@id":"https:\/\/www.hsymachinery.com\/#\/schema\/logo\/image\/"}}]}},"_links":{"self":[{"href":"https:\/\/www.hsymachinery.com\/es\/wp-json\/wp\/v2\/product\/9220","targetHints":{"allow":["GET"]}}],"collection":[{"href":"https:\/\/www.hsymachinery.com\/es\/wp-json\/wp\/v2\/product"}],"about":[{"href":"https:\/\/www.hsymachinery.com\/es\/wp-json\/wp\/v2\/types\/product"}],"version-history":[{"count":3,"href":"https:\/\/www.hsymachinery.com\/es\/wp-json\/wp\/v2\/product\/9220\/revisions"}],"predecessor-version":[{"id":9618,"href":"https:\/\/www.hsymachinery.com\/es\/wp-json\/wp\/v2\/product\/9220\/revisions\/9618"}],"wp:featuredmedia":[{"embeddable":true,"href":"https:\/\/www.hsymachinery.com\/es\/wp-json\/wp\/v2\/media\/9224"}],"wp:attachment":[{"href":"https:\/\/www.hsymachinery.com\/es\/wp-json\/wp\/v2\/media?parent=9220"}],"wp:term":[{"taxonomy":"product_brand","embeddable":true,"href":"https:\/\/www.hsymachinery.com\/es\/wp-json\/wp\/v2\/product_brand?post=9220"},{"taxonomy":"product_cat","embeddable":true,"href":"https:\/\/www.hsymachinery.com\/es\/wp-json\/wp\/v2\/product_cat?post=9220"},{"taxonomy":"product_tag","embeddable":true,"href":"https:\/\/www.hsymachinery.com\/es\/wp-json\/wp\/v2\/product_tag?post=9220"}],"curies":[{"name":"wp","href":"https:\/\/api.w.org\/{rel}","templated":true}]}}