{"id":9211,"date":"2025-06-18T20:38:34","date_gmt":"2025-06-18T12:38:34","guid":{"rendered":"https:\/\/www.hsymachinery.com\/?post_type=product&#038;p=9211"},"modified":"2025-06-28T23:14:56","modified_gmt":"2025-06-28T15:14:56","slug":"fratasadora-electrica-pth-l100b","status":"publish","type":"product","link":"https:\/\/www.hsymachinery.com\/es\/product\/fratasadora-electrica-pth-l100b\/","title":{"rendered":"Allanadora con conductor a pie PTH-L100B"},"content":{"rendered":"<h2 data-start=\"155\" data-end=\"197\">Allanadora con conductor a pie PTH-L100B<\/h2>\n<h3 data-start=\"198\" data-end=\"320\">Llana de Hormig\u00f3n de Gasolina PTH-L100B | Motor Longxin | Acabado de losas mejorado para proyectos de alta eficiencia<\/h3>\n<h3 data-start=\"327\" data-end=\"438\">Descripci\u00f3n del producto - Alisadora motorizada Longxin para el alisado de grandes losas de hormig\u00f3n con mejoras de rendimiento<a href=\"https:\/\/www.hsymachinery.com\/es\/productos\/fratasadora-electrica-manual\/\" target=\"_blank\" rel=\"noopener\"><img fetchpriority=\"high\" decoding=\"async\" class=\"wp-image-9212 alignright\" src=\"https:\/\/www.hsymachinery.com\/wp-content\/uploads\/2025\/06\/Walk-Behind-Power-Trowel-PTH-L100B-244x300.jpg\" alt=\"\" width=\"451\" height=\"555\" srcset=\"https:\/\/www.hsymachinery.com\/wp-content\/uploads\/2025\/06\/Walk-Behind-Power-Trowel-PTH-L100B-244x300.jpg 244w, https:\/\/www.hsymachinery.com\/wp-content\/uploads\/2025\/06\/Walk-Behind-Power-Trowel-PTH-L100B.jpg 600w\" sizes=\"(max-width: 451px) 100vw, 451px\" \/><\/a><\/h3>\n<p data-start=\"440\" data-end=\"853\">En <strong data-start=\"444\" data-end=\"482\">Allanadora con conductor a pie PTH-L100B<\/strong> es una m\u00e1quina de acabado de hormig\u00f3n de gran di\u00e1metro, accionada por gasolina y equipada con un fiable motor Longxin. Como versi\u00f3n mejorada de las fratasadoras est\u00e1ndar de 100 cm, este modelo se ha dise\u00f1ado para ofrecer una mayor durabilidad, un mejor equilibrio y un control de acabado m\u00e1s preciso, lo que lo convierte en la m\u00e1quina ideal para los profesionales que trabajan en proyectos de losas de hormig\u00f3n de tama\u00f1o medio y grande.<\/p>\n<p data-start=\"855\" data-end=\"1200\">Con un di\u00e1metro de fratasado de 100 cm, la PTH-L100B aumenta la cobertura por pasada, mejorando significativamente la productividad en suelos industriales, almacenes y aparcamientos. Adem\u00e1s, el sistema de paso de cuchilla ajustable de la m\u00e1quina permite una transici\u00f3n perfecta entre la flotaci\u00f3n y el acabado, garantizando una superficie impecable y de alto brillo.<\/p>\n<p data-start=\"1202\" data-end=\"1644\">Adem\u00e1s, la caja de cambios reforzada, los brazos de ara\u00f1a mejorados y el anillo de seguridad mejorado permiten que la m\u00e1quina funcione de forma fiable en condiciones de trabajo pesado. Su empu\u00f1adura ergon\u00f3mica plegable incluye agarres que reducen las vibraciones, ofreciendo una mayor comodidad al operador durante un uso prolongado. El motor de gasolina Longxin proporciona un par estable, una potencia suave y una excelente eficiencia de combustible, lo que reduce los costes de funcionamiento a lo largo del tiempo.<\/p>\n<p data-start=\"1646\" data-end=\"1862\">Gracias a su dise\u00f1o mejorado, la PTH-L100B no s\u00f3lo satisface las necesidades de las grandes obras, sino que tambi\u00e9n proporciona una calidad constante, estabilidad operativa y una larga vida \u00fatil, incluso en entornos exigentes.<\/p>\n<h3 data-start=\"1869\" data-end=\"1926\">Caracter\u00edsticas principales de la fratasadora el\u00e9ctrica con conductor a pie PTH-L100B<\/h3>\n<ul data-start=\"1928\" data-end=\"2358\">\n<li data-start=\"1928\" data-end=\"2000\">\n<p data-start=\"1930\" data-end=\"2000\">Motor de gasolina Longxin para un rendimiento fuerte y estable<\/p>\n<\/li>\n<li data-start=\"2001\" data-end=\"2074\">\n<p data-start=\"2003\" data-end=\"2074\">El di\u00e1metro de la llana de 100 cm mejora la eficacia del acabado en grandes losas<\/p>\n<\/li>\n<li data-start=\"2075\" data-end=\"2149\">\n<p data-start=\"2077\" data-end=\"2149\">Caja de cambios y estructura mejoradas para una mayor durabilidad y uso a largo plazo<\/p>\n<\/li>\n<li data-start=\"2150\" data-end=\"2227\">\n<p data-start=\"2152\" data-end=\"2227\">El paso de cuchilla ajustable permite un control de precisi\u00f3n para la flotaci\u00f3n o el pulido<\/p>\n<\/li>\n<li data-start=\"2228\" data-end=\"2287\">\n<p data-start=\"2230\" data-end=\"2287\">El asa antivibraciones plegable reduce la fatiga del operario<\/p>\n<\/li>\n<li data-start=\"2288\" data-end=\"2358\">\n<p data-start=\"2290\" data-end=\"2358\">Ideal para el acabado de hormig\u00f3n industrial, comercial y municipal<\/p>\n<\/li>\n<\/ul>\n<h3 data-start=\"2365\" data-end=\"2451\">Aplicaciones - Ideal para grandes losas, almacenes, talleres y aparcamientos<\/h3>\n<p data-start=\"2453\" data-end=\"2757\">La PTH-L100B se utiliza ampliamente en f\u00e1bricas, centros log\u00edsticos, grandes accesos y proyectos inmobiliarios comerciales. Su funcionamiento de alta eficiencia y sus resultados de calidad profesional la convierten en la herramienta preferida de los contratistas que exigen potencia, fiabilidad y calidad en una sola m\u00e1quina.<\/p>\n<p data-start=\"2759\" data-end=\"2889\">Como resultado, es especialmente popular en obras con plazos ajustados en las que no se puede comprometer la cobertura ni la calidad del acabado.<\/p>\n<p><iframe title=\"fratasadora,fratasadora manual,fratasadora,hormigon 1TP5Fresadora 1TP5Fresadora 1TP5Hormig\u00f3n\" width=\"720\" height=\"405\" src=\"https:\/\/www.youtube.com\/embed\/pa6AuNhMrwI?feature=oembed\" frameborder=\"0\" allow=\"accelerometer; autoplay; clipboard-write; encrypted-media; gyroscope; picture-in-picture; web-share\" referrerpolicy=\"strict-origin-when-cross-origin\" allowfullscreen><\/iframe><\/p>","protected":false},"excerpt":{"rendered":"<p>La fratasadora el\u00e9ctrica de gasolina PTH-L100B cuenta con un motor Longxin y 100 cm de di\u00e1metro para un acabado de losas de hormig\u00f3n r\u00e1pido, duradero y preciso en grandes obras.<\/p>","protected":false},"featured_media":9212,"template":"","meta":{"_kad_post_transparent":"default","_kad_post_title":"","_kad_post_layout":"default","_kad_post_sidebar_id":"","_kad_post_content_style":"default","_kad_post_vertical_padding":"default","_kad_post_feature":"","_kad_post_feature_position":"","_kad_post_header":false,"_kad_post_footer":false},"product_brand":[],"product_cat":[55],"product_tag":[1084,1083,1087,1081,1086,1085,1089,1088,1090,1082],"class_list":{"0":"post-9211","1":"product","2":"type-product","3":"status-publish","4":"has-post-thumbnail","6":"product_cat-walk-behind-power-trowel","7":"product_tag-cement-power-trowel","8":"product_tag-concrete-finishing-trowel","9":"product_tag-concrete-floor-finishing-machine","10":"product_tag-concrete-power-trowel","11":"product_tag-electric-walk-behind-trowel","12":"product_tag-gasoline-power-trowel","13":"product_tag-hand-operated-power-trowel","14":"product_tag-manual-power-trowel","15":"product_tag-walk-behind-concrete-finishing-machine","16":"product_tag-walk-behind-trowel-machine","18":"first","19":"instock","20":"shipping-taxable","21":"product-type-simple","22":"entry","23":"content-bg","24":"loop-entry"},"yoast_head":"<!-- This site is optimized with the Yoast SEO plugin v25.3.1 - https:\/\/yoast.com\/wordpress\/plugins\/seo\/ -->\n<title>Walk-Behind Power Trowel PTH-L100B - HSY Construction Machinery<\/title>\n<meta name=\"description\" content=\"PTH-L100B walk-behind trowel with Longxin gasoline engine offers 100 cm coverage, enhanced durability, and smooth slab finishing for commercial and industrial projects.Walk-Behind Power Trowel PTH-L100B\" \/>\n<meta name=\"robots\" content=\"index, follow, max-snippet:-1, max-image-preview:large, max-video-preview:-1\" \/>\n<link rel=\"canonical\" href=\"https:\/\/www.hsymachinery.com\/es\/product\/fratasadora-electrica-pth-l100b\/\" \/>\n<meta property=\"og:locale\" content=\"es_ES\" \/>\n<meta property=\"og:type\" content=\"article\" \/>\n<meta property=\"og:title\" content=\"Walk-Behind Power Trowel PTH-L100B - HSY Construction Machinery\" \/>\n<meta property=\"og:description\" content=\"PTH-L100B walk-behind trowel with Longxin gasoline engine offers 100 cm coverage, enhanced durability, and smooth slab finishing for commercial and industrial projects.Walk-Behind Power Trowel PTH-L100B\" \/>\n<meta property=\"og:url\" content=\"https:\/\/www.hsymachinery.com\/es\/product\/fratasadora-electrica-pth-l100b\/\" \/>\n<meta property=\"og:site_name\" content=\"HSY Construction Machinery\" \/>\n<meta property=\"article:modified_time\" content=\"2025-06-28T15:14:56+00:00\" \/>\n<meta property=\"og:image\" content=\"https:\/\/www.hsymachinery.com\/wp-content\/uploads\/2025\/06\/Walk-Behind-Power-Trowel-PTH-L100B.jpg\" \/>\n\t<meta property=\"og:image:width\" content=\"600\" \/>\n\t<meta property=\"og:image:height\" content=\"738\" \/>\n\t<meta property=\"og:image:type\" content=\"image\/jpeg\" \/>\n<meta name=\"twitter:card\" content=\"summary_large_image\" \/>\n<meta name=\"twitter:label1\" content=\"Tiempo de lectura\" \/>\n\t<meta name=\"twitter:data1\" content=\"2 minutos\" \/>\n<script type=\"application\/ld+json\" class=\"yoast-schema-graph\">{\"@context\":\"https:\/\/schema.org\",\"@graph\":[{\"@type\":\"WebPage\",\"@id\":\"https:\/\/www.hsymachinery.com\/product\/walk-behind-power-trowel-pth-l100b\/\",\"url\":\"https:\/\/www.hsymachinery.com\/product\/walk-behind-power-trowel-pth-l100b\/\",\"name\":\"Walk-Behind Power Trowel PTH-L100B - HSY Construction Machinery\",\"isPartOf\":{\"@id\":\"https:\/\/www.hsymachinery.com\/#website\"},\"primaryImageOfPage\":{\"@id\":\"https:\/\/www.hsymachinery.com\/product\/walk-behind-power-trowel-pth-l100b\/#primaryimage\"},\"image\":{\"@id\":\"https:\/\/www.hsymachinery.com\/product\/walk-behind-power-trowel-pth-l100b\/#primaryimage\"},\"thumbnailUrl\":\"https:\/\/www.hsymachinery.com\/wp-content\/uploads\/2025\/06\/Walk-Behind-Power-Trowel-PTH-L100B.jpg\",\"datePublished\":\"2025-06-18T12:38:34+00:00\",\"dateModified\":\"2025-06-28T15:14:56+00:00\",\"description\":\"PTH-L100B walk-behind trowel with Longxin gasoline engine offers 100 cm coverage, enhanced durability, and smooth slab finishing for commercial and industrial projects.Walk-Behind Power Trowel PTH-L100B\",\"breadcrumb\":{\"@id\":\"https:\/\/www.hsymachinery.com\/product\/walk-behind-power-trowel-pth-l100b\/#breadcrumb\"},\"inLanguage\":\"es\",\"potentialAction\":[{\"@type\":\"ReadAction\",\"target\":[\"https:\/\/www.hsymachinery.com\/product\/walk-behind-power-trowel-pth-l100b\/\"]}]},{\"@type\":\"ImageObject\",\"inLanguage\":\"es\",\"@id\":\"https:\/\/www.hsymachinery.com\/product\/walk-behind-power-trowel-pth-l100b\/#primaryimage\",\"url\":\"https:\/\/www.hsymachinery.com\/wp-content\/uploads\/2025\/06\/Walk-Behind-Power-Trowel-PTH-L100B.jpg\",\"contentUrl\":\"https:\/\/www.hsymachinery.com\/wp-content\/uploads\/2025\/06\/Walk-Behind-Power-Trowel-PTH-L100B.jpg\",\"width\":600,\"height\":738},{\"@type\":\"BreadcrumbList\",\"@id\":\"https:\/\/www.hsymachinery.com\/product\/walk-behind-power-trowel-pth-l100b\/#breadcrumb\",\"itemListElement\":[{\"@type\":\"ListItem\",\"position\":1,\"name\":\"home\",\"item\":\"https:\/\/www.hsymachinery.com\/\"},{\"@type\":\"ListItem\",\"position\":2,\"name\":\"products\",\"item\":\"https:\/\/www.hsymachinery.com\/products\/\"},{\"@type\":\"ListItem\",\"position\":3,\"name\":\"Walk-Behind Power Trowel PTH-L100B\"}]},{\"@type\":\"WebSite\",\"@id\":\"https:\/\/www.hsymachinery.com\/#website\",\"url\":\"https:\/\/www.hsymachinery.com\/\",\"name\":\"HSY Construction Machinery\",\"description\":\"HSY Machinery \u2013 A leading China construction machinery supplier, offering a wide range of light construction equipment. Our main products include Rebar Cutting Machine, Rebar Bending Machine, Rebar Stirrup Bending Machine, Rebar Arc Bending Machine, Rebar Straightening Machine, Five-Head Rebar Stirrup Bending Machine, Tamping Rammer, Plate Compactor, Concrete Cutter, Power Trowel, and other construction machinery. We are equipped with advanced CNC machines, and we enforce strict quality inspection standards along with comprehensive after-sales service. If you are interested in our products or services, we warmly welcome your inquiries via message.\",\"publisher\":{\"@id\":\"https:\/\/www.hsymachinery.com\/#organization\"},\"potentialAction\":[{\"@type\":\"SearchAction\",\"target\":{\"@type\":\"EntryPoint\",\"urlTemplate\":\"https:\/\/www.hsymachinery.com\/?s={search_term_string}\"},\"query-input\":{\"@type\":\"PropertyValueSpecification\",\"valueRequired\":true,\"valueName\":\"search_term_string\"}}],\"inLanguage\":\"es\"},{\"@type\":\"Organization\",\"@id\":\"https:\/\/www.hsymachinery.com\/#organization\",\"name\":\"HSY Construction Machinery\",\"url\":\"https:\/\/www.hsymachinery.com\/\",\"logo\":{\"@type\":\"ImageObject\",\"inLanguage\":\"es\",\"@id\":\"https:\/\/www.hsymachinery.com\/#\/schema\/logo\/image\/\",\"url\":\"https:\/\/www.hsymachinery.com\/wp-content\/uploads\/2025\/06\/cropped-HSY-machinery.png\",\"contentUrl\":\"https:\/\/www.hsymachinery.com\/wp-content\/uploads\/2025\/06\/cropped-HSY-machinery.png\",\"width\":600,\"height\":240,\"caption\":\"HSY Construction Machinery\"},\"image\":{\"@id\":\"https:\/\/www.hsymachinery.com\/#\/schema\/logo\/image\/\"}}]}<\/script>\n<!-- \/ Yoast SEO plugin. -->","yoast_head_json":{"title":"Allanadora con operador a bordo PTH-L100B - HSY Maquinaria de Construcci\u00f3n","description":"La fratasadora con conductor a pie PTH-L100B con motor de gasolina Longxin ofrece una cobertura de 100 cm, mayor durabilidad y un acabado suave de losas para proyectos comerciales e industriales.Fratasadora con conductor a pie PTH-L100B","robots":{"index":"index","follow":"follow","max-snippet":"max-snippet:-1","max-image-preview":"max-image-preview:large","max-video-preview":"max-video-preview:-1"},"canonical":"https:\/\/www.hsymachinery.com\/es\/product\/fratasadora-electrica-pth-l100b\/","og_locale":"es_ES","og_type":"article","og_title":"Walk-Behind Power Trowel PTH-L100B - HSY Construction Machinery","og_description":"PTH-L100B walk-behind trowel with Longxin gasoline engine offers 100 cm coverage, enhanced durability, and smooth slab finishing for commercial and industrial projects.Walk-Behind Power Trowel PTH-L100B","og_url":"https:\/\/www.hsymachinery.com\/es\/product\/fratasadora-electrica-pth-l100b\/","og_site_name":"HSY Construction Machinery","article_modified_time":"2025-06-28T15:14:56+00:00","og_image":[{"width":600,"height":738,"url":"https:\/\/www.hsymachinery.com\/wp-content\/uploads\/2025\/06\/Walk-Behind-Power-Trowel-PTH-L100B.jpg","type":"image\/jpeg"}],"twitter_card":"summary_large_image","twitter_misc":{"Tiempo de lectura":"2 minutos"},"schema":{"@context":"https:\/\/schema.org","@graph":[{"@type":"WebPage","@id":"https:\/\/www.hsymachinery.com\/product\/walk-behind-power-trowel-pth-l100b\/","url":"https:\/\/www.hsymachinery.com\/product\/walk-behind-power-trowel-pth-l100b\/","name":"Allanadora con operador a bordo PTH-L100B - HSY Maquinaria de Construcci\u00f3n","isPartOf":{"@id":"https:\/\/www.hsymachinery.com\/#website"},"primaryImageOfPage":{"@id":"https:\/\/www.hsymachinery.com\/product\/walk-behind-power-trowel-pth-l100b\/#primaryimage"},"image":{"@id":"https:\/\/www.hsymachinery.com\/product\/walk-behind-power-trowel-pth-l100b\/#primaryimage"},"thumbnailUrl":"https:\/\/www.hsymachinery.com\/wp-content\/uploads\/2025\/06\/Walk-Behind-Power-Trowel-PTH-L100B.jpg","datePublished":"2025-06-18T12:38:34+00:00","dateModified":"2025-06-28T15:14:56+00:00","description":"La fratasadora con conductor a pie PTH-L100B con motor de gasolina Longxin ofrece una cobertura de 100 cm, mayor durabilidad y un acabado suave de losas para proyectos comerciales e industriales.Fratasadora con conductor a pie PTH-L100B","breadcrumb":{"@id":"https:\/\/www.hsymachinery.com\/product\/walk-behind-power-trowel-pth-l100b\/#breadcrumb"},"inLanguage":"es","potentialAction":[{"@type":"ReadAction","target":["https:\/\/www.hsymachinery.com\/product\/walk-behind-power-trowel-pth-l100b\/"]}]},{"@type":"ImageObject","inLanguage":"es","@id":"https:\/\/www.hsymachinery.com\/product\/walk-behind-power-trowel-pth-l100b\/#primaryimage","url":"https:\/\/www.hsymachinery.com\/wp-content\/uploads\/2025\/06\/Walk-Behind-Power-Trowel-PTH-L100B.jpg","contentUrl":"https:\/\/www.hsymachinery.com\/wp-content\/uploads\/2025\/06\/Walk-Behind-Power-Trowel-PTH-L100B.jpg","width":600,"height":738},{"@type":"BreadcrumbList","@id":"https:\/\/www.hsymachinery.com\/product\/walk-behind-power-trowel-pth-l100b\/#breadcrumb","itemListElement":[{"@type":"ListItem","position":1,"name":"home","item":"https:\/\/www.hsymachinery.com\/"},{"@type":"ListItem","position":2,"name":"products","item":"https:\/\/www.hsymachinery.com\/products\/"},{"@type":"ListItem","position":3,"name":"Walk-Behind Power Trowel PTH-L100B"}]},{"@type":"WebSite","@id":"https:\/\/www.hsymachinery.com\/#website","url":"https:\/\/www.hsymachinery.com\/","name":"Maquinaria de construcci\u00f3n HSY","description":"HSY Machinery - Un proveedor l\u00edder de maquinaria de construcci\u00f3n en China, que ofrece una amplia gama de equipos de construcci\u00f3n ligera. Nuestros productos principales incluyen m\u00e1quina cortadora de varilla, m\u00e1quina dobladora de varilla, m\u00e1quina dobladora de estribo de varilla, m\u00e1quina dobladora de arco de varilla, m\u00e1quina enderezadora de varilla, m\u00e1quina dobladora de estribo de varilla de cinco cabezas, apisonador, compactador de placa, cortadora de concreto, allanadora mec\u00e1nica, y otra maquinaria de construcci\u00f3n. Estamos equipados con m\u00e1quinas CNC avanzadas, y aplicamos estrictas normas de inspecci\u00f3n de calidad, junto con un completo servicio post-venta. Si usted est\u00e1 interesado en nuestros productos o servicios, damos la bienvenida a sus consultas a trav\u00e9s de mensaje.","publisher":{"@id":"https:\/\/www.hsymachinery.com\/#organization"},"potentialAction":[{"@type":"SearchAction","target":{"@type":"EntryPoint","urlTemplate":"https:\/\/www.hsymachinery.com\/?s={search_term_string}"},"query-input":{"@type":"PropertyValueSpecification","valueRequired":true,"valueName":"search_term_string"}}],"inLanguage":"es"},{"@type":"Organization","@id":"https:\/\/www.hsymachinery.com\/#organization","name":"Maquinaria de construcci\u00f3n HSY","url":"https:\/\/www.hsymachinery.com\/","logo":{"@type":"ImageObject","inLanguage":"es","@id":"https:\/\/www.hsymachinery.com\/#\/schema\/logo\/image\/","url":"https:\/\/www.hsymachinery.com\/wp-content\/uploads\/2025\/06\/cropped-HSY-machinery.png","contentUrl":"https:\/\/www.hsymachinery.com\/wp-content\/uploads\/2025\/06\/cropped-HSY-machinery.png","width":600,"height":240,"caption":"HSY Construction Machinery"},"image":{"@id":"https:\/\/www.hsymachinery.com\/#\/schema\/logo\/image\/"}}]}},"_links":{"self":[{"href":"https:\/\/www.hsymachinery.com\/es\/wp-json\/wp\/v2\/product\/9211","targetHints":{"allow":["GET"]}}],"collection":[{"href":"https:\/\/www.hsymachinery.com\/es\/wp-json\/wp\/v2\/product"}],"about":[{"href":"https:\/\/www.hsymachinery.com\/es\/wp-json\/wp\/v2\/types\/product"}],"version-history":[{"count":3,"href":"https:\/\/www.hsymachinery.com\/es\/wp-json\/wp\/v2\/product\/9211\/revisions"}],"predecessor-version":[{"id":9606,"href":"https:\/\/www.hsymachinery.com\/es\/wp-json\/wp\/v2\/product\/9211\/revisions\/9606"}],"wp:featuredmedia":[{"embeddable":true,"href":"https:\/\/www.hsymachinery.com\/es\/wp-json\/wp\/v2\/media\/9212"}],"wp:attachment":[{"href":"https:\/\/www.hsymachinery.com\/es\/wp-json\/wp\/v2\/media?parent=9211"}],"wp:term":[{"taxonomy":"product_brand","embeddable":true,"href":"https:\/\/www.hsymachinery.com\/es\/wp-json\/wp\/v2\/product_brand?post=9211"},{"taxonomy":"product_cat","embeddable":true,"href":"https:\/\/www.hsymachinery.com\/es\/wp-json\/wp\/v2\/product_cat?post=9211"},{"taxonomy":"product_tag","embeddable":true,"href":"https:\/\/www.hsymachinery.com\/es\/wp-json\/wp\/v2\/product_tag?post=9211"}],"curies":[{"name":"wp","href":"https:\/\/api.w.org\/{rel}","templated":true}]}}