{"id":9202,"date":"2025-06-18T20:33:18","date_gmt":"2025-06-18T12:33:18","guid":{"rendered":"https:\/\/www.hsymachinery.com\/?post_type=product&#038;p=9202"},"modified":"2025-06-28T23:04:04","modified_gmt":"2025-06-28T15:04:04","slug":"fratasadora-motorizada-pth-d100","status":"publish","type":"product","link":"https:\/\/www.hsymachinery.com\/es\/product\/fratasadora-motorizada-pth-d100\/","title":{"rendered":"Fratasadora con conductor a pie PTH-D100"},"content":{"rendered":"<h2 data-start=\"143\" data-end=\"184\">Fratasadora con conductor a pie PTH-D100<\/h2>\n<h3 data-start=\"185\" data-end=\"293\">Llana el\u00e9ctrica para acabado de hormig\u00f3n PTH-D100 | Alisado ecol\u00f3gico de gran superficie para proyectos de losas en interiores<\/h3>\n<h3 data-start=\"300\" data-end=\"396\">Descripci\u00f3n del producto - Llana el\u00e9ctrica de alto rendimiento para grandes acabados de hormig\u00f3n en interiores<a href=\"https:\/\/www.hsymachinery.com\/es\/productos\/fratasadora-electrica-manual\/\" target=\"_blank\" rel=\"noopener\"><img fetchpriority=\"high\" decoding=\"async\" class=\"wp-image-9203 alignright\" src=\"https:\/\/www.hsymachinery.com\/wp-content\/uploads\/2025\/06\/Walk-Behind-Power-Trowel-PTH-D100-244x300.jpg\" alt=\"\" width=\"452\" height=\"556\" srcset=\"https:\/\/www.hsymachinery.com\/wp-content\/uploads\/2025\/06\/Walk-Behind-Power-Trowel-PTH-D100-244x300.jpg 244w, https:\/\/www.hsymachinery.com\/wp-content\/uploads\/2025\/06\/Walk-Behind-Power-Trowel-PTH-D100.jpg 600w\" sizes=\"(max-width: 452px) 100vw, 452px\" \/><\/a><\/h3>\n<p data-start=\"398\" data-end=\"764\">En <strong data-start=\"402\" data-end=\"439\">Allanadora con conductor a pie PTH-D100<\/strong> es una m\u00e1quina de acabado de hormig\u00f3n el\u00e9ctrica de gran di\u00e1metro dise\u00f1ada para aplicaciones de construcci\u00f3n en interiores de gran volumen. Gracias a su motor el\u00e9ctrico ecol\u00f3gico, funciona de forma limpia y silenciosa, lo que la convierte en la opci\u00f3n ideal para proyectos en entornos cerrados en los que deben minimizarse las emisiones de combustible y el ruido.<\/p>\n<p data-start=\"766\" data-end=\"1114\">Con un generoso di\u00e1metro de fratasado de 100 cm, esta m\u00e1quina cubre grandes superficies de suelo con menos pasadas, ayudando a los contratistas a completar los trabajos de forma m\u00e1s r\u00e1pida y eficiente. Adem\u00e1s, el sistema de control del paso de las palas proporciona transiciones suaves entre las fases de flotaci\u00f3n y acabado, garantizando una superficie de hormig\u00f3n pulida y uniforme en cada uso.<\/p>\n<p data-start=\"1116\" data-end=\"1383\">Adem\u00e1s, el sistema de accionamiento el\u00e9ctrico reduce el ruido de funcionamiento y elimina los humos, creando un espacio de trabajo m\u00e1s saludable para los operarios. El asa ergon\u00f3mica plegable est\u00e1 dise\u00f1ada para reducir las vibraciones y la fatiga del operador, al tiempo que facilita el transporte y el almacenamiento.<\/p>\n<p data-start=\"1385\" data-end=\"1745\">Adem\u00e1s, la caja de engranajes reforzada, los duraderos brazos de ara\u00f1a y el anillo protector de seguridad hacen que la PTH-D100 sea muy duradera y capaz de soportar el uso diario en obras exigentes. Es especialmente adecuada para hospitales, s\u00f3tanos comerciales, almacenes y otros lugares en los que es esencial un funcionamiento silencioso y sin emisiones.<\/p>\n<h3 data-start=\"1752\" data-end=\"1805\">Caracter\u00edsticas principales de la fratasadora el\u00e9ctrica PTH-D100<\/h3>\n<ul data-start=\"1807\" data-end=\"2193\">\n<li data-start=\"1807\" data-end=\"1877\">\n<p data-start=\"1809\" data-end=\"1877\">Accionado por un eficiente motor el\u00e9ctrico para un funcionamiento limpio y silencioso<\/p>\n<\/li>\n<li data-start=\"1878\" data-end=\"1940\">\n<p data-start=\"1880\" data-end=\"1940\">El gran di\u00e1metro de fratasado de 100 cm aumenta la cobertura de la superficie<\/p>\n<\/li>\n<li data-start=\"1941\" data-end=\"1997\">\n<p data-start=\"1943\" data-end=\"1997\">Paso de cuchilla ajustable para un control preciso del acabado<\/p>\n<\/li>\n<li data-start=\"1998\" data-end=\"2064\">\n<p data-start=\"2000\" data-end=\"2064\">El asa de baja vibraci\u00f3n reduce la fatiga y se pliega para facilitar su transporte<\/p>\n<\/li>\n<li data-start=\"2065\" data-end=\"2119\">\n<p data-start=\"2067\" data-end=\"2119\">Caja de cambios y bastidor robustos para una fiabilidad a largo plazo<\/p>\n<\/li>\n<li data-start=\"2120\" data-end=\"2193\">\n<p data-start=\"2122\" data-end=\"2193\">Excelente para interiores o entornos regulados con restricciones de combustible<\/p>\n<\/li>\n<\/ul>\n<h3 data-start=\"2200\" data-end=\"2283\">Aplicaciones - Ideal para hospitales, garajes, almacenes y proyectos de interior<\/h3>\n<p data-start=\"2285\" data-end=\"2542\">La PTH-D100 se utiliza ampliamente en construcciones comerciales de interior, como aparcamientos, instalaciones m\u00e9dicas y centros comerciales. Como funciona sin combustible, cumple la normativa para espacios cerrados y entornos de trabajo sensibles.<\/p>\n<p data-start=\"2544\" data-end=\"2699\">Como resultado, los contratistas se benefician de su bajo mantenimiento, funcionamiento silencioso y resultados de calidad profesional, incluso en las losas m\u00e1s dif\u00edciles.<\/p>\n<p><iframe title=\"fratasadora,fratasadora manual,fratasadora,hormigon 1TP5Fresadora 1TP5Fresadora 1TP5Hormig\u00f3n\" width=\"720\" height=\"405\" src=\"https:\/\/www.youtube.com\/embed\/pa6AuNhMrwI?feature=oembed\" frameborder=\"0\" allow=\"accelerometer; autoplay; clipboard-write; encrypted-media; gyroscope; picture-in-picture; web-share\" referrerpolicy=\"strict-origin-when-cross-origin\" allowfullscreen><\/iframe><\/p>","protected":false},"excerpt":{"rendered":"<p>La fratasadora el\u00e9ctrica de hormig\u00f3n PTH-D100 con cuchilla de 100 cm ofrece un acabado de superficies silencioso y de alta eficacia para losas interiores en hospitales, almacenes y s\u00f3tanos comerciales.<\/p>","protected":false},"featured_media":9203,"template":"","meta":{"_kad_post_transparent":"default","_kad_post_title":"","_kad_post_layout":"default","_kad_post_sidebar_id":"","_kad_post_content_style":"default","_kad_post_vertical_padding":"default","_kad_post_feature":"","_kad_post_feature_position":"","_kad_post_header":false,"_kad_post_footer":false},"product_brand":[],"product_cat":[55],"product_tag":[1084,1083,1087,1081,1086,1085,1089,1088,1090,1082],"class_list":{"0":"post-9202","1":"product","2":"type-product","3":"status-publish","4":"has-post-thumbnail","6":"product_cat-walk-behind-power-trowel","7":"product_tag-cement-power-trowel","8":"product_tag-concrete-finishing-trowel","9":"product_tag-concrete-floor-finishing-machine","10":"product_tag-concrete-power-trowel","11":"product_tag-electric-walk-behind-trowel","12":"product_tag-gasoline-power-trowel","13":"product_tag-hand-operated-power-trowel","14":"product_tag-manual-power-trowel","15":"product_tag-walk-behind-concrete-finishing-machine","16":"product_tag-walk-behind-trowel-machine","18":"first","19":"instock","20":"shipping-taxable","21":"product-type-simple","22":"entry","23":"content-bg","24":"loop-entry"},"yoast_head":"<!-- This site is optimized with the Yoast SEO plugin v25.3.1 - https:\/\/yoast.com\/wordpress\/plugins\/seo\/ -->\n<title>Walk-Behind Power Trowel PTH-D100 - HSY Construction Machinery<\/title>\n<meta name=\"description\" content=\"PTH-D100 electric concrete power trowel delivers silent, emission-free slab finishing for indoor use. Ideal for large commercial projects and enclosed job sites.Walk-Behind Power Trowel PTH-D100\" \/>\n<meta name=\"robots\" content=\"index, follow, max-snippet:-1, max-image-preview:large, max-video-preview:-1\" \/>\n<link rel=\"canonical\" href=\"https:\/\/www.hsymachinery.com\/es\/product\/fratasadora-motorizada-pth-d100\/\" \/>\n<meta property=\"og:locale\" content=\"es_ES\" \/>\n<meta property=\"og:type\" content=\"article\" \/>\n<meta property=\"og:title\" content=\"Walk-Behind Power Trowel PTH-D100 - HSY Construction Machinery\" \/>\n<meta property=\"og:description\" content=\"PTH-D100 electric concrete power trowel delivers silent, emission-free slab finishing for indoor use. Ideal for large commercial projects and enclosed job sites.Walk-Behind Power Trowel PTH-D100\" \/>\n<meta property=\"og:url\" content=\"https:\/\/www.hsymachinery.com\/es\/product\/fratasadora-motorizada-pth-d100\/\" \/>\n<meta property=\"og:site_name\" content=\"HSY Construction Machinery\" \/>\n<meta property=\"article:modified_time\" content=\"2025-06-28T15:04:04+00:00\" \/>\n<meta property=\"og:image\" content=\"https:\/\/www.hsymachinery.com\/wp-content\/uploads\/2025\/06\/Walk-Behind-Power-Trowel-PTH-D100.jpg\" \/>\n\t<meta property=\"og:image:width\" content=\"600\" \/>\n\t<meta property=\"og:image:height\" content=\"738\" \/>\n\t<meta property=\"og:image:type\" content=\"image\/jpeg\" \/>\n<meta name=\"twitter:card\" content=\"summary_large_image\" \/>\n<meta name=\"twitter:label1\" content=\"Tiempo de lectura\" \/>\n\t<meta name=\"twitter:data1\" content=\"2 minutos\" \/>\n<script type=\"application\/ld+json\" class=\"yoast-schema-graph\">{\"@context\":\"https:\/\/schema.org\",\"@graph\":[{\"@type\":\"WebPage\",\"@id\":\"https:\/\/www.hsymachinery.com\/product\/walk-behind-power-trowel-pth-d100\/\",\"url\":\"https:\/\/www.hsymachinery.com\/product\/walk-behind-power-trowel-pth-d100\/\",\"name\":\"Walk-Behind Power Trowel PTH-D100 - HSY Construction Machinery\",\"isPartOf\":{\"@id\":\"https:\/\/www.hsymachinery.com\/#website\"},\"primaryImageOfPage\":{\"@id\":\"https:\/\/www.hsymachinery.com\/product\/walk-behind-power-trowel-pth-d100\/#primaryimage\"},\"image\":{\"@id\":\"https:\/\/www.hsymachinery.com\/product\/walk-behind-power-trowel-pth-d100\/#primaryimage\"},\"thumbnailUrl\":\"https:\/\/www.hsymachinery.com\/wp-content\/uploads\/2025\/06\/Walk-Behind-Power-Trowel-PTH-D100.jpg\",\"datePublished\":\"2025-06-18T12:33:18+00:00\",\"dateModified\":\"2025-06-28T15:04:04+00:00\",\"description\":\"PTH-D100 electric concrete power trowel delivers silent, emission-free slab finishing for indoor use. Ideal for large commercial projects and enclosed job sites.Walk-Behind Power Trowel PTH-D100\",\"breadcrumb\":{\"@id\":\"https:\/\/www.hsymachinery.com\/product\/walk-behind-power-trowel-pth-d100\/#breadcrumb\"},\"inLanguage\":\"es\",\"potentialAction\":[{\"@type\":\"ReadAction\",\"target\":[\"https:\/\/www.hsymachinery.com\/product\/walk-behind-power-trowel-pth-d100\/\"]}]},{\"@type\":\"ImageObject\",\"inLanguage\":\"es\",\"@id\":\"https:\/\/www.hsymachinery.com\/product\/walk-behind-power-trowel-pth-d100\/#primaryimage\",\"url\":\"https:\/\/www.hsymachinery.com\/wp-content\/uploads\/2025\/06\/Walk-Behind-Power-Trowel-PTH-D100.jpg\",\"contentUrl\":\"https:\/\/www.hsymachinery.com\/wp-content\/uploads\/2025\/06\/Walk-Behind-Power-Trowel-PTH-D100.jpg\",\"width\":600,\"height\":738},{\"@type\":\"BreadcrumbList\",\"@id\":\"https:\/\/www.hsymachinery.com\/product\/walk-behind-power-trowel-pth-d100\/#breadcrumb\",\"itemListElement\":[{\"@type\":\"ListItem\",\"position\":1,\"name\":\"home\",\"item\":\"https:\/\/www.hsymachinery.com\/\"},{\"@type\":\"ListItem\",\"position\":2,\"name\":\"products\",\"item\":\"https:\/\/www.hsymachinery.com\/products\/\"},{\"@type\":\"ListItem\",\"position\":3,\"name\":\"Walk-Behind Power Trowel PTH-D100\"}]},{\"@type\":\"WebSite\",\"@id\":\"https:\/\/www.hsymachinery.com\/#website\",\"url\":\"https:\/\/www.hsymachinery.com\/\",\"name\":\"HSY Construction Machinery\",\"description\":\"HSY Machinery \u2013 A leading China construction machinery supplier, offering a wide range of light construction equipment. Our main products include Rebar Cutting Machine, Rebar Bending Machine, Rebar Stirrup Bending Machine, Rebar Arc Bending Machine, Rebar Straightening Machine, Five-Head Rebar Stirrup Bending Machine, Tamping Rammer, Plate Compactor, Concrete Cutter, Power Trowel, and other construction machinery. We are equipped with advanced CNC machines, and we enforce strict quality inspection standards along with comprehensive after-sales service. If you are interested in our products or services, we warmly welcome your inquiries via message.\",\"publisher\":{\"@id\":\"https:\/\/www.hsymachinery.com\/#organization\"},\"potentialAction\":[{\"@type\":\"SearchAction\",\"target\":{\"@type\":\"EntryPoint\",\"urlTemplate\":\"https:\/\/www.hsymachinery.com\/?s={search_term_string}\"},\"query-input\":{\"@type\":\"PropertyValueSpecification\",\"valueRequired\":true,\"valueName\":\"search_term_string\"}}],\"inLanguage\":\"es\"},{\"@type\":\"Organization\",\"@id\":\"https:\/\/www.hsymachinery.com\/#organization\",\"name\":\"HSY Construction Machinery\",\"url\":\"https:\/\/www.hsymachinery.com\/\",\"logo\":{\"@type\":\"ImageObject\",\"inLanguage\":\"es\",\"@id\":\"https:\/\/www.hsymachinery.com\/#\/schema\/logo\/image\/\",\"url\":\"https:\/\/www.hsymachinery.com\/wp-content\/uploads\/2025\/06\/cropped-HSY-machinery.png\",\"contentUrl\":\"https:\/\/www.hsymachinery.com\/wp-content\/uploads\/2025\/06\/cropped-HSY-machinery.png\",\"width\":600,\"height\":240,\"caption\":\"HSY Construction Machinery\"},\"image\":{\"@id\":\"https:\/\/www.hsymachinery.com\/#\/schema\/logo\/image\/\"}}]}<\/script>\n<!-- \/ Yoast SEO plugin. -->","yoast_head_json":{"title":"Allanadora con operador a bordo PTH-D100 - HSY Maquinaria de Construcci\u00f3n","description":"La fratasadora el\u00e9ctrica para hormig\u00f3n PTH-D100 ofrece un acabado de losas silencioso y sin emisiones para uso en interiores. Ideal para grandes proyectos comerciales y lugares de trabajo cerrados.Walk-Behind Power Trowel PTH-D100","robots":{"index":"index","follow":"follow","max-snippet":"max-snippet:-1","max-image-preview":"max-image-preview:large","max-video-preview":"max-video-preview:-1"},"canonical":"https:\/\/www.hsymachinery.com\/es\/product\/fratasadora-motorizada-pth-d100\/","og_locale":"es_ES","og_type":"article","og_title":"Walk-Behind Power Trowel PTH-D100 - HSY Construction Machinery","og_description":"PTH-D100 electric concrete power trowel delivers silent, emission-free slab finishing for indoor use. Ideal for large commercial projects and enclosed job sites.Walk-Behind Power Trowel PTH-D100","og_url":"https:\/\/www.hsymachinery.com\/es\/product\/fratasadora-motorizada-pth-d100\/","og_site_name":"HSY Construction Machinery","article_modified_time":"2025-06-28T15:04:04+00:00","og_image":[{"width":600,"height":738,"url":"https:\/\/www.hsymachinery.com\/wp-content\/uploads\/2025\/06\/Walk-Behind-Power-Trowel-PTH-D100.jpg","type":"image\/jpeg"}],"twitter_card":"summary_large_image","twitter_misc":{"Tiempo de lectura":"2 minutos"},"schema":{"@context":"https:\/\/schema.org","@graph":[{"@type":"WebPage","@id":"https:\/\/www.hsymachinery.com\/product\/walk-behind-power-trowel-pth-d100\/","url":"https:\/\/www.hsymachinery.com\/product\/walk-behind-power-trowel-pth-d100\/","name":"Allanadora con operador a bordo PTH-D100 - HSY Maquinaria de Construcci\u00f3n","isPartOf":{"@id":"https:\/\/www.hsymachinery.com\/#website"},"primaryImageOfPage":{"@id":"https:\/\/www.hsymachinery.com\/product\/walk-behind-power-trowel-pth-d100\/#primaryimage"},"image":{"@id":"https:\/\/www.hsymachinery.com\/product\/walk-behind-power-trowel-pth-d100\/#primaryimage"},"thumbnailUrl":"https:\/\/www.hsymachinery.com\/wp-content\/uploads\/2025\/06\/Walk-Behind-Power-Trowel-PTH-D100.jpg","datePublished":"2025-06-18T12:33:18+00:00","dateModified":"2025-06-28T15:04:04+00:00","description":"La fratasadora el\u00e9ctrica para hormig\u00f3n PTH-D100 ofrece un acabado de losas silencioso y sin emisiones para uso en interiores. Ideal para grandes proyectos comerciales y lugares de trabajo cerrados.Walk-Behind Power Trowel PTH-D100","breadcrumb":{"@id":"https:\/\/www.hsymachinery.com\/product\/walk-behind-power-trowel-pth-d100\/#breadcrumb"},"inLanguage":"es","potentialAction":[{"@type":"ReadAction","target":["https:\/\/www.hsymachinery.com\/product\/walk-behind-power-trowel-pth-d100\/"]}]},{"@type":"ImageObject","inLanguage":"es","@id":"https:\/\/www.hsymachinery.com\/product\/walk-behind-power-trowel-pth-d100\/#primaryimage","url":"https:\/\/www.hsymachinery.com\/wp-content\/uploads\/2025\/06\/Walk-Behind-Power-Trowel-PTH-D100.jpg","contentUrl":"https:\/\/www.hsymachinery.com\/wp-content\/uploads\/2025\/06\/Walk-Behind-Power-Trowel-PTH-D100.jpg","width":600,"height":738},{"@type":"BreadcrumbList","@id":"https:\/\/www.hsymachinery.com\/product\/walk-behind-power-trowel-pth-d100\/#breadcrumb","itemListElement":[{"@type":"ListItem","position":1,"name":"home","item":"https:\/\/www.hsymachinery.com\/"},{"@type":"ListItem","position":2,"name":"products","item":"https:\/\/www.hsymachinery.com\/products\/"},{"@type":"ListItem","position":3,"name":"Walk-Behind Power Trowel PTH-D100"}]},{"@type":"WebSite","@id":"https:\/\/www.hsymachinery.com\/#website","url":"https:\/\/www.hsymachinery.com\/","name":"Maquinaria de construcci\u00f3n HSY","description":"HSY Machinery - Un proveedor l\u00edder de maquinaria de construcci\u00f3n en China, que ofrece una amplia gama de equipos de construcci\u00f3n ligera. Nuestros productos principales incluyen m\u00e1quina cortadora de varilla, m\u00e1quina dobladora de varilla, m\u00e1quina dobladora de estribo de varilla, m\u00e1quina dobladora de arco de varilla, m\u00e1quina enderezadora de varilla, m\u00e1quina dobladora de estribo de varilla de cinco cabezas, apisonador, compactador de placa, cortadora de concreto, allanadora mec\u00e1nica, y otra maquinaria de construcci\u00f3n. Estamos equipados con m\u00e1quinas CNC avanzadas, y aplicamos estrictas normas de inspecci\u00f3n de calidad, junto con un completo servicio post-venta. Si usted est\u00e1 interesado en nuestros productos o servicios, damos la bienvenida a sus consultas a trav\u00e9s de mensaje.","publisher":{"@id":"https:\/\/www.hsymachinery.com\/#organization"},"potentialAction":[{"@type":"SearchAction","target":{"@type":"EntryPoint","urlTemplate":"https:\/\/www.hsymachinery.com\/?s={search_term_string}"},"query-input":{"@type":"PropertyValueSpecification","valueRequired":true,"valueName":"search_term_string"}}],"inLanguage":"es"},{"@type":"Organization","@id":"https:\/\/www.hsymachinery.com\/#organization","name":"Maquinaria de construcci\u00f3n HSY","url":"https:\/\/www.hsymachinery.com\/","logo":{"@type":"ImageObject","inLanguage":"es","@id":"https:\/\/www.hsymachinery.com\/#\/schema\/logo\/image\/","url":"https:\/\/www.hsymachinery.com\/wp-content\/uploads\/2025\/06\/cropped-HSY-machinery.png","contentUrl":"https:\/\/www.hsymachinery.com\/wp-content\/uploads\/2025\/06\/cropped-HSY-machinery.png","width":600,"height":240,"caption":"HSY Construction Machinery"},"image":{"@id":"https:\/\/www.hsymachinery.com\/#\/schema\/logo\/image\/"}}]}},"_links":{"self":[{"href":"https:\/\/www.hsymachinery.com\/es\/wp-json\/wp\/v2\/product\/9202","targetHints":{"allow":["GET"]}}],"collection":[{"href":"https:\/\/www.hsymachinery.com\/es\/wp-json\/wp\/v2\/product"}],"about":[{"href":"https:\/\/www.hsymachinery.com\/es\/wp-json\/wp\/v2\/types\/product"}],"version-history":[{"count":3,"href":"https:\/\/www.hsymachinery.com\/es\/wp-json\/wp\/v2\/product\/9202\/revisions"}],"predecessor-version":[{"id":9600,"href":"https:\/\/www.hsymachinery.com\/es\/wp-json\/wp\/v2\/product\/9202\/revisions\/9600"}],"wp:featuredmedia":[{"embeddable":true,"href":"https:\/\/www.hsymachinery.com\/es\/wp-json\/wp\/v2\/media\/9203"}],"wp:attachment":[{"href":"https:\/\/www.hsymachinery.com\/es\/wp-json\/wp\/v2\/media?parent=9202"}],"wp:term":[{"taxonomy":"product_brand","embeddable":true,"href":"https:\/\/www.hsymachinery.com\/es\/wp-json\/wp\/v2\/product_brand?post=9202"},{"taxonomy":"product_cat","embeddable":true,"href":"https:\/\/www.hsymachinery.com\/es\/wp-json\/wp\/v2\/product_cat?post=9202"},{"taxonomy":"product_tag","embeddable":true,"href":"https:\/\/www.hsymachinery.com\/es\/wp-json\/wp\/v2\/product_tag?post=9202"}],"curies":[{"name":"wp","href":"https:\/\/api.w.org\/{rel}","templated":true}]}}