{"id":9199,"date":"2025-06-18T20:30:49","date_gmt":"2025-06-18T12:30:49","guid":{"rendered":"https:\/\/www.hsymachinery.com\/?post_type=product&#038;p=9199"},"modified":"2025-06-28T22:59:07","modified_gmt":"2025-06-28T14:59:07","slug":"fratasadora-motorizada-pth-d60-90","status":"publish","type":"product","link":"https:\/\/www.hsymachinery.com\/es\/product\/fratasadora-motorizada-pth-d60-90\/","title":{"rendered":"Allanadora con conductor a pie PTH-D60\/90"},"content":{"rendered":"<h2 data-start=\"149\" data-end=\"192\">Allanadora con conductor a pie PTH-D60\/90<\/h2>\n<h3 data-start=\"193\" data-end=\"293\">Fratasadora el\u00e9ctrica PTH-D60\/90 | Soluci\u00f3n ecol\u00f3gica y silenciosa para el acabado del hormig\u00f3n en interiores<\/h3>\n<h3 data-start=\"300\" data-end=\"394\">Descripci\u00f3n del producto - Llana de hormig\u00f3n el\u00e9ctrica compacta para proyectos en interiores y cerrados<a href=\"https:\/\/www.hsymachinery.com\/es\/productos\/fratasadora-electrica-manual\/\" target=\"_blank\" rel=\"noopener\"><img fetchpriority=\"high\" decoding=\"async\" class=\"wp-image-9200 alignright\" src=\"https:\/\/www.hsymachinery.com\/wp-content\/uploads\/2025\/06\/Walk-Behind-Power-Trowel-PTH-D60-244x300.jpg\" alt=\"\" width=\"452\" height=\"556\" srcset=\"https:\/\/www.hsymachinery.com\/wp-content\/uploads\/2025\/06\/Walk-Behind-Power-Trowel-PTH-D60-244x300.jpg 244w, https:\/\/www.hsymachinery.com\/wp-content\/uploads\/2025\/06\/Walk-Behind-Power-Trowel-PTH-D60.jpg 600w\" sizes=\"(max-width: 452px) 100vw, 452px\" \/><\/a><\/h3>\n<p data-start=\"396\" data-end=\"794\">En <strong data-start=\"400\" data-end=\"439\">Allanadora con conductor a pie PTH-D60\/90<\/strong> es una m\u00e1quina compacta de acabado de superficies de hormig\u00f3n accionada por un motor el\u00e9ctrico, lo que la hace ideal para su uso en entornos sensibles al ruido o con ventilaci\u00f3n limitada. Dise\u00f1ado para aplicaciones residenciales y comerciales, este modelo ofrece un rendimiento fiable sin emisiones, lo que lo convierte en una excelente opci\u00f3n para el acabado de hormig\u00f3n en interiores.<\/p>\n<p data-start=\"796\" data-end=\"1174\">Con un di\u00e1metro de fratasado de 60 a 90 cm, la PTH-D60\/90 proporciona una cobertura vers\u00e1til, permitiendo a los operarios realizar el acabado de losas peque\u00f1as y medianas de forma eficiente. Su sistema de control ajustable del paso de las cuchillas garantiza que el operador pueda pasar sin problemas de una fase de acabado a otra, desde la flotaci\u00f3n inicial hasta el pulido final, manteniendo la consistencia y la suavidad de la superficie.<\/p>\n<p data-start=\"1176\" data-end=\"1526\">Adem\u00e1s, la cadena cinem\u00e1tica el\u00e9ctrica funciona de forma silenciosa y con m\u00ednimas vibraciones, lo que reduce la fatiga del usuario durante un uso prolongado. El mango ergon\u00f3mico y plegable mejora a\u00fan m\u00e1s la comodidad y la facilidad de transporte. Su caja de cambios reforzada, los robustos brazos de las cuchillas y el anillo de seguridad garantizan una fiabilidad a largo plazo, incluso en condiciones de uso diario.<\/p>\n<p data-start=\"1528\" data-end=\"1753\">Adem\u00e1s, como funciona sin combustible, la PTH-D60\/90 es perfecta para espacios interiores, losas de s\u00f3tano, cocinas comerciales o entornos de construcci\u00f3n m\u00e9dica en los que la calidad del aire y el bajo nivel de ruido son fundamentales.<\/p>\n<h3 data-start=\"1760\" data-end=\"1815\">Caracter\u00edsticas principales de la fratasadora el\u00e9ctrica PTH-D60\/90<\/h3>\n<ul data-start=\"1817\" data-end=\"2184\">\n<li data-start=\"1817\" data-end=\"1875\">\n<p data-start=\"1819\" data-end=\"1875\">El motor el\u00e9ctrico proporciona un funcionamiento silencioso y sin emisiones<\/p>\n<\/li>\n<li data-start=\"1876\" data-end=\"1940\">\n<p data-start=\"1878\" data-end=\"1940\">El di\u00e1metro de la cuchilla de 60-90 cm equilibra la precisi\u00f3n y la cobertura del \u00e1rea<\/p>\n<\/li>\n<li data-start=\"1941\" data-end=\"1995\">\n<p data-start=\"1943\" data-end=\"1995\">Paso de cuchilla ajustable para distintos tipos de acabado<\/p>\n<\/li>\n<li data-start=\"1996\" data-end=\"2062\">\n<p data-start=\"1998\" data-end=\"2062\">El asa ergon\u00f3mica reduce el esfuerzo del operario y se pliega para guardarla<\/p>\n<\/li>\n<li data-start=\"2063\" data-end=\"2120\">\n<p data-start=\"2065\" data-end=\"2120\">La caja de cambios y el bastidor de alta resistencia garantizan la longevidad de la m\u00e1quina<\/p>\n<\/li>\n<li data-start=\"2121\" data-end=\"2184\">\n<p data-start=\"2123\" data-end=\"2184\">Ideal para espacios cerrados o proyectos con restricciones de combustible<\/p>\n<\/li>\n<\/ul>\n<h3 data-start=\"2191\" data-end=\"2279\">Aplicaciones - Ideal para proyectos de interior, hospitales, cocinas y espacios subterr\u00e1neos<\/h3>\n<p data-start=\"2281\" data-end=\"2558\">Los contratistas utilizan la PTH-D60\/90 para losas interiores de hormig\u00f3n, incluidas las de edificios de oficinas, s\u00f3tanos, hospitales y restaurantes. Al no necesitar combustible, cumple las normas medioambientales y de seguridad all\u00ed donde est\u00e1 prohibido el uso de gasolina o gas\u00f3leo.<\/p>\n<p data-start=\"2560\" data-end=\"2749\">Como resultado, los usuarios se benefician de un rendimiento fiable, un funcionamiento silencioso y bajos costes de mantenimiento, a la vez que consiguen acabados de hormig\u00f3n lisos y profesionales en zonas de trabajo cerradas.<\/p>\n<p><iframe title=\"fratasadora,fratasadora manual,fratasadora,hormigon 1TP5Fresadora 1TP5Fresadora 1TP5Hormig\u00f3n\" width=\"720\" height=\"405\" src=\"https:\/\/www.youtube.com\/embed\/pa6AuNhMrwI?feature=oembed\" frameborder=\"0\" allow=\"accelerometer; autoplay; clipboard-write; encrypted-media; gyroscope; picture-in-picture; web-share\" referrerpolicy=\"strict-origin-when-cross-origin\" allowfullscreen><\/iframe><\/p>","protected":false},"excerpt":{"rendered":"<p>La fratasadora el\u00e9ctrica con conductor a pie PTH-D60\/90 ofrece un acabado del hormig\u00f3n seguro, silencioso y eficaz para proyectos de interior, con un bajo mantenimiento y sin emisiones.<\/p>","protected":false},"featured_media":9200,"template":"","meta":{"_kad_post_transparent":"default","_kad_post_title":"","_kad_post_layout":"default","_kad_post_sidebar_id":"","_kad_post_content_style":"default","_kad_post_vertical_padding":"default","_kad_post_feature":"","_kad_post_feature_position":"","_kad_post_header":false,"_kad_post_footer":false},"product_brand":[],"product_cat":[55],"product_tag":[1084,1083,1087,1081,1086,1085,1089,1088,1090,1082],"class_list":{"0":"post-9199","1":"product","2":"type-product","3":"status-publish","4":"has-post-thumbnail","6":"product_cat-walk-behind-power-trowel","7":"product_tag-cement-power-trowel","8":"product_tag-concrete-finishing-trowel","9":"product_tag-concrete-floor-finishing-machine","10":"product_tag-concrete-power-trowel","11":"product_tag-electric-walk-behind-trowel","12":"product_tag-gasoline-power-trowel","13":"product_tag-hand-operated-power-trowel","14":"product_tag-manual-power-trowel","15":"product_tag-walk-behind-concrete-finishing-machine","16":"product_tag-walk-behind-trowel-machine","18":"first","19":"instock","20":"shipping-taxable","21":"product-type-simple","22":"entry","23":"content-bg","24":"loop-entry"},"yoast_head":"<!-- This site is optimized with the Yoast SEO plugin v25.3.1 - https:\/\/yoast.com\/wordpress\/plugins\/seo\/ -->\n<title>Walk-Behind Power Trowel PTH-D60\/90 - HSY Construction Machinery<\/title>\n<meta name=\"description\" content=\"Walk-Behind Power Trowel PTH-D60\/90 offers quiet, emission-free slab finishing for indoor spaces like hospitals, kitchens, and basements. Eco-friendly and efficient.\" \/>\n<meta name=\"robots\" content=\"index, follow, max-snippet:-1, max-image-preview:large, max-video-preview:-1\" \/>\n<link rel=\"canonical\" href=\"https:\/\/www.hsymachinery.com\/es\/product\/fratasadora-motorizada-pth-d60-90\/\" \/>\n<meta property=\"og:locale\" content=\"es_ES\" \/>\n<meta property=\"og:type\" content=\"article\" \/>\n<meta property=\"og:title\" content=\"Walk-Behind Power Trowel PTH-D60\/90 - HSY Construction Machinery\" \/>\n<meta property=\"og:description\" content=\"Walk-Behind Power Trowel PTH-D60\/90 offers quiet, emission-free slab finishing for indoor spaces like hospitals, kitchens, and basements. Eco-friendly and efficient.\" \/>\n<meta property=\"og:url\" content=\"https:\/\/www.hsymachinery.com\/es\/product\/fratasadora-motorizada-pth-d60-90\/\" \/>\n<meta property=\"og:site_name\" content=\"HSY Construction Machinery\" \/>\n<meta property=\"article:modified_time\" content=\"2025-06-28T14:59:07+00:00\" \/>\n<meta property=\"og:image\" content=\"https:\/\/www.hsymachinery.com\/wp-content\/uploads\/2025\/06\/Walk-Behind-Power-Trowel-PTH-D60.jpg\" \/>\n\t<meta property=\"og:image:width\" content=\"600\" \/>\n\t<meta property=\"og:image:height\" content=\"738\" \/>\n\t<meta property=\"og:image:type\" content=\"image\/jpeg\" \/>\n<meta name=\"twitter:card\" content=\"summary_large_image\" \/>\n<meta name=\"twitter:label1\" content=\"Tiempo de lectura\" \/>\n\t<meta name=\"twitter:data1\" content=\"2 minutos\" \/>\n<script type=\"application\/ld+json\" class=\"yoast-schema-graph\">{\"@context\":\"https:\/\/schema.org\",\"@graph\":[{\"@type\":\"WebPage\",\"@id\":\"https:\/\/www.hsymachinery.com\/product\/walk-behind-power-trowel-pth-d60-90\/\",\"url\":\"https:\/\/www.hsymachinery.com\/product\/walk-behind-power-trowel-pth-d60-90\/\",\"name\":\"Walk-Behind Power Trowel PTH-D60\/90 - HSY Construction Machinery\",\"isPartOf\":{\"@id\":\"https:\/\/www.hsymachinery.com\/#website\"},\"primaryImageOfPage\":{\"@id\":\"https:\/\/www.hsymachinery.com\/product\/walk-behind-power-trowel-pth-d60-90\/#primaryimage\"},\"image\":{\"@id\":\"https:\/\/www.hsymachinery.com\/product\/walk-behind-power-trowel-pth-d60-90\/#primaryimage\"},\"thumbnailUrl\":\"https:\/\/www.hsymachinery.com\/wp-content\/uploads\/2025\/06\/Walk-Behind-Power-Trowel-PTH-D60.jpg\",\"datePublished\":\"2025-06-18T12:30:49+00:00\",\"dateModified\":\"2025-06-28T14:59:07+00:00\",\"description\":\"Walk-Behind Power Trowel PTH-D60\/90 offers quiet, emission-free slab finishing for indoor spaces like hospitals, kitchens, and basements. Eco-friendly and efficient.\",\"breadcrumb\":{\"@id\":\"https:\/\/www.hsymachinery.com\/product\/walk-behind-power-trowel-pth-d60-90\/#breadcrumb\"},\"inLanguage\":\"es\",\"potentialAction\":[{\"@type\":\"ReadAction\",\"target\":[\"https:\/\/www.hsymachinery.com\/product\/walk-behind-power-trowel-pth-d60-90\/\"]}]},{\"@type\":\"ImageObject\",\"inLanguage\":\"es\",\"@id\":\"https:\/\/www.hsymachinery.com\/product\/walk-behind-power-trowel-pth-d60-90\/#primaryimage\",\"url\":\"https:\/\/www.hsymachinery.com\/wp-content\/uploads\/2025\/06\/Walk-Behind-Power-Trowel-PTH-D60.jpg\",\"contentUrl\":\"https:\/\/www.hsymachinery.com\/wp-content\/uploads\/2025\/06\/Walk-Behind-Power-Trowel-PTH-D60.jpg\",\"width\":600,\"height\":738},{\"@type\":\"BreadcrumbList\",\"@id\":\"https:\/\/www.hsymachinery.com\/product\/walk-behind-power-trowel-pth-d60-90\/#breadcrumb\",\"itemListElement\":[{\"@type\":\"ListItem\",\"position\":1,\"name\":\"home\",\"item\":\"https:\/\/www.hsymachinery.com\/\"},{\"@type\":\"ListItem\",\"position\":2,\"name\":\"products\",\"item\":\"https:\/\/www.hsymachinery.com\/products\/\"},{\"@type\":\"ListItem\",\"position\":3,\"name\":\"Walk-Behind Power Trowel PTH-D60\/90\"}]},{\"@type\":\"WebSite\",\"@id\":\"https:\/\/www.hsymachinery.com\/#website\",\"url\":\"https:\/\/www.hsymachinery.com\/\",\"name\":\"HSY Construction Machinery\",\"description\":\"HSY Machinery \u2013 A leading China construction machinery supplier, offering a wide range of light construction equipment. Our main products include Rebar Cutting Machine, Rebar Bending Machine, Rebar Stirrup Bending Machine, Rebar Arc Bending Machine, Rebar Straightening Machine, Five-Head Rebar Stirrup Bending Machine, Tamping Rammer, Plate Compactor, Concrete Cutter, Power Trowel, and other construction machinery. We are equipped with advanced CNC machines, and we enforce strict quality inspection standards along with comprehensive after-sales service. If you are interested in our products or services, we warmly welcome your inquiries via message.\",\"publisher\":{\"@id\":\"https:\/\/www.hsymachinery.com\/#organization\"},\"potentialAction\":[{\"@type\":\"SearchAction\",\"target\":{\"@type\":\"EntryPoint\",\"urlTemplate\":\"https:\/\/www.hsymachinery.com\/?s={search_term_string}\"},\"query-input\":{\"@type\":\"PropertyValueSpecification\",\"valueRequired\":true,\"valueName\":\"search_term_string\"}}],\"inLanguage\":\"es\"},{\"@type\":\"Organization\",\"@id\":\"https:\/\/www.hsymachinery.com\/#organization\",\"name\":\"HSY Construction Machinery\",\"url\":\"https:\/\/www.hsymachinery.com\/\",\"logo\":{\"@type\":\"ImageObject\",\"inLanguage\":\"es\",\"@id\":\"https:\/\/www.hsymachinery.com\/#\/schema\/logo\/image\/\",\"url\":\"https:\/\/www.hsymachinery.com\/wp-content\/uploads\/2025\/06\/cropped-HSY-machinery.png\",\"contentUrl\":\"https:\/\/www.hsymachinery.com\/wp-content\/uploads\/2025\/06\/cropped-HSY-machinery.png\",\"width\":600,\"height\":240,\"caption\":\"HSY Construction Machinery\"},\"image\":{\"@id\":\"https:\/\/www.hsymachinery.com\/#\/schema\/logo\/image\/\"}}]}<\/script>\n<!-- \/ Yoast SEO plugin. -->","yoast_head_json":{"title":"Allanadora con operador a bordo PTH-D60\/90 - HSY Maquinaria de Construcci\u00f3n","description":"La fratasadora el\u00e9ctrica con operador a pie PTH-D60\/90 ofrece un acabado de losas silencioso y sin emisiones para espacios interiores como hospitales, cocinas y s\u00f3tanos. Ecol\u00f3gica y eficiente.","robots":{"index":"index","follow":"follow","max-snippet":"max-snippet:-1","max-image-preview":"max-image-preview:large","max-video-preview":"max-video-preview:-1"},"canonical":"https:\/\/www.hsymachinery.com\/es\/product\/fratasadora-motorizada-pth-d60-90\/","og_locale":"es_ES","og_type":"article","og_title":"Walk-Behind Power Trowel PTH-D60\/90 - HSY Construction Machinery","og_description":"Walk-Behind Power Trowel PTH-D60\/90 offers quiet, emission-free slab finishing for indoor spaces like hospitals, kitchens, and basements. Eco-friendly and efficient.","og_url":"https:\/\/www.hsymachinery.com\/es\/product\/fratasadora-motorizada-pth-d60-90\/","og_site_name":"HSY Construction Machinery","article_modified_time":"2025-06-28T14:59:07+00:00","og_image":[{"width":600,"height":738,"url":"https:\/\/www.hsymachinery.com\/wp-content\/uploads\/2025\/06\/Walk-Behind-Power-Trowel-PTH-D60.jpg","type":"image\/jpeg"}],"twitter_card":"summary_large_image","twitter_misc":{"Tiempo de lectura":"2 minutos"},"schema":{"@context":"https:\/\/schema.org","@graph":[{"@type":"WebPage","@id":"https:\/\/www.hsymachinery.com\/product\/walk-behind-power-trowel-pth-d60-90\/","url":"https:\/\/www.hsymachinery.com\/product\/walk-behind-power-trowel-pth-d60-90\/","name":"Allanadora con operador a bordo PTH-D60\/90 - HSY Maquinaria de Construcci\u00f3n","isPartOf":{"@id":"https:\/\/www.hsymachinery.com\/#website"},"primaryImageOfPage":{"@id":"https:\/\/www.hsymachinery.com\/product\/walk-behind-power-trowel-pth-d60-90\/#primaryimage"},"image":{"@id":"https:\/\/www.hsymachinery.com\/product\/walk-behind-power-trowel-pth-d60-90\/#primaryimage"},"thumbnailUrl":"https:\/\/www.hsymachinery.com\/wp-content\/uploads\/2025\/06\/Walk-Behind-Power-Trowel-PTH-D60.jpg","datePublished":"2025-06-18T12:30:49+00:00","dateModified":"2025-06-28T14:59:07+00:00","description":"La fratasadora el\u00e9ctrica con operador a pie PTH-D60\/90 ofrece un acabado de losas silencioso y sin emisiones para espacios interiores como hospitales, cocinas y s\u00f3tanos. Ecol\u00f3gica y eficiente.","breadcrumb":{"@id":"https:\/\/www.hsymachinery.com\/product\/walk-behind-power-trowel-pth-d60-90\/#breadcrumb"},"inLanguage":"es","potentialAction":[{"@type":"ReadAction","target":["https:\/\/www.hsymachinery.com\/product\/walk-behind-power-trowel-pth-d60-90\/"]}]},{"@type":"ImageObject","inLanguage":"es","@id":"https:\/\/www.hsymachinery.com\/product\/walk-behind-power-trowel-pth-d60-90\/#primaryimage","url":"https:\/\/www.hsymachinery.com\/wp-content\/uploads\/2025\/06\/Walk-Behind-Power-Trowel-PTH-D60.jpg","contentUrl":"https:\/\/www.hsymachinery.com\/wp-content\/uploads\/2025\/06\/Walk-Behind-Power-Trowel-PTH-D60.jpg","width":600,"height":738},{"@type":"BreadcrumbList","@id":"https:\/\/www.hsymachinery.com\/product\/walk-behind-power-trowel-pth-d60-90\/#breadcrumb","itemListElement":[{"@type":"ListItem","position":1,"name":"home","item":"https:\/\/www.hsymachinery.com\/"},{"@type":"ListItem","position":2,"name":"products","item":"https:\/\/www.hsymachinery.com\/products\/"},{"@type":"ListItem","position":3,"name":"Walk-Behind Power Trowel PTH-D60\/90"}]},{"@type":"WebSite","@id":"https:\/\/www.hsymachinery.com\/#website","url":"https:\/\/www.hsymachinery.com\/","name":"Maquinaria de construcci\u00f3n HSY","description":"HSY Machinery - Un proveedor l\u00edder de maquinaria de construcci\u00f3n en China, que ofrece una amplia gama de equipos de construcci\u00f3n ligera. Nuestros productos principales incluyen m\u00e1quina cortadora de varilla, m\u00e1quina dobladora de varilla, m\u00e1quina dobladora de estribo de varilla, m\u00e1quina dobladora de arco de varilla, m\u00e1quina enderezadora de varilla, m\u00e1quina dobladora de estribo de varilla de cinco cabezas, apisonador, compactador de placa, cortadora de concreto, allanadora mec\u00e1nica, y otra maquinaria de construcci\u00f3n. Estamos equipados con m\u00e1quinas CNC avanzadas, y aplicamos estrictas normas de inspecci\u00f3n de calidad, junto con un completo servicio post-venta. Si usted est\u00e1 interesado en nuestros productos o servicios, damos la bienvenida a sus consultas a trav\u00e9s de mensaje.","publisher":{"@id":"https:\/\/www.hsymachinery.com\/#organization"},"potentialAction":[{"@type":"SearchAction","target":{"@type":"EntryPoint","urlTemplate":"https:\/\/www.hsymachinery.com\/?s={search_term_string}"},"query-input":{"@type":"PropertyValueSpecification","valueRequired":true,"valueName":"search_term_string"}}],"inLanguage":"es"},{"@type":"Organization","@id":"https:\/\/www.hsymachinery.com\/#organization","name":"Maquinaria de construcci\u00f3n HSY","url":"https:\/\/www.hsymachinery.com\/","logo":{"@type":"ImageObject","inLanguage":"es","@id":"https:\/\/www.hsymachinery.com\/#\/schema\/logo\/image\/","url":"https:\/\/www.hsymachinery.com\/wp-content\/uploads\/2025\/06\/cropped-HSY-machinery.png","contentUrl":"https:\/\/www.hsymachinery.com\/wp-content\/uploads\/2025\/06\/cropped-HSY-machinery.png","width":600,"height":240,"caption":"HSY Construction Machinery"},"image":{"@id":"https:\/\/www.hsymachinery.com\/#\/schema\/logo\/image\/"}}]}},"_links":{"self":[{"href":"https:\/\/www.hsymachinery.com\/es\/wp-json\/wp\/v2\/product\/9199","targetHints":{"allow":["GET"]}}],"collection":[{"href":"https:\/\/www.hsymachinery.com\/es\/wp-json\/wp\/v2\/product"}],"about":[{"href":"https:\/\/www.hsymachinery.com\/es\/wp-json\/wp\/v2\/types\/product"}],"version-history":[{"count":3,"href":"https:\/\/www.hsymachinery.com\/es\/wp-json\/wp\/v2\/product\/9199\/revisions"}],"predecessor-version":[{"id":9598,"href":"https:\/\/www.hsymachinery.com\/es\/wp-json\/wp\/v2\/product\/9199\/revisions\/9598"}],"wp:featuredmedia":[{"embeddable":true,"href":"https:\/\/www.hsymachinery.com\/es\/wp-json\/wp\/v2\/media\/9200"}],"wp:attachment":[{"href":"https:\/\/www.hsymachinery.com\/es\/wp-json\/wp\/v2\/media?parent=9199"}],"wp:term":[{"taxonomy":"product_brand","embeddable":true,"href":"https:\/\/www.hsymachinery.com\/es\/wp-json\/wp\/v2\/product_brand?post=9199"},{"taxonomy":"product_cat","embeddable":true,"href":"https:\/\/www.hsymachinery.com\/es\/wp-json\/wp\/v2\/product_cat?post=9199"},{"taxonomy":"product_tag","embeddable":true,"href":"https:\/\/www.hsymachinery.com\/es\/wp-json\/wp\/v2\/product_tag?post=9199"}],"curies":[{"name":"wp","href":"https:\/\/api.w.org\/{rel}","templated":true}]}}