{"id":9196,"date":"2025-06-18T20:24:46","date_gmt":"2025-06-18T12:24:46","guid":{"rendered":"https:\/\/www.hsymachinery.com\/?post_type=product&#038;p=9196"},"modified":"2025-06-28T22:45:01","modified_gmt":"2025-06-28T14:45:01","slug":"fratasadora-electrica-pth-c100a","status":"publish","type":"product","link":"https:\/\/www.hsymachinery.com\/es\/product\/fratasadora-electrica-pth-c100a\/","title":{"rendered":"Allanadora con conductor a pie PTH-C100A"},"content":{"rendered":"<h2 data-start=\"135\" data-end=\"177\">Allanadora con conductor a pie PTH-C100A<\/h2>\n<h3 data-start=\"178\" data-end=\"283\">Fratasadora diesel PTH-C100A | Rendimiento diesel mejorado para el acabado de superficies a escala industrial<\/h3>\n<h3 data-start=\"290\" data-end=\"375\">Descripci\u00f3n del producto - Alisadora diesel mejorada para grandes superficies de hormig\u00f3n<a href=\"https:\/\/www.hsymachinery.com\/es\/productos\/fratasadora-electrica-manual\/\" target=\"_blank\" rel=\"noopener\"><img fetchpriority=\"high\" decoding=\"async\" class=\"wp-image-9197 alignright\" src=\"https:\/\/www.hsymachinery.com\/wp-content\/uploads\/2025\/06\/Walk-Behind-Power-Trowel-PTH-C100A-244x300.jpg\" alt=\"\" width=\"452\" height=\"556\" srcset=\"https:\/\/www.hsymachinery.com\/wp-content\/uploads\/2025\/06\/Walk-Behind-Power-Trowel-PTH-C100A-244x300.jpg 244w, https:\/\/www.hsymachinery.com\/wp-content\/uploads\/2025\/06\/Walk-Behind-Power-Trowel-PTH-C100A.jpg 600w\" sizes=\"(max-width: 452px) 100vw, 452px\" \/><\/a><\/h3>\n<p data-start=\"377\" data-end=\"750\">En <strong data-start=\"381\" data-end=\"419\">Allanadora con conductor a pie PTH-C100A<\/strong> es un modelo mejorado con motor di\u00e9sel, dise\u00f1ado especialmente para contratistas que exigen precisi\u00f3n en el acabado y un potente motor para grandes superficies de hormig\u00f3n. Como versi\u00f3n avanzada de la PTH-C100, este modelo proporciona una mayor estabilidad operativa, una mayor eficiencia del combustible y un mayor control del acabado.<\/p>\n<p data-start=\"752\" data-end=\"1140\">Impulsada por un fiable motor di\u00e9sel, la PTH-C100A garantiza un funcionamiento suave, incluso durante largos periodos de trabajo. Con un di\u00e1metro de fratasado de 100 cm, cubre eficazmente amplias superficies, aumentando significativamente la productividad. Adem\u00e1s, su sistema de ajuste del paso de las cuchillas permite a los operarios conseguir una amplia gama de efectos de acabado, desde la flotaci\u00f3n gruesa hasta el pulido ultrasuave.<\/p>\n<p data-start=\"1142\" data-end=\"1511\">Adem\u00e1s, este modelo cuenta con una caja de engranajes fuertemente reforzada, brazos de cuchillas duraderos y un anillo de seguridad, todo ello dise\u00f1ado para maximizar la vida \u00fatil y garantizar resultados uniformes en m\u00faltiples obras. El mango ergon\u00f3mico plegable, con empu\u00f1aduras antivibraci\u00f3n, aumenta la comodidad durante el uso prolongado y facilita el almacenamiento y transporte de la m\u00e1quina.<\/p>\n<p data-start=\"1513\" data-end=\"1772\">Adem\u00e1s, la PTH-C100A destaca en entornos de trabajo con regulaci\u00f3n de combustible en los que est\u00e1 prohibido el uso de gasolina. Es una soluci\u00f3n ideal para el acabado de losas de hormig\u00f3n en plantas industriales, aparcamientos, centros log\u00edsticos y plataformas exteriores.<\/p>\n<h3 data-start=\"1779\" data-end=\"1825\">Caracter\u00edsticas principales de la fratasadora diesel PTH-C100A<\/h3>\n<ul data-start=\"1827\" data-end=\"2214\">\n<li data-start=\"1827\" data-end=\"1898\">\n<p data-start=\"1829\" data-end=\"1898\">El motor di\u00e9sel mejorado ofrece un par y una eficiencia de combustible superiores<\/p>\n<\/li>\n<li data-start=\"1899\" data-end=\"1965\">\n<p data-start=\"1901\" data-end=\"1965\">El di\u00e1metro de fratasado de 100 cm ofrece una excelente cobertura de grandes superficies<\/p>\n<\/li>\n<li data-start=\"1966\" data-end=\"2028\">\n<p data-start=\"1968\" data-end=\"2028\">F\u00e1cil control del paso de la pala compatible con diversas texturas de superficie<\/p>\n<\/li>\n<li data-start=\"2029\" data-end=\"2087\">\n<p data-start=\"2031\" data-end=\"2087\">Caja de cambios de alta resistencia y bastidor reforzado para mayor durabilidad<\/p>\n<\/li>\n<li data-start=\"2088\" data-end=\"2145\">\n<p data-start=\"2090\" data-end=\"2145\">La empu\u00f1adura ergon\u00f3mica reduce la fatiga y mejora el control<\/p>\n<\/li>\n<li data-start=\"2146\" data-end=\"2214\">\n<p data-start=\"2148\" data-end=\"2214\">Dise\u00f1ado para proyectos a escala industrial en emplazamientos preferentemente di\u00e9sel<\/p>\n<\/li>\n<\/ul>\n<h3 data-start=\"2221\" data-end=\"2304\">Aplicaciones - Ideal para almacenes industriales, terminales y losas comerciales<\/h3>\n<p data-start=\"2306\" data-end=\"2599\">Los contratistas utilizan la PTH-C100A para el acabado de superficies de hormig\u00f3n a gran escala, como f\u00e1bricas, garajes de varias naves y zonas de carga de transporte. Gracias a su fiabilidad basada en di\u00e9sel y a su robusta construcci\u00f3n, este modelo es especialmente eficaz en lugares remotos o con restricciones de combustible.<\/p>\n<p data-start=\"2601\" data-end=\"2729\">Como resultado, los usuarios disfrutan de una finalizaci\u00f3n m\u00e1s r\u00e1pida de los proyectos, una mayor vida \u00fatil de la m\u00e1quina y excelentes resultados superficiales con un mantenimiento m\u00ednimo.<\/p>\n<p><iframe title=\"fratasadora,fratasadora manual,fratasadora,hormigon 1TP5Fresadora 1TP5Fresadora 1TP5Hormig\u00f3n\" width=\"720\" height=\"405\" src=\"https:\/\/www.youtube.com\/embed\/pa6AuNhMrwI?feature=oembed\" frameborder=\"0\" allow=\"accelerometer; autoplay; clipboard-write; encrypted-media; gyroscope; picture-in-picture; web-share\" referrerpolicy=\"strict-origin-when-cross-origin\" allowfullscreen><\/iframe><\/p>","protected":false},"excerpt":{"rendered":"<p>La fratasadora diesel con conductor a pie PTH-C100A ofrece un rendimiento mejorado, una amplia cobertura y un control de acabado superior para grandes losas de hormig\u00f3n y pavimentos industriales.<\/p>","protected":false},"featured_media":9197,"template":"","meta":{"_kad_post_transparent":"default","_kad_post_title":"","_kad_post_layout":"default","_kad_post_sidebar_id":"","_kad_post_content_style":"default","_kad_post_vertical_padding":"default","_kad_post_feature":"","_kad_post_feature_position":"","_kad_post_header":false,"_kad_post_footer":false},"product_brand":[],"product_cat":[55],"product_tag":[1084,1083,1087,1081,1086,1085,1089,1088,1090,1082],"class_list":{"0":"post-9196","1":"product","2":"type-product","3":"status-publish","4":"has-post-thumbnail","6":"product_cat-walk-behind-power-trowel","7":"product_tag-cement-power-trowel","8":"product_tag-concrete-finishing-trowel","9":"product_tag-concrete-floor-finishing-machine","10":"product_tag-concrete-power-trowel","11":"product_tag-electric-walk-behind-trowel","12":"product_tag-gasoline-power-trowel","13":"product_tag-hand-operated-power-trowel","14":"product_tag-manual-power-trowel","15":"product_tag-walk-behind-concrete-finishing-machine","16":"product_tag-walk-behind-trowel-machine","18":"first","19":"instock","20":"shipping-taxable","21":"product-type-simple","22":"entry","23":"content-bg","24":"loop-entry"},"yoast_head":"<!-- This site is optimized with the Yoast SEO plugin v25.3.1 - https:\/\/yoast.com\/wordpress\/plugins\/seo\/ -->\n<title>Walk-Behind Power Trowel PTH-C100A - HSY Construction Machinery<\/title>\n<meta name=\"description\" content=\"Walk-Behind Power Trowel PTH-C100A offers enhanced engine performance and 100cm coverage for industrial slabs. Smooth, durable, and fuel-efficient.\" \/>\n<meta name=\"robots\" content=\"index, follow, max-snippet:-1, max-image-preview:large, max-video-preview:-1\" \/>\n<link rel=\"canonical\" href=\"https:\/\/www.hsymachinery.com\/es\/product\/fratasadora-electrica-pth-c100a\/\" \/>\n<meta property=\"og:locale\" content=\"es_ES\" \/>\n<meta property=\"og:type\" content=\"article\" \/>\n<meta property=\"og:title\" content=\"Walk-Behind Power Trowel PTH-C100A - HSY Construction Machinery\" \/>\n<meta property=\"og:description\" content=\"Walk-Behind Power Trowel PTH-C100A offers enhanced engine performance and 100cm coverage for industrial slabs. Smooth, durable, and fuel-efficient.\" \/>\n<meta property=\"og:url\" content=\"https:\/\/www.hsymachinery.com\/es\/product\/fratasadora-electrica-pth-c100a\/\" \/>\n<meta property=\"og:site_name\" content=\"HSY Construction Machinery\" \/>\n<meta property=\"article:modified_time\" content=\"2025-06-28T14:45:01+00:00\" \/>\n<meta property=\"og:image\" content=\"https:\/\/www.hsymachinery.com\/wp-content\/uploads\/2025\/06\/Walk-Behind-Power-Trowel-PTH-C100A.jpg\" \/>\n\t<meta property=\"og:image:width\" content=\"600\" \/>\n\t<meta property=\"og:image:height\" content=\"738\" \/>\n\t<meta property=\"og:image:type\" content=\"image\/jpeg\" \/>\n<meta name=\"twitter:card\" content=\"summary_large_image\" \/>\n<meta name=\"twitter:label1\" content=\"Tiempo de lectura\" \/>\n\t<meta name=\"twitter:data1\" content=\"2 minutos\" \/>\n<script type=\"application\/ld+json\" class=\"yoast-schema-graph\">{\"@context\":\"https:\/\/schema.org\",\"@graph\":[{\"@type\":\"WebPage\",\"@id\":\"https:\/\/www.hsymachinery.com\/product\/walk-behind-power-trowel-pth-c100a\/\",\"url\":\"https:\/\/www.hsymachinery.com\/product\/walk-behind-power-trowel-pth-c100a\/\",\"name\":\"Walk-Behind Power Trowel PTH-C100A - HSY Construction Machinery\",\"isPartOf\":{\"@id\":\"https:\/\/www.hsymachinery.com\/#website\"},\"primaryImageOfPage\":{\"@id\":\"https:\/\/www.hsymachinery.com\/product\/walk-behind-power-trowel-pth-c100a\/#primaryimage\"},\"image\":{\"@id\":\"https:\/\/www.hsymachinery.com\/product\/walk-behind-power-trowel-pth-c100a\/#primaryimage\"},\"thumbnailUrl\":\"https:\/\/www.hsymachinery.com\/wp-content\/uploads\/2025\/06\/Walk-Behind-Power-Trowel-PTH-C100A.jpg\",\"datePublished\":\"2025-06-18T12:24:46+00:00\",\"dateModified\":\"2025-06-28T14:45:01+00:00\",\"description\":\"Walk-Behind Power Trowel PTH-C100A offers enhanced engine performance and 100cm coverage for industrial slabs. Smooth, durable, and fuel-efficient.\",\"breadcrumb\":{\"@id\":\"https:\/\/www.hsymachinery.com\/product\/walk-behind-power-trowel-pth-c100a\/#breadcrumb\"},\"inLanguage\":\"es\",\"potentialAction\":[{\"@type\":\"ReadAction\",\"target\":[\"https:\/\/www.hsymachinery.com\/product\/walk-behind-power-trowel-pth-c100a\/\"]}]},{\"@type\":\"ImageObject\",\"inLanguage\":\"es\",\"@id\":\"https:\/\/www.hsymachinery.com\/product\/walk-behind-power-trowel-pth-c100a\/#primaryimage\",\"url\":\"https:\/\/www.hsymachinery.com\/wp-content\/uploads\/2025\/06\/Walk-Behind-Power-Trowel-PTH-C100A.jpg\",\"contentUrl\":\"https:\/\/www.hsymachinery.com\/wp-content\/uploads\/2025\/06\/Walk-Behind-Power-Trowel-PTH-C100A.jpg\",\"width\":600,\"height\":738},{\"@type\":\"BreadcrumbList\",\"@id\":\"https:\/\/www.hsymachinery.com\/product\/walk-behind-power-trowel-pth-c100a\/#breadcrumb\",\"itemListElement\":[{\"@type\":\"ListItem\",\"position\":1,\"name\":\"home\",\"item\":\"https:\/\/www.hsymachinery.com\/\"},{\"@type\":\"ListItem\",\"position\":2,\"name\":\"products\",\"item\":\"https:\/\/www.hsymachinery.com\/products\/\"},{\"@type\":\"ListItem\",\"position\":3,\"name\":\"Walk-Behind Power Trowel PTH-C100A\"}]},{\"@type\":\"WebSite\",\"@id\":\"https:\/\/www.hsymachinery.com\/#website\",\"url\":\"https:\/\/www.hsymachinery.com\/\",\"name\":\"HSY Construction Machinery\",\"description\":\"HSY Machinery \u2013 A leading China construction machinery supplier, offering a wide range of light construction equipment. Our main products include Rebar Cutting Machine, Rebar Bending Machine, Rebar Stirrup Bending Machine, Rebar Arc Bending Machine, Rebar Straightening Machine, Five-Head Rebar Stirrup Bending Machine, Tamping Rammer, Plate Compactor, Concrete Cutter, Power Trowel, and other construction machinery. We are equipped with advanced CNC machines, and we enforce strict quality inspection standards along with comprehensive after-sales service. If you are interested in our products or services, we warmly welcome your inquiries via message.\",\"publisher\":{\"@id\":\"https:\/\/www.hsymachinery.com\/#organization\"},\"potentialAction\":[{\"@type\":\"SearchAction\",\"target\":{\"@type\":\"EntryPoint\",\"urlTemplate\":\"https:\/\/www.hsymachinery.com\/?s={search_term_string}\"},\"query-input\":{\"@type\":\"PropertyValueSpecification\",\"valueRequired\":true,\"valueName\":\"search_term_string\"}}],\"inLanguage\":\"es\"},{\"@type\":\"Organization\",\"@id\":\"https:\/\/www.hsymachinery.com\/#organization\",\"name\":\"HSY Construction Machinery\",\"url\":\"https:\/\/www.hsymachinery.com\/\",\"logo\":{\"@type\":\"ImageObject\",\"inLanguage\":\"es\",\"@id\":\"https:\/\/www.hsymachinery.com\/#\/schema\/logo\/image\/\",\"url\":\"https:\/\/www.hsymachinery.com\/wp-content\/uploads\/2025\/06\/cropped-HSY-machinery.png\",\"contentUrl\":\"https:\/\/www.hsymachinery.com\/wp-content\/uploads\/2025\/06\/cropped-HSY-machinery.png\",\"width\":600,\"height\":240,\"caption\":\"HSY Construction Machinery\"},\"image\":{\"@id\":\"https:\/\/www.hsymachinery.com\/#\/schema\/logo\/image\/\"}}]}<\/script>\n<!-- \/ Yoast SEO plugin. -->","yoast_head_json":{"title":"Allanadora con operador a bordo PTH-C100A - HSY Maquinaria de Construcci\u00f3n","description":"La fratasadora el\u00e9ctrica con conductor a pie PTH-C100A ofrece un mayor rendimiento del motor y una cobertura de 100 cm para losas industriales. Suave, duradera y de bajo consumo de combustible.","robots":{"index":"index","follow":"follow","max-snippet":"max-snippet:-1","max-image-preview":"max-image-preview:large","max-video-preview":"max-video-preview:-1"},"canonical":"https:\/\/www.hsymachinery.com\/es\/product\/fratasadora-electrica-pth-c100a\/","og_locale":"es_ES","og_type":"article","og_title":"Walk-Behind Power Trowel PTH-C100A - HSY Construction Machinery","og_description":"Walk-Behind Power Trowel PTH-C100A offers enhanced engine performance and 100cm coverage for industrial slabs. Smooth, durable, and fuel-efficient.","og_url":"https:\/\/www.hsymachinery.com\/es\/product\/fratasadora-electrica-pth-c100a\/","og_site_name":"HSY Construction Machinery","article_modified_time":"2025-06-28T14:45:01+00:00","og_image":[{"width":600,"height":738,"url":"https:\/\/www.hsymachinery.com\/wp-content\/uploads\/2025\/06\/Walk-Behind-Power-Trowel-PTH-C100A.jpg","type":"image\/jpeg"}],"twitter_card":"summary_large_image","twitter_misc":{"Tiempo de lectura":"2 minutos"},"schema":{"@context":"https:\/\/schema.org","@graph":[{"@type":"WebPage","@id":"https:\/\/www.hsymachinery.com\/product\/walk-behind-power-trowel-pth-c100a\/","url":"https:\/\/www.hsymachinery.com\/product\/walk-behind-power-trowel-pth-c100a\/","name":"Allanadora con operador a bordo PTH-C100A - HSY Maquinaria de Construcci\u00f3n","isPartOf":{"@id":"https:\/\/www.hsymachinery.com\/#website"},"primaryImageOfPage":{"@id":"https:\/\/www.hsymachinery.com\/product\/walk-behind-power-trowel-pth-c100a\/#primaryimage"},"image":{"@id":"https:\/\/www.hsymachinery.com\/product\/walk-behind-power-trowel-pth-c100a\/#primaryimage"},"thumbnailUrl":"https:\/\/www.hsymachinery.com\/wp-content\/uploads\/2025\/06\/Walk-Behind-Power-Trowel-PTH-C100A.jpg","datePublished":"2025-06-18T12:24:46+00:00","dateModified":"2025-06-28T14:45:01+00:00","description":"La fratasadora el\u00e9ctrica con conductor a pie PTH-C100A ofrece un mayor rendimiento del motor y una cobertura de 100 cm para losas industriales. Suave, duradera y de bajo consumo de combustible.","breadcrumb":{"@id":"https:\/\/www.hsymachinery.com\/product\/walk-behind-power-trowel-pth-c100a\/#breadcrumb"},"inLanguage":"es","potentialAction":[{"@type":"ReadAction","target":["https:\/\/www.hsymachinery.com\/product\/walk-behind-power-trowel-pth-c100a\/"]}]},{"@type":"ImageObject","inLanguage":"es","@id":"https:\/\/www.hsymachinery.com\/product\/walk-behind-power-trowel-pth-c100a\/#primaryimage","url":"https:\/\/www.hsymachinery.com\/wp-content\/uploads\/2025\/06\/Walk-Behind-Power-Trowel-PTH-C100A.jpg","contentUrl":"https:\/\/www.hsymachinery.com\/wp-content\/uploads\/2025\/06\/Walk-Behind-Power-Trowel-PTH-C100A.jpg","width":600,"height":738},{"@type":"BreadcrumbList","@id":"https:\/\/www.hsymachinery.com\/product\/walk-behind-power-trowel-pth-c100a\/#breadcrumb","itemListElement":[{"@type":"ListItem","position":1,"name":"home","item":"https:\/\/www.hsymachinery.com\/"},{"@type":"ListItem","position":2,"name":"products","item":"https:\/\/www.hsymachinery.com\/products\/"},{"@type":"ListItem","position":3,"name":"Walk-Behind Power Trowel PTH-C100A"}]},{"@type":"WebSite","@id":"https:\/\/www.hsymachinery.com\/#website","url":"https:\/\/www.hsymachinery.com\/","name":"Maquinaria de construcci\u00f3n HSY","description":"HSY Machinery - Un proveedor l\u00edder de maquinaria de construcci\u00f3n en China, que ofrece una amplia gama de equipos de construcci\u00f3n ligera. Nuestros productos principales incluyen m\u00e1quina cortadora de varilla, m\u00e1quina dobladora de varilla, m\u00e1quina dobladora de estribo de varilla, m\u00e1quina dobladora de arco de varilla, m\u00e1quina enderezadora de varilla, m\u00e1quina dobladora de estribo de varilla de cinco cabezas, apisonador, compactador de placa, cortadora de concreto, allanadora mec\u00e1nica, y otra maquinaria de construcci\u00f3n. Estamos equipados con m\u00e1quinas CNC avanzadas, y aplicamos estrictas normas de inspecci\u00f3n de calidad, junto con un completo servicio post-venta. Si usted est\u00e1 interesado en nuestros productos o servicios, damos la bienvenida a sus consultas a trav\u00e9s de mensaje.","publisher":{"@id":"https:\/\/www.hsymachinery.com\/#organization"},"potentialAction":[{"@type":"SearchAction","target":{"@type":"EntryPoint","urlTemplate":"https:\/\/www.hsymachinery.com\/?s={search_term_string}"},"query-input":{"@type":"PropertyValueSpecification","valueRequired":true,"valueName":"search_term_string"}}],"inLanguage":"es"},{"@type":"Organization","@id":"https:\/\/www.hsymachinery.com\/#organization","name":"Maquinaria de construcci\u00f3n HSY","url":"https:\/\/www.hsymachinery.com\/","logo":{"@type":"ImageObject","inLanguage":"es","@id":"https:\/\/www.hsymachinery.com\/#\/schema\/logo\/image\/","url":"https:\/\/www.hsymachinery.com\/wp-content\/uploads\/2025\/06\/cropped-HSY-machinery.png","contentUrl":"https:\/\/www.hsymachinery.com\/wp-content\/uploads\/2025\/06\/cropped-HSY-machinery.png","width":600,"height":240,"caption":"HSY Construction Machinery"},"image":{"@id":"https:\/\/www.hsymachinery.com\/#\/schema\/logo\/image\/"}}]}},"_links":{"self":[{"href":"https:\/\/www.hsymachinery.com\/es\/wp-json\/wp\/v2\/product\/9196","targetHints":{"allow":["GET"]}}],"collection":[{"href":"https:\/\/www.hsymachinery.com\/es\/wp-json\/wp\/v2\/product"}],"about":[{"href":"https:\/\/www.hsymachinery.com\/es\/wp-json\/wp\/v2\/types\/product"}],"version-history":[{"count":3,"href":"https:\/\/www.hsymachinery.com\/es\/wp-json\/wp\/v2\/product\/9196\/revisions"}],"predecessor-version":[{"id":9596,"href":"https:\/\/www.hsymachinery.com\/es\/wp-json\/wp\/v2\/product\/9196\/revisions\/9596"}],"wp:featuredmedia":[{"embeddable":true,"href":"https:\/\/www.hsymachinery.com\/es\/wp-json\/wp\/v2\/media\/9197"}],"wp:attachment":[{"href":"https:\/\/www.hsymachinery.com\/es\/wp-json\/wp\/v2\/media?parent=9196"}],"wp:term":[{"taxonomy":"product_brand","embeddable":true,"href":"https:\/\/www.hsymachinery.com\/es\/wp-json\/wp\/v2\/product_brand?post=9196"},{"taxonomy":"product_cat","embeddable":true,"href":"https:\/\/www.hsymachinery.com\/es\/wp-json\/wp\/v2\/product_cat?post=9196"},{"taxonomy":"product_tag","embeddable":true,"href":"https:\/\/www.hsymachinery.com\/es\/wp-json\/wp\/v2\/product_tag?post=9196"}],"curies":[{"name":"wp","href":"https:\/\/api.w.org\/{rel}","templated":true}]}}