{"id":9193,"date":"2025-06-18T20:23:34","date_gmt":"2025-06-18T12:23:34","guid":{"rendered":"https:\/\/www.hsymachinery.com\/?post_type=product&#038;p=9193"},"modified":"2025-06-28T22:40:38","modified_gmt":"2025-06-28T14:40:38","slug":"fratasadora-electrica-pth-c100","status":"publish","type":"product","link":"https:\/\/www.hsymachinery.com\/es\/product\/fratasadora-electrica-pth-c100\/","title":{"rendered":"Fratasadora con conductor a pie PTH-C100"},"content":{"rendered":"<h2 data-start=\"165\" data-end=\"206\">Fratasadora con conductor a pie PTH-C100<\/h2>\n<h3 data-start=\"207\" data-end=\"319\">Llana de Hormig\u00f3n con Motor Diesel PTH-C100 | Herramienta de Acabado Potente y Eficiente para losas de Hormig\u00f3n Industriales<\/h3>\n<h3 data-start=\"326\" data-end=\"417\">Descripci\u00f3n del producto - Duradera fratasadora di\u00e9sel para trabajos pesados de acabado de superficies<a href=\"https:\/\/www.hsymachinery.com\/es\/productos\/fratasadora-electrica-manual\/\" target=\"_blank\" rel=\"noopener\"><img fetchpriority=\"high\" decoding=\"async\" class=\"wp-image-9194 alignright\" src=\"https:\/\/www.hsymachinery.com\/wp-content\/uploads\/2025\/06\/Walk-Behind-Power-Trowel-PTH-C100-244x300.jpg\" alt=\"\" width=\"450\" height=\"553\" srcset=\"https:\/\/www.hsymachinery.com\/wp-content\/uploads\/2025\/06\/Walk-Behind-Power-Trowel-PTH-C100-244x300.jpg 244w, https:\/\/www.hsymachinery.com\/wp-content\/uploads\/2025\/06\/Walk-Behind-Power-Trowel-PTH-C100.jpg 600w\" sizes=\"(max-width: 450px) 100vw, 450px\" \/><\/a><\/h3>\n<p data-start=\"419\" data-end=\"865\">En <strong data-start=\"423\" data-end=\"460\">Allanadora con conductor a pie PTH-C100<\/strong> es una m\u00e1quina de acabado de hormig\u00f3n con motor diesel dise\u00f1ada para aplicaciones industriales a gran escala. Ofrece una soluci\u00f3n ideal cuando el uso de gasolina est\u00e1 restringido, a la vez que proporciona una potencia fuerte y constante para obtener resultados profesionales. Gracias a su fiable motor di\u00e9sel, la PTH-C100 funciona con una excelente eficiencia de combustible, lo que la hace rentable y fiable para el uso diario.<\/p>\n<p data-start=\"867\" data-end=\"1288\">Con un amplio di\u00e1metro de fratasado de 100 cm, esta m\u00e1quina cubre m\u00e1s superficie en cada pasada, aumentando significativamente la eficiencia del trabajo. Adem\u00e1s, su sistema de control del paso de las cuchillas permite realizar ajustes sencillos, lo que permite tanto el fratasado basto como el pulido fino en diversas superficies de hormig\u00f3n. Los contratistas pueden cambiar los \u00e1ngulos de las cuchillas sin problemas durante el trabajo, lo que ayuda a mantener la uniformidad del acabado en grandes losas.<\/p>\n<p data-start=\"1290\" data-end=\"1568\">Adem\u00e1s, la caja de engranajes de alta resistencia, los brazos de ara\u00f1a reforzados y el anillo protector de seguridad garantizan la durabilidad a largo plazo, incluso en las condiciones m\u00e1s duras del lugar de trabajo. La empu\u00f1adura ergon\u00f3mica no solo reduce las vibraciones, sino que tambi\u00e9n se pliega c\u00f3modamente para facilitar su transporte y almacenamiento.<\/p>\n<p data-start=\"1570\" data-end=\"1811\">Adem\u00e1s, la PTH-C100 es id\u00f3nea para zonas de construcci\u00f3n que exigen tanto potencia como flexibilidad en el tipo de combustible, especialmente en entornos con regulaci\u00f3n de combustible o en lugares remotos donde el gas\u00f3leo es m\u00e1s f\u00e1cil de conseguir que la gasolina.<\/p>\n<h3 data-start=\"1818\" data-end=\"1871\">Caracter\u00edsticas principales de la fratasadora el\u00e9ctrica para hormig\u00f3n PTH-C100<\/h3>\n<ul data-start=\"1873\" data-end=\"2262\">\n<li data-start=\"1873\" data-end=\"1948\">\n<p data-start=\"1875\" data-end=\"1948\">El motor di\u00e9sel proporciona un par estable y un funcionamiento duradero<\/p>\n<\/li>\n<li data-start=\"1949\" data-end=\"2003\">\n<p data-start=\"1951\" data-end=\"2003\">El di\u00e1metro de la llana de 100 cm permite una cobertura m\u00e1s r\u00e1pida de la losa<\/p>\n<\/li>\n<li data-start=\"2004\" data-end=\"2062\">\n<p data-start=\"2006\" data-end=\"2062\">Paso de cuchilla ajustable para una suavidad de superficie variable<\/p>\n<\/li>\n<li data-start=\"2063\" data-end=\"2123\">\n<p data-start=\"2065\" data-end=\"2123\">Construcci\u00f3n duradera con caja de engranajes y brazos de alta resistencia<\/p>\n<\/li>\n<li data-start=\"2124\" data-end=\"2196\">\n<p data-start=\"2126\" data-end=\"2196\">Empu\u00f1adura plegable con dise\u00f1o antivibraciones para mayor comodidad del operario<\/p>\n<\/li>\n<li data-start=\"2197\" data-end=\"2262\">\n<p data-start=\"2199\" data-end=\"2262\">Ideal para grandes superficies de hormig\u00f3n en obras con regulaci\u00f3n de combustible<\/p>\n<\/li>\n<\/ul>\n<h3 data-start=\"2269\" data-end=\"2356\">Aplicaciones - Adecuado para f\u00e1bricas, almacenes, cubiertas de aparcamientos y losas exteriores<\/h3>\n<p data-start=\"2358\" data-end=\"2665\">La PTH-C100 es la soluci\u00f3n perfecta para el acabado de grandes losas en naves industriales, terminales de transporte y plataformas comerciales abiertas. Gracias a su cadena cinem\u00e1tica di\u00e9sel, ofrece un rendimiento fiable en regiones donde el acceso a la gasolina es limitado o las normas de seguridad favorecen los equipos di\u00e9sel.<\/p>\n<p data-start=\"2667\" data-end=\"2854\">Gracias a su combinaci\u00f3n de alta potencia, bajo consumo de combustible y robusta ingenier\u00eda, la PTH-C100 es la mejor elecci\u00f3n para los profesionales que buscan velocidad y perfecci\u00f3n en las superficies.<\/p>\n<p><iframe title=\"fratasadora,fratasadora manual,fratasadora,hormigon 1TP5Fresadora 1TP5Fresadora 1TP5Hormig\u00f3n\" width=\"720\" height=\"405\" src=\"https:\/\/www.youtube.com\/embed\/pa6AuNhMrwI?feature=oembed\" frameborder=\"0\" allow=\"accelerometer; autoplay; clipboard-write; encrypted-media; gyroscope; picture-in-picture; web-share\" referrerpolicy=\"strict-origin-when-cross-origin\" allowfullscreen><\/iframe><\/p>","protected":false},"excerpt":{"rendered":"<p>La fratasadora di\u00e9sel PTH-C100 ofrece una cobertura de 100 cm de ancho, eficiencia de combustible y construcci\u00f3n robusta para el acabado de grandes losas de hormig\u00f3n en entornos de trabajo exigentes.<\/p>","protected":false},"featured_media":9194,"template":"","meta":{"_kad_post_transparent":"default","_kad_post_title":"","_kad_post_layout":"default","_kad_post_sidebar_id":"","_kad_post_content_style":"default","_kad_post_vertical_padding":"default","_kad_post_feature":"","_kad_post_feature_position":"","_kad_post_header":false,"_kad_post_footer":false},"product_brand":[],"product_cat":[55],"product_tag":[1084,1083,1087,1081,1086,1085,1089,1088,1090,1082],"class_list":{"0":"post-9193","1":"product","2":"type-product","3":"status-publish","4":"has-post-thumbnail","6":"product_cat-walk-behind-power-trowel","7":"product_tag-cement-power-trowel","8":"product_tag-concrete-finishing-trowel","9":"product_tag-concrete-floor-finishing-machine","10":"product_tag-concrete-power-trowel","11":"product_tag-electric-walk-behind-trowel","12":"product_tag-gasoline-power-trowel","13":"product_tag-hand-operated-power-trowel","14":"product_tag-manual-power-trowel","15":"product_tag-walk-behind-concrete-finishing-machine","16":"product_tag-walk-behind-trowel-machine","18":"first","19":"instock","20":"shipping-taxable","21":"product-type-simple","22":"entry","23":"content-bg","24":"loop-entry"},"yoast_head":"<!-- This site is optimized with the Yoast SEO plugin v25.3.1 - https:\/\/yoast.com\/wordpress\/plugins\/seo\/ -->\n<title>Walk-Behind Power Trowel PTH-C100 - HSY Construction Machinery<\/title>\n<meta name=\"description\" content=\"PTH-C100 Walk-Behind Power Trowel with 100cm coverage ensures smooth surface finishing for industrial concrete slabs. Durable, efficient, and ideal for fuel-restricted sites.\" \/>\n<meta name=\"robots\" content=\"index, follow, max-snippet:-1, max-image-preview:large, max-video-preview:-1\" \/>\n<link rel=\"canonical\" href=\"https:\/\/www.hsymachinery.com\/es\/product\/fratasadora-electrica-pth-c100\/\" \/>\n<meta property=\"og:locale\" content=\"es_ES\" \/>\n<meta property=\"og:type\" content=\"article\" \/>\n<meta property=\"og:title\" content=\"Walk-Behind Power Trowel PTH-C100 - HSY Construction Machinery\" \/>\n<meta property=\"og:description\" content=\"PTH-C100 Walk-Behind Power Trowel with 100cm coverage ensures smooth surface finishing for industrial concrete slabs. Durable, efficient, and ideal for fuel-restricted sites.\" \/>\n<meta property=\"og:url\" content=\"https:\/\/www.hsymachinery.com\/es\/product\/fratasadora-electrica-pth-c100\/\" \/>\n<meta property=\"og:site_name\" content=\"HSY Construction Machinery\" \/>\n<meta property=\"article:modified_time\" content=\"2025-06-28T14:40:38+00:00\" \/>\n<meta property=\"og:image\" content=\"https:\/\/www.hsymachinery.com\/wp-content\/uploads\/2025\/06\/Walk-Behind-Power-Trowel-PTH-C100.jpg\" \/>\n\t<meta property=\"og:image:width\" content=\"600\" \/>\n\t<meta property=\"og:image:height\" content=\"738\" \/>\n\t<meta property=\"og:image:type\" content=\"image\/jpeg\" \/>\n<meta name=\"twitter:card\" content=\"summary_large_image\" \/>\n<meta name=\"twitter:label1\" content=\"Tiempo de lectura\" \/>\n\t<meta name=\"twitter:data1\" content=\"2 minutos\" \/>\n<script type=\"application\/ld+json\" class=\"yoast-schema-graph\">{\"@context\":\"https:\/\/schema.org\",\"@graph\":[{\"@type\":\"WebPage\",\"@id\":\"https:\/\/www.hsymachinery.com\/product\/walk-behind-power-trowel-pth-c100\/\",\"url\":\"https:\/\/www.hsymachinery.com\/product\/walk-behind-power-trowel-pth-c100\/\",\"name\":\"Walk-Behind Power Trowel PTH-C100 - HSY Construction Machinery\",\"isPartOf\":{\"@id\":\"https:\/\/www.hsymachinery.com\/#website\"},\"primaryImageOfPage\":{\"@id\":\"https:\/\/www.hsymachinery.com\/product\/walk-behind-power-trowel-pth-c100\/#primaryimage\"},\"image\":{\"@id\":\"https:\/\/www.hsymachinery.com\/product\/walk-behind-power-trowel-pth-c100\/#primaryimage\"},\"thumbnailUrl\":\"https:\/\/www.hsymachinery.com\/wp-content\/uploads\/2025\/06\/Walk-Behind-Power-Trowel-PTH-C100.jpg\",\"datePublished\":\"2025-06-18T12:23:34+00:00\",\"dateModified\":\"2025-06-28T14:40:38+00:00\",\"description\":\"PTH-C100 Walk-Behind Power Trowel with 100cm coverage ensures smooth surface finishing for industrial concrete slabs. Durable, efficient, and ideal for fuel-restricted sites.\",\"breadcrumb\":{\"@id\":\"https:\/\/www.hsymachinery.com\/product\/walk-behind-power-trowel-pth-c100\/#breadcrumb\"},\"inLanguage\":\"es\",\"potentialAction\":[{\"@type\":\"ReadAction\",\"target\":[\"https:\/\/www.hsymachinery.com\/product\/walk-behind-power-trowel-pth-c100\/\"]}]},{\"@type\":\"ImageObject\",\"inLanguage\":\"es\",\"@id\":\"https:\/\/www.hsymachinery.com\/product\/walk-behind-power-trowel-pth-c100\/#primaryimage\",\"url\":\"https:\/\/www.hsymachinery.com\/wp-content\/uploads\/2025\/06\/Walk-Behind-Power-Trowel-PTH-C100.jpg\",\"contentUrl\":\"https:\/\/www.hsymachinery.com\/wp-content\/uploads\/2025\/06\/Walk-Behind-Power-Trowel-PTH-C100.jpg\",\"width\":600,\"height\":738},{\"@type\":\"BreadcrumbList\",\"@id\":\"https:\/\/www.hsymachinery.com\/product\/walk-behind-power-trowel-pth-c100\/#breadcrumb\",\"itemListElement\":[{\"@type\":\"ListItem\",\"position\":1,\"name\":\"home\",\"item\":\"https:\/\/www.hsymachinery.com\/\"},{\"@type\":\"ListItem\",\"position\":2,\"name\":\"products\",\"item\":\"https:\/\/www.hsymachinery.com\/products\/\"},{\"@type\":\"ListItem\",\"position\":3,\"name\":\"Walk-Behind Power Trowel PTH-C100\"}]},{\"@type\":\"WebSite\",\"@id\":\"https:\/\/www.hsymachinery.com\/#website\",\"url\":\"https:\/\/www.hsymachinery.com\/\",\"name\":\"HSY Construction Machinery\",\"description\":\"HSY Machinery \u2013 A leading China construction machinery supplier, offering a wide range of light construction equipment. Our main products include Rebar Cutting Machine, Rebar Bending Machine, Rebar Stirrup Bending Machine, Rebar Arc Bending Machine, Rebar Straightening Machine, Five-Head Rebar Stirrup Bending Machine, Tamping Rammer, Plate Compactor, Concrete Cutter, Power Trowel, and other construction machinery. We are equipped with advanced CNC machines, and we enforce strict quality inspection standards along with comprehensive after-sales service. If you are interested in our products or services, we warmly welcome your inquiries via message.\",\"publisher\":{\"@id\":\"https:\/\/www.hsymachinery.com\/#organization\"},\"potentialAction\":[{\"@type\":\"SearchAction\",\"target\":{\"@type\":\"EntryPoint\",\"urlTemplate\":\"https:\/\/www.hsymachinery.com\/?s={search_term_string}\"},\"query-input\":{\"@type\":\"PropertyValueSpecification\",\"valueRequired\":true,\"valueName\":\"search_term_string\"}}],\"inLanguage\":\"es\"},{\"@type\":\"Organization\",\"@id\":\"https:\/\/www.hsymachinery.com\/#organization\",\"name\":\"HSY Construction Machinery\",\"url\":\"https:\/\/www.hsymachinery.com\/\",\"logo\":{\"@type\":\"ImageObject\",\"inLanguage\":\"es\",\"@id\":\"https:\/\/www.hsymachinery.com\/#\/schema\/logo\/image\/\",\"url\":\"https:\/\/www.hsymachinery.com\/wp-content\/uploads\/2025\/06\/cropped-HSY-machinery.png\",\"contentUrl\":\"https:\/\/www.hsymachinery.com\/wp-content\/uploads\/2025\/06\/cropped-HSY-machinery.png\",\"width\":600,\"height\":240,\"caption\":\"HSY Construction Machinery\"},\"image\":{\"@id\":\"https:\/\/www.hsymachinery.com\/#\/schema\/logo\/image\/\"}}]}<\/script>\n<!-- \/ Yoast SEO plugin. -->","yoast_head_json":{"title":"Allanadora con operador a bordo PTH-C100 - HSY Maquinaria de Construcci\u00f3n","description":"La fratasadora el\u00e9ctrica con conductor a pie PTH-C100, con una cobertura de 100 cm, garantiza un acabado suave de la superficie de las losas de hormig\u00f3n industriales. Duradera, eficiente e ideal para obras con restricciones de combustible.","robots":{"index":"index","follow":"follow","max-snippet":"max-snippet:-1","max-image-preview":"max-image-preview:large","max-video-preview":"max-video-preview:-1"},"canonical":"https:\/\/www.hsymachinery.com\/es\/product\/fratasadora-electrica-pth-c100\/","og_locale":"es_ES","og_type":"article","og_title":"Walk-Behind Power Trowel PTH-C100 - HSY Construction Machinery","og_description":"PTH-C100 Walk-Behind Power Trowel with 100cm coverage ensures smooth surface finishing for industrial concrete slabs. Durable, efficient, and ideal for fuel-restricted sites.","og_url":"https:\/\/www.hsymachinery.com\/es\/product\/fratasadora-electrica-pth-c100\/","og_site_name":"HSY Construction Machinery","article_modified_time":"2025-06-28T14:40:38+00:00","og_image":[{"width":600,"height":738,"url":"https:\/\/www.hsymachinery.com\/wp-content\/uploads\/2025\/06\/Walk-Behind-Power-Trowel-PTH-C100.jpg","type":"image\/jpeg"}],"twitter_card":"summary_large_image","twitter_misc":{"Tiempo de lectura":"2 minutos"},"schema":{"@context":"https:\/\/schema.org","@graph":[{"@type":"WebPage","@id":"https:\/\/www.hsymachinery.com\/product\/walk-behind-power-trowel-pth-c100\/","url":"https:\/\/www.hsymachinery.com\/product\/walk-behind-power-trowel-pth-c100\/","name":"Allanadora con operador a bordo PTH-C100 - HSY Maquinaria de Construcci\u00f3n","isPartOf":{"@id":"https:\/\/www.hsymachinery.com\/#website"},"primaryImageOfPage":{"@id":"https:\/\/www.hsymachinery.com\/product\/walk-behind-power-trowel-pth-c100\/#primaryimage"},"image":{"@id":"https:\/\/www.hsymachinery.com\/product\/walk-behind-power-trowel-pth-c100\/#primaryimage"},"thumbnailUrl":"https:\/\/www.hsymachinery.com\/wp-content\/uploads\/2025\/06\/Walk-Behind-Power-Trowel-PTH-C100.jpg","datePublished":"2025-06-18T12:23:34+00:00","dateModified":"2025-06-28T14:40:38+00:00","description":"La fratasadora el\u00e9ctrica con conductor a pie PTH-C100, con una cobertura de 100 cm, garantiza un acabado suave de la superficie de las losas de hormig\u00f3n industriales. Duradera, eficiente e ideal para obras con restricciones de combustible.","breadcrumb":{"@id":"https:\/\/www.hsymachinery.com\/product\/walk-behind-power-trowel-pth-c100\/#breadcrumb"},"inLanguage":"es","potentialAction":[{"@type":"ReadAction","target":["https:\/\/www.hsymachinery.com\/product\/walk-behind-power-trowel-pth-c100\/"]}]},{"@type":"ImageObject","inLanguage":"es","@id":"https:\/\/www.hsymachinery.com\/product\/walk-behind-power-trowel-pth-c100\/#primaryimage","url":"https:\/\/www.hsymachinery.com\/wp-content\/uploads\/2025\/06\/Walk-Behind-Power-Trowel-PTH-C100.jpg","contentUrl":"https:\/\/www.hsymachinery.com\/wp-content\/uploads\/2025\/06\/Walk-Behind-Power-Trowel-PTH-C100.jpg","width":600,"height":738},{"@type":"BreadcrumbList","@id":"https:\/\/www.hsymachinery.com\/product\/walk-behind-power-trowel-pth-c100\/#breadcrumb","itemListElement":[{"@type":"ListItem","position":1,"name":"home","item":"https:\/\/www.hsymachinery.com\/"},{"@type":"ListItem","position":2,"name":"products","item":"https:\/\/www.hsymachinery.com\/products\/"},{"@type":"ListItem","position":3,"name":"Walk-Behind Power Trowel PTH-C100"}]},{"@type":"WebSite","@id":"https:\/\/www.hsymachinery.com\/#website","url":"https:\/\/www.hsymachinery.com\/","name":"Maquinaria de construcci\u00f3n HSY","description":"HSY Machinery - Un proveedor l\u00edder de maquinaria de construcci\u00f3n en China, que ofrece una amplia gama de equipos de construcci\u00f3n ligera. Nuestros productos principales incluyen m\u00e1quina cortadora de varilla, m\u00e1quina dobladora de varilla, m\u00e1quina dobladora de estribo de varilla, m\u00e1quina dobladora de arco de varilla, m\u00e1quina enderezadora de varilla, m\u00e1quina dobladora de estribo de varilla de cinco cabezas, apisonador, compactador de placa, cortadora de concreto, allanadora mec\u00e1nica, y otra maquinaria de construcci\u00f3n. Estamos equipados con m\u00e1quinas CNC avanzadas, y aplicamos estrictas normas de inspecci\u00f3n de calidad, junto con un completo servicio post-venta. Si usted est\u00e1 interesado en nuestros productos o servicios, damos la bienvenida a sus consultas a trav\u00e9s de mensaje.","publisher":{"@id":"https:\/\/www.hsymachinery.com\/#organization"},"potentialAction":[{"@type":"SearchAction","target":{"@type":"EntryPoint","urlTemplate":"https:\/\/www.hsymachinery.com\/?s={search_term_string}"},"query-input":{"@type":"PropertyValueSpecification","valueRequired":true,"valueName":"search_term_string"}}],"inLanguage":"es"},{"@type":"Organization","@id":"https:\/\/www.hsymachinery.com\/#organization","name":"Maquinaria de construcci\u00f3n HSY","url":"https:\/\/www.hsymachinery.com\/","logo":{"@type":"ImageObject","inLanguage":"es","@id":"https:\/\/www.hsymachinery.com\/#\/schema\/logo\/image\/","url":"https:\/\/www.hsymachinery.com\/wp-content\/uploads\/2025\/06\/cropped-HSY-machinery.png","contentUrl":"https:\/\/www.hsymachinery.com\/wp-content\/uploads\/2025\/06\/cropped-HSY-machinery.png","width":600,"height":240,"caption":"HSY Construction Machinery"},"image":{"@id":"https:\/\/www.hsymachinery.com\/#\/schema\/logo\/image\/"}}]}},"_links":{"self":[{"href":"https:\/\/www.hsymachinery.com\/es\/wp-json\/wp\/v2\/product\/9193","targetHints":{"allow":["GET"]}}],"collection":[{"href":"https:\/\/www.hsymachinery.com\/es\/wp-json\/wp\/v2\/product"}],"about":[{"href":"https:\/\/www.hsymachinery.com\/es\/wp-json\/wp\/v2\/types\/product"}],"version-history":[{"count":3,"href":"https:\/\/www.hsymachinery.com\/es\/wp-json\/wp\/v2\/product\/9193\/revisions"}],"predecessor-version":[{"id":9594,"href":"https:\/\/www.hsymachinery.com\/es\/wp-json\/wp\/v2\/product\/9193\/revisions\/9594"}],"wp:featuredmedia":[{"embeddable":true,"href":"https:\/\/www.hsymachinery.com\/es\/wp-json\/wp\/v2\/media\/9194"}],"wp:attachment":[{"href":"https:\/\/www.hsymachinery.com\/es\/wp-json\/wp\/v2\/media?parent=9193"}],"wp:term":[{"taxonomy":"product_brand","embeddable":true,"href":"https:\/\/www.hsymachinery.com\/es\/wp-json\/wp\/v2\/product_brand?post=9193"},{"taxonomy":"product_cat","embeddable":true,"href":"https:\/\/www.hsymachinery.com\/es\/wp-json\/wp\/v2\/product_cat?post=9193"},{"taxonomy":"product_tag","embeddable":true,"href":"https:\/\/www.hsymachinery.com\/es\/wp-json\/wp\/v2\/product_tag?post=9193"}],"curies":[{"name":"wp","href":"https:\/\/api.w.org\/{rel}","templated":true}]}}